{"id":9609,"date":"2015-07-17T10:05:26","date_gmt":"2015-07-17T08:05:26","guid":{"rendered":"http:\/\/www.friseur-hopmann.de\/?post_type=product&#038;p=9609"},"modified":"2026-03-08T08:34:35","modified_gmt":"2026-03-08T06:34:35","slug":"chronologiste-bain-chronologiste-luxus-pflegeshampoo-250-ml","status":"publish","type":"product","link":"https:\/\/www.friseur-hopmann.de\/?product=chronologiste-bain-chronologiste-luxus-pflegeshampoo-250-ml","title":{"rendered":"K\u00c9RASTASE CHRONOLOGISTE BAIN CHRONOLOGISTE (Luxus-Pflege-Shampoo) 250 ml"},"content":{"rendered":"<h3>Produktbeschreibung:<\/h3>\n<p>Kerastase Chronologiste Le Bain Revitalisant<\/p>\n<p>Kerastase Chronologiste Le Bain Revitalisant ist ein revitalisierendes Haarbad f\u00fcr eine sanfte Reinigung von Kopfhaut und Haar.<\/p>\n<p>Reinigt die Kopfhaut und spendet Feuchtigkeit.<\/p>\n<h3>Anwendung:<\/h3>\n<p>Auf feuchtem Haar anwenden, am Haaransatz beginnen und von dort in die L\u00e4ngen verteilen. Emulsion erzeugen, einmassieren und auswaschen.<\/p>\n<h3>Techniologie:<\/h3>\n<p>Kerastase Chronologiste Le Bain Revitalisant ist mit Abyssine angereichert und beruhigt die Haaroberfl\u00e4che und st\u00e4rkt die Haarfaser. Folge dessen ist tolle Geschmeidigkeit und Glanz.<\/p>\n<h3>Inhaltsstoffe:<\/h3>\n<p>Abyssine + Ol\u00e9o-Komplex<\/p>\n<h3>Zielgruppe:<\/h3>\n<p>&#8222;F\u00fcr alle Haartypen&#8220;<\/p>\n<p><strong>Inhalt:<\/strong>250 ml<\/p>\n<h3>Erg\u00e4nzungsprodukte:<\/h3>\n<p>CHRONOLOGISTE SOIN GOMMAGE R\u00c9NOVATEUR (intensiv Haarpfegeshampoo)<\/p>\n<p>CHRONOLOGISTE HUILE (parf\u00fcmiertes Haaroel)<\/p>\n<p>CHRONOLOGISTE MASQUE (Haarpflegemaske)<\/p>\n<h3>\u00dcber Kerastase Chronoligiste<\/h3>\n<p>Chronologiste ist eine komplett neue Produktfamilie: Sie enth\u00e4lt sowohl neue Formeln, als auch neue Produkte (Routine f\u00fcr zu Hause). Inspiriert von den weltweit luxuri\u00f6sesten SPAs und Beauty Salons, ist Chronologiste die luxuri\u00f6seste Produktfamilie die es je bei Kerastase gab. Sie bietet eine ganzheitliche Regeneration von Kopfhaut und Haar. Au\u00dferdem enth\u00e4lt Chronologiste die h\u00f6chste Konzentration an Inhaltsstoffen die man bisher bei Kerastase gesehen hat. Die Anwendung von Chronologiste wurde f\u00fcr anspruchsvolle Frauen konzipiert, welche sich gern in Beauty Instituten und SPAs verw\u00f6hnen lassen und sehr auf ihr \u00c4u\u00dferes achten. Dabei steht bestes Qualit\u00e4t und h\u00f6chste Sinnlichkeit im Mittelpunkt.<br \/>\nDie Chronologiste Technologie<\/p>\n<p>Das Polysaccharid Abyssine ist die gr\u00f6\u00dfte technologische Innovation \u2013 das Herzst\u00fcck der Inhaltsstoffe bei Chronologiste. Abyssine, ein Zucker, der f\u00fcr seine heilende und regenerierende Wirkung bekannt ist. Abyssine, wird von Mikroorganismen produziert. Diese Organismen wurden in den Tiefen des Pazifischen Ozeans entdeckt. Kerastase hat diese Molek\u00fcle eingefangen und in die luxuri\u00f6seste Produktfamilie eingef\u00fcgt, um eine einzigartige Behandlung f\u00fcr eine vollkommende Regeneration der Kopfhaut zu geben.<\/p>\n<h3>Die Chronologiste Wirkstoffe:<\/h3>\n<p>Bisabolol (Kopfhaut beruhigend), Gluco-Lipide (Wachstums- und Qualit\u00e4tsbooster der Haarfaser), Vitamin A &amp; E (Farb- und UV-Schutz), Trio aus Ceraminden (reparieren und st\u00e4rken die Haarfaser) und Oleo-Komplex (f\u00fcr eine tiefgehende Pflege, Glanz und Geschmeidigkeit).<\/p>\n","protected":false},"excerpt":{"rendered":"<p>Kerastase Chronologiste Le Bain Revitalisant ist ein revitalisierendes Haarbad f\u00fcr eine sanfte<\/p>\n<p>Reinigt die Kopfhaut und das Haar sehr mild und spendet Feuchtigkeit.<\/p>\n<p><strong>exklusiv Luxuspflegeshampoo<\/strong><\/p>\n","protected":false},"featured_media":13746,"comment_status":"open","ping_status":"closed","template":"","meta":{"_exactmetrics_skip_tracking":false,"_exactmetrics_sitenote_active":false,"_exactmetrics_sitenote_note":"","_exactmetrics_sitenote_category":0,"_monsterinsights_skip_tracking":false,"_monsterinsights_sitenote_active":false,"_monsterinsights_sitenote_note":"","_monsterinsights_sitenote_category":0},"pwb-brand":[],"product_brand":[615],"product_cat":[514,491,544,548],"product_tag":[712,788,869,746],"class_list":{"0":"post-9609","1":"product","2":"type-product","3":"status-publish","4":"has-post-thumbnail","6":"product_brand-kerastase-2","7":"product_cat-chronologiste","8":"product_cat-kerastase","9":"product_cat-kerastase-haarpflege","10":"product_cat-kerastase-shampoo","11":"product_tag-haarpflege","12":"product_tag-intensiv-pflegendes-shampoo","13":"product_tag-luxusshampoo","14":"product_tag-milde-haarwaesche","15":"pa_inhalt-622","17":"first","18":"instock","19":"taxable","20":"shipping-taxable","21":"purchasable","22":"product-type-simple"},"yoast_head":"<!-- This site is optimized with the Yoast SEO plugin v24.6 - https:\/\/yoast.com\/wordpress\/plugins\/seo\/ -->\n<title>CHRONOLOGISTE BAIN CHRONOLOGISTE (Luxus- PflegeShampoo) 250 ml<\/title>\n<meta name=\"robots\" content=\"index, follow, max-snippet:-1, max-image-preview:large, max-video-preview:-1\" \/>\n<link rel=\"canonical\" href=\"https:\/\/www.friseur-hopmann.de\/?product=chronologiste-bain-chronologiste-luxus-pflegeshampoo-250-ml\" \/>\n<meta property=\"og:locale\" content=\"de_DE\" \/>\n<meta property=\"og:type\" content=\"article\" \/>\n<meta property=\"og:title\" content=\"CHRONOLOGISTE BAIN CHRONOLOGISTE (Luxus- PflegeShampoo) 250 ml\" \/>\n<meta property=\"og:description\" content=\"Kerastase Chronologiste Le Bain Revitalisant ist ein revitalisierendes Haarbad f\u00fcr eine sanfte  Reinigt die Kopfhaut und das Haar sehr mild und spendet Feuchtigkeit.  exklusiv Luxuspflegeshampoo\" \/>\n<meta property=\"og:url\" content=\"https:\/\/www.friseur-hopmann.de\/?product=chronologiste-bain-chronologiste-luxus-pflegeshampoo-250-ml\" \/>\n<meta property=\"og:site_name\" content=\"Friseur Hopmann Hairstyling\" \/>\n<meta property=\"article:modified_time\" content=\"2026-03-08T06:34:35+00:00\" \/>\n<meta property=\"og:image\" content=\"http:\/\/www.friseur-hopmann.de\/wp-content\/uploads\/2015\/07\/Bain-ChronologisteNeu250ml.jpg\" \/>\n\t<meta property=\"og:image:width\" content=\"183\" \/>\n\t<meta property=\"og:image:height\" content=\"183\" \/>\n\t<meta property=\"og:image:type\" content=\"image\/jpeg\" \/>\n<meta name=\"twitter:card\" content=\"summary_large_image\" \/>\n<meta name=\"twitter:label1\" content=\"Gesch\u00e4tzte Lesezeit\" \/>\n\t<meta name=\"twitter:data1\" content=\"2\u00a0Minuten\" \/>\n<script type=\"application\/ld+json\" class=\"yoast-schema-graph\">{\"@context\":\"https:\/\/schema.org\",\"@graph\":[{\"@type\":\"WebPage\",\"@id\":\"https:\/\/www.friseur-hopmann.de\/?product=chronologiste-bain-chronologiste-luxus-pflegeshampoo-250-ml\",\"url\":\"https:\/\/www.friseur-hopmann.de\/?product=chronologiste-bain-chronologiste-luxus-pflegeshampoo-250-ml\",\"name\":\"CHRONOLOGISTE BAIN CHRONOLOGISTE (Luxus- PflegeShampoo) 250 ml\",\"isPartOf\":{\"@id\":\"https:\/\/www.friseur-hopmann.de\/#website\"},\"primaryImageOfPage\":{\"@id\":\"https:\/\/www.friseur-hopmann.de\/?product=chronologiste-bain-chronologiste-luxus-pflegeshampoo-250-ml#primaryimage\"},\"image\":{\"@id\":\"https:\/\/www.friseur-hopmann.de\/?product=chronologiste-bain-chronologiste-luxus-pflegeshampoo-250-ml#primaryimage\"},\"thumbnailUrl\":\"https:\/\/www.friseur-hopmann.de\/wp-content\/uploads\/2015\/07\/Bain-ChronologisteNeu250ml.jpg\",\"datePublished\":\"2015-07-17T08:05:26+00:00\",\"dateModified\":\"2026-03-08T06:34:35+00:00\",\"breadcrumb\":{\"@id\":\"https:\/\/www.friseur-hopmann.de\/?product=chronologiste-bain-chronologiste-luxus-pflegeshampoo-250-ml#breadcrumb\"},\"inLanguage\":\"de\",\"potentialAction\":[{\"@type\":\"ReadAction\",\"target\":[\"https:\/\/www.friseur-hopmann.de\/?product=chronologiste-bain-chronologiste-luxus-pflegeshampoo-250-ml\"]}]},{\"@type\":\"ImageObject\",\"inLanguage\":\"de\",\"@id\":\"https:\/\/www.friseur-hopmann.de\/?product=chronologiste-bain-chronologiste-luxus-pflegeshampoo-250-ml#primaryimage\",\"url\":\"https:\/\/www.friseur-hopmann.de\/wp-content\/uploads\/2015\/07\/Bain-ChronologisteNeu250ml.jpg\",\"contentUrl\":\"https:\/\/www.friseur-hopmann.de\/wp-content\/uploads\/2015\/07\/Bain-ChronologisteNeu250ml.jpg\",\"width\":183,\"height\":183},{\"@type\":\"BreadcrumbList\",\"@id\":\"https:\/\/www.friseur-hopmann.de\/?product=chronologiste-bain-chronologiste-luxus-pflegeshampoo-250-ml#breadcrumb\",\"itemListElement\":[{\"@type\":\"ListItem\",\"position\":1,\"name\":\"Startseite\",\"item\":\"https:\/\/www.friseur-hopmann.de\/\"},{\"@type\":\"ListItem\",\"position\":2,\"name\":\"Produkte\",\"item\":\"https:\/\/www.friseur-hopmann.de\/?post_type=product\"},{\"@type\":\"ListItem\",\"position\":3,\"name\":\"K\u00c9RASTASE CHRONOLOGISTE BAIN CHRONOLOGISTE (Luxus-Pflege-Shampoo) 250 ml\"}]},{\"@type\":\"WebSite\",\"@id\":\"https:\/\/www.friseur-hopmann.de\/#website\",\"url\":\"https:\/\/www.friseur-hopmann.de\/\",\"name\":\"Friseur Hopmann Hairstyling\",\"description\":\"Ihr Friseur in Nordhorn\",\"potentialAction\":[{\"@type\":\"SearchAction\",\"target\":{\"@type\":\"EntryPoint\",\"urlTemplate\":\"https:\/\/www.friseur-hopmann.de\/?s={search_term_string}\"},\"query-input\":{\"@type\":\"PropertyValueSpecification\",\"valueRequired\":true,\"valueName\":\"search_term_string\"}}],\"inLanguage\":\"de\"}]}<\/script>\n<!-- \/ Yoast SEO plugin. -->","yoast_head_json":{"title":"CHRONOLOGISTE BAIN CHRONOLOGISTE (Luxus- PflegeShampoo) 250 ml","robots":{"index":"index","follow":"follow","max-snippet":"max-snippet:-1","max-image-preview":"max-image-preview:large","max-video-preview":"max-video-preview:-1"},"canonical":"https:\/\/www.friseur-hopmann.de\/?product=chronologiste-bain-chronologiste-luxus-pflegeshampoo-250-ml","og_locale":"de_DE","og_type":"article","og_title":"CHRONOLOGISTE BAIN CHRONOLOGISTE (Luxus- PflegeShampoo) 250 ml","og_description":"Kerastase Chronologiste Le Bain Revitalisant ist ein revitalisierendes Haarbad f\u00fcr eine sanfte  Reinigt die Kopfhaut und das Haar sehr mild und spendet Feuchtigkeit.  exklusiv Luxuspflegeshampoo","og_url":"https:\/\/www.friseur-hopmann.de\/?product=chronologiste-bain-chronologiste-luxus-pflegeshampoo-250-ml","og_site_name":"Friseur Hopmann Hairstyling","article_modified_time":"2026-03-08T06:34:35+00:00","og_image":[{"width":183,"height":183,"url":"http:\/\/www.friseur-hopmann.de\/wp-content\/uploads\/2015\/07\/Bain-ChronologisteNeu250ml.jpg","type":"image\/jpeg"}],"twitter_card":"summary_large_image","twitter_misc":{"Gesch\u00e4tzte Lesezeit":"2\u00a0Minuten"},"schema":{"@context":"https:\/\/schema.org","@graph":[{"@type":"WebPage","@id":"https:\/\/www.friseur-hopmann.de\/?product=chronologiste-bain-chronologiste-luxus-pflegeshampoo-250-ml","url":"https:\/\/www.friseur-hopmann.de\/?product=chronologiste-bain-chronologiste-luxus-pflegeshampoo-250-ml","name":"CHRONOLOGISTE BAIN CHRONOLOGISTE (Luxus- PflegeShampoo) 250 ml","isPartOf":{"@id":"https:\/\/www.friseur-hopmann.de\/#website"},"primaryImageOfPage":{"@id":"https:\/\/www.friseur-hopmann.de\/?product=chronologiste-bain-chronologiste-luxus-pflegeshampoo-250-ml#primaryimage"},"image":{"@id":"https:\/\/www.friseur-hopmann.de\/?product=chronologiste-bain-chronologiste-luxus-pflegeshampoo-250-ml#primaryimage"},"thumbnailUrl":"https:\/\/www.friseur-hopmann.de\/wp-content\/uploads\/2015\/07\/Bain-ChronologisteNeu250ml.jpg","datePublished":"2015-07-17T08:05:26+00:00","dateModified":"2026-03-08T06:34:35+00:00","breadcrumb":{"@id":"https:\/\/www.friseur-hopmann.de\/?product=chronologiste-bain-chronologiste-luxus-pflegeshampoo-250-ml#breadcrumb"},"inLanguage":"de","potentialAction":[{"@type":"ReadAction","target":["https:\/\/www.friseur-hopmann.de\/?product=chronologiste-bain-chronologiste-luxus-pflegeshampoo-250-ml"]}]},{"@type":"ImageObject","inLanguage":"de","@id":"https:\/\/www.friseur-hopmann.de\/?product=chronologiste-bain-chronologiste-luxus-pflegeshampoo-250-ml#primaryimage","url":"https:\/\/www.friseur-hopmann.de\/wp-content\/uploads\/2015\/07\/Bain-ChronologisteNeu250ml.jpg","contentUrl":"https:\/\/www.friseur-hopmann.de\/wp-content\/uploads\/2015\/07\/Bain-ChronologisteNeu250ml.jpg","width":183,"height":183},{"@type":"BreadcrumbList","@id":"https:\/\/www.friseur-hopmann.de\/?product=chronologiste-bain-chronologiste-luxus-pflegeshampoo-250-ml#breadcrumb","itemListElement":[{"@type":"ListItem","position":1,"name":"Startseite","item":"https:\/\/www.friseur-hopmann.de\/"},{"@type":"ListItem","position":2,"name":"Produkte","item":"https:\/\/www.friseur-hopmann.de\/?post_type=product"},{"@type":"ListItem","position":3,"name":"K\u00c9RASTASE CHRONOLOGISTE BAIN CHRONOLOGISTE (Luxus-Pflege-Shampoo) 250 ml"}]},{"@type":"WebSite","@id":"https:\/\/www.friseur-hopmann.de\/#website","url":"https:\/\/www.friseur-hopmann.de\/","name":"Friseur Hopmann Hairstyling","description":"Ihr Friseur in Nordhorn","potentialAction":[{"@type":"SearchAction","target":{"@type":"EntryPoint","urlTemplate":"https:\/\/www.friseur-hopmann.de\/?s={search_term_string}"},"query-input":{"@type":"PropertyValueSpecification","valueRequired":true,"valueName":"search_term_string"}}],"inLanguage":"de"}]}},"brands":[],"_links":{"self":[{"href":"https:\/\/www.friseur-hopmann.de\/index.php?rest_route=\/wp\/v2\/product\/9609","targetHints":{"allow":["GET"]}}],"collection":[{"href":"https:\/\/www.friseur-hopmann.de\/index.php?rest_route=\/wp\/v2\/product"}],"about":[{"href":"https:\/\/www.friseur-hopmann.de\/index.php?rest_route=\/wp\/v2\/types\/product"}],"replies":[{"embeddable":true,"href":"https:\/\/www.friseur-hopmann.de\/index.php?rest_route=%2Fwp%2Fv2%2Fcomments&post=9609"}],"wp:featuredmedia":[{"embeddable":true,"href":"https:\/\/www.friseur-hopmann.de\/index.php?rest_route=\/wp\/v2\/media\/13746"}],"wp:attachment":[{"href":"https:\/\/www.friseur-hopmann.de\/index.php?rest_route=%2Fwp%2Fv2%2Fmedia&parent=9609"}],"wp:term":[{"taxonomy":"pwb-brand","embeddable":true,"href":"https:\/\/www.friseur-hopmann.de\/index.php?rest_route=%2Fwp%2Fv2%2Fpwb-brand&post=9609"},{"taxonomy":"product_brand","embeddable":true,"href":"https:\/\/www.friseur-hopmann.de\/index.php?rest_route=%2Fwp%2Fv2%2Fproduct_brand&post=9609"},{"taxonomy":"product_cat","embeddable":true,"href":"https:\/\/www.friseur-hopmann.de\/index.php?rest_route=%2Fwp%2Fv2%2Fproduct_cat&post=9609"},{"taxonomy":"product_tag","embeddable":true,"href":"https:\/\/www.friseur-hopmann.de\/index.php?rest_route=%2Fwp%2Fv2%2Fproduct_tag&post=9609"}],"curies":[{"name":"wp","href":"https:\/\/api.w.org\/{rel}","templated":true}]}}