{"id":9564,"date":"2012-06-27T10:05:25","date_gmt":"2012-06-27T08:05:25","guid":{"rendered":"http:\/\/www.friseur-hopmann.de\/?post_type=product&#038;p=9564"},"modified":"2026-03-06T18:51:59","modified_gmt":"2026-03-06T16:51:59","slug":"nutritive-bain-satin2-shampoo-250-ml","status":"publish","type":"product","link":"https:\/\/www.friseur-hopmann.de\/?product=nutritive-bain-satin2-shampoo-250-ml","title":{"rendered":"K\u00c9RASTASE NUTRITIVE BAIN SATIN RICHE (Shampoo) 250 ml"},"content":{"rendered":"<h3>Produktbeschreibung:<\/h3>\n<div class=\"product_description row\">\n<div class=\"std col-lg-8 col-lg-offset-2 col-md-10 col-md-offset-1\">\n<h2>K\u00e9rastase Nutritive Bain Satin Riche 250 ml<\/h2>\n<p>Das\u00a0<strong>K\u00e9rastase Nutritive Bain Satin Riche<\/strong>\u00a0Feuchtigkeitsspendendes Haarbad f\u00fcr trockenes bis sehr trockenes Haar. Es hat eine\u00a0hochkonzentrierte Formel, die trockenes Haar gr\u00fcndlich reinigt und gleichzeitig Feuchtigkeit und Komfort wiederherstellt.<\/p>\n<h2>Eigenschaften des\u00a0K\u00e9rastase Nutritive Bain Satin Riche<\/h2>\n<ul>\n<li>Revitalisiert und st\u00e4rkt das Haar<\/li>\n<li>Stellt die Haardicke und den Glanz wieder her, verbessert die Feuchtigkeit und macht das Haar weicher<\/li>\n<li>Unterst\u00fctzt die Keratin Produktion, um dem Haar mehr Struktur und St\u00e4rke zu verleihen<\/li>\n<li>Leichtes Ergebnis<\/li>\n<li>Reichhaltig-Pflegend<\/li>\n<li>Feuchtigkeitsspendend<\/li>\n<\/ul>\n<h3>Anwendung des\u00a0K\u00e9rastase Nutritive Bain Satin Riche<\/h3>\n<p>Das\u00a0<strong>K\u00e9rastase Nutritive Bain Satin Riche<\/strong>\u00a0Haarbad auf feuchtes Haar auftragen. Aufsch\u00e4umen. Einmassieren und gr\u00fcndlich aussp\u00fclen. Bei Augenkontakt sofort gr\u00fcndlich aussp\u00fclen.<\/p>\n<\/div>\n<\/div>\n<div id=\"related-recs\">\n<div class=\"box-collateral box-up-sell emarsys-widget related\">\n<div class=\"title\">Passend<\/div>\n<\/div>\n<\/div>\n<h3>Haartyp\/Zielgruppe:<\/h3>\n<p>f\u00fcr trockenes bis sehr trockenes Haar.<\/p>\n<p><strong> Inhalt: 250 ml<\/strong><\/p>\n<h3>Erg\u00e4nzungsprodukte:<\/h3>\n<p>Nutritive FONDANT LAIT VITAL<\/p>\n<p>Nutritive MASQUEINTENSE RICHE<\/p>\n<p>Nutritive NECTAR THERMIC<\/p>\n<p>&nbsp;<\/p>\n","protected":false},"excerpt":{"rendered":"<h3>Bain Satin Riche<\/h3>\n<p>&#8222;Au\u00dfergew\u00f6hnliches Pflege-Haarbad \u2013 Widerstand<br \/>\ngegen Trockenheit f\u00fcr normales und leicht trockenes<br \/>\nHaar.&#8220;<\/p>\n<p>Feuchtigkeitsspendendes Pflege-Haarbad<\/p>\n","protected":false},"featured_media":21746,"comment_status":"open","ping_status":"closed","template":"","meta":{"_exactmetrics_skip_tracking":false,"_exactmetrics_sitenote_active":false,"_exactmetrics_sitenote_note":"","_exactmetrics_sitenote_category":0,"_monsterinsights_skip_tracking":false,"_monsterinsights_sitenote_active":false,"_monsterinsights_sitenote_note":"","_monsterinsights_sitenote_category":0},"pwb-brand":[],"product_brand":[615],"product_cat":[491,544,548,489],"product_tag":[810,669,837,809],"class_list":{"0":"post-9564","1":"product","2":"type-product","3":"status-publish","4":"has-post-thumbnail","6":"product_brand-kerastase-2","7":"product_cat-kerastase","8":"product_cat-kerastase-haarpflege","9":"product_cat-kerastase-shampoo","10":"product_cat-nutritive","11":"product_tag-gibt-glanz","12":"product_tag-intensiv-haarpflege","13":"product_tag-pflegshampoo","14":"product_tag-shampoo-bei-trockenem-haar","15":"pa_inhalt-622","17":"first","18":"instock","19":"taxable","20":"shipping-taxable","21":"purchasable","22":"product-type-simple"},"yoast_head":"<!-- This site is optimized with the Yoast SEO plugin v24.6 - https:\/\/yoast.com\/wordpress\/plugins\/seo\/ -->\n<title>NUTRITIVE BAIN SATIN2 (Shampoo) 250 ml<\/title>\n<meta name=\"robots\" content=\"index, follow, max-snippet:-1, max-image-preview:large, max-video-preview:-1\" \/>\n<link rel=\"canonical\" href=\"https:\/\/www.friseur-hopmann.de\/?product=nutritive-bain-satin2-shampoo-250-ml\" \/>\n<meta property=\"og:locale\" content=\"de_DE\" \/>\n<meta property=\"og:type\" content=\"article\" \/>\n<meta property=\"og:title\" content=\"NUTRITIVE BAIN SATIN2 (Shampoo) 250 ml\" \/>\n<meta property=\"og:description\" content=\"Bain Satin Riche &quot;Au\u00dfergew\u00f6hnliches Pflege-Haarbad \u2013 Widerstand gegen Trockenheit f\u00fcr normales und leicht trockenes Haar.&quot;  Feuchtigkeitsspendendes Pflege-Haarbad\" \/>\n<meta property=\"og:url\" content=\"https:\/\/www.friseur-hopmann.de\/?product=nutritive-bain-satin2-shampoo-250-ml\" \/>\n<meta property=\"og:site_name\" content=\"Friseur Hopmann Hairstyling\" \/>\n<meta property=\"article:modified_time\" content=\"2026-03-06T16:51:59+00:00\" \/>\n<meta property=\"og:image\" content=\"http:\/\/www.friseur-hopmann.de\/wp-content\/uploads\/2010\/09\/Bain-Satian-Riche-250ml.jpg\" \/>\n\t<meta property=\"og:image:width\" content=\"500\" \/>\n\t<meta property=\"og:image:height\" content=\"500\" \/>\n\t<meta property=\"og:image:type\" content=\"image\/jpeg\" \/>\n<meta name=\"twitter:card\" content=\"summary_large_image\" \/>\n<meta name=\"twitter:label1\" content=\"Gesch\u00e4tzte Lesezeit\" \/>\n\t<meta name=\"twitter:data1\" content=\"1\u00a0Minute\" \/>\n<script type=\"application\/ld+json\" class=\"yoast-schema-graph\">{\"@context\":\"https:\/\/schema.org\",\"@graph\":[{\"@type\":\"WebPage\",\"@id\":\"https:\/\/www.friseur-hopmann.de\/?product=nutritive-bain-satin2-shampoo-250-ml\",\"url\":\"https:\/\/www.friseur-hopmann.de\/?product=nutritive-bain-satin2-shampoo-250-ml\",\"name\":\"NUTRITIVE BAIN SATIN2 (Shampoo) 250 ml\",\"isPartOf\":{\"@id\":\"https:\/\/www.friseur-hopmann.de\/#website\"},\"primaryImageOfPage\":{\"@id\":\"https:\/\/www.friseur-hopmann.de\/?product=nutritive-bain-satin2-shampoo-250-ml#primaryimage\"},\"image\":{\"@id\":\"https:\/\/www.friseur-hopmann.de\/?product=nutritive-bain-satin2-shampoo-250-ml#primaryimage\"},\"thumbnailUrl\":\"https:\/\/www.friseur-hopmann.de\/wp-content\/uploads\/2010\/09\/Bain-Satian-Riche-250ml.jpg\",\"datePublished\":\"2012-06-27T08:05:25+00:00\",\"dateModified\":\"2026-03-06T16:51:59+00:00\",\"breadcrumb\":{\"@id\":\"https:\/\/www.friseur-hopmann.de\/?product=nutritive-bain-satin2-shampoo-250-ml#breadcrumb\"},\"inLanguage\":\"de\",\"potentialAction\":[{\"@type\":\"ReadAction\",\"target\":[\"https:\/\/www.friseur-hopmann.de\/?product=nutritive-bain-satin2-shampoo-250-ml\"]}]},{\"@type\":\"ImageObject\",\"inLanguage\":\"de\",\"@id\":\"https:\/\/www.friseur-hopmann.de\/?product=nutritive-bain-satin2-shampoo-250-ml#primaryimage\",\"url\":\"https:\/\/www.friseur-hopmann.de\/wp-content\/uploads\/2010\/09\/Bain-Satian-Riche-250ml.jpg\",\"contentUrl\":\"https:\/\/www.friseur-hopmann.de\/wp-content\/uploads\/2010\/09\/Bain-Satian-Riche-250ml.jpg\",\"width\":500,\"height\":500},{\"@type\":\"BreadcrumbList\",\"@id\":\"https:\/\/www.friseur-hopmann.de\/?product=nutritive-bain-satin2-shampoo-250-ml#breadcrumb\",\"itemListElement\":[{\"@type\":\"ListItem\",\"position\":1,\"name\":\"Startseite\",\"item\":\"https:\/\/www.friseur-hopmann.de\/\"},{\"@type\":\"ListItem\",\"position\":2,\"name\":\"Produkte\",\"item\":\"https:\/\/www.friseur-hopmann.de\/?post_type=product\"},{\"@type\":\"ListItem\",\"position\":3,\"name\":\"K\u00c9RASTASE NUTRITIVE BAIN SATIN RICHE (Shampoo) 250 ml\"}]},{\"@type\":\"WebSite\",\"@id\":\"https:\/\/www.friseur-hopmann.de\/#website\",\"url\":\"https:\/\/www.friseur-hopmann.de\/\",\"name\":\"Friseur Hopmann Hairstyling\",\"description\":\"Ihr Friseur in Nordhorn\",\"potentialAction\":[{\"@type\":\"SearchAction\",\"target\":{\"@type\":\"EntryPoint\",\"urlTemplate\":\"https:\/\/www.friseur-hopmann.de\/?s={search_term_string}\"},\"query-input\":{\"@type\":\"PropertyValueSpecification\",\"valueRequired\":true,\"valueName\":\"search_term_string\"}}],\"inLanguage\":\"de\"}]}<\/script>\n<!-- \/ Yoast SEO plugin. -->","yoast_head_json":{"title":"NUTRITIVE BAIN SATIN2 (Shampoo) 250 ml","robots":{"index":"index","follow":"follow","max-snippet":"max-snippet:-1","max-image-preview":"max-image-preview:large","max-video-preview":"max-video-preview:-1"},"canonical":"https:\/\/www.friseur-hopmann.de\/?product=nutritive-bain-satin2-shampoo-250-ml","og_locale":"de_DE","og_type":"article","og_title":"NUTRITIVE BAIN SATIN2 (Shampoo) 250 ml","og_description":"Bain Satin Riche \"Au\u00dfergew\u00f6hnliches Pflege-Haarbad \u2013 Widerstand gegen Trockenheit f\u00fcr normales und leicht trockenes Haar.\"  Feuchtigkeitsspendendes Pflege-Haarbad","og_url":"https:\/\/www.friseur-hopmann.de\/?product=nutritive-bain-satin2-shampoo-250-ml","og_site_name":"Friseur Hopmann Hairstyling","article_modified_time":"2026-03-06T16:51:59+00:00","og_image":[{"width":500,"height":500,"url":"http:\/\/www.friseur-hopmann.de\/wp-content\/uploads\/2010\/09\/Bain-Satian-Riche-250ml.jpg","type":"image\/jpeg"}],"twitter_card":"summary_large_image","twitter_misc":{"Gesch\u00e4tzte Lesezeit":"1\u00a0Minute"},"schema":{"@context":"https:\/\/schema.org","@graph":[{"@type":"WebPage","@id":"https:\/\/www.friseur-hopmann.de\/?product=nutritive-bain-satin2-shampoo-250-ml","url":"https:\/\/www.friseur-hopmann.de\/?product=nutritive-bain-satin2-shampoo-250-ml","name":"NUTRITIVE BAIN SATIN2 (Shampoo) 250 ml","isPartOf":{"@id":"https:\/\/www.friseur-hopmann.de\/#website"},"primaryImageOfPage":{"@id":"https:\/\/www.friseur-hopmann.de\/?product=nutritive-bain-satin2-shampoo-250-ml#primaryimage"},"image":{"@id":"https:\/\/www.friseur-hopmann.de\/?product=nutritive-bain-satin2-shampoo-250-ml#primaryimage"},"thumbnailUrl":"https:\/\/www.friseur-hopmann.de\/wp-content\/uploads\/2010\/09\/Bain-Satian-Riche-250ml.jpg","datePublished":"2012-06-27T08:05:25+00:00","dateModified":"2026-03-06T16:51:59+00:00","breadcrumb":{"@id":"https:\/\/www.friseur-hopmann.de\/?product=nutritive-bain-satin2-shampoo-250-ml#breadcrumb"},"inLanguage":"de","potentialAction":[{"@type":"ReadAction","target":["https:\/\/www.friseur-hopmann.de\/?product=nutritive-bain-satin2-shampoo-250-ml"]}]},{"@type":"ImageObject","inLanguage":"de","@id":"https:\/\/www.friseur-hopmann.de\/?product=nutritive-bain-satin2-shampoo-250-ml#primaryimage","url":"https:\/\/www.friseur-hopmann.de\/wp-content\/uploads\/2010\/09\/Bain-Satian-Riche-250ml.jpg","contentUrl":"https:\/\/www.friseur-hopmann.de\/wp-content\/uploads\/2010\/09\/Bain-Satian-Riche-250ml.jpg","width":500,"height":500},{"@type":"BreadcrumbList","@id":"https:\/\/www.friseur-hopmann.de\/?product=nutritive-bain-satin2-shampoo-250-ml#breadcrumb","itemListElement":[{"@type":"ListItem","position":1,"name":"Startseite","item":"https:\/\/www.friseur-hopmann.de\/"},{"@type":"ListItem","position":2,"name":"Produkte","item":"https:\/\/www.friseur-hopmann.de\/?post_type=product"},{"@type":"ListItem","position":3,"name":"K\u00c9RASTASE NUTRITIVE BAIN SATIN RICHE (Shampoo) 250 ml"}]},{"@type":"WebSite","@id":"https:\/\/www.friseur-hopmann.de\/#website","url":"https:\/\/www.friseur-hopmann.de\/","name":"Friseur Hopmann Hairstyling","description":"Ihr Friseur in Nordhorn","potentialAction":[{"@type":"SearchAction","target":{"@type":"EntryPoint","urlTemplate":"https:\/\/www.friseur-hopmann.de\/?s={search_term_string}"},"query-input":{"@type":"PropertyValueSpecification","valueRequired":true,"valueName":"search_term_string"}}],"inLanguage":"de"}]}},"brands":[],"_links":{"self":[{"href":"https:\/\/www.friseur-hopmann.de\/index.php?rest_route=\/wp\/v2\/product\/9564","targetHints":{"allow":["GET"]}}],"collection":[{"href":"https:\/\/www.friseur-hopmann.de\/index.php?rest_route=\/wp\/v2\/product"}],"about":[{"href":"https:\/\/www.friseur-hopmann.de\/index.php?rest_route=\/wp\/v2\/types\/product"}],"replies":[{"embeddable":true,"href":"https:\/\/www.friseur-hopmann.de\/index.php?rest_route=%2Fwp%2Fv2%2Fcomments&post=9564"}],"wp:featuredmedia":[{"embeddable":true,"href":"https:\/\/www.friseur-hopmann.de\/index.php?rest_route=\/wp\/v2\/media\/21746"}],"wp:attachment":[{"href":"https:\/\/www.friseur-hopmann.de\/index.php?rest_route=%2Fwp%2Fv2%2Fmedia&parent=9564"}],"wp:term":[{"taxonomy":"pwb-brand","embeddable":true,"href":"https:\/\/www.friseur-hopmann.de\/index.php?rest_route=%2Fwp%2Fv2%2Fpwb-brand&post=9564"},{"taxonomy":"product_brand","embeddable":true,"href":"https:\/\/www.friseur-hopmann.de\/index.php?rest_route=%2Fwp%2Fv2%2Fproduct_brand&post=9564"},{"taxonomy":"product_cat","embeddable":true,"href":"https:\/\/www.friseur-hopmann.de\/index.php?rest_route=%2Fwp%2Fv2%2Fproduct_cat&post=9564"},{"taxonomy":"product_tag","embeddable":true,"href":"https:\/\/www.friseur-hopmann.de\/index.php?rest_route=%2Fwp%2Fv2%2Fproduct_tag&post=9564"}],"curies":[{"name":"wp","href":"https:\/\/api.w.org\/{rel}","templated":true}]}}