{"id":9519,"date":"2014-10-26T10:05:25","date_gmt":"2014-10-26T08:05:25","guid":{"rendered":"http:\/\/www.friseur-hopmann.de\/?post_type=product&#038;p=9519"},"modified":"2026-04-22T10:51:26","modified_gmt":"2026-04-22T08:51:26","slug":"elements-shampoo-250-ml","status":"publish","type":"product","link":"https:\/\/www.friseur-hopmann.de\/?product=elements-shampoo-250-ml","title":{"rendered":"Elements Renewings Shampoo 250 ml"},"content":{"rendered":"<h3>Produktbeschreibung:<\/h3>\n<p>Stelle mit dem <strong>Wella Professionals Care Elements Renewing Shampoo\u00a0<\/strong>Geschmeidigkeit und Glanz wieder her; ein luxuri\u00f6ses Schaum Shampoo aus Inhaltsstoffen nat\u00fcrlichen Ursprungs f\u00fcr eine sanfte Pflege f\u00fcr empfindliche Kopfhaut und Haut. Angereichert mit Aloe Vera und Vitamin E sch\u00fctzt es das Haar vor freien Radikalen und Sch\u00e4digungen; mit Olivenessenz f\u00fcr ein geschmeidiges, gl\u00e4nzendes Finish. Dieses Shampoo enth\u00e4lt weder Silikone noch Sulfate und ist daher auch f\u00fcr empfindliche Haut und Kopfhaut geeignet. In das nasse Haar einmassieren und aufsch\u00e4umen, dann gr\u00fcndlich aussp\u00fclen. F\u00fcr die beste Haarpflegeroutine verwenden Sie anschlie\u00dfend den Elements Renewing Conditioner und die Haarmaske.<\/p>\n<h2>Eigenschaften des\u00a0Wella Professionals Care Elements Renewing Shampoo<\/h2>\n<ul>\n<li>Milde und sanfte Haarpflege<\/li>\n<li>Lindert Hautreizungen &amp; Juckreiz<\/li>\n<li>Beruhigt und revitalisiert die Kopfhaut<\/li>\n<li>Intensive Feuchtigkeitspflege<\/li>\n<li>Geeignet f\u00fcr trockene und empfindliche Kopfhaut<\/li>\n<li>Bis zu 99 %* Inhaltsstoffe nat\u00fcrlichen Ursprungs*<\/li>\n<\/ul>\n<h2>Anwendung des\u00a0Wella Professionals Care Elements Renewing Shampoo<\/h2>\n<p>Ins feuchte Haar geben und gleichm\u00e4\u00dfig auf der Kopfhaut verteilen. Massieren und aufsch\u00e4umen. Aussp\u00fclen und bei Bedarf wiederholen.<\/p>\n<h2>\u00dcber Wella Professionals Care Elements<\/h2>\n<p>Elements ist die sanfteste Haarpflegelinie von Wella Professionals f\u00fcr ein Gef\u00fchl von gesundem Haar und Kopfhaut. F\u00fchlen Sie den sanften Unterschied mit unseren pflegenden und hochleistungsf\u00e4higen Rezepturen mit bis zu 99 % Inhaltsstoffen nat\u00fcrlichen Ursprungs, frei von Inhaltsstoffen tierischen Ursprungs und formuliert ohne Silikone und Sulfate.<\/p>\n<h3>Haartyp\/Zielgruppe:<\/h3>\n<p>F\u00fcr alle Haartypen, im Besonderen bei empfindlicher und sensibler Kopfhaut.<\/p>\n<h3>Erg\u00e4nzungsprodukte:<\/h3>\n<p>Elements Leave-in Spray<\/p>\n<p>Elements Conditioner<\/p>\n<p>Elements Mask<\/p>\n<p><strong>Inhalt:<\/strong> 250 ml<\/p>\n","protected":false},"excerpt":{"rendered":"<h3>Elements Renewings Shampoo<\/h3>\n<p>Elements ist die sanfteste Haarpflegelinie von Wella Professionals f\u00fcr ein Gef\u00fchl von gesundem Haar und Kopfhaut. F\u00fchlen Sie den sanften Unterschied mit unseren pflegenden und hochleistungsf\u00e4higen Rezepturen mit bis zu 99 % Inhaltsstoffen nat\u00fcrlichen Ursprungs, frei von Inhaltsstoffen tierischen Ursprungs und formuliert ohne Silikone und Sulfate.<\/p>\n<p>&nbsp;<\/p>\n","protected":false},"featured_media":24534,"comment_status":"open","ping_status":"closed","template":"","meta":{"_exactmetrics_skip_tracking":false,"_exactmetrics_sitenote_active":false,"_exactmetrics_sitenote_note":"","_exactmetrics_sitenote_category":0,"_monsterinsights_skip_tracking":false,"_monsterinsights_sitenote_active":false,"_monsterinsights_sitenote_note":"","_monsterinsights_sitenote_category":0},"pwb-brand":[],"product_brand":[614],"product_cat":[585,567],"product_tag":[742,989,982],"class_list":{"0":"post-9519","1":"product","2":"type-product","3":"status-publish","4":"has-post-thumbnail","6":"product_brand-wella-2","7":"product_cat-elements","8":"product_cat-wella-shampoo","9":"product_tag-natuerliche-inhaltsstoffe","10":"product_tag-silkonfrei","11":"product_tag-sulfatfrei","12":"pa_inhalt-622","14":"first","15":"instock","16":"taxable","17":"shipping-taxable","18":"purchasable","19":"product-type-simple"},"yoast_head":"<!-- This site is optimized with the Yoast SEO plugin v24.6 - https:\/\/yoast.com\/wordpress\/plugins\/seo\/ -->\n<title>Elements Shampoo 250 ml<\/title>\n<meta name=\"robots\" content=\"index, follow, max-snippet:-1, max-image-preview:large, max-video-preview:-1\" \/>\n<link rel=\"canonical\" href=\"https:\/\/www.friseur-hopmann.de\/?product=elements-shampoo-250-ml\" \/>\n<meta property=\"og:locale\" content=\"de_DE\" \/>\n<meta property=\"og:type\" content=\"article\" \/>\n<meta property=\"og:title\" content=\"Elements Shampoo 250 ml\" \/>\n<meta property=\"og:description\" content=\"Elements Renewings Shampoo Elements ist die sanfteste Haarpflegelinie von Wella Professionals f\u00fcr ein Gef\u00fchl von gesundem Haar und Kopfhaut. F\u00fchlen Sie den sanften Unterschied mit unseren pflegenden und hochleistungsf\u00e4higen Rezepturen mit bis zu 99 % Inhaltsstoffen nat\u00fcrlichen Ursprungs, frei von Inhaltsstoffen tierischen Ursprungs und formuliert ohne Silikone und Sulfate.  &nbsp;\" \/>\n<meta property=\"og:url\" content=\"https:\/\/www.friseur-hopmann.de\/?product=elements-shampoo-250-ml\" \/>\n<meta property=\"og:site_name\" content=\"Friseur Hopmann Hairstyling\" \/>\n<meta property=\"article:modified_time\" content=\"2026-04-22T08:51:26+00:00\" \/>\n<meta property=\"og:image\" content=\"http:\/\/www.friseur-hopmann.de\/wp-content\/uploads\/2014\/10\/Elements-Renewing-Shp.-250ml.webp\" \/>\n\t<meta property=\"og:image:width\" content=\"1000\" \/>\n\t<meta property=\"og:image:height\" content=\"1000\" \/>\n\t<meta property=\"og:image:type\" content=\"image\/webp\" \/>\n<meta name=\"twitter:card\" content=\"summary_large_image\" \/>\n<meta name=\"twitter:label1\" content=\"Gesch\u00e4tzte Lesezeit\" \/>\n\t<meta name=\"twitter:data1\" content=\"2\u00a0Minuten\" \/>\n<script type=\"application\/ld+json\" class=\"yoast-schema-graph\">{\"@context\":\"https:\/\/schema.org\",\"@graph\":[{\"@type\":\"WebPage\",\"@id\":\"https:\/\/www.friseur-hopmann.de\/?product=elements-shampoo-250-ml\",\"url\":\"https:\/\/www.friseur-hopmann.de\/?product=elements-shampoo-250-ml\",\"name\":\"Elements Shampoo 250 ml\",\"isPartOf\":{\"@id\":\"https:\/\/www.friseur-hopmann.de\/#website\"},\"primaryImageOfPage\":{\"@id\":\"https:\/\/www.friseur-hopmann.de\/?product=elements-shampoo-250-ml#primaryimage\"},\"image\":{\"@id\":\"https:\/\/www.friseur-hopmann.de\/?product=elements-shampoo-250-ml#primaryimage\"},\"thumbnailUrl\":\"https:\/\/www.friseur-hopmann.de\/wp-content\/uploads\/2014\/10\/Elements-Renewing-Shp.-250ml.webp\",\"datePublished\":\"2014-10-26T08:05:25+00:00\",\"dateModified\":\"2026-04-22T08:51:26+00:00\",\"breadcrumb\":{\"@id\":\"https:\/\/www.friseur-hopmann.de\/?product=elements-shampoo-250-ml#breadcrumb\"},\"inLanguage\":\"de\",\"potentialAction\":[{\"@type\":\"ReadAction\",\"target\":[\"https:\/\/www.friseur-hopmann.de\/?product=elements-shampoo-250-ml\"]}]},{\"@type\":\"ImageObject\",\"inLanguage\":\"de\",\"@id\":\"https:\/\/www.friseur-hopmann.de\/?product=elements-shampoo-250-ml#primaryimage\",\"url\":\"https:\/\/www.friseur-hopmann.de\/wp-content\/uploads\/2014\/10\/Elements-Renewing-Shp.-250ml.webp\",\"contentUrl\":\"https:\/\/www.friseur-hopmann.de\/wp-content\/uploads\/2014\/10\/Elements-Renewing-Shp.-250ml.webp\",\"width\":1000,\"height\":1000},{\"@type\":\"BreadcrumbList\",\"@id\":\"https:\/\/www.friseur-hopmann.de\/?product=elements-shampoo-250-ml#breadcrumb\",\"itemListElement\":[{\"@type\":\"ListItem\",\"position\":1,\"name\":\"Startseite\",\"item\":\"https:\/\/www.friseur-hopmann.de\/\"},{\"@type\":\"ListItem\",\"position\":2,\"name\":\"Produkte\",\"item\":\"https:\/\/www.friseur-hopmann.de\/?post_type=product\"},{\"@type\":\"ListItem\",\"position\":3,\"name\":\"Elements Renewings Shampoo 250 ml\"}]},{\"@type\":\"WebSite\",\"@id\":\"https:\/\/www.friseur-hopmann.de\/#website\",\"url\":\"https:\/\/www.friseur-hopmann.de\/\",\"name\":\"Friseur Hopmann Hairstyling\",\"description\":\"Ihr Friseur in Nordhorn\",\"potentialAction\":[{\"@type\":\"SearchAction\",\"target\":{\"@type\":\"EntryPoint\",\"urlTemplate\":\"https:\/\/www.friseur-hopmann.de\/?s={search_term_string}\"},\"query-input\":{\"@type\":\"PropertyValueSpecification\",\"valueRequired\":true,\"valueName\":\"search_term_string\"}}],\"inLanguage\":\"de\"}]}<\/script>\n<!-- \/ Yoast SEO plugin. -->","yoast_head_json":{"title":"Elements Shampoo 250 ml","robots":{"index":"index","follow":"follow","max-snippet":"max-snippet:-1","max-image-preview":"max-image-preview:large","max-video-preview":"max-video-preview:-1"},"canonical":"https:\/\/www.friseur-hopmann.de\/?product=elements-shampoo-250-ml","og_locale":"de_DE","og_type":"article","og_title":"Elements Shampoo 250 ml","og_description":"Elements Renewings Shampoo Elements ist die sanfteste Haarpflegelinie von Wella Professionals f\u00fcr ein Gef\u00fchl von gesundem Haar und Kopfhaut. F\u00fchlen Sie den sanften Unterschied mit unseren pflegenden und hochleistungsf\u00e4higen Rezepturen mit bis zu 99 % Inhaltsstoffen nat\u00fcrlichen Ursprungs, frei von Inhaltsstoffen tierischen Ursprungs und formuliert ohne Silikone und Sulfate.  &nbsp;","og_url":"https:\/\/www.friseur-hopmann.de\/?product=elements-shampoo-250-ml","og_site_name":"Friseur Hopmann Hairstyling","article_modified_time":"2026-04-22T08:51:26+00:00","og_image":[{"width":1000,"height":1000,"url":"http:\/\/www.friseur-hopmann.de\/wp-content\/uploads\/2014\/10\/Elements-Renewing-Shp.-250ml.webp","type":"image\/webp"}],"twitter_card":"summary_large_image","twitter_misc":{"Gesch\u00e4tzte Lesezeit":"2\u00a0Minuten"},"schema":{"@context":"https:\/\/schema.org","@graph":[{"@type":"WebPage","@id":"https:\/\/www.friseur-hopmann.de\/?product=elements-shampoo-250-ml","url":"https:\/\/www.friseur-hopmann.de\/?product=elements-shampoo-250-ml","name":"Elements Shampoo 250 ml","isPartOf":{"@id":"https:\/\/www.friseur-hopmann.de\/#website"},"primaryImageOfPage":{"@id":"https:\/\/www.friseur-hopmann.de\/?product=elements-shampoo-250-ml#primaryimage"},"image":{"@id":"https:\/\/www.friseur-hopmann.de\/?product=elements-shampoo-250-ml#primaryimage"},"thumbnailUrl":"https:\/\/www.friseur-hopmann.de\/wp-content\/uploads\/2014\/10\/Elements-Renewing-Shp.-250ml.webp","datePublished":"2014-10-26T08:05:25+00:00","dateModified":"2026-04-22T08:51:26+00:00","breadcrumb":{"@id":"https:\/\/www.friseur-hopmann.de\/?product=elements-shampoo-250-ml#breadcrumb"},"inLanguage":"de","potentialAction":[{"@type":"ReadAction","target":["https:\/\/www.friseur-hopmann.de\/?product=elements-shampoo-250-ml"]}]},{"@type":"ImageObject","inLanguage":"de","@id":"https:\/\/www.friseur-hopmann.de\/?product=elements-shampoo-250-ml#primaryimage","url":"https:\/\/www.friseur-hopmann.de\/wp-content\/uploads\/2014\/10\/Elements-Renewing-Shp.-250ml.webp","contentUrl":"https:\/\/www.friseur-hopmann.de\/wp-content\/uploads\/2014\/10\/Elements-Renewing-Shp.-250ml.webp","width":1000,"height":1000},{"@type":"BreadcrumbList","@id":"https:\/\/www.friseur-hopmann.de\/?product=elements-shampoo-250-ml#breadcrumb","itemListElement":[{"@type":"ListItem","position":1,"name":"Startseite","item":"https:\/\/www.friseur-hopmann.de\/"},{"@type":"ListItem","position":2,"name":"Produkte","item":"https:\/\/www.friseur-hopmann.de\/?post_type=product"},{"@type":"ListItem","position":3,"name":"Elements Renewings Shampoo 250 ml"}]},{"@type":"WebSite","@id":"https:\/\/www.friseur-hopmann.de\/#website","url":"https:\/\/www.friseur-hopmann.de\/","name":"Friseur Hopmann Hairstyling","description":"Ihr Friseur in Nordhorn","potentialAction":[{"@type":"SearchAction","target":{"@type":"EntryPoint","urlTemplate":"https:\/\/www.friseur-hopmann.de\/?s={search_term_string}"},"query-input":{"@type":"PropertyValueSpecification","valueRequired":true,"valueName":"search_term_string"}}],"inLanguage":"de"}]}},"brands":[],"_links":{"self":[{"href":"https:\/\/www.friseur-hopmann.de\/index.php?rest_route=\/wp\/v2\/product\/9519","targetHints":{"allow":["GET"]}}],"collection":[{"href":"https:\/\/www.friseur-hopmann.de\/index.php?rest_route=\/wp\/v2\/product"}],"about":[{"href":"https:\/\/www.friseur-hopmann.de\/index.php?rest_route=\/wp\/v2\/types\/product"}],"replies":[{"embeddable":true,"href":"https:\/\/www.friseur-hopmann.de\/index.php?rest_route=%2Fwp%2Fv2%2Fcomments&post=9519"}],"wp:featuredmedia":[{"embeddable":true,"href":"https:\/\/www.friseur-hopmann.de\/index.php?rest_route=\/wp\/v2\/media\/24534"}],"wp:attachment":[{"href":"https:\/\/www.friseur-hopmann.de\/index.php?rest_route=%2Fwp%2Fv2%2Fmedia&parent=9519"}],"wp:term":[{"taxonomy":"pwb-brand","embeddable":true,"href":"https:\/\/www.friseur-hopmann.de\/index.php?rest_route=%2Fwp%2Fv2%2Fpwb-brand&post=9519"},{"taxonomy":"product_brand","embeddable":true,"href":"https:\/\/www.friseur-hopmann.de\/index.php?rest_route=%2Fwp%2Fv2%2Fproduct_brand&post=9519"},{"taxonomy":"product_cat","embeddable":true,"href":"https:\/\/www.friseur-hopmann.de\/index.php?rest_route=%2Fwp%2Fv2%2Fproduct_cat&post=9519"},{"taxonomy":"product_tag","embeddable":true,"href":"https:\/\/www.friseur-hopmann.de\/index.php?rest_route=%2Fwp%2Fv2%2Fproduct_tag&post=9519"}],"curies":[{"name":"wp","href":"https:\/\/api.w.org\/{rel}","templated":true}]}}