{"id":9505,"date":"2015-07-14T10:05:25","date_gmt":"2015-07-14T08:05:25","guid":{"rendered":"http:\/\/www.friseur-hopmann.de\/?post_type=product&#038;p=9505"},"modified":"2026-01-18T15:29:39","modified_gmt":"2026-01-18T13:29:39","slug":"resistance-bain-th-rapiste-shampoo-250-ml","status":"publish","type":"product","link":"https:\/\/www.friseur-hopmann.de\/?product=resistance-bain-th-rapiste-shampoo-250-ml","title":{"rendered":"K\u00c9RASTASE RESISTANCE BAIN TH\u00c9RAPISTE (Shampoo) 250 ml"},"content":{"rendered":"<h3>Produktbeschreibung:<\/h3>\n<h3>Bain Th\u00e9rapiste<\/h3>\n<p>&#8220;<br \/>\nReinigender Haarbalsam zur Rekonstruktion von stark strukturgesch\u00e4digtem und br\u00fcchigem Haar f\u00fcr alle Haartypen&#8220;<\/p>\n<p>Reinigt sanft. Umh\u00fcllt die Haarfaser und verhindert das aufgeraute Gef\u00fchl w\u00e4hrend der Haarw\u00e4sche. Baut die Haarfaser von innen auf.<\/p>\n<h3>Anwendung:<\/h3>\n<p>F\u00fcr eine bessere Verteilung im Haar, das Haarbad mit etwas Wasser vorher in den H\u00e4nden aufsch\u00e4umen. Einarbeiten und aussp\u00fchlen.<\/p>\n<p>Tipp: Bei feinem Haar die Soin Therapiste vor dem Haare baden anwenden. So werden die L\u00e4ngen und Spitzen besser vor dem Wasser w\u00e4hrend der Reinigung gesch\u00fctzt.<\/p>\n<h3>Inhaltsstoffe:<\/h3>\n<p>FIBRA-KAPTM<\/p>\n<p>Ein besonderer Wirkstoffkomplex, der die fehlenden KAPs (Keratin Associated Proteins) ausgleicht. Wenn diese Proteine verschwinden, bricht die Haarstruktur in sich zusammen.<\/p>\n<p>KAPs sind Mikro-Proteine, die das Keratin im Haar binden und es zusammenhalten. Sie machen 50% des Haares aus.<\/p>\n<p>Pflanzenextrakt<br \/>\nK\u00e9rastase extrahiert den Pflanzenextrakt aus einer au\u00dfergew\u00f6hnlichen Pflanze (Myrothamnus Flabellifolius), die selbst nach Jahren ohne Wasser, zu neuem Leben erwacht.<\/p>\n<p>Aufgrund der Haarfaser schonenden, fest-cremigen Textur, ist es das erste Haarbad in einer Tube.<\/p>\n<h3>Haartyp\/Zielgruppe:<\/h3>\n<p>Haarbalsam zur Rekonstruktion von stark strukturgesch\u00e4digtem und br\u00fcchigem Haar f\u00fcr alle Haartypen&#8220;<\/p>\n<p><strong>Inhalt:<\/strong> 250 ml<\/p>\n<h3>Erg\u00e4nzungsprodukte:<\/h3>\n<p>RESISTANCE Serum Th\u00e9rapiste<\/p>\n<p>RESISTANCE Soin Premier Th\u00e9rapiste (Conditioner)<\/p>\n<p>RESISTANCE Masque Th\u00e9rapiste (Pflegemaske)<\/p>\n","protected":false},"excerpt":{"rendered":"<h3>Bain Th\u00e9rapiste<\/h3>\n<p>&#8220;<br \/>\nReinigendes Shampoo (Haarbalsam) zur Rekonstruktion von stark strukturgesch\u00e4digtem und br\u00fcchigem Haar.<\/p>\n<p>F\u00fcr alle Haartypen&#8220;<\/p>\n<p>Shampoo bei stark strukturgesch\u00e4digtem Haar<\/p>\n","protected":false},"featured_media":9506,"comment_status":"open","ping_status":"closed","template":"","meta":{"_exactmetrics_skip_tracking":false,"_exactmetrics_sitenote_active":false,"_exactmetrics_sitenote_note":"","_exactmetrics_sitenote_category":0,"_monsterinsights_skip_tracking":false,"_monsterinsights_sitenote_active":false,"_monsterinsights_sitenote_note":"","_monsterinsights_sitenote_category":0},"pwb-brand":[],"product_brand":[615],"product_cat":[491,544,548,516,590],"product_tag":[669,776],"class_list":{"0":"post-9505","1":"product","2":"type-product","3":"status-publish","4":"has-post-thumbnail","6":"product_brand-kerastase-2","7":"product_cat-kerastase","8":"product_cat-kerastase-haarpflege","9":"product_cat-kerastase-shampoo","10":"product_cat-r-sistance","11":"product_cat-resistance-th-rapiste","12":"product_tag-intensiv-haarpflege","13":"product_tag-strukturaufbauendes-shampoo","14":"pa_inhalt-622","16":"first","17":"instock","18":"taxable","19":"shipping-taxable","20":"purchasable","21":"product-type-simple"},"yoast_head":"<!-- This site is optimized with the Yoast SEO plugin v24.6 - https:\/\/yoast.com\/wordpress\/plugins\/seo\/ -->\n<title>RESISTANCE BAIN TH\u00c9RAPISTE (Shampoo) 250 ml<\/title>\n<meta name=\"robots\" content=\"index, follow, max-snippet:-1, max-image-preview:large, max-video-preview:-1\" \/>\n<link rel=\"canonical\" href=\"https:\/\/www.friseur-hopmann.de\/?product=resistance-bain-th-rapiste-shampoo-250-ml\" \/>\n<meta property=\"og:locale\" content=\"de_DE\" \/>\n<meta property=\"og:type\" content=\"article\" \/>\n<meta property=\"og:title\" content=\"RESISTANCE BAIN TH\u00c9RAPISTE (Shampoo) 250 ml\" \/>\n<meta property=\"og:description\" content=\"Bain Th\u00e9rapiste &quot; Reinigendes Shampoo (Haarbalsam) zur Rekonstruktion von stark strukturgesch\u00e4digtem und br\u00fcchigem Haar.  F\u00fcr alle Haartypen&quot;  Shampoo bei stark strukturgesch\u00e4digtem Haar\" \/>\n<meta property=\"og:url\" content=\"https:\/\/www.friseur-hopmann.de\/?product=resistance-bain-th-rapiste-shampoo-250-ml\" \/>\n<meta property=\"og:site_name\" content=\"Friseur Hopmann Hairstyling\" \/>\n<meta property=\"article:modified_time\" content=\"2026-01-18T13:29:39+00:00\" \/>\n<meta property=\"og:image\" content=\"http:\/\/www.friseur-hopmann.de\/wp-content\/uploads\/2017\/05\/p-9505-3474636397969_baintherapiste.png\" \/>\n\t<meta property=\"og:image:width\" content=\"1000\" \/>\n\t<meta property=\"og:image:height\" content=\"1000\" \/>\n\t<meta property=\"og:image:type\" content=\"image\/jpeg\" \/>\n<meta name=\"twitter:card\" content=\"summary_large_image\" \/>\n<meta name=\"twitter:label1\" content=\"Gesch\u00e4tzte Lesezeit\" \/>\n\t<meta name=\"twitter:data1\" content=\"1\u00a0Minute\" \/>\n<script type=\"application\/ld+json\" class=\"yoast-schema-graph\">{\"@context\":\"https:\/\/schema.org\",\"@graph\":[{\"@type\":\"WebPage\",\"@id\":\"https:\/\/www.friseur-hopmann.de\/?product=resistance-bain-th-rapiste-shampoo-250-ml\",\"url\":\"https:\/\/www.friseur-hopmann.de\/?product=resistance-bain-th-rapiste-shampoo-250-ml\",\"name\":\"RESISTANCE BAIN TH\u00c9RAPISTE (Shampoo) 250 ml\",\"isPartOf\":{\"@id\":\"https:\/\/www.friseur-hopmann.de\/#website\"},\"primaryImageOfPage\":{\"@id\":\"https:\/\/www.friseur-hopmann.de\/?product=resistance-bain-th-rapiste-shampoo-250-ml#primaryimage\"},\"image\":{\"@id\":\"https:\/\/www.friseur-hopmann.de\/?product=resistance-bain-th-rapiste-shampoo-250-ml#primaryimage\"},\"thumbnailUrl\":\"https:\/\/www.friseur-hopmann.de\/wp-content\/uploads\/2017\/05\/p-9505-3474636397969_baintherapiste.png\",\"datePublished\":\"2015-07-14T08:05:25+00:00\",\"dateModified\":\"2026-01-18T13:29:39+00:00\",\"breadcrumb\":{\"@id\":\"https:\/\/www.friseur-hopmann.de\/?product=resistance-bain-th-rapiste-shampoo-250-ml#breadcrumb\"},\"inLanguage\":\"de\",\"potentialAction\":[{\"@type\":\"ReadAction\",\"target\":[\"https:\/\/www.friseur-hopmann.de\/?product=resistance-bain-th-rapiste-shampoo-250-ml\"]}]},{\"@type\":\"ImageObject\",\"inLanguage\":\"de\",\"@id\":\"https:\/\/www.friseur-hopmann.de\/?product=resistance-bain-th-rapiste-shampoo-250-ml#primaryimage\",\"url\":\"https:\/\/www.friseur-hopmann.de\/wp-content\/uploads\/2017\/05\/p-9505-3474636397969_baintherapiste.png\",\"contentUrl\":\"https:\/\/www.friseur-hopmann.de\/wp-content\/uploads\/2017\/05\/p-9505-3474636397969_baintherapiste.png\",\"width\":1000,\"height\":1000,\"caption\":\"RESISTANCE BAIN TH\u00c9RAPISTE (Shampoo) 250 ml\"},{\"@type\":\"BreadcrumbList\",\"@id\":\"https:\/\/www.friseur-hopmann.de\/?product=resistance-bain-th-rapiste-shampoo-250-ml#breadcrumb\",\"itemListElement\":[{\"@type\":\"ListItem\",\"position\":1,\"name\":\"Startseite\",\"item\":\"https:\/\/www.friseur-hopmann.de\/\"},{\"@type\":\"ListItem\",\"position\":2,\"name\":\"Produkte\",\"item\":\"https:\/\/www.friseur-hopmann.de\/?post_type=product\"},{\"@type\":\"ListItem\",\"position\":3,\"name\":\"K\u00c9RASTASE RESISTANCE BAIN TH\u00c9RAPISTE (Shampoo) 250 ml\"}]},{\"@type\":\"WebSite\",\"@id\":\"https:\/\/www.friseur-hopmann.de\/#website\",\"url\":\"https:\/\/www.friseur-hopmann.de\/\",\"name\":\"Friseur Hopmann Hairstyling\",\"description\":\"Ihr Friseur in Nordhorn\",\"potentialAction\":[{\"@type\":\"SearchAction\",\"target\":{\"@type\":\"EntryPoint\",\"urlTemplate\":\"https:\/\/www.friseur-hopmann.de\/?s={search_term_string}\"},\"query-input\":{\"@type\":\"PropertyValueSpecification\",\"valueRequired\":true,\"valueName\":\"search_term_string\"}}],\"inLanguage\":\"de\"}]}<\/script>\n<!-- \/ Yoast SEO plugin. -->","yoast_head_json":{"title":"RESISTANCE BAIN TH\u00c9RAPISTE (Shampoo) 250 ml","robots":{"index":"index","follow":"follow","max-snippet":"max-snippet:-1","max-image-preview":"max-image-preview:large","max-video-preview":"max-video-preview:-1"},"canonical":"https:\/\/www.friseur-hopmann.de\/?product=resistance-bain-th-rapiste-shampoo-250-ml","og_locale":"de_DE","og_type":"article","og_title":"RESISTANCE BAIN TH\u00c9RAPISTE (Shampoo) 250 ml","og_description":"Bain Th\u00e9rapiste \" Reinigendes Shampoo (Haarbalsam) zur Rekonstruktion von stark strukturgesch\u00e4digtem und br\u00fcchigem Haar.  F\u00fcr alle Haartypen\"  Shampoo bei stark strukturgesch\u00e4digtem Haar","og_url":"https:\/\/www.friseur-hopmann.de\/?product=resistance-bain-th-rapiste-shampoo-250-ml","og_site_name":"Friseur Hopmann Hairstyling","article_modified_time":"2026-01-18T13:29:39+00:00","og_image":[{"width":1000,"height":1000,"url":"http:\/\/www.friseur-hopmann.de\/wp-content\/uploads\/2017\/05\/p-9505-3474636397969_baintherapiste.png","type":"image\/jpeg"}],"twitter_card":"summary_large_image","twitter_misc":{"Gesch\u00e4tzte Lesezeit":"1\u00a0Minute"},"schema":{"@context":"https:\/\/schema.org","@graph":[{"@type":"WebPage","@id":"https:\/\/www.friseur-hopmann.de\/?product=resistance-bain-th-rapiste-shampoo-250-ml","url":"https:\/\/www.friseur-hopmann.de\/?product=resistance-bain-th-rapiste-shampoo-250-ml","name":"RESISTANCE BAIN TH\u00c9RAPISTE (Shampoo) 250 ml","isPartOf":{"@id":"https:\/\/www.friseur-hopmann.de\/#website"},"primaryImageOfPage":{"@id":"https:\/\/www.friseur-hopmann.de\/?product=resistance-bain-th-rapiste-shampoo-250-ml#primaryimage"},"image":{"@id":"https:\/\/www.friseur-hopmann.de\/?product=resistance-bain-th-rapiste-shampoo-250-ml#primaryimage"},"thumbnailUrl":"https:\/\/www.friseur-hopmann.de\/wp-content\/uploads\/2017\/05\/p-9505-3474636397969_baintherapiste.png","datePublished":"2015-07-14T08:05:25+00:00","dateModified":"2026-01-18T13:29:39+00:00","breadcrumb":{"@id":"https:\/\/www.friseur-hopmann.de\/?product=resistance-bain-th-rapiste-shampoo-250-ml#breadcrumb"},"inLanguage":"de","potentialAction":[{"@type":"ReadAction","target":["https:\/\/www.friseur-hopmann.de\/?product=resistance-bain-th-rapiste-shampoo-250-ml"]}]},{"@type":"ImageObject","inLanguage":"de","@id":"https:\/\/www.friseur-hopmann.de\/?product=resistance-bain-th-rapiste-shampoo-250-ml#primaryimage","url":"https:\/\/www.friseur-hopmann.de\/wp-content\/uploads\/2017\/05\/p-9505-3474636397969_baintherapiste.png","contentUrl":"https:\/\/www.friseur-hopmann.de\/wp-content\/uploads\/2017\/05\/p-9505-3474636397969_baintherapiste.png","width":1000,"height":1000,"caption":"RESISTANCE BAIN TH\u00c9RAPISTE (Shampoo) 250 ml"},{"@type":"BreadcrumbList","@id":"https:\/\/www.friseur-hopmann.de\/?product=resistance-bain-th-rapiste-shampoo-250-ml#breadcrumb","itemListElement":[{"@type":"ListItem","position":1,"name":"Startseite","item":"https:\/\/www.friseur-hopmann.de\/"},{"@type":"ListItem","position":2,"name":"Produkte","item":"https:\/\/www.friseur-hopmann.de\/?post_type=product"},{"@type":"ListItem","position":3,"name":"K\u00c9RASTASE RESISTANCE BAIN TH\u00c9RAPISTE (Shampoo) 250 ml"}]},{"@type":"WebSite","@id":"https:\/\/www.friseur-hopmann.de\/#website","url":"https:\/\/www.friseur-hopmann.de\/","name":"Friseur Hopmann Hairstyling","description":"Ihr Friseur in Nordhorn","potentialAction":[{"@type":"SearchAction","target":{"@type":"EntryPoint","urlTemplate":"https:\/\/www.friseur-hopmann.de\/?s={search_term_string}"},"query-input":{"@type":"PropertyValueSpecification","valueRequired":true,"valueName":"search_term_string"}}],"inLanguage":"de"}]}},"brands":[],"_links":{"self":[{"href":"https:\/\/www.friseur-hopmann.de\/index.php?rest_route=\/wp\/v2\/product\/9505","targetHints":{"allow":["GET"]}}],"collection":[{"href":"https:\/\/www.friseur-hopmann.de\/index.php?rest_route=\/wp\/v2\/product"}],"about":[{"href":"https:\/\/www.friseur-hopmann.de\/index.php?rest_route=\/wp\/v2\/types\/product"}],"replies":[{"embeddable":true,"href":"https:\/\/www.friseur-hopmann.de\/index.php?rest_route=%2Fwp%2Fv2%2Fcomments&post=9505"}],"wp:featuredmedia":[{"embeddable":true,"href":"https:\/\/www.friseur-hopmann.de\/index.php?rest_route=\/wp\/v2\/media\/9506"}],"wp:attachment":[{"href":"https:\/\/www.friseur-hopmann.de\/index.php?rest_route=%2Fwp%2Fv2%2Fmedia&parent=9505"}],"wp:term":[{"taxonomy":"pwb-brand","embeddable":true,"href":"https:\/\/www.friseur-hopmann.de\/index.php?rest_route=%2Fwp%2Fv2%2Fpwb-brand&post=9505"},{"taxonomy":"product_brand","embeddable":true,"href":"https:\/\/www.friseur-hopmann.de\/index.php?rest_route=%2Fwp%2Fv2%2Fproduct_brand&post=9505"},{"taxonomy":"product_cat","embeddable":true,"href":"https:\/\/www.friseur-hopmann.de\/index.php?rest_route=%2Fwp%2Fv2%2Fproduct_cat&post=9505"},{"taxonomy":"product_tag","embeddable":true,"href":"https:\/\/www.friseur-hopmann.de\/index.php?rest_route=%2Fwp%2Fv2%2Fproduct_tag&post=9505"}],"curies":[{"name":"wp","href":"https:\/\/api.w.org\/{rel}","templated":true}]}}