{"id":9449,"date":"2017-05-01T10:05:19","date_gmt":"2017-05-01T08:05:19","guid":{"rendered":"http:\/\/www.friseur-hopmann.de\/?post_type=product&#038;p=9449"},"modified":"2023-05-02T10:18:43","modified_gmt":"2023-05-02T08:18:43","slug":"frizz-dismiss-rebel-tame-250-ml","status":"publish","type":"product","link":"https:\/\/www.friseur-hopmann.de\/?product=frizz-dismiss-rebel-tame-250-ml","title":{"rendered":"Frizz Dismiss Rebel Tame 250 ml"},"content":{"rendered":"<div class=\"std col-lg-8 col-lg-offset-2 col-md-10 col-md-offset-1\">\n<h2>Redken Frizz Dismiss Rebel Tame 250 ml<\/h2>\n<p>Das<strong> Redken Frizz Dismiss Rebel Tame<\/strong> Gl\u00e4ttungs-Serum ist eine Leave-in Pflege mit Hitze- und Feuchtigkeitsschutz. Gleichzeitig bietet das Serum Kontrolle von unerw\u00fcnschten Volumen. Es verf\u00fcgt \u00fcber Frizz-Schutz-Faktor 30 f\u00fcr mittlere bis maximale Frizz Kontrolle und sorgt zudem f\u00fcr mehr Glanz. Ein Hitzeschutz ist bis zu 230\u00b0 gew\u00e4hrleistet.<\/p>\n<h2>Anwendung von Redken Frizz Dismiss Rebel Tame<\/h2>\n<p>Gleichm\u00e4\u00dfig auf handtuchtrockenem Haar verteilen. F\u00fcr maximale Ergebnisse das Haar trocken f\u00f6hnen. Anschlie\u00dfend erneut in die L\u00e4ngen und Spitzen geben f\u00fcr noch mehr Frizz Kontrolle.<\/p>\n<h3>\u00dcber Redken Frizz Dismiss<\/h3>\n<p>Ma\u00dfgeschneiderte Anti-Frizz-Pflege je nach Haartyp und Luftfeuchtigkeit<\/p>\n<p>Frizz ist kein Problem eines speziellen Haartyps. Jedes Haar reagiert mehr oder weniger auf hohe Luftfeuchtigkeit &#8211; die Ursache einer \u201efrizzigen\u201c, aufgerauten Haarstruktur. Redken pr\u00e4sentiert mit dem neuen Redken Frizz Dismiss ein ma\u00dfgeschneidertes Pflegeprogramm f\u00fcr jeden Haar- und Frizztyp! Die 7 innovativen Formulierungen sind die erste professionelle Frizz-L\u00f6sung zugeschnitten auf alle Arten von Luftfeuchtigkeit. Das Resultat: Eine wunderbar gegl\u00e4ttete Haarstruktur, die seidig gl\u00e4nzt und optimal gesch\u00fctzt ist.<\/p>\n<p>Ganz gleich ob das Haar fein, kr\u00e4ftig oder lockig ist &#8211; wird es einer hohen Luftfeuchtigkeit ausgesetzt, reagiert es in den meisten F\u00e4llen mit einer aufgequollenen Haarstruktur. Denn die Haarfaser saugt \u00fcbersch\u00fcssiges Wasser aus der Luft auf und schwillt an. Das Resultat: Frizz, der das Haar kraft- und glanzlos erscheinen l\u00e4sst. Die Haarstruktur wird durch die immer wieder auf das Haar einwirkende Luftfeuchtigkeit ver\u00e4ndert. Der haareigene Frizz-Faktor wird erh\u00f6ht und mit ihm steigt das Schutzbed\u00fcrfnis.<\/p>\n<p><strong>Inhalt: 250 ml<\/strong><\/p>\n<\/div>\n","protected":false},"excerpt":{"rendered":"<p><strong>Leave-In Pflege<\/strong><\/p>\n<p>Das<strong> Redken Frizz Dismiss Rebel Tame<\/strong> Gl\u00e4ttungs-Serum ist eine Leave-in Pflege mit Hitze- und Feuchtigkeitsschutz. Gleichzeitig bietet das Serum Kontrolle von unerw\u00fcnschten Volumen. Es verf\u00fcgt \u00fcber Frizz-Schutz-Faktor 30 f\u00fcr mittlere bis maximale Frizz Kontrolle und sorgt zudem f\u00fcr mehr Glanz. Ein Hitzeschutz ist bis zu 230\u00b0 gew\u00e4hrleistet.<\/p>\n<p>&nbsp;<\/p>\n","protected":false},"featured_media":20176,"comment_status":"open","ping_status":"closed","template":"","meta":{"_exactmetrics_skip_tracking":false,"_exactmetrics_sitenote_active":false,"_exactmetrics_sitenote_note":"","_exactmetrics_sitenote_category":0,"_monsterinsights_skip_tracking":false,"_monsterinsights_sitenote_active":false,"_monsterinsights_sitenote_note":"","_monsterinsights_sitenote_category":0},"pwb-brand":[],"product_brand":[613],"product_cat":[535,500,553],"product_tag":[],"class_list":{"0":"post-9449","1":"product","2":"type-product","3":"status-publish","4":"has-post-thumbnail","6":"product_brand-redken-2","7":"product_cat-frizz-dismiss","8":"product_cat-redken","9":"product_cat-redken-haarpflege","10":"pa_inhalt-622","12":"first","13":"instock","14":"taxable","15":"shipping-taxable","16":"purchasable","17":"product-type-simple"},"yoast_head":"<!-- This site is optimized with the Yoast SEO plugin v24.6 - https:\/\/yoast.com\/wordpress\/plugins\/seo\/ -->\n<title>Frizz Dismiss Rebel Tame 250 ml<\/title>\n<meta name=\"robots\" content=\"index, follow, max-snippet:-1, max-image-preview:large, max-video-preview:-1\" \/>\n<link rel=\"canonical\" href=\"https:\/\/www.friseur-hopmann.de\/?product=frizz-dismiss-rebel-tame-250-ml\" \/>\n<meta property=\"og:locale\" content=\"de_DE\" \/>\n<meta property=\"og:type\" content=\"article\" \/>\n<meta property=\"og:title\" content=\"Frizz Dismiss Rebel Tame 250 ml\" \/>\n<meta property=\"og:description\" content=\"Leave-In Pflege  Das Redken Frizz Dismiss Rebel Tame Gl\u00e4ttungs-Serum ist eine Leave-in Pflege mit Hitze- und Feuchtigkeitsschutz. Gleichzeitig bietet das Serum Kontrolle von unerw\u00fcnschten Volumen. Es verf\u00fcgt \u00fcber Frizz-Schutz-Faktor 30 f\u00fcr mittlere bis maximale Frizz Kontrolle und sorgt zudem f\u00fcr mehr Glanz. Ein Hitzeschutz ist bis zu 230\u00b0 gew\u00e4hrleistet.  &nbsp;\" \/>\n<meta property=\"og:url\" content=\"https:\/\/www.friseur-hopmann.de\/?product=frizz-dismiss-rebel-tame-250-ml\" \/>\n<meta property=\"og:site_name\" content=\"Friseur Hopmann Hairstyling\" \/>\n<meta property=\"article:modified_time\" content=\"2023-05-02T08:18:43+00:00\" \/>\n<meta property=\"og:image\" content=\"https:\/\/www.friseur-hopmann.de\/wp-content\/uploads\/2017\/05\/Frizz-dismissRebel.jpg\" \/>\n\t<meta property=\"og:image:width\" content=\"500\" \/>\n\t<meta property=\"og:image:height\" content=\"500\" \/>\n\t<meta property=\"og:image:type\" content=\"image\/jpeg\" \/>\n<meta name=\"twitter:card\" content=\"summary_large_image\" \/>\n<meta name=\"twitter:label1\" content=\"Gesch\u00e4tzte Lesezeit\" \/>\n\t<meta name=\"twitter:data1\" content=\"1\u00a0Minute\" \/>\n<script type=\"application\/ld+json\" class=\"yoast-schema-graph\">{\"@context\":\"https:\/\/schema.org\",\"@graph\":[{\"@type\":\"WebPage\",\"@id\":\"https:\/\/www.friseur-hopmann.de\/?product=frizz-dismiss-rebel-tame-250-ml\",\"url\":\"https:\/\/www.friseur-hopmann.de\/?product=frizz-dismiss-rebel-tame-250-ml\",\"name\":\"Frizz Dismiss Rebel Tame 250 ml\",\"isPartOf\":{\"@id\":\"https:\/\/www.friseur-hopmann.de\/#website\"},\"primaryImageOfPage\":{\"@id\":\"https:\/\/www.friseur-hopmann.de\/?product=frizz-dismiss-rebel-tame-250-ml#primaryimage\"},\"image\":{\"@id\":\"https:\/\/www.friseur-hopmann.de\/?product=frizz-dismiss-rebel-tame-250-ml#primaryimage\"},\"thumbnailUrl\":\"https:\/\/www.friseur-hopmann.de\/wp-content\/uploads\/2017\/05\/Frizz-dismissRebel.jpg\",\"datePublished\":\"2017-05-01T08:05:19+00:00\",\"dateModified\":\"2023-05-02T08:18:43+00:00\",\"breadcrumb\":{\"@id\":\"https:\/\/www.friseur-hopmann.de\/?product=frizz-dismiss-rebel-tame-250-ml#breadcrumb\"},\"inLanguage\":\"de\",\"potentialAction\":[{\"@type\":\"ReadAction\",\"target\":[\"https:\/\/www.friseur-hopmann.de\/?product=frizz-dismiss-rebel-tame-250-ml\"]}]},{\"@type\":\"ImageObject\",\"inLanguage\":\"de\",\"@id\":\"https:\/\/www.friseur-hopmann.de\/?product=frizz-dismiss-rebel-tame-250-ml#primaryimage\",\"url\":\"https:\/\/www.friseur-hopmann.de\/wp-content\/uploads\/2017\/05\/Frizz-dismissRebel.jpg\",\"contentUrl\":\"https:\/\/www.friseur-hopmann.de\/wp-content\/uploads\/2017\/05\/Frizz-dismissRebel.jpg\",\"width\":500,\"height\":500},{\"@type\":\"BreadcrumbList\",\"@id\":\"https:\/\/www.friseur-hopmann.de\/?product=frizz-dismiss-rebel-tame-250-ml#breadcrumb\",\"itemListElement\":[{\"@type\":\"ListItem\",\"position\":1,\"name\":\"Startseite\",\"item\":\"https:\/\/www.friseur-hopmann.de\/\"},{\"@type\":\"ListItem\",\"position\":2,\"name\":\"Produkte\",\"item\":\"https:\/\/www.friseur-hopmann.de\/?post_type=product\"},{\"@type\":\"ListItem\",\"position\":3,\"name\":\"Frizz Dismiss Rebel Tame 250 ml\"}]},{\"@type\":\"WebSite\",\"@id\":\"https:\/\/www.friseur-hopmann.de\/#website\",\"url\":\"https:\/\/www.friseur-hopmann.de\/\",\"name\":\"Friseur Hopmann Hairstyling\",\"description\":\"Ihr Friseur in Nordhorn\",\"potentialAction\":[{\"@type\":\"SearchAction\",\"target\":{\"@type\":\"EntryPoint\",\"urlTemplate\":\"https:\/\/www.friseur-hopmann.de\/?s={search_term_string}\"},\"query-input\":{\"@type\":\"PropertyValueSpecification\",\"valueRequired\":true,\"valueName\":\"search_term_string\"}}],\"inLanguage\":\"de\"}]}<\/script>\n<!-- \/ Yoast SEO plugin. -->","yoast_head_json":{"title":"Frizz Dismiss Rebel Tame 250 ml","robots":{"index":"index","follow":"follow","max-snippet":"max-snippet:-1","max-image-preview":"max-image-preview:large","max-video-preview":"max-video-preview:-1"},"canonical":"https:\/\/www.friseur-hopmann.de\/?product=frizz-dismiss-rebel-tame-250-ml","og_locale":"de_DE","og_type":"article","og_title":"Frizz Dismiss Rebel Tame 250 ml","og_description":"Leave-In Pflege  Das Redken Frizz Dismiss Rebel Tame Gl\u00e4ttungs-Serum ist eine Leave-in Pflege mit Hitze- und Feuchtigkeitsschutz. Gleichzeitig bietet das Serum Kontrolle von unerw\u00fcnschten Volumen. Es verf\u00fcgt \u00fcber Frizz-Schutz-Faktor 30 f\u00fcr mittlere bis maximale Frizz Kontrolle und sorgt zudem f\u00fcr mehr Glanz. Ein Hitzeschutz ist bis zu 230\u00b0 gew\u00e4hrleistet.  &nbsp;","og_url":"https:\/\/www.friseur-hopmann.de\/?product=frizz-dismiss-rebel-tame-250-ml","og_site_name":"Friseur Hopmann Hairstyling","article_modified_time":"2023-05-02T08:18:43+00:00","og_image":[{"width":500,"height":500,"url":"https:\/\/www.friseur-hopmann.de\/wp-content\/uploads\/2017\/05\/Frizz-dismissRebel.jpg","type":"image\/jpeg"}],"twitter_card":"summary_large_image","twitter_misc":{"Gesch\u00e4tzte Lesezeit":"1\u00a0Minute"},"schema":{"@context":"https:\/\/schema.org","@graph":[{"@type":"WebPage","@id":"https:\/\/www.friseur-hopmann.de\/?product=frizz-dismiss-rebel-tame-250-ml","url":"https:\/\/www.friseur-hopmann.de\/?product=frizz-dismiss-rebel-tame-250-ml","name":"Frizz Dismiss Rebel Tame 250 ml","isPartOf":{"@id":"https:\/\/www.friseur-hopmann.de\/#website"},"primaryImageOfPage":{"@id":"https:\/\/www.friseur-hopmann.de\/?product=frizz-dismiss-rebel-tame-250-ml#primaryimage"},"image":{"@id":"https:\/\/www.friseur-hopmann.de\/?product=frizz-dismiss-rebel-tame-250-ml#primaryimage"},"thumbnailUrl":"https:\/\/www.friseur-hopmann.de\/wp-content\/uploads\/2017\/05\/Frizz-dismissRebel.jpg","datePublished":"2017-05-01T08:05:19+00:00","dateModified":"2023-05-02T08:18:43+00:00","breadcrumb":{"@id":"https:\/\/www.friseur-hopmann.de\/?product=frizz-dismiss-rebel-tame-250-ml#breadcrumb"},"inLanguage":"de","potentialAction":[{"@type":"ReadAction","target":["https:\/\/www.friseur-hopmann.de\/?product=frizz-dismiss-rebel-tame-250-ml"]}]},{"@type":"ImageObject","inLanguage":"de","@id":"https:\/\/www.friseur-hopmann.de\/?product=frizz-dismiss-rebel-tame-250-ml#primaryimage","url":"https:\/\/www.friseur-hopmann.de\/wp-content\/uploads\/2017\/05\/Frizz-dismissRebel.jpg","contentUrl":"https:\/\/www.friseur-hopmann.de\/wp-content\/uploads\/2017\/05\/Frizz-dismissRebel.jpg","width":500,"height":500},{"@type":"BreadcrumbList","@id":"https:\/\/www.friseur-hopmann.de\/?product=frizz-dismiss-rebel-tame-250-ml#breadcrumb","itemListElement":[{"@type":"ListItem","position":1,"name":"Startseite","item":"https:\/\/www.friseur-hopmann.de\/"},{"@type":"ListItem","position":2,"name":"Produkte","item":"https:\/\/www.friseur-hopmann.de\/?post_type=product"},{"@type":"ListItem","position":3,"name":"Frizz Dismiss Rebel Tame 250 ml"}]},{"@type":"WebSite","@id":"https:\/\/www.friseur-hopmann.de\/#website","url":"https:\/\/www.friseur-hopmann.de\/","name":"Friseur Hopmann Hairstyling","description":"Ihr Friseur in Nordhorn","potentialAction":[{"@type":"SearchAction","target":{"@type":"EntryPoint","urlTemplate":"https:\/\/www.friseur-hopmann.de\/?s={search_term_string}"},"query-input":{"@type":"PropertyValueSpecification","valueRequired":true,"valueName":"search_term_string"}}],"inLanguage":"de"}]}},"brands":[],"_links":{"self":[{"href":"https:\/\/www.friseur-hopmann.de\/index.php?rest_route=\/wp\/v2\/product\/9449","targetHints":{"allow":["GET"]}}],"collection":[{"href":"https:\/\/www.friseur-hopmann.de\/index.php?rest_route=\/wp\/v2\/product"}],"about":[{"href":"https:\/\/www.friseur-hopmann.de\/index.php?rest_route=\/wp\/v2\/types\/product"}],"replies":[{"embeddable":true,"href":"https:\/\/www.friseur-hopmann.de\/index.php?rest_route=%2Fwp%2Fv2%2Fcomments&post=9449"}],"wp:featuredmedia":[{"embeddable":true,"href":"https:\/\/www.friseur-hopmann.de\/index.php?rest_route=\/wp\/v2\/media\/20176"}],"wp:attachment":[{"href":"https:\/\/www.friseur-hopmann.de\/index.php?rest_route=%2Fwp%2Fv2%2Fmedia&parent=9449"}],"wp:term":[{"taxonomy":"pwb-brand","embeddable":true,"href":"https:\/\/www.friseur-hopmann.de\/index.php?rest_route=%2Fwp%2Fv2%2Fpwb-brand&post=9449"},{"taxonomy":"product_brand","embeddable":true,"href":"https:\/\/www.friseur-hopmann.de\/index.php?rest_route=%2Fwp%2Fv2%2Fproduct_brand&post=9449"},{"taxonomy":"product_cat","embeddable":true,"href":"https:\/\/www.friseur-hopmann.de\/index.php?rest_route=%2Fwp%2Fv2%2Fproduct_cat&post=9449"},{"taxonomy":"product_tag","embeddable":true,"href":"https:\/\/www.friseur-hopmann.de\/index.php?rest_route=%2Fwp%2Fv2%2Fproduct_tag&post=9449"}],"curies":[{"name":"wp","href":"https:\/\/api.w.org\/{rel}","templated":true}]}}