{"id":9429,"date":"2017-05-01T10:05:19","date_gmt":"2017-05-01T08:05:19","guid":{"rendered":"http:\/\/www.friseur-hopmann.de\/?post_type=product&#038;p=9429"},"modified":"2025-01-04T21:53:20","modified_gmt":"2025-01-04T19:53:20","slug":"volume-high-rise-conditioner-1000-ml","status":"publish","type":"product","link":"https:\/\/www.friseur-hopmann.de\/?product=volume-high-rise-conditioner-1000-ml","title":{"rendered":"REDKEN VOLUME INJECTION Conditioner 1000 ml"},"content":{"rendered":"<h3>Produktbeschreibung:<\/h3>\n<p>Redken Volume Injection Conditioner<\/p>\n<p>Unterst\u00fctzt glamour\u00f6ses Volumen das andere in den Schatten stellt!<\/p>\n<p>Eigenschaften Redken Volume Injection Conditioner<\/p>\n<p>glamour\u00f6ses Volumen und F\u00fclle<\/p>\n<p>volumin\u00f6ses, seidiges und gl\u00e4nzendes Finish<\/p>\n<p>unterst\u00fctzt den Extra-Boost an Volumen dank der Formel mit Filloxane und pflegenden Polymeren<\/p>\n<p>pflegt sanft<\/p>\n<p>hinterl\u00e4sst seidiges, kontrollierbares und gl\u00e4nzendes Haar<\/p>\n<p>leichter, orientalisch blumiger Duft<\/p>\n<h3>Haartyp \/ Zielgruppe:<\/h3>\n<p>alle Haartypen, d\u00fcnnes Haar, feines Haar, kraftloses Haar, normales Haar.<\/p>\n<p>Wunsch nach Haarf\u00fclle und Volumen<\/p>\n<h3>Technologie:<\/h3>\n<p>Formel mit Filloxane und pflegenden Polymeren.<\/p>\n<h3>Anwendung:<\/h3>\n<p>\u2022 In den H\u00e4nden vermischen und auf das handtuchtrockene Haar auftragen.<\/p>\n<p>Anschlie\u00dfend vom Ansatz bis zur Spitze durchk\u00e4mmen.<\/p>\n<p>\u2022 F\u00fcr zus\u00e4tzliches Volumen am Ansatz mit einer Rundb\u00fcrste trocken f\u00f6hnen.<\/p>\n<h3>Inhalt: 1000 ml<\/h3>\n<h3>Erg\u00e4nzungsprodukte:<\/h3>\n<p>Tipp:\u00a0 Redken Volume Injection Shampoo<\/p>\n","protected":false},"excerpt":{"rendered":"<p>Conditioner, Schnellpflege<\/p>\n<p>Redken Volume Injection Conditioner<\/p>\n<p>unterst\u00fctzt glamour\u00f6ses Volumen<\/p>\n<p>unterst\u00fctzt den Extra-Boost an Volumen dank der Formel mit Filloxane und pflegenden Polymeren<\/p>\n<p>pflegt sanft<\/p>\n<p>hinterl\u00e4sst seidiges, kontrollierbares und gl\u00e4nzendes Haar<\/p>\n<p>leichter, orientalisch blumiger Duft<\/p>\n","protected":false},"featured_media":17288,"comment_status":"open","ping_status":"closed","template":"","meta":{"_exactmetrics_skip_tracking":false,"_exactmetrics_sitenote_active":false,"_exactmetrics_sitenote_note":"","_exactmetrics_sitenote_category":0,"_monsterinsights_skip_tracking":false,"_monsterinsights_sitenote_active":false,"_monsterinsights_sitenote_note":"","_monsterinsights_sitenote_category":0},"pwb-brand":[],"product_brand":[613],"product_cat":[500,552,583,941],"product_tag":[695,929,815,928,734],"class_list":{"0":"post-9429","1":"product","2":"type-product","3":"status-publish","4":"has-post-thumbnail","6":"product_brand-redken-2","7":"product_cat-redken","8":"product_cat-redken-conditioner","9":"product_cat-volume-injection","10":"product_cat-1000ml","11":"product_tag-conditioner","12":"product_tag-haarfestigkeit","13":"product_tag-haarfuelle","14":"product_tag-haarglanz","15":"product_tag-volumen","16":"pa_inhalt-620","18":"first","19":"instock","20":"taxable","21":"shipping-taxable","22":"purchasable","23":"product-type-simple"},"yoast_head":"<!-- This site is optimized with the Yoast SEO plugin v24.6 - https:\/\/yoast.com\/wordpress\/plugins\/seo\/ -->\n<title>Volume High Rise Conditioner 1000 ml<\/title>\n<meta name=\"robots\" content=\"index, follow, max-snippet:-1, max-image-preview:large, max-video-preview:-1\" \/>\n<link rel=\"canonical\" href=\"https:\/\/www.friseur-hopmann.de\/?product=volume-high-rise-conditioner-1000-ml\" \/>\n<meta property=\"og:locale\" content=\"de_DE\" \/>\n<meta property=\"og:type\" content=\"article\" \/>\n<meta property=\"og:title\" content=\"Volume High Rise Conditioner 1000 ml\" \/>\n<meta property=\"og:description\" content=\"Conditioner, Schnellpflege  Redken Volume Injection Conditioner  unterst\u00fctzt glamour\u00f6ses Volumen  unterst\u00fctzt den Extra-Boost an Volumen dank der Formel mit Filloxane und pflegenden Polymeren  pflegt sanft  hinterl\u00e4sst seidiges, kontrollierbares und gl\u00e4nzendes Haar  leichter, orientalisch blumiger Duft\" \/>\n<meta property=\"og:url\" content=\"https:\/\/www.friseur-hopmann.de\/?product=volume-high-rise-conditioner-1000-ml\" \/>\n<meta property=\"og:site_name\" content=\"Friseur Hopmann Hairstyling\" \/>\n<meta property=\"article:modified_time\" content=\"2025-01-04T19:53:20+00:00\" \/>\n<meta property=\"og:image\" content=\"http:\/\/www.friseur-hopmann.de\/wp-content\/uploads\/2017\/05\/Redken-vol-injek-cond.1000ml.jpg\" \/>\n\t<meta property=\"og:image:width\" content=\"500\" \/>\n\t<meta property=\"og:image:height\" content=\"500\" \/>\n\t<meta property=\"og:image:type\" content=\"image\/jpeg\" \/>\n<meta name=\"twitter:card\" content=\"summary_large_image\" \/>\n<meta name=\"twitter:label1\" content=\"Gesch\u00e4tzte Lesezeit\" \/>\n\t<meta name=\"twitter:data1\" content=\"1\u00a0Minute\" \/>\n<script type=\"application\/ld+json\" class=\"yoast-schema-graph\">{\"@context\":\"https:\/\/schema.org\",\"@graph\":[{\"@type\":\"WebPage\",\"@id\":\"https:\/\/www.friseur-hopmann.de\/?product=volume-high-rise-conditioner-1000-ml\",\"url\":\"https:\/\/www.friseur-hopmann.de\/?product=volume-high-rise-conditioner-1000-ml\",\"name\":\"Volume High Rise Conditioner 1000 ml\",\"isPartOf\":{\"@id\":\"https:\/\/www.friseur-hopmann.de\/#website\"},\"primaryImageOfPage\":{\"@id\":\"https:\/\/www.friseur-hopmann.de\/?product=volume-high-rise-conditioner-1000-ml#primaryimage\"},\"image\":{\"@id\":\"https:\/\/www.friseur-hopmann.de\/?product=volume-high-rise-conditioner-1000-ml#primaryimage\"},\"thumbnailUrl\":\"https:\/\/www.friseur-hopmann.de\/wp-content\/uploads\/2017\/05\/Redken-vol-injek-cond.1000ml.jpg\",\"datePublished\":\"2017-05-01T08:05:19+00:00\",\"dateModified\":\"2025-01-04T19:53:20+00:00\",\"breadcrumb\":{\"@id\":\"https:\/\/www.friseur-hopmann.de\/?product=volume-high-rise-conditioner-1000-ml#breadcrumb\"},\"inLanguage\":\"de\",\"potentialAction\":[{\"@type\":\"ReadAction\",\"target\":[\"https:\/\/www.friseur-hopmann.de\/?product=volume-high-rise-conditioner-1000-ml\"]}]},{\"@type\":\"ImageObject\",\"inLanguage\":\"de\",\"@id\":\"https:\/\/www.friseur-hopmann.de\/?product=volume-high-rise-conditioner-1000-ml#primaryimage\",\"url\":\"https:\/\/www.friseur-hopmann.de\/wp-content\/uploads\/2017\/05\/Redken-vol-injek-cond.1000ml.jpg\",\"contentUrl\":\"https:\/\/www.friseur-hopmann.de\/wp-content\/uploads\/2017\/05\/Redken-vol-injek-cond.1000ml.jpg\",\"width\":500,\"height\":500},{\"@type\":\"BreadcrumbList\",\"@id\":\"https:\/\/www.friseur-hopmann.de\/?product=volume-high-rise-conditioner-1000-ml#breadcrumb\",\"itemListElement\":[{\"@type\":\"ListItem\",\"position\":1,\"name\":\"Startseite\",\"item\":\"https:\/\/www.friseur-hopmann.de\/\"},{\"@type\":\"ListItem\",\"position\":2,\"name\":\"Produkte\",\"item\":\"https:\/\/www.friseur-hopmann.de\/?post_type=product\"},{\"@type\":\"ListItem\",\"position\":3,\"name\":\"REDKEN VOLUME INJECTION Conditioner 1000 ml\"}]},{\"@type\":\"WebSite\",\"@id\":\"https:\/\/www.friseur-hopmann.de\/#website\",\"url\":\"https:\/\/www.friseur-hopmann.de\/\",\"name\":\"Friseur Hopmann Hairstyling\",\"description\":\"Ihr Friseur in Nordhorn\",\"potentialAction\":[{\"@type\":\"SearchAction\",\"target\":{\"@type\":\"EntryPoint\",\"urlTemplate\":\"https:\/\/www.friseur-hopmann.de\/?s={search_term_string}\"},\"query-input\":{\"@type\":\"PropertyValueSpecification\",\"valueRequired\":true,\"valueName\":\"search_term_string\"}}],\"inLanguage\":\"de\"}]}<\/script>\n<!-- \/ Yoast SEO plugin. -->","yoast_head_json":{"title":"Volume High Rise Conditioner 1000 ml","robots":{"index":"index","follow":"follow","max-snippet":"max-snippet:-1","max-image-preview":"max-image-preview:large","max-video-preview":"max-video-preview:-1"},"canonical":"https:\/\/www.friseur-hopmann.de\/?product=volume-high-rise-conditioner-1000-ml","og_locale":"de_DE","og_type":"article","og_title":"Volume High Rise Conditioner 1000 ml","og_description":"Conditioner, Schnellpflege  Redken Volume Injection Conditioner  unterst\u00fctzt glamour\u00f6ses Volumen  unterst\u00fctzt den Extra-Boost an Volumen dank der Formel mit Filloxane und pflegenden Polymeren  pflegt sanft  hinterl\u00e4sst seidiges, kontrollierbares und gl\u00e4nzendes Haar  leichter, orientalisch blumiger Duft","og_url":"https:\/\/www.friseur-hopmann.de\/?product=volume-high-rise-conditioner-1000-ml","og_site_name":"Friseur Hopmann Hairstyling","article_modified_time":"2025-01-04T19:53:20+00:00","og_image":[{"width":500,"height":500,"url":"http:\/\/www.friseur-hopmann.de\/wp-content\/uploads\/2017\/05\/Redken-vol-injek-cond.1000ml.jpg","type":"image\/jpeg"}],"twitter_card":"summary_large_image","twitter_misc":{"Gesch\u00e4tzte Lesezeit":"1\u00a0Minute"},"schema":{"@context":"https:\/\/schema.org","@graph":[{"@type":"WebPage","@id":"https:\/\/www.friseur-hopmann.de\/?product=volume-high-rise-conditioner-1000-ml","url":"https:\/\/www.friseur-hopmann.de\/?product=volume-high-rise-conditioner-1000-ml","name":"Volume High Rise Conditioner 1000 ml","isPartOf":{"@id":"https:\/\/www.friseur-hopmann.de\/#website"},"primaryImageOfPage":{"@id":"https:\/\/www.friseur-hopmann.de\/?product=volume-high-rise-conditioner-1000-ml#primaryimage"},"image":{"@id":"https:\/\/www.friseur-hopmann.de\/?product=volume-high-rise-conditioner-1000-ml#primaryimage"},"thumbnailUrl":"https:\/\/www.friseur-hopmann.de\/wp-content\/uploads\/2017\/05\/Redken-vol-injek-cond.1000ml.jpg","datePublished":"2017-05-01T08:05:19+00:00","dateModified":"2025-01-04T19:53:20+00:00","breadcrumb":{"@id":"https:\/\/www.friseur-hopmann.de\/?product=volume-high-rise-conditioner-1000-ml#breadcrumb"},"inLanguage":"de","potentialAction":[{"@type":"ReadAction","target":["https:\/\/www.friseur-hopmann.de\/?product=volume-high-rise-conditioner-1000-ml"]}]},{"@type":"ImageObject","inLanguage":"de","@id":"https:\/\/www.friseur-hopmann.de\/?product=volume-high-rise-conditioner-1000-ml#primaryimage","url":"https:\/\/www.friseur-hopmann.de\/wp-content\/uploads\/2017\/05\/Redken-vol-injek-cond.1000ml.jpg","contentUrl":"https:\/\/www.friseur-hopmann.de\/wp-content\/uploads\/2017\/05\/Redken-vol-injek-cond.1000ml.jpg","width":500,"height":500},{"@type":"BreadcrumbList","@id":"https:\/\/www.friseur-hopmann.de\/?product=volume-high-rise-conditioner-1000-ml#breadcrumb","itemListElement":[{"@type":"ListItem","position":1,"name":"Startseite","item":"https:\/\/www.friseur-hopmann.de\/"},{"@type":"ListItem","position":2,"name":"Produkte","item":"https:\/\/www.friseur-hopmann.de\/?post_type=product"},{"@type":"ListItem","position":3,"name":"REDKEN VOLUME INJECTION Conditioner 1000 ml"}]},{"@type":"WebSite","@id":"https:\/\/www.friseur-hopmann.de\/#website","url":"https:\/\/www.friseur-hopmann.de\/","name":"Friseur Hopmann Hairstyling","description":"Ihr Friseur in Nordhorn","potentialAction":[{"@type":"SearchAction","target":{"@type":"EntryPoint","urlTemplate":"https:\/\/www.friseur-hopmann.de\/?s={search_term_string}"},"query-input":{"@type":"PropertyValueSpecification","valueRequired":true,"valueName":"search_term_string"}}],"inLanguage":"de"}]}},"brands":[],"_links":{"self":[{"href":"https:\/\/www.friseur-hopmann.de\/index.php?rest_route=\/wp\/v2\/product\/9429","targetHints":{"allow":["GET"]}}],"collection":[{"href":"https:\/\/www.friseur-hopmann.de\/index.php?rest_route=\/wp\/v2\/product"}],"about":[{"href":"https:\/\/www.friseur-hopmann.de\/index.php?rest_route=\/wp\/v2\/types\/product"}],"replies":[{"embeddable":true,"href":"https:\/\/www.friseur-hopmann.de\/index.php?rest_route=%2Fwp%2Fv2%2Fcomments&post=9429"}],"wp:featuredmedia":[{"embeddable":true,"href":"https:\/\/www.friseur-hopmann.de\/index.php?rest_route=\/wp\/v2\/media\/17288"}],"wp:attachment":[{"href":"https:\/\/www.friseur-hopmann.de\/index.php?rest_route=%2Fwp%2Fv2%2Fmedia&parent=9429"}],"wp:term":[{"taxonomy":"pwb-brand","embeddable":true,"href":"https:\/\/www.friseur-hopmann.de\/index.php?rest_route=%2Fwp%2Fv2%2Fpwb-brand&post=9429"},{"taxonomy":"product_brand","embeddable":true,"href":"https:\/\/www.friseur-hopmann.de\/index.php?rest_route=%2Fwp%2Fv2%2Fproduct_brand&post=9429"},{"taxonomy":"product_cat","embeddable":true,"href":"https:\/\/www.friseur-hopmann.de\/index.php?rest_route=%2Fwp%2Fv2%2Fproduct_cat&post=9429"},{"taxonomy":"product_tag","embeddable":true,"href":"https:\/\/www.friseur-hopmann.de\/index.php?rest_route=%2Fwp%2Fv2%2Fproduct_tag&post=9429"}],"curies":[{"name":"wp","href":"https:\/\/api.w.org\/{rel}","templated":true}]}}