{"id":9421,"date":"2014-10-26T10:05:19","date_gmt":"2014-10-26T08:05:19","guid":{"rendered":"http:\/\/www.friseur-hopmann.de\/?post_type=product&#038;p=9421"},"modified":"2026-04-22T10:52:26","modified_gmt":"2026-04-22T08:52:26","slug":"elements-conditioner-1000-ml","status":"publish","type":"product","link":"https:\/\/www.friseur-hopmann.de\/?product=elements-conditioner-1000-ml","title":{"rendered":"Elements Renewing Conditioner 1000 ml"},"content":{"rendered":"<h3>Produktbeschreibung:<\/h3>\n<p>Der sofort entwirrende\u00a0<strong>Wella Professionals Care Elements Renewing Conditioner<\/strong>\u00a0stellt die K\u00e4mmbarkeit und den Glanz des Haares wieder her. Er hinterl\u00e4sst ein gepflegtes\u00a0Haargefu\u0308hl und schu\u0308tzt es vor Frizz oder Haarbruch.<\/p>\n<h2>Eigenschaften des\u00a0Wella Professionals Care Elements Renewing Conditioner<\/h2>\n<ul>\n<li>Inhaltsstoffe aus 95% nat\u00fcrlichen Ursprungs<\/li>\n<li>Verleiht einen gesunden Look and Feel<\/li>\n<li>Formuliert ohne Sulfate, Silikone und frei von Inhaltsstoffen tierischen Ursprungs<\/li>\n<li>Dermatologisch getestet<\/li>\n<li>Flasche aus 50 % recyceltem Plastik<\/li>\n<\/ul>\n<h2>Anwendung des\u00a0Wella Professionals Care Elements Renewing Conditioner<\/h2>\n<p>Auf die feuchten L\u00e4ngen und Spitzen auftragen, 30 Sekunden einwirken lassen und gru\u0308ndlich ausspu\u0308len.<\/p>\n<h2>\u00dcber Wella Professionals Care Elements<\/h2>\n<p>Elements ist die sanfteste Haarpflegelinie von Wella Professionals f\u00fcr ein Gef\u00fchl von gesundem Haar und Kopfhaut. F\u00fchlen Sie den sanften Unterschied mit unseren pflegenden und hochleistungsf\u00e4higen Rezepturen mit bis zu 99 % Inhaltsstoffen nat\u00fcrlichen Ursprungs, frei von Inhaltsstoffen tierischen Ursprungs und formuliert ohne Silikone und Sulfate.<\/p>\n<h3>Haartyp\/Zielgruppe:<\/h3>\n<p>F\u00fcr alle Haarqualit\u00e4ten.<\/p>\n<p>Sehr Hautvertr\u00e4glich.<\/p>\n<h3><strong>Inhaltsstoffe:<\/strong><\/h3>\n<table id=\"product-attribute-specs-table\" class=\"data table additional-attributes\">\n<tbody>\n<tr>\n<th class=\"col label\" scope=\"row\">Menge<\/th>\n<td class=\"col data\" data-th=\"Menge\">1000 ml<\/td>\n<\/tr>\n<tr>\n<th class=\"col label\" scope=\"row\">Marke<\/th>\n<td class=\"col data\" data-th=\"Marke\">Wella<\/td>\n<\/tr>\n<tr>\n<th class=\"col label\" scope=\"row\">Produkttyp<\/th>\n<td class=\"col data\" data-th=\"Produkttyp\">Conditioner<\/td>\n<\/tr>\n<tr>\n<th class=\"col label\" scope=\"row\">Haartyp<\/th>\n<td class=\"col data\" data-th=\"Haartyp\">alle Haartypen<\/td>\n<\/tr>\n<tr>\n<th class=\"col label\" scope=\"row\">Wirkung<\/th>\n<td class=\"col data\" data-th=\"Wirkung\">Anti-Frizz, Entwirrend, Geschmeidigkeit, Glanz, Pflegend, Sch\u00fctzend<\/td>\n<\/tr>\n<tr>\n<th class=\"col label\" scope=\"row\">Inhaltsstoffe<\/th>\n<td class=\"col data\" data-th=\"Inhaltsstoffe\">Aloe-Vera, Vitamin E<\/td>\n<\/tr>\n<tr>\n<th class=\"col label\" scope=\"row\">Inhaltsstoffe<\/th>\n<td class=\"col data\" data-th=\"Inhaltsstoffe\">Aqua\/Water\/Eau, Hydrogenated Ethylhexyl Olivate, Behentrimonium Chloride, Hydroxypropyl Starch Phosphate, Cetyl Alcohol, Stearyl Alcohol, Phenoxyethanol, Parfum\/Fragrance, Isopropyl Alcohol, Sodium Benzoate, Hydrogenated Olive Oil Unsaponifiables, Tocopheryl Acetate, Citric Acid, Ethylhexylglycerin, Aloe Barbadensis Leaf Juice, Tocopherol, Potassium Sorbate, Sodium Sulfite.Aqua\/Water\/Eau, Hydrogenated Ethylhexyl Olivate, Behentrimonium Chloride, Hydroxypropyl Starch Phosphate, Cetyl Alcohol, Stearyl Alcohol, Phenoxyethanol, Parfum\/Fragrance, Isopropyl Alcohol, Sodium Benzoate, Hydrogenated Olive Oil Unsaponifiables, Tocopheryl Acetate, Citric Acid, Ethylhexylglycerin, Aloe Barbadensis Leaf Juice, Tocopherol, Potassium Sorbate, Sodium Sulfite.<\/td>\n<\/tr>\n<tr>\n<th class=\"col label\" scope=\"row\">Kopfhaut<\/th>\n<td class=\"col data\" data-th=\"Kopfhaut\">fettig\/\u00f6lig, normal<\/td>\n<\/tr>\n<tr>\n<th class=\"col label\" scope=\"row\">EAN<\/th>\n<td class=\"col data\" data-th=\"EAN\">4064666035499<\/td>\n<\/tr>\n<\/tbody>\n<\/table>\n<h3>Erg\u00e4nzungsprodukte:<\/h3>\n<p>Elements Leave-in Spray<\/p>\n<p>Elements Mask<\/p>\n<p>Elements Shampoo<\/p>\n<p><strong>Inhalt:<\/strong> 1000 ml<\/p>\n","protected":false},"excerpt":{"rendered":"<h3>Elements Renewing Conditioner<\/h3>\n<p>Elements ist die sanfteste Haarpflegelinie von Wella Professionals f\u00fcr ein Gef\u00fchl von gesundem Haar und Kopfhaut. F\u00fchlen Sie den sanften Unterschied mit unseren pflegenden und hochleistungsf\u00e4higen Rezepturen mit bis zu 99 % Inhaltsstoffen nat\u00fcrlichen Ursprungs, frei von Inhaltsstoffen tierischen Ursprungs und formuliert ohne Silikone und Sulfate.<\/p>\n<p>&nbsp;<\/p>\n","protected":false},"featured_media":9422,"comment_status":"open","ping_status":"closed","template":"","meta":{"_exactmetrics_skip_tracking":false,"_exactmetrics_sitenote_active":false,"_exactmetrics_sitenote_note":"","_exactmetrics_sitenote_category":0,"_monsterinsights_skip_tracking":false,"_monsterinsights_sitenote_active":false,"_monsterinsights_sitenote_note":"","_monsterinsights_sitenote_category":0},"pwb-brand":[],"product_brand":[614],"product_cat":[585,941],"product_tag":[742,992],"class_list":{"0":"post-9421","1":"product","2":"type-product","3":"status-publish","4":"has-post-thumbnail","6":"product_brand-wella-2","7":"product_cat-elements","8":"product_cat-1000ml","9":"product_tag-natuerliche-inhaltsstoffe","10":"product_tag-parabenfrei","11":"pa_inhalt-620","13":"first","14":"instock","15":"taxable","16":"shipping-taxable","17":"purchasable","18":"product-type-simple"},"yoast_head":"<!-- This site is optimized with the Yoast SEO plugin v24.6 - https:\/\/yoast.com\/wordpress\/plugins\/seo\/ -->\n<title>Elements Conditioner 1000 ml<\/title>\n<meta name=\"robots\" content=\"index, follow, max-snippet:-1, max-image-preview:large, max-video-preview:-1\" \/>\n<link rel=\"canonical\" href=\"https:\/\/www.friseur-hopmann.de\/?product=elements-conditioner-1000-ml\" \/>\n<meta property=\"og:locale\" content=\"de_DE\" \/>\n<meta property=\"og:type\" content=\"article\" \/>\n<meta property=\"og:title\" content=\"Elements Conditioner 1000 ml\" \/>\n<meta property=\"og:description\" content=\"Elements Renewing Conditioner Elements ist die sanfteste Haarpflegelinie von Wella Professionals f\u00fcr ein Gef\u00fchl von gesundem Haar und Kopfhaut. F\u00fchlen Sie den sanften Unterschied mit unseren pflegenden und hochleistungsf\u00e4higen Rezepturen mit bis zu 99 % Inhaltsstoffen nat\u00fcrlichen Ursprungs, frei von Inhaltsstoffen tierischen Ursprungs und formuliert ohne Silikone und Sulfate.  &nbsp;\" \/>\n<meta property=\"og:url\" content=\"https:\/\/www.friseur-hopmann.de\/?product=elements-conditioner-1000-ml\" \/>\n<meta property=\"og:site_name\" content=\"Friseur Hopmann Hairstyling\" \/>\n<meta property=\"article:modified_time\" content=\"2026-04-22T08:52:26+00:00\" \/>\n<meta property=\"og:image\" content=\"http:\/\/www.friseur-hopmann.de\/wp-content\/uploads\/2014\/10\/p-9421-conditioner_1000.jpg\" \/>\n\t<meta property=\"og:image:width\" content=\"1000\" \/>\n\t<meta property=\"og:image:height\" content=\"1000\" \/>\n\t<meta property=\"og:image:type\" content=\"image\/jpeg\" \/>\n<meta name=\"twitter:card\" content=\"summary_large_image\" \/>\n<meta name=\"twitter:label1\" content=\"Gesch\u00e4tzte Lesezeit\" \/>\n\t<meta name=\"twitter:data1\" content=\"2\u00a0Minuten\" \/>\n<script type=\"application\/ld+json\" class=\"yoast-schema-graph\">{\"@context\":\"https:\/\/schema.org\",\"@graph\":[{\"@type\":\"WebPage\",\"@id\":\"https:\/\/www.friseur-hopmann.de\/?product=elements-conditioner-1000-ml\",\"url\":\"https:\/\/www.friseur-hopmann.de\/?product=elements-conditioner-1000-ml\",\"name\":\"Elements Conditioner 1000 ml\",\"isPartOf\":{\"@id\":\"https:\/\/www.friseur-hopmann.de\/#website\"},\"primaryImageOfPage\":{\"@id\":\"https:\/\/www.friseur-hopmann.de\/?product=elements-conditioner-1000-ml#primaryimage\"},\"image\":{\"@id\":\"https:\/\/www.friseur-hopmann.de\/?product=elements-conditioner-1000-ml#primaryimage\"},\"thumbnailUrl\":\"https:\/\/www.friseur-hopmann.de\/wp-content\/uploads\/2014\/10\/p-9421-conditioner_1000.jpg\",\"datePublished\":\"2014-10-26T08:05:19+00:00\",\"dateModified\":\"2026-04-22T08:52:26+00:00\",\"breadcrumb\":{\"@id\":\"https:\/\/www.friseur-hopmann.de\/?product=elements-conditioner-1000-ml#breadcrumb\"},\"inLanguage\":\"de\",\"potentialAction\":[{\"@type\":\"ReadAction\",\"target\":[\"https:\/\/www.friseur-hopmann.de\/?product=elements-conditioner-1000-ml\"]}]},{\"@type\":\"ImageObject\",\"inLanguage\":\"de\",\"@id\":\"https:\/\/www.friseur-hopmann.de\/?product=elements-conditioner-1000-ml#primaryimage\",\"url\":\"https:\/\/www.friseur-hopmann.de\/wp-content\/uploads\/2014\/10\/p-9421-conditioner_1000.jpg\",\"contentUrl\":\"https:\/\/www.friseur-hopmann.de\/wp-content\/uploads\/2014\/10\/p-9421-conditioner_1000.jpg\",\"width\":1000,\"height\":1000,\"caption\":\"Elements Conditioner 1000 ml\"},{\"@type\":\"BreadcrumbList\",\"@id\":\"https:\/\/www.friseur-hopmann.de\/?product=elements-conditioner-1000-ml#breadcrumb\",\"itemListElement\":[{\"@type\":\"ListItem\",\"position\":1,\"name\":\"Startseite\",\"item\":\"https:\/\/www.friseur-hopmann.de\/\"},{\"@type\":\"ListItem\",\"position\":2,\"name\":\"Produkte\",\"item\":\"https:\/\/www.friseur-hopmann.de\/?post_type=product\"},{\"@type\":\"ListItem\",\"position\":3,\"name\":\"Elements Renewing Conditioner 1000 ml\"}]},{\"@type\":\"WebSite\",\"@id\":\"https:\/\/www.friseur-hopmann.de\/#website\",\"url\":\"https:\/\/www.friseur-hopmann.de\/\",\"name\":\"Friseur Hopmann Hairstyling\",\"description\":\"Ihr Friseur in Nordhorn\",\"potentialAction\":[{\"@type\":\"SearchAction\",\"target\":{\"@type\":\"EntryPoint\",\"urlTemplate\":\"https:\/\/www.friseur-hopmann.de\/?s={search_term_string}\"},\"query-input\":{\"@type\":\"PropertyValueSpecification\",\"valueRequired\":true,\"valueName\":\"search_term_string\"}}],\"inLanguage\":\"de\"}]}<\/script>\n<!-- \/ Yoast SEO plugin. -->","yoast_head_json":{"title":"Elements Conditioner 1000 ml","robots":{"index":"index","follow":"follow","max-snippet":"max-snippet:-1","max-image-preview":"max-image-preview:large","max-video-preview":"max-video-preview:-1"},"canonical":"https:\/\/www.friseur-hopmann.de\/?product=elements-conditioner-1000-ml","og_locale":"de_DE","og_type":"article","og_title":"Elements Conditioner 1000 ml","og_description":"Elements Renewing Conditioner Elements ist die sanfteste Haarpflegelinie von Wella Professionals f\u00fcr ein Gef\u00fchl von gesundem Haar und Kopfhaut. F\u00fchlen Sie den sanften Unterschied mit unseren pflegenden und hochleistungsf\u00e4higen Rezepturen mit bis zu 99 % Inhaltsstoffen nat\u00fcrlichen Ursprungs, frei von Inhaltsstoffen tierischen Ursprungs und formuliert ohne Silikone und Sulfate.  &nbsp;","og_url":"https:\/\/www.friseur-hopmann.de\/?product=elements-conditioner-1000-ml","og_site_name":"Friseur Hopmann Hairstyling","article_modified_time":"2026-04-22T08:52:26+00:00","og_image":[{"width":1000,"height":1000,"url":"http:\/\/www.friseur-hopmann.de\/wp-content\/uploads\/2014\/10\/p-9421-conditioner_1000.jpg","type":"image\/jpeg"}],"twitter_card":"summary_large_image","twitter_misc":{"Gesch\u00e4tzte Lesezeit":"2\u00a0Minuten"},"schema":{"@context":"https:\/\/schema.org","@graph":[{"@type":"WebPage","@id":"https:\/\/www.friseur-hopmann.de\/?product=elements-conditioner-1000-ml","url":"https:\/\/www.friseur-hopmann.de\/?product=elements-conditioner-1000-ml","name":"Elements Conditioner 1000 ml","isPartOf":{"@id":"https:\/\/www.friseur-hopmann.de\/#website"},"primaryImageOfPage":{"@id":"https:\/\/www.friseur-hopmann.de\/?product=elements-conditioner-1000-ml#primaryimage"},"image":{"@id":"https:\/\/www.friseur-hopmann.de\/?product=elements-conditioner-1000-ml#primaryimage"},"thumbnailUrl":"https:\/\/www.friseur-hopmann.de\/wp-content\/uploads\/2014\/10\/p-9421-conditioner_1000.jpg","datePublished":"2014-10-26T08:05:19+00:00","dateModified":"2026-04-22T08:52:26+00:00","breadcrumb":{"@id":"https:\/\/www.friseur-hopmann.de\/?product=elements-conditioner-1000-ml#breadcrumb"},"inLanguage":"de","potentialAction":[{"@type":"ReadAction","target":["https:\/\/www.friseur-hopmann.de\/?product=elements-conditioner-1000-ml"]}]},{"@type":"ImageObject","inLanguage":"de","@id":"https:\/\/www.friseur-hopmann.de\/?product=elements-conditioner-1000-ml#primaryimage","url":"https:\/\/www.friseur-hopmann.de\/wp-content\/uploads\/2014\/10\/p-9421-conditioner_1000.jpg","contentUrl":"https:\/\/www.friseur-hopmann.de\/wp-content\/uploads\/2014\/10\/p-9421-conditioner_1000.jpg","width":1000,"height":1000,"caption":"Elements Conditioner 1000 ml"},{"@type":"BreadcrumbList","@id":"https:\/\/www.friseur-hopmann.de\/?product=elements-conditioner-1000-ml#breadcrumb","itemListElement":[{"@type":"ListItem","position":1,"name":"Startseite","item":"https:\/\/www.friseur-hopmann.de\/"},{"@type":"ListItem","position":2,"name":"Produkte","item":"https:\/\/www.friseur-hopmann.de\/?post_type=product"},{"@type":"ListItem","position":3,"name":"Elements Renewing Conditioner 1000 ml"}]},{"@type":"WebSite","@id":"https:\/\/www.friseur-hopmann.de\/#website","url":"https:\/\/www.friseur-hopmann.de\/","name":"Friseur Hopmann Hairstyling","description":"Ihr Friseur in Nordhorn","potentialAction":[{"@type":"SearchAction","target":{"@type":"EntryPoint","urlTemplate":"https:\/\/www.friseur-hopmann.de\/?s={search_term_string}"},"query-input":{"@type":"PropertyValueSpecification","valueRequired":true,"valueName":"search_term_string"}}],"inLanguage":"de"}]}},"brands":[],"_links":{"self":[{"href":"https:\/\/www.friseur-hopmann.de\/index.php?rest_route=\/wp\/v2\/product\/9421","targetHints":{"allow":["GET"]}}],"collection":[{"href":"https:\/\/www.friseur-hopmann.de\/index.php?rest_route=\/wp\/v2\/product"}],"about":[{"href":"https:\/\/www.friseur-hopmann.de\/index.php?rest_route=\/wp\/v2\/types\/product"}],"replies":[{"embeddable":true,"href":"https:\/\/www.friseur-hopmann.de\/index.php?rest_route=%2Fwp%2Fv2%2Fcomments&post=9421"}],"wp:featuredmedia":[{"embeddable":true,"href":"https:\/\/www.friseur-hopmann.de\/index.php?rest_route=\/wp\/v2\/media\/9422"}],"wp:attachment":[{"href":"https:\/\/www.friseur-hopmann.de\/index.php?rest_route=%2Fwp%2Fv2%2Fmedia&parent=9421"}],"wp:term":[{"taxonomy":"pwb-brand","embeddable":true,"href":"https:\/\/www.friseur-hopmann.de\/index.php?rest_route=%2Fwp%2Fv2%2Fpwb-brand&post=9421"},{"taxonomy":"product_brand","embeddable":true,"href":"https:\/\/www.friseur-hopmann.de\/index.php?rest_route=%2Fwp%2Fv2%2Fproduct_brand&post=9421"},{"taxonomy":"product_cat","embeddable":true,"href":"https:\/\/www.friseur-hopmann.de\/index.php?rest_route=%2Fwp%2Fv2%2Fproduct_cat&post=9421"},{"taxonomy":"product_tag","embeddable":true,"href":"https:\/\/www.friseur-hopmann.de\/index.php?rest_route=%2Fwp%2Fv2%2Fproduct_tag&post=9421"}],"curies":[{"name":"wp","href":"https:\/\/api.w.org\/{rel}","templated":true}]}}