{"id":9419,"date":"2014-10-26T10:05:19","date_gmt":"2014-10-26T08:05:19","guid":{"rendered":"http:\/\/www.friseur-hopmann.de\/?post_type=product&#038;p=9419"},"modified":"2025-01-04T21:21:24","modified_gmt":"2025-01-04T19:21:24","slug":"elements-mask-haarkur-500-ml","status":"publish","type":"product","link":"https:\/\/www.friseur-hopmann.de\/?product=elements-mask-haarkur-500-ml","title":{"rendered":"Elements Renewing Mask (Haarkur) 500 ml"},"content":{"rendered":"<h3>Produktbeschreibung:<\/h3>\n<h3>Elements Renewing Mask<\/h3>\n<p>Parabenfreie Haarmaske gegen Haarsch\u00e4den. Sorgt f\u00fcr eine intensive Restrukturierung und f\u00fcr den Erhalt der nat\u00fcrlichen inneren Beschaffenheit und Kraft des Haares.<br \/>\nBesonders feine Creme.<\/p>\n<h3>Anwendung:<\/h3>\n<p>Auf dem gewaschenen handtuchtrockenen Haar verteilen. Einarbeiten.<br \/>\nF\u00fcnf Minuten einwirken lassen. Aussp\u00fclen.<\/p>\n<h3>Inhaltsstoffe:<\/h3>\n<p>NUTREE COMPLEX<\/p>\n<p>NAT\u00dcRLICHER BAUMEXTRAKT: Beruhigt die Kopfhaut und bildet ein Schutzschild gegen Keratinabbau.<\/p>\n<p>PANTHENOL: Dringt tief in das Haar ein, um die Zellstrukturen von innen nach au\u00dfen zu reparieren und die Feuchtigkeit im Haar zu binden.<\/p>\n<p>EDDS: EDDS sch\u00fctzt das Keratin des Haares vor dem Verlust seiner wichtigsten Kompenenten, indem es die Feuchtigkeit im Haar bindet und das Haar kr\u00e4ftigt.<\/p>\n<h3>Haartyp\/Zielgruppe:<\/h3>\n<p>F\u00fcr alle Haarqualit\u00e4ten.<\/p>\n<p>Sehr Hautvertr\u00e4glich.<\/p>\n<h3>Erg\u00e4nzungsprodukte:<\/h3>\n<p>Elements Leave-in Spray<\/p>\n<p>Elements Conditioner<\/p>\n<p>Elements Shampoo<\/p>\n<p><strong>Inhalt:<\/strong> 500 ml<\/p>\n","protected":false},"excerpt":{"rendered":"<h3>Elements Renewing Mask<\/h3>\n<p>Elements ist die sanfteste Haarpflegelinie von Wella Professionals f\u00fcr ein Gef\u00fchl von gesundem Haar und Kopfhaut. F\u00fchlen Sie den sanften Unterschied mit unseren pflegenden und hochleistungsf\u00e4higen Rezepturen mit bis zu 99 % Inhaltsstoffen nat\u00fcrlichen Ursprungs, frei von Inhaltsstoffen tierischen Ursprungs und formuliert ohne Silikone und Sulfate.<\/p>\n","protected":false},"featured_media":9420,"comment_status":"open","ping_status":"closed","template":"","meta":{"_exactmetrics_skip_tracking":false,"_exactmetrics_sitenote_active":false,"_exactmetrics_sitenote_note":"","_exactmetrics_sitenote_category":0,"_monsterinsights_skip_tracking":false,"_monsterinsights_sitenote_active":false,"_monsterinsights_sitenote_note":"","_monsterinsights_sitenote_category":0},"pwb-brand":[],"product_brand":[614],"product_cat":[588,585],"product_tag":[665,992],"class_list":{"0":"post-9419","1":"product","2":"type-product","3":"status-publish","4":"has-post-thumbnail","6":"product_brand-wella-2","7":"product_cat-588","8":"product_cat-elements","9":"product_tag-98-natuetliche-inhaltsstoffe","10":"product_tag-parabenfrei","11":"pa_inhalt-623","13":"first","14":"instock","15":"taxable","16":"shipping-taxable","17":"purchasable","18":"product-type-simple"},"yoast_head":"<!-- This site is optimized with the Yoast SEO plugin v24.6 - https:\/\/yoast.com\/wordpress\/plugins\/seo\/ -->\n<title>Elements Mask (Haarkur) 500 ml<\/title>\n<meta name=\"robots\" content=\"index, follow, max-snippet:-1, max-image-preview:large, max-video-preview:-1\" \/>\n<link rel=\"canonical\" href=\"https:\/\/www.friseur-hopmann.de\/?product=elements-mask-haarkur-500-ml\" \/>\n<meta property=\"og:locale\" content=\"de_DE\" \/>\n<meta property=\"og:type\" content=\"article\" \/>\n<meta property=\"og:title\" content=\"Elements Mask (Haarkur) 500 ml\" \/>\n<meta property=\"og:description\" content=\"Elements Renewing Mask Elements ist die sanfteste Haarpflegelinie von Wella Professionals f\u00fcr ein Gef\u00fchl von gesundem Haar und Kopfhaut. F\u00fchlen Sie den sanften Unterschied mit unseren pflegenden und hochleistungsf\u00e4higen Rezepturen mit bis zu 99 % Inhaltsstoffen nat\u00fcrlichen Ursprungs, frei von Inhaltsstoffen tierischen Ursprungs und formuliert ohne Silikone und Sulfate.\" \/>\n<meta property=\"og:url\" content=\"https:\/\/www.friseur-hopmann.de\/?product=elements-mask-haarkur-500-ml\" \/>\n<meta property=\"og:site_name\" content=\"Friseur Hopmann Hairstyling\" \/>\n<meta property=\"article:modified_time\" content=\"2025-01-04T19:21:24+00:00\" \/>\n<meta property=\"og:image\" content=\"http:\/\/www.friseur-hopmann.de\/wp-content\/uploads\/2014\/10\/p-9419-haarmaske_500.jpg\" \/>\n\t<meta property=\"og:image:width\" content=\"1000\" \/>\n\t<meta property=\"og:image:height\" content=\"1000\" \/>\n\t<meta property=\"og:image:type\" content=\"image\/jpeg\" \/>\n<meta name=\"twitter:card\" content=\"summary_large_image\" \/>\n<meta name=\"twitter:label1\" content=\"Gesch\u00e4tzte Lesezeit\" \/>\n\t<meta name=\"twitter:data1\" content=\"1\u00a0Minute\" \/>\n<script type=\"application\/ld+json\" class=\"yoast-schema-graph\">{\"@context\":\"https:\/\/schema.org\",\"@graph\":[{\"@type\":\"WebPage\",\"@id\":\"https:\/\/www.friseur-hopmann.de\/?product=elements-mask-haarkur-500-ml\",\"url\":\"https:\/\/www.friseur-hopmann.de\/?product=elements-mask-haarkur-500-ml\",\"name\":\"Elements Mask (Haarkur) 500 ml\",\"isPartOf\":{\"@id\":\"https:\/\/www.friseur-hopmann.de\/#website\"},\"primaryImageOfPage\":{\"@id\":\"https:\/\/www.friseur-hopmann.de\/?product=elements-mask-haarkur-500-ml#primaryimage\"},\"image\":{\"@id\":\"https:\/\/www.friseur-hopmann.de\/?product=elements-mask-haarkur-500-ml#primaryimage\"},\"thumbnailUrl\":\"https:\/\/www.friseur-hopmann.de\/wp-content\/uploads\/2014\/10\/p-9419-haarmaske_500.jpg\",\"datePublished\":\"2014-10-26T08:05:19+00:00\",\"dateModified\":\"2025-01-04T19:21:24+00:00\",\"breadcrumb\":{\"@id\":\"https:\/\/www.friseur-hopmann.de\/?product=elements-mask-haarkur-500-ml#breadcrumb\"},\"inLanguage\":\"de\",\"potentialAction\":[{\"@type\":\"ReadAction\",\"target\":[\"https:\/\/www.friseur-hopmann.de\/?product=elements-mask-haarkur-500-ml\"]}]},{\"@type\":\"ImageObject\",\"inLanguage\":\"de\",\"@id\":\"https:\/\/www.friseur-hopmann.de\/?product=elements-mask-haarkur-500-ml#primaryimage\",\"url\":\"https:\/\/www.friseur-hopmann.de\/wp-content\/uploads\/2014\/10\/p-9419-haarmaske_500.jpg\",\"contentUrl\":\"https:\/\/www.friseur-hopmann.de\/wp-content\/uploads\/2014\/10\/p-9419-haarmaske_500.jpg\",\"width\":1000,\"height\":1000,\"caption\":\"Elements Mask (Haarkur) 500 ml\"},{\"@type\":\"BreadcrumbList\",\"@id\":\"https:\/\/www.friseur-hopmann.de\/?product=elements-mask-haarkur-500-ml#breadcrumb\",\"itemListElement\":[{\"@type\":\"ListItem\",\"position\":1,\"name\":\"Startseite\",\"item\":\"https:\/\/www.friseur-hopmann.de\/\"},{\"@type\":\"ListItem\",\"position\":2,\"name\":\"Produkte\",\"item\":\"https:\/\/www.friseur-hopmann.de\/?post_type=product\"},{\"@type\":\"ListItem\",\"position\":3,\"name\":\"Elements Renewing Mask (Haarkur) 500 ml\"}]},{\"@type\":\"WebSite\",\"@id\":\"https:\/\/www.friseur-hopmann.de\/#website\",\"url\":\"https:\/\/www.friseur-hopmann.de\/\",\"name\":\"Friseur Hopmann Hairstyling\",\"description\":\"Ihr Friseur in Nordhorn\",\"potentialAction\":[{\"@type\":\"SearchAction\",\"target\":{\"@type\":\"EntryPoint\",\"urlTemplate\":\"https:\/\/www.friseur-hopmann.de\/?s={search_term_string}\"},\"query-input\":{\"@type\":\"PropertyValueSpecification\",\"valueRequired\":true,\"valueName\":\"search_term_string\"}}],\"inLanguage\":\"de\"}]}<\/script>\n<!-- \/ Yoast SEO plugin. -->","yoast_head_json":{"title":"Elements Mask (Haarkur) 500 ml","robots":{"index":"index","follow":"follow","max-snippet":"max-snippet:-1","max-image-preview":"max-image-preview:large","max-video-preview":"max-video-preview:-1"},"canonical":"https:\/\/www.friseur-hopmann.de\/?product=elements-mask-haarkur-500-ml","og_locale":"de_DE","og_type":"article","og_title":"Elements Mask (Haarkur) 500 ml","og_description":"Elements Renewing Mask Elements ist die sanfteste Haarpflegelinie von Wella Professionals f\u00fcr ein Gef\u00fchl von gesundem Haar und Kopfhaut. F\u00fchlen Sie den sanften Unterschied mit unseren pflegenden und hochleistungsf\u00e4higen Rezepturen mit bis zu 99 % Inhaltsstoffen nat\u00fcrlichen Ursprungs, frei von Inhaltsstoffen tierischen Ursprungs und formuliert ohne Silikone und Sulfate.","og_url":"https:\/\/www.friseur-hopmann.de\/?product=elements-mask-haarkur-500-ml","og_site_name":"Friseur Hopmann Hairstyling","article_modified_time":"2025-01-04T19:21:24+00:00","og_image":[{"width":1000,"height":1000,"url":"http:\/\/www.friseur-hopmann.de\/wp-content\/uploads\/2014\/10\/p-9419-haarmaske_500.jpg","type":"image\/jpeg"}],"twitter_card":"summary_large_image","twitter_misc":{"Gesch\u00e4tzte Lesezeit":"1\u00a0Minute"},"schema":{"@context":"https:\/\/schema.org","@graph":[{"@type":"WebPage","@id":"https:\/\/www.friseur-hopmann.de\/?product=elements-mask-haarkur-500-ml","url":"https:\/\/www.friseur-hopmann.de\/?product=elements-mask-haarkur-500-ml","name":"Elements Mask (Haarkur) 500 ml","isPartOf":{"@id":"https:\/\/www.friseur-hopmann.de\/#website"},"primaryImageOfPage":{"@id":"https:\/\/www.friseur-hopmann.de\/?product=elements-mask-haarkur-500-ml#primaryimage"},"image":{"@id":"https:\/\/www.friseur-hopmann.de\/?product=elements-mask-haarkur-500-ml#primaryimage"},"thumbnailUrl":"https:\/\/www.friseur-hopmann.de\/wp-content\/uploads\/2014\/10\/p-9419-haarmaske_500.jpg","datePublished":"2014-10-26T08:05:19+00:00","dateModified":"2025-01-04T19:21:24+00:00","breadcrumb":{"@id":"https:\/\/www.friseur-hopmann.de\/?product=elements-mask-haarkur-500-ml#breadcrumb"},"inLanguage":"de","potentialAction":[{"@type":"ReadAction","target":["https:\/\/www.friseur-hopmann.de\/?product=elements-mask-haarkur-500-ml"]}]},{"@type":"ImageObject","inLanguage":"de","@id":"https:\/\/www.friseur-hopmann.de\/?product=elements-mask-haarkur-500-ml#primaryimage","url":"https:\/\/www.friseur-hopmann.de\/wp-content\/uploads\/2014\/10\/p-9419-haarmaske_500.jpg","contentUrl":"https:\/\/www.friseur-hopmann.de\/wp-content\/uploads\/2014\/10\/p-9419-haarmaske_500.jpg","width":1000,"height":1000,"caption":"Elements Mask (Haarkur) 500 ml"},{"@type":"BreadcrumbList","@id":"https:\/\/www.friseur-hopmann.de\/?product=elements-mask-haarkur-500-ml#breadcrumb","itemListElement":[{"@type":"ListItem","position":1,"name":"Startseite","item":"https:\/\/www.friseur-hopmann.de\/"},{"@type":"ListItem","position":2,"name":"Produkte","item":"https:\/\/www.friseur-hopmann.de\/?post_type=product"},{"@type":"ListItem","position":3,"name":"Elements Renewing Mask (Haarkur) 500 ml"}]},{"@type":"WebSite","@id":"https:\/\/www.friseur-hopmann.de\/#website","url":"https:\/\/www.friseur-hopmann.de\/","name":"Friseur Hopmann Hairstyling","description":"Ihr Friseur in Nordhorn","potentialAction":[{"@type":"SearchAction","target":{"@type":"EntryPoint","urlTemplate":"https:\/\/www.friseur-hopmann.de\/?s={search_term_string}"},"query-input":{"@type":"PropertyValueSpecification","valueRequired":true,"valueName":"search_term_string"}}],"inLanguage":"de"}]}},"brands":[],"_links":{"self":[{"href":"https:\/\/www.friseur-hopmann.de\/index.php?rest_route=\/wp\/v2\/product\/9419","targetHints":{"allow":["GET"]}}],"collection":[{"href":"https:\/\/www.friseur-hopmann.de\/index.php?rest_route=\/wp\/v2\/product"}],"about":[{"href":"https:\/\/www.friseur-hopmann.de\/index.php?rest_route=\/wp\/v2\/types\/product"}],"replies":[{"embeddable":true,"href":"https:\/\/www.friseur-hopmann.de\/index.php?rest_route=%2Fwp%2Fv2%2Fcomments&post=9419"}],"wp:featuredmedia":[{"embeddable":true,"href":"https:\/\/www.friseur-hopmann.de\/index.php?rest_route=\/wp\/v2\/media\/9420"}],"wp:attachment":[{"href":"https:\/\/www.friseur-hopmann.de\/index.php?rest_route=%2Fwp%2Fv2%2Fmedia&parent=9419"}],"wp:term":[{"taxonomy":"pwb-brand","embeddable":true,"href":"https:\/\/www.friseur-hopmann.de\/index.php?rest_route=%2Fwp%2Fv2%2Fpwb-brand&post=9419"},{"taxonomy":"product_brand","embeddable":true,"href":"https:\/\/www.friseur-hopmann.de\/index.php?rest_route=%2Fwp%2Fv2%2Fproduct_brand&post=9419"},{"taxonomy":"product_cat","embeddable":true,"href":"https:\/\/www.friseur-hopmann.de\/index.php?rest_route=%2Fwp%2Fv2%2Fproduct_cat&post=9419"},{"taxonomy":"product_tag","embeddable":true,"href":"https:\/\/www.friseur-hopmann.de\/index.php?rest_route=%2Fwp%2Fv2%2Fproduct_tag&post=9419"}],"curies":[{"name":"wp","href":"https:\/\/api.w.org\/{rel}","templated":true}]}}