{"id":9379,"date":"2017-03-22T10:05:19","date_gmt":"2017-03-22T08:05:19","guid":{"rendered":"http:\/\/www.friseur-hopmann.de\/?post_type=product&#038;p=9379"},"modified":"2026-01-03T21:08:58","modified_gmt":"2026-01-03T19:08:58","slug":"densifiqu-kur-homme-30er-coffert-2","status":"publish","type":"product","link":"https:\/\/www.friseur-hopmann.de\/?product=densifiqu-kur-homme-30er-coffert-2","title":{"rendered":"K\u00c9RASTASE DENSIFIQU\u00c8 Kur Homme (30er Coffert)"},"content":{"rendered":"<h3>Produktbeschreibung:<\/h3>\n<h3>DENSIFIQUE<\/h3>\n<p>Einmalige Ergebnisse:<\/p>\n<p>Nach 10 Tagen: Dichteres Haargef\u00fchl vom Ansatz an*<\/p>\n<p>Nach 30 Tagen: Mehr Haardichte best\u00e4tigen 84% der Anwender*<\/p>\n<p>Nach 3 Monaten: Bis zu 1700 mehr Haare nach 3 Monaten erweckt vs. Placebo**<\/p>\n<p>*Selbsteinsch\u00e4tzung von 122 Personen bei einer t\u00e4glichen Anwendung \u00fcber 30 Tage.<\/p>\n<p>** Wirksamkeit von Stemoxydine wurde in t\u00e4glicher Anwendung \u00fcber 3 Monate bei 101 Personen mit weniger dichtem Haar getestet &#8211; Durchschnittswert vs. Placebo.<\/p>\n<h3>Zielgruppe:<\/h3>\n<p>Verst\u00e4rkt Haarf\u00fclle, schafft mehr Volumen.<\/p>\n<h3>Technologie:<\/h3>\n<p>STEMOXYDINE\u00ae 5%: Imitiert eine optimale sauerstoffarme Umgebung der Stammzellen. \u201eSchlafende\u201c Haarfollikel werden erweckt. Neue Haare entstehen schneller.<br \/>\n&#8211; VITAMIN B: Regt die Aktivit\u00e4t des Haarfollikels an.<br \/>\n&#8211; TEXTURIERENDES POLYMER: Sofortige Verdichtung der Haarfaser.<\/p>\n<h3>Anwendung:<\/h3>\n<p>Anwendung einmal pro Tag \u00fcber 3 Monate.<br \/>\nMorgens oder abends auf das trockene oder nasse Haar auftragen.<\/p>\n<p>1. Befestigen Sie den Applikator auf der Ampulle.<\/p>\n<p>2. Dr\u00fccken Sie den Applikator.<\/p>\n<p>3. Auf die Kopfhaut auftragen.<\/p>\n<p>4. Massieren und stimulieren Sie die gesamte Kopfhaut kreisf\u00f6rmig.<\/p>\n<p><strong>Inhalt:<\/strong> 30 T\u00fcbchen a 0.20 fl.oz.<\/p>\n","protected":false},"excerpt":{"rendered":"<p>gegen Haarausfall, verst\u00e4rkt Haarf\u00fclle, schafft mehr Volumen.Produkt spez. f. d. Mann<\/p>\n<p>Einmalige Ergebnisse:<\/p>\n<p>Nach 10 Tagen: Dichteres Haargef\u00fchl vom Ansatz an*<\/p>\n<p>Nach 30 Tagen: Mehr Haardichte best\u00e4tigen 84% der Anwender*<\/p>\n<p>Nach 3 Monaten: Bis zu 1700 mehr Haare nach 3 Monaten erweckt vs. Placebo**<\/p>\n<p>*Selbsteinsch\u00e4tzung von 122 Personen bei einer t\u00e4glichen Anwendung \u00fcber 30 Tage.<\/p>\n<p>** Wirksamkeit von Stemoxydine wurde in t\u00e4glicher Anwendung \u00fcber 3 Monate bei 101 Personen mit weniger dichtem Haar getestet &#8211; Durchschnittswert vs. Placebo.<\/p>\n","protected":false},"featured_media":8358,"comment_status":"open","ping_status":"closed","template":"","meta":{"_exactmetrics_skip_tracking":false,"_exactmetrics_sitenote_active":false,"_exactmetrics_sitenote_note":"","_exactmetrics_sitenote_category":0,"_monsterinsights_skip_tracking":false,"_monsterinsights_sitenote_active":false,"_monsterinsights_sitenote_note":"","_monsterinsights_sitenote_category":0},"pwb-brand":[],"product_brand":[615],"product_cat":[524,608,510,530,491,550,547,703],"product_tag":[754,660,848,794],"class_list":{"0":"post-9379","1":"product","2":"type-product","3":"status-publish","4":"has-post-thumbnail","6":"product_brand-kerastase-2","7":"product_cat-densifique","8":"product_cat-densifique-densit","9":"product_cat-densitive","10":"product_cat-homme-densifique","11":"product_cat-kerastase","12":"product_cat-kerastase-haarausfall","13":"product_cat-kerastase-pflegelotion","14":"product_cat-sale","15":"product_tag-anti-haarausfall","16":"product_tag-haarausfall","17":"product_tag-haarverdichtung","18":"product_tag-therapie-set-anti-haarausfall","19":"pa_inhalt-634","21":"first","22":"instock","23":"sale","24":"taxable","25":"shipping-taxable","26":"purchasable","27":"product-type-simple"},"yoast_head":"<!-- This site is optimized with the Yoast SEO plugin v24.6 - https:\/\/yoast.com\/wordpress\/plugins\/seo\/ -->\n<title>DENSIFIQU\u00c8 Kur Homme (30er Coffert)<\/title>\n<meta name=\"robots\" content=\"index, follow, max-snippet:-1, max-image-preview:large, max-video-preview:-1\" \/>\n<link rel=\"canonical\" href=\"https:\/\/www.friseur-hopmann.de\/?product=densifiqu-kur-homme-30er-coffert-2\" \/>\n<meta property=\"og:locale\" content=\"de_DE\" \/>\n<meta property=\"og:type\" content=\"article\" \/>\n<meta property=\"og:title\" content=\"DENSIFIQU\u00c8 Kur Homme (30er Coffert)\" \/>\n<meta property=\"og:description\" content=\"gegen Haarausfall, verst\u00e4rkt Haarf\u00fclle, schafft mehr Volumen.Produkt spez. f. d. Mann  Einmalige Ergebnisse:  Nach 10 Tagen: Dichteres Haargef\u00fchl vom Ansatz an*  Nach 30 Tagen: Mehr Haardichte best\u00e4tigen 84% der Anwender*  Nach 3 Monaten: Bis zu 1700 mehr Haare nach 3 Monaten erweckt vs. Placebo**  *Selbsteinsch\u00e4tzung von 122 Personen bei einer t\u00e4glichen Anwendung \u00fcber 30 Tage.  ** Wirksamkeit von Stemoxydine wurde in t\u00e4glicher Anwendung \u00fcber 3 Monate bei 101 Personen mit weniger dichtem Haar getestet - Durchschnittswert vs. Placebo.\" \/>\n<meta property=\"og:url\" content=\"https:\/\/www.friseur-hopmann.de\/?product=densifiqu-kur-homme-30er-coffert-2\" \/>\n<meta property=\"og:site_name\" content=\"Friseur Hopmann Hairstyling\" \/>\n<meta property=\"article:modified_time\" content=\"2026-01-03T19:08:58+00:00\" \/>\n<meta property=\"og:image\" content=\"http:\/\/www.friseur-hopmann.de\/wp-content\/uploads\/2017\/05\/p-8357-3474636356010_kerastase_densifique_kur_homme_verpackung.jpg\" \/>\n\t<meta property=\"og:image:width\" content=\"1213\" \/>\n\t<meta property=\"og:image:height\" content=\"1496\" \/>\n\t<meta property=\"og:image:type\" content=\"image\/jpeg\" \/>\n<meta name=\"twitter:card\" content=\"summary_large_image\" \/>\n<meta name=\"twitter:label1\" content=\"Gesch\u00e4tzte Lesezeit\" \/>\n\t<meta name=\"twitter:data1\" content=\"2\u00a0Minuten\" \/>\n<script type=\"application\/ld+json\" class=\"yoast-schema-graph\">{\"@context\":\"https:\/\/schema.org\",\"@graph\":[{\"@type\":\"WebPage\",\"@id\":\"https:\/\/www.friseur-hopmann.de\/?product=densifiqu-kur-homme-30er-coffert-2\",\"url\":\"https:\/\/www.friseur-hopmann.de\/?product=densifiqu-kur-homme-30er-coffert-2\",\"name\":\"DENSIFIQU\u00c8 Kur Homme (30er Coffert)\",\"isPartOf\":{\"@id\":\"https:\/\/www.friseur-hopmann.de\/#website\"},\"primaryImageOfPage\":{\"@id\":\"https:\/\/www.friseur-hopmann.de\/?product=densifiqu-kur-homme-30er-coffert-2#primaryimage\"},\"image\":{\"@id\":\"https:\/\/www.friseur-hopmann.de\/?product=densifiqu-kur-homme-30er-coffert-2#primaryimage\"},\"thumbnailUrl\":\"https:\/\/www.friseur-hopmann.de\/wp-content\/uploads\/2017\/05\/p-8357-3474636356010_kerastase_densifique_kur_homme_verpackung.jpg\",\"datePublished\":\"2017-03-22T08:05:19+00:00\",\"dateModified\":\"2026-01-03T19:08:58+00:00\",\"breadcrumb\":{\"@id\":\"https:\/\/www.friseur-hopmann.de\/?product=densifiqu-kur-homme-30er-coffert-2#breadcrumb\"},\"inLanguage\":\"de\",\"potentialAction\":[{\"@type\":\"ReadAction\",\"target\":[\"https:\/\/www.friseur-hopmann.de\/?product=densifiqu-kur-homme-30er-coffert-2\"]}]},{\"@type\":\"ImageObject\",\"inLanguage\":\"de\",\"@id\":\"https:\/\/www.friseur-hopmann.de\/?product=densifiqu-kur-homme-30er-coffert-2#primaryimage\",\"url\":\"https:\/\/www.friseur-hopmann.de\/wp-content\/uploads\/2017\/05\/p-8357-3474636356010_kerastase_densifique_kur_homme_verpackung.jpg\",\"contentUrl\":\"https:\/\/www.friseur-hopmann.de\/wp-content\/uploads\/2017\/05\/p-8357-3474636356010_kerastase_densifique_kur_homme_verpackung.jpg\",\"width\":1213,\"height\":1496,\"caption\":\"DENSIFIQU\u00c8 Kur Homme (30er Coffert)\"},{\"@type\":\"BreadcrumbList\",\"@id\":\"https:\/\/www.friseur-hopmann.de\/?product=densifiqu-kur-homme-30er-coffert-2#breadcrumb\",\"itemListElement\":[{\"@type\":\"ListItem\",\"position\":1,\"name\":\"Startseite\",\"item\":\"https:\/\/www.friseur-hopmann.de\/\"},{\"@type\":\"ListItem\",\"position\":2,\"name\":\"Produkte\",\"item\":\"https:\/\/www.friseur-hopmann.de\/?post_type=product\"},{\"@type\":\"ListItem\",\"position\":3,\"name\":\"K\u00c9RASTASE DENSIFIQU\u00c8 Kur Homme (30er Coffert)\"}]},{\"@type\":\"WebSite\",\"@id\":\"https:\/\/www.friseur-hopmann.de\/#website\",\"url\":\"https:\/\/www.friseur-hopmann.de\/\",\"name\":\"Friseur Hopmann Hairstyling\",\"description\":\"Ihr Friseur in Nordhorn\",\"potentialAction\":[{\"@type\":\"SearchAction\",\"target\":{\"@type\":\"EntryPoint\",\"urlTemplate\":\"https:\/\/www.friseur-hopmann.de\/?s={search_term_string}\"},\"query-input\":{\"@type\":\"PropertyValueSpecification\",\"valueRequired\":true,\"valueName\":\"search_term_string\"}}],\"inLanguage\":\"de\"}]}<\/script>\n<!-- \/ Yoast SEO plugin. -->","yoast_head_json":{"title":"DENSIFIQU\u00c8 Kur Homme (30er Coffert)","robots":{"index":"index","follow":"follow","max-snippet":"max-snippet:-1","max-image-preview":"max-image-preview:large","max-video-preview":"max-video-preview:-1"},"canonical":"https:\/\/www.friseur-hopmann.de\/?product=densifiqu-kur-homme-30er-coffert-2","og_locale":"de_DE","og_type":"article","og_title":"DENSIFIQU\u00c8 Kur Homme (30er Coffert)","og_description":"gegen Haarausfall, verst\u00e4rkt Haarf\u00fclle, schafft mehr Volumen.Produkt spez. f. d. Mann  Einmalige Ergebnisse:  Nach 10 Tagen: Dichteres Haargef\u00fchl vom Ansatz an*  Nach 30 Tagen: Mehr Haardichte best\u00e4tigen 84% der Anwender*  Nach 3 Monaten: Bis zu 1700 mehr Haare nach 3 Monaten erweckt vs. Placebo**  *Selbsteinsch\u00e4tzung von 122 Personen bei einer t\u00e4glichen Anwendung \u00fcber 30 Tage.  ** Wirksamkeit von Stemoxydine wurde in t\u00e4glicher Anwendung \u00fcber 3 Monate bei 101 Personen mit weniger dichtem Haar getestet - Durchschnittswert vs. Placebo.","og_url":"https:\/\/www.friseur-hopmann.de\/?product=densifiqu-kur-homme-30er-coffert-2","og_site_name":"Friseur Hopmann Hairstyling","article_modified_time":"2026-01-03T19:08:58+00:00","og_image":[{"width":1213,"height":1496,"url":"http:\/\/www.friseur-hopmann.de\/wp-content\/uploads\/2017\/05\/p-8357-3474636356010_kerastase_densifique_kur_homme_verpackung.jpg","type":"image\/jpeg"}],"twitter_card":"summary_large_image","twitter_misc":{"Gesch\u00e4tzte Lesezeit":"2\u00a0Minuten"},"schema":{"@context":"https:\/\/schema.org","@graph":[{"@type":"WebPage","@id":"https:\/\/www.friseur-hopmann.de\/?product=densifiqu-kur-homme-30er-coffert-2","url":"https:\/\/www.friseur-hopmann.de\/?product=densifiqu-kur-homme-30er-coffert-2","name":"DENSIFIQU\u00c8 Kur Homme (30er Coffert)","isPartOf":{"@id":"https:\/\/www.friseur-hopmann.de\/#website"},"primaryImageOfPage":{"@id":"https:\/\/www.friseur-hopmann.de\/?product=densifiqu-kur-homme-30er-coffert-2#primaryimage"},"image":{"@id":"https:\/\/www.friseur-hopmann.de\/?product=densifiqu-kur-homme-30er-coffert-2#primaryimage"},"thumbnailUrl":"https:\/\/www.friseur-hopmann.de\/wp-content\/uploads\/2017\/05\/p-8357-3474636356010_kerastase_densifique_kur_homme_verpackung.jpg","datePublished":"2017-03-22T08:05:19+00:00","dateModified":"2026-01-03T19:08:58+00:00","breadcrumb":{"@id":"https:\/\/www.friseur-hopmann.de\/?product=densifiqu-kur-homme-30er-coffert-2#breadcrumb"},"inLanguage":"de","potentialAction":[{"@type":"ReadAction","target":["https:\/\/www.friseur-hopmann.de\/?product=densifiqu-kur-homme-30er-coffert-2"]}]},{"@type":"ImageObject","inLanguage":"de","@id":"https:\/\/www.friseur-hopmann.de\/?product=densifiqu-kur-homme-30er-coffert-2#primaryimage","url":"https:\/\/www.friseur-hopmann.de\/wp-content\/uploads\/2017\/05\/p-8357-3474636356010_kerastase_densifique_kur_homme_verpackung.jpg","contentUrl":"https:\/\/www.friseur-hopmann.de\/wp-content\/uploads\/2017\/05\/p-8357-3474636356010_kerastase_densifique_kur_homme_verpackung.jpg","width":1213,"height":1496,"caption":"DENSIFIQU\u00c8 Kur Homme (30er Coffert)"},{"@type":"BreadcrumbList","@id":"https:\/\/www.friseur-hopmann.de\/?product=densifiqu-kur-homme-30er-coffert-2#breadcrumb","itemListElement":[{"@type":"ListItem","position":1,"name":"Startseite","item":"https:\/\/www.friseur-hopmann.de\/"},{"@type":"ListItem","position":2,"name":"Produkte","item":"https:\/\/www.friseur-hopmann.de\/?post_type=product"},{"@type":"ListItem","position":3,"name":"K\u00c9RASTASE DENSIFIQU\u00c8 Kur Homme (30er Coffert)"}]},{"@type":"WebSite","@id":"https:\/\/www.friseur-hopmann.de\/#website","url":"https:\/\/www.friseur-hopmann.de\/","name":"Friseur Hopmann Hairstyling","description":"Ihr Friseur in Nordhorn","potentialAction":[{"@type":"SearchAction","target":{"@type":"EntryPoint","urlTemplate":"https:\/\/www.friseur-hopmann.de\/?s={search_term_string}"},"query-input":{"@type":"PropertyValueSpecification","valueRequired":true,"valueName":"search_term_string"}}],"inLanguage":"de"}]}},"brands":[],"_links":{"self":[{"href":"https:\/\/www.friseur-hopmann.de\/index.php?rest_route=\/wp\/v2\/product\/9379","targetHints":{"allow":["GET"]}}],"collection":[{"href":"https:\/\/www.friseur-hopmann.de\/index.php?rest_route=\/wp\/v2\/product"}],"about":[{"href":"https:\/\/www.friseur-hopmann.de\/index.php?rest_route=\/wp\/v2\/types\/product"}],"replies":[{"embeddable":true,"href":"https:\/\/www.friseur-hopmann.de\/index.php?rest_route=%2Fwp%2Fv2%2Fcomments&post=9379"}],"wp:featuredmedia":[{"embeddable":true,"href":"https:\/\/www.friseur-hopmann.de\/index.php?rest_route=\/wp\/v2\/media\/8358"}],"wp:attachment":[{"href":"https:\/\/www.friseur-hopmann.de\/index.php?rest_route=%2Fwp%2Fv2%2Fmedia&parent=9379"}],"wp:term":[{"taxonomy":"pwb-brand","embeddable":true,"href":"https:\/\/www.friseur-hopmann.de\/index.php?rest_route=%2Fwp%2Fv2%2Fpwb-brand&post=9379"},{"taxonomy":"product_brand","embeddable":true,"href":"https:\/\/www.friseur-hopmann.de\/index.php?rest_route=%2Fwp%2Fv2%2Fproduct_brand&post=9379"},{"taxonomy":"product_cat","embeddable":true,"href":"https:\/\/www.friseur-hopmann.de\/index.php?rest_route=%2Fwp%2Fv2%2Fproduct_cat&post=9379"},{"taxonomy":"product_tag","embeddable":true,"href":"https:\/\/www.friseur-hopmann.de\/index.php?rest_route=%2Fwp%2Fv2%2Fproduct_tag&post=9379"}],"curies":[{"name":"wp","href":"https:\/\/api.w.org\/{rel}","templated":true}]}}