{"id":9347,"date":"2017-05-01T10:05:18","date_gmt":"2017-05-01T08:05:18","guid":{"rendered":"http:\/\/www.friseur-hopmann.de\/?post_type=product&#038;p=9347"},"modified":"2025-01-04T21:54:05","modified_gmt":"2025-01-04T19:54:05","slug":"frizz-dismiss-shampoo-300-ml","status":"publish","type":"product","link":"https:\/\/www.friseur-hopmann.de\/?product=frizz-dismiss-shampoo-300-ml","title":{"rendered":"Frizz Dismiss Shampoo 300 ml"},"content":{"rendered":"<h3>Produktbeschreibung:<\/h3>\n<p>Das Redken Frizz Dismiss Shampoo sorgt f\u00fcr ein geschmeidiges Haargef\u00fchl. Das Haar wird sanft gereinigt, l\u00e4sst sich leichter b\u00e4ndigen und wird wirksam vor den sch\u00e4dlichen Einfl\u00fcssen der Luftfeuchtigkeit gesch\u00fctzt. Der innovative Shape Retain Complex mit Aquatoril und Brazilian Pracaxi Oil, versorgt das Haar mit wohltuender Feuchtigkeit. Die Haarfaser wird gest\u00e4rkt und optimal gepflegt.<\/p>\n<h3>Haartyp \/ Zielgruppe:<\/h3>\n<p>Redken Frizz Dismiss Shampoo ist kein Problem eines speziellen Haartyps. Jedes Haar reagiert mehr oder weniger auf hohe Luftfeuchtigkeit &#8211; die Ursache einer \u201efrizzigen\u201c, aufgerauten Haarstruktur. Redken pr\u00e4sentiert mit dem neuen Redken Frizz Dismiss ein ma\u00dfgeschneidertes Pflegeprogramm f\u00fcr jeden Haar- und Frizztyp!<\/p>\n<h3>Technologie \/Inhaltsstoffe:<\/h3>\n<p>Das neue Redken Frizz Dismiss verf\u00fcgt \u00fcber eine einzigartige Technologie, die perfekt auf den jeweiligen Frizz-Faktor zugeschnitten ist und Frizz wirksam dank des innovativen SHAPE RETAIN COMPLEX bek\u00e4mpft. Dieser beinhaltet den Wirkstoff AQUATORIL, der eigentlich aus der Hautpflege bekannt ist. Das Haar wird mit \u201aguter\u2018 Feuchtigkeit versorgt, die f\u00fcr die Haarstruktur sch\u00e4dlichen Einfl\u00fcsse der Luftfeuchtigkeit werden hingegen abgewehrt. Das im Wirkstoff-Komplex enthaltene BRAZILIAN PRACAXI OIL &#8211; ein nachhaltiger Inhaltsstoff aus Brasilien &#8211; pflegt das Haar, st\u00e4rkt die Haarfaser und verringert das durch Frizz verursachte Haarvolumen. Die neue, friseurexklusive Anti-Frizz Pflege von REDKEN umfasst ein Shampoo, Conditioner und Haarmaske sowie vier ma\u00dfgeschneiderte Produkte, abgestimmt auf den jeweiligen Frizz-Faktor des Haares. Dieser definiert sich aus dem jeweiligen Haartyp (fein, normal, aufgeraut) und dem Feuchtigkeitslevel.<\/p>\n<h3>Anwendung.<\/h3>\n<p>Das Redken Frizz Dismiss Shampoo im nassen Haar verteilen und sanft einmassieren. Anschlie\u00dfend gr\u00fcndlich aussp\u00fclen.<\/p>\n<h3>Inhalt: 300ml<\/h3>\n<h3>Produkterg\u00e4nzung:<\/h3>\n<p>Die neue, friseurexklusive Anti-Frizz Pflege von REDKEN umfasst ein Shampoo, Conditioner und Haarmaske sowie vier ma\u00dfgeschneiderte Produkte, abgestimmt auf den jeweiligen Frizz-Faktor des Haares. Dieser definiert sich aus dem jeweiligen Haartyp (fein, normal, aufgeraut) und dem Feuchtigkeitslevel.<\/p>\n","protected":false},"excerpt":{"rendered":"<p>Das Redken Frizz Dismiss Shampoo sorgt f\u00fcr ein geschmeidiges Haargef\u00fchl. Das Haar wird sanft gereinigt, l\u00e4sst sich leichter b\u00e4ndigen und wird wirksam vor den sch\u00e4dlichen Einfl\u00fcssen der Luftfeuchtigkeit gesch\u00fctzt. Der innovative Shape Retain Complex mit Aquatoril und Brazilian Pracaxi Oil, versorgt das Haar mit wohltuender Feuchtigkeit. Die Haarfaser wird gest\u00e4rkt und optimal gepflegt.<\/p>\n","protected":false},"featured_media":16784,"comment_status":"open","ping_status":"closed","template":"","meta":{"_exactmetrics_skip_tracking":false,"_exactmetrics_sitenote_active":false,"_exactmetrics_sitenote_note":"","_exactmetrics_sitenote_category":0,"_monsterinsights_skip_tracking":false,"_monsterinsights_sitenote_active":false,"_monsterinsights_sitenote_note":"","_monsterinsights_sitenote_category":0},"pwb-brand":[],"product_brand":[613],"product_cat":[535,500],"product_tag":[915,675],"class_list":{"0":"post-9347","1":"product","2":"type-product","3":"status-publish","4":"has-post-thumbnail","6":"product_brand-redken-2","7":"product_cat-frizz-dismiss","8":"product_cat-redken","9":"product_tag-anti-frizz","10":"product_tag-shampoo","11":"pa_inhalt-621","13":"first","14":"instock","15":"taxable","16":"shipping-taxable","17":"purchasable","18":"product-type-simple"},"yoast_head":"<!-- This site is optimized with the Yoast SEO plugin v24.6 - https:\/\/yoast.com\/wordpress\/plugins\/seo\/ -->\n<title>Frizz Dismiss Shampoo 300 ml<\/title>\n<meta name=\"robots\" content=\"index, follow, max-snippet:-1, max-image-preview:large, max-video-preview:-1\" \/>\n<link rel=\"canonical\" href=\"https:\/\/www.friseur-hopmann.de\/?product=frizz-dismiss-shampoo-300-ml\" \/>\n<meta property=\"og:locale\" content=\"de_DE\" \/>\n<meta property=\"og:type\" content=\"article\" \/>\n<meta property=\"og:title\" content=\"Frizz Dismiss Shampoo 300 ml\" \/>\n<meta property=\"og:description\" content=\"Das Redken Frizz Dismiss Shampoo sorgt f\u00fcr ein geschmeidiges Haargef\u00fchl. Das Haar wird sanft gereinigt, l\u00e4sst sich leichter b\u00e4ndigen und wird wirksam vor den sch\u00e4dlichen Einfl\u00fcssen der Luftfeuchtigkeit gesch\u00fctzt. Der innovative Shape Retain Complex mit Aquatoril und Brazilian Pracaxi Oil, versorgt das Haar mit wohltuender Feuchtigkeit. Die Haarfaser wird gest\u00e4rkt und optimal gepflegt.\" \/>\n<meta property=\"og:url\" content=\"https:\/\/www.friseur-hopmann.de\/?product=frizz-dismiss-shampoo-300-ml\" \/>\n<meta property=\"og:site_name\" content=\"Friseur Hopmann Hairstyling\" \/>\n<meta property=\"article:modified_time\" content=\"2025-01-04T19:54:05+00:00\" \/>\n<meta property=\"og:image\" content=\"http:\/\/www.friseur-hopmann.de\/wp-content\/uploads\/2017\/05\/Friss-dismiss-Shp.300-ml.jpg\" \/>\n\t<meta property=\"og:image:width\" content=\"1024\" \/>\n\t<meta property=\"og:image:height\" content=\"1024\" \/>\n\t<meta property=\"og:image:type\" content=\"image\/jpeg\" \/>\n<meta name=\"twitter:card\" content=\"summary_large_image\" \/>\n<meta name=\"twitter:label1\" content=\"Gesch\u00e4tzte Lesezeit\" \/>\n\t<meta name=\"twitter:data1\" content=\"2\u00a0Minuten\" \/>\n<script type=\"application\/ld+json\" class=\"yoast-schema-graph\">{\"@context\":\"https:\/\/schema.org\",\"@graph\":[{\"@type\":\"WebPage\",\"@id\":\"https:\/\/www.friseur-hopmann.de\/?product=frizz-dismiss-shampoo-300-ml\",\"url\":\"https:\/\/www.friseur-hopmann.de\/?product=frizz-dismiss-shampoo-300-ml\",\"name\":\"Frizz Dismiss Shampoo 300 ml\",\"isPartOf\":{\"@id\":\"https:\/\/www.friseur-hopmann.de\/#website\"},\"primaryImageOfPage\":{\"@id\":\"https:\/\/www.friseur-hopmann.de\/?product=frizz-dismiss-shampoo-300-ml#primaryimage\"},\"image\":{\"@id\":\"https:\/\/www.friseur-hopmann.de\/?product=frizz-dismiss-shampoo-300-ml#primaryimage\"},\"thumbnailUrl\":\"https:\/\/www.friseur-hopmann.de\/wp-content\/uploads\/2017\/05\/Friss-dismiss-Shp.300-ml.jpg\",\"datePublished\":\"2017-05-01T08:05:18+00:00\",\"dateModified\":\"2025-01-04T19:54:05+00:00\",\"breadcrumb\":{\"@id\":\"https:\/\/www.friseur-hopmann.de\/?product=frizz-dismiss-shampoo-300-ml#breadcrumb\"},\"inLanguage\":\"de\",\"potentialAction\":[{\"@type\":\"ReadAction\",\"target\":[\"https:\/\/www.friseur-hopmann.de\/?product=frizz-dismiss-shampoo-300-ml\"]}]},{\"@type\":\"ImageObject\",\"inLanguage\":\"de\",\"@id\":\"https:\/\/www.friseur-hopmann.de\/?product=frizz-dismiss-shampoo-300-ml#primaryimage\",\"url\":\"https:\/\/www.friseur-hopmann.de\/wp-content\/uploads\/2017\/05\/Friss-dismiss-Shp.300-ml.jpg\",\"contentUrl\":\"https:\/\/www.friseur-hopmann.de\/wp-content\/uploads\/2017\/05\/Friss-dismiss-Shp.300-ml.jpg\",\"width\":1024,\"height\":1024},{\"@type\":\"BreadcrumbList\",\"@id\":\"https:\/\/www.friseur-hopmann.de\/?product=frizz-dismiss-shampoo-300-ml#breadcrumb\",\"itemListElement\":[{\"@type\":\"ListItem\",\"position\":1,\"name\":\"Startseite\",\"item\":\"https:\/\/www.friseur-hopmann.de\/\"},{\"@type\":\"ListItem\",\"position\":2,\"name\":\"Produkte\",\"item\":\"https:\/\/www.friseur-hopmann.de\/?post_type=product\"},{\"@type\":\"ListItem\",\"position\":3,\"name\":\"Frizz Dismiss Shampoo 300 ml\"}]},{\"@type\":\"WebSite\",\"@id\":\"https:\/\/www.friseur-hopmann.de\/#website\",\"url\":\"https:\/\/www.friseur-hopmann.de\/\",\"name\":\"Friseur Hopmann Hairstyling\",\"description\":\"Ihr Friseur in Nordhorn\",\"potentialAction\":[{\"@type\":\"SearchAction\",\"target\":{\"@type\":\"EntryPoint\",\"urlTemplate\":\"https:\/\/www.friseur-hopmann.de\/?s={search_term_string}\"},\"query-input\":{\"@type\":\"PropertyValueSpecification\",\"valueRequired\":true,\"valueName\":\"search_term_string\"}}],\"inLanguage\":\"de\"}]}<\/script>\n<!-- \/ Yoast SEO plugin. -->","yoast_head_json":{"title":"Frizz Dismiss Shampoo 300 ml","robots":{"index":"index","follow":"follow","max-snippet":"max-snippet:-1","max-image-preview":"max-image-preview:large","max-video-preview":"max-video-preview:-1"},"canonical":"https:\/\/www.friseur-hopmann.de\/?product=frizz-dismiss-shampoo-300-ml","og_locale":"de_DE","og_type":"article","og_title":"Frizz Dismiss Shampoo 300 ml","og_description":"Das Redken Frizz Dismiss Shampoo sorgt f\u00fcr ein geschmeidiges Haargef\u00fchl. Das Haar wird sanft gereinigt, l\u00e4sst sich leichter b\u00e4ndigen und wird wirksam vor den sch\u00e4dlichen Einfl\u00fcssen der Luftfeuchtigkeit gesch\u00fctzt. Der innovative Shape Retain Complex mit Aquatoril und Brazilian Pracaxi Oil, versorgt das Haar mit wohltuender Feuchtigkeit. Die Haarfaser wird gest\u00e4rkt und optimal gepflegt.","og_url":"https:\/\/www.friseur-hopmann.de\/?product=frizz-dismiss-shampoo-300-ml","og_site_name":"Friseur Hopmann Hairstyling","article_modified_time":"2025-01-04T19:54:05+00:00","og_image":[{"width":1024,"height":1024,"url":"http:\/\/www.friseur-hopmann.de\/wp-content\/uploads\/2017\/05\/Friss-dismiss-Shp.300-ml.jpg","type":"image\/jpeg"}],"twitter_card":"summary_large_image","twitter_misc":{"Gesch\u00e4tzte Lesezeit":"2\u00a0Minuten"},"schema":{"@context":"https:\/\/schema.org","@graph":[{"@type":"WebPage","@id":"https:\/\/www.friseur-hopmann.de\/?product=frizz-dismiss-shampoo-300-ml","url":"https:\/\/www.friseur-hopmann.de\/?product=frizz-dismiss-shampoo-300-ml","name":"Frizz Dismiss Shampoo 300 ml","isPartOf":{"@id":"https:\/\/www.friseur-hopmann.de\/#website"},"primaryImageOfPage":{"@id":"https:\/\/www.friseur-hopmann.de\/?product=frizz-dismiss-shampoo-300-ml#primaryimage"},"image":{"@id":"https:\/\/www.friseur-hopmann.de\/?product=frizz-dismiss-shampoo-300-ml#primaryimage"},"thumbnailUrl":"https:\/\/www.friseur-hopmann.de\/wp-content\/uploads\/2017\/05\/Friss-dismiss-Shp.300-ml.jpg","datePublished":"2017-05-01T08:05:18+00:00","dateModified":"2025-01-04T19:54:05+00:00","breadcrumb":{"@id":"https:\/\/www.friseur-hopmann.de\/?product=frizz-dismiss-shampoo-300-ml#breadcrumb"},"inLanguage":"de","potentialAction":[{"@type":"ReadAction","target":["https:\/\/www.friseur-hopmann.de\/?product=frizz-dismiss-shampoo-300-ml"]}]},{"@type":"ImageObject","inLanguage":"de","@id":"https:\/\/www.friseur-hopmann.de\/?product=frizz-dismiss-shampoo-300-ml#primaryimage","url":"https:\/\/www.friseur-hopmann.de\/wp-content\/uploads\/2017\/05\/Friss-dismiss-Shp.300-ml.jpg","contentUrl":"https:\/\/www.friseur-hopmann.de\/wp-content\/uploads\/2017\/05\/Friss-dismiss-Shp.300-ml.jpg","width":1024,"height":1024},{"@type":"BreadcrumbList","@id":"https:\/\/www.friseur-hopmann.de\/?product=frizz-dismiss-shampoo-300-ml#breadcrumb","itemListElement":[{"@type":"ListItem","position":1,"name":"Startseite","item":"https:\/\/www.friseur-hopmann.de\/"},{"@type":"ListItem","position":2,"name":"Produkte","item":"https:\/\/www.friseur-hopmann.de\/?post_type=product"},{"@type":"ListItem","position":3,"name":"Frizz Dismiss Shampoo 300 ml"}]},{"@type":"WebSite","@id":"https:\/\/www.friseur-hopmann.de\/#website","url":"https:\/\/www.friseur-hopmann.de\/","name":"Friseur Hopmann Hairstyling","description":"Ihr Friseur in Nordhorn","potentialAction":[{"@type":"SearchAction","target":{"@type":"EntryPoint","urlTemplate":"https:\/\/www.friseur-hopmann.de\/?s={search_term_string}"},"query-input":{"@type":"PropertyValueSpecification","valueRequired":true,"valueName":"search_term_string"}}],"inLanguage":"de"}]}},"brands":[],"_links":{"self":[{"href":"https:\/\/www.friseur-hopmann.de\/index.php?rest_route=\/wp\/v2\/product\/9347","targetHints":{"allow":["GET"]}}],"collection":[{"href":"https:\/\/www.friseur-hopmann.de\/index.php?rest_route=\/wp\/v2\/product"}],"about":[{"href":"https:\/\/www.friseur-hopmann.de\/index.php?rest_route=\/wp\/v2\/types\/product"}],"replies":[{"embeddable":true,"href":"https:\/\/www.friseur-hopmann.de\/index.php?rest_route=%2Fwp%2Fv2%2Fcomments&post=9347"}],"wp:featuredmedia":[{"embeddable":true,"href":"https:\/\/www.friseur-hopmann.de\/index.php?rest_route=\/wp\/v2\/media\/16784"}],"wp:attachment":[{"href":"https:\/\/www.friseur-hopmann.de\/index.php?rest_route=%2Fwp%2Fv2%2Fmedia&parent=9347"}],"wp:term":[{"taxonomy":"pwb-brand","embeddable":true,"href":"https:\/\/www.friseur-hopmann.de\/index.php?rest_route=%2Fwp%2Fv2%2Fpwb-brand&post=9347"},{"taxonomy":"product_brand","embeddable":true,"href":"https:\/\/www.friseur-hopmann.de\/index.php?rest_route=%2Fwp%2Fv2%2Fproduct_brand&post=9347"},{"taxonomy":"product_cat","embeddable":true,"href":"https:\/\/www.friseur-hopmann.de\/index.php?rest_route=%2Fwp%2Fv2%2Fproduct_cat&post=9347"},{"taxonomy":"product_tag","embeddable":true,"href":"https:\/\/www.friseur-hopmann.de\/index.php?rest_route=%2Fwp%2Fv2%2Fproduct_tag&post=9347"}],"curies":[{"name":"wp","href":"https:\/\/api.w.org\/{rel}","templated":true}]}}