{"id":9278,"date":"2016-06-09T10:05:18","date_gmt":"2016-06-09T08:05:18","guid":{"rendered":"http:\/\/www.friseur-hopmann.de\/?post_type=product&#038;p=9278"},"modified":"2026-01-18T14:26:51","modified_gmt":"2026-01-18T12:26:51","slug":"densifiqu-fondante-densit-pflegeconditioner-200-ml","status":"publish","type":"product","link":"https:\/\/www.friseur-hopmann.de\/?product=densifiqu-fondante-densit-pflegeconditioner-200-ml","title":{"rendered":"K\u00c9RASTASE DENSIFIQU\u00c8 FONDANTE DENSIT\u00c8 (Pflegeconditioner) 200 ml"},"content":{"rendered":"<h3>Produktbeschreibung:<\/h3>\n<p>Fondante Densit\u00e9 Pflegeconditioner<\/p>\n<p>Kr\u00e4ftigende Pflege f\u00fcr d\u00fcnner werdendes Haar, dass an F\u00fclle und Substanz verliert.<br \/>\nVerleiht dem Haar mehr Griffigkeit und ein f\u00fclligeres Haargef\u00fchl. St\u00e4rkt die Haarfaser.<\/p>\n<h3>Zielgruppe:<\/h3>\n<p>F\u00fcr d\u00fcnner werdenden, kraftlosen u. feinen Haaren.<\/p>\n<h3>Anwendung:<\/h3>\n<p>Auf das gewaschene, handtuchtrockene Haar auftragen. 1 &#8211; 2 Minuten einwirken lassen. Sorgf\u00e4ltig aussp\u00fclen. Bei Kontakt mit den Augen diese sofort aussp\u00fclen.<\/p>\n<h3>Technologie:<\/h3>\n<p>Stemoxydine\u00ae: Kreiert eine optimale Umgebung f\u00fcr die Stammzellen. Erweckt schlafende Haarfollikel und l\u00e4sst neue Haare schneller wachsen.<\/p>\n<p>In der Maske ist ein geringerer Anteil an Stemoxydine enthalten, als in der Densifique Intensivkur und wirkt somit unterst\u00fctzend zu Anwendung der Intensivkur.<\/p>\n<p>Hyalurons\u00e4ure: Hydratisiert die Kopfhaut, versorgt sie mit Feuchtigkeit und schafft ein optimales Wachstumsumfeld.<\/p>\n<p>Gluco-Peptide: Lagern sich am Haar an. Sie gleichen die Oberfl\u00e4chenstruktur aus und unterst\u00fctzen den Aufbau des Haares.<\/p>\n<p>+ Ceramide : St\u00e4rken die Haarfaser<\/p>\n<p><strong>Inhalt:<\/strong> 200 ml<\/p>\n","protected":false},"excerpt":{"rendered":"<p>Fondante Densit\u00e9 Pflegeconditioner<\/p>\n<p>Kr\u00e4ftigende Pflege f\u00fcr d\u00fcnner werdendes Haar, dass an F\u00fclle und Substanz verliert.<br \/>\nVerleiht dem Haar mehr Griffigkeit und ein f\u00fclligeres Haargef\u00fchl.<\/p>\n<p>St\u00e4rkt die Haarfaser.<\/p>\n","protected":false},"featured_media":9279,"comment_status":"open","ping_status":"closed","template":"","meta":{"_exactmetrics_skip_tracking":false,"_exactmetrics_sitenote_active":false,"_exactmetrics_sitenote_note":"","_exactmetrics_sitenote_category":0,"_monsterinsights_skip_tracking":false,"_monsterinsights_sitenote_active":false,"_monsterinsights_sitenote_note":"","_monsterinsights_sitenote_category":0},"pwb-brand":[],"product_brand":[615],"product_cat":[524,608,491,542,544],"product_tag":[695,811,712,696,826],"class_list":{"0":"post-9278","1":"product","2":"type-product","3":"status-publish","4":"has-post-thumbnail","6":"product_brand-kerastase-2","7":"product_cat-densifique","8":"product_cat-densifique-densit","9":"product_cat-kerastase","10":"product_cat-kerastase-conditioner","11":"product_cat-kerastase-haarpflege","12":"product_tag-conditioner","13":"product_tag-gute-kaemmbarkeit","14":"product_tag-haarpflege","15":"product_tag-schnellpflege","16":"product_tag-sorgt-fuer-festigkeit","17":"pa_inhalt-619","19":"first","20":"instock","21":"taxable","22":"shipping-taxable","23":"purchasable","24":"product-type-simple"},"yoast_head":"<!-- This site is optimized with the Yoast SEO plugin v24.6 - https:\/\/yoast.com\/wordpress\/plugins\/seo\/ -->\n<title>DENSIFIQU\u00c8 FONDANTE DENSIT\u00c8 (Pflegeconditioner) 200 ml<\/title>\n<meta name=\"robots\" content=\"index, follow, max-snippet:-1, max-image-preview:large, max-video-preview:-1\" \/>\n<link rel=\"canonical\" href=\"https:\/\/www.friseur-hopmann.de\/?product=densifiqu-fondante-densit-pflegeconditioner-200-ml\" \/>\n<meta property=\"og:locale\" content=\"de_DE\" \/>\n<meta property=\"og:type\" content=\"article\" \/>\n<meta property=\"og:title\" content=\"DENSIFIQU\u00c8 FONDANTE DENSIT\u00c8 (Pflegeconditioner) 200 ml\" \/>\n<meta property=\"og:description\" content=\"Fondante Densit\u00e9 Pflegeconditioner  Kr\u00e4ftigende Pflege f\u00fcr d\u00fcnner werdendes Haar, dass an F\u00fclle und Substanz verliert. Verleiht dem Haar mehr Griffigkeit und ein f\u00fclligeres Haargef\u00fchl.  St\u00e4rkt die Haarfaser.\" \/>\n<meta property=\"og:url\" content=\"https:\/\/www.friseur-hopmann.de\/?product=densifiqu-fondante-densit-pflegeconditioner-200-ml\" \/>\n<meta property=\"og:site_name\" content=\"Friseur Hopmann Hairstyling\" \/>\n<meta property=\"article:modified_time\" content=\"2026-01-18T12:26:51+00:00\" \/>\n<meta property=\"og:image\" content=\"http:\/\/www.friseur-hopmann.de\/wp-content\/uploads\/2017\/05\/p-9278-3474636404391_fondantdensit(1).png\" \/>\n\t<meta property=\"og:image:width\" content=\"1000\" \/>\n\t<meta property=\"og:image:height\" content=\"1000\" \/>\n\t<meta property=\"og:image:type\" content=\"image\/jpeg\" \/>\n<meta name=\"twitter:card\" content=\"summary_large_image\" \/>\n<meta name=\"twitter:label1\" content=\"Gesch\u00e4tzte Lesezeit\" \/>\n\t<meta name=\"twitter:data1\" content=\"1\u00a0Minute\" \/>\n<script type=\"application\/ld+json\" class=\"yoast-schema-graph\">{\"@context\":\"https:\/\/schema.org\",\"@graph\":[{\"@type\":\"WebPage\",\"@id\":\"https:\/\/www.friseur-hopmann.de\/?product=densifiqu-fondante-densit-pflegeconditioner-200-ml\",\"url\":\"https:\/\/www.friseur-hopmann.de\/?product=densifiqu-fondante-densit-pflegeconditioner-200-ml\",\"name\":\"DENSIFIQU\u00c8 FONDANTE DENSIT\u00c8 (Pflegeconditioner) 200 ml\",\"isPartOf\":{\"@id\":\"https:\/\/www.friseur-hopmann.de\/#website\"},\"primaryImageOfPage\":{\"@id\":\"https:\/\/www.friseur-hopmann.de\/?product=densifiqu-fondante-densit-pflegeconditioner-200-ml#primaryimage\"},\"image\":{\"@id\":\"https:\/\/www.friseur-hopmann.de\/?product=densifiqu-fondante-densit-pflegeconditioner-200-ml#primaryimage\"},\"thumbnailUrl\":\"https:\/\/www.friseur-hopmann.de\/wp-content\/uploads\/2017\/05\/p-9278-3474636404391_fondantdensit(1).png\",\"datePublished\":\"2016-06-09T08:05:18+00:00\",\"dateModified\":\"2026-01-18T12:26:51+00:00\",\"breadcrumb\":{\"@id\":\"https:\/\/www.friseur-hopmann.de\/?product=densifiqu-fondante-densit-pflegeconditioner-200-ml#breadcrumb\"},\"inLanguage\":\"de\",\"potentialAction\":[{\"@type\":\"ReadAction\",\"target\":[\"https:\/\/www.friseur-hopmann.de\/?product=densifiqu-fondante-densit-pflegeconditioner-200-ml\"]}]},{\"@type\":\"ImageObject\",\"inLanguage\":\"de\",\"@id\":\"https:\/\/www.friseur-hopmann.de\/?product=densifiqu-fondante-densit-pflegeconditioner-200-ml#primaryimage\",\"url\":\"https:\/\/www.friseur-hopmann.de\/wp-content\/uploads\/2017\/05\/p-9278-3474636404391_fondantdensit(1).png\",\"contentUrl\":\"https:\/\/www.friseur-hopmann.de\/wp-content\/uploads\/2017\/05\/p-9278-3474636404391_fondantdensit(1).png\",\"width\":1000,\"height\":1000,\"caption\":\"DENSIFIQU\u00c8 FONDANTE DENSIT\u00c8 (Pflegeconditioner) 200 ml\"},{\"@type\":\"BreadcrumbList\",\"@id\":\"https:\/\/www.friseur-hopmann.de\/?product=densifiqu-fondante-densit-pflegeconditioner-200-ml#breadcrumb\",\"itemListElement\":[{\"@type\":\"ListItem\",\"position\":1,\"name\":\"Startseite\",\"item\":\"https:\/\/www.friseur-hopmann.de\/\"},{\"@type\":\"ListItem\",\"position\":2,\"name\":\"Produkte\",\"item\":\"https:\/\/www.friseur-hopmann.de\/?post_type=product\"},{\"@type\":\"ListItem\",\"position\":3,\"name\":\"K\u00c9RASTASE DENSIFIQU\u00c8 FONDANTE DENSIT\u00c8 (Pflegeconditioner) 200 ml\"}]},{\"@type\":\"WebSite\",\"@id\":\"https:\/\/www.friseur-hopmann.de\/#website\",\"url\":\"https:\/\/www.friseur-hopmann.de\/\",\"name\":\"Friseur Hopmann Hairstyling\",\"description\":\"Ihr Friseur in Nordhorn\",\"potentialAction\":[{\"@type\":\"SearchAction\",\"target\":{\"@type\":\"EntryPoint\",\"urlTemplate\":\"https:\/\/www.friseur-hopmann.de\/?s={search_term_string}\"},\"query-input\":{\"@type\":\"PropertyValueSpecification\",\"valueRequired\":true,\"valueName\":\"search_term_string\"}}],\"inLanguage\":\"de\"}]}<\/script>\n<!-- \/ Yoast SEO plugin. -->","yoast_head_json":{"title":"DENSIFIQU\u00c8 FONDANTE DENSIT\u00c8 (Pflegeconditioner) 200 ml","robots":{"index":"index","follow":"follow","max-snippet":"max-snippet:-1","max-image-preview":"max-image-preview:large","max-video-preview":"max-video-preview:-1"},"canonical":"https:\/\/www.friseur-hopmann.de\/?product=densifiqu-fondante-densit-pflegeconditioner-200-ml","og_locale":"de_DE","og_type":"article","og_title":"DENSIFIQU\u00c8 FONDANTE DENSIT\u00c8 (Pflegeconditioner) 200 ml","og_description":"Fondante Densit\u00e9 Pflegeconditioner  Kr\u00e4ftigende Pflege f\u00fcr d\u00fcnner werdendes Haar, dass an F\u00fclle und Substanz verliert. Verleiht dem Haar mehr Griffigkeit und ein f\u00fclligeres Haargef\u00fchl.  St\u00e4rkt die Haarfaser.","og_url":"https:\/\/www.friseur-hopmann.de\/?product=densifiqu-fondante-densit-pflegeconditioner-200-ml","og_site_name":"Friseur Hopmann Hairstyling","article_modified_time":"2026-01-18T12:26:51+00:00","og_image":[{"width":1000,"height":1000,"url":"http:\/\/www.friseur-hopmann.de\/wp-content\/uploads\/2017\/05\/p-9278-3474636404391_fondantdensit(1).png","type":"image\/jpeg"}],"twitter_card":"summary_large_image","twitter_misc":{"Gesch\u00e4tzte Lesezeit":"1\u00a0Minute"},"schema":{"@context":"https:\/\/schema.org","@graph":[{"@type":"WebPage","@id":"https:\/\/www.friseur-hopmann.de\/?product=densifiqu-fondante-densit-pflegeconditioner-200-ml","url":"https:\/\/www.friseur-hopmann.de\/?product=densifiqu-fondante-densit-pflegeconditioner-200-ml","name":"DENSIFIQU\u00c8 FONDANTE DENSIT\u00c8 (Pflegeconditioner) 200 ml","isPartOf":{"@id":"https:\/\/www.friseur-hopmann.de\/#website"},"primaryImageOfPage":{"@id":"https:\/\/www.friseur-hopmann.de\/?product=densifiqu-fondante-densit-pflegeconditioner-200-ml#primaryimage"},"image":{"@id":"https:\/\/www.friseur-hopmann.de\/?product=densifiqu-fondante-densit-pflegeconditioner-200-ml#primaryimage"},"thumbnailUrl":"https:\/\/www.friseur-hopmann.de\/wp-content\/uploads\/2017\/05\/p-9278-3474636404391_fondantdensit(1).png","datePublished":"2016-06-09T08:05:18+00:00","dateModified":"2026-01-18T12:26:51+00:00","breadcrumb":{"@id":"https:\/\/www.friseur-hopmann.de\/?product=densifiqu-fondante-densit-pflegeconditioner-200-ml#breadcrumb"},"inLanguage":"de","potentialAction":[{"@type":"ReadAction","target":["https:\/\/www.friseur-hopmann.de\/?product=densifiqu-fondante-densit-pflegeconditioner-200-ml"]}]},{"@type":"ImageObject","inLanguage":"de","@id":"https:\/\/www.friseur-hopmann.de\/?product=densifiqu-fondante-densit-pflegeconditioner-200-ml#primaryimage","url":"https:\/\/www.friseur-hopmann.de\/wp-content\/uploads\/2017\/05\/p-9278-3474636404391_fondantdensit(1).png","contentUrl":"https:\/\/www.friseur-hopmann.de\/wp-content\/uploads\/2017\/05\/p-9278-3474636404391_fondantdensit(1).png","width":1000,"height":1000,"caption":"DENSIFIQU\u00c8 FONDANTE DENSIT\u00c8 (Pflegeconditioner) 200 ml"},{"@type":"BreadcrumbList","@id":"https:\/\/www.friseur-hopmann.de\/?product=densifiqu-fondante-densit-pflegeconditioner-200-ml#breadcrumb","itemListElement":[{"@type":"ListItem","position":1,"name":"Startseite","item":"https:\/\/www.friseur-hopmann.de\/"},{"@type":"ListItem","position":2,"name":"Produkte","item":"https:\/\/www.friseur-hopmann.de\/?post_type=product"},{"@type":"ListItem","position":3,"name":"K\u00c9RASTASE DENSIFIQU\u00c8 FONDANTE DENSIT\u00c8 (Pflegeconditioner) 200 ml"}]},{"@type":"WebSite","@id":"https:\/\/www.friseur-hopmann.de\/#website","url":"https:\/\/www.friseur-hopmann.de\/","name":"Friseur Hopmann Hairstyling","description":"Ihr Friseur in Nordhorn","potentialAction":[{"@type":"SearchAction","target":{"@type":"EntryPoint","urlTemplate":"https:\/\/www.friseur-hopmann.de\/?s={search_term_string}"},"query-input":{"@type":"PropertyValueSpecification","valueRequired":true,"valueName":"search_term_string"}}],"inLanguage":"de"}]}},"brands":[],"_links":{"self":[{"href":"https:\/\/www.friseur-hopmann.de\/index.php?rest_route=\/wp\/v2\/product\/9278","targetHints":{"allow":["GET"]}}],"collection":[{"href":"https:\/\/www.friseur-hopmann.de\/index.php?rest_route=\/wp\/v2\/product"}],"about":[{"href":"https:\/\/www.friseur-hopmann.de\/index.php?rest_route=\/wp\/v2\/types\/product"}],"replies":[{"embeddable":true,"href":"https:\/\/www.friseur-hopmann.de\/index.php?rest_route=%2Fwp%2Fv2%2Fcomments&post=9278"}],"wp:featuredmedia":[{"embeddable":true,"href":"https:\/\/www.friseur-hopmann.de\/index.php?rest_route=\/wp\/v2\/media\/9279"}],"wp:attachment":[{"href":"https:\/\/www.friseur-hopmann.de\/index.php?rest_route=%2Fwp%2Fv2%2Fmedia&parent=9278"}],"wp:term":[{"taxonomy":"pwb-brand","embeddable":true,"href":"https:\/\/www.friseur-hopmann.de\/index.php?rest_route=%2Fwp%2Fv2%2Fpwb-brand&post=9278"},{"taxonomy":"product_brand","embeddable":true,"href":"https:\/\/www.friseur-hopmann.de\/index.php?rest_route=%2Fwp%2Fv2%2Fproduct_brand&post=9278"},{"taxonomy":"product_cat","embeddable":true,"href":"https:\/\/www.friseur-hopmann.de\/index.php?rest_route=%2Fwp%2Fv2%2Fproduct_cat&post=9278"},{"taxonomy":"product_tag","embeddable":true,"href":"https:\/\/www.friseur-hopmann.de\/index.php?rest_route=%2Fwp%2Fv2%2Fproduct_tag&post=9278"}],"curies":[{"name":"wp","href":"https:\/\/api.w.org\/{rel}","templated":true}]}}