{"id":9257,"date":"2016-06-09T10:05:17","date_gmt":"2016-06-09T08:05:17","guid":{"rendered":"http:\/\/www.friseur-hopmann.de\/?post_type=product&#038;p=9257"},"modified":"2026-01-18T14:27:26","modified_gmt":"2026-01-18T12:27:26","slug":"densifiqu-bain-densit-homme-shampoo-fur-mehr-haarfulle-250-ml","status":"publish","type":"product","link":"https:\/\/www.friseur-hopmann.de\/?product=densifiqu-bain-densit-homme-shampoo-fur-mehr-haarfulle-250-ml","title":{"rendered":"K\u00c9RASTASE DENSIFIQU\u00c8 BAIN DENSIT\u00c8 HOMME (Shampoo f\u00fcr mehr Haarf\u00fclle) 250 ml"},"content":{"rendered":"<h3>Produktbeschreibung:<\/h3>\n<p>Bain Densit\u00e8 Homme<\/p>\n<p>Strukturgebendes Haarbad f\u00fcr d\u00fcnner werdendes Haar, dass an F\u00fclle und Substanz verliert.<br \/>\nVerleiht dem Haar mehr Griffigkeit und ein f\u00fclligeres Haargef\u00fchl. St\u00e4rkt die Haarfaser.<\/p>\n<h3>Zielgruppe:<\/h3>\n<p>M\u00e4nner, mit d\u00fcnner werdenden und kraftlosen Haaren.<\/p>\n<h3>Anwendung:<\/h3>\n<p>Auf dem angefeuchteten Haar verteilen. Einarbeiten. Aufemulgieren und gr\u00fcndlich aussp\u00fclen.<br \/>\nFalls gew\u00fcnscht tragen Sie das Haarbad erneut auf. Einarbeiten und einige Minuten einwirken lassen.<br \/>\nGeben Sie ein bisschen Wasser hinzu und sch\u00e4umen Sie das Produkt auf. Sanft aufemulgieren und gr\u00fcndlich aussp\u00fclen.<\/p>\n<h3>Technologie:<\/h3>\n<p>Stemoxydine\u00ae: Kreiert eine optimale Umgebung f\u00fcr die Stammzellen. Erweckt schlafende Haarfollikel und l\u00e4sst neue Haare schneller wachsen. Im Haarbad ist ein geringerer Anteil an Stemoxydine enthalten, als in der Densifique Intensivkur und wirkt somit unterst\u00fctzend zur Anwendung der Intensivkur.<\/p>\n<p>Hyalurons\u00e4ure: Hydratisiert die Kopfhaut, versorgt sie mit Feuchtigkeit und schafft ein optimales Wachstumsumfeld.<\/p>\n<p>Gluco-Peptide: Lagern sich am Haar an. Sie gleichen die Oberfl\u00e4chenstruktur aus und unterst\u00fctzen den Aufbau des Haares.<\/p>\n<p>+ Ceramide : St\u00e4rken die Haarfaser<\/p>\n<p><strong>Inhalt:<\/strong> 250 ml<\/p>\n","protected":false},"excerpt":{"rendered":"<p>Bain Densit\u00e8 Homme<\/p>\n<p>Strukturgebendes Haarbad f\u00fcr d\u00fcnner werdendes Haar, dass an F\u00fclle und Substanz verliert.<br \/>\nVerleiht dem Haar mehr Griffigkeit und ein f\u00fclligeres Haargef\u00fchl. St\u00e4rkt die Haarfaser.<\/p>\n<p><strong>Shampoo speziell f\u00fcr den Mann<\/strong><\/p>\n","protected":false},"featured_media":9258,"comment_status":"open","ping_status":"closed","template":"","meta":{"_exactmetrics_skip_tracking":false,"_exactmetrics_sitenote_active":false,"_exactmetrics_sitenote_note":"","_exactmetrics_sitenote_category":0,"_monsterinsights_skip_tracking":false,"_monsterinsights_sitenote_active":false,"_monsterinsights_sitenote_note":"","_monsterinsights_sitenote_category":0},"pwb-brand":[],"product_brand":[615],"product_cat":[524,608,510,530,491,544,548],"product_tag":[747,743,691],"class_list":{"0":"post-9257","1":"product","2":"type-product","3":"status-publish","4":"has-post-thumbnail","6":"product_brand-kerastase-2","7":"product_cat-densifique","8":"product_cat-densifique-densit","9":"product_cat-densitive","10":"product_cat-homme-densifique","11":"product_cat-kerastase","12":"product_cat-kerastase-haarpflege","13":"product_cat-kerastase-shampoo","14":"product_tag-2-1","15":"product_tag-fuer-haar-und-haut","16":"product_tag-shampoo-fuer-den-mann","17":"pa_inhalt-622","19":"first","20":"instock","21":"taxable","22":"shipping-taxable","23":"purchasable","24":"product-type-simple"},"yoast_head":"<!-- This site is optimized with the Yoast SEO plugin v24.6 - https:\/\/yoast.com\/wordpress\/plugins\/seo\/ -->\n<title>DENSIFIQU\u00c8 BAIN DENSIT\u00c8 HOMME (Shampoo f\u00fcr mehr Haarf\u00fclle) 250 ml<\/title>\n<meta name=\"robots\" content=\"index, follow, max-snippet:-1, max-image-preview:large, max-video-preview:-1\" \/>\n<link rel=\"canonical\" href=\"https:\/\/www.friseur-hopmann.de\/?product=densifiqu-bain-densit-homme-shampoo-fur-mehr-haarfulle-250-ml\" \/>\n<meta property=\"og:locale\" content=\"de_DE\" \/>\n<meta property=\"og:type\" content=\"article\" \/>\n<meta property=\"og:title\" content=\"DENSIFIQU\u00c8 BAIN DENSIT\u00c8 HOMME (Shampoo f\u00fcr mehr Haarf\u00fclle) 250 ml\" \/>\n<meta property=\"og:description\" content=\"Bain Densit\u00e8 Homme  Strukturgebendes Haarbad f\u00fcr d\u00fcnner werdendes Haar, dass an F\u00fclle und Substanz verliert. Verleiht dem Haar mehr Griffigkeit und ein f\u00fclligeres Haargef\u00fchl. St\u00e4rkt die Haarfaser.  Shampoo speziell f\u00fcr den Mann\" \/>\n<meta property=\"og:url\" content=\"https:\/\/www.friseur-hopmann.de\/?product=densifiqu-bain-densit-homme-shampoo-fur-mehr-haarfulle-250-ml\" \/>\n<meta property=\"og:site_name\" content=\"Friseur Hopmann Hairstyling\" \/>\n<meta property=\"article:modified_time\" content=\"2026-01-18T12:27:26+00:00\" \/>\n<meta property=\"og:image\" content=\"http:\/\/www.friseur-hopmann.de\/wp-content\/uploads\/2017\/05\/p-9257-3474636404386_baindensithomme.png\" \/>\n\t<meta property=\"og:image:width\" content=\"1000\" \/>\n\t<meta property=\"og:image:height\" content=\"1000\" \/>\n\t<meta property=\"og:image:type\" content=\"image\/jpeg\" \/>\n<meta name=\"twitter:card\" content=\"summary_large_image\" \/>\n<meta name=\"twitter:label1\" content=\"Gesch\u00e4tzte Lesezeit\" \/>\n\t<meta name=\"twitter:data1\" content=\"1\u00a0Minute\" \/>\n<script type=\"application\/ld+json\" class=\"yoast-schema-graph\">{\"@context\":\"https:\/\/schema.org\",\"@graph\":[{\"@type\":\"WebPage\",\"@id\":\"https:\/\/www.friseur-hopmann.de\/?product=densifiqu-bain-densit-homme-shampoo-fur-mehr-haarfulle-250-ml\",\"url\":\"https:\/\/www.friseur-hopmann.de\/?product=densifiqu-bain-densit-homme-shampoo-fur-mehr-haarfulle-250-ml\",\"name\":\"DENSIFIQU\u00c8 BAIN DENSIT\u00c8 HOMME (Shampoo f\u00fcr mehr Haarf\u00fclle) 250 ml\",\"isPartOf\":{\"@id\":\"https:\/\/www.friseur-hopmann.de\/#website\"},\"primaryImageOfPage\":{\"@id\":\"https:\/\/www.friseur-hopmann.de\/?product=densifiqu-bain-densit-homme-shampoo-fur-mehr-haarfulle-250-ml#primaryimage\"},\"image\":{\"@id\":\"https:\/\/www.friseur-hopmann.de\/?product=densifiqu-bain-densit-homme-shampoo-fur-mehr-haarfulle-250-ml#primaryimage\"},\"thumbnailUrl\":\"https:\/\/www.friseur-hopmann.de\/wp-content\/uploads\/2017\/05\/p-9257-3474636404386_baindensithomme.png\",\"datePublished\":\"2016-06-09T08:05:17+00:00\",\"dateModified\":\"2026-01-18T12:27:26+00:00\",\"breadcrumb\":{\"@id\":\"https:\/\/www.friseur-hopmann.de\/?product=densifiqu-bain-densit-homme-shampoo-fur-mehr-haarfulle-250-ml#breadcrumb\"},\"inLanguage\":\"de\",\"potentialAction\":[{\"@type\":\"ReadAction\",\"target\":[\"https:\/\/www.friseur-hopmann.de\/?product=densifiqu-bain-densit-homme-shampoo-fur-mehr-haarfulle-250-ml\"]}]},{\"@type\":\"ImageObject\",\"inLanguage\":\"de\",\"@id\":\"https:\/\/www.friseur-hopmann.de\/?product=densifiqu-bain-densit-homme-shampoo-fur-mehr-haarfulle-250-ml#primaryimage\",\"url\":\"https:\/\/www.friseur-hopmann.de\/wp-content\/uploads\/2017\/05\/p-9257-3474636404386_baindensithomme.png\",\"contentUrl\":\"https:\/\/www.friseur-hopmann.de\/wp-content\/uploads\/2017\/05\/p-9257-3474636404386_baindensithomme.png\",\"width\":1000,\"height\":1000,\"caption\":\"DENSIFIQU\u00c8 BAIN DENSIT\u00c8 HOMME (Shampoo f\u00fcr mehr Haarf\u00fclle) 250 ml\"},{\"@type\":\"BreadcrumbList\",\"@id\":\"https:\/\/www.friseur-hopmann.de\/?product=densifiqu-bain-densit-homme-shampoo-fur-mehr-haarfulle-250-ml#breadcrumb\",\"itemListElement\":[{\"@type\":\"ListItem\",\"position\":1,\"name\":\"Startseite\",\"item\":\"https:\/\/www.friseur-hopmann.de\/\"},{\"@type\":\"ListItem\",\"position\":2,\"name\":\"Produkte\",\"item\":\"https:\/\/www.friseur-hopmann.de\/?post_type=product\"},{\"@type\":\"ListItem\",\"position\":3,\"name\":\"K\u00c9RASTASE DENSIFIQU\u00c8 BAIN DENSIT\u00c8 HOMME (Shampoo f\u00fcr mehr Haarf\u00fclle) 250 ml\"}]},{\"@type\":\"WebSite\",\"@id\":\"https:\/\/www.friseur-hopmann.de\/#website\",\"url\":\"https:\/\/www.friseur-hopmann.de\/\",\"name\":\"Friseur Hopmann Hairstyling\",\"description\":\"Ihr Friseur in Nordhorn\",\"potentialAction\":[{\"@type\":\"SearchAction\",\"target\":{\"@type\":\"EntryPoint\",\"urlTemplate\":\"https:\/\/www.friseur-hopmann.de\/?s={search_term_string}\"},\"query-input\":{\"@type\":\"PropertyValueSpecification\",\"valueRequired\":true,\"valueName\":\"search_term_string\"}}],\"inLanguage\":\"de\"}]}<\/script>\n<!-- \/ Yoast SEO plugin. -->","yoast_head_json":{"title":"DENSIFIQU\u00c8 BAIN DENSIT\u00c8 HOMME (Shampoo f\u00fcr mehr Haarf\u00fclle) 250 ml","robots":{"index":"index","follow":"follow","max-snippet":"max-snippet:-1","max-image-preview":"max-image-preview:large","max-video-preview":"max-video-preview:-1"},"canonical":"https:\/\/www.friseur-hopmann.de\/?product=densifiqu-bain-densit-homme-shampoo-fur-mehr-haarfulle-250-ml","og_locale":"de_DE","og_type":"article","og_title":"DENSIFIQU\u00c8 BAIN DENSIT\u00c8 HOMME (Shampoo f\u00fcr mehr Haarf\u00fclle) 250 ml","og_description":"Bain Densit\u00e8 Homme  Strukturgebendes Haarbad f\u00fcr d\u00fcnner werdendes Haar, dass an F\u00fclle und Substanz verliert. Verleiht dem Haar mehr Griffigkeit und ein f\u00fclligeres Haargef\u00fchl. St\u00e4rkt die Haarfaser.  Shampoo speziell f\u00fcr den Mann","og_url":"https:\/\/www.friseur-hopmann.de\/?product=densifiqu-bain-densit-homme-shampoo-fur-mehr-haarfulle-250-ml","og_site_name":"Friseur Hopmann Hairstyling","article_modified_time":"2026-01-18T12:27:26+00:00","og_image":[{"width":1000,"height":1000,"url":"http:\/\/www.friseur-hopmann.de\/wp-content\/uploads\/2017\/05\/p-9257-3474636404386_baindensithomme.png","type":"image\/jpeg"}],"twitter_card":"summary_large_image","twitter_misc":{"Gesch\u00e4tzte Lesezeit":"1\u00a0Minute"},"schema":{"@context":"https:\/\/schema.org","@graph":[{"@type":"WebPage","@id":"https:\/\/www.friseur-hopmann.de\/?product=densifiqu-bain-densit-homme-shampoo-fur-mehr-haarfulle-250-ml","url":"https:\/\/www.friseur-hopmann.de\/?product=densifiqu-bain-densit-homme-shampoo-fur-mehr-haarfulle-250-ml","name":"DENSIFIQU\u00c8 BAIN DENSIT\u00c8 HOMME (Shampoo f\u00fcr mehr Haarf\u00fclle) 250 ml","isPartOf":{"@id":"https:\/\/www.friseur-hopmann.de\/#website"},"primaryImageOfPage":{"@id":"https:\/\/www.friseur-hopmann.de\/?product=densifiqu-bain-densit-homme-shampoo-fur-mehr-haarfulle-250-ml#primaryimage"},"image":{"@id":"https:\/\/www.friseur-hopmann.de\/?product=densifiqu-bain-densit-homme-shampoo-fur-mehr-haarfulle-250-ml#primaryimage"},"thumbnailUrl":"https:\/\/www.friseur-hopmann.de\/wp-content\/uploads\/2017\/05\/p-9257-3474636404386_baindensithomme.png","datePublished":"2016-06-09T08:05:17+00:00","dateModified":"2026-01-18T12:27:26+00:00","breadcrumb":{"@id":"https:\/\/www.friseur-hopmann.de\/?product=densifiqu-bain-densit-homme-shampoo-fur-mehr-haarfulle-250-ml#breadcrumb"},"inLanguage":"de","potentialAction":[{"@type":"ReadAction","target":["https:\/\/www.friseur-hopmann.de\/?product=densifiqu-bain-densit-homme-shampoo-fur-mehr-haarfulle-250-ml"]}]},{"@type":"ImageObject","inLanguage":"de","@id":"https:\/\/www.friseur-hopmann.de\/?product=densifiqu-bain-densit-homme-shampoo-fur-mehr-haarfulle-250-ml#primaryimage","url":"https:\/\/www.friseur-hopmann.de\/wp-content\/uploads\/2017\/05\/p-9257-3474636404386_baindensithomme.png","contentUrl":"https:\/\/www.friseur-hopmann.de\/wp-content\/uploads\/2017\/05\/p-9257-3474636404386_baindensithomme.png","width":1000,"height":1000,"caption":"DENSIFIQU\u00c8 BAIN DENSIT\u00c8 HOMME (Shampoo f\u00fcr mehr Haarf\u00fclle) 250 ml"},{"@type":"BreadcrumbList","@id":"https:\/\/www.friseur-hopmann.de\/?product=densifiqu-bain-densit-homme-shampoo-fur-mehr-haarfulle-250-ml#breadcrumb","itemListElement":[{"@type":"ListItem","position":1,"name":"Startseite","item":"https:\/\/www.friseur-hopmann.de\/"},{"@type":"ListItem","position":2,"name":"Produkte","item":"https:\/\/www.friseur-hopmann.de\/?post_type=product"},{"@type":"ListItem","position":3,"name":"K\u00c9RASTASE DENSIFIQU\u00c8 BAIN DENSIT\u00c8 HOMME (Shampoo f\u00fcr mehr Haarf\u00fclle) 250 ml"}]},{"@type":"WebSite","@id":"https:\/\/www.friseur-hopmann.de\/#website","url":"https:\/\/www.friseur-hopmann.de\/","name":"Friseur Hopmann Hairstyling","description":"Ihr Friseur in Nordhorn","potentialAction":[{"@type":"SearchAction","target":{"@type":"EntryPoint","urlTemplate":"https:\/\/www.friseur-hopmann.de\/?s={search_term_string}"},"query-input":{"@type":"PropertyValueSpecification","valueRequired":true,"valueName":"search_term_string"}}],"inLanguage":"de"}]}},"brands":[],"_links":{"self":[{"href":"https:\/\/www.friseur-hopmann.de\/index.php?rest_route=\/wp\/v2\/product\/9257","targetHints":{"allow":["GET"]}}],"collection":[{"href":"https:\/\/www.friseur-hopmann.de\/index.php?rest_route=\/wp\/v2\/product"}],"about":[{"href":"https:\/\/www.friseur-hopmann.de\/index.php?rest_route=\/wp\/v2\/types\/product"}],"replies":[{"embeddable":true,"href":"https:\/\/www.friseur-hopmann.de\/index.php?rest_route=%2Fwp%2Fv2%2Fcomments&post=9257"}],"wp:featuredmedia":[{"embeddable":true,"href":"https:\/\/www.friseur-hopmann.de\/index.php?rest_route=\/wp\/v2\/media\/9258"}],"wp:attachment":[{"href":"https:\/\/www.friseur-hopmann.de\/index.php?rest_route=%2Fwp%2Fv2%2Fmedia&parent=9257"}],"wp:term":[{"taxonomy":"pwb-brand","embeddable":true,"href":"https:\/\/www.friseur-hopmann.de\/index.php?rest_route=%2Fwp%2Fv2%2Fpwb-brand&post=9257"},{"taxonomy":"product_brand","embeddable":true,"href":"https:\/\/www.friseur-hopmann.de\/index.php?rest_route=%2Fwp%2Fv2%2Fproduct_brand&post=9257"},{"taxonomy":"product_cat","embeddable":true,"href":"https:\/\/www.friseur-hopmann.de\/index.php?rest_route=%2Fwp%2Fv2%2Fproduct_cat&post=9257"},{"taxonomy":"product_tag","embeddable":true,"href":"https:\/\/www.friseur-hopmann.de\/index.php?rest_route=%2Fwp%2Fv2%2Fproduct_tag&post=9257"}],"curies":[{"name":"wp","href":"https:\/\/api.w.org\/{rel}","templated":true}]}}