{"id":9063,"date":"2011-02-06T10:05:09","date_gmt":"2011-02-06T08:05:09","guid":{"rendered":"http:\/\/www.friseur-hopmann.de\/?post_type=product&#038;p=9063"},"modified":"2021-01-10T16:11:29","modified_gmt":"2021-01-10T14:11:29","slug":"eimi-absolute-set-finishing-spray-ultra-strong-300-ml","status":"publish","type":"product","link":"https:\/\/www.friseur-hopmann.de\/?product=eimi-absolute-set-finishing-spray-ultra-strong-300-ml","title":{"rendered":"EIMI ABSOLUTE SET &#8222;FINISHING SPRAY&#8220; (ultra strong) 300  ml"},"content":{"rendered":"<h3>Produktbeschreibung:<\/h3>\n<p>EIMI ABSOLUTE SET &#8222;FINISHING SPRAY&#8220; (ultra strong = ultra starker Halt)<br \/>\nFixieren Sie den Style mit diesem ultra starken Finishing Spray.<\/p>\n<p>Das Wella EIMI Absolute Set hilft, das Haar vor den Auswirkungen von Feuchtigkeit, UV-Strahlen und Hitze zu sch\u00fctzen.<\/p>\n<p>Mit Haltegrad 4 von 4.<\/p>\n<h3>Inhaltsstoffe des Wella EIMI Absolute Set<\/h3>\n<p>Dimethyl Ether, Alcohol Denat., Aqua, Octylacrylamide\/Acrylates\/Butylaminoethyl Methacrylate Copolymer, Aminomethyl Propanol, VP\/VA Copolymer, Isopropyl Alcohol, Parfum, Panthenol, PEG\/PPG-18\/18 Dimethicone, Hexyl Cinnamal, Linalool, Phenyl Trimethicone, Ethylhexyl Methoxycinnamate, Triethyl Citrate, Limonene, Citronellol<\/p>\n<h3>Zielgruppe:<\/h3>\n<p>Geeignet f\u00fcr alle Haarqualit\u00e4ten.<\/p>\n<p>&nbsp;<\/p>\n<p>Wunsch: ultra starker Halt.<\/p>\n<h3>Anwendung des Wella EIMI Absolute Set<\/h3>\n<p>EIMI Absolute Set mit dem Abstand von einer Arml\u00e4nge<\/p>\n<p>gleichm\u00e4\u00dfig auf das Haar spr\u00fchen, um den Style zu versiegeln.<\/p>\n<p>Gleichm\u00e4\u00dfig \u00fcber den fertigen Style spr\u00fchen.<\/p>\n<p><strong>Inhalt:<\/strong> 300 ml<\/p>\n","protected":false},"excerpt":{"rendered":"<p>EIMI ABSOLUTE SET &#8222;FINISHING SPRAY&#8220;<br \/>\nHaarlack &#8211; ultraextrem starker Halt<\/p>\n","protected":false},"featured_media":9064,"comment_status":"open","ping_status":"closed","template":"","meta":{"_exactmetrics_skip_tracking":false,"_exactmetrics_sitenote_active":false,"_exactmetrics_sitenote_note":"","_exactmetrics_sitenote_category":0,"_monsterinsights_skip_tracking":false,"_monsterinsights_sitenote_active":false,"_monsterinsights_sitenote_note":"","_monsterinsights_sitenote_category":0},"pwb-brand":[],"product_brand":[614],"product_cat":[563,586,656],"product_tag":[],"class_list":{"0":"post-9063","1":"product","2":"type-product","3":"status-publish","4":"has-post-thumbnail","6":"product_brand-wella-2","7":"product_cat-wella-haarspray","8":"product_cat-wella-professionals-eimi","9":"product_cat-eimi-hairspray","10":"pa_inhalt-621","12":"first","13":"instock","14":"taxable","15":"shipping-taxable","16":"purchasable","17":"product-type-simple"},"yoast_head":"<!-- This site is optimized with the Yoast SEO plugin v24.6 - https:\/\/yoast.com\/wordpress\/plugins\/seo\/ -->\n<title>EIMI ABSOLUTE SET &quot;FINISHING SPRAY&quot; (ultra strong) 300 ml<\/title>\n<meta name=\"robots\" content=\"index, follow, max-snippet:-1, max-image-preview:large, max-video-preview:-1\" \/>\n<link rel=\"canonical\" href=\"https:\/\/www.friseur-hopmann.de\/?product=eimi-absolute-set-finishing-spray-ultra-strong-300-ml\" \/>\n<meta property=\"og:locale\" content=\"de_DE\" \/>\n<meta property=\"og:type\" content=\"article\" \/>\n<meta property=\"og:title\" content=\"EIMI ABSOLUTE SET &quot;FINISHING SPRAY&quot; (ultra strong) 300 ml\" \/>\n<meta property=\"og:description\" content=\"EIMI ABSOLUTE SET &quot;FINISHING SPRAY&quot; Haarlack - ultraextrem starker Halt\" \/>\n<meta property=\"og:url\" content=\"https:\/\/www.friseur-hopmann.de\/?product=eimi-absolute-set-finishing-spray-ultra-strong-300-ml\" \/>\n<meta property=\"og:site_name\" content=\"Friseur Hopmann Hairstyling\" \/>\n<meta property=\"article:modified_time\" content=\"2021-01-10T14:11:29+00:00\" \/>\n<meta property=\"og:image\" content=\"https:\/\/www.friseur-hopmann.de\/wp-content\/uploads\/2016\/08\/p-9063-eimiabsolute300.jpg\" \/>\n\t<meta property=\"og:image:width\" content=\"1000\" \/>\n\t<meta property=\"og:image:height\" content=\"1000\" \/>\n\t<meta property=\"og:image:type\" content=\"image\/jpeg\" \/>\n<meta name=\"twitter:card\" content=\"summary_large_image\" \/>\n<meta name=\"twitter:label1\" content=\"Gesch\u00e4tzte Lesezeit\" \/>\n\t<meta name=\"twitter:data1\" content=\"1\u00a0Minute\" \/>\n<script type=\"application\/ld+json\" class=\"yoast-schema-graph\">{\"@context\":\"https:\/\/schema.org\",\"@graph\":[{\"@type\":\"WebPage\",\"@id\":\"https:\/\/www.friseur-hopmann.de\/?product=eimi-absolute-set-finishing-spray-ultra-strong-300-ml\",\"url\":\"https:\/\/www.friseur-hopmann.de\/?product=eimi-absolute-set-finishing-spray-ultra-strong-300-ml\",\"name\":\"EIMI ABSOLUTE SET \\\"FINISHING SPRAY\\\" (ultra strong) 300 ml\",\"isPartOf\":{\"@id\":\"https:\/\/www.friseur-hopmann.de\/#website\"},\"primaryImageOfPage\":{\"@id\":\"https:\/\/www.friseur-hopmann.de\/?product=eimi-absolute-set-finishing-spray-ultra-strong-300-ml#primaryimage\"},\"image\":{\"@id\":\"https:\/\/www.friseur-hopmann.de\/?product=eimi-absolute-set-finishing-spray-ultra-strong-300-ml#primaryimage\"},\"thumbnailUrl\":\"https:\/\/www.friseur-hopmann.de\/wp-content\/uploads\/2016\/08\/p-9063-eimiabsolute300.jpg\",\"datePublished\":\"2011-02-06T08:05:09+00:00\",\"dateModified\":\"2021-01-10T14:11:29+00:00\",\"breadcrumb\":{\"@id\":\"https:\/\/www.friseur-hopmann.de\/?product=eimi-absolute-set-finishing-spray-ultra-strong-300-ml#breadcrumb\"},\"inLanguage\":\"de\",\"potentialAction\":[{\"@type\":\"ReadAction\",\"target\":[\"https:\/\/www.friseur-hopmann.de\/?product=eimi-absolute-set-finishing-spray-ultra-strong-300-ml\"]}]},{\"@type\":\"ImageObject\",\"inLanguage\":\"de\",\"@id\":\"https:\/\/www.friseur-hopmann.de\/?product=eimi-absolute-set-finishing-spray-ultra-strong-300-ml#primaryimage\",\"url\":\"https:\/\/www.friseur-hopmann.de\/wp-content\/uploads\/2016\/08\/p-9063-eimiabsolute300.jpg\",\"contentUrl\":\"https:\/\/www.friseur-hopmann.de\/wp-content\/uploads\/2016\/08\/p-9063-eimiabsolute300.jpg\",\"width\":1000,\"height\":1000,\"caption\":\"EIMI ABSOLUTE SET \\\"FINISHING SPRAY\\\" (ultra strong) 300 ml\"},{\"@type\":\"BreadcrumbList\",\"@id\":\"https:\/\/www.friseur-hopmann.de\/?product=eimi-absolute-set-finishing-spray-ultra-strong-300-ml#breadcrumb\",\"itemListElement\":[{\"@type\":\"ListItem\",\"position\":1,\"name\":\"Startseite\",\"item\":\"https:\/\/www.friseur-hopmann.de\/\"},{\"@type\":\"ListItem\",\"position\":2,\"name\":\"Produkte\",\"item\":\"https:\/\/www.friseur-hopmann.de\/?post_type=product\"},{\"@type\":\"ListItem\",\"position\":3,\"name\":\"EIMI ABSOLUTE SET &#8222;FINISHING SPRAY&#8220; (ultra strong) 300 ml\"}]},{\"@type\":\"WebSite\",\"@id\":\"https:\/\/www.friseur-hopmann.de\/#website\",\"url\":\"https:\/\/www.friseur-hopmann.de\/\",\"name\":\"Friseur Hopmann Hairstyling\",\"description\":\"Ihr Friseur in Nordhorn\",\"potentialAction\":[{\"@type\":\"SearchAction\",\"target\":{\"@type\":\"EntryPoint\",\"urlTemplate\":\"https:\/\/www.friseur-hopmann.de\/?s={search_term_string}\"},\"query-input\":{\"@type\":\"PropertyValueSpecification\",\"valueRequired\":true,\"valueName\":\"search_term_string\"}}],\"inLanguage\":\"de\"}]}<\/script>\n<!-- \/ Yoast SEO plugin. -->","yoast_head_json":{"title":"EIMI ABSOLUTE SET \"FINISHING SPRAY\" (ultra strong) 300 ml","robots":{"index":"index","follow":"follow","max-snippet":"max-snippet:-1","max-image-preview":"max-image-preview:large","max-video-preview":"max-video-preview:-1"},"canonical":"https:\/\/www.friseur-hopmann.de\/?product=eimi-absolute-set-finishing-spray-ultra-strong-300-ml","og_locale":"de_DE","og_type":"article","og_title":"EIMI ABSOLUTE SET \"FINISHING SPRAY\" (ultra strong) 300 ml","og_description":"EIMI ABSOLUTE SET \"FINISHING SPRAY\" Haarlack - ultraextrem starker Halt","og_url":"https:\/\/www.friseur-hopmann.de\/?product=eimi-absolute-set-finishing-spray-ultra-strong-300-ml","og_site_name":"Friseur Hopmann Hairstyling","article_modified_time":"2021-01-10T14:11:29+00:00","og_image":[{"width":1000,"height":1000,"url":"https:\/\/www.friseur-hopmann.de\/wp-content\/uploads\/2016\/08\/p-9063-eimiabsolute300.jpg","type":"image\/jpeg"}],"twitter_card":"summary_large_image","twitter_misc":{"Gesch\u00e4tzte Lesezeit":"1\u00a0Minute"},"schema":{"@context":"https:\/\/schema.org","@graph":[{"@type":"WebPage","@id":"https:\/\/www.friseur-hopmann.de\/?product=eimi-absolute-set-finishing-spray-ultra-strong-300-ml","url":"https:\/\/www.friseur-hopmann.de\/?product=eimi-absolute-set-finishing-spray-ultra-strong-300-ml","name":"EIMI ABSOLUTE SET \"FINISHING SPRAY\" (ultra strong) 300 ml","isPartOf":{"@id":"https:\/\/www.friseur-hopmann.de\/#website"},"primaryImageOfPage":{"@id":"https:\/\/www.friseur-hopmann.de\/?product=eimi-absolute-set-finishing-spray-ultra-strong-300-ml#primaryimage"},"image":{"@id":"https:\/\/www.friseur-hopmann.de\/?product=eimi-absolute-set-finishing-spray-ultra-strong-300-ml#primaryimage"},"thumbnailUrl":"https:\/\/www.friseur-hopmann.de\/wp-content\/uploads\/2016\/08\/p-9063-eimiabsolute300.jpg","datePublished":"2011-02-06T08:05:09+00:00","dateModified":"2021-01-10T14:11:29+00:00","breadcrumb":{"@id":"https:\/\/www.friseur-hopmann.de\/?product=eimi-absolute-set-finishing-spray-ultra-strong-300-ml#breadcrumb"},"inLanguage":"de","potentialAction":[{"@type":"ReadAction","target":["https:\/\/www.friseur-hopmann.de\/?product=eimi-absolute-set-finishing-spray-ultra-strong-300-ml"]}]},{"@type":"ImageObject","inLanguage":"de","@id":"https:\/\/www.friseur-hopmann.de\/?product=eimi-absolute-set-finishing-spray-ultra-strong-300-ml#primaryimage","url":"https:\/\/www.friseur-hopmann.de\/wp-content\/uploads\/2016\/08\/p-9063-eimiabsolute300.jpg","contentUrl":"https:\/\/www.friseur-hopmann.de\/wp-content\/uploads\/2016\/08\/p-9063-eimiabsolute300.jpg","width":1000,"height":1000,"caption":"EIMI ABSOLUTE SET \"FINISHING SPRAY\" (ultra strong) 300 ml"},{"@type":"BreadcrumbList","@id":"https:\/\/www.friseur-hopmann.de\/?product=eimi-absolute-set-finishing-spray-ultra-strong-300-ml#breadcrumb","itemListElement":[{"@type":"ListItem","position":1,"name":"Startseite","item":"https:\/\/www.friseur-hopmann.de\/"},{"@type":"ListItem","position":2,"name":"Produkte","item":"https:\/\/www.friseur-hopmann.de\/?post_type=product"},{"@type":"ListItem","position":3,"name":"EIMI ABSOLUTE SET &#8222;FINISHING SPRAY&#8220; (ultra strong) 300 ml"}]},{"@type":"WebSite","@id":"https:\/\/www.friseur-hopmann.de\/#website","url":"https:\/\/www.friseur-hopmann.de\/","name":"Friseur Hopmann Hairstyling","description":"Ihr Friseur in Nordhorn","potentialAction":[{"@type":"SearchAction","target":{"@type":"EntryPoint","urlTemplate":"https:\/\/www.friseur-hopmann.de\/?s={search_term_string}"},"query-input":{"@type":"PropertyValueSpecification","valueRequired":true,"valueName":"search_term_string"}}],"inLanguage":"de"}]}},"brands":[],"_links":{"self":[{"href":"https:\/\/www.friseur-hopmann.de\/index.php?rest_route=\/wp\/v2\/product\/9063","targetHints":{"allow":["GET"]}}],"collection":[{"href":"https:\/\/www.friseur-hopmann.de\/index.php?rest_route=\/wp\/v2\/product"}],"about":[{"href":"https:\/\/www.friseur-hopmann.de\/index.php?rest_route=\/wp\/v2\/types\/product"}],"replies":[{"embeddable":true,"href":"https:\/\/www.friseur-hopmann.de\/index.php?rest_route=%2Fwp%2Fv2%2Fcomments&post=9063"}],"wp:featuredmedia":[{"embeddable":true,"href":"https:\/\/www.friseur-hopmann.de\/index.php?rest_route=\/wp\/v2\/media\/9064"}],"wp:attachment":[{"href":"https:\/\/www.friseur-hopmann.de\/index.php?rest_route=%2Fwp%2Fv2%2Fmedia&parent=9063"}],"wp:term":[{"taxonomy":"pwb-brand","embeddable":true,"href":"https:\/\/www.friseur-hopmann.de\/index.php?rest_route=%2Fwp%2Fv2%2Fpwb-brand&post=9063"},{"taxonomy":"product_brand","embeddable":true,"href":"https:\/\/www.friseur-hopmann.de\/index.php?rest_route=%2Fwp%2Fv2%2Fproduct_brand&post=9063"},{"taxonomy":"product_cat","embeddable":true,"href":"https:\/\/www.friseur-hopmann.de\/index.php?rest_route=%2Fwp%2Fv2%2Fproduct_cat&post=9063"},{"taxonomy":"product_tag","embeddable":true,"href":"https:\/\/www.friseur-hopmann.de\/index.php?rest_route=%2Fwp%2Fv2%2Fproduct_tag&post=9063"}],"curies":[{"name":"wp","href":"https:\/\/api.w.org\/{rel}","templated":true}]}}