{"id":9031,"date":"2011-02-06T10:05:09","date_gmt":"2011-02-06T08:05:09","guid":{"rendered":"http:\/\/www.friseur-hopmann.de\/?post_type=product&#038;p=9031"},"modified":"2025-01-04T20:57:05","modified_gmt":"2025-01-04T18:57:05","slug":"eimi-rugged-texture-mattierende-modelliercreme-75-ml","status":"publish","type":"product","link":"https:\/\/www.friseur-hopmann.de\/?product=eimi-rugged-texture-mattierende-modelliercreme-75-ml","title":{"rendered":"EIMI RUGGED TEXTURE &#8222;MATTIERENDE MODELLIERCREME&#8220; 75 ml"},"content":{"rendered":"<h3>Produktbeschreibung der Wella EIMI Rugged Texture<\/h3>\n<p>Strukturieren und definieren Sie mit dieser Modellierpaste Wella EIMI Rugged Texture einen trendigen, flexiblen Look mit Matt-Effekt und starkem Halt.<\/p>\n<p>Mit Haltegrad 3 von 4.<\/p>\n<p>Modelliercreme mit Matteffekt.<\/p>\n<p>Verleiht dem Haar einen trendigen, flexiblen Style.<\/p>\n<p>Gibt zuverl\u00e4ssigen Halt.<\/p>\n<p>Kein Glanz, gibt dem Haar einen matten Effekt.<\/p>\n<h3>Inhaltsstoffe der Wella EIMI Rugged Texture<\/h3>\n<p>Aqua, Ceresin, Petrolatum, Octylacrylamide\/Acrylates\/Butylaminoethyl Methacrylate Copolymer, Copernicia Cerifera Cera, PVP, Cetyl Alcohol, Cetearyl Alcohol, Ceteareth-25, Alcohol Denat., Paraffinum Liquidum, Dicaprylyl Maleate, Phenoxyethanol, Aminomethyl Propanol, Carbomer, Parfum, Panthenol, Methylparaben, Propylparaben, EthylhexylMethoxycinnamate, Limonene, Disodium EDTA, CI 77499, Mica, Linalool, CI 77891, Citral, Eugenol<\/p>\n<h3>Zielgruppe der Wella EIMI Rugged Texture<\/h3>\n<p>F\u00fcr alle Haarqualit\u00e4ten.<\/p>\n<p>Wunsch: flexibles, kreatives Styling mit eigener Idendit\u00e4t und einen ausdruckstarken matten Effekt.<\/p>\n<h3>Anwendung der Wella EIMI Rugged Texture<\/h3>\n<p>EIMI Rugged Texture in die Handfl\u00e4chen geben und das trockene Haar zum gew\u00fcnschten Look mit nat\u00fcrlichem Matt-Finish modellieren.<\/p>\n<p>Tipp: Damit sich das Produkt besser im Haar verteilen l\u00e4\u00dft, kurz in der Handinnenfl\u00e4che erw\u00e4rmen.<\/p>\n<p><strong>Inhalt:<\/strong> 75 ml<\/p>\n","protected":false},"excerpt":{"rendered":"<p>EIMI Rugged Texture<\/p>\n<p>mattierende Modellierpaste f\u00fcr starken Halt<\/p>\n","protected":false},"featured_media":9032,"comment_status":"open","ping_status":"closed","template":"","meta":{"_exactmetrics_skip_tracking":false,"_exactmetrics_sitenote_active":false,"_exactmetrics_sitenote_note":"","_exactmetrics_sitenote_category":0,"_monsterinsights_skip_tracking":false,"_monsterinsights_sitenote_active":false,"_monsterinsights_sitenote_note":"","_monsterinsights_sitenote_category":0},"pwb-brand":[],"product_brand":[614],"product_cat":[564,586,654],"product_tag":[],"class_list":{"0":"post-9031","1":"product","2":"type-product","3":"status-publish","4":"has-post-thumbnail","6":"product_brand-wella-2","7":"product_cat-wella-gel","8":"product_cat-wella-professionals-eimi","9":"product_cat-eimi-texture","10":"pa_inhalt-636","12":"first","13":"instock","14":"taxable","15":"shipping-taxable","16":"purchasable","17":"product-type-simple"},"yoast_head":"<!-- This site is optimized with the Yoast SEO plugin v24.6 - https:\/\/yoast.com\/wordpress\/plugins\/seo\/ -->\n<title>EIMI RUGGED TEXTURE &quot;MATTIERENDE MODELLIERCREME&quot; 75 ml<\/title>\n<meta name=\"robots\" content=\"index, follow, max-snippet:-1, max-image-preview:large, max-video-preview:-1\" \/>\n<link rel=\"canonical\" href=\"https:\/\/www.friseur-hopmann.de\/?product=eimi-rugged-texture-mattierende-modelliercreme-75-ml\" \/>\n<meta property=\"og:locale\" content=\"de_DE\" \/>\n<meta property=\"og:type\" content=\"article\" \/>\n<meta property=\"og:title\" content=\"EIMI RUGGED TEXTURE &quot;MATTIERENDE MODELLIERCREME&quot; 75 ml\" \/>\n<meta property=\"og:description\" content=\"EIMI Rugged Texture  mattierende Modellierpaste f\u00fcr starken Halt\" \/>\n<meta property=\"og:url\" content=\"https:\/\/www.friseur-hopmann.de\/?product=eimi-rugged-texture-mattierende-modelliercreme-75-ml\" \/>\n<meta property=\"og:site_name\" content=\"Friseur Hopmann Hairstyling\" \/>\n<meta property=\"article:modified_time\" content=\"2025-01-04T18:57:05+00:00\" \/>\n<meta property=\"og:image\" content=\"http:\/\/www.friseur-hopmann.de\/wp-content\/uploads\/2016\/08\/p-9031-eimiruggedtexture.jpg\" \/>\n\t<meta property=\"og:image:width\" content=\"1000\" \/>\n\t<meta property=\"og:image:height\" content=\"1000\" \/>\n\t<meta property=\"og:image:type\" content=\"image\/jpeg\" \/>\n<meta name=\"twitter:card\" content=\"summary_large_image\" \/>\n<meta name=\"twitter:label1\" content=\"Gesch\u00e4tzte Lesezeit\" \/>\n\t<meta name=\"twitter:data1\" content=\"1\u00a0Minute\" \/>\n<script type=\"application\/ld+json\" class=\"yoast-schema-graph\">{\"@context\":\"https:\/\/schema.org\",\"@graph\":[{\"@type\":\"WebPage\",\"@id\":\"https:\/\/www.friseur-hopmann.de\/?product=eimi-rugged-texture-mattierende-modelliercreme-75-ml\",\"url\":\"https:\/\/www.friseur-hopmann.de\/?product=eimi-rugged-texture-mattierende-modelliercreme-75-ml\",\"name\":\"EIMI RUGGED TEXTURE \\\"MATTIERENDE MODELLIERCREME\\\" 75 ml\",\"isPartOf\":{\"@id\":\"https:\/\/www.friseur-hopmann.de\/#website\"},\"primaryImageOfPage\":{\"@id\":\"https:\/\/www.friseur-hopmann.de\/?product=eimi-rugged-texture-mattierende-modelliercreme-75-ml#primaryimage\"},\"image\":{\"@id\":\"https:\/\/www.friseur-hopmann.de\/?product=eimi-rugged-texture-mattierende-modelliercreme-75-ml#primaryimage\"},\"thumbnailUrl\":\"https:\/\/www.friseur-hopmann.de\/wp-content\/uploads\/2016\/08\/p-9031-eimiruggedtexture.jpg\",\"datePublished\":\"2011-02-06T08:05:09+00:00\",\"dateModified\":\"2025-01-04T18:57:05+00:00\",\"breadcrumb\":{\"@id\":\"https:\/\/www.friseur-hopmann.de\/?product=eimi-rugged-texture-mattierende-modelliercreme-75-ml#breadcrumb\"},\"inLanguage\":\"de\",\"potentialAction\":[{\"@type\":\"ReadAction\",\"target\":[\"https:\/\/www.friseur-hopmann.de\/?product=eimi-rugged-texture-mattierende-modelliercreme-75-ml\"]}]},{\"@type\":\"ImageObject\",\"inLanguage\":\"de\",\"@id\":\"https:\/\/www.friseur-hopmann.de\/?product=eimi-rugged-texture-mattierende-modelliercreme-75-ml#primaryimage\",\"url\":\"https:\/\/www.friseur-hopmann.de\/wp-content\/uploads\/2016\/08\/p-9031-eimiruggedtexture.jpg\",\"contentUrl\":\"https:\/\/www.friseur-hopmann.de\/wp-content\/uploads\/2016\/08\/p-9031-eimiruggedtexture.jpg\",\"width\":1000,\"height\":1000,\"caption\":\"EIMI RUGGED TEXTURE \\\"MATTIERENDE MODELLIERCREME\\\" 75 ml\"},{\"@type\":\"BreadcrumbList\",\"@id\":\"https:\/\/www.friseur-hopmann.de\/?product=eimi-rugged-texture-mattierende-modelliercreme-75-ml#breadcrumb\",\"itemListElement\":[{\"@type\":\"ListItem\",\"position\":1,\"name\":\"Startseite\",\"item\":\"https:\/\/www.friseur-hopmann.de\/\"},{\"@type\":\"ListItem\",\"position\":2,\"name\":\"Produkte\",\"item\":\"https:\/\/www.friseur-hopmann.de\/?post_type=product\"},{\"@type\":\"ListItem\",\"position\":3,\"name\":\"EIMI RUGGED TEXTURE &#8220;MATTIERENDE MODELLIERCREME&#8221; 75 ml\"}]},{\"@type\":\"WebSite\",\"@id\":\"https:\/\/www.friseur-hopmann.de\/#website\",\"url\":\"https:\/\/www.friseur-hopmann.de\/\",\"name\":\"Friseur Hopmann Hairstyling\",\"description\":\"Ihr Friseur in Nordhorn\",\"potentialAction\":[{\"@type\":\"SearchAction\",\"target\":{\"@type\":\"EntryPoint\",\"urlTemplate\":\"https:\/\/www.friseur-hopmann.de\/?s={search_term_string}\"},\"query-input\":{\"@type\":\"PropertyValueSpecification\",\"valueRequired\":true,\"valueName\":\"search_term_string\"}}],\"inLanguage\":\"de\"}]}<\/script>\n<!-- \/ Yoast SEO plugin. -->","yoast_head_json":{"title":"EIMI RUGGED TEXTURE \"MATTIERENDE MODELLIERCREME\" 75 ml","robots":{"index":"index","follow":"follow","max-snippet":"max-snippet:-1","max-image-preview":"max-image-preview:large","max-video-preview":"max-video-preview:-1"},"canonical":"https:\/\/www.friseur-hopmann.de\/?product=eimi-rugged-texture-mattierende-modelliercreme-75-ml","og_locale":"de_DE","og_type":"article","og_title":"EIMI RUGGED TEXTURE \"MATTIERENDE MODELLIERCREME\" 75 ml","og_description":"EIMI Rugged Texture  mattierende Modellierpaste f\u00fcr starken Halt","og_url":"https:\/\/www.friseur-hopmann.de\/?product=eimi-rugged-texture-mattierende-modelliercreme-75-ml","og_site_name":"Friseur Hopmann Hairstyling","article_modified_time":"2025-01-04T18:57:05+00:00","og_image":[{"width":1000,"height":1000,"url":"http:\/\/www.friseur-hopmann.de\/wp-content\/uploads\/2016\/08\/p-9031-eimiruggedtexture.jpg","type":"image\/jpeg"}],"twitter_card":"summary_large_image","twitter_misc":{"Gesch\u00e4tzte Lesezeit":"1\u00a0Minute"},"schema":{"@context":"https:\/\/schema.org","@graph":[{"@type":"WebPage","@id":"https:\/\/www.friseur-hopmann.de\/?product=eimi-rugged-texture-mattierende-modelliercreme-75-ml","url":"https:\/\/www.friseur-hopmann.de\/?product=eimi-rugged-texture-mattierende-modelliercreme-75-ml","name":"EIMI RUGGED TEXTURE \"MATTIERENDE MODELLIERCREME\" 75 ml","isPartOf":{"@id":"https:\/\/www.friseur-hopmann.de\/#website"},"primaryImageOfPage":{"@id":"https:\/\/www.friseur-hopmann.de\/?product=eimi-rugged-texture-mattierende-modelliercreme-75-ml#primaryimage"},"image":{"@id":"https:\/\/www.friseur-hopmann.de\/?product=eimi-rugged-texture-mattierende-modelliercreme-75-ml#primaryimage"},"thumbnailUrl":"https:\/\/www.friseur-hopmann.de\/wp-content\/uploads\/2016\/08\/p-9031-eimiruggedtexture.jpg","datePublished":"2011-02-06T08:05:09+00:00","dateModified":"2025-01-04T18:57:05+00:00","breadcrumb":{"@id":"https:\/\/www.friseur-hopmann.de\/?product=eimi-rugged-texture-mattierende-modelliercreme-75-ml#breadcrumb"},"inLanguage":"de","potentialAction":[{"@type":"ReadAction","target":["https:\/\/www.friseur-hopmann.de\/?product=eimi-rugged-texture-mattierende-modelliercreme-75-ml"]}]},{"@type":"ImageObject","inLanguage":"de","@id":"https:\/\/www.friseur-hopmann.de\/?product=eimi-rugged-texture-mattierende-modelliercreme-75-ml#primaryimage","url":"https:\/\/www.friseur-hopmann.de\/wp-content\/uploads\/2016\/08\/p-9031-eimiruggedtexture.jpg","contentUrl":"https:\/\/www.friseur-hopmann.de\/wp-content\/uploads\/2016\/08\/p-9031-eimiruggedtexture.jpg","width":1000,"height":1000,"caption":"EIMI RUGGED TEXTURE \"MATTIERENDE MODELLIERCREME\" 75 ml"},{"@type":"BreadcrumbList","@id":"https:\/\/www.friseur-hopmann.de\/?product=eimi-rugged-texture-mattierende-modelliercreme-75-ml#breadcrumb","itemListElement":[{"@type":"ListItem","position":1,"name":"Startseite","item":"https:\/\/www.friseur-hopmann.de\/"},{"@type":"ListItem","position":2,"name":"Produkte","item":"https:\/\/www.friseur-hopmann.de\/?post_type=product"},{"@type":"ListItem","position":3,"name":"EIMI RUGGED TEXTURE &#8220;MATTIERENDE MODELLIERCREME&#8221; 75 ml"}]},{"@type":"WebSite","@id":"https:\/\/www.friseur-hopmann.de\/#website","url":"https:\/\/www.friseur-hopmann.de\/","name":"Friseur Hopmann Hairstyling","description":"Ihr Friseur in Nordhorn","potentialAction":[{"@type":"SearchAction","target":{"@type":"EntryPoint","urlTemplate":"https:\/\/www.friseur-hopmann.de\/?s={search_term_string}"},"query-input":{"@type":"PropertyValueSpecification","valueRequired":true,"valueName":"search_term_string"}}],"inLanguage":"de"}]}},"brands":[],"_links":{"self":[{"href":"https:\/\/www.friseur-hopmann.de\/index.php?rest_route=\/wp\/v2\/product\/9031","targetHints":{"allow":["GET"]}}],"collection":[{"href":"https:\/\/www.friseur-hopmann.de\/index.php?rest_route=\/wp\/v2\/product"}],"about":[{"href":"https:\/\/www.friseur-hopmann.de\/index.php?rest_route=\/wp\/v2\/types\/product"}],"replies":[{"embeddable":true,"href":"https:\/\/www.friseur-hopmann.de\/index.php?rest_route=%2Fwp%2Fv2%2Fcomments&post=9031"}],"wp:featuredmedia":[{"embeddable":true,"href":"https:\/\/www.friseur-hopmann.de\/index.php?rest_route=\/wp\/v2\/media\/9032"}],"wp:attachment":[{"href":"https:\/\/www.friseur-hopmann.de\/index.php?rest_route=%2Fwp%2Fv2%2Fmedia&parent=9031"}],"wp:term":[{"taxonomy":"pwb-brand","embeddable":true,"href":"https:\/\/www.friseur-hopmann.de\/index.php?rest_route=%2Fwp%2Fv2%2Fpwb-brand&post=9031"},{"taxonomy":"product_brand","embeddable":true,"href":"https:\/\/www.friseur-hopmann.de\/index.php?rest_route=%2Fwp%2Fv2%2Fproduct_brand&post=9031"},{"taxonomy":"product_cat","embeddable":true,"href":"https:\/\/www.friseur-hopmann.de\/index.php?rest_route=%2Fwp%2Fv2%2Fproduct_cat&post=9031"},{"taxonomy":"product_tag","embeddable":true,"href":"https:\/\/www.friseur-hopmann.de\/index.php?rest_route=%2Fwp%2Fv2%2Fproduct_tag&post=9031"}],"curies":[{"name":"wp","href":"https:\/\/api.w.org\/{rel}","templated":true}]}}