{"id":9023,"date":"2011-02-06T10:05:09","date_gmt":"2011-02-06T08:05:09","guid":{"rendered":"http:\/\/www.friseur-hopmann.de\/?post_type=product&#038;p=9023"},"modified":"2025-01-04T20:50:45","modified_gmt":"2025-01-04T18:50:45","slug":"eimi-texture-touch-modellierkitt-75-ml","status":"publish","type":"product","link":"https:\/\/www.friseur-hopmann.de\/?product=eimi-texture-touch-modellierkitt-75-ml","title":{"rendered":"EIMI TEXTURE TOUCH &#8222;MODELLIERKITT&#8220; 75 ml"},"content":{"rendered":"<h3>Produktbeschreibung Wella EIMI Texture Touch<\/h3>\n<p>Stylen und re-stylen Sie das Haar mit diesem matten und flexiblen Modellierkitt so oft, wie Sie m\u00f6chten.<\/p>\n<p>Wella EIMI Texture Touch enth\u00e4lt Mineralien und Bienenwachs f\u00fcr Halt und Flexibilit\u00e4t.<\/p>\n<p>Erm\u00f6glicht au\u00dfergew\u00f6hnliche kreative Stylings.<\/p>\n<p>Erh\u00e4lt die Flexibilit\u00e4t des Haares.<\/p>\n<p>Gibt starken Halt.<\/p>\n<p>Mit Haltegrad 2 von 4.<\/p>\n<h3>Inhaltsstoffe des Wella EIMI Texture Touch<\/h3>\n<p>Petrolatum, Cera Alba, Dicaprylyl Maleate, Propylene GlycolKaolin, PEG-10 Sunflower Glycerides, Quaternium-18 Bentonite, Silica, CI 77891, Parfum, Ethylhexyl Methoxycinnamate, Limonene, Mica, Linalool, CI 77491, CI 77499, Eugenol, Citral<\/p>\n<h3>Zielgruppe Wella EIMI Texture Touch<\/h3>\n<p>F\u00fcr alle Haarqualit\u00e4ten.<\/p>\n<p>Wunsch: kein Glanz, Matteffekt, flexibles, kreatives Styling mit eigener Idendit\u00e4t.<\/p>\n<h3>Anwendung Wella EIMI Texture Touch<\/h3>\n<p>Kleine Menge im trockenen Haar verteilen.<\/p>\n<p>Tipp: Damit sich das Produkt besser im Haar verteilen l\u00e4\u00dft, kurz in der Handinnenfl\u00e4che erw\u00e4rmen.<\/p>\n<p><strong>Inhalt:<\/strong> 75 ml<\/p>\n","protected":false},"excerpt":{"rendered":"<p>Wella EIMI Texture Touch<\/p>\n<p>(Matt-)Wax mit starken Halt<\/p>\n<p>Erm\u00f6glicht au\u00dfergew\u00f6hnliche kreative Stylings<\/p>\n<p>Erh\u00e4lt die Flexibilit\u00e4t des Haares<\/p>\n","protected":false},"featured_media":9024,"comment_status":"open","ping_status":"closed","template":"","meta":{"_exactmetrics_skip_tracking":false,"_exactmetrics_sitenote_active":false,"_exactmetrics_sitenote_note":"","_exactmetrics_sitenote_category":0,"_monsterinsights_skip_tracking":false,"_monsterinsights_sitenote_active":false,"_monsterinsights_sitenote_note":"","_monsterinsights_sitenote_category":0},"pwb-brand":[],"product_brand":[614],"product_cat":[586,654],"product_tag":[],"class_list":{"0":"post-9023","1":"product","2":"type-product","3":"status-publish","4":"has-post-thumbnail","6":"product_brand-wella-2","7":"product_cat-wella-professionals-eimi","8":"product_cat-eimi-texture","9":"pa_inhalt-636","11":"first","12":"instock","13":"taxable","14":"shipping-taxable","15":"purchasable","16":"product-type-simple"},"yoast_head":"<!-- This site is optimized with the Yoast SEO plugin v24.6 - https:\/\/yoast.com\/wordpress\/plugins\/seo\/ -->\n<title>EIMI TEXTURE TOUCH &quot;MODELLIERKITT&quot; 75 ml<\/title>\n<meta name=\"robots\" content=\"index, follow, max-snippet:-1, max-image-preview:large, max-video-preview:-1\" \/>\n<link rel=\"canonical\" href=\"https:\/\/www.friseur-hopmann.de\/?product=eimi-texture-touch-modellierkitt-75-ml\" \/>\n<meta property=\"og:locale\" content=\"de_DE\" \/>\n<meta property=\"og:type\" content=\"article\" \/>\n<meta property=\"og:title\" content=\"EIMI TEXTURE TOUCH &quot;MODELLIERKITT&quot; 75 ml\" \/>\n<meta property=\"og:description\" content=\"Wella EIMI Texture Touch  (Matt-)Wax mit starken Halt  Erm\u00f6glicht au\u00dfergew\u00f6hnliche kreative Stylings  Erh\u00e4lt die Flexibilit\u00e4t des Haares\" \/>\n<meta property=\"og:url\" content=\"https:\/\/www.friseur-hopmann.de\/?product=eimi-texture-touch-modellierkitt-75-ml\" \/>\n<meta property=\"og:site_name\" content=\"Friseur Hopmann Hairstyling\" \/>\n<meta property=\"article:modified_time\" content=\"2025-01-04T18:50:45+00:00\" \/>\n<meta property=\"og:image\" content=\"http:\/\/www.friseur-hopmann.de\/wp-content\/uploads\/2016\/08\/p-9023-eimitexturetouch.jpg\" \/>\n\t<meta property=\"og:image:width\" content=\"1000\" \/>\n\t<meta property=\"og:image:height\" content=\"1000\" \/>\n\t<meta property=\"og:image:type\" content=\"image\/jpeg\" \/>\n<meta name=\"twitter:card\" content=\"summary_large_image\" \/>\n<meta name=\"twitter:label1\" content=\"Gesch\u00e4tzte Lesezeit\" \/>\n\t<meta name=\"twitter:data1\" content=\"1\u00a0Minute\" \/>\n<script type=\"application\/ld+json\" class=\"yoast-schema-graph\">{\"@context\":\"https:\/\/schema.org\",\"@graph\":[{\"@type\":\"WebPage\",\"@id\":\"https:\/\/www.friseur-hopmann.de\/?product=eimi-texture-touch-modellierkitt-75-ml\",\"url\":\"https:\/\/www.friseur-hopmann.de\/?product=eimi-texture-touch-modellierkitt-75-ml\",\"name\":\"EIMI TEXTURE TOUCH \\\"MODELLIERKITT\\\" 75 ml\",\"isPartOf\":{\"@id\":\"https:\/\/www.friseur-hopmann.de\/#website\"},\"primaryImageOfPage\":{\"@id\":\"https:\/\/www.friseur-hopmann.de\/?product=eimi-texture-touch-modellierkitt-75-ml#primaryimage\"},\"image\":{\"@id\":\"https:\/\/www.friseur-hopmann.de\/?product=eimi-texture-touch-modellierkitt-75-ml#primaryimage\"},\"thumbnailUrl\":\"https:\/\/www.friseur-hopmann.de\/wp-content\/uploads\/2016\/08\/p-9023-eimitexturetouch.jpg\",\"datePublished\":\"2011-02-06T08:05:09+00:00\",\"dateModified\":\"2025-01-04T18:50:45+00:00\",\"breadcrumb\":{\"@id\":\"https:\/\/www.friseur-hopmann.de\/?product=eimi-texture-touch-modellierkitt-75-ml#breadcrumb\"},\"inLanguage\":\"de\",\"potentialAction\":[{\"@type\":\"ReadAction\",\"target\":[\"https:\/\/www.friseur-hopmann.de\/?product=eimi-texture-touch-modellierkitt-75-ml\"]}]},{\"@type\":\"ImageObject\",\"inLanguage\":\"de\",\"@id\":\"https:\/\/www.friseur-hopmann.de\/?product=eimi-texture-touch-modellierkitt-75-ml#primaryimage\",\"url\":\"https:\/\/www.friseur-hopmann.de\/wp-content\/uploads\/2016\/08\/p-9023-eimitexturetouch.jpg\",\"contentUrl\":\"https:\/\/www.friseur-hopmann.de\/wp-content\/uploads\/2016\/08\/p-9023-eimitexturetouch.jpg\",\"width\":1000,\"height\":1000,\"caption\":\"EIMI TEXTURE TOUCH \\\"MODELLIERKITT\\\" 75 ml\"},{\"@type\":\"BreadcrumbList\",\"@id\":\"https:\/\/www.friseur-hopmann.de\/?product=eimi-texture-touch-modellierkitt-75-ml#breadcrumb\",\"itemListElement\":[{\"@type\":\"ListItem\",\"position\":1,\"name\":\"Startseite\",\"item\":\"https:\/\/www.friseur-hopmann.de\/\"},{\"@type\":\"ListItem\",\"position\":2,\"name\":\"Produkte\",\"item\":\"https:\/\/www.friseur-hopmann.de\/?post_type=product\"},{\"@type\":\"ListItem\",\"position\":3,\"name\":\"EIMI TEXTURE TOUCH &#8220;MODELLIERKITT&#8221; 75 ml\"}]},{\"@type\":\"WebSite\",\"@id\":\"https:\/\/www.friseur-hopmann.de\/#website\",\"url\":\"https:\/\/www.friseur-hopmann.de\/\",\"name\":\"Friseur Hopmann Hairstyling\",\"description\":\"Ihr Friseur in Nordhorn\",\"potentialAction\":[{\"@type\":\"SearchAction\",\"target\":{\"@type\":\"EntryPoint\",\"urlTemplate\":\"https:\/\/www.friseur-hopmann.de\/?s={search_term_string}\"},\"query-input\":{\"@type\":\"PropertyValueSpecification\",\"valueRequired\":true,\"valueName\":\"search_term_string\"}}],\"inLanguage\":\"de\"}]}<\/script>\n<!-- \/ Yoast SEO plugin. -->","yoast_head_json":{"title":"EIMI TEXTURE TOUCH \"MODELLIERKITT\" 75 ml","robots":{"index":"index","follow":"follow","max-snippet":"max-snippet:-1","max-image-preview":"max-image-preview:large","max-video-preview":"max-video-preview:-1"},"canonical":"https:\/\/www.friseur-hopmann.de\/?product=eimi-texture-touch-modellierkitt-75-ml","og_locale":"de_DE","og_type":"article","og_title":"EIMI TEXTURE TOUCH \"MODELLIERKITT\" 75 ml","og_description":"Wella EIMI Texture Touch  (Matt-)Wax mit starken Halt  Erm\u00f6glicht au\u00dfergew\u00f6hnliche kreative Stylings  Erh\u00e4lt die Flexibilit\u00e4t des Haares","og_url":"https:\/\/www.friseur-hopmann.de\/?product=eimi-texture-touch-modellierkitt-75-ml","og_site_name":"Friseur Hopmann Hairstyling","article_modified_time":"2025-01-04T18:50:45+00:00","og_image":[{"width":1000,"height":1000,"url":"http:\/\/www.friseur-hopmann.de\/wp-content\/uploads\/2016\/08\/p-9023-eimitexturetouch.jpg","type":"image\/jpeg"}],"twitter_card":"summary_large_image","twitter_misc":{"Gesch\u00e4tzte Lesezeit":"1\u00a0Minute"},"schema":{"@context":"https:\/\/schema.org","@graph":[{"@type":"WebPage","@id":"https:\/\/www.friseur-hopmann.de\/?product=eimi-texture-touch-modellierkitt-75-ml","url":"https:\/\/www.friseur-hopmann.de\/?product=eimi-texture-touch-modellierkitt-75-ml","name":"EIMI TEXTURE TOUCH \"MODELLIERKITT\" 75 ml","isPartOf":{"@id":"https:\/\/www.friseur-hopmann.de\/#website"},"primaryImageOfPage":{"@id":"https:\/\/www.friseur-hopmann.de\/?product=eimi-texture-touch-modellierkitt-75-ml#primaryimage"},"image":{"@id":"https:\/\/www.friseur-hopmann.de\/?product=eimi-texture-touch-modellierkitt-75-ml#primaryimage"},"thumbnailUrl":"https:\/\/www.friseur-hopmann.de\/wp-content\/uploads\/2016\/08\/p-9023-eimitexturetouch.jpg","datePublished":"2011-02-06T08:05:09+00:00","dateModified":"2025-01-04T18:50:45+00:00","breadcrumb":{"@id":"https:\/\/www.friseur-hopmann.de\/?product=eimi-texture-touch-modellierkitt-75-ml#breadcrumb"},"inLanguage":"de","potentialAction":[{"@type":"ReadAction","target":["https:\/\/www.friseur-hopmann.de\/?product=eimi-texture-touch-modellierkitt-75-ml"]}]},{"@type":"ImageObject","inLanguage":"de","@id":"https:\/\/www.friseur-hopmann.de\/?product=eimi-texture-touch-modellierkitt-75-ml#primaryimage","url":"https:\/\/www.friseur-hopmann.de\/wp-content\/uploads\/2016\/08\/p-9023-eimitexturetouch.jpg","contentUrl":"https:\/\/www.friseur-hopmann.de\/wp-content\/uploads\/2016\/08\/p-9023-eimitexturetouch.jpg","width":1000,"height":1000,"caption":"EIMI TEXTURE TOUCH \"MODELLIERKITT\" 75 ml"},{"@type":"BreadcrumbList","@id":"https:\/\/www.friseur-hopmann.de\/?product=eimi-texture-touch-modellierkitt-75-ml#breadcrumb","itemListElement":[{"@type":"ListItem","position":1,"name":"Startseite","item":"https:\/\/www.friseur-hopmann.de\/"},{"@type":"ListItem","position":2,"name":"Produkte","item":"https:\/\/www.friseur-hopmann.de\/?post_type=product"},{"@type":"ListItem","position":3,"name":"EIMI TEXTURE TOUCH &#8220;MODELLIERKITT&#8221; 75 ml"}]},{"@type":"WebSite","@id":"https:\/\/www.friseur-hopmann.de\/#website","url":"https:\/\/www.friseur-hopmann.de\/","name":"Friseur Hopmann Hairstyling","description":"Ihr Friseur in Nordhorn","potentialAction":[{"@type":"SearchAction","target":{"@type":"EntryPoint","urlTemplate":"https:\/\/www.friseur-hopmann.de\/?s={search_term_string}"},"query-input":{"@type":"PropertyValueSpecification","valueRequired":true,"valueName":"search_term_string"}}],"inLanguage":"de"}]}},"brands":[],"_links":{"self":[{"href":"https:\/\/www.friseur-hopmann.de\/index.php?rest_route=\/wp\/v2\/product\/9023","targetHints":{"allow":["GET"]}}],"collection":[{"href":"https:\/\/www.friseur-hopmann.de\/index.php?rest_route=\/wp\/v2\/product"}],"about":[{"href":"https:\/\/www.friseur-hopmann.de\/index.php?rest_route=\/wp\/v2\/types\/product"}],"replies":[{"embeddable":true,"href":"https:\/\/www.friseur-hopmann.de\/index.php?rest_route=%2Fwp%2Fv2%2Fcomments&post=9023"}],"wp:featuredmedia":[{"embeddable":true,"href":"https:\/\/www.friseur-hopmann.de\/index.php?rest_route=\/wp\/v2\/media\/9024"}],"wp:attachment":[{"href":"https:\/\/www.friseur-hopmann.de\/index.php?rest_route=%2Fwp%2Fv2%2Fmedia&parent=9023"}],"wp:term":[{"taxonomy":"pwb-brand","embeddable":true,"href":"https:\/\/www.friseur-hopmann.de\/index.php?rest_route=%2Fwp%2Fv2%2Fpwb-brand&post=9023"},{"taxonomy":"product_brand","embeddable":true,"href":"https:\/\/www.friseur-hopmann.de\/index.php?rest_route=%2Fwp%2Fv2%2Fproduct_brand&post=9023"},{"taxonomy":"product_cat","embeddable":true,"href":"https:\/\/www.friseur-hopmann.de\/index.php?rest_route=%2Fwp%2Fv2%2Fproduct_cat&post=9023"},{"taxonomy":"product_tag","embeddable":true,"href":"https:\/\/www.friseur-hopmann.de\/index.php?rest_route=%2Fwp%2Fv2%2Fproduct_tag&post=9023"}],"curies":[{"name":"wp","href":"https:\/\/api.w.org\/{rel}","templated":true}]}}