{"id":9001,"date":"2005-02-12T10:05:09","date_gmt":"2005-02-12T08:05:09","guid":{"rendered":"http:\/\/www.friseur-hopmann.de\/?post_type=product&#038;p=9001"},"modified":"2026-01-18T15:41:31","modified_gmt":"2026-01-18T13:41:31","slug":"sp-cifique-bain-divalent-250-ml-shampoo","status":"publish","type":"product","link":"https:\/\/www.friseur-hopmann.de\/?product=sp-cifique-bain-divalent-250-ml-shampoo","title":{"rendered":"K\u00c9RASTASE SP\u00c8CIFIQUE BAIN DIVALENT 250 ml (Shampoo)"},"content":{"rendered":"<h3>Produktbeschreibung:<\/h3>\n<p>entwickelt,K\u00e9rastase SP\u00c9CIFIQUE Bain Divalent<br \/>\nK\u00e9rastase Sp\u00e9cifique Bain Divalent wurde speziell f\u00fcr mittellanges bis langes Haar welches unter der Unausgeglichenheit zwischen fettigem Ansatz und trockenen Spitzen leidet. Das einzigartige Syst\u00e8me Bi-Activ reinigt die Kopfhaut sanft. Die enthaltene Tonerde absorbiert fettige R\u00fcckst\u00e4nde und kl\u00e4rt die Kopfhaut auf sanfte Weise. Kationische Pflegestoffe sch\u00fctzen die empfindlichen Spitzen und vermeiden ein Austrocknen. Nat\u00fcrliche Mentholderivate verleihen dem gesamten Haar ein herrliches Frischegef\u00fchl, das den ganzen Tag anh\u00e4lt.<\/p>\n<h3>Ergebnis:<\/h3>\n<p>K\u00e9rastase Sp\u00e9cifique Bain Divalent bringt die Kopfhaut wieder ins Gleichgewicht. Zudem werden Reizungen durch aggressive Einfl\u00fcsse gemindert. Der Ansatz wird auf sanfte Weise gereinigt, ohne dass die empfindlichen Spitzen austrocknen. Diese werden durch die hochwertigen Inhaltsstoffe gepflegt, was Haarbruch und Haarspliss vorbeugt. K\u00e9rastase Sp\u00e9cifique Bain Divalent gibt dem Haar ein angenehmes, leichtes Gef\u00fchl zur\u00fcck und macht es wunderbar geschmeidig. Bei regelm\u00e4\u00dfiger Anwendung m\u00fcssen Sie Ihr Haar seltener waschen.<\/p>\n<h3>Anwendung:<\/h3>\n<p>K\u00e9rastase Sp\u00e9cifique Bain Divalent k\u00f6nnen Sie bei jeder Haarw\u00e4sche anwenden. Durch die hohe Pflegekonzentration gen\u00fcgt eine haselnussgr\u00f6\u00dfe Menge. Sch\u00e4umen Sie diese sanft auf und massieren Sie das Produkt sanft ein. Anschlie\u00dfend mit klarem, lauwarmem Wasser aussp\u00fclen. Bei besonders angegriffener Kopfhaut empfehlen wir die Weiterbehandlung mit K\u00e9rastase Sp\u00e9cifique Serum Sensidote. Danach k\u00f6nnen die Haare wie gewohnt gestylt werden.<\/p>\n<h3>Technologie:<\/h3>\n<p>Aminio Acid<\/p>\n<p>Vitamin B6<\/p>\n<p><strong>Inhalt:<\/strong> 250 ml<\/p>\n","protected":false},"excerpt":{"rendered":"<p>K\u00e9rastase SP\u00c9CIFIQUE Bain Divalent<br \/>\nK\u00e9rastase Sp\u00e9cifique Bain Divalent wurde speziell f\u00fcr mittellanges bis langes Haarentwickelt.<\/p>\n<p>Mit Amino Acid und VitaminB6.<\/p>\n<p>Das einzigartige Syst\u00e8me Bi-Activ reinigt die Kopfhaut sanft.<\/p>\n<p>Bi-Aktiv-Pflegeshampoo<\/p>\n","protected":false},"featured_media":17017,"comment_status":"open","ping_status":"closed","template":"","meta":{"_exactmetrics_skip_tracking":false,"_exactmetrics_sitenote_active":false,"_exactmetrics_sitenote_note":"","_exactmetrics_sitenote_category":0,"_monsterinsights_skip_tracking":false,"_monsterinsights_sitenote_active":false,"_monsterinsights_sitenote_note":"","_monsterinsights_sitenote_category":0},"pwb-brand":[],"product_brand":[615],"product_cat":[491,544,548,492,606],"product_tag":[791,792,788],"class_list":{"0":"post-9001","1":"product","2":"type-product","3":"status-publish","4":"has-post-thumbnail","6":"product_brand-kerastase-2","7":"product_cat-kerastase","8":"product_cat-kerastase-haarpflege","9":"product_cat-kerastase-shampoo","10":"product_cat-sp-cifique","11":"product_cat-specifique-anti-fett","12":"product_tag-anti-fett-shampoo","13":"product_tag-bi-effekt","14":"product_tag-intensiv-pflegendes-shampoo","15":"pa_inhalt-622","17":"first","18":"instock","19":"taxable","20":"shipping-taxable","21":"purchasable","22":"product-type-simple"},"yoast_head":"<!-- This site is optimized with the Yoast SEO plugin v24.6 - https:\/\/yoast.com\/wordpress\/plugins\/seo\/ -->\n<title>SP\u00c8CIFIQUE BAIN DIVALENT 250 ml (Shampoo)<\/title>\n<meta name=\"robots\" content=\"index, follow, max-snippet:-1, max-image-preview:large, max-video-preview:-1\" \/>\n<link rel=\"canonical\" href=\"https:\/\/www.friseur-hopmann.de\/?product=sp-cifique-bain-divalent-250-ml-shampoo\" \/>\n<meta property=\"og:locale\" content=\"de_DE\" \/>\n<meta property=\"og:type\" content=\"article\" \/>\n<meta property=\"og:title\" content=\"SP\u00c8CIFIQUE BAIN DIVALENT 250 ml (Shampoo)\" \/>\n<meta property=\"og:description\" content=\"K\u00e9rastase SP\u00c9CIFIQUE Bain Divalent K\u00e9rastase Sp\u00e9cifique Bain Divalent wurde speziell f\u00fcr mittellanges bis langes Haarentwickelt.  Mit Amino Acid und VitaminB6.  Das einzigartige Syst\u00e8me Bi-Activ reinigt die Kopfhaut sanft.  Bi-Aktiv-Pflegeshampoo\" \/>\n<meta property=\"og:url\" content=\"https:\/\/www.friseur-hopmann.de\/?product=sp-cifique-bain-divalent-250-ml-shampoo\" \/>\n<meta property=\"og:site_name\" content=\"Friseur Hopmann Hairstyling\" \/>\n<meta property=\"article:modified_time\" content=\"2026-01-18T13:41:31+00:00\" \/>\n<meta property=\"og:image\" content=\"http:\/\/www.friseur-hopmann.de\/wp-content\/uploads\/2005\/02\/Bain-Divalent-250ml.jpg\" \/>\n\t<meta property=\"og:image:width\" content=\"500\" \/>\n\t<meta property=\"og:image:height\" content=\"500\" \/>\n\t<meta property=\"og:image:type\" content=\"image\/jpeg\" \/>\n<meta name=\"twitter:card\" content=\"summary_large_image\" \/>\n<meta name=\"twitter:label1\" content=\"Gesch\u00e4tzte Lesezeit\" \/>\n\t<meta name=\"twitter:data1\" content=\"2\u00a0Minuten\" \/>\n<script type=\"application\/ld+json\" class=\"yoast-schema-graph\">{\"@context\":\"https:\/\/schema.org\",\"@graph\":[{\"@type\":\"WebPage\",\"@id\":\"https:\/\/www.friseur-hopmann.de\/?product=sp-cifique-bain-divalent-250-ml-shampoo\",\"url\":\"https:\/\/www.friseur-hopmann.de\/?product=sp-cifique-bain-divalent-250-ml-shampoo\",\"name\":\"SP\u00c8CIFIQUE BAIN DIVALENT 250 ml (Shampoo)\",\"isPartOf\":{\"@id\":\"https:\/\/www.friseur-hopmann.de\/#website\"},\"primaryImageOfPage\":{\"@id\":\"https:\/\/www.friseur-hopmann.de\/?product=sp-cifique-bain-divalent-250-ml-shampoo#primaryimage\"},\"image\":{\"@id\":\"https:\/\/www.friseur-hopmann.de\/?product=sp-cifique-bain-divalent-250-ml-shampoo#primaryimage\"},\"thumbnailUrl\":\"https:\/\/www.friseur-hopmann.de\/wp-content\/uploads\/2005\/02\/Bain-Divalent-250ml.jpg\",\"datePublished\":\"2005-02-12T08:05:09+00:00\",\"dateModified\":\"2026-01-18T13:41:31+00:00\",\"breadcrumb\":{\"@id\":\"https:\/\/www.friseur-hopmann.de\/?product=sp-cifique-bain-divalent-250-ml-shampoo#breadcrumb\"},\"inLanguage\":\"de\",\"potentialAction\":[{\"@type\":\"ReadAction\",\"target\":[\"https:\/\/www.friseur-hopmann.de\/?product=sp-cifique-bain-divalent-250-ml-shampoo\"]}]},{\"@type\":\"ImageObject\",\"inLanguage\":\"de\",\"@id\":\"https:\/\/www.friseur-hopmann.de\/?product=sp-cifique-bain-divalent-250-ml-shampoo#primaryimage\",\"url\":\"https:\/\/www.friseur-hopmann.de\/wp-content\/uploads\/2005\/02\/Bain-Divalent-250ml.jpg\",\"contentUrl\":\"https:\/\/www.friseur-hopmann.de\/wp-content\/uploads\/2005\/02\/Bain-Divalent-250ml.jpg\",\"width\":500,\"height\":500},{\"@type\":\"BreadcrumbList\",\"@id\":\"https:\/\/www.friseur-hopmann.de\/?product=sp-cifique-bain-divalent-250-ml-shampoo#breadcrumb\",\"itemListElement\":[{\"@type\":\"ListItem\",\"position\":1,\"name\":\"Startseite\",\"item\":\"https:\/\/www.friseur-hopmann.de\/\"},{\"@type\":\"ListItem\",\"position\":2,\"name\":\"Produkte\",\"item\":\"https:\/\/www.friseur-hopmann.de\/?post_type=product\"},{\"@type\":\"ListItem\",\"position\":3,\"name\":\"K\u00c9RASTASE SP\u00c8CIFIQUE BAIN DIVALENT 250 ml (Shampoo)\"}]},{\"@type\":\"WebSite\",\"@id\":\"https:\/\/www.friseur-hopmann.de\/#website\",\"url\":\"https:\/\/www.friseur-hopmann.de\/\",\"name\":\"Friseur Hopmann Hairstyling\",\"description\":\"Ihr Friseur in Nordhorn\",\"potentialAction\":[{\"@type\":\"SearchAction\",\"target\":{\"@type\":\"EntryPoint\",\"urlTemplate\":\"https:\/\/www.friseur-hopmann.de\/?s={search_term_string}\"},\"query-input\":{\"@type\":\"PropertyValueSpecification\",\"valueRequired\":true,\"valueName\":\"search_term_string\"}}],\"inLanguage\":\"de\"}]}<\/script>\n<!-- \/ Yoast SEO plugin. -->","yoast_head_json":{"title":"SP\u00c8CIFIQUE BAIN DIVALENT 250 ml (Shampoo)","robots":{"index":"index","follow":"follow","max-snippet":"max-snippet:-1","max-image-preview":"max-image-preview:large","max-video-preview":"max-video-preview:-1"},"canonical":"https:\/\/www.friseur-hopmann.de\/?product=sp-cifique-bain-divalent-250-ml-shampoo","og_locale":"de_DE","og_type":"article","og_title":"SP\u00c8CIFIQUE BAIN DIVALENT 250 ml (Shampoo)","og_description":"K\u00e9rastase SP\u00c9CIFIQUE Bain Divalent K\u00e9rastase Sp\u00e9cifique Bain Divalent wurde speziell f\u00fcr mittellanges bis langes Haarentwickelt.  Mit Amino Acid und VitaminB6.  Das einzigartige Syst\u00e8me Bi-Activ reinigt die Kopfhaut sanft.  Bi-Aktiv-Pflegeshampoo","og_url":"https:\/\/www.friseur-hopmann.de\/?product=sp-cifique-bain-divalent-250-ml-shampoo","og_site_name":"Friseur Hopmann Hairstyling","article_modified_time":"2026-01-18T13:41:31+00:00","og_image":[{"width":500,"height":500,"url":"http:\/\/www.friseur-hopmann.de\/wp-content\/uploads\/2005\/02\/Bain-Divalent-250ml.jpg","type":"image\/jpeg"}],"twitter_card":"summary_large_image","twitter_misc":{"Gesch\u00e4tzte Lesezeit":"2\u00a0Minuten"},"schema":{"@context":"https:\/\/schema.org","@graph":[{"@type":"WebPage","@id":"https:\/\/www.friseur-hopmann.de\/?product=sp-cifique-bain-divalent-250-ml-shampoo","url":"https:\/\/www.friseur-hopmann.de\/?product=sp-cifique-bain-divalent-250-ml-shampoo","name":"SP\u00c8CIFIQUE BAIN DIVALENT 250 ml (Shampoo)","isPartOf":{"@id":"https:\/\/www.friseur-hopmann.de\/#website"},"primaryImageOfPage":{"@id":"https:\/\/www.friseur-hopmann.de\/?product=sp-cifique-bain-divalent-250-ml-shampoo#primaryimage"},"image":{"@id":"https:\/\/www.friseur-hopmann.de\/?product=sp-cifique-bain-divalent-250-ml-shampoo#primaryimage"},"thumbnailUrl":"https:\/\/www.friseur-hopmann.de\/wp-content\/uploads\/2005\/02\/Bain-Divalent-250ml.jpg","datePublished":"2005-02-12T08:05:09+00:00","dateModified":"2026-01-18T13:41:31+00:00","breadcrumb":{"@id":"https:\/\/www.friseur-hopmann.de\/?product=sp-cifique-bain-divalent-250-ml-shampoo#breadcrumb"},"inLanguage":"de","potentialAction":[{"@type":"ReadAction","target":["https:\/\/www.friseur-hopmann.de\/?product=sp-cifique-bain-divalent-250-ml-shampoo"]}]},{"@type":"ImageObject","inLanguage":"de","@id":"https:\/\/www.friseur-hopmann.de\/?product=sp-cifique-bain-divalent-250-ml-shampoo#primaryimage","url":"https:\/\/www.friseur-hopmann.de\/wp-content\/uploads\/2005\/02\/Bain-Divalent-250ml.jpg","contentUrl":"https:\/\/www.friseur-hopmann.de\/wp-content\/uploads\/2005\/02\/Bain-Divalent-250ml.jpg","width":500,"height":500},{"@type":"BreadcrumbList","@id":"https:\/\/www.friseur-hopmann.de\/?product=sp-cifique-bain-divalent-250-ml-shampoo#breadcrumb","itemListElement":[{"@type":"ListItem","position":1,"name":"Startseite","item":"https:\/\/www.friseur-hopmann.de\/"},{"@type":"ListItem","position":2,"name":"Produkte","item":"https:\/\/www.friseur-hopmann.de\/?post_type=product"},{"@type":"ListItem","position":3,"name":"K\u00c9RASTASE SP\u00c8CIFIQUE BAIN DIVALENT 250 ml (Shampoo)"}]},{"@type":"WebSite","@id":"https:\/\/www.friseur-hopmann.de\/#website","url":"https:\/\/www.friseur-hopmann.de\/","name":"Friseur Hopmann Hairstyling","description":"Ihr Friseur in Nordhorn","potentialAction":[{"@type":"SearchAction","target":{"@type":"EntryPoint","urlTemplate":"https:\/\/www.friseur-hopmann.de\/?s={search_term_string}"},"query-input":{"@type":"PropertyValueSpecification","valueRequired":true,"valueName":"search_term_string"}}],"inLanguage":"de"}]}},"brands":[],"_links":{"self":[{"href":"https:\/\/www.friseur-hopmann.de\/index.php?rest_route=\/wp\/v2\/product\/9001","targetHints":{"allow":["GET"]}}],"collection":[{"href":"https:\/\/www.friseur-hopmann.de\/index.php?rest_route=\/wp\/v2\/product"}],"about":[{"href":"https:\/\/www.friseur-hopmann.de\/index.php?rest_route=\/wp\/v2\/types\/product"}],"replies":[{"embeddable":true,"href":"https:\/\/www.friseur-hopmann.de\/index.php?rest_route=%2Fwp%2Fv2%2Fcomments&post=9001"}],"wp:featuredmedia":[{"embeddable":true,"href":"https:\/\/www.friseur-hopmann.de\/index.php?rest_route=\/wp\/v2\/media\/17017"}],"wp:attachment":[{"href":"https:\/\/www.friseur-hopmann.de\/index.php?rest_route=%2Fwp%2Fv2%2Fmedia&parent=9001"}],"wp:term":[{"taxonomy":"pwb-brand","embeddable":true,"href":"https:\/\/www.friseur-hopmann.de\/index.php?rest_route=%2Fwp%2Fv2%2Fpwb-brand&post=9001"},{"taxonomy":"product_brand","embeddable":true,"href":"https:\/\/www.friseur-hopmann.de\/index.php?rest_route=%2Fwp%2Fv2%2Fproduct_brand&post=9001"},{"taxonomy":"product_cat","embeddable":true,"href":"https:\/\/www.friseur-hopmann.de\/index.php?rest_route=%2Fwp%2Fv2%2Fproduct_cat&post=9001"},{"taxonomy":"product_tag","embeddable":true,"href":"https:\/\/www.friseur-hopmann.de\/index.php?rest_route=%2Fwp%2Fv2%2Fproduct_tag&post=9001"}],"curies":[{"name":"wp","href":"https:\/\/api.w.org\/{rel}","templated":true}]}}