{"id":8948,"date":"2016-06-09T10:05:08","date_gmt":"2016-06-09T08:05:08","guid":{"rendered":"http:\/\/www.friseur-hopmann.de\/?post_type=product&#038;p=8948"},"modified":"2026-01-18T16:23:00","modified_gmt":"2026-01-18T14:23:00","slug":"neu-nutritive-creme-magistrale-150-ml","status":"publish","type":"product","link":"https:\/\/www.friseur-hopmann.de\/?product=neu-nutritive-creme-magistrale-150-ml","title":{"rendered":"K\u00e9rastase Nutritive Lotion Thermique Sublimatrice 150 ml"},"content":{"rendered":"<h3>Produktbeschreibung:<\/h3>\n<div class=\"std col-lg-8 col-lg-offset-2 col-md-10 col-md-offset-1\">\n<h2>K\u00e9rastase Nutritive Lotion Thermique\u00a0Sublimatrice 150 ml<\/h2>\n<p>Das <strong>K\u00e9rastase Nutritive Lotion Thermique Universelle<\/strong> ist ein veredelndes Thermo-Pflegespray f\u00fcr normales bis leicht trockenes Haar. Es ist eine Leave-In-Essenz f\u00fcr trockenes Haar, fein bis mittel, die den inneren Teil des Haares revitalisiert, indem sie die Haarfaser mit Feuchtigkeit versorgt und f\u00fcr Elastizit\u00e4t sorgt.<\/p>\n<h2>Eigenschaften des K\u00e9rastase Nutritive Lotion Thermique Sublimatrice<\/h2>\n<ul>\n<li>Sofortige Geschmeidigkeit und strahlender Glanz<\/li>\n<li>Bewahrt die nat\u00fcrliche Barriere des Haares, um Feuchtigkeitsverlust zu verhindern<\/li>\n<li>Stellt die K\u00e4mmbarkeit f\u00fcr geschmediges Haar wieder her<\/li>\n<li>Reduziert Frizz<\/li>\n<li>Sch\u00fctzt vor Hitze bis 230\u00b0<\/li>\n<li>Feuchtigkeitsspendend<\/li>\n<li>Pflegend<\/li>\n<li>Veredelnd<\/li>\n<\/ul>\n<h3>Anwendung des K\u00e9rastase Nutritive Lotion Thermique Sublimatrice<\/h3>\n<p>1-2 perlengro\u00dfe Mengen des<strong> K\u00e9rastase Nutritive Lotion Thermique Universelle<\/strong>\u00a0in das handtuchtrockene Haar einmassieren. Wie gewohnt stylen. Nicht aussp\u00fclen. Bei Kontakt mit den Augen sofort gr\u00fcndlich aussp\u00fclen.<\/p>\n<\/div>\n<h3>Erg\u00e4nzungsprodukte:<\/h3>\n<p>Nutritive Bain Satin(Shampoo)<\/p>\n<p>Nutritive Lait Vital (Pflegeconditoner)<\/p>\n<p>Nutritive Masqueintense<\/p>\n","protected":false},"excerpt":{"rendered":"<div class=\"std col-lg-8 col-lg-offset-2 col-md-10 col-md-offset-1\">\n<h2>K\u00e9rastase Nutritive Lotion Thermique Sublimatrice 150 ml<\/h2>\n<p>Das <strong>K\u00e9rastase Nutritive Lotion Thermique Universelle<\/strong> ist ein veredelndes Thermo-Pflegespray f\u00fcr normales bis leicht trockenes Haar.<\/p>\n<\/div>\n<p>&nbsp;<\/p>\n","protected":false},"featured_media":21711,"comment_status":"open","ping_status":"closed","template":"","meta":{"_exactmetrics_skip_tracking":false,"_exactmetrics_sitenote_active":false,"_exactmetrics_sitenote_note":"","_exactmetrics_sitenote_category":0,"_monsterinsights_skip_tracking":false,"_monsterinsights_sitenote_active":false,"_monsterinsights_sitenote_note":"","_monsterinsights_sitenote_category":0},"pwb-brand":[],"product_brand":[615],"product_cat":[491,544,489],"product_tag":[830,808,759,834,696,713],"class_list":{"0":"post-8948","1":"product","2":"type-product","3":"status-publish","4":"has-post-thumbnail","6":"product_brand-kerastase-2","7":"product_cat-kerastase","8":"product_cat-kerastase-haarpflege","9":"product_cat-nutritive","10":"product_tag-glanzloses-haar","11":"product_tag-intensiv-feuchtigkeitshaarkur","12":"product_tag-leave-in-pflege","13":"product_tag-pfegecreme","14":"product_tag-schnellpflege","15":"product_tag-trockenes-haar","16":"pa_inhalt-633","18":"first","19":"instock","20":"taxable","21":"shipping-taxable","22":"purchasable","23":"product-type-simple"},"yoast_head":"<!-- This site is optimized with the Yoast SEO plugin v24.6 - https:\/\/yoast.com\/wordpress\/plugins\/seo\/ -->\n<title>&quot;NEU&quot; NUTRITIVE CREME MAGISTRALE 150 ml<\/title>\n<meta name=\"robots\" content=\"index, follow, max-snippet:-1, max-image-preview:large, max-video-preview:-1\" \/>\n<link rel=\"canonical\" href=\"https:\/\/www.friseur-hopmann.de\/?product=neu-nutritive-creme-magistrale-150-ml\" \/>\n<meta property=\"og:locale\" content=\"de_DE\" \/>\n<meta property=\"og:type\" content=\"article\" \/>\n<meta property=\"og:title\" content=\"&quot;NEU&quot; NUTRITIVE CREME MAGISTRALE 150 ml\" \/>\n<meta property=\"og:description\" content=\"K\u00e9rastase Nutritive Lotion Thermique Sublimatrice 150 ml Das K\u00e9rastase Nutritive Lotion Thermique Universelle ist ein veredelndes Thermo-Pflegespray f\u00fcr normales bis leicht trockenes Haar.   &nbsp;\" \/>\n<meta property=\"og:url\" content=\"https:\/\/www.friseur-hopmann.de\/?product=neu-nutritive-creme-magistrale-150-ml\" \/>\n<meta property=\"og:site_name\" content=\"Friseur Hopmann Hairstyling\" \/>\n<meta property=\"article:modified_time\" content=\"2026-01-18T14:23:00+00:00\" \/>\n<meta property=\"og:image\" content=\"http:\/\/www.friseur-hopmann.de\/wp-content\/uploads\/2016\/06\/Nutri-Lotion-thermic-150-ml.jpg\" \/>\n\t<meta property=\"og:image:width\" content=\"500\" \/>\n\t<meta property=\"og:image:height\" content=\"500\" \/>\n\t<meta property=\"og:image:type\" content=\"image\/jpeg\" \/>\n<meta name=\"twitter:card\" content=\"summary_large_image\" \/>\n<meta name=\"twitter:label1\" content=\"Gesch\u00e4tzte Lesezeit\" \/>\n\t<meta name=\"twitter:data1\" content=\"1\u00a0Minute\" \/>\n<script type=\"application\/ld+json\" class=\"yoast-schema-graph\">{\"@context\":\"https:\/\/schema.org\",\"@graph\":[{\"@type\":\"WebPage\",\"@id\":\"https:\/\/www.friseur-hopmann.de\/?product=neu-nutritive-creme-magistrale-150-ml\",\"url\":\"https:\/\/www.friseur-hopmann.de\/?product=neu-nutritive-creme-magistrale-150-ml\",\"name\":\"\\\"NEU\\\" NUTRITIVE CREME MAGISTRALE 150 ml\",\"isPartOf\":{\"@id\":\"https:\/\/www.friseur-hopmann.de\/#website\"},\"primaryImageOfPage\":{\"@id\":\"https:\/\/www.friseur-hopmann.de\/?product=neu-nutritive-creme-magistrale-150-ml#primaryimage\"},\"image\":{\"@id\":\"https:\/\/www.friseur-hopmann.de\/?product=neu-nutritive-creme-magistrale-150-ml#primaryimage\"},\"thumbnailUrl\":\"https:\/\/www.friseur-hopmann.de\/wp-content\/uploads\/2016\/06\/Nutri-Lotion-thermic-150-ml.jpg\",\"datePublished\":\"2016-06-09T08:05:08+00:00\",\"dateModified\":\"2026-01-18T14:23:00+00:00\",\"breadcrumb\":{\"@id\":\"https:\/\/www.friseur-hopmann.de\/?product=neu-nutritive-creme-magistrale-150-ml#breadcrumb\"},\"inLanguage\":\"de\",\"potentialAction\":[{\"@type\":\"ReadAction\",\"target\":[\"https:\/\/www.friseur-hopmann.de\/?product=neu-nutritive-creme-magistrale-150-ml\"]}]},{\"@type\":\"ImageObject\",\"inLanguage\":\"de\",\"@id\":\"https:\/\/www.friseur-hopmann.de\/?product=neu-nutritive-creme-magistrale-150-ml#primaryimage\",\"url\":\"https:\/\/www.friseur-hopmann.de\/wp-content\/uploads\/2016\/06\/Nutri-Lotion-thermic-150-ml.jpg\",\"contentUrl\":\"https:\/\/www.friseur-hopmann.de\/wp-content\/uploads\/2016\/06\/Nutri-Lotion-thermic-150-ml.jpg\",\"width\":500,\"height\":500},{\"@type\":\"BreadcrumbList\",\"@id\":\"https:\/\/www.friseur-hopmann.de\/?product=neu-nutritive-creme-magistrale-150-ml#breadcrumb\",\"itemListElement\":[{\"@type\":\"ListItem\",\"position\":1,\"name\":\"Startseite\",\"item\":\"https:\/\/www.friseur-hopmann.de\/\"},{\"@type\":\"ListItem\",\"position\":2,\"name\":\"Produkte\",\"item\":\"https:\/\/www.friseur-hopmann.de\/?post_type=product\"},{\"@type\":\"ListItem\",\"position\":3,\"name\":\"K\u00e9rastase Nutritive Lotion Thermique Sublimatrice 150 ml\"}]},{\"@type\":\"WebSite\",\"@id\":\"https:\/\/www.friseur-hopmann.de\/#website\",\"url\":\"https:\/\/www.friseur-hopmann.de\/\",\"name\":\"Friseur Hopmann Hairstyling\",\"description\":\"Ihr Friseur in Nordhorn\",\"potentialAction\":[{\"@type\":\"SearchAction\",\"target\":{\"@type\":\"EntryPoint\",\"urlTemplate\":\"https:\/\/www.friseur-hopmann.de\/?s={search_term_string}\"},\"query-input\":{\"@type\":\"PropertyValueSpecification\",\"valueRequired\":true,\"valueName\":\"search_term_string\"}}],\"inLanguage\":\"de\"}]}<\/script>\n<!-- \/ Yoast SEO plugin. -->","yoast_head_json":{"title":"\"NEU\" NUTRITIVE CREME MAGISTRALE 150 ml","robots":{"index":"index","follow":"follow","max-snippet":"max-snippet:-1","max-image-preview":"max-image-preview:large","max-video-preview":"max-video-preview:-1"},"canonical":"https:\/\/www.friseur-hopmann.de\/?product=neu-nutritive-creme-magistrale-150-ml","og_locale":"de_DE","og_type":"article","og_title":"\"NEU\" NUTRITIVE CREME MAGISTRALE 150 ml","og_description":"K\u00e9rastase Nutritive Lotion Thermique Sublimatrice 150 ml Das K\u00e9rastase Nutritive Lotion Thermique Universelle ist ein veredelndes Thermo-Pflegespray f\u00fcr normales bis leicht trockenes Haar.   &nbsp;","og_url":"https:\/\/www.friseur-hopmann.de\/?product=neu-nutritive-creme-magistrale-150-ml","og_site_name":"Friseur Hopmann Hairstyling","article_modified_time":"2026-01-18T14:23:00+00:00","og_image":[{"width":500,"height":500,"url":"http:\/\/www.friseur-hopmann.de\/wp-content\/uploads\/2016\/06\/Nutri-Lotion-thermic-150-ml.jpg","type":"image\/jpeg"}],"twitter_card":"summary_large_image","twitter_misc":{"Gesch\u00e4tzte Lesezeit":"1\u00a0Minute"},"schema":{"@context":"https:\/\/schema.org","@graph":[{"@type":"WebPage","@id":"https:\/\/www.friseur-hopmann.de\/?product=neu-nutritive-creme-magistrale-150-ml","url":"https:\/\/www.friseur-hopmann.de\/?product=neu-nutritive-creme-magistrale-150-ml","name":"\"NEU\" NUTRITIVE CREME MAGISTRALE 150 ml","isPartOf":{"@id":"https:\/\/www.friseur-hopmann.de\/#website"},"primaryImageOfPage":{"@id":"https:\/\/www.friseur-hopmann.de\/?product=neu-nutritive-creme-magistrale-150-ml#primaryimage"},"image":{"@id":"https:\/\/www.friseur-hopmann.de\/?product=neu-nutritive-creme-magistrale-150-ml#primaryimage"},"thumbnailUrl":"https:\/\/www.friseur-hopmann.de\/wp-content\/uploads\/2016\/06\/Nutri-Lotion-thermic-150-ml.jpg","datePublished":"2016-06-09T08:05:08+00:00","dateModified":"2026-01-18T14:23:00+00:00","breadcrumb":{"@id":"https:\/\/www.friseur-hopmann.de\/?product=neu-nutritive-creme-magistrale-150-ml#breadcrumb"},"inLanguage":"de","potentialAction":[{"@type":"ReadAction","target":["https:\/\/www.friseur-hopmann.de\/?product=neu-nutritive-creme-magistrale-150-ml"]}]},{"@type":"ImageObject","inLanguage":"de","@id":"https:\/\/www.friseur-hopmann.de\/?product=neu-nutritive-creme-magistrale-150-ml#primaryimage","url":"https:\/\/www.friseur-hopmann.de\/wp-content\/uploads\/2016\/06\/Nutri-Lotion-thermic-150-ml.jpg","contentUrl":"https:\/\/www.friseur-hopmann.de\/wp-content\/uploads\/2016\/06\/Nutri-Lotion-thermic-150-ml.jpg","width":500,"height":500},{"@type":"BreadcrumbList","@id":"https:\/\/www.friseur-hopmann.de\/?product=neu-nutritive-creme-magistrale-150-ml#breadcrumb","itemListElement":[{"@type":"ListItem","position":1,"name":"Startseite","item":"https:\/\/www.friseur-hopmann.de\/"},{"@type":"ListItem","position":2,"name":"Produkte","item":"https:\/\/www.friseur-hopmann.de\/?post_type=product"},{"@type":"ListItem","position":3,"name":"K\u00e9rastase Nutritive Lotion Thermique Sublimatrice 150 ml"}]},{"@type":"WebSite","@id":"https:\/\/www.friseur-hopmann.de\/#website","url":"https:\/\/www.friseur-hopmann.de\/","name":"Friseur Hopmann Hairstyling","description":"Ihr Friseur in Nordhorn","potentialAction":[{"@type":"SearchAction","target":{"@type":"EntryPoint","urlTemplate":"https:\/\/www.friseur-hopmann.de\/?s={search_term_string}"},"query-input":{"@type":"PropertyValueSpecification","valueRequired":true,"valueName":"search_term_string"}}],"inLanguage":"de"}]}},"brands":[],"_links":{"self":[{"href":"https:\/\/www.friseur-hopmann.de\/index.php?rest_route=\/wp\/v2\/product\/8948","targetHints":{"allow":["GET"]}}],"collection":[{"href":"https:\/\/www.friseur-hopmann.de\/index.php?rest_route=\/wp\/v2\/product"}],"about":[{"href":"https:\/\/www.friseur-hopmann.de\/index.php?rest_route=\/wp\/v2\/types\/product"}],"replies":[{"embeddable":true,"href":"https:\/\/www.friseur-hopmann.de\/index.php?rest_route=%2Fwp%2Fv2%2Fcomments&post=8948"}],"wp:featuredmedia":[{"embeddable":true,"href":"https:\/\/www.friseur-hopmann.de\/index.php?rest_route=\/wp\/v2\/media\/21711"}],"wp:attachment":[{"href":"https:\/\/www.friseur-hopmann.de\/index.php?rest_route=%2Fwp%2Fv2%2Fmedia&parent=8948"}],"wp:term":[{"taxonomy":"pwb-brand","embeddable":true,"href":"https:\/\/www.friseur-hopmann.de\/index.php?rest_route=%2Fwp%2Fv2%2Fpwb-brand&post=8948"},{"taxonomy":"product_brand","embeddable":true,"href":"https:\/\/www.friseur-hopmann.de\/index.php?rest_route=%2Fwp%2Fv2%2Fproduct_brand&post=8948"},{"taxonomy":"product_cat","embeddable":true,"href":"https:\/\/www.friseur-hopmann.de\/index.php?rest_route=%2Fwp%2Fv2%2Fproduct_cat&post=8948"},{"taxonomy":"product_tag","embeddable":true,"href":"https:\/\/www.friseur-hopmann.de\/index.php?rest_route=%2Fwp%2Fv2%2Fproduct_tag&post=8948"}],"curies":[{"name":"wp","href":"https:\/\/api.w.org\/{rel}","templated":true}]}}