{"id":8857,"date":"2010-02-04T10:05:08","date_gmt":"2010-02-04T08:05:08","guid":{"rendered":"http:\/\/www.friseur-hopmann.de\/?post_type=product&#038;p=8857"},"modified":"2025-12-07T20:30:00","modified_gmt":"2025-12-07T18:30:00","slug":"r-sistance-concentr-vita-ciment-intensivkonzentrat-aufbaukur-portion-12-ml","status":"publish","type":"product","link":"https:\/\/www.friseur-hopmann.de\/?product=r-sistance-concentr-vita-ciment-intensivkonzentrat-aufbaukur-portion-12-ml","title":{"rendered":"K\u00c9RASTASE R\u00c8SISTANCE Ceramides CONCENTR\u00c8 (Intensivkonzentrat-Aufbaukur) Portion 12 ml"},"content":{"rendered":"<h3>Produktbeschreibung:<\/h3>\n<p>K\u00c9RASTASE R\u00c8SISTANCE Ceramides CONCENTR\u00c8<br \/>\nAls rekonstruierende Intensiv-Kur gibt Concentr\u00e9 Vita-Ciment strukturgesch\u00e4digtem Haar von innen heraus St\u00e4rkung, Widerstandskraft und Geschmeidigkeit.<br \/>\nSeine exklusive und patentierte Formel basiert auf dem Complexe-Vita-Ciment, der die Haarmaterie gezielt an den strukturgesch\u00e4digten Stellen von innen wiederaufbaut. K\u00c9RASTASE R\u00c8SISTANCE Ceramides CONCENTR\u00c8 lagert sich in der Kitt-Substanz ein, um vorhandene Hohlr\u00e4ume ausszuf\u00fcllen und so die Struktur im Inneren der Haarfaser wieder herzustellen und zu festigen. Mit langanhaltendem Effekt ist er selbst nach mehreren Haarw\u00e4schen im Haar nachweisbar.<\/p>\n<h3>Zielgruppe:<\/h3>\n<p>-. besonders stark strukturgesch\u00e4digtes Haar<br \/>\n&#8211; Restrukturant f\u00fcr alle Haare<\/p>\n<h3>Anwendung:<\/h3>\n<ul>\n<li>K\u00c9RASTASE R\u00c8SISTANCE Ceramides CONCENTR\u00c8t ins handtuchtrockene eingspr\u00fchen<br \/>\n&#8211; die stark strukturgesch\u00e4digten Haare durch Aufbaumassage besonders behandelen<br \/>\n&#8211; 3 &#8211; 5 Minuten einwirken.<br \/>\n&#8211; anschlie\u00dfend sorf\u00e4ltig auszusp\u00fclen<br \/>\n&#8211; wie gewohnt stylen<\/li>\n<\/ul>\n<p><strong>Wichtig: durch das Zumischen eines Fusio Booster ist das Concentrat um ein vielfaches intensiver!<\/strong><\/p>\n<h3>Technologie:<\/h3>\n<p>Das 1ste System, das hochkonzentrierte und aktive Inhaltsstoffe in einem ma\u00dfgeschneiderten Pflegecocktail vereint.<br \/>\nSofortige Fusion von aktiven Inhaltsstoffen und exklusiven Technologien. Hochkonzentrierte Formeln sorgen f\u00fcr eine tiefenwirksame Verwandlung.<br \/>\nDie ultra-pr\u00e4zise Mikro-Diffusion sorgt f\u00fcr eine gezielte Anwendung und Tiefenwirkung. Das Ergebnis ist eine sofortige Verwandlung Ihrer Haarfaser.<\/p>\n<p><strong>Inhalt:<\/strong> Portionsflasche\/Ampulle a 12 ml<\/p>\n<p><strong>Hinweis: beachten Sie bitte das Erg\u00e4nzungsprodukt FUSIO DOSE BOOSTER<\/strong><\/p>\n","protected":false},"excerpt":{"rendered":"<p>K\u00c9RASTASE R\u00c8SISTANCE Ceramides CONCENTR\u00c8<\/p>\n<p>Intensiv-Kur<br \/>\nAls rekonstruierende Intensiv-Kur gibt Concentr\u00e9 Vita-Ciment strukturgesch\u00e4digtem Haar von innen heraus St\u00e4rkung, Widerstandskraft und Geschmeidigkeit.<\/p>\n","protected":false},"featured_media":20402,"comment_status":"open","ping_status":"closed","template":"","meta":{"_exactmetrics_skip_tracking":false,"_exactmetrics_sitenote_active":false,"_exactmetrics_sitenote_note":"","_exactmetrics_sitenote_category":0,"_monsterinsights_skip_tracking":false,"_monsterinsights_sitenote_active":false,"_monsterinsights_sitenote_note":"","_monsterinsights_sitenote_category":0},"pwb-brand":[],"product_brand":[615],"product_cat":[491,544,547,516,604,590,599,661],"product_tag":[778,807],"class_list":{"0":"post-8857","1":"product","2":"type-product","3":"status-publish","4":"has-post-thumbnail","6":"product_brand-kerastase-2","7":"product_cat-kerastase","8":"product_cat-kerastase-haarpflege","9":"product_cat-kerastase-pflegelotion","10":"product_cat-r-sistance","11":"product_cat-r-sistance-architecte","12":"product_cat-resistance-th-rapiste","13":"product_cat-r-sistance-volumifique","14":"product_cat-resistance-extentioniste","15":"product_tag-intensiv-haarpflege-fuer-strukturgeschaedigtes-haar","16":"product_tag-strukturaufbauendes-concentrat","17":"pa_inhalt-645","19":"first","20":"instock","21":"taxable","22":"shipping-taxable","23":"purchasable","24":"product-type-simple"},"yoast_head":"<!-- This site is optimized with the Yoast SEO plugin v24.6 - https:\/\/yoast.com\/wordpress\/plugins\/seo\/ -->\n<title>R\u00c8SISTANCE CONCENTR\u00c8 VITA CIMENT (Intensivkonzentrat-Aufbaukur) Portion 12 ml<\/title>\n<meta name=\"robots\" content=\"index, follow, max-snippet:-1, max-image-preview:large, max-video-preview:-1\" \/>\n<link rel=\"canonical\" href=\"https:\/\/www.friseur-hopmann.de\/?product=r-sistance-concentr-vita-ciment-intensivkonzentrat-aufbaukur-portion-12-ml\" \/>\n<meta property=\"og:locale\" content=\"de_DE\" \/>\n<meta property=\"og:type\" content=\"article\" \/>\n<meta property=\"og:title\" content=\"R\u00c8SISTANCE CONCENTR\u00c8 VITA CIMENT (Intensivkonzentrat-Aufbaukur) Portion 12 ml\" \/>\n<meta property=\"og:description\" content=\"K\u00c9RASTASE R\u00c8SISTANCE Ceramides CONCENTR\u00c8  Intensiv-Kur Als rekonstruierende Intensiv-Kur gibt Concentr\u00e9 Vita-Ciment strukturgesch\u00e4digtem Haar von innen heraus St\u00e4rkung, Widerstandskraft und Geschmeidigkeit.\" \/>\n<meta property=\"og:url\" content=\"https:\/\/www.friseur-hopmann.de\/?product=r-sistance-concentr-vita-ciment-intensivkonzentrat-aufbaukur-portion-12-ml\" \/>\n<meta property=\"og:site_name\" content=\"Friseur Hopmann Hairstyling\" \/>\n<meta property=\"article:modified_time\" content=\"2025-12-07T18:30:00+00:00\" \/>\n<meta property=\"og:image\" content=\"http:\/\/www.friseur-hopmann.de\/wp-content\/uploads\/2010\/02\/Vita-Ciment-scaled.jpg\" \/>\n\t<meta property=\"og:image:width\" content=\"1920\" \/>\n\t<meta property=\"og:image:height\" content=\"1280\" \/>\n\t<meta property=\"og:image:type\" content=\"image\/jpeg\" \/>\n<meta name=\"twitter:card\" content=\"summary_large_image\" \/>\n<meta name=\"twitter:label1\" content=\"Gesch\u00e4tzte Lesezeit\" \/>\n\t<meta name=\"twitter:data1\" content=\"1\u00a0Minute\" \/>\n<script type=\"application\/ld+json\" class=\"yoast-schema-graph\">{\"@context\":\"https:\/\/schema.org\",\"@graph\":[{\"@type\":\"WebPage\",\"@id\":\"https:\/\/www.friseur-hopmann.de\/?product=r-sistance-concentr-vita-ciment-intensivkonzentrat-aufbaukur-portion-12-ml\",\"url\":\"https:\/\/www.friseur-hopmann.de\/?product=r-sistance-concentr-vita-ciment-intensivkonzentrat-aufbaukur-portion-12-ml\",\"name\":\"R\u00c8SISTANCE CONCENTR\u00c8 VITA CIMENT (Intensivkonzentrat-Aufbaukur) Portion 12 ml\",\"isPartOf\":{\"@id\":\"https:\/\/www.friseur-hopmann.de\/#website\"},\"primaryImageOfPage\":{\"@id\":\"https:\/\/www.friseur-hopmann.de\/?product=r-sistance-concentr-vita-ciment-intensivkonzentrat-aufbaukur-portion-12-ml#primaryimage\"},\"image\":{\"@id\":\"https:\/\/www.friseur-hopmann.de\/?product=r-sistance-concentr-vita-ciment-intensivkonzentrat-aufbaukur-portion-12-ml#primaryimage\"},\"thumbnailUrl\":\"https:\/\/www.friseur-hopmann.de\/wp-content\/uploads\/2010\/02\/Vita-Ciment-scaled.jpg\",\"datePublished\":\"2010-02-04T08:05:08+00:00\",\"dateModified\":\"2025-12-07T18:30:00+00:00\",\"breadcrumb\":{\"@id\":\"https:\/\/www.friseur-hopmann.de\/?product=r-sistance-concentr-vita-ciment-intensivkonzentrat-aufbaukur-portion-12-ml#breadcrumb\"},\"inLanguage\":\"de\",\"potentialAction\":[{\"@type\":\"ReadAction\",\"target\":[\"https:\/\/www.friseur-hopmann.de\/?product=r-sistance-concentr-vita-ciment-intensivkonzentrat-aufbaukur-portion-12-ml\"]}]},{\"@type\":\"ImageObject\",\"inLanguage\":\"de\",\"@id\":\"https:\/\/www.friseur-hopmann.de\/?product=r-sistance-concentr-vita-ciment-intensivkonzentrat-aufbaukur-portion-12-ml#primaryimage\",\"url\":\"https:\/\/www.friseur-hopmann.de\/wp-content\/uploads\/2010\/02\/Vita-Ciment-scaled.jpg\",\"contentUrl\":\"https:\/\/www.friseur-hopmann.de\/wp-content\/uploads\/2010\/02\/Vita-Ciment-scaled.jpg\",\"width\":1920,\"height\":1280},{\"@type\":\"BreadcrumbList\",\"@id\":\"https:\/\/www.friseur-hopmann.de\/?product=r-sistance-concentr-vita-ciment-intensivkonzentrat-aufbaukur-portion-12-ml#breadcrumb\",\"itemListElement\":[{\"@type\":\"ListItem\",\"position\":1,\"name\":\"Startseite\",\"item\":\"https:\/\/www.friseur-hopmann.de\/\"},{\"@type\":\"ListItem\",\"position\":2,\"name\":\"Produkte\",\"item\":\"https:\/\/www.friseur-hopmann.de\/?post_type=product\"},{\"@type\":\"ListItem\",\"position\":3,\"name\":\"K\u00c9RASTASE R\u00c8SISTANCE Ceramides CONCENTR\u00c8 (Intensivkonzentrat-Aufbaukur) Portion 12 ml\"}]},{\"@type\":\"WebSite\",\"@id\":\"https:\/\/www.friseur-hopmann.de\/#website\",\"url\":\"https:\/\/www.friseur-hopmann.de\/\",\"name\":\"Friseur Hopmann Hairstyling\",\"description\":\"Ihr Friseur in Nordhorn\",\"potentialAction\":[{\"@type\":\"SearchAction\",\"target\":{\"@type\":\"EntryPoint\",\"urlTemplate\":\"https:\/\/www.friseur-hopmann.de\/?s={search_term_string}\"},\"query-input\":{\"@type\":\"PropertyValueSpecification\",\"valueRequired\":true,\"valueName\":\"search_term_string\"}}],\"inLanguage\":\"de\"}]}<\/script>\n<!-- \/ Yoast SEO plugin. -->","yoast_head_json":{"title":"R\u00c8SISTANCE CONCENTR\u00c8 VITA CIMENT (Intensivkonzentrat-Aufbaukur) Portion 12 ml","robots":{"index":"index","follow":"follow","max-snippet":"max-snippet:-1","max-image-preview":"max-image-preview:large","max-video-preview":"max-video-preview:-1"},"canonical":"https:\/\/www.friseur-hopmann.de\/?product=r-sistance-concentr-vita-ciment-intensivkonzentrat-aufbaukur-portion-12-ml","og_locale":"de_DE","og_type":"article","og_title":"R\u00c8SISTANCE CONCENTR\u00c8 VITA CIMENT (Intensivkonzentrat-Aufbaukur) Portion 12 ml","og_description":"K\u00c9RASTASE R\u00c8SISTANCE Ceramides CONCENTR\u00c8  Intensiv-Kur Als rekonstruierende Intensiv-Kur gibt Concentr\u00e9 Vita-Ciment strukturgesch\u00e4digtem Haar von innen heraus St\u00e4rkung, Widerstandskraft und Geschmeidigkeit.","og_url":"https:\/\/www.friseur-hopmann.de\/?product=r-sistance-concentr-vita-ciment-intensivkonzentrat-aufbaukur-portion-12-ml","og_site_name":"Friseur Hopmann Hairstyling","article_modified_time":"2025-12-07T18:30:00+00:00","og_image":[{"width":1920,"height":1280,"url":"http:\/\/www.friseur-hopmann.de\/wp-content\/uploads\/2010\/02\/Vita-Ciment-scaled.jpg","type":"image\/jpeg"}],"twitter_card":"summary_large_image","twitter_misc":{"Gesch\u00e4tzte Lesezeit":"1\u00a0Minute"},"schema":{"@context":"https:\/\/schema.org","@graph":[{"@type":"WebPage","@id":"https:\/\/www.friseur-hopmann.de\/?product=r-sistance-concentr-vita-ciment-intensivkonzentrat-aufbaukur-portion-12-ml","url":"https:\/\/www.friseur-hopmann.de\/?product=r-sistance-concentr-vita-ciment-intensivkonzentrat-aufbaukur-portion-12-ml","name":"R\u00c8SISTANCE CONCENTR\u00c8 VITA CIMENT (Intensivkonzentrat-Aufbaukur) Portion 12 ml","isPartOf":{"@id":"https:\/\/www.friseur-hopmann.de\/#website"},"primaryImageOfPage":{"@id":"https:\/\/www.friseur-hopmann.de\/?product=r-sistance-concentr-vita-ciment-intensivkonzentrat-aufbaukur-portion-12-ml#primaryimage"},"image":{"@id":"https:\/\/www.friseur-hopmann.de\/?product=r-sistance-concentr-vita-ciment-intensivkonzentrat-aufbaukur-portion-12-ml#primaryimage"},"thumbnailUrl":"https:\/\/www.friseur-hopmann.de\/wp-content\/uploads\/2010\/02\/Vita-Ciment-scaled.jpg","datePublished":"2010-02-04T08:05:08+00:00","dateModified":"2025-12-07T18:30:00+00:00","breadcrumb":{"@id":"https:\/\/www.friseur-hopmann.de\/?product=r-sistance-concentr-vita-ciment-intensivkonzentrat-aufbaukur-portion-12-ml#breadcrumb"},"inLanguage":"de","potentialAction":[{"@type":"ReadAction","target":["https:\/\/www.friseur-hopmann.de\/?product=r-sistance-concentr-vita-ciment-intensivkonzentrat-aufbaukur-portion-12-ml"]}]},{"@type":"ImageObject","inLanguage":"de","@id":"https:\/\/www.friseur-hopmann.de\/?product=r-sistance-concentr-vita-ciment-intensivkonzentrat-aufbaukur-portion-12-ml#primaryimage","url":"https:\/\/www.friseur-hopmann.de\/wp-content\/uploads\/2010\/02\/Vita-Ciment-scaled.jpg","contentUrl":"https:\/\/www.friseur-hopmann.de\/wp-content\/uploads\/2010\/02\/Vita-Ciment-scaled.jpg","width":1920,"height":1280},{"@type":"BreadcrumbList","@id":"https:\/\/www.friseur-hopmann.de\/?product=r-sistance-concentr-vita-ciment-intensivkonzentrat-aufbaukur-portion-12-ml#breadcrumb","itemListElement":[{"@type":"ListItem","position":1,"name":"Startseite","item":"https:\/\/www.friseur-hopmann.de\/"},{"@type":"ListItem","position":2,"name":"Produkte","item":"https:\/\/www.friseur-hopmann.de\/?post_type=product"},{"@type":"ListItem","position":3,"name":"K\u00c9RASTASE R\u00c8SISTANCE Ceramides CONCENTR\u00c8 (Intensivkonzentrat-Aufbaukur) Portion 12 ml"}]},{"@type":"WebSite","@id":"https:\/\/www.friseur-hopmann.de\/#website","url":"https:\/\/www.friseur-hopmann.de\/","name":"Friseur Hopmann Hairstyling","description":"Ihr Friseur in Nordhorn","potentialAction":[{"@type":"SearchAction","target":{"@type":"EntryPoint","urlTemplate":"https:\/\/www.friseur-hopmann.de\/?s={search_term_string}"},"query-input":{"@type":"PropertyValueSpecification","valueRequired":true,"valueName":"search_term_string"}}],"inLanguage":"de"}]}},"brands":[],"_links":{"self":[{"href":"https:\/\/www.friseur-hopmann.de\/index.php?rest_route=\/wp\/v2\/product\/8857","targetHints":{"allow":["GET"]}}],"collection":[{"href":"https:\/\/www.friseur-hopmann.de\/index.php?rest_route=\/wp\/v2\/product"}],"about":[{"href":"https:\/\/www.friseur-hopmann.de\/index.php?rest_route=\/wp\/v2\/types\/product"}],"replies":[{"embeddable":true,"href":"https:\/\/www.friseur-hopmann.de\/index.php?rest_route=%2Fwp%2Fv2%2Fcomments&post=8857"}],"wp:featuredmedia":[{"embeddable":true,"href":"https:\/\/www.friseur-hopmann.de\/index.php?rest_route=\/wp\/v2\/media\/20402"}],"wp:attachment":[{"href":"https:\/\/www.friseur-hopmann.de\/index.php?rest_route=%2Fwp%2Fv2%2Fmedia&parent=8857"}],"wp:term":[{"taxonomy":"pwb-brand","embeddable":true,"href":"https:\/\/www.friseur-hopmann.de\/index.php?rest_route=%2Fwp%2Fv2%2Fpwb-brand&post=8857"},{"taxonomy":"product_brand","embeddable":true,"href":"https:\/\/www.friseur-hopmann.de\/index.php?rest_route=%2Fwp%2Fv2%2Fproduct_brand&post=8857"},{"taxonomy":"product_cat","embeddable":true,"href":"https:\/\/www.friseur-hopmann.de\/index.php?rest_route=%2Fwp%2Fv2%2Fproduct_cat&post=8857"},{"taxonomy":"product_tag","embeddable":true,"href":"https:\/\/www.friseur-hopmann.de\/index.php?rest_route=%2Fwp%2Fv2%2Fproduct_tag&post=8857"}],"curies":[{"name":"wp","href":"https:\/\/api.w.org\/{rel}","templated":true}]}}