{"id":8752,"date":"2016-09-23T10:05:04","date_gmt":"2016-09-23T08:05:04","guid":{"rendered":"http:\/\/www.friseur-hopmann.de\/?post_type=product&#038;p=8752"},"modified":"2024-02-10T22:24:42","modified_gmt":"2024-02-10T20:24:42","slug":"ghd-classic-gold-glatteisen","status":"publish","type":"product","link":"https:\/\/www.friseur-hopmann.de\/?product=ghd-classic-gold-glatteisen","title":{"rendered":"ghd classic gold gl\u00e4tteisen"},"content":{"rendered":"<h3>ghd Gold Classic Styler<\/h3>\n<p>f\u00fcr alle Haarl\u00e4ngen<\/p>\n<p>Egal welches Haar Sie haben, wir haben die atemberaubenden ghd Styler in der brandneuen<br \/>\nghd Gold Series.<\/p>\n<p>Der \u00fcberragendste Styler aller Zeiten.<\/p>\n<p>Perfekt f\u00fcr alle Haarl\u00e4ngen<\/p>\n<p>Professionelles Finish f\u00fcr ultra-gl\u00e4nzende Ergebnisse<\/p>\n<p>Die Stylerplatten gleiten m\u00fchelos durch das Haar<br \/>\nLeichtes und elegantes Geh\u00e4use &#8211; perfekt zum Kreieren jedes Stylings<\/p>\n<p>Mit Schutzkappe<\/p>\n<p>Der neue ghd Gold Classic Styler ist der \u00dcberragendste im Sortiment.<\/p>\n<h3>Technische Daten:<\/h3>\n<p>Gr\u00f6\u00dfe der Keramikplatten ca. 9 cm x 2,5 cm<\/p>\n<p>Abmessungen ca. 23 cm x 3 cm<\/p>\n<p>Gewicht ca. 250 g<\/p>\n<p>Drehbares Kabel f\u00fcr beste Handhabung<\/p>\n<p>Schlafmodus wird nach 30 Minuten Nichtverwendung aktiviert<\/p>\n<p>Variable Spannung f\u00fcr weltweiten Einsatz<\/p>\n<p>&nbsp;<\/p>\n<p>&nbsp;<\/p>\n","protected":false},"excerpt":{"rendered":"<h3>ghd Gold Classic Styler<\/h3>\n<p>f\u00fcr alle Haarl\u00e4ngen<\/p>\n<p>Egal welches Haar Sie haben, wir haben die atemberaubenden ghd Styler in der brandneuen<br \/>\nghd Gold Series.<\/p>\n<p>Der \u00fcberragendste Styler aller Zeiten.<\/p>\n<p>Perfekt f\u00fcr alle Haarl\u00e4ngen<\/p>\n<p>Professionelles Finish f\u00fcr ultra-gl\u00e4nzende Ergebnisse<\/p>\n","protected":false},"featured_media":13572,"comment_status":"open","ping_status":"closed","template":"","meta":{"_exactmetrics_skip_tracking":false,"_exactmetrics_sitenote_active":false,"_exactmetrics_sitenote_note":"","_exactmetrics_sitenote_category":0,"_monsterinsights_skip_tracking":false,"_monsterinsights_sitenote_active":false,"_monsterinsights_sitenote_note":"","_monsterinsights_sitenote_category":0},"pwb-brand":[],"product_brand":[],"product_cat":[504,703],"product_tag":[981],"class_list":{"0":"post-8752","1":"product","2":"type-product","3":"status-publish","4":"has-post-thumbnail","6":"product_cat-gerate","7":"product_cat-sale","8":"product_tag-ghd","10":"first","11":"instock","12":"sale","13":"taxable","14":"shipping-taxable","15":"purchasable","16":"product-type-simple"},"yoast_head":"<!-- This site is optimized with the Yoast SEO plugin v24.6 - https:\/\/yoast.com\/wordpress\/plugins\/seo\/ -->\n<title>ghd classic gold gl\u00e4tteisen<\/title>\n<meta name=\"robots\" content=\"index, follow, max-snippet:-1, max-image-preview:large, max-video-preview:-1\" \/>\n<link rel=\"canonical\" href=\"https:\/\/www.friseur-hopmann.de\/?product=ghd-classic-gold-glatteisen\" \/>\n<meta property=\"og:locale\" content=\"de_DE\" \/>\n<meta property=\"og:type\" content=\"article\" \/>\n<meta property=\"og:title\" content=\"ghd classic gold gl\u00e4tteisen\" \/>\n<meta property=\"og:description\" content=\"ghd Gold Classic Styler f\u00fcr alle Haarl\u00e4ngen  Egal welches Haar Sie haben, wir haben die atemberaubenden ghd Styler in der brandneuen ghd Gold Series.  Der \u00fcberragendste Styler aller Zeiten.  Perfekt f\u00fcr alle Haarl\u00e4ngen  Professionelles Finish f\u00fcr ultra-gl\u00e4nzende Ergebnisse\" \/>\n<meta property=\"og:url\" content=\"https:\/\/www.friseur-hopmann.de\/?product=ghd-classic-gold-glatteisen\" \/>\n<meta property=\"og:site_name\" content=\"Friseur Hopmann Hairstyling\" \/>\n<meta property=\"article:modified_time\" content=\"2024-02-10T20:24:42+00:00\" \/>\n<meta property=\"og:image\" content=\"https:\/\/www.friseur-hopmann.de\/wp-content\/uploads\/2016\/09\/ghd-classic.jpg\" \/>\n\t<meta property=\"og:image:width\" content=\"500\" \/>\n\t<meta property=\"og:image:height\" content=\"500\" \/>\n\t<meta property=\"og:image:type\" content=\"image\/jpeg\" \/>\n<meta name=\"twitter:card\" content=\"summary_large_image\" \/>\n<meta name=\"twitter:label1\" content=\"Gesch\u00e4tzte Lesezeit\" \/>\n\t<meta name=\"twitter:data1\" content=\"1\u00a0Minute\" \/>\n<script type=\"application\/ld+json\" class=\"yoast-schema-graph\">{\"@context\":\"https:\/\/schema.org\",\"@graph\":[{\"@type\":\"WebPage\",\"@id\":\"https:\/\/www.friseur-hopmann.de\/?product=ghd-classic-gold-glatteisen\",\"url\":\"https:\/\/www.friseur-hopmann.de\/?product=ghd-classic-gold-glatteisen\",\"name\":\"ghd classic gold gl\u00e4tteisen\",\"isPartOf\":{\"@id\":\"https:\/\/www.friseur-hopmann.de\/#website\"},\"primaryImageOfPage\":{\"@id\":\"https:\/\/www.friseur-hopmann.de\/?product=ghd-classic-gold-glatteisen#primaryimage\"},\"image\":{\"@id\":\"https:\/\/www.friseur-hopmann.de\/?product=ghd-classic-gold-glatteisen#primaryimage\"},\"thumbnailUrl\":\"https:\/\/www.friseur-hopmann.de\/wp-content\/uploads\/2016\/09\/ghd-classic.jpg\",\"datePublished\":\"2016-09-23T08:05:04+00:00\",\"dateModified\":\"2024-02-10T20:24:42+00:00\",\"breadcrumb\":{\"@id\":\"https:\/\/www.friseur-hopmann.de\/?product=ghd-classic-gold-glatteisen#breadcrumb\"},\"inLanguage\":\"de\",\"potentialAction\":[{\"@type\":\"ReadAction\",\"target\":[\"https:\/\/www.friseur-hopmann.de\/?product=ghd-classic-gold-glatteisen\"]}]},{\"@type\":\"ImageObject\",\"inLanguage\":\"de\",\"@id\":\"https:\/\/www.friseur-hopmann.de\/?product=ghd-classic-gold-glatteisen#primaryimage\",\"url\":\"https:\/\/www.friseur-hopmann.de\/wp-content\/uploads\/2016\/09\/ghd-classic.jpg\",\"contentUrl\":\"https:\/\/www.friseur-hopmann.de\/wp-content\/uploads\/2016\/09\/ghd-classic.jpg\",\"width\":500,\"height\":500},{\"@type\":\"BreadcrumbList\",\"@id\":\"https:\/\/www.friseur-hopmann.de\/?product=ghd-classic-gold-glatteisen#breadcrumb\",\"itemListElement\":[{\"@type\":\"ListItem\",\"position\":1,\"name\":\"Startseite\",\"item\":\"https:\/\/www.friseur-hopmann.de\/\"},{\"@type\":\"ListItem\",\"position\":2,\"name\":\"Produkte\",\"item\":\"https:\/\/www.friseur-hopmann.de\/?post_type=product\"},{\"@type\":\"ListItem\",\"position\":3,\"name\":\"ghd classic gold gl\u00e4tteisen\"}]},{\"@type\":\"WebSite\",\"@id\":\"https:\/\/www.friseur-hopmann.de\/#website\",\"url\":\"https:\/\/www.friseur-hopmann.de\/\",\"name\":\"Friseur Hopmann Hairstyling\",\"description\":\"Ihr Friseur in Nordhorn\",\"potentialAction\":[{\"@type\":\"SearchAction\",\"target\":{\"@type\":\"EntryPoint\",\"urlTemplate\":\"https:\/\/www.friseur-hopmann.de\/?s={search_term_string}\"},\"query-input\":{\"@type\":\"PropertyValueSpecification\",\"valueRequired\":true,\"valueName\":\"search_term_string\"}}],\"inLanguage\":\"de\"}]}<\/script>\n<!-- \/ Yoast SEO plugin. -->","yoast_head_json":{"title":"ghd classic gold gl\u00e4tteisen","robots":{"index":"index","follow":"follow","max-snippet":"max-snippet:-1","max-image-preview":"max-image-preview:large","max-video-preview":"max-video-preview:-1"},"canonical":"https:\/\/www.friseur-hopmann.de\/?product=ghd-classic-gold-glatteisen","og_locale":"de_DE","og_type":"article","og_title":"ghd classic gold gl\u00e4tteisen","og_description":"ghd Gold Classic Styler f\u00fcr alle Haarl\u00e4ngen  Egal welches Haar Sie haben, wir haben die atemberaubenden ghd Styler in der brandneuen ghd Gold Series.  Der \u00fcberragendste Styler aller Zeiten.  Perfekt f\u00fcr alle Haarl\u00e4ngen  Professionelles Finish f\u00fcr ultra-gl\u00e4nzende Ergebnisse","og_url":"https:\/\/www.friseur-hopmann.de\/?product=ghd-classic-gold-glatteisen","og_site_name":"Friseur Hopmann Hairstyling","article_modified_time":"2024-02-10T20:24:42+00:00","og_image":[{"width":500,"height":500,"url":"https:\/\/www.friseur-hopmann.de\/wp-content\/uploads\/2016\/09\/ghd-classic.jpg","type":"image\/jpeg"}],"twitter_card":"summary_large_image","twitter_misc":{"Gesch\u00e4tzte Lesezeit":"1\u00a0Minute"},"schema":{"@context":"https:\/\/schema.org","@graph":[{"@type":"WebPage","@id":"https:\/\/www.friseur-hopmann.de\/?product=ghd-classic-gold-glatteisen","url":"https:\/\/www.friseur-hopmann.de\/?product=ghd-classic-gold-glatteisen","name":"ghd classic gold gl\u00e4tteisen","isPartOf":{"@id":"https:\/\/www.friseur-hopmann.de\/#website"},"primaryImageOfPage":{"@id":"https:\/\/www.friseur-hopmann.de\/?product=ghd-classic-gold-glatteisen#primaryimage"},"image":{"@id":"https:\/\/www.friseur-hopmann.de\/?product=ghd-classic-gold-glatteisen#primaryimage"},"thumbnailUrl":"https:\/\/www.friseur-hopmann.de\/wp-content\/uploads\/2016\/09\/ghd-classic.jpg","datePublished":"2016-09-23T08:05:04+00:00","dateModified":"2024-02-10T20:24:42+00:00","breadcrumb":{"@id":"https:\/\/www.friseur-hopmann.de\/?product=ghd-classic-gold-glatteisen#breadcrumb"},"inLanguage":"de","potentialAction":[{"@type":"ReadAction","target":["https:\/\/www.friseur-hopmann.de\/?product=ghd-classic-gold-glatteisen"]}]},{"@type":"ImageObject","inLanguage":"de","@id":"https:\/\/www.friseur-hopmann.de\/?product=ghd-classic-gold-glatteisen#primaryimage","url":"https:\/\/www.friseur-hopmann.de\/wp-content\/uploads\/2016\/09\/ghd-classic.jpg","contentUrl":"https:\/\/www.friseur-hopmann.de\/wp-content\/uploads\/2016\/09\/ghd-classic.jpg","width":500,"height":500},{"@type":"BreadcrumbList","@id":"https:\/\/www.friseur-hopmann.de\/?product=ghd-classic-gold-glatteisen#breadcrumb","itemListElement":[{"@type":"ListItem","position":1,"name":"Startseite","item":"https:\/\/www.friseur-hopmann.de\/"},{"@type":"ListItem","position":2,"name":"Produkte","item":"https:\/\/www.friseur-hopmann.de\/?post_type=product"},{"@type":"ListItem","position":3,"name":"ghd classic gold gl\u00e4tteisen"}]},{"@type":"WebSite","@id":"https:\/\/www.friseur-hopmann.de\/#website","url":"https:\/\/www.friseur-hopmann.de\/","name":"Friseur Hopmann Hairstyling","description":"Ihr Friseur in Nordhorn","potentialAction":[{"@type":"SearchAction","target":{"@type":"EntryPoint","urlTemplate":"https:\/\/www.friseur-hopmann.de\/?s={search_term_string}"},"query-input":{"@type":"PropertyValueSpecification","valueRequired":true,"valueName":"search_term_string"}}],"inLanguage":"de"}]}},"brands":[],"_links":{"self":[{"href":"https:\/\/www.friseur-hopmann.de\/index.php?rest_route=\/wp\/v2\/product\/8752","targetHints":{"allow":["GET"]}}],"collection":[{"href":"https:\/\/www.friseur-hopmann.de\/index.php?rest_route=\/wp\/v2\/product"}],"about":[{"href":"https:\/\/www.friseur-hopmann.de\/index.php?rest_route=\/wp\/v2\/types\/product"}],"replies":[{"embeddable":true,"href":"https:\/\/www.friseur-hopmann.de\/index.php?rest_route=%2Fwp%2Fv2%2Fcomments&post=8752"}],"wp:featuredmedia":[{"embeddable":true,"href":"https:\/\/www.friseur-hopmann.de\/index.php?rest_route=\/wp\/v2\/media\/13572"}],"wp:attachment":[{"href":"https:\/\/www.friseur-hopmann.de\/index.php?rest_route=%2Fwp%2Fv2%2Fmedia&parent=8752"}],"wp:term":[{"taxonomy":"pwb-brand","embeddable":true,"href":"https:\/\/www.friseur-hopmann.de\/index.php?rest_route=%2Fwp%2Fv2%2Fpwb-brand&post=8752"},{"taxonomy":"product_brand","embeddable":true,"href":"https:\/\/www.friseur-hopmann.de\/index.php?rest_route=%2Fwp%2Fv2%2Fproduct_brand&post=8752"},{"taxonomy":"product_cat","embeddable":true,"href":"https:\/\/www.friseur-hopmann.de\/index.php?rest_route=%2Fwp%2Fv2%2Fproduct_cat&post=8752"},{"taxonomy":"product_tag","embeddable":true,"href":"https:\/\/www.friseur-hopmann.de\/index.php?rest_route=%2Fwp%2Fv2%2Fproduct_tag&post=8752"}],"curies":[{"name":"wp","href":"https:\/\/api.w.org\/{rel}","templated":true}]}}