{"id":8630,"date":"2009-01-17T10:05:03","date_gmt":"2009-01-17T08:05:03","guid":{"rendered":"http:\/\/www.friseur-hopmann.de\/?post_type=product&#038;p=8630"},"modified":"2024-05-05T22:26:36","modified_gmt":"2024-05-05T20:26:36","slug":"fohn-sahira-color","status":"publish","type":"product","link":"https:\/\/www.friseur-hopmann.de\/?product=fohn-sahira-color","title":{"rendered":"F\u00f6hn Sahira (Modell COLOR) Super-Ionentechnologie 2000 Watt"},"content":{"rendered":"<p>Power-Trocknen mit elektronischer Temperaturreglung !!!<br \/>\nAC-Motor, 2000 W Heizleistung und lange Lebensdauer, ca. 1500 Std. Sehr hohe Luftmenge f\u00fcr schnelles Trocknen und perfektes Stylen. Elektronisch gesteuerte Temperaturreglung. Super-Ionentechnologie mit permanenten Ionenaussto\u00df f\u00fcr gepflegtes, nat\u00fcrlich gl\u00e4nzendes Haar.<br \/>\nExzellenter Bedienkomfort!!!<br \/>\nKompakte, ergonomisch perfekte Form mit optimaler Balance f\u00fcr komfortables Handling. Soft-Touch Bedienungskn\u00f6pfe f\u00fcr vier Temperatur- und zwei Gebl\u00e4sestufen. Soft-Touch-Beschichtung im Griffbereich f\u00fcr festen Halt, mit integrierten Anti-Rutsch-Noppen. Beidseitige LED-Anzeige der jeweiligen Temperaturstufe.<br \/>\nEinfaches Reinigen!!!<br \/>\nFeingliedriger Filter verhindert das Eindringen von Schmutzpartikeln und Haaren. Einfache Reinigung des Filters durch Abwischen von au\u00dfen.<br \/>\nZwei Griffpositionen!!!<br \/>\nZus\u00e4tzliche Griffpositionen am schmalen Ausblasrohr. Geh\u00e4usek\u00fchlung des Ausblasrohrs durch doppelte Rohrwandung mit aktiver Kaltzufuhr. Zwei Kalttasten, f\u00fcr jede Griffposition eine.<br \/>\nFaszinierendes Design mit dynamischer Linienf\u00fchrung. Im exklusivem Matt-und Hochglanz Schwarz<\/p>\n","protected":false},"excerpt":{"rendered":"<p>F\u00f6hn Sahira (COLOR)<\/p>\n<p>Power-Trocknen mit elektronischer Temperaturreglung !!!<br \/>\nSehr hohe Luftmenge f\u00fcr schnelles Trocknen und perfektes stylen.<\/p>\n","protected":false},"featured_media":8631,"comment_status":"open","ping_status":"closed","template":"","meta":{"_exactmetrics_skip_tracking":false,"_exactmetrics_sitenote_active":false,"_exactmetrics_sitenote_note":"","_exactmetrics_sitenote_category":0,"_monsterinsights_skip_tracking":false,"_monsterinsights_sitenote_active":false,"_monsterinsights_sitenote_note":"","_monsterinsights_sitenote_category":0},"pwb-brand":[],"product_brand":[614],"product_cat":[504,593,703],"product_tag":[],"class_list":{"0":"post-8630","1":"product","2":"type-product","3":"status-publish","4":"has-post-thumbnail","6":"product_brand-wella-2","7":"product_cat-gerate","8":"product_cat-styling-ger-te","9":"product_cat-sale","11":"first","12":"instock","13":"sale","14":"taxable","15":"shipping-taxable","16":"purchasable","17":"product-type-simple"},"yoast_head":"<!-- This site is optimized with the Yoast SEO plugin v24.6 - https:\/\/yoast.com\/wordpress\/plugins\/seo\/ -->\n<title>F\u00f6hn Sahira (COLOR)<\/title>\n<meta name=\"robots\" content=\"index, follow, max-snippet:-1, max-image-preview:large, max-video-preview:-1\" \/>\n<link rel=\"canonical\" href=\"https:\/\/www.friseur-hopmann.de\/?product=fohn-sahira-color\" \/>\n<meta property=\"og:locale\" content=\"de_DE\" \/>\n<meta property=\"og:type\" content=\"article\" \/>\n<meta property=\"og:title\" content=\"F\u00f6hn Sahira (COLOR)\" \/>\n<meta property=\"og:description\" content=\"F\u00f6hn Sahira (COLOR)  Power-Trocknen mit elektronischer Temperaturreglung !!! Sehr hohe Luftmenge f\u00fcr schnelles Trocknen und perfektes stylen.\" \/>\n<meta property=\"og:url\" content=\"https:\/\/www.friseur-hopmann.de\/?product=fohn-sahira-color\" \/>\n<meta property=\"og:site_name\" content=\"Friseur Hopmann Hairstyling\" \/>\n<meta property=\"article:modified_time\" content=\"2024-05-05T20:26:36+00:00\" \/>\n<meta property=\"og:image\" content=\"https:\/\/www.friseur-hopmann.de\/wp-content\/uploads\/2013\/03\/p-8630-7276.jpg\" \/>\n\t<meta property=\"og:image:width\" content=\"400\" \/>\n\t<meta property=\"og:image:height\" content=\"600\" \/>\n\t<meta property=\"og:image:type\" content=\"image\/jpeg\" \/>\n<meta name=\"twitter:card\" content=\"summary_large_image\" \/>\n<meta name=\"twitter:label1\" content=\"Gesch\u00e4tzte Lesezeit\" \/>\n\t<meta name=\"twitter:data1\" content=\"1\u00a0Minute\" \/>\n<script type=\"application\/ld+json\" class=\"yoast-schema-graph\">{\"@context\":\"https:\/\/schema.org\",\"@graph\":[{\"@type\":\"WebPage\",\"@id\":\"https:\/\/www.friseur-hopmann.de\/?product=fohn-sahira-color\",\"url\":\"https:\/\/www.friseur-hopmann.de\/?product=fohn-sahira-color\",\"name\":\"F\u00f6hn Sahira (COLOR)\",\"isPartOf\":{\"@id\":\"https:\/\/www.friseur-hopmann.de\/#website\"},\"primaryImageOfPage\":{\"@id\":\"https:\/\/www.friseur-hopmann.de\/?product=fohn-sahira-color#primaryimage\"},\"image\":{\"@id\":\"https:\/\/www.friseur-hopmann.de\/?product=fohn-sahira-color#primaryimage\"},\"thumbnailUrl\":\"https:\/\/www.friseur-hopmann.de\/wp-content\/uploads\/2013\/03\/p-8630-7276.jpg\",\"datePublished\":\"2009-01-17T08:05:03+00:00\",\"dateModified\":\"2024-05-05T20:26:36+00:00\",\"breadcrumb\":{\"@id\":\"https:\/\/www.friseur-hopmann.de\/?product=fohn-sahira-color#breadcrumb\"},\"inLanguage\":\"de\",\"potentialAction\":[{\"@type\":\"ReadAction\",\"target\":[\"https:\/\/www.friseur-hopmann.de\/?product=fohn-sahira-color\"]}]},{\"@type\":\"ImageObject\",\"inLanguage\":\"de\",\"@id\":\"https:\/\/www.friseur-hopmann.de\/?product=fohn-sahira-color#primaryimage\",\"url\":\"https:\/\/www.friseur-hopmann.de\/wp-content\/uploads\/2013\/03\/p-8630-7276.jpg\",\"contentUrl\":\"https:\/\/www.friseur-hopmann.de\/wp-content\/uploads\/2013\/03\/p-8630-7276.jpg\",\"width\":400,\"height\":600,\"caption\":\"F\u00f6hn Sahira (COLOR)\"},{\"@type\":\"BreadcrumbList\",\"@id\":\"https:\/\/www.friseur-hopmann.de\/?product=fohn-sahira-color#breadcrumb\",\"itemListElement\":[{\"@type\":\"ListItem\",\"position\":1,\"name\":\"Startseite\",\"item\":\"https:\/\/www.friseur-hopmann.de\/\"},{\"@type\":\"ListItem\",\"position\":2,\"name\":\"Produkte\",\"item\":\"https:\/\/www.friseur-hopmann.de\/?post_type=product\"},{\"@type\":\"ListItem\",\"position\":3,\"name\":\"F\u00f6hn Sahira (Modell COLOR) Super-Ionentechnologie 2000 Watt\"}]},{\"@type\":\"WebSite\",\"@id\":\"https:\/\/www.friseur-hopmann.de\/#website\",\"url\":\"https:\/\/www.friseur-hopmann.de\/\",\"name\":\"Friseur Hopmann Hairstyling\",\"description\":\"Ihr Friseur in Nordhorn\",\"potentialAction\":[{\"@type\":\"SearchAction\",\"target\":{\"@type\":\"EntryPoint\",\"urlTemplate\":\"https:\/\/www.friseur-hopmann.de\/?s={search_term_string}\"},\"query-input\":{\"@type\":\"PropertyValueSpecification\",\"valueRequired\":true,\"valueName\":\"search_term_string\"}}],\"inLanguage\":\"de\"}]}<\/script>\n<!-- \/ Yoast SEO plugin. -->","yoast_head_json":{"title":"F\u00f6hn Sahira (COLOR)","robots":{"index":"index","follow":"follow","max-snippet":"max-snippet:-1","max-image-preview":"max-image-preview:large","max-video-preview":"max-video-preview:-1"},"canonical":"https:\/\/www.friseur-hopmann.de\/?product=fohn-sahira-color","og_locale":"de_DE","og_type":"article","og_title":"F\u00f6hn Sahira (COLOR)","og_description":"F\u00f6hn Sahira (COLOR)  Power-Trocknen mit elektronischer Temperaturreglung !!! Sehr hohe Luftmenge f\u00fcr schnelles Trocknen und perfektes stylen.","og_url":"https:\/\/www.friseur-hopmann.de\/?product=fohn-sahira-color","og_site_name":"Friseur Hopmann Hairstyling","article_modified_time":"2024-05-05T20:26:36+00:00","og_image":[{"width":400,"height":600,"url":"https:\/\/www.friseur-hopmann.de\/wp-content\/uploads\/2013\/03\/p-8630-7276.jpg","type":"image\/jpeg"}],"twitter_card":"summary_large_image","twitter_misc":{"Gesch\u00e4tzte Lesezeit":"1\u00a0Minute"},"schema":{"@context":"https:\/\/schema.org","@graph":[{"@type":"WebPage","@id":"https:\/\/www.friseur-hopmann.de\/?product=fohn-sahira-color","url":"https:\/\/www.friseur-hopmann.de\/?product=fohn-sahira-color","name":"F\u00f6hn Sahira (COLOR)","isPartOf":{"@id":"https:\/\/www.friseur-hopmann.de\/#website"},"primaryImageOfPage":{"@id":"https:\/\/www.friseur-hopmann.de\/?product=fohn-sahira-color#primaryimage"},"image":{"@id":"https:\/\/www.friseur-hopmann.de\/?product=fohn-sahira-color#primaryimage"},"thumbnailUrl":"https:\/\/www.friseur-hopmann.de\/wp-content\/uploads\/2013\/03\/p-8630-7276.jpg","datePublished":"2009-01-17T08:05:03+00:00","dateModified":"2024-05-05T20:26:36+00:00","breadcrumb":{"@id":"https:\/\/www.friseur-hopmann.de\/?product=fohn-sahira-color#breadcrumb"},"inLanguage":"de","potentialAction":[{"@type":"ReadAction","target":["https:\/\/www.friseur-hopmann.de\/?product=fohn-sahira-color"]}]},{"@type":"ImageObject","inLanguage":"de","@id":"https:\/\/www.friseur-hopmann.de\/?product=fohn-sahira-color#primaryimage","url":"https:\/\/www.friseur-hopmann.de\/wp-content\/uploads\/2013\/03\/p-8630-7276.jpg","contentUrl":"https:\/\/www.friseur-hopmann.de\/wp-content\/uploads\/2013\/03\/p-8630-7276.jpg","width":400,"height":600,"caption":"F\u00f6hn Sahira (COLOR)"},{"@type":"BreadcrumbList","@id":"https:\/\/www.friseur-hopmann.de\/?product=fohn-sahira-color#breadcrumb","itemListElement":[{"@type":"ListItem","position":1,"name":"Startseite","item":"https:\/\/www.friseur-hopmann.de\/"},{"@type":"ListItem","position":2,"name":"Produkte","item":"https:\/\/www.friseur-hopmann.de\/?post_type=product"},{"@type":"ListItem","position":3,"name":"F\u00f6hn Sahira (Modell COLOR) Super-Ionentechnologie 2000 Watt"}]},{"@type":"WebSite","@id":"https:\/\/www.friseur-hopmann.de\/#website","url":"https:\/\/www.friseur-hopmann.de\/","name":"Friseur Hopmann Hairstyling","description":"Ihr Friseur in Nordhorn","potentialAction":[{"@type":"SearchAction","target":{"@type":"EntryPoint","urlTemplate":"https:\/\/www.friseur-hopmann.de\/?s={search_term_string}"},"query-input":{"@type":"PropertyValueSpecification","valueRequired":true,"valueName":"search_term_string"}}],"inLanguage":"de"}]}},"brands":[],"_links":{"self":[{"href":"https:\/\/www.friseur-hopmann.de\/index.php?rest_route=\/wp\/v2\/product\/8630","targetHints":{"allow":["GET"]}}],"collection":[{"href":"https:\/\/www.friseur-hopmann.de\/index.php?rest_route=\/wp\/v2\/product"}],"about":[{"href":"https:\/\/www.friseur-hopmann.de\/index.php?rest_route=\/wp\/v2\/types\/product"}],"replies":[{"embeddable":true,"href":"https:\/\/www.friseur-hopmann.de\/index.php?rest_route=%2Fwp%2Fv2%2Fcomments&post=8630"}],"wp:featuredmedia":[{"embeddable":true,"href":"https:\/\/www.friseur-hopmann.de\/index.php?rest_route=\/wp\/v2\/media\/8631"}],"wp:attachment":[{"href":"https:\/\/www.friseur-hopmann.de\/index.php?rest_route=%2Fwp%2Fv2%2Fmedia&parent=8630"}],"wp:term":[{"taxonomy":"pwb-brand","embeddable":true,"href":"https:\/\/www.friseur-hopmann.de\/index.php?rest_route=%2Fwp%2Fv2%2Fpwb-brand&post=8630"},{"taxonomy":"product_brand","embeddable":true,"href":"https:\/\/www.friseur-hopmann.de\/index.php?rest_route=%2Fwp%2Fv2%2Fproduct_brand&post=8630"},{"taxonomy":"product_cat","embeddable":true,"href":"https:\/\/www.friseur-hopmann.de\/index.php?rest_route=%2Fwp%2Fv2%2Fproduct_cat&post=8630"},{"taxonomy":"product_tag","embeddable":true,"href":"https:\/\/www.friseur-hopmann.de\/index.php?rest_route=%2Fwp%2Fv2%2Fproduct_tag&post=8630"}],"curies":[{"name":"wp","href":"https:\/\/api.w.org\/{rel}","templated":true}]}}