{"id":8549,"date":"2007-12-07T10:05:03","date_gmt":"2007-12-07T08:05:03","guid":{"rendered":"http:\/\/www.friseur-hopmann.de\/?post_type=product&#038;p=8549"},"modified":"2026-01-03T09:14:50","modified_gmt":"2026-01-03T07:14:50","slug":"mason-pearson-handy-bristol-nylon-bn3","status":"publish","type":"product","link":"https:\/\/www.friseur-hopmann.de\/?product=mason-pearson-handy-bristol-nylon-bn3","title":{"rendered":"Mason Pearson Handy Bristol &amp; Nylon BN3"},"content":{"rendered":"<p>Mason Pearson &#8211; die Top-Marke f\u00fcr feinste Haarb\u00fcrsten vom Erfinder der Pneumatik-B\u00fcrste. F\u00fcr die Herstellung werden nur allerbeste Materialien und absolut reine Wildschweinborsten, die handverlesen werden, verwendet. Die Qualit\u00e4t ist einzigartig und un\u00fcbertroffen. Das Modell Handy Bristol &amp; Nylon BN3, 12 reihig, besteht zu 50% aus Wildschweinborste und 50% Nylon. Besonders geeignet f\u00fcr langes und sehr langes, normales Haar. Farbe: schwarz, B\u00fcrste inkl cleaner<\/p>\n","protected":false},"excerpt":{"rendered":"<p>Mason Pearson &#8211; die Top-Marke f\u00fcr feinste Haarb\u00fcrsten<\/p>\n<p>Besonders geeignet f\u00fcr langes und sehr langes Haar.<\/p>\n<p>Farbe: schwarz, B\u00fcrste inkl cleaner<\/p>\n","protected":false},"featured_media":8550,"comment_status":"open","ping_status":"closed","template":"","meta":{"_exactmetrics_skip_tracking":false,"_exactmetrics_sitenote_active":false,"_exactmetrics_sitenote_note":"","_exactmetrics_sitenote_category":0,"_monsterinsights_skip_tracking":false,"_monsterinsights_sitenote_active":false,"_monsterinsights_sitenote_note":"","_monsterinsights_sitenote_category":0},"pwb-brand":[],"product_brand":[611],"product_cat":[505],"product_tag":[],"class_list":{"0":"post-8549","1":"product","2":"type-product","3":"status-publish","4":"has-post-thumbnail","6":"product_brand-mason-pearson","7":"product_cat-bursten-kamme","9":"first","10":"instock","11":"taxable","12":"shipping-taxable","13":"purchasable","14":"product-type-simple"},"yoast_head":"<!-- This site is optimized with the Yoast SEO plugin v24.6 - https:\/\/yoast.com\/wordpress\/plugins\/seo\/ -->\n<title>Mason Pearson Handy Bristol &amp; Nylon BN3<\/title>\n<meta name=\"robots\" content=\"index, follow, max-snippet:-1, max-image-preview:large, max-video-preview:-1\" \/>\n<link rel=\"canonical\" href=\"https:\/\/www.friseur-hopmann.de\/?product=mason-pearson-handy-bristol-nylon-bn3\" \/>\n<meta property=\"og:locale\" content=\"de_DE\" \/>\n<meta property=\"og:type\" content=\"article\" \/>\n<meta property=\"og:title\" content=\"Mason Pearson Handy Bristol &amp; Nylon BN3\" \/>\n<meta property=\"og:description\" content=\"Mason Pearson - die Top-Marke f\u00fcr feinste Haarb\u00fcrsten  Besonders geeignet f\u00fcr langes und sehr langes Haar.  Farbe: schwarz, B\u00fcrste inkl cleaner\" \/>\n<meta property=\"og:url\" content=\"https:\/\/www.friseur-hopmann.de\/?product=mason-pearson-handy-bristol-nylon-bn3\" \/>\n<meta property=\"og:site_name\" content=\"Friseur Hopmann Hairstyling\" \/>\n<meta property=\"article:modified_time\" content=\"2026-01-03T07:14:50+00:00\" \/>\n<meta property=\"og:image\" content=\"http:\/\/www.friseur-hopmann.de\/wp-content\/uploads\/2013\/03\/p-8549-Hopmann_062.jpg\" \/>\n\t<meta property=\"og:image:width\" content=\"342\" \/>\n\t<meta property=\"og:image:height\" content=\"534\" \/>\n\t<meta property=\"og:image:type\" content=\"image\/jpeg\" \/>\n<meta name=\"twitter:card\" content=\"summary_large_image\" \/>\n<script type=\"application\/ld+json\" class=\"yoast-schema-graph\">{\"@context\":\"https:\/\/schema.org\",\"@graph\":[{\"@type\":\"WebPage\",\"@id\":\"https:\/\/www.friseur-hopmann.de\/?product=mason-pearson-handy-bristol-nylon-bn3\",\"url\":\"https:\/\/www.friseur-hopmann.de\/?product=mason-pearson-handy-bristol-nylon-bn3\",\"name\":\"Mason Pearson Handy Bristol & Nylon BN3\",\"isPartOf\":{\"@id\":\"https:\/\/www.friseur-hopmann.de\/#website\"},\"primaryImageOfPage\":{\"@id\":\"https:\/\/www.friseur-hopmann.de\/?product=mason-pearson-handy-bristol-nylon-bn3#primaryimage\"},\"image\":{\"@id\":\"https:\/\/www.friseur-hopmann.de\/?product=mason-pearson-handy-bristol-nylon-bn3#primaryimage\"},\"thumbnailUrl\":\"https:\/\/www.friseur-hopmann.de\/wp-content\/uploads\/2013\/03\/p-8549-Hopmann_062.jpg\",\"datePublished\":\"2007-12-07T08:05:03+00:00\",\"dateModified\":\"2026-01-03T07:14:50+00:00\",\"breadcrumb\":{\"@id\":\"https:\/\/www.friseur-hopmann.de\/?product=mason-pearson-handy-bristol-nylon-bn3#breadcrumb\"},\"inLanguage\":\"de\",\"potentialAction\":[{\"@type\":\"ReadAction\",\"target\":[\"https:\/\/www.friseur-hopmann.de\/?product=mason-pearson-handy-bristol-nylon-bn3\"]}]},{\"@type\":\"ImageObject\",\"inLanguage\":\"de\",\"@id\":\"https:\/\/www.friseur-hopmann.de\/?product=mason-pearson-handy-bristol-nylon-bn3#primaryimage\",\"url\":\"https:\/\/www.friseur-hopmann.de\/wp-content\/uploads\/2013\/03\/p-8549-Hopmann_062.jpg\",\"contentUrl\":\"https:\/\/www.friseur-hopmann.de\/wp-content\/uploads\/2013\/03\/p-8549-Hopmann_062.jpg\",\"width\":342,\"height\":534,\"caption\":\"Mason Pearson Handy Bristol & Nylon BN3\"},{\"@type\":\"BreadcrumbList\",\"@id\":\"https:\/\/www.friseur-hopmann.de\/?product=mason-pearson-handy-bristol-nylon-bn3#breadcrumb\",\"itemListElement\":[{\"@type\":\"ListItem\",\"position\":1,\"name\":\"Startseite\",\"item\":\"https:\/\/www.friseur-hopmann.de\/\"},{\"@type\":\"ListItem\",\"position\":2,\"name\":\"Produkte\",\"item\":\"https:\/\/www.friseur-hopmann.de\/?post_type=product\"},{\"@type\":\"ListItem\",\"position\":3,\"name\":\"Mason Pearson Handy Bristol &amp; Nylon BN3\"}]},{\"@type\":\"WebSite\",\"@id\":\"https:\/\/www.friseur-hopmann.de\/#website\",\"url\":\"https:\/\/www.friseur-hopmann.de\/\",\"name\":\"Friseur Hopmann Hairstyling\",\"description\":\"Ihr Friseur in Nordhorn\",\"potentialAction\":[{\"@type\":\"SearchAction\",\"target\":{\"@type\":\"EntryPoint\",\"urlTemplate\":\"https:\/\/www.friseur-hopmann.de\/?s={search_term_string}\"},\"query-input\":{\"@type\":\"PropertyValueSpecification\",\"valueRequired\":true,\"valueName\":\"search_term_string\"}}],\"inLanguage\":\"de\"}]}<\/script>\n<!-- \/ Yoast SEO plugin. -->","yoast_head_json":{"title":"Mason Pearson Handy Bristol & Nylon BN3","robots":{"index":"index","follow":"follow","max-snippet":"max-snippet:-1","max-image-preview":"max-image-preview:large","max-video-preview":"max-video-preview:-1"},"canonical":"https:\/\/www.friseur-hopmann.de\/?product=mason-pearson-handy-bristol-nylon-bn3","og_locale":"de_DE","og_type":"article","og_title":"Mason Pearson Handy Bristol & Nylon BN3","og_description":"Mason Pearson - die Top-Marke f\u00fcr feinste Haarb\u00fcrsten  Besonders geeignet f\u00fcr langes und sehr langes Haar.  Farbe: schwarz, B\u00fcrste inkl cleaner","og_url":"https:\/\/www.friseur-hopmann.de\/?product=mason-pearson-handy-bristol-nylon-bn3","og_site_name":"Friseur Hopmann Hairstyling","article_modified_time":"2026-01-03T07:14:50+00:00","og_image":[{"width":342,"height":534,"url":"http:\/\/www.friseur-hopmann.de\/wp-content\/uploads\/2013\/03\/p-8549-Hopmann_062.jpg","type":"image\/jpeg"}],"twitter_card":"summary_large_image","schema":{"@context":"https:\/\/schema.org","@graph":[{"@type":"WebPage","@id":"https:\/\/www.friseur-hopmann.de\/?product=mason-pearson-handy-bristol-nylon-bn3","url":"https:\/\/www.friseur-hopmann.de\/?product=mason-pearson-handy-bristol-nylon-bn3","name":"Mason Pearson Handy Bristol & Nylon BN3","isPartOf":{"@id":"https:\/\/www.friseur-hopmann.de\/#website"},"primaryImageOfPage":{"@id":"https:\/\/www.friseur-hopmann.de\/?product=mason-pearson-handy-bristol-nylon-bn3#primaryimage"},"image":{"@id":"https:\/\/www.friseur-hopmann.de\/?product=mason-pearson-handy-bristol-nylon-bn3#primaryimage"},"thumbnailUrl":"https:\/\/www.friseur-hopmann.de\/wp-content\/uploads\/2013\/03\/p-8549-Hopmann_062.jpg","datePublished":"2007-12-07T08:05:03+00:00","dateModified":"2026-01-03T07:14:50+00:00","breadcrumb":{"@id":"https:\/\/www.friseur-hopmann.de\/?product=mason-pearson-handy-bristol-nylon-bn3#breadcrumb"},"inLanguage":"de","potentialAction":[{"@type":"ReadAction","target":["https:\/\/www.friseur-hopmann.de\/?product=mason-pearson-handy-bristol-nylon-bn3"]}]},{"@type":"ImageObject","inLanguage":"de","@id":"https:\/\/www.friseur-hopmann.de\/?product=mason-pearson-handy-bristol-nylon-bn3#primaryimage","url":"https:\/\/www.friseur-hopmann.de\/wp-content\/uploads\/2013\/03\/p-8549-Hopmann_062.jpg","contentUrl":"https:\/\/www.friseur-hopmann.de\/wp-content\/uploads\/2013\/03\/p-8549-Hopmann_062.jpg","width":342,"height":534,"caption":"Mason Pearson Handy Bristol & Nylon BN3"},{"@type":"BreadcrumbList","@id":"https:\/\/www.friseur-hopmann.de\/?product=mason-pearson-handy-bristol-nylon-bn3#breadcrumb","itemListElement":[{"@type":"ListItem","position":1,"name":"Startseite","item":"https:\/\/www.friseur-hopmann.de\/"},{"@type":"ListItem","position":2,"name":"Produkte","item":"https:\/\/www.friseur-hopmann.de\/?post_type=product"},{"@type":"ListItem","position":3,"name":"Mason Pearson Handy Bristol &amp; Nylon BN3"}]},{"@type":"WebSite","@id":"https:\/\/www.friseur-hopmann.de\/#website","url":"https:\/\/www.friseur-hopmann.de\/","name":"Friseur Hopmann Hairstyling","description":"Ihr Friseur in Nordhorn","potentialAction":[{"@type":"SearchAction","target":{"@type":"EntryPoint","urlTemplate":"https:\/\/www.friseur-hopmann.de\/?s={search_term_string}"},"query-input":{"@type":"PropertyValueSpecification","valueRequired":true,"valueName":"search_term_string"}}],"inLanguage":"de"}]}},"brands":[],"_links":{"self":[{"href":"https:\/\/www.friseur-hopmann.de\/index.php?rest_route=\/wp\/v2\/product\/8549","targetHints":{"allow":["GET"]}}],"collection":[{"href":"https:\/\/www.friseur-hopmann.de\/index.php?rest_route=\/wp\/v2\/product"}],"about":[{"href":"https:\/\/www.friseur-hopmann.de\/index.php?rest_route=\/wp\/v2\/types\/product"}],"replies":[{"embeddable":true,"href":"https:\/\/www.friseur-hopmann.de\/index.php?rest_route=%2Fwp%2Fv2%2Fcomments&post=8549"}],"wp:featuredmedia":[{"embeddable":true,"href":"https:\/\/www.friseur-hopmann.de\/index.php?rest_route=\/wp\/v2\/media\/8550"}],"wp:attachment":[{"href":"https:\/\/www.friseur-hopmann.de\/index.php?rest_route=%2Fwp%2Fv2%2Fmedia&parent=8549"}],"wp:term":[{"taxonomy":"pwb-brand","embeddable":true,"href":"https:\/\/www.friseur-hopmann.de\/index.php?rest_route=%2Fwp%2Fv2%2Fpwb-brand&post=8549"},{"taxonomy":"product_brand","embeddable":true,"href":"https:\/\/www.friseur-hopmann.de\/index.php?rest_route=%2Fwp%2Fv2%2Fproduct_brand&post=8549"},{"taxonomy":"product_cat","embeddable":true,"href":"https:\/\/www.friseur-hopmann.de\/index.php?rest_route=%2Fwp%2Fv2%2Fproduct_cat&post=8549"},{"taxonomy":"product_tag","embeddable":true,"href":"https:\/\/www.friseur-hopmann.de\/index.php?rest_route=%2Fwp%2Fv2%2Fproduct_tag&post=8549"}],"curies":[{"name":"wp","href":"https:\/\/api.w.org\/{rel}","templated":true}]}}