{"id":8519,"date":"2007-07-14T10:05:03","date_gmt":"2007-07-14T08:05:03","guid":{"rendered":"http:\/\/www.friseur-hopmann.de\/?post_type=product&#038;p=8519"},"modified":"2021-01-10T16:42:01","modified_gmt":"2021-01-10T14:42:01","slug":"haarspray-performance-300ml","status":"publish","type":"product","link":"https:\/\/www.friseur-hopmann.de\/?product=haarspray-performance-300ml","title":{"rendered":"Haarspray Performance 300ml"},"content":{"rendered":"<h3>Produktbeschreibung:<\/h3>\n<p>HAARSPRAY PERFORMANCE<br \/>\nF\u00fcr professionelles Finish.<br \/>\nSicherer Halt f\u00fcr alle Frisurentypen.<br \/>\nL\u00e4sst sich leicht und r\u00fcckstandslos ausb\u00fcrsten.<br \/>\nVon Profis verwendet.<\/p>\n<h3>Zielgruppe:<\/h3>\n<p>F\u00fcr alle Haarqualit\u00e4ten<\/p>\n<h3>Anwendung:<\/h3>\n<p>Ins trockene Haar spr\u00fchen<\/p>\n<p><strong>Inhalt:<\/strong> 300 ml<\/p>\n","protected":false},"excerpt":{"rendered":"<p>HAARSPRAY PERFORMANCE<br \/>\nF\u00fcr professionelles Finish.<br \/>\nSicherer Halt f\u00fcr alle Frisurentypen.<\/p>\n","protected":false},"featured_media":8520,"comment_status":"open","ping_status":"closed","template":"","meta":{"_exactmetrics_skip_tracking":false,"_exactmetrics_sitenote_active":false,"_exactmetrics_sitenote_note":"","_exactmetrics_sitenote_category":0,"_monsterinsights_skip_tracking":false,"_monsterinsights_sitenote_active":false,"_monsterinsights_sitenote_note":"","_monsterinsights_sitenote_category":0},"pwb-brand":[],"product_brand":[614],"product_cat":[507,563,586,656],"product_tag":[],"class_list":{"0":"post-8519","1":"product","2":"type-product","3":"status-publish","4":"has-post-thumbnail","6":"product_brand-wella-2","7":"product_cat-wella","8":"product_cat-wella-haarspray","9":"product_cat-wella-professionals-eimi","10":"product_cat-eimi-hairspray","11":"pa_inhalt-621","13":"first","14":"instock","15":"taxable","16":"shipping-taxable","17":"purchasable","18":"product-type-simple"},"yoast_head":"<!-- This site is optimized with the Yoast SEO plugin v24.6 - https:\/\/yoast.com\/wordpress\/plugins\/seo\/ -->\n<title>Haarspray Performance 300ml<\/title>\n<meta name=\"robots\" content=\"index, follow, max-snippet:-1, max-image-preview:large, max-video-preview:-1\" \/>\n<link rel=\"canonical\" href=\"https:\/\/www.friseur-hopmann.de\/?product=haarspray-performance-300ml\" \/>\n<meta property=\"og:locale\" content=\"de_DE\" \/>\n<meta property=\"og:type\" content=\"article\" \/>\n<meta property=\"og:title\" content=\"Haarspray Performance 300ml\" \/>\n<meta property=\"og:description\" content=\"HAARSPRAY PERFORMANCE F\u00fcr professionelles Finish. Sicherer Halt f\u00fcr alle Frisurentypen.\" \/>\n<meta property=\"og:url\" content=\"https:\/\/www.friseur-hopmann.de\/?product=haarspray-performance-300ml\" \/>\n<meta property=\"og:site_name\" content=\"Friseur Hopmann Hairstyling\" \/>\n<meta property=\"article:modified_time\" content=\"2021-01-10T14:42:01+00:00\" \/>\n<meta property=\"og:image\" content=\"https:\/\/www.friseur-hopmann.de\/wp-content\/uploads\/2013\/03\/p-8519-wella_5322_performance-haarspray_300-ml.o.jpg\" \/>\n\t<meta property=\"og:image:width\" content=\"199\" \/>\n\t<meta property=\"og:image:height\" content=\"300\" \/>\n\t<meta property=\"og:image:type\" content=\"image\/jpeg\" \/>\n<meta name=\"twitter:card\" content=\"summary_large_image\" \/>\n<script type=\"application\/ld+json\" class=\"yoast-schema-graph\">{\"@context\":\"https:\/\/schema.org\",\"@graph\":[{\"@type\":\"WebPage\",\"@id\":\"https:\/\/www.friseur-hopmann.de\/?product=haarspray-performance-300ml\",\"url\":\"https:\/\/www.friseur-hopmann.de\/?product=haarspray-performance-300ml\",\"name\":\"Haarspray Performance 300ml\",\"isPartOf\":{\"@id\":\"https:\/\/www.friseur-hopmann.de\/#website\"},\"primaryImageOfPage\":{\"@id\":\"https:\/\/www.friseur-hopmann.de\/?product=haarspray-performance-300ml#primaryimage\"},\"image\":{\"@id\":\"https:\/\/www.friseur-hopmann.de\/?product=haarspray-performance-300ml#primaryimage\"},\"thumbnailUrl\":\"https:\/\/www.friseur-hopmann.de\/wp-content\/uploads\/2013\/03\/p-8519-wella_5322_performance-haarspray_300-ml.o.jpg\",\"datePublished\":\"2007-07-14T08:05:03+00:00\",\"dateModified\":\"2021-01-10T14:42:01+00:00\",\"breadcrumb\":{\"@id\":\"https:\/\/www.friseur-hopmann.de\/?product=haarspray-performance-300ml#breadcrumb\"},\"inLanguage\":\"de\",\"potentialAction\":[{\"@type\":\"ReadAction\",\"target\":[\"https:\/\/www.friseur-hopmann.de\/?product=haarspray-performance-300ml\"]}]},{\"@type\":\"ImageObject\",\"inLanguage\":\"de\",\"@id\":\"https:\/\/www.friseur-hopmann.de\/?product=haarspray-performance-300ml#primaryimage\",\"url\":\"https:\/\/www.friseur-hopmann.de\/wp-content\/uploads\/2013\/03\/p-8519-wella_5322_performance-haarspray_300-ml.o.jpg\",\"contentUrl\":\"https:\/\/www.friseur-hopmann.de\/wp-content\/uploads\/2013\/03\/p-8519-wella_5322_performance-haarspray_300-ml.o.jpg\",\"width\":199,\"height\":300,\"caption\":\"Haarspray Performance 300ml\"},{\"@type\":\"BreadcrumbList\",\"@id\":\"https:\/\/www.friseur-hopmann.de\/?product=haarspray-performance-300ml#breadcrumb\",\"itemListElement\":[{\"@type\":\"ListItem\",\"position\":1,\"name\":\"Startseite\",\"item\":\"https:\/\/www.friseur-hopmann.de\/\"},{\"@type\":\"ListItem\",\"position\":2,\"name\":\"Produkte\",\"item\":\"https:\/\/www.friseur-hopmann.de\/?post_type=product\"},{\"@type\":\"ListItem\",\"position\":3,\"name\":\"Haarspray Performance 300ml\"}]},{\"@type\":\"WebSite\",\"@id\":\"https:\/\/www.friseur-hopmann.de\/#website\",\"url\":\"https:\/\/www.friseur-hopmann.de\/\",\"name\":\"Friseur Hopmann Hairstyling\",\"description\":\"Ihr Friseur in Nordhorn\",\"potentialAction\":[{\"@type\":\"SearchAction\",\"target\":{\"@type\":\"EntryPoint\",\"urlTemplate\":\"https:\/\/www.friseur-hopmann.de\/?s={search_term_string}\"},\"query-input\":{\"@type\":\"PropertyValueSpecification\",\"valueRequired\":true,\"valueName\":\"search_term_string\"}}],\"inLanguage\":\"de\"}]}<\/script>\n<!-- \/ Yoast SEO plugin. -->","yoast_head_json":{"title":"Haarspray Performance 300ml","robots":{"index":"index","follow":"follow","max-snippet":"max-snippet:-1","max-image-preview":"max-image-preview:large","max-video-preview":"max-video-preview:-1"},"canonical":"https:\/\/www.friseur-hopmann.de\/?product=haarspray-performance-300ml","og_locale":"de_DE","og_type":"article","og_title":"Haarspray Performance 300ml","og_description":"HAARSPRAY PERFORMANCE F\u00fcr professionelles Finish. Sicherer Halt f\u00fcr alle Frisurentypen.","og_url":"https:\/\/www.friseur-hopmann.de\/?product=haarspray-performance-300ml","og_site_name":"Friseur Hopmann Hairstyling","article_modified_time":"2021-01-10T14:42:01+00:00","og_image":[{"width":199,"height":300,"url":"https:\/\/www.friseur-hopmann.de\/wp-content\/uploads\/2013\/03\/p-8519-wella_5322_performance-haarspray_300-ml.o.jpg","type":"image\/jpeg"}],"twitter_card":"summary_large_image","schema":{"@context":"https:\/\/schema.org","@graph":[{"@type":"WebPage","@id":"https:\/\/www.friseur-hopmann.de\/?product=haarspray-performance-300ml","url":"https:\/\/www.friseur-hopmann.de\/?product=haarspray-performance-300ml","name":"Haarspray Performance 300ml","isPartOf":{"@id":"https:\/\/www.friseur-hopmann.de\/#website"},"primaryImageOfPage":{"@id":"https:\/\/www.friseur-hopmann.de\/?product=haarspray-performance-300ml#primaryimage"},"image":{"@id":"https:\/\/www.friseur-hopmann.de\/?product=haarspray-performance-300ml#primaryimage"},"thumbnailUrl":"https:\/\/www.friseur-hopmann.de\/wp-content\/uploads\/2013\/03\/p-8519-wella_5322_performance-haarspray_300-ml.o.jpg","datePublished":"2007-07-14T08:05:03+00:00","dateModified":"2021-01-10T14:42:01+00:00","breadcrumb":{"@id":"https:\/\/www.friseur-hopmann.de\/?product=haarspray-performance-300ml#breadcrumb"},"inLanguage":"de","potentialAction":[{"@type":"ReadAction","target":["https:\/\/www.friseur-hopmann.de\/?product=haarspray-performance-300ml"]}]},{"@type":"ImageObject","inLanguage":"de","@id":"https:\/\/www.friseur-hopmann.de\/?product=haarspray-performance-300ml#primaryimage","url":"https:\/\/www.friseur-hopmann.de\/wp-content\/uploads\/2013\/03\/p-8519-wella_5322_performance-haarspray_300-ml.o.jpg","contentUrl":"https:\/\/www.friseur-hopmann.de\/wp-content\/uploads\/2013\/03\/p-8519-wella_5322_performance-haarspray_300-ml.o.jpg","width":199,"height":300,"caption":"Haarspray Performance 300ml"},{"@type":"BreadcrumbList","@id":"https:\/\/www.friseur-hopmann.de\/?product=haarspray-performance-300ml#breadcrumb","itemListElement":[{"@type":"ListItem","position":1,"name":"Startseite","item":"https:\/\/www.friseur-hopmann.de\/"},{"@type":"ListItem","position":2,"name":"Produkte","item":"https:\/\/www.friseur-hopmann.de\/?post_type=product"},{"@type":"ListItem","position":3,"name":"Haarspray Performance 300ml"}]},{"@type":"WebSite","@id":"https:\/\/www.friseur-hopmann.de\/#website","url":"https:\/\/www.friseur-hopmann.de\/","name":"Friseur Hopmann Hairstyling","description":"Ihr Friseur in Nordhorn","potentialAction":[{"@type":"SearchAction","target":{"@type":"EntryPoint","urlTemplate":"https:\/\/www.friseur-hopmann.de\/?s={search_term_string}"},"query-input":{"@type":"PropertyValueSpecification","valueRequired":true,"valueName":"search_term_string"}}],"inLanguage":"de"}]}},"brands":[],"_links":{"self":[{"href":"https:\/\/www.friseur-hopmann.de\/index.php?rest_route=\/wp\/v2\/product\/8519","targetHints":{"allow":["GET"]}}],"collection":[{"href":"https:\/\/www.friseur-hopmann.de\/index.php?rest_route=\/wp\/v2\/product"}],"about":[{"href":"https:\/\/www.friseur-hopmann.de\/index.php?rest_route=\/wp\/v2\/types\/product"}],"replies":[{"embeddable":true,"href":"https:\/\/www.friseur-hopmann.de\/index.php?rest_route=%2Fwp%2Fv2%2Fcomments&post=8519"}],"wp:featuredmedia":[{"embeddable":true,"href":"https:\/\/www.friseur-hopmann.de\/index.php?rest_route=\/wp\/v2\/media\/8520"}],"wp:attachment":[{"href":"https:\/\/www.friseur-hopmann.de\/index.php?rest_route=%2Fwp%2Fv2%2Fmedia&parent=8519"}],"wp:term":[{"taxonomy":"pwb-brand","embeddable":true,"href":"https:\/\/www.friseur-hopmann.de\/index.php?rest_route=%2Fwp%2Fv2%2Fpwb-brand&post=8519"},{"taxonomy":"product_brand","embeddable":true,"href":"https:\/\/www.friseur-hopmann.de\/index.php?rest_route=%2Fwp%2Fv2%2Fproduct_brand&post=8519"},{"taxonomy":"product_cat","embeddable":true,"href":"https:\/\/www.friseur-hopmann.de\/index.php?rest_route=%2Fwp%2Fv2%2Fproduct_cat&post=8519"},{"taxonomy":"product_tag","embeddable":true,"href":"https:\/\/www.friseur-hopmann.de\/index.php?rest_route=%2Fwp%2Fv2%2Fproduct_tag&post=8519"}],"curies":[{"name":"wp","href":"https:\/\/api.w.org\/{rel}","templated":true}]}}