{"id":8487,"date":"2016-08-11T10:05:00","date_gmt":"2016-08-11T08:05:00","guid":{"rendered":"http:\/\/www.friseur-hopmann.de\/?post_type=product&#038;p=8487"},"modified":"2025-01-04T21:04:06","modified_gmt":"2025-01-04T19:04:06","slug":"eimi-grip-cream-styling-creme-75-ml","status":"publish","type":"product","link":"https:\/\/www.friseur-hopmann.de\/?product=eimi-grip-cream-styling-creme-75-ml","title":{"rendered":"EIMI GRIP CREAM &#8211; Styling Cr\u00e8me 75 ml"},"content":{"rendered":"<h3>Produktbeschreibung derWella EIMI Grip Cream<\/h3>\n<p>Erschaffe mit dieser sanften, cremigen Textur Styles mit Definition in langem oder kurzem Haar.<\/p>\n<p>Die flexible Styling Creme Wella EIMI Grip Cream ist angereichert mit brasilianischem Carnauba Wachs f\u00fcr starken, aber dennoch flexiblen Halt.<\/p>\n<p>Mit Haltegrad 3 von 4<\/p>\n<h3>Inhaltsstoffe der Wella EIMI Grip Cream<\/h3>\n<p>Aqua,Petrolatum,Ceteareth-20,Cetearyl Alcohol, Pentylene Glycol, Ceresin,Ceteareth-25,PVP,Copernicia Cerifera Cera, VP\/VA Copolymer, Phenoxyethanol, Squalane,Panthenol, Parfum,Methylparaben, SodiumBenzoate, Propylparaben, Disodium EDTA, Ethylhexyl Methoxycinnamate, PEG-90M, Limonene, Linalool, Benzyl Salicylate, Citronellol, Hydroxycitronellal, CI 19140, Hexyl Cinnamal, Citral,CI14700, BHT<\/p>\n<h3>Zielgruppe<\/h3>\n<p>F\u00fcr jede Haarqualit\u00e4t geeignet.<\/p>\n<h3>Anwendung der Wella EIMI Grip Cream<\/h3>\n<p>Eine kleine Menge EIMI Grip Cream in den H\u00e4nden gleichm\u00e4\u00dfig verteilen.<\/p>\n<p>Im trockenen Haar in die L\u00e4ngen und Spitzen einarbeiten, um es zu b\u00e4ndigen und zu formen.<\/p>\n<h3>Inhalt:75 ml<\/h3>\n","protected":false},"excerpt":{"rendered":"<p>STYLING CR\u00c8ME<\/p>\n<p>Die flexible Styling Creme Wella EIMI Grip Cream ist angereichert mit brasilianischem Carnauba Wachs f\u00fcr starken, aber dennoch flexiblen Halt.<\/p>\n<p>Mit Haltegrad 3 von 4<\/p>\n","protected":false},"featured_media":8488,"comment_status":"open","ping_status":"closed","template":"","meta":{"_exactmetrics_skip_tracking":false,"_exactmetrics_sitenote_active":false,"_exactmetrics_sitenote_note":"","_exactmetrics_sitenote_category":0,"_monsterinsights_skip_tracking":false,"_monsterinsights_sitenote_active":false,"_monsterinsights_sitenote_note":"","_monsterinsights_sitenote_category":0},"pwb-brand":[],"product_brand":[614],"product_cat":[586,654],"product_tag":[],"class_list":{"0":"post-8487","1":"product","2":"type-product","3":"status-publish","4":"has-post-thumbnail","6":"product_brand-wella-2","7":"product_cat-wella-professionals-eimi","8":"product_cat-eimi-texture","9":"pa_inhalt-636","11":"first","12":"instock","13":"taxable","14":"shipping-taxable","15":"purchasable","16":"product-type-simple"},"yoast_head":"<!-- This site is optimized with the Yoast SEO plugin v24.6 - https:\/\/yoast.com\/wordpress\/plugins\/seo\/ -->\n<title>EIMI GRIP CREAM - Styling Cr\u00e8me 75 ml<\/title>\n<meta name=\"robots\" content=\"index, follow, max-snippet:-1, max-image-preview:large, max-video-preview:-1\" \/>\n<link rel=\"canonical\" href=\"https:\/\/www.friseur-hopmann.de\/?product=eimi-grip-cream-styling-creme-75-ml\" \/>\n<meta property=\"og:locale\" content=\"de_DE\" \/>\n<meta property=\"og:type\" content=\"article\" \/>\n<meta property=\"og:title\" content=\"EIMI GRIP CREAM - Styling Cr\u00e8me 75 ml\" \/>\n<meta property=\"og:description\" content=\"STYLING CR\u00c8ME  Die flexible Styling Creme Wella EIMI Grip Cream ist angereichert mit brasilianischem Carnauba Wachs f\u00fcr starken, aber dennoch flexiblen Halt.  Mit Haltegrad 3 von 4\" \/>\n<meta property=\"og:url\" content=\"https:\/\/www.friseur-hopmann.de\/?product=eimi-grip-cream-styling-creme-75-ml\" \/>\n<meta property=\"og:site_name\" content=\"Friseur Hopmann Hairstyling\" \/>\n<meta property=\"article:modified_time\" content=\"2025-01-04T19:04:06+00:00\" \/>\n<meta property=\"og:image\" content=\"http:\/\/www.friseur-hopmann.de\/wp-content\/uploads\/2016\/08\/p-8487-eimi-grip-cream.jpg\" \/>\n\t<meta property=\"og:image:width\" content=\"1000\" \/>\n\t<meta property=\"og:image:height\" content=\"1000\" \/>\n\t<meta property=\"og:image:type\" content=\"image\/jpeg\" \/>\n<meta name=\"twitter:card\" content=\"summary_large_image\" \/>\n<meta name=\"twitter:label1\" content=\"Gesch\u00e4tzte Lesezeit\" \/>\n\t<meta name=\"twitter:data1\" content=\"1\u00a0Minute\" \/>\n<script type=\"application\/ld+json\" class=\"yoast-schema-graph\">{\"@context\":\"https:\/\/schema.org\",\"@graph\":[{\"@type\":\"WebPage\",\"@id\":\"https:\/\/www.friseur-hopmann.de\/?product=eimi-grip-cream-styling-creme-75-ml\",\"url\":\"https:\/\/www.friseur-hopmann.de\/?product=eimi-grip-cream-styling-creme-75-ml\",\"name\":\"EIMI GRIP CREAM - Styling Cr\u00e8me 75 ml\",\"isPartOf\":{\"@id\":\"https:\/\/www.friseur-hopmann.de\/#website\"},\"primaryImageOfPage\":{\"@id\":\"https:\/\/www.friseur-hopmann.de\/?product=eimi-grip-cream-styling-creme-75-ml#primaryimage\"},\"image\":{\"@id\":\"https:\/\/www.friseur-hopmann.de\/?product=eimi-grip-cream-styling-creme-75-ml#primaryimage\"},\"thumbnailUrl\":\"https:\/\/www.friseur-hopmann.de\/wp-content\/uploads\/2016\/08\/p-8487-eimi-grip-cream.jpg\",\"datePublished\":\"2016-08-11T08:05:00+00:00\",\"dateModified\":\"2025-01-04T19:04:06+00:00\",\"breadcrumb\":{\"@id\":\"https:\/\/www.friseur-hopmann.de\/?product=eimi-grip-cream-styling-creme-75-ml#breadcrumb\"},\"inLanguage\":\"de\",\"potentialAction\":[{\"@type\":\"ReadAction\",\"target\":[\"https:\/\/www.friseur-hopmann.de\/?product=eimi-grip-cream-styling-creme-75-ml\"]}]},{\"@type\":\"ImageObject\",\"inLanguage\":\"de\",\"@id\":\"https:\/\/www.friseur-hopmann.de\/?product=eimi-grip-cream-styling-creme-75-ml#primaryimage\",\"url\":\"https:\/\/www.friseur-hopmann.de\/wp-content\/uploads\/2016\/08\/p-8487-eimi-grip-cream.jpg\",\"contentUrl\":\"https:\/\/www.friseur-hopmann.de\/wp-content\/uploads\/2016\/08\/p-8487-eimi-grip-cream.jpg\",\"width\":1000,\"height\":1000,\"caption\":\"EIMI GRIP CREAM - Styling Cr\u00e8me 75 ml\"},{\"@type\":\"BreadcrumbList\",\"@id\":\"https:\/\/www.friseur-hopmann.de\/?product=eimi-grip-cream-styling-creme-75-ml#breadcrumb\",\"itemListElement\":[{\"@type\":\"ListItem\",\"position\":1,\"name\":\"Startseite\",\"item\":\"https:\/\/www.friseur-hopmann.de\/\"},{\"@type\":\"ListItem\",\"position\":2,\"name\":\"Produkte\",\"item\":\"https:\/\/www.friseur-hopmann.de\/?post_type=product\"},{\"@type\":\"ListItem\",\"position\":3,\"name\":\"EIMI GRIP CREAM &#8211; Styling Cr\u00e8me 75 ml\"}]},{\"@type\":\"WebSite\",\"@id\":\"https:\/\/www.friseur-hopmann.de\/#website\",\"url\":\"https:\/\/www.friseur-hopmann.de\/\",\"name\":\"Friseur Hopmann Hairstyling\",\"description\":\"Ihr Friseur in Nordhorn\",\"potentialAction\":[{\"@type\":\"SearchAction\",\"target\":{\"@type\":\"EntryPoint\",\"urlTemplate\":\"https:\/\/www.friseur-hopmann.de\/?s={search_term_string}\"},\"query-input\":{\"@type\":\"PropertyValueSpecification\",\"valueRequired\":true,\"valueName\":\"search_term_string\"}}],\"inLanguage\":\"de\"}]}<\/script>\n<!-- \/ Yoast SEO plugin. -->","yoast_head_json":{"title":"EIMI GRIP CREAM - Styling Cr\u00e8me 75 ml","robots":{"index":"index","follow":"follow","max-snippet":"max-snippet:-1","max-image-preview":"max-image-preview:large","max-video-preview":"max-video-preview:-1"},"canonical":"https:\/\/www.friseur-hopmann.de\/?product=eimi-grip-cream-styling-creme-75-ml","og_locale":"de_DE","og_type":"article","og_title":"EIMI GRIP CREAM - Styling Cr\u00e8me 75 ml","og_description":"STYLING CR\u00c8ME  Die flexible Styling Creme Wella EIMI Grip Cream ist angereichert mit brasilianischem Carnauba Wachs f\u00fcr starken, aber dennoch flexiblen Halt.  Mit Haltegrad 3 von 4","og_url":"https:\/\/www.friseur-hopmann.de\/?product=eimi-grip-cream-styling-creme-75-ml","og_site_name":"Friseur Hopmann Hairstyling","article_modified_time":"2025-01-04T19:04:06+00:00","og_image":[{"width":1000,"height":1000,"url":"http:\/\/www.friseur-hopmann.de\/wp-content\/uploads\/2016\/08\/p-8487-eimi-grip-cream.jpg","type":"image\/jpeg"}],"twitter_card":"summary_large_image","twitter_misc":{"Gesch\u00e4tzte Lesezeit":"1\u00a0Minute"},"schema":{"@context":"https:\/\/schema.org","@graph":[{"@type":"WebPage","@id":"https:\/\/www.friseur-hopmann.de\/?product=eimi-grip-cream-styling-creme-75-ml","url":"https:\/\/www.friseur-hopmann.de\/?product=eimi-grip-cream-styling-creme-75-ml","name":"EIMI GRIP CREAM - Styling Cr\u00e8me 75 ml","isPartOf":{"@id":"https:\/\/www.friseur-hopmann.de\/#website"},"primaryImageOfPage":{"@id":"https:\/\/www.friseur-hopmann.de\/?product=eimi-grip-cream-styling-creme-75-ml#primaryimage"},"image":{"@id":"https:\/\/www.friseur-hopmann.de\/?product=eimi-grip-cream-styling-creme-75-ml#primaryimage"},"thumbnailUrl":"https:\/\/www.friseur-hopmann.de\/wp-content\/uploads\/2016\/08\/p-8487-eimi-grip-cream.jpg","datePublished":"2016-08-11T08:05:00+00:00","dateModified":"2025-01-04T19:04:06+00:00","breadcrumb":{"@id":"https:\/\/www.friseur-hopmann.de\/?product=eimi-grip-cream-styling-creme-75-ml#breadcrumb"},"inLanguage":"de","potentialAction":[{"@type":"ReadAction","target":["https:\/\/www.friseur-hopmann.de\/?product=eimi-grip-cream-styling-creme-75-ml"]}]},{"@type":"ImageObject","inLanguage":"de","@id":"https:\/\/www.friseur-hopmann.de\/?product=eimi-grip-cream-styling-creme-75-ml#primaryimage","url":"https:\/\/www.friseur-hopmann.de\/wp-content\/uploads\/2016\/08\/p-8487-eimi-grip-cream.jpg","contentUrl":"https:\/\/www.friseur-hopmann.de\/wp-content\/uploads\/2016\/08\/p-8487-eimi-grip-cream.jpg","width":1000,"height":1000,"caption":"EIMI GRIP CREAM - Styling Cr\u00e8me 75 ml"},{"@type":"BreadcrumbList","@id":"https:\/\/www.friseur-hopmann.de\/?product=eimi-grip-cream-styling-creme-75-ml#breadcrumb","itemListElement":[{"@type":"ListItem","position":1,"name":"Startseite","item":"https:\/\/www.friseur-hopmann.de\/"},{"@type":"ListItem","position":2,"name":"Produkte","item":"https:\/\/www.friseur-hopmann.de\/?post_type=product"},{"@type":"ListItem","position":3,"name":"EIMI GRIP CREAM &#8211; Styling Cr\u00e8me 75 ml"}]},{"@type":"WebSite","@id":"https:\/\/www.friseur-hopmann.de\/#website","url":"https:\/\/www.friseur-hopmann.de\/","name":"Friseur Hopmann Hairstyling","description":"Ihr Friseur in Nordhorn","potentialAction":[{"@type":"SearchAction","target":{"@type":"EntryPoint","urlTemplate":"https:\/\/www.friseur-hopmann.de\/?s={search_term_string}"},"query-input":{"@type":"PropertyValueSpecification","valueRequired":true,"valueName":"search_term_string"}}],"inLanguage":"de"}]}},"brands":[],"_links":{"self":[{"href":"https:\/\/www.friseur-hopmann.de\/index.php?rest_route=\/wp\/v2\/product\/8487","targetHints":{"allow":["GET"]}}],"collection":[{"href":"https:\/\/www.friseur-hopmann.de\/index.php?rest_route=\/wp\/v2\/product"}],"about":[{"href":"https:\/\/www.friseur-hopmann.de\/index.php?rest_route=\/wp\/v2\/types\/product"}],"replies":[{"embeddable":true,"href":"https:\/\/www.friseur-hopmann.de\/index.php?rest_route=%2Fwp%2Fv2%2Fcomments&post=8487"}],"wp:featuredmedia":[{"embeddable":true,"href":"https:\/\/www.friseur-hopmann.de\/index.php?rest_route=\/wp\/v2\/media\/8488"}],"wp:attachment":[{"href":"https:\/\/www.friseur-hopmann.de\/index.php?rest_route=%2Fwp%2Fv2%2Fmedia&parent=8487"}],"wp:term":[{"taxonomy":"pwb-brand","embeddable":true,"href":"https:\/\/www.friseur-hopmann.de\/index.php?rest_route=%2Fwp%2Fv2%2Fpwb-brand&post=8487"},{"taxonomy":"product_brand","embeddable":true,"href":"https:\/\/www.friseur-hopmann.de\/index.php?rest_route=%2Fwp%2Fv2%2Fproduct_brand&post=8487"},{"taxonomy":"product_cat","embeddable":true,"href":"https:\/\/www.friseur-hopmann.de\/index.php?rest_route=%2Fwp%2Fv2%2Fproduct_cat&post=8487"},{"taxonomy":"product_tag","embeddable":true,"href":"https:\/\/www.friseur-hopmann.de\/index.php?rest_route=%2Fwp%2Fv2%2Fproduct_tag&post=8487"}],"curies":[{"name":"wp","href":"https:\/\/api.w.org\/{rel}","templated":true}]}}