{"id":8418,"date":"2013-01-03T10:04:59","date_gmt":"2013-01-03T08:04:59","guid":{"rendered":"http:\/\/www.friseur-hopmann.de\/?post_type=product&#038;p=8418"},"modified":"2026-01-18T16:18:13","modified_gmt":"2026-01-18T14:18:13","slug":"elixir-ultime-bain-shampoo-250-ml","status":"publish","type":"product","link":"https:\/\/www.friseur-hopmann.de\/?product=elixir-ultime-bain-shampoo-250-ml","title":{"rendered":"K\u00e9rastase ELIXIR ULTIME BAIN (SHAMPOO) 250 ml"},"content":{"rendered":"<h3>Produktbeschreibung:<\/h3>\n<div class=\"std col-lg-8 col-lg-offset-2 col-md-10 col-md-offset-1\">\n<h2>K\u00e9rastase Elixir Ultime Le Bain (Shampoo) 250 ml<\/h2>\n<p>Das veredelnde Haarbad Elixir Ultime Le Bain mit goldener Geltextur reinigt die Kopfhaut und das Haar tiefgehend.<\/p>\n<p>Zus\u00e4tzlich pflegt es die Haarfaser, bietet langanhaltenden Anti-Frizz Schutz und sorgt f\u00fcr einen langanhaltenden Glanz und Duft.<\/p>\n<p>Duft: Ultimative black &#8211; blumig-ledrig<\/p>\n<p>&nbsp;<\/p>\n<h3>Anwendung von\u00a0K\u00e9rastase Elixir Ultime Le Bain<\/h3>\n<p>Auf feuchtes Haar auftragen. Einmassieren. Aussp\u00fclen. Bei Bedarf Vorgang wiederholen.<\/p>\n<\/div>\n<h3>Zielgruppe:<\/h3>\n<p>F\u00fcr alle Haartypen.<\/p>\n<h3>Technologie:<\/h3>\n<p>Marula \u00d6l &#8211; F\u00fcr ein schwereloses Haargef\u00fchl und einen intensiven Schutz vor \u00e4u\u00dferen Einfl\u00fcssen durch hochwertige Antioxidantien<\/p>\n<p>Kamilien \u00d6l &#8211; F\u00fcr Geschmeidigkeit &amp; langanhaltenden, ultimativen Glanz<\/p>\n<p>Duft: Ultimative black &#8211; blumig-ledrig<\/p>\n<h3>Anwendung:<\/h3>\n<p>Ins nasse Haar auftragen, einarbeiten und sorgf\u00e4ltig aussp\u00fclen.<\/p>\n<p><strong>Inhalt:<\/strong> 250 ml<\/p>\n","protected":false},"excerpt":{"rendered":"<h2>K\u00e9rastase Elixir Ultime Le Bain 250 ml<\/h2>\n<p>Das veredelnde Haarbad Kerastase Elixir Ultime Le Bain\u00a0 (Shampoo) mit goldener Geltextur reinigt die Kopfhaut und das Haar tiefgehend.<\/p>\n<p>Zus\u00e4tzlich pflegt es die Haarfaser, bietet langanhaltenden Anti-Frizz Schutz und sorgt f\u00fcr einen langanhaltenden Glanz und Duft.<\/p>\n<p>Ein Gef\u00fchl strahlender Brillanz.<\/p>\n<p>Haar-Pflege-Shampoo<\/p>\n","protected":false},"featured_media":12334,"comment_status":"open","ping_status":"closed","template":"","meta":{"_exactmetrics_skip_tracking":false,"_exactmetrics_sitenote_active":false,"_exactmetrics_sitenote_note":"","_exactmetrics_sitenote_category":0,"_monsterinsights_skip_tracking":false,"_monsterinsights_sitenote_active":false,"_monsterinsights_sitenote_note":"","_monsterinsights_sitenote_category":0},"pwb-brand":[],"product_brand":[615],"product_cat":[512,491,544,548],"product_tag":[772,746],"class_list":{"0":"post-8418","1":"product","2":"type-product","3":"status-publish","4":"has-post-thumbnail","6":"product_brand-kerastase-2","7":"product_cat-elixir-ultime","8":"product_cat-kerastase","9":"product_cat-kerastase-haarpflege","10":"product_cat-kerastase-shampoo","11":"product_tag-intensiv-pflegeshampoo","12":"product_tag-milde-haarwaesche","13":"pa_inhalt-622","15":"first","16":"instock","17":"taxable","18":"shipping-taxable","19":"purchasable","20":"product-type-simple"},"yoast_head":"<!-- This site is optimized with the Yoast SEO plugin v24.6 - https:\/\/yoast.com\/wordpress\/plugins\/seo\/ -->\n<title>ELIXIR ULTIME BAIN (SHAMPOO) 250 ml<\/title>\n<meta name=\"robots\" content=\"index, follow, max-snippet:-1, max-image-preview:large, max-video-preview:-1\" \/>\n<link rel=\"canonical\" href=\"https:\/\/www.friseur-hopmann.de\/?product=elixir-ultime-bain-shampoo-250-ml\" \/>\n<meta property=\"og:locale\" content=\"de_DE\" \/>\n<meta property=\"og:type\" content=\"article\" \/>\n<meta property=\"og:title\" content=\"ELIXIR ULTIME BAIN (SHAMPOO) 250 ml\" \/>\n<meta property=\"og:description\" content=\"K\u00e9rastase Elixir Ultime Le Bain 250 ml Das veredelnde Haarbad Kerastase Elixir Ultime Le Bain\u00a0 (Shampoo) mit goldener Geltextur reinigt die Kopfhaut und das Haar tiefgehend.  Zus\u00e4tzlich pflegt es die Haarfaser, bietet langanhaltenden Anti-Frizz Schutz und sorgt f\u00fcr einen langanhaltenden Glanz und Duft.  Ein Gef\u00fchl strahlender Brillanz.  Haar-Pflege-Shampoo\" \/>\n<meta property=\"og:url\" content=\"https:\/\/www.friseur-hopmann.de\/?product=elixir-ultime-bain-shampoo-250-ml\" \/>\n<meta property=\"og:site_name\" content=\"Friseur Hopmann Hairstyling\" \/>\n<meta property=\"article:modified_time\" content=\"2026-01-18T14:18:13+00:00\" \/>\n<meta property=\"og:image\" content=\"http:\/\/www.friseur-hopmann.de\/wp-content\/uploads\/2013\/01\/Bain-Elixir-250ml.jpg\" \/>\n\t<meta property=\"og:image:width\" content=\"500\" \/>\n\t<meta property=\"og:image:height\" content=\"500\" \/>\n\t<meta property=\"og:image:type\" content=\"image\/jpeg\" \/>\n<meta name=\"twitter:card\" content=\"summary_large_image\" \/>\n<meta name=\"twitter:label1\" content=\"Gesch\u00e4tzte Lesezeit\" \/>\n\t<meta name=\"twitter:data1\" content=\"1\u00a0Minute\" \/>\n<script type=\"application\/ld+json\" class=\"yoast-schema-graph\">{\"@context\":\"https:\/\/schema.org\",\"@graph\":[{\"@type\":\"WebPage\",\"@id\":\"https:\/\/www.friseur-hopmann.de\/?product=elixir-ultime-bain-shampoo-250-ml\",\"url\":\"https:\/\/www.friseur-hopmann.de\/?product=elixir-ultime-bain-shampoo-250-ml\",\"name\":\"ELIXIR ULTIME BAIN (SHAMPOO) 250 ml\",\"isPartOf\":{\"@id\":\"https:\/\/www.friseur-hopmann.de\/#website\"},\"primaryImageOfPage\":{\"@id\":\"https:\/\/www.friseur-hopmann.de\/?product=elixir-ultime-bain-shampoo-250-ml#primaryimage\"},\"image\":{\"@id\":\"https:\/\/www.friseur-hopmann.de\/?product=elixir-ultime-bain-shampoo-250-ml#primaryimage\"},\"thumbnailUrl\":\"https:\/\/www.friseur-hopmann.de\/wp-content\/uploads\/2013\/01\/Bain-Elixir-250ml.jpg\",\"datePublished\":\"2013-01-03T08:04:59+00:00\",\"dateModified\":\"2026-01-18T14:18:13+00:00\",\"breadcrumb\":{\"@id\":\"https:\/\/www.friseur-hopmann.de\/?product=elixir-ultime-bain-shampoo-250-ml#breadcrumb\"},\"inLanguage\":\"de\",\"potentialAction\":[{\"@type\":\"ReadAction\",\"target\":[\"https:\/\/www.friseur-hopmann.de\/?product=elixir-ultime-bain-shampoo-250-ml\"]}]},{\"@type\":\"ImageObject\",\"inLanguage\":\"de\",\"@id\":\"https:\/\/www.friseur-hopmann.de\/?product=elixir-ultime-bain-shampoo-250-ml#primaryimage\",\"url\":\"https:\/\/www.friseur-hopmann.de\/wp-content\/uploads\/2013\/01\/Bain-Elixir-250ml.jpg\",\"contentUrl\":\"https:\/\/www.friseur-hopmann.de\/wp-content\/uploads\/2013\/01\/Bain-Elixir-250ml.jpg\",\"width\":500,\"height\":500},{\"@type\":\"BreadcrumbList\",\"@id\":\"https:\/\/www.friseur-hopmann.de\/?product=elixir-ultime-bain-shampoo-250-ml#breadcrumb\",\"itemListElement\":[{\"@type\":\"ListItem\",\"position\":1,\"name\":\"Startseite\",\"item\":\"https:\/\/www.friseur-hopmann.de\/\"},{\"@type\":\"ListItem\",\"position\":2,\"name\":\"Produkte\",\"item\":\"https:\/\/www.friseur-hopmann.de\/?post_type=product\"},{\"@type\":\"ListItem\",\"position\":3,\"name\":\"K\u00e9rastase ELIXIR ULTIME BAIN (SHAMPOO) 250 ml\"}]},{\"@type\":\"WebSite\",\"@id\":\"https:\/\/www.friseur-hopmann.de\/#website\",\"url\":\"https:\/\/www.friseur-hopmann.de\/\",\"name\":\"Friseur Hopmann Hairstyling\",\"description\":\"Ihr Friseur in Nordhorn\",\"potentialAction\":[{\"@type\":\"SearchAction\",\"target\":{\"@type\":\"EntryPoint\",\"urlTemplate\":\"https:\/\/www.friseur-hopmann.de\/?s={search_term_string}\"},\"query-input\":{\"@type\":\"PropertyValueSpecification\",\"valueRequired\":true,\"valueName\":\"search_term_string\"}}],\"inLanguage\":\"de\"}]}<\/script>\n<!-- \/ Yoast SEO plugin. -->","yoast_head_json":{"title":"ELIXIR ULTIME BAIN (SHAMPOO) 250 ml","robots":{"index":"index","follow":"follow","max-snippet":"max-snippet:-1","max-image-preview":"max-image-preview:large","max-video-preview":"max-video-preview:-1"},"canonical":"https:\/\/www.friseur-hopmann.de\/?product=elixir-ultime-bain-shampoo-250-ml","og_locale":"de_DE","og_type":"article","og_title":"ELIXIR ULTIME BAIN (SHAMPOO) 250 ml","og_description":"K\u00e9rastase Elixir Ultime Le Bain 250 ml Das veredelnde Haarbad Kerastase Elixir Ultime Le Bain\u00a0 (Shampoo) mit goldener Geltextur reinigt die Kopfhaut und das Haar tiefgehend.  Zus\u00e4tzlich pflegt es die Haarfaser, bietet langanhaltenden Anti-Frizz Schutz und sorgt f\u00fcr einen langanhaltenden Glanz und Duft.  Ein Gef\u00fchl strahlender Brillanz.  Haar-Pflege-Shampoo","og_url":"https:\/\/www.friseur-hopmann.de\/?product=elixir-ultime-bain-shampoo-250-ml","og_site_name":"Friseur Hopmann Hairstyling","article_modified_time":"2026-01-18T14:18:13+00:00","og_image":[{"width":500,"height":500,"url":"http:\/\/www.friseur-hopmann.de\/wp-content\/uploads\/2013\/01\/Bain-Elixir-250ml.jpg","type":"image\/jpeg"}],"twitter_card":"summary_large_image","twitter_misc":{"Gesch\u00e4tzte Lesezeit":"1\u00a0Minute"},"schema":{"@context":"https:\/\/schema.org","@graph":[{"@type":"WebPage","@id":"https:\/\/www.friseur-hopmann.de\/?product=elixir-ultime-bain-shampoo-250-ml","url":"https:\/\/www.friseur-hopmann.de\/?product=elixir-ultime-bain-shampoo-250-ml","name":"ELIXIR ULTIME BAIN (SHAMPOO) 250 ml","isPartOf":{"@id":"https:\/\/www.friseur-hopmann.de\/#website"},"primaryImageOfPage":{"@id":"https:\/\/www.friseur-hopmann.de\/?product=elixir-ultime-bain-shampoo-250-ml#primaryimage"},"image":{"@id":"https:\/\/www.friseur-hopmann.de\/?product=elixir-ultime-bain-shampoo-250-ml#primaryimage"},"thumbnailUrl":"https:\/\/www.friseur-hopmann.de\/wp-content\/uploads\/2013\/01\/Bain-Elixir-250ml.jpg","datePublished":"2013-01-03T08:04:59+00:00","dateModified":"2026-01-18T14:18:13+00:00","breadcrumb":{"@id":"https:\/\/www.friseur-hopmann.de\/?product=elixir-ultime-bain-shampoo-250-ml#breadcrumb"},"inLanguage":"de","potentialAction":[{"@type":"ReadAction","target":["https:\/\/www.friseur-hopmann.de\/?product=elixir-ultime-bain-shampoo-250-ml"]}]},{"@type":"ImageObject","inLanguage":"de","@id":"https:\/\/www.friseur-hopmann.de\/?product=elixir-ultime-bain-shampoo-250-ml#primaryimage","url":"https:\/\/www.friseur-hopmann.de\/wp-content\/uploads\/2013\/01\/Bain-Elixir-250ml.jpg","contentUrl":"https:\/\/www.friseur-hopmann.de\/wp-content\/uploads\/2013\/01\/Bain-Elixir-250ml.jpg","width":500,"height":500},{"@type":"BreadcrumbList","@id":"https:\/\/www.friseur-hopmann.de\/?product=elixir-ultime-bain-shampoo-250-ml#breadcrumb","itemListElement":[{"@type":"ListItem","position":1,"name":"Startseite","item":"https:\/\/www.friseur-hopmann.de\/"},{"@type":"ListItem","position":2,"name":"Produkte","item":"https:\/\/www.friseur-hopmann.de\/?post_type=product"},{"@type":"ListItem","position":3,"name":"K\u00e9rastase ELIXIR ULTIME BAIN (SHAMPOO) 250 ml"}]},{"@type":"WebSite","@id":"https:\/\/www.friseur-hopmann.de\/#website","url":"https:\/\/www.friseur-hopmann.de\/","name":"Friseur Hopmann Hairstyling","description":"Ihr Friseur in Nordhorn","potentialAction":[{"@type":"SearchAction","target":{"@type":"EntryPoint","urlTemplate":"https:\/\/www.friseur-hopmann.de\/?s={search_term_string}"},"query-input":{"@type":"PropertyValueSpecification","valueRequired":true,"valueName":"search_term_string"}}],"inLanguage":"de"}]}},"brands":[],"_links":{"self":[{"href":"https:\/\/www.friseur-hopmann.de\/index.php?rest_route=\/wp\/v2\/product\/8418","targetHints":{"allow":["GET"]}}],"collection":[{"href":"https:\/\/www.friseur-hopmann.de\/index.php?rest_route=\/wp\/v2\/product"}],"about":[{"href":"https:\/\/www.friseur-hopmann.de\/index.php?rest_route=\/wp\/v2\/types\/product"}],"replies":[{"embeddable":true,"href":"https:\/\/www.friseur-hopmann.de\/index.php?rest_route=%2Fwp%2Fv2%2Fcomments&post=8418"}],"wp:featuredmedia":[{"embeddable":true,"href":"https:\/\/www.friseur-hopmann.de\/index.php?rest_route=\/wp\/v2\/media\/12334"}],"wp:attachment":[{"href":"https:\/\/www.friseur-hopmann.de\/index.php?rest_route=%2Fwp%2Fv2%2Fmedia&parent=8418"}],"wp:term":[{"taxonomy":"pwb-brand","embeddable":true,"href":"https:\/\/www.friseur-hopmann.de\/index.php?rest_route=%2Fwp%2Fv2%2Fpwb-brand&post=8418"},{"taxonomy":"product_brand","embeddable":true,"href":"https:\/\/www.friseur-hopmann.de\/index.php?rest_route=%2Fwp%2Fv2%2Fproduct_brand&post=8418"},{"taxonomy":"product_cat","embeddable":true,"href":"https:\/\/www.friseur-hopmann.de\/index.php?rest_route=%2Fwp%2Fv2%2Fproduct_cat&post=8418"},{"taxonomy":"product_tag","embeddable":true,"href":"https:\/\/www.friseur-hopmann.de\/index.php?rest_route=%2Fwp%2Fv2%2Fproduct_tag&post=8418"}],"curies":[{"name":"wp","href":"https:\/\/api.w.org\/{rel}","templated":true}]}}