{"id":8407,"date":"2006-11-15T10:04:59","date_gmt":"2006-11-15T08:04:59","guid":{"rendered":"http:\/\/www.friseur-hopmann.de\/?post_type=product&#038;p=8407"},"modified":"2026-01-18T15:34:45","modified_gmt":"2026-01-18T13:34:45","slug":"r-sistance-ciment-thermique-150-ml","status":"publish","type":"product","link":"https:\/\/www.friseur-hopmann.de\/?product=r-sistance-ciment-thermique-150-ml","title":{"rendered":"K\u00c9RASTASE R\u00c8SISTANCE CIMENT THERMIQUE 150 ml"},"content":{"rendered":"<h3>Produktbeschreibung:<\/h3>\n<p>Ciment Thermique<br \/>\nThermoaktive Pflege-Emulsion zur Verbesserung der Haarstruktur, zur besonderen Pflege bei der Anwendung mit dem Gl\u00e4tteisen oder F\u00f6hn.<br \/>\nDie Haarfaser wird von innen gest\u00e4rkt und mit einem Schutzfilm versiegelt. Das Haar wird geschmeidig, kr\u00e4ftig und gl\u00e4nzend, ohne seine Leichtigkeit zu verlieren.<\/p>\n<h3>Zielgruppe:<\/h3>\n<p>Bei strukturgesch\u00e4digten Haaren.<br \/>\nHitzeschutz beim F\u00f6nen oder Anwendung mit dem Gl\u00e4tteisen.<\/p>\n<h3>Anwendung:<\/h3>\n<p>&#8211; Auf handtuchtrockenes Haar auftragen, <strong>nicht aussp\u00fclen!<\/strong><br \/>\n&#8211; Eine haselnussgro\u00dfe Menge zun\u00e4chst auf die Spitzen, dann auf die gesamte Haarl\u00e4ngen auftragen!<br \/>\n&#8211; Behutsam in L\u00e4ngen und Spitzen einmassieren, stark beanspruchte Partien besonders ber\u00fccksichtigen!<\/p>\n<h3>Technologie:<\/h3>\n<p>&#8211; Vita-Ciment: Repariert die Struktur des Haares von innen<br \/>\n&#8211; Vita-Topseal: Baut den nat\u00fcrlichen, \u00e4u\u00dferen Schutzmantel wieder auf<br \/>\n&#8211; Umh\u00fcllt die Haarfaser mit einem &#8222;Topseal&#8220;-Schutzmantel und sch\u00fctzt gegen \u00e4u\u00dfere Einfl\u00fcsse<\/p>\n<p><strong>Inhalt:<\/strong> 150 ml<\/p>\n","protected":false},"excerpt":{"rendered":"<p>Ciment Thermique<br \/>\nThermoaktive Pflege-Emulsion zur Verbesserung der Haarstruktur, zur besonderen Pflege bei der Anwendung mit dem Gl\u00e4tteisen oder F\u00f6hn.<\/p>\n","protected":false},"featured_media":8408,"comment_status":"open","ping_status":"closed","template":"","meta":{"_exactmetrics_skip_tracking":false,"_exactmetrics_sitenote_active":false,"_exactmetrics_sitenote_note":"","_exactmetrics_sitenote_category":0,"_monsterinsights_skip_tracking":false,"_monsterinsights_sitenote_active":false,"_monsterinsights_sitenote_note":"","_monsterinsights_sitenote_category":0},"pwb-brand":[],"product_brand":[615],"product_cat":[491,544,547,516,604],"product_tag":[699,759,696,801],"class_list":{"0":"post-8407","1":"product","2":"type-product","3":"status-publish","4":"has-post-thumbnail","6":"product_brand-kerastase-2","7":"product_cat-kerastase","8":"product_cat-kerastase-haarpflege","9":"product_cat-kerastase-pflegelotion","10":"product_cat-r-sistance","11":"product_cat-r-sistance-architecte","12":"product_tag-hitzeschutz","13":"product_tag-leave-in-pflege","14":"product_tag-schnellpflege","15":"product_tag-schuetzt-die-haarstruktur-vor-hitze","16":"pa_inhalt-633","18":"first","19":"instock","20":"taxable","21":"shipping-taxable","22":"purchasable","23":"product-type-simple"},"yoast_head":"<!-- This site is optimized with the Yoast SEO plugin v24.6 - https:\/\/yoast.com\/wordpress\/plugins\/seo\/ -->\n<title>R\u00c8SISTANCE CIMENT THERMIQUE 150 ml<\/title>\n<meta name=\"robots\" content=\"index, follow, max-snippet:-1, max-image-preview:large, max-video-preview:-1\" \/>\n<link rel=\"canonical\" href=\"https:\/\/www.friseur-hopmann.de\/?product=r-sistance-ciment-thermique-150-ml\" \/>\n<meta property=\"og:locale\" content=\"de_DE\" \/>\n<meta property=\"og:type\" content=\"article\" \/>\n<meta property=\"og:title\" content=\"R\u00c8SISTANCE CIMENT THERMIQUE 150 ml\" \/>\n<meta property=\"og:description\" content=\"Ciment Thermique Thermoaktive Pflege-Emulsion zur Verbesserung der Haarstruktur, zur besonderen Pflege bei der Anwendung mit dem Gl\u00e4tteisen oder F\u00f6hn.\" \/>\n<meta property=\"og:url\" content=\"https:\/\/www.friseur-hopmann.de\/?product=r-sistance-ciment-thermique-150-ml\" \/>\n<meta property=\"og:site_name\" content=\"Friseur Hopmann Hairstyling\" \/>\n<meta property=\"article:modified_time\" content=\"2026-01-18T13:34:45+00:00\" \/>\n<meta property=\"og:image\" content=\"http:\/\/www.friseur-hopmann.de\/wp-content\/uploads\/2017\/05\/p-8407-3474630652439_cimentthermique.png\" \/>\n\t<meta property=\"og:image:width\" content=\"1000\" \/>\n\t<meta property=\"og:image:height\" content=\"1000\" \/>\n\t<meta property=\"og:image:type\" content=\"image\/jpeg\" \/>\n<meta name=\"twitter:card\" content=\"summary_large_image\" \/>\n<meta name=\"twitter:label1\" content=\"Gesch\u00e4tzte Lesezeit\" \/>\n\t<meta name=\"twitter:data1\" content=\"1\u00a0Minute\" \/>\n<script type=\"application\/ld+json\" class=\"yoast-schema-graph\">{\"@context\":\"https:\/\/schema.org\",\"@graph\":[{\"@type\":\"WebPage\",\"@id\":\"https:\/\/www.friseur-hopmann.de\/?product=r-sistance-ciment-thermique-150-ml\",\"url\":\"https:\/\/www.friseur-hopmann.de\/?product=r-sistance-ciment-thermique-150-ml\",\"name\":\"R\u00c8SISTANCE CIMENT THERMIQUE 150 ml\",\"isPartOf\":{\"@id\":\"https:\/\/www.friseur-hopmann.de\/#website\"},\"primaryImageOfPage\":{\"@id\":\"https:\/\/www.friseur-hopmann.de\/?product=r-sistance-ciment-thermique-150-ml#primaryimage\"},\"image\":{\"@id\":\"https:\/\/www.friseur-hopmann.de\/?product=r-sistance-ciment-thermique-150-ml#primaryimage\"},\"thumbnailUrl\":\"https:\/\/www.friseur-hopmann.de\/wp-content\/uploads\/2017\/05\/p-8407-3474630652439_cimentthermique.png\",\"datePublished\":\"2006-11-15T08:04:59+00:00\",\"dateModified\":\"2026-01-18T13:34:45+00:00\",\"breadcrumb\":{\"@id\":\"https:\/\/www.friseur-hopmann.de\/?product=r-sistance-ciment-thermique-150-ml#breadcrumb\"},\"inLanguage\":\"de\",\"potentialAction\":[{\"@type\":\"ReadAction\",\"target\":[\"https:\/\/www.friseur-hopmann.de\/?product=r-sistance-ciment-thermique-150-ml\"]}]},{\"@type\":\"ImageObject\",\"inLanguage\":\"de\",\"@id\":\"https:\/\/www.friseur-hopmann.de\/?product=r-sistance-ciment-thermique-150-ml#primaryimage\",\"url\":\"https:\/\/www.friseur-hopmann.de\/wp-content\/uploads\/2017\/05\/p-8407-3474630652439_cimentthermique.png\",\"contentUrl\":\"https:\/\/www.friseur-hopmann.de\/wp-content\/uploads\/2017\/05\/p-8407-3474630652439_cimentthermique.png\",\"width\":1000,\"height\":1000,\"caption\":\"R\u00c8SISTANCE CIMENT THERMIQUE 150 ml\"},{\"@type\":\"BreadcrumbList\",\"@id\":\"https:\/\/www.friseur-hopmann.de\/?product=r-sistance-ciment-thermique-150-ml#breadcrumb\",\"itemListElement\":[{\"@type\":\"ListItem\",\"position\":1,\"name\":\"Startseite\",\"item\":\"https:\/\/www.friseur-hopmann.de\/\"},{\"@type\":\"ListItem\",\"position\":2,\"name\":\"Produkte\",\"item\":\"https:\/\/www.friseur-hopmann.de\/?post_type=product\"},{\"@type\":\"ListItem\",\"position\":3,\"name\":\"K\u00c9RASTASE R\u00c8SISTANCE CIMENT THERMIQUE 150 ml\"}]},{\"@type\":\"WebSite\",\"@id\":\"https:\/\/www.friseur-hopmann.de\/#website\",\"url\":\"https:\/\/www.friseur-hopmann.de\/\",\"name\":\"Friseur Hopmann Hairstyling\",\"description\":\"Ihr Friseur in Nordhorn\",\"potentialAction\":[{\"@type\":\"SearchAction\",\"target\":{\"@type\":\"EntryPoint\",\"urlTemplate\":\"https:\/\/www.friseur-hopmann.de\/?s={search_term_string}\"},\"query-input\":{\"@type\":\"PropertyValueSpecification\",\"valueRequired\":true,\"valueName\":\"search_term_string\"}}],\"inLanguage\":\"de\"}]}<\/script>\n<!-- \/ Yoast SEO plugin. -->","yoast_head_json":{"title":"R\u00c8SISTANCE CIMENT THERMIQUE 150 ml","robots":{"index":"index","follow":"follow","max-snippet":"max-snippet:-1","max-image-preview":"max-image-preview:large","max-video-preview":"max-video-preview:-1"},"canonical":"https:\/\/www.friseur-hopmann.de\/?product=r-sistance-ciment-thermique-150-ml","og_locale":"de_DE","og_type":"article","og_title":"R\u00c8SISTANCE CIMENT THERMIQUE 150 ml","og_description":"Ciment Thermique Thermoaktive Pflege-Emulsion zur Verbesserung der Haarstruktur, zur besonderen Pflege bei der Anwendung mit dem Gl\u00e4tteisen oder F\u00f6hn.","og_url":"https:\/\/www.friseur-hopmann.de\/?product=r-sistance-ciment-thermique-150-ml","og_site_name":"Friseur Hopmann Hairstyling","article_modified_time":"2026-01-18T13:34:45+00:00","og_image":[{"width":1000,"height":1000,"url":"http:\/\/www.friseur-hopmann.de\/wp-content\/uploads\/2017\/05\/p-8407-3474630652439_cimentthermique.png","type":"image\/jpeg"}],"twitter_card":"summary_large_image","twitter_misc":{"Gesch\u00e4tzte Lesezeit":"1\u00a0Minute"},"schema":{"@context":"https:\/\/schema.org","@graph":[{"@type":"WebPage","@id":"https:\/\/www.friseur-hopmann.de\/?product=r-sistance-ciment-thermique-150-ml","url":"https:\/\/www.friseur-hopmann.de\/?product=r-sistance-ciment-thermique-150-ml","name":"R\u00c8SISTANCE CIMENT THERMIQUE 150 ml","isPartOf":{"@id":"https:\/\/www.friseur-hopmann.de\/#website"},"primaryImageOfPage":{"@id":"https:\/\/www.friseur-hopmann.de\/?product=r-sistance-ciment-thermique-150-ml#primaryimage"},"image":{"@id":"https:\/\/www.friseur-hopmann.de\/?product=r-sistance-ciment-thermique-150-ml#primaryimage"},"thumbnailUrl":"https:\/\/www.friseur-hopmann.de\/wp-content\/uploads\/2017\/05\/p-8407-3474630652439_cimentthermique.png","datePublished":"2006-11-15T08:04:59+00:00","dateModified":"2026-01-18T13:34:45+00:00","breadcrumb":{"@id":"https:\/\/www.friseur-hopmann.de\/?product=r-sistance-ciment-thermique-150-ml#breadcrumb"},"inLanguage":"de","potentialAction":[{"@type":"ReadAction","target":["https:\/\/www.friseur-hopmann.de\/?product=r-sistance-ciment-thermique-150-ml"]}]},{"@type":"ImageObject","inLanguage":"de","@id":"https:\/\/www.friseur-hopmann.de\/?product=r-sistance-ciment-thermique-150-ml#primaryimage","url":"https:\/\/www.friseur-hopmann.de\/wp-content\/uploads\/2017\/05\/p-8407-3474630652439_cimentthermique.png","contentUrl":"https:\/\/www.friseur-hopmann.de\/wp-content\/uploads\/2017\/05\/p-8407-3474630652439_cimentthermique.png","width":1000,"height":1000,"caption":"R\u00c8SISTANCE CIMENT THERMIQUE 150 ml"},{"@type":"BreadcrumbList","@id":"https:\/\/www.friseur-hopmann.de\/?product=r-sistance-ciment-thermique-150-ml#breadcrumb","itemListElement":[{"@type":"ListItem","position":1,"name":"Startseite","item":"https:\/\/www.friseur-hopmann.de\/"},{"@type":"ListItem","position":2,"name":"Produkte","item":"https:\/\/www.friseur-hopmann.de\/?post_type=product"},{"@type":"ListItem","position":3,"name":"K\u00c9RASTASE R\u00c8SISTANCE CIMENT THERMIQUE 150 ml"}]},{"@type":"WebSite","@id":"https:\/\/www.friseur-hopmann.de\/#website","url":"https:\/\/www.friseur-hopmann.de\/","name":"Friseur Hopmann Hairstyling","description":"Ihr Friseur in Nordhorn","potentialAction":[{"@type":"SearchAction","target":{"@type":"EntryPoint","urlTemplate":"https:\/\/www.friseur-hopmann.de\/?s={search_term_string}"},"query-input":{"@type":"PropertyValueSpecification","valueRequired":true,"valueName":"search_term_string"}}],"inLanguage":"de"}]}},"brands":[],"_links":{"self":[{"href":"https:\/\/www.friseur-hopmann.de\/index.php?rest_route=\/wp\/v2\/product\/8407","targetHints":{"allow":["GET"]}}],"collection":[{"href":"https:\/\/www.friseur-hopmann.de\/index.php?rest_route=\/wp\/v2\/product"}],"about":[{"href":"https:\/\/www.friseur-hopmann.de\/index.php?rest_route=\/wp\/v2\/types\/product"}],"replies":[{"embeddable":true,"href":"https:\/\/www.friseur-hopmann.de\/index.php?rest_route=%2Fwp%2Fv2%2Fcomments&post=8407"}],"wp:featuredmedia":[{"embeddable":true,"href":"https:\/\/www.friseur-hopmann.de\/index.php?rest_route=\/wp\/v2\/media\/8408"}],"wp:attachment":[{"href":"https:\/\/www.friseur-hopmann.de\/index.php?rest_route=%2Fwp%2Fv2%2Fmedia&parent=8407"}],"wp:term":[{"taxonomy":"pwb-brand","embeddable":true,"href":"https:\/\/www.friseur-hopmann.de\/index.php?rest_route=%2Fwp%2Fv2%2Fpwb-brand&post=8407"},{"taxonomy":"product_brand","embeddable":true,"href":"https:\/\/www.friseur-hopmann.de\/index.php?rest_route=%2Fwp%2Fv2%2Fproduct_brand&post=8407"},{"taxonomy":"product_cat","embeddable":true,"href":"https:\/\/www.friseur-hopmann.de\/index.php?rest_route=%2Fwp%2Fv2%2Fproduct_cat&post=8407"},{"taxonomy":"product_tag","embeddable":true,"href":"https:\/\/www.friseur-hopmann.de\/index.php?rest_route=%2Fwp%2Fv2%2Fproduct_tag&post=8407"}],"curies":[{"name":"wp","href":"https:\/\/api.w.org\/{rel}","templated":true}]}}