{"id":8375,"date":"2006-04-25T10:04:59","date_gmt":"2006-04-25T08:04:59","guid":{"rendered":"http:\/\/www.friseur-hopmann.de\/?post_type=product&#038;p=8375"},"modified":"2026-03-10T11:59:24","modified_gmt":"2026-03-10T09:59:24","slug":"r-sistance-ciment-antie-usure-conditioner-haarlangenciment-1000-ml","status":"publish","type":"product","link":"https:\/\/www.friseur-hopmann.de\/?product=r-sistance-ciment-antie-usure-conditioner-haarlangenciment-1000-ml","title":{"rendered":"K\u00c9RASTASE CIMENT ANTIE USURE (CONDITIONER) (Haarl\u00e4ngenCiment 1000 ml)"},"content":{"rendered":"<h3>Produktbeschreibung:<\/h3>\n<p>Ciment Anti Usure<br \/>\nAufbauende Pflege-Creme mit dem Complexe Ciment-Cylane3, f\u00fcr gesch\u00e4digtes Haar. Rekonstruiert die Haarfaser f\u00fcr ein geschmeidiges Haargef\u00fchl.<br \/>\nGesch\u00e4digtes Haar wird rekonstruiert.<\/p>\n<h3>Zielgruppe:<\/h3>\n<p>F\u00fcr leicht oberfl\u00e4chlich strukturgesch\u00e4digtes Haar.<\/p>\n<h3>Anwendung:<\/h3>\n<p>Auf das handtuchtrockene Haar auftragen, einmassieren, 2\u20133 Minuten einwirken lassen, gr\u00fcndlich aussp\u00fclen.<\/p>\n<h3>Technologie:<\/h3>\n<p>Der Complexe Ciment-Cylane3, die Kombination aus Intra-Cylane + Pro-Keratin + Ceramiden rekonstruiert gesch\u00e4digtes Haar.<br \/>\nINTRA CYLANETM: Strukturgebend<br \/>\nPRO-KERATIN: Auff\u00fcllend<br \/>\nCERAMIDE: Haarfaserst\u00e4rkend und versiegelnd<\/p>\n<p><strong>Inhalt:<\/strong> 1000 ml<\/p>\n","protected":false},"excerpt":{"rendered":"<p>Ciment Anti Usure<br \/>\nAufbauende Pflege-Creme mit dem Complexe Ciment-Cylane3, f\u00fcr gesch\u00e4digtes Haar.<\/p>\n<p>Rekonstruiert die Haarfaser f\u00fcr ein geschmeidiges Haargef\u00fchl.<\/p>\n<p>&nbsp;<\/p>\n","protected":false},"featured_media":8376,"comment_status":"open","ping_status":"closed","template":"","meta":{"_exactmetrics_skip_tracking":false,"_exactmetrics_sitenote_active":false,"_exactmetrics_sitenote_note":"","_exactmetrics_sitenote_category":0,"_monsterinsights_skip_tracking":false,"_monsterinsights_sitenote_active":false,"_monsterinsights_sitenote_note":"","_monsterinsights_sitenote_category":0},"pwb-brand":[],"product_brand":[615],"product_cat":[491,542,544,547,552,516,604,941],"product_tag":[695,778,696],"class_list":{"0":"post-8375","1":"product","2":"type-product","3":"status-publish","4":"has-post-thumbnail","6":"product_brand-kerastase-2","7":"product_cat-kerastase","8":"product_cat-kerastase-conditioner","9":"product_cat-kerastase-haarpflege","10":"product_cat-kerastase-pflegelotion","11":"product_cat-redken-conditioner","12":"product_cat-r-sistance","13":"product_cat-r-sistance-architecte","14":"product_cat-1000ml","15":"product_tag-conditioner","16":"product_tag-intensiv-haarpflege-fuer-strukturgeschaedigtes-haar","17":"product_tag-schnellpflege","18":"pa_inhalt-620","20":"first","21":"outofstock","22":"sold-individually","23":"taxable","24":"shipping-taxable","25":"purchasable","26":"product-type-simple"},"yoast_head":"<!-- This site is optimized with the Yoast SEO plugin v24.6 - https:\/\/yoast.com\/wordpress\/plugins\/seo\/ -->\n<title>R\u00c8SISTANCE CIMENT ANTIE USURE (CONDITIONER) (Haarl\u00e4ngenCiment 1000 ml)<\/title>\n<meta name=\"robots\" content=\"index, follow, max-snippet:-1, max-image-preview:large, max-video-preview:-1\" \/>\n<link rel=\"canonical\" href=\"https:\/\/www.friseur-hopmann.de\/?product=r-sistance-ciment-antie-usure-conditioner-haarlangenciment-1000-ml\" \/>\n<meta property=\"og:locale\" content=\"de_DE\" \/>\n<meta property=\"og:type\" content=\"article\" \/>\n<meta property=\"og:title\" content=\"R\u00c8SISTANCE CIMENT ANTIE USURE (CONDITIONER) (Haarl\u00e4ngenCiment 1000 ml)\" \/>\n<meta property=\"og:description\" content=\"Ciment Anti Usure Aufbauende Pflege-Creme mit dem Complexe Ciment-Cylane3, f\u00fcr gesch\u00e4digtes Haar.  Rekonstruiert die Haarfaser f\u00fcr ein geschmeidiges Haargef\u00fchl.  &nbsp;\" \/>\n<meta property=\"og:url\" content=\"https:\/\/www.friseur-hopmann.de\/?product=r-sistance-ciment-antie-usure-conditioner-haarlangenciment-1000-ml\" \/>\n<meta property=\"og:site_name\" content=\"Friseur Hopmann Hairstyling\" \/>\n<meta property=\"article:modified_time\" content=\"2026-03-10T09:59:24+00:00\" \/>\n<meta property=\"og:image\" content=\"http:\/\/www.friseur-hopmann.de\/wp-content\/uploads\/2013\/03\/p-8375-44h901.jpg\" \/>\n\t<meta property=\"og:image:width\" content=\"400\" \/>\n\t<meta property=\"og:image:height\" content=\"600\" \/>\n\t<meta property=\"og:image:type\" content=\"image\/jpeg\" \/>\n<meta name=\"twitter:card\" content=\"summary_large_image\" \/>\n<meta name=\"twitter:label1\" content=\"Gesch\u00e4tzte Lesezeit\" \/>\n\t<meta name=\"twitter:data1\" content=\"1\u00a0Minute\" \/>\n<script type=\"application\/ld+json\" class=\"yoast-schema-graph\">{\"@context\":\"https:\/\/schema.org\",\"@graph\":[{\"@type\":\"WebPage\",\"@id\":\"https:\/\/www.friseur-hopmann.de\/?product=r-sistance-ciment-antie-usure-conditioner-haarlangenciment-1000-ml\",\"url\":\"https:\/\/www.friseur-hopmann.de\/?product=r-sistance-ciment-antie-usure-conditioner-haarlangenciment-1000-ml\",\"name\":\"R\u00c8SISTANCE CIMENT ANTIE USURE (CONDITIONER) (Haarl\u00e4ngenCiment 1000 ml)\",\"isPartOf\":{\"@id\":\"https:\/\/www.friseur-hopmann.de\/#website\"},\"primaryImageOfPage\":{\"@id\":\"https:\/\/www.friseur-hopmann.de\/?product=r-sistance-ciment-antie-usure-conditioner-haarlangenciment-1000-ml#primaryimage\"},\"image\":{\"@id\":\"https:\/\/www.friseur-hopmann.de\/?product=r-sistance-ciment-antie-usure-conditioner-haarlangenciment-1000-ml#primaryimage\"},\"thumbnailUrl\":\"https:\/\/www.friseur-hopmann.de\/wp-content\/uploads\/2013\/03\/p-8375-44h901.jpg\",\"datePublished\":\"2006-04-25T08:04:59+00:00\",\"dateModified\":\"2026-03-10T09:59:24+00:00\",\"breadcrumb\":{\"@id\":\"https:\/\/www.friseur-hopmann.de\/?product=r-sistance-ciment-antie-usure-conditioner-haarlangenciment-1000-ml#breadcrumb\"},\"inLanguage\":\"de\",\"potentialAction\":[{\"@type\":\"ReadAction\",\"target\":[\"https:\/\/www.friseur-hopmann.de\/?product=r-sistance-ciment-antie-usure-conditioner-haarlangenciment-1000-ml\"]}]},{\"@type\":\"ImageObject\",\"inLanguage\":\"de\",\"@id\":\"https:\/\/www.friseur-hopmann.de\/?product=r-sistance-ciment-antie-usure-conditioner-haarlangenciment-1000-ml#primaryimage\",\"url\":\"https:\/\/www.friseur-hopmann.de\/wp-content\/uploads\/2013\/03\/p-8375-44h901.jpg\",\"contentUrl\":\"https:\/\/www.friseur-hopmann.de\/wp-content\/uploads\/2013\/03\/p-8375-44h901.jpg\",\"width\":400,\"height\":600,\"caption\":\"R\u00c8SISTANCE CIMENT ANTIE USURE (CONDITIONER) (Haarl\u00e4ngenCiment 1000 ml)\"},{\"@type\":\"BreadcrumbList\",\"@id\":\"https:\/\/www.friseur-hopmann.de\/?product=r-sistance-ciment-antie-usure-conditioner-haarlangenciment-1000-ml#breadcrumb\",\"itemListElement\":[{\"@type\":\"ListItem\",\"position\":1,\"name\":\"Startseite\",\"item\":\"https:\/\/www.friseur-hopmann.de\/\"},{\"@type\":\"ListItem\",\"position\":2,\"name\":\"Produkte\",\"item\":\"https:\/\/www.friseur-hopmann.de\/?post_type=product\"},{\"@type\":\"ListItem\",\"position\":3,\"name\":\"K\u00c9RASTASE CIMENT ANTIE USURE (CONDITIONER) (Haarl\u00e4ngenCiment 1000 ml)\"}]},{\"@type\":\"WebSite\",\"@id\":\"https:\/\/www.friseur-hopmann.de\/#website\",\"url\":\"https:\/\/www.friseur-hopmann.de\/\",\"name\":\"Friseur Hopmann Hairstyling\",\"description\":\"Ihr Friseur in Nordhorn\",\"potentialAction\":[{\"@type\":\"SearchAction\",\"target\":{\"@type\":\"EntryPoint\",\"urlTemplate\":\"https:\/\/www.friseur-hopmann.de\/?s={search_term_string}\"},\"query-input\":{\"@type\":\"PropertyValueSpecification\",\"valueRequired\":true,\"valueName\":\"search_term_string\"}}],\"inLanguage\":\"de\"}]}<\/script>\n<!-- \/ Yoast SEO plugin. -->","yoast_head_json":{"title":"R\u00c8SISTANCE CIMENT ANTIE USURE (CONDITIONER) (Haarl\u00e4ngenCiment 1000 ml)","robots":{"index":"index","follow":"follow","max-snippet":"max-snippet:-1","max-image-preview":"max-image-preview:large","max-video-preview":"max-video-preview:-1"},"canonical":"https:\/\/www.friseur-hopmann.de\/?product=r-sistance-ciment-antie-usure-conditioner-haarlangenciment-1000-ml","og_locale":"de_DE","og_type":"article","og_title":"R\u00c8SISTANCE CIMENT ANTIE USURE (CONDITIONER) (Haarl\u00e4ngenCiment 1000 ml)","og_description":"Ciment Anti Usure Aufbauende Pflege-Creme mit dem Complexe Ciment-Cylane3, f\u00fcr gesch\u00e4digtes Haar.  Rekonstruiert die Haarfaser f\u00fcr ein geschmeidiges Haargef\u00fchl.  &nbsp;","og_url":"https:\/\/www.friseur-hopmann.de\/?product=r-sistance-ciment-antie-usure-conditioner-haarlangenciment-1000-ml","og_site_name":"Friseur Hopmann Hairstyling","article_modified_time":"2026-03-10T09:59:24+00:00","og_image":[{"width":400,"height":600,"url":"http:\/\/www.friseur-hopmann.de\/wp-content\/uploads\/2013\/03\/p-8375-44h901.jpg","type":"image\/jpeg"}],"twitter_card":"summary_large_image","twitter_misc":{"Gesch\u00e4tzte Lesezeit":"1\u00a0Minute"},"schema":{"@context":"https:\/\/schema.org","@graph":[{"@type":"WebPage","@id":"https:\/\/www.friseur-hopmann.de\/?product=r-sistance-ciment-antie-usure-conditioner-haarlangenciment-1000-ml","url":"https:\/\/www.friseur-hopmann.de\/?product=r-sistance-ciment-antie-usure-conditioner-haarlangenciment-1000-ml","name":"R\u00c8SISTANCE CIMENT ANTIE USURE (CONDITIONER) (Haarl\u00e4ngenCiment 1000 ml)","isPartOf":{"@id":"https:\/\/www.friseur-hopmann.de\/#website"},"primaryImageOfPage":{"@id":"https:\/\/www.friseur-hopmann.de\/?product=r-sistance-ciment-antie-usure-conditioner-haarlangenciment-1000-ml#primaryimage"},"image":{"@id":"https:\/\/www.friseur-hopmann.de\/?product=r-sistance-ciment-antie-usure-conditioner-haarlangenciment-1000-ml#primaryimage"},"thumbnailUrl":"https:\/\/www.friseur-hopmann.de\/wp-content\/uploads\/2013\/03\/p-8375-44h901.jpg","datePublished":"2006-04-25T08:04:59+00:00","dateModified":"2026-03-10T09:59:24+00:00","breadcrumb":{"@id":"https:\/\/www.friseur-hopmann.de\/?product=r-sistance-ciment-antie-usure-conditioner-haarlangenciment-1000-ml#breadcrumb"},"inLanguage":"de","potentialAction":[{"@type":"ReadAction","target":["https:\/\/www.friseur-hopmann.de\/?product=r-sistance-ciment-antie-usure-conditioner-haarlangenciment-1000-ml"]}]},{"@type":"ImageObject","inLanguage":"de","@id":"https:\/\/www.friseur-hopmann.de\/?product=r-sistance-ciment-antie-usure-conditioner-haarlangenciment-1000-ml#primaryimage","url":"https:\/\/www.friseur-hopmann.de\/wp-content\/uploads\/2013\/03\/p-8375-44h901.jpg","contentUrl":"https:\/\/www.friseur-hopmann.de\/wp-content\/uploads\/2013\/03\/p-8375-44h901.jpg","width":400,"height":600,"caption":"R\u00c8SISTANCE CIMENT ANTIE USURE (CONDITIONER) (Haarl\u00e4ngenCiment 1000 ml)"},{"@type":"BreadcrumbList","@id":"https:\/\/www.friseur-hopmann.de\/?product=r-sistance-ciment-antie-usure-conditioner-haarlangenciment-1000-ml#breadcrumb","itemListElement":[{"@type":"ListItem","position":1,"name":"Startseite","item":"https:\/\/www.friseur-hopmann.de\/"},{"@type":"ListItem","position":2,"name":"Produkte","item":"https:\/\/www.friseur-hopmann.de\/?post_type=product"},{"@type":"ListItem","position":3,"name":"K\u00c9RASTASE CIMENT ANTIE USURE (CONDITIONER) (Haarl\u00e4ngenCiment 1000 ml)"}]},{"@type":"WebSite","@id":"https:\/\/www.friseur-hopmann.de\/#website","url":"https:\/\/www.friseur-hopmann.de\/","name":"Friseur Hopmann Hairstyling","description":"Ihr Friseur in Nordhorn","potentialAction":[{"@type":"SearchAction","target":{"@type":"EntryPoint","urlTemplate":"https:\/\/www.friseur-hopmann.de\/?s={search_term_string}"},"query-input":{"@type":"PropertyValueSpecification","valueRequired":true,"valueName":"search_term_string"}}],"inLanguage":"de"}]}},"brands":[],"_links":{"self":[{"href":"https:\/\/www.friseur-hopmann.de\/index.php?rest_route=\/wp\/v2\/product\/8375","targetHints":{"allow":["GET"]}}],"collection":[{"href":"https:\/\/www.friseur-hopmann.de\/index.php?rest_route=\/wp\/v2\/product"}],"about":[{"href":"https:\/\/www.friseur-hopmann.de\/index.php?rest_route=\/wp\/v2\/types\/product"}],"replies":[{"embeddable":true,"href":"https:\/\/www.friseur-hopmann.de\/index.php?rest_route=%2Fwp%2Fv2%2Fcomments&post=8375"}],"wp:featuredmedia":[{"embeddable":true,"href":"https:\/\/www.friseur-hopmann.de\/index.php?rest_route=\/wp\/v2\/media\/8376"}],"wp:attachment":[{"href":"https:\/\/www.friseur-hopmann.de\/index.php?rest_route=%2Fwp%2Fv2%2Fmedia&parent=8375"}],"wp:term":[{"taxonomy":"pwb-brand","embeddable":true,"href":"https:\/\/www.friseur-hopmann.de\/index.php?rest_route=%2Fwp%2Fv2%2Fpwb-brand&post=8375"},{"taxonomy":"product_brand","embeddable":true,"href":"https:\/\/www.friseur-hopmann.de\/index.php?rest_route=%2Fwp%2Fv2%2Fproduct_brand&post=8375"},{"taxonomy":"product_cat","embeddable":true,"href":"https:\/\/www.friseur-hopmann.de\/index.php?rest_route=%2Fwp%2Fv2%2Fproduct_cat&post=8375"},{"taxonomy":"product_tag","embeddable":true,"href":"https:\/\/www.friseur-hopmann.de\/index.php?rest_route=%2Fwp%2Fv2%2Fproduct_tag&post=8375"}],"curies":[{"name":"wp","href":"https:\/\/api.w.org\/{rel}","templated":true}]}}