{"id":8362,"date":"2016-07-04T10:04:59","date_gmt":"2016-07-04T08:04:59","guid":{"rendered":"http:\/\/www.friseur-hopmann.de\/?post_type=product&#038;p=8362"},"modified":"2026-03-09T18:53:38","modified_gmt":"2026-03-09T16:53:38","slug":"fusio-dose-booster-reflection-120-ml","status":"publish","type":"product","link":"https:\/\/www.friseur-hopmann.de\/?product=fusio-dose-booster-reflection-120-ml","title":{"rendered":"K\u00c9RASTASE FUSIO DOSE Booster Brilliance 120 ml"},"content":{"rendered":"<h3>Produktbeschreibung:<\/h3>\n<div class=\"c-product__description\">\n<p>Booster Brillance ist eine Pflege mit S\u00e4ureschutz, die <strong>die Haarfaseroberfl\u00e4che nach einer Coloration neu aufbaut und colorationsbedingten Sch\u00e4den der Faser entgegenwirkt<\/strong>:<\/p>\n<ul>\n<li>&#8211; versiegelt die Haarfaser, reduziert Porosit\u00e4t &amp; k\u00fcnftiges Verblassen der Farbe<\/li>\n<li>&#8211; sorgt f\u00fcr eine gleichm\u00e4ssige Haarfaseroberfl\u00e4che und einen geschmeidigen Griff<\/li>\n<li>&#8211; verst\u00e4rkt Glanz &amp; Leuchtkraft<\/li>\n<\/ul>\n<\/div>\n<p>&nbsp;<\/p>\n<h3>Anwendung:<\/h3>\n<p><strong>nur in Verbindung mit:<\/strong><\/p>\n<p>Concentr\u00e9 Nutritive<\/p>\n<p><em>oder<\/em> Concentr\u00e9 Chroma Absolu<\/p>\n<p><em>oder<\/em> Concentr\u00e9 Resistence<\/p>\n<p><em>oder<\/em> Concentr\u00e9 Densifique<\/p>\n<p><em>oder<\/em> Conentr\u00e9 Curl Manifesto<\/p>\n<p><em>oder<\/em> Concentr\u00e9 Genesis<\/p>\n<p><em>oder<\/em> Concentr\u00e9 Blond Absolu<\/p>\n<p><strong>WICHTIG<\/strong>: Gebrauchsanweisung unbedingt befolgen.<\/p>\n<h3>Haartyp\/Zielgruppe:<\/h3>\n<p>Pflege f\u00fcr coloriertes &amp; gestr\u00e4hntes Haar<\/p>\n<h3>Inhalt<\/h3>\n<p>120 ml<\/p>\n","protected":false},"excerpt":{"rendered":"<p>Booster Brillance ist eine Pflege mit S\u00e4ureschutz, die <strong>die Haarfaseroberfl\u00e4che nach einer Coloration neu aufbaut und colorationsbedingten Sch\u00e4den der Faser entgegenwirkt<\/strong>.<\/p>\n<div class=\"se-field se-switch field flex se-field--fluid\">\n<div class=\"se-field__label-container\">\n<div class=\"se-field__label-section fixed-width\">\n<p><strong><label class=\"field__label\" for=\"s0-0-0-24-8-REGULATORY_COMPLIANCE-0-34-6[3]-1-se-switch\">I<em>nformationen zur Produktsicherheit (GPSR-Richtlinien)<\/em><\/label><\/strong><\/p>\n<p><em>Enth\u00e4lt Inhaltsstoffe, die Allergien ausl\u00f6sen k\u00f6nnen.<\/em><\/p>\n<p><em>Bei Kontakt mit den Augen, diese gr\u00fcndlich aussp\u00fclen.<\/em><\/p>\n<p>Verantwortlicher Hersteller: L<em>oreal Professionnel,\u00a0 14, rue Royale 75008 Paris\u00b4<\/em><\/p>\n<\/div>\n<\/div>\n<\/div>\n<div class=\"summary__hazmat-gridview-section\">\n<div class=\"summary__regulatory--section hazmat-statements\">\n<div class=\"se-field se-expand-button se-filter-menu-button field se-field--fluid\">\n<div class=\"se-field--fluid\">\n<div><em>fragen@loreal-group. com<\/em><\/div>\n<\/div>\n<\/div>\n<\/div>\n<\/div>\n<p>&nbsp;<\/p>\n","protected":false},"featured_media":21721,"comment_status":"open","ping_status":"closed","template":"","meta":{"_exactmetrics_skip_tracking":false,"_exactmetrics_sitenote_active":false,"_exactmetrics_sitenote_note":"","_exactmetrics_sitenote_category":0,"_monsterinsights_skip_tracking":false,"_monsterinsights_sitenote_active":false,"_monsterinsights_sitenote_note":"","_monsterinsights_sitenote_category":0},"pwb-brand":[],"product_brand":[615],"product_cat":[491,544,547,940],"product_tag":[822,700,773,821],"class_list":{"0":"post-8362","1":"product","2":"type-product","3":"status-publish","4":"has-post-thumbnail","6":"product_brand-kerastase-2","7":"product_cat-kerastase","8":"product_cat-kerastase-haarpflege","9":"product_cat-kerastase-pflegelotion","10":"product_cat-chroma-absolu-kerastase","11":"product_tag-colorationhaarpflege","12":"product_tag-farbpflege","13":"product_tag-farbschutz","14":"product_tag-intensiv-farbpflegeconcentrat","15":"pa_inhalt-639","17":"first","18":"instock","19":"taxable","20":"shipping-taxable","21":"purchasable","22":"product-type-simple"},"yoast_head":"<!-- This site is optimized with the Yoast SEO plugin v24.6 - https:\/\/yoast.com\/wordpress\/plugins\/seo\/ -->\n<title>FUSIO DOSE BOOSTER REFLECTION 120 ml<\/title>\n<meta name=\"robots\" content=\"index, follow, max-snippet:-1, max-image-preview:large, max-video-preview:-1\" \/>\n<link rel=\"canonical\" href=\"https:\/\/www.friseur-hopmann.de\/?product=fusio-dose-booster-reflection-120-ml\" \/>\n<meta property=\"og:locale\" content=\"de_DE\" \/>\n<meta property=\"og:type\" content=\"article\" \/>\n<meta property=\"og:title\" content=\"FUSIO DOSE BOOSTER REFLECTION 120 ml\" \/>\n<meta property=\"og:description\" content=\"Booster Brillance ist eine Pflege mit S\u00e4ureschutz, die die Haarfaseroberfl\u00e4che nach einer Coloration neu aufbaut und colorationsbedingten Sch\u00e4den der Faser entgegenwirkt.     Informationen zur Produktsicherheit (GPSR-Richtlinien)  Enth\u00e4lt Inhaltsstoffe, die Allergien ausl\u00f6sen k\u00f6nnen.  Bei Kontakt mit den Augen, diese gr\u00fcndlich aussp\u00fclen.  Verantwortlicher Hersteller: Loreal Professionnel,\u00a0 14, rue Royale 75008 Paris\u00b4         fragen@loreal-group. com     &nbsp;\" \/>\n<meta property=\"og:url\" content=\"https:\/\/www.friseur-hopmann.de\/?product=fusio-dose-booster-reflection-120-ml\" \/>\n<meta property=\"og:site_name\" content=\"Friseur Hopmann Hairstyling\" \/>\n<meta property=\"article:modified_time\" content=\"2026-03-09T16:53:38+00:00\" \/>\n<meta property=\"og:image\" content=\"http:\/\/www.friseur-hopmann.de\/wp-content\/uploads\/2016\/07\/Chroma-Absolu-Booster.jpg\" \/>\n\t<meta property=\"og:image:width\" content=\"992\" \/>\n\t<meta property=\"og:image:height\" content=\"756\" \/>\n\t<meta property=\"og:image:type\" content=\"image\/jpeg\" \/>\n<meta name=\"twitter:card\" content=\"summary_large_image\" \/>\n<meta name=\"twitter:label1\" content=\"Gesch\u00e4tzte Lesezeit\" \/>\n\t<meta name=\"twitter:data1\" content=\"1\u00a0Minute\" \/>\n<script type=\"application\/ld+json\" class=\"yoast-schema-graph\">{\"@context\":\"https:\/\/schema.org\",\"@graph\":[{\"@type\":\"WebPage\",\"@id\":\"https:\/\/www.friseur-hopmann.de\/?product=fusio-dose-booster-reflection-120-ml\",\"url\":\"https:\/\/www.friseur-hopmann.de\/?product=fusio-dose-booster-reflection-120-ml\",\"name\":\"FUSIO DOSE BOOSTER REFLECTION 120 ml\",\"isPartOf\":{\"@id\":\"https:\/\/www.friseur-hopmann.de\/#website\"},\"primaryImageOfPage\":{\"@id\":\"https:\/\/www.friseur-hopmann.de\/?product=fusio-dose-booster-reflection-120-ml#primaryimage\"},\"image\":{\"@id\":\"https:\/\/www.friseur-hopmann.de\/?product=fusio-dose-booster-reflection-120-ml#primaryimage\"},\"thumbnailUrl\":\"https:\/\/www.friseur-hopmann.de\/wp-content\/uploads\/2016\/07\/Chroma-Absolu-Booster.jpg\",\"datePublished\":\"2016-07-04T08:04:59+00:00\",\"dateModified\":\"2026-03-09T16:53:38+00:00\",\"breadcrumb\":{\"@id\":\"https:\/\/www.friseur-hopmann.de\/?product=fusio-dose-booster-reflection-120-ml#breadcrumb\"},\"inLanguage\":\"de\",\"potentialAction\":[{\"@type\":\"ReadAction\",\"target\":[\"https:\/\/www.friseur-hopmann.de\/?product=fusio-dose-booster-reflection-120-ml\"]}]},{\"@type\":\"ImageObject\",\"inLanguage\":\"de\",\"@id\":\"https:\/\/www.friseur-hopmann.de\/?product=fusio-dose-booster-reflection-120-ml#primaryimage\",\"url\":\"https:\/\/www.friseur-hopmann.de\/wp-content\/uploads\/2016\/07\/Chroma-Absolu-Booster.jpg\",\"contentUrl\":\"https:\/\/www.friseur-hopmann.de\/wp-content\/uploads\/2016\/07\/Chroma-Absolu-Booster.jpg\",\"width\":992,\"height\":756},{\"@type\":\"BreadcrumbList\",\"@id\":\"https:\/\/www.friseur-hopmann.de\/?product=fusio-dose-booster-reflection-120-ml#breadcrumb\",\"itemListElement\":[{\"@type\":\"ListItem\",\"position\":1,\"name\":\"Startseite\",\"item\":\"https:\/\/www.friseur-hopmann.de\/\"},{\"@type\":\"ListItem\",\"position\":2,\"name\":\"Produkte\",\"item\":\"https:\/\/www.friseur-hopmann.de\/?post_type=product\"},{\"@type\":\"ListItem\",\"position\":3,\"name\":\"K\u00c9RASTASE FUSIO DOSE Booster Brilliance 120 ml\"}]},{\"@type\":\"WebSite\",\"@id\":\"https:\/\/www.friseur-hopmann.de\/#website\",\"url\":\"https:\/\/www.friseur-hopmann.de\/\",\"name\":\"Friseur Hopmann Hairstyling\",\"description\":\"Ihr Friseur in Nordhorn\",\"potentialAction\":[{\"@type\":\"SearchAction\",\"target\":{\"@type\":\"EntryPoint\",\"urlTemplate\":\"https:\/\/www.friseur-hopmann.de\/?s={search_term_string}\"},\"query-input\":{\"@type\":\"PropertyValueSpecification\",\"valueRequired\":true,\"valueName\":\"search_term_string\"}}],\"inLanguage\":\"de\"}]}<\/script>\n<!-- \/ Yoast SEO plugin. -->","yoast_head_json":{"title":"FUSIO DOSE BOOSTER REFLECTION 120 ml","robots":{"index":"index","follow":"follow","max-snippet":"max-snippet:-1","max-image-preview":"max-image-preview:large","max-video-preview":"max-video-preview:-1"},"canonical":"https:\/\/www.friseur-hopmann.de\/?product=fusio-dose-booster-reflection-120-ml","og_locale":"de_DE","og_type":"article","og_title":"FUSIO DOSE BOOSTER REFLECTION 120 ml","og_description":"Booster Brillance ist eine Pflege mit S\u00e4ureschutz, die die Haarfaseroberfl\u00e4che nach einer Coloration neu aufbaut und colorationsbedingten Sch\u00e4den der Faser entgegenwirkt.     Informationen zur Produktsicherheit (GPSR-Richtlinien)  Enth\u00e4lt Inhaltsstoffe, die Allergien ausl\u00f6sen k\u00f6nnen.  Bei Kontakt mit den Augen, diese gr\u00fcndlich aussp\u00fclen.  Verantwortlicher Hersteller: Loreal Professionnel,\u00a0 14, rue Royale 75008 Paris\u00b4         fragen@loreal-group. com     &nbsp;","og_url":"https:\/\/www.friseur-hopmann.de\/?product=fusio-dose-booster-reflection-120-ml","og_site_name":"Friseur Hopmann Hairstyling","article_modified_time":"2026-03-09T16:53:38+00:00","og_image":[{"width":992,"height":756,"url":"http:\/\/www.friseur-hopmann.de\/wp-content\/uploads\/2016\/07\/Chroma-Absolu-Booster.jpg","type":"image\/jpeg"}],"twitter_card":"summary_large_image","twitter_misc":{"Gesch\u00e4tzte Lesezeit":"1\u00a0Minute"},"schema":{"@context":"https:\/\/schema.org","@graph":[{"@type":"WebPage","@id":"https:\/\/www.friseur-hopmann.de\/?product=fusio-dose-booster-reflection-120-ml","url":"https:\/\/www.friseur-hopmann.de\/?product=fusio-dose-booster-reflection-120-ml","name":"FUSIO DOSE BOOSTER REFLECTION 120 ml","isPartOf":{"@id":"https:\/\/www.friseur-hopmann.de\/#website"},"primaryImageOfPage":{"@id":"https:\/\/www.friseur-hopmann.de\/?product=fusio-dose-booster-reflection-120-ml#primaryimage"},"image":{"@id":"https:\/\/www.friseur-hopmann.de\/?product=fusio-dose-booster-reflection-120-ml#primaryimage"},"thumbnailUrl":"https:\/\/www.friseur-hopmann.de\/wp-content\/uploads\/2016\/07\/Chroma-Absolu-Booster.jpg","datePublished":"2016-07-04T08:04:59+00:00","dateModified":"2026-03-09T16:53:38+00:00","breadcrumb":{"@id":"https:\/\/www.friseur-hopmann.de\/?product=fusio-dose-booster-reflection-120-ml#breadcrumb"},"inLanguage":"de","potentialAction":[{"@type":"ReadAction","target":["https:\/\/www.friseur-hopmann.de\/?product=fusio-dose-booster-reflection-120-ml"]}]},{"@type":"ImageObject","inLanguage":"de","@id":"https:\/\/www.friseur-hopmann.de\/?product=fusio-dose-booster-reflection-120-ml#primaryimage","url":"https:\/\/www.friseur-hopmann.de\/wp-content\/uploads\/2016\/07\/Chroma-Absolu-Booster.jpg","contentUrl":"https:\/\/www.friseur-hopmann.de\/wp-content\/uploads\/2016\/07\/Chroma-Absolu-Booster.jpg","width":992,"height":756},{"@type":"BreadcrumbList","@id":"https:\/\/www.friseur-hopmann.de\/?product=fusio-dose-booster-reflection-120-ml#breadcrumb","itemListElement":[{"@type":"ListItem","position":1,"name":"Startseite","item":"https:\/\/www.friseur-hopmann.de\/"},{"@type":"ListItem","position":2,"name":"Produkte","item":"https:\/\/www.friseur-hopmann.de\/?post_type=product"},{"@type":"ListItem","position":3,"name":"K\u00c9RASTASE FUSIO DOSE Booster Brilliance 120 ml"}]},{"@type":"WebSite","@id":"https:\/\/www.friseur-hopmann.de\/#website","url":"https:\/\/www.friseur-hopmann.de\/","name":"Friseur Hopmann Hairstyling","description":"Ihr Friseur in Nordhorn","potentialAction":[{"@type":"SearchAction","target":{"@type":"EntryPoint","urlTemplate":"https:\/\/www.friseur-hopmann.de\/?s={search_term_string}"},"query-input":{"@type":"PropertyValueSpecification","valueRequired":true,"valueName":"search_term_string"}}],"inLanguage":"de"}]}},"brands":[],"_links":{"self":[{"href":"https:\/\/www.friseur-hopmann.de\/index.php?rest_route=\/wp\/v2\/product\/8362","targetHints":{"allow":["GET"]}}],"collection":[{"href":"https:\/\/www.friseur-hopmann.de\/index.php?rest_route=\/wp\/v2\/product"}],"about":[{"href":"https:\/\/www.friseur-hopmann.de\/index.php?rest_route=\/wp\/v2\/types\/product"}],"replies":[{"embeddable":true,"href":"https:\/\/www.friseur-hopmann.de\/index.php?rest_route=%2Fwp%2Fv2%2Fcomments&post=8362"}],"wp:featuredmedia":[{"embeddable":true,"href":"https:\/\/www.friseur-hopmann.de\/index.php?rest_route=\/wp\/v2\/media\/21721"}],"wp:attachment":[{"href":"https:\/\/www.friseur-hopmann.de\/index.php?rest_route=%2Fwp%2Fv2%2Fmedia&parent=8362"}],"wp:term":[{"taxonomy":"pwb-brand","embeddable":true,"href":"https:\/\/www.friseur-hopmann.de\/index.php?rest_route=%2Fwp%2Fv2%2Fpwb-brand&post=8362"},{"taxonomy":"product_brand","embeddable":true,"href":"https:\/\/www.friseur-hopmann.de\/index.php?rest_route=%2Fwp%2Fv2%2Fproduct_brand&post=8362"},{"taxonomy":"product_cat","embeddable":true,"href":"https:\/\/www.friseur-hopmann.de\/index.php?rest_route=%2Fwp%2Fv2%2Fproduct_cat&post=8362"},{"taxonomy":"product_tag","embeddable":true,"href":"https:\/\/www.friseur-hopmann.de\/index.php?rest_route=%2Fwp%2Fv2%2Fproduct_tag&post=8362"}],"curies":[{"name":"wp","href":"https:\/\/api.w.org\/{rel}","templated":true}]}}