{"id":8350,"date":"2006-01-20T10:04:58","date_gmt":"2006-01-20T08:04:58","guid":{"rendered":"http:\/\/www.friseur-hopmann.de\/?post_type=product&#038;p=8350"},"modified":"2025-01-04T22:06:17","modified_gmt":"2025-01-04T20:06:17","slug":"quick-dry-18-haarspray-400-ml-aerosol-spray","status":"publish","type":"product","link":"https:\/\/www.friseur-hopmann.de\/?product=quick-dry-18-haarspray-400-ml-aerosol-spray","title":{"rendered":"REDKEN STYLING quick dry 18 &#8211; haarspray 400 ml (aerosol-spray)"},"content":{"rendered":"<h3>Produktbeschreibung:<\/h3>\n<p>QUICK DRY 18 HAARSPRAY<br \/>\nSchnell trocknendes Haarspray<br \/>\nDas bew\u00e4hrte Finish-Spray vollendet das Styling mit einem unkomplizierten, standhaften Finish und gesundem Glanz.<\/p>\n<h3>Zielgruppe:<\/h3>\n<p>Wunsch: mehr Halt und Festigkkeit.<br \/>\nIdeal geeignet f\u00fcr feines Haar.<\/p>\n<h3>Anwendung:<\/h3>\n<p>Aus ca. 30 cm auf das trockene, bereits gestylte Haar spr\u00fchen.<br \/>\nF\u00fcr noch mehr Halt erneut auftragen.<\/p>\n<h3>Stylingtipps:<\/h3>\n<p>Quick dry 18 kann bereits w\u00e4hrend des Stylens angewendet werden, zum Beispiel um Hochsteckfrisuren zu fixieren.<\/p>\n<p><strong>Inhalt:<\/strong> 400 ml<\/p>\n<h3>INFO:<\/h3>\n<p>AEROSOLE: Die neuen Haarsprays von Redken bieten die innovative Power-Glanz Technologie und sind in den Haltegraden medium und maximum erh\u00e4ltlich. Bezeichnend f\u00fcr die Aerosole ist der feine, wasserfreie Spr\u00fchnebel, welcher das Haar nicht beschwert, ultra-schnell trocknet und deshalb besonders gut f\u00fcr feines Haar geeignet ist. Die Haarsprays erlauben eine ebenm\u00e4\u00dfige Verteilung auf dem Kopf. Ideal zum globalen Arbeiten und f\u00fcr ein klassisches Finish.<\/p>\n","protected":false},"excerpt":{"rendered":"<p>QUICK DRY 18 HAARSPRAY<br \/>\nSchnell trocknendes Haarspray<br \/>\nDas bew\u00e4hrte Finish-Spray vollendet das Styling mit einem unkomplizierten, standhaften Finish und gesundem Glanz.<\/p>\n<p>Haarspray, ideall bei feinem Haar<\/p>\n","protected":false},"featured_media":20573,"comment_status":"open","ping_status":"closed","template":"","meta":{"_exactmetrics_skip_tracking":false,"_exactmetrics_sitenote_active":false,"_exactmetrics_sitenote_note":"","_exactmetrics_sitenote_category":0,"_monsterinsights_skip_tracking":false,"_monsterinsights_sitenote_active":false,"_monsterinsights_sitenote_note":"","_monsterinsights_sitenote_category":0},"pwb-brand":[],"product_brand":[613],"product_cat":[500,559,503],"product_tag":[],"class_list":{"0":"post-8350","1":"product","2":"type-product","3":"status-publish","4":"has-post-thumbnail","6":"product_brand-redken-2","7":"product_cat-redken","8":"product_cat-redken-haarspray","9":"product_cat-styling-2","10":"pa_inhalt-640","12":"first","13":"instock","14":"taxable","15":"shipping-taxable","16":"purchasable","17":"product-type-simple"},"yoast_head":"<!-- This site is optimized with the Yoast SEO plugin v24.6 - https:\/\/yoast.com\/wordpress\/plugins\/seo\/ -->\n<title>quick dry 18 - haarspray 400 ml (aerosol-spray)<\/title>\n<meta name=\"robots\" content=\"index, follow, max-snippet:-1, max-image-preview:large, max-video-preview:-1\" \/>\n<link rel=\"canonical\" href=\"https:\/\/www.friseur-hopmann.de\/?product=quick-dry-18-haarspray-400-ml-aerosol-spray\" \/>\n<meta property=\"og:locale\" content=\"de_DE\" \/>\n<meta property=\"og:type\" content=\"article\" \/>\n<meta property=\"og:title\" content=\"quick dry 18 - haarspray 400 ml (aerosol-spray)\" \/>\n<meta property=\"og:description\" content=\"QUICK DRY 18 HAARSPRAY Schnell trocknendes Haarspray Das bew\u00e4hrte Finish-Spray vollendet das Styling mit einem unkomplizierten, standhaften Finish und gesundem Glanz.  Haarspray, ideall bei feinem Haar\" \/>\n<meta property=\"og:url\" content=\"https:\/\/www.friseur-hopmann.de\/?product=quick-dry-18-haarspray-400-ml-aerosol-spray\" \/>\n<meta property=\"og:site_name\" content=\"Friseur Hopmann Hairstyling\" \/>\n<meta property=\"article:modified_time\" content=\"2025-01-04T20:06:17+00:00\" \/>\n<meta property=\"og:image\" content=\"http:\/\/www.friseur-hopmann.de\/wp-content\/uploads\/2006\/01\/QuickDry18.jpg\" \/>\n\t<meta property=\"og:image:width\" content=\"500\" \/>\n\t<meta property=\"og:image:height\" content=\"500\" \/>\n\t<meta property=\"og:image:type\" content=\"image\/jpeg\" \/>\n<meta name=\"twitter:card\" content=\"summary_large_image\" \/>\n<meta name=\"twitter:label1\" content=\"Gesch\u00e4tzte Lesezeit\" \/>\n\t<meta name=\"twitter:data1\" content=\"1\u00a0Minute\" \/>\n<script type=\"application\/ld+json\" class=\"yoast-schema-graph\">{\"@context\":\"https:\/\/schema.org\",\"@graph\":[{\"@type\":\"WebPage\",\"@id\":\"https:\/\/www.friseur-hopmann.de\/?product=quick-dry-18-haarspray-400-ml-aerosol-spray\",\"url\":\"https:\/\/www.friseur-hopmann.de\/?product=quick-dry-18-haarspray-400-ml-aerosol-spray\",\"name\":\"quick dry 18 - haarspray 400 ml (aerosol-spray)\",\"isPartOf\":{\"@id\":\"https:\/\/www.friseur-hopmann.de\/#website\"},\"primaryImageOfPage\":{\"@id\":\"https:\/\/www.friseur-hopmann.de\/?product=quick-dry-18-haarspray-400-ml-aerosol-spray#primaryimage\"},\"image\":{\"@id\":\"https:\/\/www.friseur-hopmann.de\/?product=quick-dry-18-haarspray-400-ml-aerosol-spray#primaryimage\"},\"thumbnailUrl\":\"https:\/\/www.friseur-hopmann.de\/wp-content\/uploads\/2006\/01\/QuickDry18.jpg\",\"datePublished\":\"2006-01-20T08:04:58+00:00\",\"dateModified\":\"2025-01-04T20:06:17+00:00\",\"breadcrumb\":{\"@id\":\"https:\/\/www.friseur-hopmann.de\/?product=quick-dry-18-haarspray-400-ml-aerosol-spray#breadcrumb\"},\"inLanguage\":\"de\",\"potentialAction\":[{\"@type\":\"ReadAction\",\"target\":[\"https:\/\/www.friseur-hopmann.de\/?product=quick-dry-18-haarspray-400-ml-aerosol-spray\"]}]},{\"@type\":\"ImageObject\",\"inLanguage\":\"de\",\"@id\":\"https:\/\/www.friseur-hopmann.de\/?product=quick-dry-18-haarspray-400-ml-aerosol-spray#primaryimage\",\"url\":\"https:\/\/www.friseur-hopmann.de\/wp-content\/uploads\/2006\/01\/QuickDry18.jpg\",\"contentUrl\":\"https:\/\/www.friseur-hopmann.de\/wp-content\/uploads\/2006\/01\/QuickDry18.jpg\",\"width\":500,\"height\":500},{\"@type\":\"BreadcrumbList\",\"@id\":\"https:\/\/www.friseur-hopmann.de\/?product=quick-dry-18-haarspray-400-ml-aerosol-spray#breadcrumb\",\"itemListElement\":[{\"@type\":\"ListItem\",\"position\":1,\"name\":\"Startseite\",\"item\":\"https:\/\/www.friseur-hopmann.de\/\"},{\"@type\":\"ListItem\",\"position\":2,\"name\":\"Produkte\",\"item\":\"https:\/\/www.friseur-hopmann.de\/?post_type=product\"},{\"@type\":\"ListItem\",\"position\":3,\"name\":\"REDKEN STYLING quick dry 18 &#8211; haarspray 400 ml (aerosol-spray)\"}]},{\"@type\":\"WebSite\",\"@id\":\"https:\/\/www.friseur-hopmann.de\/#website\",\"url\":\"https:\/\/www.friseur-hopmann.de\/\",\"name\":\"Friseur Hopmann Hairstyling\",\"description\":\"Ihr Friseur in Nordhorn\",\"potentialAction\":[{\"@type\":\"SearchAction\",\"target\":{\"@type\":\"EntryPoint\",\"urlTemplate\":\"https:\/\/www.friseur-hopmann.de\/?s={search_term_string}\"},\"query-input\":{\"@type\":\"PropertyValueSpecification\",\"valueRequired\":true,\"valueName\":\"search_term_string\"}}],\"inLanguage\":\"de\"}]}<\/script>\n<!-- \/ Yoast SEO plugin. -->","yoast_head_json":{"title":"quick dry 18 - haarspray 400 ml (aerosol-spray)","robots":{"index":"index","follow":"follow","max-snippet":"max-snippet:-1","max-image-preview":"max-image-preview:large","max-video-preview":"max-video-preview:-1"},"canonical":"https:\/\/www.friseur-hopmann.de\/?product=quick-dry-18-haarspray-400-ml-aerosol-spray","og_locale":"de_DE","og_type":"article","og_title":"quick dry 18 - haarspray 400 ml (aerosol-spray)","og_description":"QUICK DRY 18 HAARSPRAY Schnell trocknendes Haarspray Das bew\u00e4hrte Finish-Spray vollendet das Styling mit einem unkomplizierten, standhaften Finish und gesundem Glanz.  Haarspray, ideall bei feinem Haar","og_url":"https:\/\/www.friseur-hopmann.de\/?product=quick-dry-18-haarspray-400-ml-aerosol-spray","og_site_name":"Friseur Hopmann Hairstyling","article_modified_time":"2025-01-04T20:06:17+00:00","og_image":[{"width":500,"height":500,"url":"http:\/\/www.friseur-hopmann.de\/wp-content\/uploads\/2006\/01\/QuickDry18.jpg","type":"image\/jpeg"}],"twitter_card":"summary_large_image","twitter_misc":{"Gesch\u00e4tzte Lesezeit":"1\u00a0Minute"},"schema":{"@context":"https:\/\/schema.org","@graph":[{"@type":"WebPage","@id":"https:\/\/www.friseur-hopmann.de\/?product=quick-dry-18-haarspray-400-ml-aerosol-spray","url":"https:\/\/www.friseur-hopmann.de\/?product=quick-dry-18-haarspray-400-ml-aerosol-spray","name":"quick dry 18 - haarspray 400 ml (aerosol-spray)","isPartOf":{"@id":"https:\/\/www.friseur-hopmann.de\/#website"},"primaryImageOfPage":{"@id":"https:\/\/www.friseur-hopmann.de\/?product=quick-dry-18-haarspray-400-ml-aerosol-spray#primaryimage"},"image":{"@id":"https:\/\/www.friseur-hopmann.de\/?product=quick-dry-18-haarspray-400-ml-aerosol-spray#primaryimage"},"thumbnailUrl":"https:\/\/www.friseur-hopmann.de\/wp-content\/uploads\/2006\/01\/QuickDry18.jpg","datePublished":"2006-01-20T08:04:58+00:00","dateModified":"2025-01-04T20:06:17+00:00","breadcrumb":{"@id":"https:\/\/www.friseur-hopmann.de\/?product=quick-dry-18-haarspray-400-ml-aerosol-spray#breadcrumb"},"inLanguage":"de","potentialAction":[{"@type":"ReadAction","target":["https:\/\/www.friseur-hopmann.de\/?product=quick-dry-18-haarspray-400-ml-aerosol-spray"]}]},{"@type":"ImageObject","inLanguage":"de","@id":"https:\/\/www.friseur-hopmann.de\/?product=quick-dry-18-haarspray-400-ml-aerosol-spray#primaryimage","url":"https:\/\/www.friseur-hopmann.de\/wp-content\/uploads\/2006\/01\/QuickDry18.jpg","contentUrl":"https:\/\/www.friseur-hopmann.de\/wp-content\/uploads\/2006\/01\/QuickDry18.jpg","width":500,"height":500},{"@type":"BreadcrumbList","@id":"https:\/\/www.friseur-hopmann.de\/?product=quick-dry-18-haarspray-400-ml-aerosol-spray#breadcrumb","itemListElement":[{"@type":"ListItem","position":1,"name":"Startseite","item":"https:\/\/www.friseur-hopmann.de\/"},{"@type":"ListItem","position":2,"name":"Produkte","item":"https:\/\/www.friseur-hopmann.de\/?post_type=product"},{"@type":"ListItem","position":3,"name":"REDKEN STYLING quick dry 18 &#8211; haarspray 400 ml (aerosol-spray)"}]},{"@type":"WebSite","@id":"https:\/\/www.friseur-hopmann.de\/#website","url":"https:\/\/www.friseur-hopmann.de\/","name":"Friseur Hopmann Hairstyling","description":"Ihr Friseur in Nordhorn","potentialAction":[{"@type":"SearchAction","target":{"@type":"EntryPoint","urlTemplate":"https:\/\/www.friseur-hopmann.de\/?s={search_term_string}"},"query-input":{"@type":"PropertyValueSpecification","valueRequired":true,"valueName":"search_term_string"}}],"inLanguage":"de"}]}},"brands":[],"_links":{"self":[{"href":"https:\/\/www.friseur-hopmann.de\/index.php?rest_route=\/wp\/v2\/product\/8350","targetHints":{"allow":["GET"]}}],"collection":[{"href":"https:\/\/www.friseur-hopmann.de\/index.php?rest_route=\/wp\/v2\/product"}],"about":[{"href":"https:\/\/www.friseur-hopmann.de\/index.php?rest_route=\/wp\/v2\/types\/product"}],"replies":[{"embeddable":true,"href":"https:\/\/www.friseur-hopmann.de\/index.php?rest_route=%2Fwp%2Fv2%2Fcomments&post=8350"}],"wp:featuredmedia":[{"embeddable":true,"href":"https:\/\/www.friseur-hopmann.de\/index.php?rest_route=\/wp\/v2\/media\/20573"}],"wp:attachment":[{"href":"https:\/\/www.friseur-hopmann.de\/index.php?rest_route=%2Fwp%2Fv2%2Fmedia&parent=8350"}],"wp:term":[{"taxonomy":"pwb-brand","embeddable":true,"href":"https:\/\/www.friseur-hopmann.de\/index.php?rest_route=%2Fwp%2Fv2%2Fpwb-brand&post=8350"},{"taxonomy":"product_brand","embeddable":true,"href":"https:\/\/www.friseur-hopmann.de\/index.php?rest_route=%2Fwp%2Fv2%2Fproduct_brand&post=8350"},{"taxonomy":"product_cat","embeddable":true,"href":"https:\/\/www.friseur-hopmann.de\/index.php?rest_route=%2Fwp%2Fv2%2Fproduct_cat&post=8350"},{"taxonomy":"product_tag","embeddable":true,"href":"https:\/\/www.friseur-hopmann.de\/index.php?rest_route=%2Fwp%2Fv2%2Fproduct_tag&post=8350"}],"curies":[{"name":"wp","href":"https:\/\/api.w.org\/{rel}","templated":true}]}}