{"id":8342,"date":"2006-01-10T10:04:58","date_gmt":"2006-01-10T08:04:58","guid":{"rendered":"http:\/\/www.friseur-hopmann.de\/?post_type=product&#038;p=8342"},"modified":"2025-01-04T22:06:37","modified_gmt":"2025-01-04T20:06:37","slug":"touch-control-05-texture-whip","status":"publish","type":"product","link":"https:\/\/www.friseur-hopmann.de\/?product=touch-control-05-texture-whip","title":{"rendered":"REDKEN STYLING TOUCHEAPLE TEXTURE (touch control 05) 200 ml"},"content":{"rendered":"<h3>Produktbeschreibung:<\/h3>\n<p>TOUCHEAPLE TEXTURE TOUCH CONTROL 05, ein pflegender Schaum f\u00fcr Festigung, F\u00fclle und Halt.<\/p>\n<h3>Hinweis:<\/h3>\n<p>Der Schaumfestiger ist v\u00f6llig parabemfrei!<\/p>\n<h3>Zielgruppe:<\/h3>\n<p>Besonders geeignet f\u00fcr sensibilisiertes und empfindliches Haar.<\/p>\n<h3>Technologie:<\/h3>\n<p>Weizenproteine- u. St\u00e4rke geben dem Haar Widerstands-kraft, Haarverst\u00e4rkende Komponenten verleihen dem Haar Body, F\u00fclle und Volumen. Xylose-Polymere verbessern die K\u00e4mmbarkeit und dienen als Hitzeschutz. UV-Filter sch\u00fctzen das Haar vor sch\u00e4digender Sonneneinstrahlung.<\/p>\n<h3>Anwendung:<\/h3>\n<p>Eine ausreichende Menge auf die Hand spr\u00fchen. Auf das handtuchtrockene Haar auftragen. Mit F\u00f6hn, Diffusor oder Lockenwickler stylen oder lufttrocknen lassen.<\/p>\n<p><strong>Inhalt:<\/strong> 200 ml<\/p>\n","protected":false},"excerpt":{"rendered":"<p>TOUCHEAPLE TEXTURE TOUCH CONTROL 05<\/p>\n<p>Schaumfestiger, v\u00f6llig parabemfrei<\/p>\n<p>ein pflegender Schaum f\u00fcr Festigung, F\u00fclle und Halt.<\/p>\n","protected":false},"featured_media":20179,"comment_status":"open","ping_status":"closed","template":"","meta":{"_exactmetrics_skip_tracking":false,"_exactmetrics_sitenote_active":false,"_exactmetrics_sitenote_note":"","_exactmetrics_sitenote_category":0,"_monsterinsights_skip_tracking":false,"_monsterinsights_sitenote_active":false,"_monsterinsights_sitenote_note":"","_monsterinsights_sitenote_category":0},"pwb-brand":[],"product_brand":[613],"product_cat":[562,503],"product_tag":[],"class_list":{"0":"post-8342","1":"product","2":"type-product","3":"status-publish","4":"has-post-thumbnail","6":"product_brand-redken-2","7":"product_cat-redken-styling-lotion","8":"product_cat-styling-2","9":"pa_inhalt-619","11":"first","12":"instock","13":"taxable","14":"shipping-taxable","15":"purchasable","16":"product-type-simple"},"yoast_head":"<!-- This site is optimized with the Yoast SEO plugin v24.6 - https:\/\/yoast.com\/wordpress\/plugins\/seo\/ -->\n<title>touch control 05 - texture whip<\/title>\n<meta name=\"robots\" content=\"index, follow, max-snippet:-1, max-image-preview:large, max-video-preview:-1\" \/>\n<link rel=\"canonical\" href=\"https:\/\/www.friseur-hopmann.de\/?product=touch-control-05-texture-whip\" \/>\n<meta property=\"og:locale\" content=\"de_DE\" \/>\n<meta property=\"og:type\" content=\"article\" \/>\n<meta property=\"og:title\" content=\"touch control 05 - texture whip\" \/>\n<meta property=\"og:description\" content=\"TOUCHEAPLE TEXTURE TOUCH CONTROL 05  Schaumfestiger, v\u00f6llig parabemfrei  ein pflegender Schaum f\u00fcr Festigung, F\u00fclle und Halt.\" \/>\n<meta property=\"og:url\" content=\"https:\/\/www.friseur-hopmann.de\/?product=touch-control-05-texture-whip\" \/>\n<meta property=\"og:site_name\" content=\"Friseur Hopmann Hairstyling\" \/>\n<meta property=\"article:modified_time\" content=\"2025-01-04T20:06:37+00:00\" \/>\n<meta property=\"og:image\" content=\"http:\/\/www.friseur-hopmann.de\/wp-content\/uploads\/2006\/01\/Redken-Touch-control.jpg\" \/>\n\t<meta property=\"og:image:width\" content=\"500\" \/>\n\t<meta property=\"og:image:height\" content=\"500\" \/>\n\t<meta property=\"og:image:type\" content=\"image\/jpeg\" \/>\n<meta name=\"twitter:card\" content=\"summary_large_image\" \/>\n<script type=\"application\/ld+json\" class=\"yoast-schema-graph\">{\"@context\":\"https:\/\/schema.org\",\"@graph\":[{\"@type\":\"WebPage\",\"@id\":\"https:\/\/www.friseur-hopmann.de\/?product=touch-control-05-texture-whip\",\"url\":\"https:\/\/www.friseur-hopmann.de\/?product=touch-control-05-texture-whip\",\"name\":\"touch control 05 - texture whip\",\"isPartOf\":{\"@id\":\"https:\/\/www.friseur-hopmann.de\/#website\"},\"primaryImageOfPage\":{\"@id\":\"https:\/\/www.friseur-hopmann.de\/?product=touch-control-05-texture-whip#primaryimage\"},\"image\":{\"@id\":\"https:\/\/www.friseur-hopmann.de\/?product=touch-control-05-texture-whip#primaryimage\"},\"thumbnailUrl\":\"https:\/\/www.friseur-hopmann.de\/wp-content\/uploads\/2006\/01\/Redken-Touch-control.jpg\",\"datePublished\":\"2006-01-10T08:04:58+00:00\",\"dateModified\":\"2025-01-04T20:06:37+00:00\",\"breadcrumb\":{\"@id\":\"https:\/\/www.friseur-hopmann.de\/?product=touch-control-05-texture-whip#breadcrumb\"},\"inLanguage\":\"de\",\"potentialAction\":[{\"@type\":\"ReadAction\",\"target\":[\"https:\/\/www.friseur-hopmann.de\/?product=touch-control-05-texture-whip\"]}]},{\"@type\":\"ImageObject\",\"inLanguage\":\"de\",\"@id\":\"https:\/\/www.friseur-hopmann.de\/?product=touch-control-05-texture-whip#primaryimage\",\"url\":\"https:\/\/www.friseur-hopmann.de\/wp-content\/uploads\/2006\/01\/Redken-Touch-control.jpg\",\"contentUrl\":\"https:\/\/www.friseur-hopmann.de\/wp-content\/uploads\/2006\/01\/Redken-Touch-control.jpg\",\"width\":500,\"height\":500},{\"@type\":\"BreadcrumbList\",\"@id\":\"https:\/\/www.friseur-hopmann.de\/?product=touch-control-05-texture-whip#breadcrumb\",\"itemListElement\":[{\"@type\":\"ListItem\",\"position\":1,\"name\":\"Startseite\",\"item\":\"https:\/\/www.friseur-hopmann.de\/\"},{\"@type\":\"ListItem\",\"position\":2,\"name\":\"Produkte\",\"item\":\"https:\/\/www.friseur-hopmann.de\/?post_type=product\"},{\"@type\":\"ListItem\",\"position\":3,\"name\":\"REDKEN STYLING TOUCHEAPLE TEXTURE (touch control 05) 200 ml\"}]},{\"@type\":\"WebSite\",\"@id\":\"https:\/\/www.friseur-hopmann.de\/#website\",\"url\":\"https:\/\/www.friseur-hopmann.de\/\",\"name\":\"Friseur Hopmann Hairstyling\",\"description\":\"Ihr Friseur in Nordhorn\",\"potentialAction\":[{\"@type\":\"SearchAction\",\"target\":{\"@type\":\"EntryPoint\",\"urlTemplate\":\"https:\/\/www.friseur-hopmann.de\/?s={search_term_string}\"},\"query-input\":{\"@type\":\"PropertyValueSpecification\",\"valueRequired\":true,\"valueName\":\"search_term_string\"}}],\"inLanguage\":\"de\"}]}<\/script>\n<!-- \/ Yoast SEO plugin. -->","yoast_head_json":{"title":"touch control 05 - texture whip","robots":{"index":"index","follow":"follow","max-snippet":"max-snippet:-1","max-image-preview":"max-image-preview:large","max-video-preview":"max-video-preview:-1"},"canonical":"https:\/\/www.friseur-hopmann.de\/?product=touch-control-05-texture-whip","og_locale":"de_DE","og_type":"article","og_title":"touch control 05 - texture whip","og_description":"TOUCHEAPLE TEXTURE TOUCH CONTROL 05  Schaumfestiger, v\u00f6llig parabemfrei  ein pflegender Schaum f\u00fcr Festigung, F\u00fclle und Halt.","og_url":"https:\/\/www.friseur-hopmann.de\/?product=touch-control-05-texture-whip","og_site_name":"Friseur Hopmann Hairstyling","article_modified_time":"2025-01-04T20:06:37+00:00","og_image":[{"width":500,"height":500,"url":"http:\/\/www.friseur-hopmann.de\/wp-content\/uploads\/2006\/01\/Redken-Touch-control.jpg","type":"image\/jpeg"}],"twitter_card":"summary_large_image","schema":{"@context":"https:\/\/schema.org","@graph":[{"@type":"WebPage","@id":"https:\/\/www.friseur-hopmann.de\/?product=touch-control-05-texture-whip","url":"https:\/\/www.friseur-hopmann.de\/?product=touch-control-05-texture-whip","name":"touch control 05 - texture whip","isPartOf":{"@id":"https:\/\/www.friseur-hopmann.de\/#website"},"primaryImageOfPage":{"@id":"https:\/\/www.friseur-hopmann.de\/?product=touch-control-05-texture-whip#primaryimage"},"image":{"@id":"https:\/\/www.friseur-hopmann.de\/?product=touch-control-05-texture-whip#primaryimage"},"thumbnailUrl":"https:\/\/www.friseur-hopmann.de\/wp-content\/uploads\/2006\/01\/Redken-Touch-control.jpg","datePublished":"2006-01-10T08:04:58+00:00","dateModified":"2025-01-04T20:06:37+00:00","breadcrumb":{"@id":"https:\/\/www.friseur-hopmann.de\/?product=touch-control-05-texture-whip#breadcrumb"},"inLanguage":"de","potentialAction":[{"@type":"ReadAction","target":["https:\/\/www.friseur-hopmann.de\/?product=touch-control-05-texture-whip"]}]},{"@type":"ImageObject","inLanguage":"de","@id":"https:\/\/www.friseur-hopmann.de\/?product=touch-control-05-texture-whip#primaryimage","url":"https:\/\/www.friseur-hopmann.de\/wp-content\/uploads\/2006\/01\/Redken-Touch-control.jpg","contentUrl":"https:\/\/www.friseur-hopmann.de\/wp-content\/uploads\/2006\/01\/Redken-Touch-control.jpg","width":500,"height":500},{"@type":"BreadcrumbList","@id":"https:\/\/www.friseur-hopmann.de\/?product=touch-control-05-texture-whip#breadcrumb","itemListElement":[{"@type":"ListItem","position":1,"name":"Startseite","item":"https:\/\/www.friseur-hopmann.de\/"},{"@type":"ListItem","position":2,"name":"Produkte","item":"https:\/\/www.friseur-hopmann.de\/?post_type=product"},{"@type":"ListItem","position":3,"name":"REDKEN STYLING TOUCHEAPLE TEXTURE (touch control 05) 200 ml"}]},{"@type":"WebSite","@id":"https:\/\/www.friseur-hopmann.de\/#website","url":"https:\/\/www.friseur-hopmann.de\/","name":"Friseur Hopmann Hairstyling","description":"Ihr Friseur in Nordhorn","potentialAction":[{"@type":"SearchAction","target":{"@type":"EntryPoint","urlTemplate":"https:\/\/www.friseur-hopmann.de\/?s={search_term_string}"},"query-input":{"@type":"PropertyValueSpecification","valueRequired":true,"valueName":"search_term_string"}}],"inLanguage":"de"}]}},"brands":[],"_links":{"self":[{"href":"https:\/\/www.friseur-hopmann.de\/index.php?rest_route=\/wp\/v2\/product\/8342","targetHints":{"allow":["GET"]}}],"collection":[{"href":"https:\/\/www.friseur-hopmann.de\/index.php?rest_route=\/wp\/v2\/product"}],"about":[{"href":"https:\/\/www.friseur-hopmann.de\/index.php?rest_route=\/wp\/v2\/types\/product"}],"replies":[{"embeddable":true,"href":"https:\/\/www.friseur-hopmann.de\/index.php?rest_route=%2Fwp%2Fv2%2Fcomments&post=8342"}],"wp:featuredmedia":[{"embeddable":true,"href":"https:\/\/www.friseur-hopmann.de\/index.php?rest_route=\/wp\/v2\/media\/20179"}],"wp:attachment":[{"href":"https:\/\/www.friseur-hopmann.de\/index.php?rest_route=%2Fwp%2Fv2%2Fmedia&parent=8342"}],"wp:term":[{"taxonomy":"pwb-brand","embeddable":true,"href":"https:\/\/www.friseur-hopmann.de\/index.php?rest_route=%2Fwp%2Fv2%2Fpwb-brand&post=8342"},{"taxonomy":"product_brand","embeddable":true,"href":"https:\/\/www.friseur-hopmann.de\/index.php?rest_route=%2Fwp%2Fv2%2Fproduct_brand&post=8342"},{"taxonomy":"product_cat","embeddable":true,"href":"https:\/\/www.friseur-hopmann.de\/index.php?rest_route=%2Fwp%2Fv2%2Fproduct_cat&post=8342"},{"taxonomy":"product_tag","embeddable":true,"href":"https:\/\/www.friseur-hopmann.de\/index.php?rest_route=%2Fwp%2Fv2%2Fproduct_tag&post=8342"}],"curies":[{"name":"wp","href":"https:\/\/api.w.org\/{rel}","templated":true}]}}