{"id":8337,"date":"2005-02-12T10:04:58","date_gmt":"2005-02-12T08:04:58","guid":{"rendered":"http:\/\/www.friseur-hopmann.de\/?post_type=product&#038;p=8337"},"modified":"2026-02-06T22:46:34","modified_gmt":"2026-02-06T20:46:34","slug":"nutritive-lait-vital-200-ml-conditioner","status":"publish","type":"product","link":"https:\/\/www.friseur-hopmann.de\/?product=nutritive-lait-vital-200-ml-conditioner","title":{"rendered":"K\u00c9RASTASE NUTRITIVE LAIT VITAL 200 ml (Conditioner)"},"content":{"rendered":"<h3>Produktbeschreibung:<\/h3>\n<h3>Nutritive Lait Vital<\/h3>\n<p>&#8222;Au\u00dfergew\u00f6hnliche extraleichte Pflege-Milch \u2013<br \/>\nWiderstand gegen Trockenheit f\u00fcr normales<br \/>\nund leicht trockenes Haar.&#8220;<\/p>\n<h3>Anwendung:<\/h3>\n<p>&#8222;Auf gewaschenes, handtuchtrockenes Haar auftragen. In die Haarl\u00e4ngen und Spitzen einarbeiten. 2 bis 3 Minuten<br \/>\neinwirken lassen. Sorgf\u00e4ltig aussp\u00fclen.&#8220;<\/p>\n<p><strong>neue Formel<\/strong><\/p>\n<table id=\"product-attribute-specs-table\" class=\"data table additional-attributes\">\n<tbody>\n<tr>\n<th class=\"col label\" scope=\"row\">Menge<\/th>\n<td class=\"col data\" data-sanitized-data-th=\"Menge\" data-th=\"Menge\">200 ml<\/td>\n<\/tr>\n<tr>\n<th class=\"col label\" scope=\"row\">Marke<\/th>\n<td class=\"col data\" data-sanitized-data-th=\"Marke\" data-th=\"Marke\">Kerastase<\/td>\n<\/tr>\n<tr>\n<th class=\"col label\" scope=\"row\">Produkttyp<\/th>\n<td class=\"col data\" data-sanitized-data-th=\"Produkttyp\" data-th=\"Produkttyp\">Conditioner<\/td>\n<\/tr>\n<tr>\n<th class=\"col label\" scope=\"row\">Haartyp<\/th>\n<td class=\"col data\" data-sanitized-data-th=\"Haartyp\" data-th=\"Haartyp\">trockenes Haar<\/td>\n<\/tr>\n<tr>\n<th class=\"col label\" scope=\"row\">Wirkung<\/th>\n<td class=\"col data\" data-sanitized-data-th=\"Wirkung\" data-th=\"Wirkung\">Aufbauend, Elastizit\u00e4t, Entwirrend, Feuchtigkeitsspendend, Pflegend, Sch\u00fctzend, St\u00e4rkend, Verbessert die K\u00e4mmbarkeit<\/td>\n<\/tr>\n<tr>\n<th class=\"col label\" scope=\"row\">Inhaltsstoffe<\/th>\n<td class=\"col data\" data-sanitized-data-th=\"Inhaltsstoffe\" data-th=\"Inhaltsstoffe\">Niacinamide (B3), Proteine<\/td>\n<\/tr>\n<tr>\n<th class=\"col label\" scope=\"row\"><\/th>\n<td class=\"col data\" data-sanitized-data-th=\"Inhaltsstoffe\" data-th=\"Inhaltsstoffe\">AQUA \/ WATER \/ EAU \u25cfCETEARYL ALCOHOL \u25cfGLYCERIN \u25cfCETYL ALCOHOL \u25cfBEHENTRIMONIUM CHLORIDE \u25cfPHENOXYETHANOL \u25cfCETEARETH-33 \u25cfHYDROXYPROPYL GUAR \u25cfOCTYLDODECANOL \u25cfCETRIMONIUM CHLORIDE \u25cfISOPROPYL ALCOHOL \u25cfAMODIMETHICONE \u25cfSODIUM PCA \u25cfPANTHENOL \u25cfNIACINAMIDE<\/td>\n<\/tr>\n<\/tbody>\n<\/table>\n<p><strong> Inhalt:<\/strong> 200 ml<\/p>\n<h3>Erg\u00e4nzungsprodukte:<\/h3>\n<p>Nutritive Bain Satin (Shampoo)<\/p>\n<p>Nutritive Masqueintense (Pflegemaske)<\/p>\n","protected":false},"excerpt":{"rendered":"<h3>Nutritive Lait Vital<\/h3>\n<p>&#8222;Au\u00dfergew\u00f6hnliche extraleichte Pflege-Milch \u2013<br \/>\nWiderstand gegen Trockenheit f\u00fcr normales<br \/>\nund leicht trockenes Haar.&#8220;<\/p>\n<p>&nbsp;<\/p>\n","protected":false},"featured_media":21890,"comment_status":"open","ping_status":"closed","template":"","meta":{"_exactmetrics_skip_tracking":false,"_exactmetrics_sitenote_active":false,"_exactmetrics_sitenote_note":"","_exactmetrics_sitenote_category":0,"_monsterinsights_skip_tracking":false,"_monsterinsights_sitenote_active":false,"_monsterinsights_sitenote_note":"","_monsterinsights_sitenote_category":0},"pwb-brand":[],"product_brand":[615],"product_cat":[491,542,544,547,489],"product_tag":[695,749,811,841],"class_list":{"0":"post-8337","1":"product","2":"type-product","3":"status-publish","4":"has-post-thumbnail","6":"product_brand-kerastase-2","7":"product_cat-kerastase","8":"product_cat-kerastase-conditioner","9":"product_cat-kerastase-haarpflege","10":"product_cat-kerastase-pflegelotion","11":"product_cat-nutritive","12":"product_tag-conditioner","13":"product_tag-glanz","14":"product_tag-gute-kaemmbarkeit","15":"product_tag-leichte-schnellpflege","16":"pa_inhalt-619","18":"first","19":"instock","20":"taxable","21":"shipping-taxable","22":"purchasable","23":"product-type-simple"},"yoast_head":"<!-- This site is optimized with the Yoast SEO plugin v24.6 - https:\/\/yoast.com\/wordpress\/plugins\/seo\/ -->\n<title>NUTRITIVE LAIT VITAL 200 ml (Conditioner)<\/title>\n<meta name=\"robots\" content=\"index, follow, max-snippet:-1, max-image-preview:large, max-video-preview:-1\" \/>\n<link rel=\"canonical\" href=\"https:\/\/www.friseur-hopmann.de\/?product=nutritive-lait-vital-200-ml-conditioner\" \/>\n<meta property=\"og:locale\" content=\"de_DE\" \/>\n<meta property=\"og:type\" content=\"article\" \/>\n<meta property=\"og:title\" content=\"NUTRITIVE LAIT VITAL 200 ml (Conditioner)\" \/>\n<meta property=\"og:description\" content=\"Nutritive Lait Vital &quot;Au\u00dfergew\u00f6hnliche extraleichte Pflege-Milch \u2013 Widerstand gegen Trockenheit f\u00fcr normales und leicht trockenes Haar.&quot;  &nbsp;\" \/>\n<meta property=\"og:url\" content=\"https:\/\/www.friseur-hopmann.de\/?product=nutritive-lait-vital-200-ml-conditioner\" \/>\n<meta property=\"og:site_name\" content=\"Friseur Hopmann Hairstyling\" \/>\n<meta property=\"article:modified_time\" content=\"2026-02-06T20:46:34+00:00\" \/>\n<meta property=\"og:image\" content=\"http:\/\/www.friseur-hopmann.de\/wp-content\/uploads\/2005\/02\/Lait-vital-200ml-NEU.jpg\" \/>\n\t<meta property=\"og:image:width\" content=\"500\" \/>\n\t<meta property=\"og:image:height\" content=\"500\" \/>\n\t<meta property=\"og:image:type\" content=\"image\/jpeg\" \/>\n<meta name=\"twitter:card\" content=\"summary_large_image\" \/>\n<meta name=\"twitter:label1\" content=\"Gesch\u00e4tzte Lesezeit\" \/>\n\t<meta name=\"twitter:data1\" content=\"1\u00a0Minute\" \/>\n<script type=\"application\/ld+json\" class=\"yoast-schema-graph\">{\"@context\":\"https:\/\/schema.org\",\"@graph\":[{\"@type\":\"WebPage\",\"@id\":\"https:\/\/www.friseur-hopmann.de\/?product=nutritive-lait-vital-200-ml-conditioner\",\"url\":\"https:\/\/www.friseur-hopmann.de\/?product=nutritive-lait-vital-200-ml-conditioner\",\"name\":\"NUTRITIVE LAIT VITAL 200 ml (Conditioner)\",\"isPartOf\":{\"@id\":\"https:\/\/www.friseur-hopmann.de\/#website\"},\"primaryImageOfPage\":{\"@id\":\"https:\/\/www.friseur-hopmann.de\/?product=nutritive-lait-vital-200-ml-conditioner#primaryimage\"},\"image\":{\"@id\":\"https:\/\/www.friseur-hopmann.de\/?product=nutritive-lait-vital-200-ml-conditioner#primaryimage\"},\"thumbnailUrl\":\"https:\/\/www.friseur-hopmann.de\/wp-content\/uploads\/2005\/02\/Lait-vital-200ml-NEU.jpg\",\"datePublished\":\"2005-02-12T08:04:58+00:00\",\"dateModified\":\"2026-02-06T20:46:34+00:00\",\"breadcrumb\":{\"@id\":\"https:\/\/www.friseur-hopmann.de\/?product=nutritive-lait-vital-200-ml-conditioner#breadcrumb\"},\"inLanguage\":\"de\",\"potentialAction\":[{\"@type\":\"ReadAction\",\"target\":[\"https:\/\/www.friseur-hopmann.de\/?product=nutritive-lait-vital-200-ml-conditioner\"]}]},{\"@type\":\"ImageObject\",\"inLanguage\":\"de\",\"@id\":\"https:\/\/www.friseur-hopmann.de\/?product=nutritive-lait-vital-200-ml-conditioner#primaryimage\",\"url\":\"https:\/\/www.friseur-hopmann.de\/wp-content\/uploads\/2005\/02\/Lait-vital-200ml-NEU.jpg\",\"contentUrl\":\"https:\/\/www.friseur-hopmann.de\/wp-content\/uploads\/2005\/02\/Lait-vital-200ml-NEU.jpg\",\"width\":500,\"height\":500},{\"@type\":\"BreadcrumbList\",\"@id\":\"https:\/\/www.friseur-hopmann.de\/?product=nutritive-lait-vital-200-ml-conditioner#breadcrumb\",\"itemListElement\":[{\"@type\":\"ListItem\",\"position\":1,\"name\":\"Startseite\",\"item\":\"https:\/\/www.friseur-hopmann.de\/\"},{\"@type\":\"ListItem\",\"position\":2,\"name\":\"Produkte\",\"item\":\"https:\/\/www.friseur-hopmann.de\/?post_type=product\"},{\"@type\":\"ListItem\",\"position\":3,\"name\":\"K\u00c9RASTASE NUTRITIVE LAIT VITAL 200 ml (Conditioner)\"}]},{\"@type\":\"WebSite\",\"@id\":\"https:\/\/www.friseur-hopmann.de\/#website\",\"url\":\"https:\/\/www.friseur-hopmann.de\/\",\"name\":\"Friseur Hopmann Hairstyling\",\"description\":\"Ihr Friseur in Nordhorn\",\"potentialAction\":[{\"@type\":\"SearchAction\",\"target\":{\"@type\":\"EntryPoint\",\"urlTemplate\":\"https:\/\/www.friseur-hopmann.de\/?s={search_term_string}\"},\"query-input\":{\"@type\":\"PropertyValueSpecification\",\"valueRequired\":true,\"valueName\":\"search_term_string\"}}],\"inLanguage\":\"de\"}]}<\/script>\n<!-- \/ Yoast SEO plugin. -->","yoast_head_json":{"title":"NUTRITIVE LAIT VITAL 200 ml (Conditioner)","robots":{"index":"index","follow":"follow","max-snippet":"max-snippet:-1","max-image-preview":"max-image-preview:large","max-video-preview":"max-video-preview:-1"},"canonical":"https:\/\/www.friseur-hopmann.de\/?product=nutritive-lait-vital-200-ml-conditioner","og_locale":"de_DE","og_type":"article","og_title":"NUTRITIVE LAIT VITAL 200 ml (Conditioner)","og_description":"Nutritive Lait Vital \"Au\u00dfergew\u00f6hnliche extraleichte Pflege-Milch \u2013 Widerstand gegen Trockenheit f\u00fcr normales und leicht trockenes Haar.\"  &nbsp;","og_url":"https:\/\/www.friseur-hopmann.de\/?product=nutritive-lait-vital-200-ml-conditioner","og_site_name":"Friseur Hopmann Hairstyling","article_modified_time":"2026-02-06T20:46:34+00:00","og_image":[{"width":500,"height":500,"url":"http:\/\/www.friseur-hopmann.de\/wp-content\/uploads\/2005\/02\/Lait-vital-200ml-NEU.jpg","type":"image\/jpeg"}],"twitter_card":"summary_large_image","twitter_misc":{"Gesch\u00e4tzte Lesezeit":"1\u00a0Minute"},"schema":{"@context":"https:\/\/schema.org","@graph":[{"@type":"WebPage","@id":"https:\/\/www.friseur-hopmann.de\/?product=nutritive-lait-vital-200-ml-conditioner","url":"https:\/\/www.friseur-hopmann.de\/?product=nutritive-lait-vital-200-ml-conditioner","name":"NUTRITIVE LAIT VITAL 200 ml (Conditioner)","isPartOf":{"@id":"https:\/\/www.friseur-hopmann.de\/#website"},"primaryImageOfPage":{"@id":"https:\/\/www.friseur-hopmann.de\/?product=nutritive-lait-vital-200-ml-conditioner#primaryimage"},"image":{"@id":"https:\/\/www.friseur-hopmann.de\/?product=nutritive-lait-vital-200-ml-conditioner#primaryimage"},"thumbnailUrl":"https:\/\/www.friseur-hopmann.de\/wp-content\/uploads\/2005\/02\/Lait-vital-200ml-NEU.jpg","datePublished":"2005-02-12T08:04:58+00:00","dateModified":"2026-02-06T20:46:34+00:00","breadcrumb":{"@id":"https:\/\/www.friseur-hopmann.de\/?product=nutritive-lait-vital-200-ml-conditioner#breadcrumb"},"inLanguage":"de","potentialAction":[{"@type":"ReadAction","target":["https:\/\/www.friseur-hopmann.de\/?product=nutritive-lait-vital-200-ml-conditioner"]}]},{"@type":"ImageObject","inLanguage":"de","@id":"https:\/\/www.friseur-hopmann.de\/?product=nutritive-lait-vital-200-ml-conditioner#primaryimage","url":"https:\/\/www.friseur-hopmann.de\/wp-content\/uploads\/2005\/02\/Lait-vital-200ml-NEU.jpg","contentUrl":"https:\/\/www.friseur-hopmann.de\/wp-content\/uploads\/2005\/02\/Lait-vital-200ml-NEU.jpg","width":500,"height":500},{"@type":"BreadcrumbList","@id":"https:\/\/www.friseur-hopmann.de\/?product=nutritive-lait-vital-200-ml-conditioner#breadcrumb","itemListElement":[{"@type":"ListItem","position":1,"name":"Startseite","item":"https:\/\/www.friseur-hopmann.de\/"},{"@type":"ListItem","position":2,"name":"Produkte","item":"https:\/\/www.friseur-hopmann.de\/?post_type=product"},{"@type":"ListItem","position":3,"name":"K\u00c9RASTASE NUTRITIVE LAIT VITAL 200 ml (Conditioner)"}]},{"@type":"WebSite","@id":"https:\/\/www.friseur-hopmann.de\/#website","url":"https:\/\/www.friseur-hopmann.de\/","name":"Friseur Hopmann Hairstyling","description":"Ihr Friseur in Nordhorn","potentialAction":[{"@type":"SearchAction","target":{"@type":"EntryPoint","urlTemplate":"https:\/\/www.friseur-hopmann.de\/?s={search_term_string}"},"query-input":{"@type":"PropertyValueSpecification","valueRequired":true,"valueName":"search_term_string"}}],"inLanguage":"de"}]}},"brands":[],"_links":{"self":[{"href":"https:\/\/www.friseur-hopmann.de\/index.php?rest_route=\/wp\/v2\/product\/8337","targetHints":{"allow":["GET"]}}],"collection":[{"href":"https:\/\/www.friseur-hopmann.de\/index.php?rest_route=\/wp\/v2\/product"}],"about":[{"href":"https:\/\/www.friseur-hopmann.de\/index.php?rest_route=\/wp\/v2\/types\/product"}],"replies":[{"embeddable":true,"href":"https:\/\/www.friseur-hopmann.de\/index.php?rest_route=%2Fwp%2Fv2%2Fcomments&post=8337"}],"wp:featuredmedia":[{"embeddable":true,"href":"https:\/\/www.friseur-hopmann.de\/index.php?rest_route=\/wp\/v2\/media\/21890"}],"wp:attachment":[{"href":"https:\/\/www.friseur-hopmann.de\/index.php?rest_route=%2Fwp%2Fv2%2Fmedia&parent=8337"}],"wp:term":[{"taxonomy":"pwb-brand","embeddable":true,"href":"https:\/\/www.friseur-hopmann.de\/index.php?rest_route=%2Fwp%2Fv2%2Fpwb-brand&post=8337"},{"taxonomy":"product_brand","embeddable":true,"href":"https:\/\/www.friseur-hopmann.de\/index.php?rest_route=%2Fwp%2Fv2%2Fproduct_brand&post=8337"},{"taxonomy":"product_cat","embeddable":true,"href":"https:\/\/www.friseur-hopmann.de\/index.php?rest_route=%2Fwp%2Fv2%2Fproduct_cat&post=8337"},{"taxonomy":"product_tag","embeddable":true,"href":"https:\/\/www.friseur-hopmann.de\/index.php?rest_route=%2Fwp%2Fv2%2Fproduct_tag&post=8337"}],"curies":[{"name":"wp","href":"https:\/\/api.w.org\/{rel}","templated":true}]}}