{"id":8309,"date":"2005-06-22T10:04:58","date_gmt":"2005-06-22T08:04:58","guid":{"rendered":"http:\/\/www.friseur-hopmann.de\/?post_type=product&#038;p=8309"},"modified":"2025-01-04T22:08:08","modified_gmt":"2025-01-04T20:08:08","slug":"rough-paste-12-modellier-paste-75-ml","status":"publish","type":"product","link":"https:\/\/www.friseur-hopmann.de\/?product=rough-paste-12-modellier-paste-75-ml","title":{"rendered":"REDKEN STYLING Texture Paste &#8211; Rough Paste  &#8211; Modellier-Paste 75 ml"},"content":{"rendered":"<h3>Produktbeschreibung:<\/h3>\n<h3>Redken Texture Paste &#8211; Rough PasteModellierpaste<br \/>\nGibt dem Haar eine matte Struktur mit beweglicher, dauerhafter Definition.<\/h3>\n<p>Redken Styling Texture Rough Paste ist eine Modellier- und Stylingpaste f\u00fcr kurzes bis mittellanges Haar. Sie verleiht dem Haar eine str\u00e4hnige, matte Textur mit flexibler, dauerhafter Definition. Ideal f\u00fcr angesagte Trendfrisuren wie den Undercut oder Surferlooks, welche durch die Redken Texture Rough Paste\u00a0 erst richtig zur Geltung kommen.<\/p>\n<p>Haltegrad des Redken Texture Rough Paste:<\/p>\n<p>Redken Rough Paste ist perfekt geeignet, wenn ein mittlerer Halt der Haare gew\u00fcnscht wird, ohne diese unn\u00f6tig zu beschweren. Die Frisur ist den ganzen Tag \u00fcber definiert, l\u00e4sst sich aber dennoch nach Belieben formen.<\/p>\n<h3>Anwendung von Redken Texture Paste &#8211; Rough Paste<\/h3>\n<p>Die Redken Texture Rough Paste l\u00e4sst sich sowohl im feuchten als auch im trockenen Haar einfach anwenden. Da die Stylingpaste sehr ergiebig ist, gen\u00fcgt es, eine haselnussgro\u00dfe Menge in den H\u00e4nden zu verreiben. Anschlie\u00dfend das Haar nach belieben Stylen und in die gew\u00fcnschte Form bringen.<\/p>\n<p>Falls ein st\u00e4rkerer Matteffekt gew\u00fcnscht wird, einfach eine gr\u00f6\u00dfere Menge der Redken Texture Rough Paste verwenden.<\/p>\n<p><strong>Inhalt:<\/strong> 75 ml<\/p>\n","protected":false},"excerpt":{"rendered":"<p>TEXTURE PASTE\u00a0 &#8211; ROUGH PASTE 12<br \/>\nModellierpaste<br \/>\nGibt dem Haar eine matte Struktur mit beweglicher, dauerhafter Definition.<\/p>\n<p>&nbsp;<\/p>\n","protected":false},"featured_media":20570,"comment_status":"open","ping_status":"closed","template":"","meta":{"_exactmetrics_skip_tracking":false,"_exactmetrics_sitenote_active":false,"_exactmetrics_sitenote_note":"","_exactmetrics_sitenote_category":0,"_monsterinsights_skip_tracking":false,"_monsterinsights_sitenote_active":false,"_monsterinsights_sitenote_note":"","_monsterinsights_sitenote_category":0},"pwb-brand":[],"product_brand":[613],"product_cat":[556,560,503],"product_tag":[],"class_list":{"0":"post-8309","1":"product","2":"type-product","3":"status-publish","4":"has-post-thumbnail","6":"product_brand-redken-2","7":"product_cat-redken-gel","8":"product_cat-redken-wachs","9":"product_cat-styling-2","10":"pa_inhalt-636","12":"first","13":"instock","14":"taxable","15":"shipping-taxable","16":"purchasable","17":"product-type-simple"},"yoast_head":"<!-- This site is optimized with the Yoast SEO plugin v24.6 - https:\/\/yoast.com\/wordpress\/plugins\/seo\/ -->\n<title>rough paste 12 - Modellier-Paste 75 ml<\/title>\n<meta name=\"robots\" content=\"index, follow, max-snippet:-1, max-image-preview:large, max-video-preview:-1\" \/>\n<link rel=\"canonical\" href=\"https:\/\/www.friseur-hopmann.de\/?product=rough-paste-12-modellier-paste-75-ml\" \/>\n<meta property=\"og:locale\" content=\"de_DE\" \/>\n<meta property=\"og:type\" content=\"article\" \/>\n<meta property=\"og:title\" content=\"rough paste 12 - Modellier-Paste 75 ml\" \/>\n<meta property=\"og:description\" content=\"TEXTURE PASTE\u00a0 - ROUGH PASTE 12 Modellierpaste Gibt dem Haar eine matte Struktur mit beweglicher, dauerhafter Definition.  &nbsp;\" \/>\n<meta property=\"og:url\" content=\"https:\/\/www.friseur-hopmann.de\/?product=rough-paste-12-modellier-paste-75-ml\" \/>\n<meta property=\"og:site_name\" content=\"Friseur Hopmann Hairstyling\" \/>\n<meta property=\"article:modified_time\" content=\"2025-01-04T20:08:08+00:00\" \/>\n<meta property=\"og:image\" content=\"http:\/\/www.friseur-hopmann.de\/wp-content\/uploads\/2005\/06\/texture-Paste-rouge-paste-75ml.jpg\" \/>\n\t<meta property=\"og:image:width\" content=\"500\" \/>\n\t<meta property=\"og:image:height\" content=\"500\" \/>\n\t<meta property=\"og:image:type\" content=\"image\/jpeg\" \/>\n<meta name=\"twitter:card\" content=\"summary_large_image\" \/>\n<meta name=\"twitter:label1\" content=\"Gesch\u00e4tzte Lesezeit\" \/>\n\t<meta name=\"twitter:data1\" content=\"1\u00a0Minute\" \/>\n<script type=\"application\/ld+json\" class=\"yoast-schema-graph\">{\"@context\":\"https:\/\/schema.org\",\"@graph\":[{\"@type\":\"WebPage\",\"@id\":\"https:\/\/www.friseur-hopmann.de\/?product=rough-paste-12-modellier-paste-75-ml\",\"url\":\"https:\/\/www.friseur-hopmann.de\/?product=rough-paste-12-modellier-paste-75-ml\",\"name\":\"rough paste 12 - Modellier-Paste 75 ml\",\"isPartOf\":{\"@id\":\"https:\/\/www.friseur-hopmann.de\/#website\"},\"primaryImageOfPage\":{\"@id\":\"https:\/\/www.friseur-hopmann.de\/?product=rough-paste-12-modellier-paste-75-ml#primaryimage\"},\"image\":{\"@id\":\"https:\/\/www.friseur-hopmann.de\/?product=rough-paste-12-modellier-paste-75-ml#primaryimage\"},\"thumbnailUrl\":\"https:\/\/www.friseur-hopmann.de\/wp-content\/uploads\/2005\/06\/texture-Paste-rouge-paste-75ml.jpg\",\"datePublished\":\"2005-06-22T08:04:58+00:00\",\"dateModified\":\"2025-01-04T20:08:08+00:00\",\"breadcrumb\":{\"@id\":\"https:\/\/www.friseur-hopmann.de\/?product=rough-paste-12-modellier-paste-75-ml#breadcrumb\"},\"inLanguage\":\"de\",\"potentialAction\":[{\"@type\":\"ReadAction\",\"target\":[\"https:\/\/www.friseur-hopmann.de\/?product=rough-paste-12-modellier-paste-75-ml\"]}]},{\"@type\":\"ImageObject\",\"inLanguage\":\"de\",\"@id\":\"https:\/\/www.friseur-hopmann.de\/?product=rough-paste-12-modellier-paste-75-ml#primaryimage\",\"url\":\"https:\/\/www.friseur-hopmann.de\/wp-content\/uploads\/2005\/06\/texture-Paste-rouge-paste-75ml.jpg\",\"contentUrl\":\"https:\/\/www.friseur-hopmann.de\/wp-content\/uploads\/2005\/06\/texture-Paste-rouge-paste-75ml.jpg\",\"width\":500,\"height\":500},{\"@type\":\"BreadcrumbList\",\"@id\":\"https:\/\/www.friseur-hopmann.de\/?product=rough-paste-12-modellier-paste-75-ml#breadcrumb\",\"itemListElement\":[{\"@type\":\"ListItem\",\"position\":1,\"name\":\"Startseite\",\"item\":\"https:\/\/www.friseur-hopmann.de\/\"},{\"@type\":\"ListItem\",\"position\":2,\"name\":\"Produkte\",\"item\":\"https:\/\/www.friseur-hopmann.de\/?post_type=product\"},{\"@type\":\"ListItem\",\"position\":3,\"name\":\"REDKEN STYLING Texture Paste &#8211; Rough Paste &#8211; Modellier-Paste 75 ml\"}]},{\"@type\":\"WebSite\",\"@id\":\"https:\/\/www.friseur-hopmann.de\/#website\",\"url\":\"https:\/\/www.friseur-hopmann.de\/\",\"name\":\"Friseur Hopmann Hairstyling\",\"description\":\"Ihr Friseur in Nordhorn\",\"potentialAction\":[{\"@type\":\"SearchAction\",\"target\":{\"@type\":\"EntryPoint\",\"urlTemplate\":\"https:\/\/www.friseur-hopmann.de\/?s={search_term_string}\"},\"query-input\":{\"@type\":\"PropertyValueSpecification\",\"valueRequired\":true,\"valueName\":\"search_term_string\"}}],\"inLanguage\":\"de\"}]}<\/script>\n<!-- \/ Yoast SEO plugin. -->","yoast_head_json":{"title":"rough paste 12 - Modellier-Paste 75 ml","robots":{"index":"index","follow":"follow","max-snippet":"max-snippet:-1","max-image-preview":"max-image-preview:large","max-video-preview":"max-video-preview:-1"},"canonical":"https:\/\/www.friseur-hopmann.de\/?product=rough-paste-12-modellier-paste-75-ml","og_locale":"de_DE","og_type":"article","og_title":"rough paste 12 - Modellier-Paste 75 ml","og_description":"TEXTURE PASTE\u00a0 - ROUGH PASTE 12 Modellierpaste Gibt dem Haar eine matte Struktur mit beweglicher, dauerhafter Definition.  &nbsp;","og_url":"https:\/\/www.friseur-hopmann.de\/?product=rough-paste-12-modellier-paste-75-ml","og_site_name":"Friseur Hopmann Hairstyling","article_modified_time":"2025-01-04T20:08:08+00:00","og_image":[{"width":500,"height":500,"url":"http:\/\/www.friseur-hopmann.de\/wp-content\/uploads\/2005\/06\/texture-Paste-rouge-paste-75ml.jpg","type":"image\/jpeg"}],"twitter_card":"summary_large_image","twitter_misc":{"Gesch\u00e4tzte Lesezeit":"1\u00a0Minute"},"schema":{"@context":"https:\/\/schema.org","@graph":[{"@type":"WebPage","@id":"https:\/\/www.friseur-hopmann.de\/?product=rough-paste-12-modellier-paste-75-ml","url":"https:\/\/www.friseur-hopmann.de\/?product=rough-paste-12-modellier-paste-75-ml","name":"rough paste 12 - Modellier-Paste 75 ml","isPartOf":{"@id":"https:\/\/www.friseur-hopmann.de\/#website"},"primaryImageOfPage":{"@id":"https:\/\/www.friseur-hopmann.de\/?product=rough-paste-12-modellier-paste-75-ml#primaryimage"},"image":{"@id":"https:\/\/www.friseur-hopmann.de\/?product=rough-paste-12-modellier-paste-75-ml#primaryimage"},"thumbnailUrl":"https:\/\/www.friseur-hopmann.de\/wp-content\/uploads\/2005\/06\/texture-Paste-rouge-paste-75ml.jpg","datePublished":"2005-06-22T08:04:58+00:00","dateModified":"2025-01-04T20:08:08+00:00","breadcrumb":{"@id":"https:\/\/www.friseur-hopmann.de\/?product=rough-paste-12-modellier-paste-75-ml#breadcrumb"},"inLanguage":"de","potentialAction":[{"@type":"ReadAction","target":["https:\/\/www.friseur-hopmann.de\/?product=rough-paste-12-modellier-paste-75-ml"]}]},{"@type":"ImageObject","inLanguage":"de","@id":"https:\/\/www.friseur-hopmann.de\/?product=rough-paste-12-modellier-paste-75-ml#primaryimage","url":"https:\/\/www.friseur-hopmann.de\/wp-content\/uploads\/2005\/06\/texture-Paste-rouge-paste-75ml.jpg","contentUrl":"https:\/\/www.friseur-hopmann.de\/wp-content\/uploads\/2005\/06\/texture-Paste-rouge-paste-75ml.jpg","width":500,"height":500},{"@type":"BreadcrumbList","@id":"https:\/\/www.friseur-hopmann.de\/?product=rough-paste-12-modellier-paste-75-ml#breadcrumb","itemListElement":[{"@type":"ListItem","position":1,"name":"Startseite","item":"https:\/\/www.friseur-hopmann.de\/"},{"@type":"ListItem","position":2,"name":"Produkte","item":"https:\/\/www.friseur-hopmann.de\/?post_type=product"},{"@type":"ListItem","position":3,"name":"REDKEN STYLING Texture Paste &#8211; Rough Paste &#8211; Modellier-Paste 75 ml"}]},{"@type":"WebSite","@id":"https:\/\/www.friseur-hopmann.de\/#website","url":"https:\/\/www.friseur-hopmann.de\/","name":"Friseur Hopmann Hairstyling","description":"Ihr Friseur in Nordhorn","potentialAction":[{"@type":"SearchAction","target":{"@type":"EntryPoint","urlTemplate":"https:\/\/www.friseur-hopmann.de\/?s={search_term_string}"},"query-input":{"@type":"PropertyValueSpecification","valueRequired":true,"valueName":"search_term_string"}}],"inLanguage":"de"}]}},"brands":[],"_links":{"self":[{"href":"https:\/\/www.friseur-hopmann.de\/index.php?rest_route=\/wp\/v2\/product\/8309","targetHints":{"allow":["GET"]}}],"collection":[{"href":"https:\/\/www.friseur-hopmann.de\/index.php?rest_route=\/wp\/v2\/product"}],"about":[{"href":"https:\/\/www.friseur-hopmann.de\/index.php?rest_route=\/wp\/v2\/types\/product"}],"replies":[{"embeddable":true,"href":"https:\/\/www.friseur-hopmann.de\/index.php?rest_route=%2Fwp%2Fv2%2Fcomments&post=8309"}],"wp:featuredmedia":[{"embeddable":true,"href":"https:\/\/www.friseur-hopmann.de\/index.php?rest_route=\/wp\/v2\/media\/20570"}],"wp:attachment":[{"href":"https:\/\/www.friseur-hopmann.de\/index.php?rest_route=%2Fwp%2Fv2%2Fmedia&parent=8309"}],"wp:term":[{"taxonomy":"pwb-brand","embeddable":true,"href":"https:\/\/www.friseur-hopmann.de\/index.php?rest_route=%2Fwp%2Fv2%2Fpwb-brand&post=8309"},{"taxonomy":"product_brand","embeddable":true,"href":"https:\/\/www.friseur-hopmann.de\/index.php?rest_route=%2Fwp%2Fv2%2Fproduct_brand&post=8309"},{"taxonomy":"product_cat","embeddable":true,"href":"https:\/\/www.friseur-hopmann.de\/index.php?rest_route=%2Fwp%2Fv2%2Fproduct_cat&post=8309"},{"taxonomy":"product_tag","embeddable":true,"href":"https:\/\/www.friseur-hopmann.de\/index.php?rest_route=%2Fwp%2Fv2%2Fproduct_tag&post=8309"}],"curies":[{"name":"wp","href":"https:\/\/api.w.org\/{rel}","templated":true}]}}