{"id":8307,"date":"2005-06-22T10:04:58","date_gmt":"2005-06-22T08:04:58","guid":{"rendered":"http:\/\/www.friseur-hopmann.de\/?post_type=product&#038;p=8307"},"modified":"2025-01-04T22:07:54","modified_gmt":"2025-01-04T20:07:54","slug":"guts-10-ansatzsvolumen-schaumspray-300-ml-volumenstyling","status":"publish","type":"product","link":"https:\/\/www.friseur-hopmann.de\/?product=guts-10-ansatzsvolumen-schaumspray-300-ml-volumenstyling","title":{"rendered":"REDKEN STYLING ROOT LIFTER Guts  &#8211; Ansatzsvolumen-Schaumspray 300 ml (Volumenstyling)"},"content":{"rendered":"<h3>Produktbeschreibung:<\/h3>\n<p>GUTS SCHAUMSPRAY<br \/>\nAnsatzvolumen Schaumspray<br \/>\nSt\u00e4rkt den Haaransatz, gibt besonderes Volumen und Glanz.<\/p>\n<h3>Zielgruppe:<\/h3>\n<p>Wunsch: Volumen + Stand am Ansatz<\/p>\n<h3>Anwendung:<\/h3>\n<p>Produkt gut sch\u00fctteln. Tragen Sie Root Lifter Guts f\u00fcr maximalen Halt Str\u00e4hne f\u00fcr Str\u00e4hne ins handtuchtrockene Haar auf und heben Sie die Str\u00e4hnen dabei leicht an. F\u00f6hnen Sie das Haar mit der Rundb\u00fcrste trocken.<\/p>\n<h3>Stylingtipps:<\/h3>\n<p>Nach dem Auftragen von Root Lifter Guts\u00a0 auf handtuchtrockenem Haar k\u00f6nnen die Haare auch auf Lockenwickler gedreht werden. Danach trocken f\u00f6hnen. Ergibt einen besonders glamour\u00f6sen Look.<\/p>\n<p><strong>Inhalt:<\/strong> 300 ml<\/p>\n","protected":false},"excerpt":{"rendered":"<p>ROOT LIFTER GUTS<br \/>\nAnsatzvolumen Schaumspray<br \/>\nSt\u00e4rkt den Haaransatz, gibt besonderes Volumen und Glanz.<\/p>\n","protected":false},"featured_media":21226,"comment_status":"open","ping_status":"closed","template":"","meta":{"_exactmetrics_skip_tracking":false,"_exactmetrics_sitenote_active":false,"_exactmetrics_sitenote_note":"","_exactmetrics_sitenote_category":0,"_monsterinsights_skip_tracking":false,"_monsterinsights_sitenote_active":false,"_monsterinsights_sitenote_note":"","_monsterinsights_sitenote_category":0},"pwb-brand":[],"product_brand":[613],"product_cat":[562,557,503],"product_tag":[],"class_list":{"0":"post-8307","1":"product","2":"type-product","3":"status-publish","4":"has-post-thumbnail","6":"product_brand-redken-2","7":"product_cat-redken-styling-lotion","8":"product_cat-redken-styling-mousse","9":"product_cat-styling-2","10":"pa_inhalt-621","12":"first","13":"instock","14":"taxable","15":"shipping-taxable","16":"purchasable","17":"product-type-simple"},"yoast_head":"<!-- This site is optimized with the Yoast SEO plugin v24.6 - https:\/\/yoast.com\/wordpress\/plugins\/seo\/ -->\n<title>guts 10 - Ansatzsvolumen-Schaumspray 300 ml (Volumenstyling)<\/title>\n<meta name=\"robots\" content=\"index, follow, max-snippet:-1, max-image-preview:large, max-video-preview:-1\" \/>\n<link rel=\"canonical\" href=\"https:\/\/www.friseur-hopmann.de\/?product=guts-10-ansatzsvolumen-schaumspray-300-ml-volumenstyling\" \/>\n<meta property=\"og:locale\" content=\"de_DE\" \/>\n<meta property=\"og:type\" content=\"article\" \/>\n<meta property=\"og:title\" content=\"guts 10 - Ansatzsvolumen-Schaumspray 300 ml (Volumenstyling)\" \/>\n<meta property=\"og:description\" content=\"ROOT LIFTER GUTS Ansatzvolumen Schaumspray St\u00e4rkt den Haaransatz, gibt besonderes Volumen und Glanz.\" \/>\n<meta property=\"og:url\" content=\"https:\/\/www.friseur-hopmann.de\/?product=guts-10-ansatzsvolumen-schaumspray-300-ml-volumenstyling\" \/>\n<meta property=\"og:site_name\" content=\"Friseur Hopmann Hairstyling\" \/>\n<meta property=\"article:modified_time\" content=\"2025-01-04T20:07:54+00:00\" \/>\n<meta property=\"og:image\" content=\"http:\/\/www.friseur-hopmann.de\/wp-content\/uploads\/2005\/06\/Root-lifter-GUTS-300-ml.jpg\" \/>\n\t<meta property=\"og:image:width\" content=\"500\" \/>\n\t<meta property=\"og:image:height\" content=\"500\" \/>\n\t<meta property=\"og:image:type\" content=\"image\/jpeg\" \/>\n<meta name=\"twitter:card\" content=\"summary_large_image\" \/>\n<script type=\"application\/ld+json\" class=\"yoast-schema-graph\">{\"@context\":\"https:\/\/schema.org\",\"@graph\":[{\"@type\":\"WebPage\",\"@id\":\"https:\/\/www.friseur-hopmann.de\/?product=guts-10-ansatzsvolumen-schaumspray-300-ml-volumenstyling\",\"url\":\"https:\/\/www.friseur-hopmann.de\/?product=guts-10-ansatzsvolumen-schaumspray-300-ml-volumenstyling\",\"name\":\"guts 10 - Ansatzsvolumen-Schaumspray 300 ml (Volumenstyling)\",\"isPartOf\":{\"@id\":\"https:\/\/www.friseur-hopmann.de\/#website\"},\"primaryImageOfPage\":{\"@id\":\"https:\/\/www.friseur-hopmann.de\/?product=guts-10-ansatzsvolumen-schaumspray-300-ml-volumenstyling#primaryimage\"},\"image\":{\"@id\":\"https:\/\/www.friseur-hopmann.de\/?product=guts-10-ansatzsvolumen-schaumspray-300-ml-volumenstyling#primaryimage\"},\"thumbnailUrl\":\"https:\/\/www.friseur-hopmann.de\/wp-content\/uploads\/2005\/06\/Root-lifter-GUTS-300-ml.jpg\",\"datePublished\":\"2005-06-22T08:04:58+00:00\",\"dateModified\":\"2025-01-04T20:07:54+00:00\",\"breadcrumb\":{\"@id\":\"https:\/\/www.friseur-hopmann.de\/?product=guts-10-ansatzsvolumen-schaumspray-300-ml-volumenstyling#breadcrumb\"},\"inLanguage\":\"de\",\"potentialAction\":[{\"@type\":\"ReadAction\",\"target\":[\"https:\/\/www.friseur-hopmann.de\/?product=guts-10-ansatzsvolumen-schaumspray-300-ml-volumenstyling\"]}]},{\"@type\":\"ImageObject\",\"inLanguage\":\"de\",\"@id\":\"https:\/\/www.friseur-hopmann.de\/?product=guts-10-ansatzsvolumen-schaumspray-300-ml-volumenstyling#primaryimage\",\"url\":\"https:\/\/www.friseur-hopmann.de\/wp-content\/uploads\/2005\/06\/Root-lifter-GUTS-300-ml.jpg\",\"contentUrl\":\"https:\/\/www.friseur-hopmann.de\/wp-content\/uploads\/2005\/06\/Root-lifter-GUTS-300-ml.jpg\",\"width\":500,\"height\":500},{\"@type\":\"BreadcrumbList\",\"@id\":\"https:\/\/www.friseur-hopmann.de\/?product=guts-10-ansatzsvolumen-schaumspray-300-ml-volumenstyling#breadcrumb\",\"itemListElement\":[{\"@type\":\"ListItem\",\"position\":1,\"name\":\"Startseite\",\"item\":\"https:\/\/www.friseur-hopmann.de\/\"},{\"@type\":\"ListItem\",\"position\":2,\"name\":\"Produkte\",\"item\":\"https:\/\/www.friseur-hopmann.de\/?post_type=product\"},{\"@type\":\"ListItem\",\"position\":3,\"name\":\"REDKEN STYLING ROOT LIFTER Guts &#8211; Ansatzsvolumen-Schaumspray 300 ml (Volumenstyling)\"}]},{\"@type\":\"WebSite\",\"@id\":\"https:\/\/www.friseur-hopmann.de\/#website\",\"url\":\"https:\/\/www.friseur-hopmann.de\/\",\"name\":\"Friseur Hopmann Hairstyling\",\"description\":\"Ihr Friseur in Nordhorn\",\"potentialAction\":[{\"@type\":\"SearchAction\",\"target\":{\"@type\":\"EntryPoint\",\"urlTemplate\":\"https:\/\/www.friseur-hopmann.de\/?s={search_term_string}\"},\"query-input\":{\"@type\":\"PropertyValueSpecification\",\"valueRequired\":true,\"valueName\":\"search_term_string\"}}],\"inLanguage\":\"de\"}]}<\/script>\n<!-- \/ Yoast SEO plugin. -->","yoast_head_json":{"title":"guts 10 - Ansatzsvolumen-Schaumspray 300 ml (Volumenstyling)","robots":{"index":"index","follow":"follow","max-snippet":"max-snippet:-1","max-image-preview":"max-image-preview:large","max-video-preview":"max-video-preview:-1"},"canonical":"https:\/\/www.friseur-hopmann.de\/?product=guts-10-ansatzsvolumen-schaumspray-300-ml-volumenstyling","og_locale":"de_DE","og_type":"article","og_title":"guts 10 - Ansatzsvolumen-Schaumspray 300 ml (Volumenstyling)","og_description":"ROOT LIFTER GUTS Ansatzvolumen Schaumspray St\u00e4rkt den Haaransatz, gibt besonderes Volumen und Glanz.","og_url":"https:\/\/www.friseur-hopmann.de\/?product=guts-10-ansatzsvolumen-schaumspray-300-ml-volumenstyling","og_site_name":"Friseur Hopmann Hairstyling","article_modified_time":"2025-01-04T20:07:54+00:00","og_image":[{"width":500,"height":500,"url":"http:\/\/www.friseur-hopmann.de\/wp-content\/uploads\/2005\/06\/Root-lifter-GUTS-300-ml.jpg","type":"image\/jpeg"}],"twitter_card":"summary_large_image","schema":{"@context":"https:\/\/schema.org","@graph":[{"@type":"WebPage","@id":"https:\/\/www.friseur-hopmann.de\/?product=guts-10-ansatzsvolumen-schaumspray-300-ml-volumenstyling","url":"https:\/\/www.friseur-hopmann.de\/?product=guts-10-ansatzsvolumen-schaumspray-300-ml-volumenstyling","name":"guts 10 - Ansatzsvolumen-Schaumspray 300 ml (Volumenstyling)","isPartOf":{"@id":"https:\/\/www.friseur-hopmann.de\/#website"},"primaryImageOfPage":{"@id":"https:\/\/www.friseur-hopmann.de\/?product=guts-10-ansatzsvolumen-schaumspray-300-ml-volumenstyling#primaryimage"},"image":{"@id":"https:\/\/www.friseur-hopmann.de\/?product=guts-10-ansatzsvolumen-schaumspray-300-ml-volumenstyling#primaryimage"},"thumbnailUrl":"https:\/\/www.friseur-hopmann.de\/wp-content\/uploads\/2005\/06\/Root-lifter-GUTS-300-ml.jpg","datePublished":"2005-06-22T08:04:58+00:00","dateModified":"2025-01-04T20:07:54+00:00","breadcrumb":{"@id":"https:\/\/www.friseur-hopmann.de\/?product=guts-10-ansatzsvolumen-schaumspray-300-ml-volumenstyling#breadcrumb"},"inLanguage":"de","potentialAction":[{"@type":"ReadAction","target":["https:\/\/www.friseur-hopmann.de\/?product=guts-10-ansatzsvolumen-schaumspray-300-ml-volumenstyling"]}]},{"@type":"ImageObject","inLanguage":"de","@id":"https:\/\/www.friseur-hopmann.de\/?product=guts-10-ansatzsvolumen-schaumspray-300-ml-volumenstyling#primaryimage","url":"https:\/\/www.friseur-hopmann.de\/wp-content\/uploads\/2005\/06\/Root-lifter-GUTS-300-ml.jpg","contentUrl":"https:\/\/www.friseur-hopmann.de\/wp-content\/uploads\/2005\/06\/Root-lifter-GUTS-300-ml.jpg","width":500,"height":500},{"@type":"BreadcrumbList","@id":"https:\/\/www.friseur-hopmann.de\/?product=guts-10-ansatzsvolumen-schaumspray-300-ml-volumenstyling#breadcrumb","itemListElement":[{"@type":"ListItem","position":1,"name":"Startseite","item":"https:\/\/www.friseur-hopmann.de\/"},{"@type":"ListItem","position":2,"name":"Produkte","item":"https:\/\/www.friseur-hopmann.de\/?post_type=product"},{"@type":"ListItem","position":3,"name":"REDKEN STYLING ROOT LIFTER Guts &#8211; Ansatzsvolumen-Schaumspray 300 ml (Volumenstyling)"}]},{"@type":"WebSite","@id":"https:\/\/www.friseur-hopmann.de\/#website","url":"https:\/\/www.friseur-hopmann.de\/","name":"Friseur Hopmann Hairstyling","description":"Ihr Friseur in Nordhorn","potentialAction":[{"@type":"SearchAction","target":{"@type":"EntryPoint","urlTemplate":"https:\/\/www.friseur-hopmann.de\/?s={search_term_string}"},"query-input":{"@type":"PropertyValueSpecification","valueRequired":true,"valueName":"search_term_string"}}],"inLanguage":"de"}]}},"brands":[],"_links":{"self":[{"href":"https:\/\/www.friseur-hopmann.de\/index.php?rest_route=\/wp\/v2\/product\/8307","targetHints":{"allow":["GET"]}}],"collection":[{"href":"https:\/\/www.friseur-hopmann.de\/index.php?rest_route=\/wp\/v2\/product"}],"about":[{"href":"https:\/\/www.friseur-hopmann.de\/index.php?rest_route=\/wp\/v2\/types\/product"}],"replies":[{"embeddable":true,"href":"https:\/\/www.friseur-hopmann.de\/index.php?rest_route=%2Fwp%2Fv2%2Fcomments&post=8307"}],"wp:featuredmedia":[{"embeddable":true,"href":"https:\/\/www.friseur-hopmann.de\/index.php?rest_route=\/wp\/v2\/media\/21226"}],"wp:attachment":[{"href":"https:\/\/www.friseur-hopmann.de\/index.php?rest_route=%2Fwp%2Fv2%2Fmedia&parent=8307"}],"wp:term":[{"taxonomy":"pwb-brand","embeddable":true,"href":"https:\/\/www.friseur-hopmann.de\/index.php?rest_route=%2Fwp%2Fv2%2Fpwb-brand&post=8307"},{"taxonomy":"product_brand","embeddable":true,"href":"https:\/\/www.friseur-hopmann.de\/index.php?rest_route=%2Fwp%2Fv2%2Fproduct_brand&post=8307"},{"taxonomy":"product_cat","embeddable":true,"href":"https:\/\/www.friseur-hopmann.de\/index.php?rest_route=%2Fwp%2Fv2%2Fproduct_cat&post=8307"},{"taxonomy":"product_tag","embeddable":true,"href":"https:\/\/www.friseur-hopmann.de\/index.php?rest_route=%2Fwp%2Fv2%2Fproduct_tag&post=8307"}],"curies":[{"name":"wp","href":"https:\/\/api.w.org\/{rel}","templated":true}]}}