{"id":8278,"date":"2016-07-04T10:04:58","date_gmt":"2016-07-04T08:04:58","guid":{"rendered":"http:\/\/www.friseur-hopmann.de\/?post_type=product&#038;p=8278"},"modified":"2026-03-09T18:53:48","modified_gmt":"2026-03-09T16:53:48","slug":"fusio-dose-booster-r-sistance","status":"publish","type":"product","link":"https:\/\/www.friseur-hopmann.de\/?product=fusio-dose-booster-r-sistance","title":{"rendered":"K\u00c9RASTASE FUSIO DOSE Booster Reconstruction"},"content":{"rendered":"<h3>Produktbeschreibung:<\/h3>\n<p>Fusio-Dose<\/p>\n<h1 class=\"c-product__name\">Booster Reconstruction<\/h1>\n<p>-hochwertiges Haarstruktur-Pflegekonzentrat<\/p>\n<p>&#8211; sch\u00fctzt das Haar vor dem Austrocknen<\/p>\n<p>&#8211; erneuert die Haarstruktur<\/p>\n<p>&#8211; st\u00e4rkt und festigt die Haarfaser von Innen nach Au\u00dfen<\/p>\n<p>&#8211; gibt dem Haar Festigkeit und sichtbar mehr Glanz<\/p>\n<h3>Anwendung:<\/h3>\n<p><strong>nur in Verbindung mit:<\/strong><\/p>\n<p>Concentr\u00e9 Nutritive<\/p>\n<p><em>oder<\/em> Concentr\u00e9 Chroma Absolu<\/p>\n<p><em>oder<\/em> Concentr\u00e9 Resistence<\/p>\n<p><em>oder<\/em> Concentr\u00e9 Densifique<\/p>\n<p><em>oder<\/em> Conentr\u00e9 Curl Manifesto<\/p>\n<p><em>oder<\/em> Concentr\u00e9 Genesis<\/p>\n<p><em>oder<\/em> Concentr\u00e9 Blond Absolu<\/p>\n<p><strong>WICHTIG<\/strong>: Gebrauchsanweisung unbedingt befolgen.<\/p>\n<h3>Haartyp\/Zielgruppe:<\/h3>\n<p>Pflege f\u00fcr leicht bis stark strukturgesch\u00e4digtes Haar<\/p>\n<h3>Inhalt:<\/h3>\n<p>120 ml<\/p>\n","protected":false},"excerpt":{"rendered":"<p>Fusio-Dose<\/p>\n<h4 class=\"c-product__name\"><strong>Booster Reconstruction &#8211;<\/strong> <strong>besonders geeignet bei strukturgesch\u00e4digten Haaren.<\/strong><\/h4>\n<ul>\n<li>\n<div class=\"se-field se-switch field flex se-field--fluid\">\n<div class=\"se-field__label-container\">\n<div class=\"se-field__label-section fixed-width\">\n<p>&nbsp;<\/p>\n<p><strong><label class=\"field__label\" for=\"s0-0-0-24-8-REGULATORY_COMPLIANCE-0-34-6[3]-1-se-switch\">I<em>nformationen zur Produktsicherheit (GPSR-Richtlinien)<\/em><\/label><\/strong><\/p>\n<p><em>Enth\u00e4lt Inhaltsstoffe, die Allergien ausl\u00f6sen k\u00f6nnen.<\/em><\/p>\n<p><em>Bei Kontakt mit den Augen, diese gr\u00fcndlich aussp\u00fclen.<\/em><\/p>\n<p>Verantwortlicher Hersteller: L<em>oreal Professionnel,\u00a0 14, rue Royale 75008 Paris\u00b4<\/em><\/p>\n<\/div>\n<\/div>\n<\/div>\n<div class=\"summary__hazmat-gridview-section\">\n<div class=\"summary__regulatory--section hazmat-statements\">\n<div class=\"se-field se-expand-button se-filter-menu-button field se-field--fluid\">\n<div class=\"se-field--fluid\">\n<div><em>fragen@loreal-group. com<\/em><\/div>\n<\/div>\n<\/div>\n<\/div>\n<\/div>\n<p>s Haar<\/li>\n<li><\/li>\n<\/ul>\n","protected":false},"featured_media":21718,"comment_status":"open","ping_status":"closed","template":"","meta":{"_exactmetrics_skip_tracking":false,"_exactmetrics_sitenote_active":false,"_exactmetrics_sitenote_note":"","_exactmetrics_sitenote_category":0,"_monsterinsights_skip_tracking":false,"_monsterinsights_sitenote_active":false,"_monsterinsights_sitenote_note":"","_monsterinsights_sitenote_category":0},"pwb-brand":[],"product_brand":[615],"product_cat":[491,544,547,516,604,590,599,661],"product_tag":[778,805],"class_list":{"0":"post-8278","1":"product","2":"type-product","3":"status-publish","4":"has-post-thumbnail","6":"product_brand-kerastase-2","7":"product_cat-kerastase","8":"product_cat-kerastase-haarpflege","9":"product_cat-kerastase-pflegelotion","10":"product_cat-r-sistance","11":"product_cat-r-sistance-architecte","12":"product_cat-resistance-th-rapiste","13":"product_cat-r-sistance-volumifique","14":"product_cat-resistance-extentioniste","15":"product_tag-intensiv-haarpflege-fuer-strukturgeschaedigtes-haar","16":"product_tag-strukturaufbauende-haarpflege","17":"pa_inhalt-639","19":"first","20":"instock","21":"taxable","22":"shipping-taxable","23":"purchasable","24":"product-type-simple"},"yoast_head":"<!-- This site is optimized with the Yoast SEO plugin v24.6 - https:\/\/yoast.com\/wordpress\/plugins\/seo\/ -->\n<title>FUSIO DOSE BOOSTER R\u00c9SISTANCE<\/title>\n<meta name=\"robots\" content=\"index, follow, max-snippet:-1, max-image-preview:large, max-video-preview:-1\" \/>\n<link rel=\"canonical\" href=\"https:\/\/www.friseur-hopmann.de\/?product=fusio-dose-booster-r-sistance\" \/>\n<meta property=\"og:locale\" content=\"de_DE\" \/>\n<meta property=\"og:type\" content=\"article\" \/>\n<meta property=\"og:title\" content=\"FUSIO DOSE BOOSTER R\u00c9SISTANCE\" \/>\n<meta property=\"og:description\" content=\"Fusio-Dose Booster Reconstruction - besonders geeignet bei strukturgesch\u00e4digten Haaren.        &nbsp;  Informationen zur Produktsicherheit (GPSR-Richtlinien)  Enth\u00e4lt Inhaltsstoffe, die Allergien ausl\u00f6sen k\u00f6nnen.  Bei Kontakt mit den Augen, diese gr\u00fcndlich aussp\u00fclen.  Verantwortlicher Hersteller: Loreal Professionnel,\u00a0 14, rue Royale 75008 Paris\u00b4         fragen@loreal-group. com     s Haar\" \/>\n<meta property=\"og:url\" content=\"https:\/\/www.friseur-hopmann.de\/?product=fusio-dose-booster-r-sistance\" \/>\n<meta property=\"og:site_name\" content=\"Friseur Hopmann Hairstyling\" \/>\n<meta property=\"article:modified_time\" content=\"2026-03-09T16:53:48+00:00\" \/>\n<meta property=\"og:image\" content=\"http:\/\/www.friseur-hopmann.de\/wp-content\/uploads\/2016\/07\/Resi-Booster.jpg\" \/>\n\t<meta property=\"og:image:width\" content=\"992\" \/>\n\t<meta property=\"og:image:height\" content=\"756\" \/>\n\t<meta property=\"og:image:type\" content=\"image\/jpeg\" \/>\n<meta name=\"twitter:card\" content=\"summary_large_image\" \/>\n<meta name=\"twitter:label1\" content=\"Gesch\u00e4tzte Lesezeit\" \/>\n\t<meta name=\"twitter:data1\" content=\"1\u00a0Minute\" \/>\n<script type=\"application\/ld+json\" class=\"yoast-schema-graph\">{\"@context\":\"https:\/\/schema.org\",\"@graph\":[{\"@type\":\"WebPage\",\"@id\":\"https:\/\/www.friseur-hopmann.de\/?product=fusio-dose-booster-r-sistance\",\"url\":\"https:\/\/www.friseur-hopmann.de\/?product=fusio-dose-booster-r-sistance\",\"name\":\"FUSIO DOSE BOOSTER R\u00c9SISTANCE\",\"isPartOf\":{\"@id\":\"https:\/\/www.friseur-hopmann.de\/#website\"},\"primaryImageOfPage\":{\"@id\":\"https:\/\/www.friseur-hopmann.de\/?product=fusio-dose-booster-r-sistance#primaryimage\"},\"image\":{\"@id\":\"https:\/\/www.friseur-hopmann.de\/?product=fusio-dose-booster-r-sistance#primaryimage\"},\"thumbnailUrl\":\"https:\/\/www.friseur-hopmann.de\/wp-content\/uploads\/2016\/07\/Resi-Booster.jpg\",\"datePublished\":\"2016-07-04T08:04:58+00:00\",\"dateModified\":\"2026-03-09T16:53:48+00:00\",\"breadcrumb\":{\"@id\":\"https:\/\/www.friseur-hopmann.de\/?product=fusio-dose-booster-r-sistance#breadcrumb\"},\"inLanguage\":\"de\",\"potentialAction\":[{\"@type\":\"ReadAction\",\"target\":[\"https:\/\/www.friseur-hopmann.de\/?product=fusio-dose-booster-r-sistance\"]}]},{\"@type\":\"ImageObject\",\"inLanguage\":\"de\",\"@id\":\"https:\/\/www.friseur-hopmann.de\/?product=fusio-dose-booster-r-sistance#primaryimage\",\"url\":\"https:\/\/www.friseur-hopmann.de\/wp-content\/uploads\/2016\/07\/Resi-Booster.jpg\",\"contentUrl\":\"https:\/\/www.friseur-hopmann.de\/wp-content\/uploads\/2016\/07\/Resi-Booster.jpg\",\"width\":992,\"height\":756},{\"@type\":\"BreadcrumbList\",\"@id\":\"https:\/\/www.friseur-hopmann.de\/?product=fusio-dose-booster-r-sistance#breadcrumb\",\"itemListElement\":[{\"@type\":\"ListItem\",\"position\":1,\"name\":\"Startseite\",\"item\":\"https:\/\/www.friseur-hopmann.de\/\"},{\"@type\":\"ListItem\",\"position\":2,\"name\":\"Produkte\",\"item\":\"https:\/\/www.friseur-hopmann.de\/?post_type=product\"},{\"@type\":\"ListItem\",\"position\":3,\"name\":\"K\u00c9RASTASE FUSIO DOSE Booster Reconstruction\"}]},{\"@type\":\"WebSite\",\"@id\":\"https:\/\/www.friseur-hopmann.de\/#website\",\"url\":\"https:\/\/www.friseur-hopmann.de\/\",\"name\":\"Friseur Hopmann Hairstyling\",\"description\":\"Ihr Friseur in Nordhorn\",\"potentialAction\":[{\"@type\":\"SearchAction\",\"target\":{\"@type\":\"EntryPoint\",\"urlTemplate\":\"https:\/\/www.friseur-hopmann.de\/?s={search_term_string}\"},\"query-input\":{\"@type\":\"PropertyValueSpecification\",\"valueRequired\":true,\"valueName\":\"search_term_string\"}}],\"inLanguage\":\"de\"}]}<\/script>\n<!-- \/ Yoast SEO plugin. -->","yoast_head_json":{"title":"FUSIO DOSE BOOSTER R\u00c9SISTANCE","robots":{"index":"index","follow":"follow","max-snippet":"max-snippet:-1","max-image-preview":"max-image-preview:large","max-video-preview":"max-video-preview:-1"},"canonical":"https:\/\/www.friseur-hopmann.de\/?product=fusio-dose-booster-r-sistance","og_locale":"de_DE","og_type":"article","og_title":"FUSIO DOSE BOOSTER R\u00c9SISTANCE","og_description":"Fusio-Dose Booster Reconstruction - besonders geeignet bei strukturgesch\u00e4digten Haaren.        &nbsp;  Informationen zur Produktsicherheit (GPSR-Richtlinien)  Enth\u00e4lt Inhaltsstoffe, die Allergien ausl\u00f6sen k\u00f6nnen.  Bei Kontakt mit den Augen, diese gr\u00fcndlich aussp\u00fclen.  Verantwortlicher Hersteller: Loreal Professionnel,\u00a0 14, rue Royale 75008 Paris\u00b4         fragen@loreal-group. com     s Haar","og_url":"https:\/\/www.friseur-hopmann.de\/?product=fusio-dose-booster-r-sistance","og_site_name":"Friseur Hopmann Hairstyling","article_modified_time":"2026-03-09T16:53:48+00:00","og_image":[{"width":992,"height":756,"url":"http:\/\/www.friseur-hopmann.de\/wp-content\/uploads\/2016\/07\/Resi-Booster.jpg","type":"image\/jpeg"}],"twitter_card":"summary_large_image","twitter_misc":{"Gesch\u00e4tzte Lesezeit":"1\u00a0Minute"},"schema":{"@context":"https:\/\/schema.org","@graph":[{"@type":"WebPage","@id":"https:\/\/www.friseur-hopmann.de\/?product=fusio-dose-booster-r-sistance","url":"https:\/\/www.friseur-hopmann.de\/?product=fusio-dose-booster-r-sistance","name":"FUSIO DOSE BOOSTER R\u00c9SISTANCE","isPartOf":{"@id":"https:\/\/www.friseur-hopmann.de\/#website"},"primaryImageOfPage":{"@id":"https:\/\/www.friseur-hopmann.de\/?product=fusio-dose-booster-r-sistance#primaryimage"},"image":{"@id":"https:\/\/www.friseur-hopmann.de\/?product=fusio-dose-booster-r-sistance#primaryimage"},"thumbnailUrl":"https:\/\/www.friseur-hopmann.de\/wp-content\/uploads\/2016\/07\/Resi-Booster.jpg","datePublished":"2016-07-04T08:04:58+00:00","dateModified":"2026-03-09T16:53:48+00:00","breadcrumb":{"@id":"https:\/\/www.friseur-hopmann.de\/?product=fusio-dose-booster-r-sistance#breadcrumb"},"inLanguage":"de","potentialAction":[{"@type":"ReadAction","target":["https:\/\/www.friseur-hopmann.de\/?product=fusio-dose-booster-r-sistance"]}]},{"@type":"ImageObject","inLanguage":"de","@id":"https:\/\/www.friseur-hopmann.de\/?product=fusio-dose-booster-r-sistance#primaryimage","url":"https:\/\/www.friseur-hopmann.de\/wp-content\/uploads\/2016\/07\/Resi-Booster.jpg","contentUrl":"https:\/\/www.friseur-hopmann.de\/wp-content\/uploads\/2016\/07\/Resi-Booster.jpg","width":992,"height":756},{"@type":"BreadcrumbList","@id":"https:\/\/www.friseur-hopmann.de\/?product=fusio-dose-booster-r-sistance#breadcrumb","itemListElement":[{"@type":"ListItem","position":1,"name":"Startseite","item":"https:\/\/www.friseur-hopmann.de\/"},{"@type":"ListItem","position":2,"name":"Produkte","item":"https:\/\/www.friseur-hopmann.de\/?post_type=product"},{"@type":"ListItem","position":3,"name":"K\u00c9RASTASE FUSIO DOSE Booster Reconstruction"}]},{"@type":"WebSite","@id":"https:\/\/www.friseur-hopmann.de\/#website","url":"https:\/\/www.friseur-hopmann.de\/","name":"Friseur Hopmann Hairstyling","description":"Ihr Friseur in Nordhorn","potentialAction":[{"@type":"SearchAction","target":{"@type":"EntryPoint","urlTemplate":"https:\/\/www.friseur-hopmann.de\/?s={search_term_string}"},"query-input":{"@type":"PropertyValueSpecification","valueRequired":true,"valueName":"search_term_string"}}],"inLanguage":"de"}]}},"brands":[],"_links":{"self":[{"href":"https:\/\/www.friseur-hopmann.de\/index.php?rest_route=\/wp\/v2\/product\/8278","targetHints":{"allow":["GET"]}}],"collection":[{"href":"https:\/\/www.friseur-hopmann.de\/index.php?rest_route=\/wp\/v2\/product"}],"about":[{"href":"https:\/\/www.friseur-hopmann.de\/index.php?rest_route=\/wp\/v2\/types\/product"}],"replies":[{"embeddable":true,"href":"https:\/\/www.friseur-hopmann.de\/index.php?rest_route=%2Fwp%2Fv2%2Fcomments&post=8278"}],"wp:featuredmedia":[{"embeddable":true,"href":"https:\/\/www.friseur-hopmann.de\/index.php?rest_route=\/wp\/v2\/media\/21718"}],"wp:attachment":[{"href":"https:\/\/www.friseur-hopmann.de\/index.php?rest_route=%2Fwp%2Fv2%2Fmedia&parent=8278"}],"wp:term":[{"taxonomy":"pwb-brand","embeddable":true,"href":"https:\/\/www.friseur-hopmann.de\/index.php?rest_route=%2Fwp%2Fv2%2Fpwb-brand&post=8278"},{"taxonomy":"product_brand","embeddable":true,"href":"https:\/\/www.friseur-hopmann.de\/index.php?rest_route=%2Fwp%2Fv2%2Fproduct_brand&post=8278"},{"taxonomy":"product_cat","embeddable":true,"href":"https:\/\/www.friseur-hopmann.de\/index.php?rest_route=%2Fwp%2Fv2%2Fproduct_cat&post=8278"},{"taxonomy":"product_tag","embeddable":true,"href":"https:\/\/www.friseur-hopmann.de\/index.php?rest_route=%2Fwp%2Fv2%2Fproduct_tag&post=8278"}],"curies":[{"name":"wp","href":"https:\/\/api.w.org\/{rel}","templated":true}]}}