{"id":8274,"date":"2005-06-22T10:04:58","date_gmt":"2005-06-22T08:04:58","guid":{"rendered":"http:\/\/www.friseur-hopmann.de\/?post_type=product&#038;p=8274"},"modified":"2025-01-04T22:09:10","modified_gmt":"2025-01-04T20:09:10","slug":"all-soft-conditioner-250-ml","status":"publish","type":"product","link":"https:\/\/www.friseur-hopmann.de\/?product=all-soft-conditioner-250-ml","title":{"rendered":"ALL SOFT CONDITIONER 300 ml"},"content":{"rendered":"<h3>Produktbeschreibung:<\/h3>\n<p>ALL SOFT CONDITIONER<br \/>\nEntwirrt das Haar, verhindert Haarbruch und sorgt f\u00fcr eine gegl\u00e4ttete Haaroberfl\u00e4che.<br \/>\nDas exklusive Redken Interbond Conditioning System und der Silk-Luxe Complex verleihen trockenem, br\u00fcchigem und spr\u00f6dem Haar intensive, luxuri\u00f6se Weichheit und brillanten Glanz.<\/p>\n<h3>Zielgruppe:<\/h3>\n<p>Bei trockenem, br\u00fcchigem, spr\u00f6dem und glanzlosem Haar.<\/p>\n<h3>Technologie:<\/h3>\n<h3>Keratin Enrich Komplex<\/h3>\n<p>ARGAN \u00d6L = VERSORGT DAS HAAR INTENSIV<br \/>\nMIT FEUCHTIGKEIT UND SORGT F\u00dcR<br \/>\nGESCHMEIDIGKEIT UND GLANZ<br \/>\nPCA &amp; ARGININ = REGENERIERT DAS HAAR,<br \/>\nWIRKT FEUCHTIGKEITSAUSGLEICHEND UND<br \/>\nSORGT F\u00dcR ULTIMATIVE GESCHMEIDIGKEIT.<\/p>\n<h3>Interlock Protein Network<\/h3>\n<p>H\u00f6here Widerstandskraft durch innere<br \/>\nSt\u00e4rke, Oberfl\u00e4chenschutz durch<br \/>\nsch\u00fctzenden Film, Bindet pflegende<br \/>\nInhaltsstoffe in der Haarfaser.<\/p>\n<h3>Anwendung:<\/h3>\n<p>Den Conditioner nach der Haarw\u00e4sche gleichm\u00e4\u00dfig auf L\u00e4ngen und Spitzen auftragen.<br \/>\n1-2 Minuten einwirken lassen. Gr\u00fcndlich aussp\u00fclen.<br \/>\n<strong>Inhalt:<\/strong> 300 ml<\/p>\n","protected":false},"excerpt":{"rendered":"<p>ALL SOFT CONDITIONER<br \/>\nEntwirrt das Haar, verhindert Haarbruch und sorgt f\u00fcr eine gegl\u00e4ttete Haaroberfl\u00e4che.<\/p>\n","protected":false},"featured_media":16291,"comment_status":"open","ping_status":"closed","template":"","meta":{"_exactmetrics_skip_tracking":false,"_exactmetrics_sitenote_active":false,"_exactmetrics_sitenote_note":"","_exactmetrics_sitenote_category":0,"_monsterinsights_skip_tracking":false,"_monsterinsights_sitenote_active":false,"_monsterinsights_sitenote_note":"","_monsterinsights_sitenote_category":0},"pwb-brand":[],"product_brand":[613],"product_cat":[528,500,552,553],"product_tag":[695,911,841],"class_list":{"0":"post-8274","1":"product","2":"type-product","3":"status-publish","4":"has-post-thumbnail","6":"product_brand-redken-2","7":"product_cat-all-soft","8":"product_cat-redken","9":"product_cat-redken-conditioner","10":"product_cat-redken-haarpflege","11":"product_tag-conditioner","12":"product_tag-haarspuelung","13":"product_tag-leichte-schnellpflege","14":"pa_inhalt-622","16":"first","17":"instock","18":"taxable","19":"shipping-taxable","20":"purchasable","21":"product-type-simple"},"yoast_head":"<!-- This site is optimized with the Yoast SEO plugin v24.6 - https:\/\/yoast.com\/wordpress\/plugins\/seo\/ -->\n<title>ALL SOFT CONDITIONER 250 ml<\/title>\n<meta name=\"robots\" content=\"index, follow, max-snippet:-1, max-image-preview:large, max-video-preview:-1\" \/>\n<link rel=\"canonical\" href=\"https:\/\/www.friseur-hopmann.de\/?product=all-soft-conditioner-250-ml\" \/>\n<meta property=\"og:locale\" content=\"de_DE\" \/>\n<meta property=\"og:type\" content=\"article\" \/>\n<meta property=\"og:title\" content=\"ALL SOFT CONDITIONER 250 ml\" \/>\n<meta property=\"og:description\" content=\"ALL SOFT CONDITIONER Entwirrt das Haar, verhindert Haarbruch und sorgt f\u00fcr eine gegl\u00e4ttete Haaroberfl\u00e4che.\" \/>\n<meta property=\"og:url\" content=\"https:\/\/www.friseur-hopmann.de\/?product=all-soft-conditioner-250-ml\" \/>\n<meta property=\"og:site_name\" content=\"Friseur Hopmann Hairstyling\" \/>\n<meta property=\"article:modified_time\" content=\"2025-01-04T20:09:10+00:00\" \/>\n<meta property=\"og:image\" content=\"http:\/\/www.friseur-hopmann.de\/wp-content\/uploads\/2005\/06\/All-Soft-Condit.300ml.jpg\" \/>\n\t<meta property=\"og:image:width\" content=\"1024\" \/>\n\t<meta property=\"og:image:height\" content=\"1024\" \/>\n\t<meta property=\"og:image:type\" content=\"image\/jpeg\" \/>\n<meta name=\"twitter:card\" content=\"summary_large_image\" \/>\n<meta name=\"twitter:label1\" content=\"Gesch\u00e4tzte Lesezeit\" \/>\n\t<meta name=\"twitter:data1\" content=\"1\u00a0Minute\" \/>\n<script type=\"application\/ld+json\" class=\"yoast-schema-graph\">{\"@context\":\"https:\/\/schema.org\",\"@graph\":[{\"@type\":\"WebPage\",\"@id\":\"https:\/\/www.friseur-hopmann.de\/?product=all-soft-conditioner-250-ml\",\"url\":\"https:\/\/www.friseur-hopmann.de\/?product=all-soft-conditioner-250-ml\",\"name\":\"ALL SOFT CONDITIONER 250 ml\",\"isPartOf\":{\"@id\":\"https:\/\/www.friseur-hopmann.de\/#website\"},\"primaryImageOfPage\":{\"@id\":\"https:\/\/www.friseur-hopmann.de\/?product=all-soft-conditioner-250-ml#primaryimage\"},\"image\":{\"@id\":\"https:\/\/www.friseur-hopmann.de\/?product=all-soft-conditioner-250-ml#primaryimage\"},\"thumbnailUrl\":\"https:\/\/www.friseur-hopmann.de\/wp-content\/uploads\/2005\/06\/All-Soft-Condit.300ml.jpg\",\"datePublished\":\"2005-06-22T08:04:58+00:00\",\"dateModified\":\"2025-01-04T20:09:10+00:00\",\"breadcrumb\":{\"@id\":\"https:\/\/www.friseur-hopmann.de\/?product=all-soft-conditioner-250-ml#breadcrumb\"},\"inLanguage\":\"de\",\"potentialAction\":[{\"@type\":\"ReadAction\",\"target\":[\"https:\/\/www.friseur-hopmann.de\/?product=all-soft-conditioner-250-ml\"]}]},{\"@type\":\"ImageObject\",\"inLanguage\":\"de\",\"@id\":\"https:\/\/www.friseur-hopmann.de\/?product=all-soft-conditioner-250-ml#primaryimage\",\"url\":\"https:\/\/www.friseur-hopmann.de\/wp-content\/uploads\/2005\/06\/All-Soft-Condit.300ml.jpg\",\"contentUrl\":\"https:\/\/www.friseur-hopmann.de\/wp-content\/uploads\/2005\/06\/All-Soft-Condit.300ml.jpg\",\"width\":1024,\"height\":1024},{\"@type\":\"BreadcrumbList\",\"@id\":\"https:\/\/www.friseur-hopmann.de\/?product=all-soft-conditioner-250-ml#breadcrumb\",\"itemListElement\":[{\"@type\":\"ListItem\",\"position\":1,\"name\":\"Startseite\",\"item\":\"https:\/\/www.friseur-hopmann.de\/\"},{\"@type\":\"ListItem\",\"position\":2,\"name\":\"Produkte\",\"item\":\"https:\/\/www.friseur-hopmann.de\/?post_type=product\"},{\"@type\":\"ListItem\",\"position\":3,\"name\":\"ALL SOFT CONDITIONER 300 ml\"}]},{\"@type\":\"WebSite\",\"@id\":\"https:\/\/www.friseur-hopmann.de\/#website\",\"url\":\"https:\/\/www.friseur-hopmann.de\/\",\"name\":\"Friseur Hopmann Hairstyling\",\"description\":\"Ihr Friseur in Nordhorn\",\"potentialAction\":[{\"@type\":\"SearchAction\",\"target\":{\"@type\":\"EntryPoint\",\"urlTemplate\":\"https:\/\/www.friseur-hopmann.de\/?s={search_term_string}\"},\"query-input\":{\"@type\":\"PropertyValueSpecification\",\"valueRequired\":true,\"valueName\":\"search_term_string\"}}],\"inLanguage\":\"de\"}]}<\/script>\n<!-- \/ Yoast SEO plugin. -->","yoast_head_json":{"title":"ALL SOFT CONDITIONER 250 ml","robots":{"index":"index","follow":"follow","max-snippet":"max-snippet:-1","max-image-preview":"max-image-preview:large","max-video-preview":"max-video-preview:-1"},"canonical":"https:\/\/www.friseur-hopmann.de\/?product=all-soft-conditioner-250-ml","og_locale":"de_DE","og_type":"article","og_title":"ALL SOFT CONDITIONER 250 ml","og_description":"ALL SOFT CONDITIONER Entwirrt das Haar, verhindert Haarbruch und sorgt f\u00fcr eine gegl\u00e4ttete Haaroberfl\u00e4che.","og_url":"https:\/\/www.friseur-hopmann.de\/?product=all-soft-conditioner-250-ml","og_site_name":"Friseur Hopmann Hairstyling","article_modified_time":"2025-01-04T20:09:10+00:00","og_image":[{"width":1024,"height":1024,"url":"http:\/\/www.friseur-hopmann.de\/wp-content\/uploads\/2005\/06\/All-Soft-Condit.300ml.jpg","type":"image\/jpeg"}],"twitter_card":"summary_large_image","twitter_misc":{"Gesch\u00e4tzte Lesezeit":"1\u00a0Minute"},"schema":{"@context":"https:\/\/schema.org","@graph":[{"@type":"WebPage","@id":"https:\/\/www.friseur-hopmann.de\/?product=all-soft-conditioner-250-ml","url":"https:\/\/www.friseur-hopmann.de\/?product=all-soft-conditioner-250-ml","name":"ALL SOFT CONDITIONER 250 ml","isPartOf":{"@id":"https:\/\/www.friseur-hopmann.de\/#website"},"primaryImageOfPage":{"@id":"https:\/\/www.friseur-hopmann.de\/?product=all-soft-conditioner-250-ml#primaryimage"},"image":{"@id":"https:\/\/www.friseur-hopmann.de\/?product=all-soft-conditioner-250-ml#primaryimage"},"thumbnailUrl":"https:\/\/www.friseur-hopmann.de\/wp-content\/uploads\/2005\/06\/All-Soft-Condit.300ml.jpg","datePublished":"2005-06-22T08:04:58+00:00","dateModified":"2025-01-04T20:09:10+00:00","breadcrumb":{"@id":"https:\/\/www.friseur-hopmann.de\/?product=all-soft-conditioner-250-ml#breadcrumb"},"inLanguage":"de","potentialAction":[{"@type":"ReadAction","target":["https:\/\/www.friseur-hopmann.de\/?product=all-soft-conditioner-250-ml"]}]},{"@type":"ImageObject","inLanguage":"de","@id":"https:\/\/www.friseur-hopmann.de\/?product=all-soft-conditioner-250-ml#primaryimage","url":"https:\/\/www.friseur-hopmann.de\/wp-content\/uploads\/2005\/06\/All-Soft-Condit.300ml.jpg","contentUrl":"https:\/\/www.friseur-hopmann.de\/wp-content\/uploads\/2005\/06\/All-Soft-Condit.300ml.jpg","width":1024,"height":1024},{"@type":"BreadcrumbList","@id":"https:\/\/www.friseur-hopmann.de\/?product=all-soft-conditioner-250-ml#breadcrumb","itemListElement":[{"@type":"ListItem","position":1,"name":"Startseite","item":"https:\/\/www.friseur-hopmann.de\/"},{"@type":"ListItem","position":2,"name":"Produkte","item":"https:\/\/www.friseur-hopmann.de\/?post_type=product"},{"@type":"ListItem","position":3,"name":"ALL SOFT CONDITIONER 300 ml"}]},{"@type":"WebSite","@id":"https:\/\/www.friseur-hopmann.de\/#website","url":"https:\/\/www.friseur-hopmann.de\/","name":"Friseur Hopmann Hairstyling","description":"Ihr Friseur in Nordhorn","potentialAction":[{"@type":"SearchAction","target":{"@type":"EntryPoint","urlTemplate":"https:\/\/www.friseur-hopmann.de\/?s={search_term_string}"},"query-input":{"@type":"PropertyValueSpecification","valueRequired":true,"valueName":"search_term_string"}}],"inLanguage":"de"}]}},"brands":[],"_links":{"self":[{"href":"https:\/\/www.friseur-hopmann.de\/index.php?rest_route=\/wp\/v2\/product\/8274","targetHints":{"allow":["GET"]}}],"collection":[{"href":"https:\/\/www.friseur-hopmann.de\/index.php?rest_route=\/wp\/v2\/product"}],"about":[{"href":"https:\/\/www.friseur-hopmann.de\/index.php?rest_route=\/wp\/v2\/types\/product"}],"replies":[{"embeddable":true,"href":"https:\/\/www.friseur-hopmann.de\/index.php?rest_route=%2Fwp%2Fv2%2Fcomments&post=8274"}],"wp:featuredmedia":[{"embeddable":true,"href":"https:\/\/www.friseur-hopmann.de\/index.php?rest_route=\/wp\/v2\/media\/16291"}],"wp:attachment":[{"href":"https:\/\/www.friseur-hopmann.de\/index.php?rest_route=%2Fwp%2Fv2%2Fmedia&parent=8274"}],"wp:term":[{"taxonomy":"pwb-brand","embeddable":true,"href":"https:\/\/www.friseur-hopmann.de\/index.php?rest_route=%2Fwp%2Fv2%2Fpwb-brand&post=8274"},{"taxonomy":"product_brand","embeddable":true,"href":"https:\/\/www.friseur-hopmann.de\/index.php?rest_route=%2Fwp%2Fv2%2Fproduct_brand&post=8274"},{"taxonomy":"product_cat","embeddable":true,"href":"https:\/\/www.friseur-hopmann.de\/index.php?rest_route=%2Fwp%2Fv2%2Fproduct_cat&post=8274"},{"taxonomy":"product_tag","embeddable":true,"href":"https:\/\/www.friseur-hopmann.de\/index.php?rest_route=%2Fwp%2Fv2%2Fproduct_tag&post=8274"}],"curies":[{"name":"wp","href":"https:\/\/api.w.org\/{rel}","templated":true}]}}