{"id":8272,"date":"2005-06-22T10:04:58","date_gmt":"2005-06-22T08:04:58","guid":{"rendered":"http:\/\/www.friseur-hopmann.de\/?post_type=product&#038;p=8272"},"modified":"2025-01-04T22:10:59","modified_gmt":"2025-01-04T20:10:59","slug":"all-soft-shampoo-300-ml","status":"publish","type":"product","link":"https:\/\/www.friseur-hopmann.de\/?product=all-soft-shampoo-300-ml","title":{"rendered":"ALL SOFT SHAMPOO 300 ml"},"content":{"rendered":"<h3>Produktbeschreibung:<\/h3>\n<p>Redken ALL SOFT SHAMPOO<br \/>\nRedken All Soft Shampoo wurde gezielt f\u00fcr spr\u00f6des und glanzloses Haar entwickelt. Das hochwertige Shampoo pflegt bereits bei der ersten Haarw\u00e4sche. Der einzigartige Silk-Luxe-Complex verbessert die K\u00e4mmbarkeit deutlich und macht das Haar wunderbar geschmeidig. Die hochwirksamen Inhaltsstoffe dringen in das Innere des Haares ein und regenerieren gesch\u00e4digte Partien nachhaltig.<\/p>\n<p>Redken All Soft Shampoo enth\u00e4lt reichhaltige Weizenproteine, die den verloren gegangenen Feuchtigkeitsgehalt des Haares ausgleichen, die Struktur verbessern und das Haar sp\u00fcrbar geschmeidiger machen. Das enthaltene Avocado\u00f6l spendet zudem f\u00fcr das Haar wichtige Aminos\u00e4uren, welche die Pflege intensivieren.<\/p>\n<h3>Ergebnis:<\/h3>\n<p>Durch die Anwendung von Redken All Soft Shampoo wird das Haar bereits bei der Reinigung intensiv und nachhaltig gepflegt. Der Silk-Luxe-Complex wirkt strukturverbessernd und minimiert die Gefahr von Spliss oder Haarbruch. Zuvor stumpfes oder spr\u00f6des Haar erstrahlt in neuem Glanz, wirkt deutlich kr\u00e4ftiger und vitaler. Durch das Extra an Feuchtigkeit wird zudem verlorene Elastizit\u00e4t wieder hergestellt, sodass die Haarfaser gegen\u00fcber mechanischen Reizen weniger anf\u00e4llig ist.<\/p>\n<h3>Technologie:<\/h3>\n<h3>Keratin Enrich Komplex<\/h3>\n<p>ARGAN \u00d6L = VERSORGT DAS HAAR INTENSIV<br \/>\nMIT FEUCHTIGKEIT UND SORGT F\u00dcR<br \/>\nGESCHMEIDIGKEIT UND GLANZ<br \/>\nPCA &amp; ARGININ = REGENERIERT DAS HAAR,<br \/>\nWIRKT FEUCHTIGKEITSAUSGLEICHEND UND<br \/>\nSORGT F\u00dcR ULTIMATIVE GESCHMEIDIGKEIT.<\/p>\n<h3>Interlock Protein Network<\/h3>\n<p>H\u00f6here Widerstandskraft durch innere<br \/>\nSt\u00e4rke, Oberfl\u00e4chenschutz durch<br \/>\nsch\u00fctzenden Film, Bindet pflegende<br \/>\nInhaltsstoffe in der Haarfaser<\/p>\n<h3>Anwendung:<\/h3>\n<p>Durch die Ergiebigkeit des Redken All Soft Shampoos, gen\u00fcgt eine haselnussgro\u00dfe Menge. Sch\u00e4umen Sie diese mit der etwa zehnfachen Menge klarem Wasser auf und massieren Sie Redken all Soft Shampoo anschlie\u00dfend sanft in das Haar ein. Danach gr\u00fcndlich mit lauwarmem Wasser aussp\u00fclen.<\/p>\n<p>F\u00fcr ein optimales Pflegeergebnis empfehlen wir die Weiterbehandlung mit Redken All Soft Conditioner und einmal w\u00f6chentlich die Anwendung von Redken All Soft Heavy Cream.<br \/>\n<strong>Inhalt:<\/strong> 300 ml<\/p>\n","protected":false},"excerpt":{"rendered":"<p>Redken ALL SOFT SHAMPOO<br \/>\nRedken All Soft Shampoo wurde gezielt f\u00fcr spr\u00f6des und glanzloses Haar entwickelt.<\/p>\n","protected":false},"featured_media":17131,"comment_status":"open","ping_status":"closed","template":"","meta":{"_exactmetrics_skip_tracking":false,"_exactmetrics_sitenote_active":false,"_exactmetrics_sitenote_note":"","_exactmetrics_sitenote_category":0,"_monsterinsights_skip_tracking":false,"_monsterinsights_sitenote_active":false,"_monsterinsights_sitenote_note":"","_monsterinsights_sitenote_category":0},"pwb-brand":[],"product_brand":[613],"product_cat":[528,500,554],"product_tag":[],"class_list":{"0":"post-8272","1":"product","2":"type-product","3":"status-publish","4":"has-post-thumbnail","6":"product_brand-redken-2","7":"product_cat-all-soft","8":"product_cat-redken","9":"product_cat-redken-shampoo","10":"pa_inhalt-621","12":"first","13":"instock","14":"taxable","15":"shipping-taxable","16":"purchasable","17":"product-type-simple"},"yoast_head":"<!-- This site is optimized with the Yoast SEO plugin v24.6 - https:\/\/yoast.com\/wordpress\/plugins\/seo\/ -->\n<title>ALL SOFT SHAMPOO 300 ml<\/title>\n<meta name=\"robots\" content=\"index, follow, max-snippet:-1, max-image-preview:large, max-video-preview:-1\" \/>\n<link rel=\"canonical\" href=\"https:\/\/www.friseur-hopmann.de\/?product=all-soft-shampoo-300-ml\" \/>\n<meta property=\"og:locale\" content=\"de_DE\" \/>\n<meta property=\"og:type\" content=\"article\" \/>\n<meta property=\"og:title\" content=\"ALL SOFT SHAMPOO 300 ml\" \/>\n<meta property=\"og:description\" content=\"Redken ALL SOFT SHAMPOO Redken All Soft Shampoo wurde gezielt f\u00fcr spr\u00f6des und glanzloses Haar entwickelt.\" \/>\n<meta property=\"og:url\" content=\"https:\/\/www.friseur-hopmann.de\/?product=all-soft-shampoo-300-ml\" \/>\n<meta property=\"og:site_name\" content=\"Friseur Hopmann Hairstyling\" \/>\n<meta property=\"article:modified_time\" content=\"2025-01-04T20:10:59+00:00\" \/>\n<meta property=\"og:image\" content=\"http:\/\/www.friseur-hopmann.de\/wp-content\/uploads\/2005\/06\/All-Soft-300ml.jpg\" \/>\n\t<meta property=\"og:image:width\" content=\"1024\" \/>\n\t<meta property=\"og:image:height\" content=\"1024\" \/>\n\t<meta property=\"og:image:type\" content=\"image\/jpeg\" \/>\n<meta name=\"twitter:card\" content=\"summary_large_image\" \/>\n<meta name=\"twitter:label1\" content=\"Gesch\u00e4tzte Lesezeit\" \/>\n\t<meta name=\"twitter:data1\" content=\"2\u00a0Minuten\" \/>\n<script type=\"application\/ld+json\" class=\"yoast-schema-graph\">{\"@context\":\"https:\/\/schema.org\",\"@graph\":[{\"@type\":\"WebPage\",\"@id\":\"https:\/\/www.friseur-hopmann.de\/?product=all-soft-shampoo-300-ml\",\"url\":\"https:\/\/www.friseur-hopmann.de\/?product=all-soft-shampoo-300-ml\",\"name\":\"ALL SOFT SHAMPOO 300 ml\",\"isPartOf\":{\"@id\":\"https:\/\/www.friseur-hopmann.de\/#website\"},\"primaryImageOfPage\":{\"@id\":\"https:\/\/www.friseur-hopmann.de\/?product=all-soft-shampoo-300-ml#primaryimage\"},\"image\":{\"@id\":\"https:\/\/www.friseur-hopmann.de\/?product=all-soft-shampoo-300-ml#primaryimage\"},\"thumbnailUrl\":\"https:\/\/www.friseur-hopmann.de\/wp-content\/uploads\/2005\/06\/All-Soft-300ml.jpg\",\"datePublished\":\"2005-06-22T08:04:58+00:00\",\"dateModified\":\"2025-01-04T20:10:59+00:00\",\"breadcrumb\":{\"@id\":\"https:\/\/www.friseur-hopmann.de\/?product=all-soft-shampoo-300-ml#breadcrumb\"},\"inLanguage\":\"de\",\"potentialAction\":[{\"@type\":\"ReadAction\",\"target\":[\"https:\/\/www.friseur-hopmann.de\/?product=all-soft-shampoo-300-ml\"]}]},{\"@type\":\"ImageObject\",\"inLanguage\":\"de\",\"@id\":\"https:\/\/www.friseur-hopmann.de\/?product=all-soft-shampoo-300-ml#primaryimage\",\"url\":\"https:\/\/www.friseur-hopmann.de\/wp-content\/uploads\/2005\/06\/All-Soft-300ml.jpg\",\"contentUrl\":\"https:\/\/www.friseur-hopmann.de\/wp-content\/uploads\/2005\/06\/All-Soft-300ml.jpg\",\"width\":1024,\"height\":1024},{\"@type\":\"BreadcrumbList\",\"@id\":\"https:\/\/www.friseur-hopmann.de\/?product=all-soft-shampoo-300-ml#breadcrumb\",\"itemListElement\":[{\"@type\":\"ListItem\",\"position\":1,\"name\":\"Startseite\",\"item\":\"https:\/\/www.friseur-hopmann.de\/\"},{\"@type\":\"ListItem\",\"position\":2,\"name\":\"Produkte\",\"item\":\"https:\/\/www.friseur-hopmann.de\/?post_type=product\"},{\"@type\":\"ListItem\",\"position\":3,\"name\":\"ALL SOFT SHAMPOO 300 ml\"}]},{\"@type\":\"WebSite\",\"@id\":\"https:\/\/www.friseur-hopmann.de\/#website\",\"url\":\"https:\/\/www.friseur-hopmann.de\/\",\"name\":\"Friseur Hopmann Hairstyling\",\"description\":\"Ihr Friseur in Nordhorn\",\"potentialAction\":[{\"@type\":\"SearchAction\",\"target\":{\"@type\":\"EntryPoint\",\"urlTemplate\":\"https:\/\/www.friseur-hopmann.de\/?s={search_term_string}\"},\"query-input\":{\"@type\":\"PropertyValueSpecification\",\"valueRequired\":true,\"valueName\":\"search_term_string\"}}],\"inLanguage\":\"de\"}]}<\/script>\n<!-- \/ Yoast SEO plugin. -->","yoast_head_json":{"title":"ALL SOFT SHAMPOO 300 ml","robots":{"index":"index","follow":"follow","max-snippet":"max-snippet:-1","max-image-preview":"max-image-preview:large","max-video-preview":"max-video-preview:-1"},"canonical":"https:\/\/www.friseur-hopmann.de\/?product=all-soft-shampoo-300-ml","og_locale":"de_DE","og_type":"article","og_title":"ALL SOFT SHAMPOO 300 ml","og_description":"Redken ALL SOFT SHAMPOO Redken All Soft Shampoo wurde gezielt f\u00fcr spr\u00f6des und glanzloses Haar entwickelt.","og_url":"https:\/\/www.friseur-hopmann.de\/?product=all-soft-shampoo-300-ml","og_site_name":"Friseur Hopmann Hairstyling","article_modified_time":"2025-01-04T20:10:59+00:00","og_image":[{"width":1024,"height":1024,"url":"http:\/\/www.friseur-hopmann.de\/wp-content\/uploads\/2005\/06\/All-Soft-300ml.jpg","type":"image\/jpeg"}],"twitter_card":"summary_large_image","twitter_misc":{"Gesch\u00e4tzte Lesezeit":"2\u00a0Minuten"},"schema":{"@context":"https:\/\/schema.org","@graph":[{"@type":"WebPage","@id":"https:\/\/www.friseur-hopmann.de\/?product=all-soft-shampoo-300-ml","url":"https:\/\/www.friseur-hopmann.de\/?product=all-soft-shampoo-300-ml","name":"ALL SOFT SHAMPOO 300 ml","isPartOf":{"@id":"https:\/\/www.friseur-hopmann.de\/#website"},"primaryImageOfPage":{"@id":"https:\/\/www.friseur-hopmann.de\/?product=all-soft-shampoo-300-ml#primaryimage"},"image":{"@id":"https:\/\/www.friseur-hopmann.de\/?product=all-soft-shampoo-300-ml#primaryimage"},"thumbnailUrl":"https:\/\/www.friseur-hopmann.de\/wp-content\/uploads\/2005\/06\/All-Soft-300ml.jpg","datePublished":"2005-06-22T08:04:58+00:00","dateModified":"2025-01-04T20:10:59+00:00","breadcrumb":{"@id":"https:\/\/www.friseur-hopmann.de\/?product=all-soft-shampoo-300-ml#breadcrumb"},"inLanguage":"de","potentialAction":[{"@type":"ReadAction","target":["https:\/\/www.friseur-hopmann.de\/?product=all-soft-shampoo-300-ml"]}]},{"@type":"ImageObject","inLanguage":"de","@id":"https:\/\/www.friseur-hopmann.de\/?product=all-soft-shampoo-300-ml#primaryimage","url":"https:\/\/www.friseur-hopmann.de\/wp-content\/uploads\/2005\/06\/All-Soft-300ml.jpg","contentUrl":"https:\/\/www.friseur-hopmann.de\/wp-content\/uploads\/2005\/06\/All-Soft-300ml.jpg","width":1024,"height":1024},{"@type":"BreadcrumbList","@id":"https:\/\/www.friseur-hopmann.de\/?product=all-soft-shampoo-300-ml#breadcrumb","itemListElement":[{"@type":"ListItem","position":1,"name":"Startseite","item":"https:\/\/www.friseur-hopmann.de\/"},{"@type":"ListItem","position":2,"name":"Produkte","item":"https:\/\/www.friseur-hopmann.de\/?post_type=product"},{"@type":"ListItem","position":3,"name":"ALL SOFT SHAMPOO 300 ml"}]},{"@type":"WebSite","@id":"https:\/\/www.friseur-hopmann.de\/#website","url":"https:\/\/www.friseur-hopmann.de\/","name":"Friseur Hopmann Hairstyling","description":"Ihr Friseur in Nordhorn","potentialAction":[{"@type":"SearchAction","target":{"@type":"EntryPoint","urlTemplate":"https:\/\/www.friseur-hopmann.de\/?s={search_term_string}"},"query-input":{"@type":"PropertyValueSpecification","valueRequired":true,"valueName":"search_term_string"}}],"inLanguage":"de"}]}},"brands":[],"_links":{"self":[{"href":"https:\/\/www.friseur-hopmann.de\/index.php?rest_route=\/wp\/v2\/product\/8272","targetHints":{"allow":["GET"]}}],"collection":[{"href":"https:\/\/www.friseur-hopmann.de\/index.php?rest_route=\/wp\/v2\/product"}],"about":[{"href":"https:\/\/www.friseur-hopmann.de\/index.php?rest_route=\/wp\/v2\/types\/product"}],"replies":[{"embeddable":true,"href":"https:\/\/www.friseur-hopmann.de\/index.php?rest_route=%2Fwp%2Fv2%2Fcomments&post=8272"}],"wp:featuredmedia":[{"embeddable":true,"href":"https:\/\/www.friseur-hopmann.de\/index.php?rest_route=\/wp\/v2\/media\/17131"}],"wp:attachment":[{"href":"https:\/\/www.friseur-hopmann.de\/index.php?rest_route=%2Fwp%2Fv2%2Fmedia&parent=8272"}],"wp:term":[{"taxonomy":"pwb-brand","embeddable":true,"href":"https:\/\/www.friseur-hopmann.de\/index.php?rest_route=%2Fwp%2Fv2%2Fpwb-brand&post=8272"},{"taxonomy":"product_brand","embeddable":true,"href":"https:\/\/www.friseur-hopmann.de\/index.php?rest_route=%2Fwp%2Fv2%2Fproduct_brand&post=8272"},{"taxonomy":"product_cat","embeddable":true,"href":"https:\/\/www.friseur-hopmann.de\/index.php?rest_route=%2Fwp%2Fv2%2Fproduct_cat&post=8272"},{"taxonomy":"product_tag","embeddable":true,"href":"https:\/\/www.friseur-hopmann.de\/index.php?rest_route=%2Fwp%2Fv2%2Fproduct_tag&post=8272"}],"curies":[{"name":"wp","href":"https:\/\/api.w.org\/{rel}","templated":true}]}}