{"id":8248,"date":"2005-06-22T10:04:58","date_gmt":"2005-06-22T08:04:58","guid":{"rendered":"http:\/\/www.friseur-hopmann.de\/?post_type=product&#038;p=8248"},"modified":"2025-01-04T22:11:34","modified_gmt":"2025-01-04T20:11:34","slug":"extreme-anti-snap-leave-in-treat-250-ml","status":"publish","type":"product","link":"https:\/\/www.friseur-hopmann.de\/?product=extreme-anti-snap-leave-in-treat-250-ml","title":{"rendered":"REDKEN EXTREME ANTI-SNAP (Leave-in-Treat) 250 ml"},"content":{"rendered":"<h3>Produktbeschreibung:<\/h3>\n<p>Redken ANTI &#8211; SNAP<br \/>\nRedken Anti Snap ist eine hochwertige Leave-in-Pflege, welche die Haarstruktur st\u00e4rkt und die Schuppenschicht gl\u00e4ttet. Selbst stark gesch\u00e4digtes Haar erstrahlt in neuem Glanz. Mechanische Einfl\u00fcsse, zum Beispiel das B\u00fcrsten und K\u00e4mmen, greifen das Haar weniger an. Redken Anti Snap beugt zudem Haarspliss und Haarbruch vor.<\/p>\n<p>Der innovative Fortifying Komplex schenkt Ihrem Haar neue Kraft und repariert es nachhaltig. Die hochwertigen Pflegestoffe dringen tief in die Haarfaser ein. Redken Anti Snap enth\u00e4lt Ceramide, die sich sch\u00fctzend um das Haar legen. Damit beugen Sie erneuten Sch\u00e4den der Schuppenschicht vor.<\/p>\n<p>Zus\u00e4tzlich gewinnt das Haar durch das Interlock Protein Network eine hohe Zufuhr an Proteinen. Das Haar wird widerstandsf\u00e4higer, kr\u00e4ftiger und resistenter gegen negative Einfl\u00fcsse.<\/p>\n<h3>Ergebnis:<\/h3>\n<p>Extreme Anti Snap von Redken ist ein kr\u00e4ftigendes Leave-in-Treatment, speziell entwickelt f\u00fcr stark strukturgesch\u00e4digtes, glanzloses Haar. Gerade nach einer chemischen Behandlung wie Colorieren oder Blondieren, bedarf es einer speziellen Nachbehandlung und hochwertiger Pflege. Redken Anti Snap gibt dem Haar die n\u00f6tige Kraft und den gew\u00fcnschten Glanz zur\u00fcck. Das Haar wirkt nachhaltig ges\u00fcnder und f\u00fchlt sich unbeschreiblich geschmeidig an.<\/p>\n<h3>Technologie:<\/h3>\n<p>INTERLOCK PROTEIN NETWORK (IPN)<br \/>\npenetriert tief in der Cortex f\u00fcr innere St\u00e4rke.<br \/>\nFORTIFYING KOMPLEX<br \/>\n18-MEA (18-Methyl-Eicosans\u00e4ure Derivat) = stellt die sch\u00fctzende Lipidschicht und Haaroberfl\u00e4che wieder her und sorgt f\u00fcr strahlenden Glanz.<br \/>\nCERAMIDE = st\u00e4rken die Cuticula f\u00fcr gezielte Reparatur.<\/p>\n<h3>Anwendung:<\/h3>\n<p>Nach der Haarw\u00e4sche mit Redken Extreme Shampoo und dem Redken Extreme Conditioner massieren Sie eine ausreichende Menge der Lotion in das handtuchtrockene Haar sanft ein. Besonders die angegriffenen L\u00e4ngen und Spitzen sollten Sie hier beachten, um ein bestm\u00f6gliches Pflegeergebnis zu erzielen.<\/p>\n<p>Im Anschluss k\u00f6nnen Sie das Haar wie gewohnt mit F\u00f6n, Gl\u00e4tteisen oder Lockenstab stylen. Bei Verwendung eines Gl\u00e4tteisens empfehlen wir die Weiterbehandlung mit Redken Iron Shape 11. So sch\u00fctzen Sie Ihr Haar bestm\u00f6glich.<\/p>\n<p><strong>Inhalt:<\/strong> 250 ml<\/p>\n","protected":false},"excerpt":{"rendered":"<p>Redken ANTI &#8211; SNAP<br \/>\nRedken Anti Snap ist eine hochwertige Leave-in-Pflege, welche die Haarstruktur st\u00e4rkt und die Schuppenschicht gl\u00e4ttet.<\/p>\n<p>Selbst stark gesch\u00e4digtes Haar erstrahlt in neuem Glanz.<\/p>\n","protected":false},"featured_media":24404,"comment_status":"open","ping_status":"closed","template":"","meta":{"_exactmetrics_skip_tracking":false,"_exactmetrics_sitenote_active":false,"_exactmetrics_sitenote_note":"","_exactmetrics_sitenote_category":0,"_monsterinsights_skip_tracking":false,"_monsterinsights_sitenote_active":false,"_monsterinsights_sitenote_note":"","_monsterinsights_sitenote_category":0},"pwb-brand":[],"product_brand":[613],"product_cat":[526,500,553,558,555],"product_tag":[778,805],"class_list":{"0":"post-8248","1":"product","2":"type-product","3":"status-publish","4":"has-post-thumbnail","6":"product_brand-redken-2","7":"product_cat-extreme","8":"product_cat-redken","9":"product_cat-redken-haarpflege","10":"product_cat-redken-hitzeschutz","11":"product_cat-redken-pflegelotion","12":"product_tag-intensiv-haarpflege-fuer-strukturgeschaedigtes-haar","13":"product_tag-strukturaufbauende-haarpflege","14":"pa_inhalt-648","16":"first","17":"instock","18":"taxable","19":"shipping-taxable","20":"purchasable","21":"product-type-simple"},"yoast_head":"<!-- This site is optimized with the Yoast SEO plugin v24.6 - https:\/\/yoast.com\/wordpress\/plugins\/seo\/ -->\n<title>EXTREME ANTI-SNAP (Leave-in-Treat) 250 ml<\/title>\n<meta name=\"robots\" content=\"index, follow, max-snippet:-1, max-image-preview:large, max-video-preview:-1\" \/>\n<link rel=\"canonical\" href=\"https:\/\/www.friseur-hopmann.de\/?product=extreme-anti-snap-leave-in-treat-250-ml\" \/>\n<meta property=\"og:locale\" content=\"de_DE\" \/>\n<meta property=\"og:type\" content=\"article\" \/>\n<meta property=\"og:title\" content=\"EXTREME ANTI-SNAP (Leave-in-Treat) 250 ml\" \/>\n<meta property=\"og:description\" content=\"Redken ANTI - SNAP Redken Anti Snap ist eine hochwertige Leave-in-Pflege, welche die Haarstruktur st\u00e4rkt und die Schuppenschicht gl\u00e4ttet.  Selbst stark gesch\u00e4digtes Haar erstrahlt in neuem Glanz.\" \/>\n<meta property=\"og:url\" content=\"https:\/\/www.friseur-hopmann.de\/?product=extreme-anti-snap-leave-in-treat-250-ml\" \/>\n<meta property=\"og:site_name\" content=\"Friseur Hopmann Hairstyling\" \/>\n<meta property=\"article:modified_time\" content=\"2025-01-04T20:11:34+00:00\" \/>\n<meta property=\"og:image\" content=\"http:\/\/www.friseur-hopmann.de\/wp-content\/uploads\/2005\/06\/Extr-Anti-Snap.webp\" \/>\n\t<meta property=\"og:image:width\" content=\"1000\" \/>\n\t<meta property=\"og:image:height\" content=\"1000\" \/>\n\t<meta property=\"og:image:type\" content=\"image\/webp\" \/>\n<meta name=\"twitter:card\" content=\"summary_large_image\" \/>\n<meta name=\"twitter:label1\" content=\"Gesch\u00e4tzte Lesezeit\" \/>\n\t<meta name=\"twitter:data1\" content=\"2\u00a0Minuten\" \/>\n<script type=\"application\/ld+json\" class=\"yoast-schema-graph\">{\"@context\":\"https:\/\/schema.org\",\"@graph\":[{\"@type\":\"WebPage\",\"@id\":\"https:\/\/www.friseur-hopmann.de\/?product=extreme-anti-snap-leave-in-treat-250-ml\",\"url\":\"https:\/\/www.friseur-hopmann.de\/?product=extreme-anti-snap-leave-in-treat-250-ml\",\"name\":\"EXTREME ANTI-SNAP (Leave-in-Treat) 250 ml\",\"isPartOf\":{\"@id\":\"https:\/\/www.friseur-hopmann.de\/#website\"},\"primaryImageOfPage\":{\"@id\":\"https:\/\/www.friseur-hopmann.de\/?product=extreme-anti-snap-leave-in-treat-250-ml#primaryimage\"},\"image\":{\"@id\":\"https:\/\/www.friseur-hopmann.de\/?product=extreme-anti-snap-leave-in-treat-250-ml#primaryimage\"},\"thumbnailUrl\":\"https:\/\/www.friseur-hopmann.de\/wp-content\/uploads\/2005\/06\/Extr-Anti-Snap.webp\",\"datePublished\":\"2005-06-22T08:04:58+00:00\",\"dateModified\":\"2025-01-04T20:11:34+00:00\",\"breadcrumb\":{\"@id\":\"https:\/\/www.friseur-hopmann.de\/?product=extreme-anti-snap-leave-in-treat-250-ml#breadcrumb\"},\"inLanguage\":\"de\",\"potentialAction\":[{\"@type\":\"ReadAction\",\"target\":[\"https:\/\/www.friseur-hopmann.de\/?product=extreme-anti-snap-leave-in-treat-250-ml\"]}]},{\"@type\":\"ImageObject\",\"inLanguage\":\"de\",\"@id\":\"https:\/\/www.friseur-hopmann.de\/?product=extreme-anti-snap-leave-in-treat-250-ml#primaryimage\",\"url\":\"https:\/\/www.friseur-hopmann.de\/wp-content\/uploads\/2005\/06\/Extr-Anti-Snap.webp\",\"contentUrl\":\"https:\/\/www.friseur-hopmann.de\/wp-content\/uploads\/2005\/06\/Extr-Anti-Snap.webp\",\"width\":1000,\"height\":1000},{\"@type\":\"BreadcrumbList\",\"@id\":\"https:\/\/www.friseur-hopmann.de\/?product=extreme-anti-snap-leave-in-treat-250-ml#breadcrumb\",\"itemListElement\":[{\"@type\":\"ListItem\",\"position\":1,\"name\":\"Startseite\",\"item\":\"https:\/\/www.friseur-hopmann.de\/\"},{\"@type\":\"ListItem\",\"position\":2,\"name\":\"Produkte\",\"item\":\"https:\/\/www.friseur-hopmann.de\/?post_type=product\"},{\"@type\":\"ListItem\",\"position\":3,\"name\":\"REDKEN EXTREME ANTI-SNAP (Leave-in-Treat) 250 ml\"}]},{\"@type\":\"WebSite\",\"@id\":\"https:\/\/www.friseur-hopmann.de\/#website\",\"url\":\"https:\/\/www.friseur-hopmann.de\/\",\"name\":\"Friseur Hopmann Hairstyling\",\"description\":\"Ihr Friseur in Nordhorn\",\"potentialAction\":[{\"@type\":\"SearchAction\",\"target\":{\"@type\":\"EntryPoint\",\"urlTemplate\":\"https:\/\/www.friseur-hopmann.de\/?s={search_term_string}\"},\"query-input\":{\"@type\":\"PropertyValueSpecification\",\"valueRequired\":true,\"valueName\":\"search_term_string\"}}],\"inLanguage\":\"de\"}]}<\/script>\n<!-- \/ Yoast SEO plugin. -->","yoast_head_json":{"title":"EXTREME ANTI-SNAP (Leave-in-Treat) 250 ml","robots":{"index":"index","follow":"follow","max-snippet":"max-snippet:-1","max-image-preview":"max-image-preview:large","max-video-preview":"max-video-preview:-1"},"canonical":"https:\/\/www.friseur-hopmann.de\/?product=extreme-anti-snap-leave-in-treat-250-ml","og_locale":"de_DE","og_type":"article","og_title":"EXTREME ANTI-SNAP (Leave-in-Treat) 250 ml","og_description":"Redken ANTI - SNAP Redken Anti Snap ist eine hochwertige Leave-in-Pflege, welche die Haarstruktur st\u00e4rkt und die Schuppenschicht gl\u00e4ttet.  Selbst stark gesch\u00e4digtes Haar erstrahlt in neuem Glanz.","og_url":"https:\/\/www.friseur-hopmann.de\/?product=extreme-anti-snap-leave-in-treat-250-ml","og_site_name":"Friseur Hopmann Hairstyling","article_modified_time":"2025-01-04T20:11:34+00:00","og_image":[{"width":1000,"height":1000,"url":"http:\/\/www.friseur-hopmann.de\/wp-content\/uploads\/2005\/06\/Extr-Anti-Snap.webp","type":"image\/webp"}],"twitter_card":"summary_large_image","twitter_misc":{"Gesch\u00e4tzte Lesezeit":"2\u00a0Minuten"},"schema":{"@context":"https:\/\/schema.org","@graph":[{"@type":"WebPage","@id":"https:\/\/www.friseur-hopmann.de\/?product=extreme-anti-snap-leave-in-treat-250-ml","url":"https:\/\/www.friseur-hopmann.de\/?product=extreme-anti-snap-leave-in-treat-250-ml","name":"EXTREME ANTI-SNAP (Leave-in-Treat) 250 ml","isPartOf":{"@id":"https:\/\/www.friseur-hopmann.de\/#website"},"primaryImageOfPage":{"@id":"https:\/\/www.friseur-hopmann.de\/?product=extreme-anti-snap-leave-in-treat-250-ml#primaryimage"},"image":{"@id":"https:\/\/www.friseur-hopmann.de\/?product=extreme-anti-snap-leave-in-treat-250-ml#primaryimage"},"thumbnailUrl":"https:\/\/www.friseur-hopmann.de\/wp-content\/uploads\/2005\/06\/Extr-Anti-Snap.webp","datePublished":"2005-06-22T08:04:58+00:00","dateModified":"2025-01-04T20:11:34+00:00","breadcrumb":{"@id":"https:\/\/www.friseur-hopmann.de\/?product=extreme-anti-snap-leave-in-treat-250-ml#breadcrumb"},"inLanguage":"de","potentialAction":[{"@type":"ReadAction","target":["https:\/\/www.friseur-hopmann.de\/?product=extreme-anti-snap-leave-in-treat-250-ml"]}]},{"@type":"ImageObject","inLanguage":"de","@id":"https:\/\/www.friseur-hopmann.de\/?product=extreme-anti-snap-leave-in-treat-250-ml#primaryimage","url":"https:\/\/www.friseur-hopmann.de\/wp-content\/uploads\/2005\/06\/Extr-Anti-Snap.webp","contentUrl":"https:\/\/www.friseur-hopmann.de\/wp-content\/uploads\/2005\/06\/Extr-Anti-Snap.webp","width":1000,"height":1000},{"@type":"BreadcrumbList","@id":"https:\/\/www.friseur-hopmann.de\/?product=extreme-anti-snap-leave-in-treat-250-ml#breadcrumb","itemListElement":[{"@type":"ListItem","position":1,"name":"Startseite","item":"https:\/\/www.friseur-hopmann.de\/"},{"@type":"ListItem","position":2,"name":"Produkte","item":"https:\/\/www.friseur-hopmann.de\/?post_type=product"},{"@type":"ListItem","position":3,"name":"REDKEN EXTREME ANTI-SNAP (Leave-in-Treat) 250 ml"}]},{"@type":"WebSite","@id":"https:\/\/www.friseur-hopmann.de\/#website","url":"https:\/\/www.friseur-hopmann.de\/","name":"Friseur Hopmann Hairstyling","description":"Ihr Friseur in Nordhorn","potentialAction":[{"@type":"SearchAction","target":{"@type":"EntryPoint","urlTemplate":"https:\/\/www.friseur-hopmann.de\/?s={search_term_string}"},"query-input":{"@type":"PropertyValueSpecification","valueRequired":true,"valueName":"search_term_string"}}],"inLanguage":"de"}]}},"brands":[],"_links":{"self":[{"href":"https:\/\/www.friseur-hopmann.de\/index.php?rest_route=\/wp\/v2\/product\/8248","targetHints":{"allow":["GET"]}}],"collection":[{"href":"https:\/\/www.friseur-hopmann.de\/index.php?rest_route=\/wp\/v2\/product"}],"about":[{"href":"https:\/\/www.friseur-hopmann.de\/index.php?rest_route=\/wp\/v2\/types\/product"}],"replies":[{"embeddable":true,"href":"https:\/\/www.friseur-hopmann.de\/index.php?rest_route=%2Fwp%2Fv2%2Fcomments&post=8248"}],"wp:featuredmedia":[{"embeddable":true,"href":"https:\/\/www.friseur-hopmann.de\/index.php?rest_route=\/wp\/v2\/media\/24404"}],"wp:attachment":[{"href":"https:\/\/www.friseur-hopmann.de\/index.php?rest_route=%2Fwp%2Fv2%2Fmedia&parent=8248"}],"wp:term":[{"taxonomy":"pwb-brand","embeddable":true,"href":"https:\/\/www.friseur-hopmann.de\/index.php?rest_route=%2Fwp%2Fv2%2Fpwb-brand&post=8248"},{"taxonomy":"product_brand","embeddable":true,"href":"https:\/\/www.friseur-hopmann.de\/index.php?rest_route=%2Fwp%2Fv2%2Fproduct_brand&post=8248"},{"taxonomy":"product_cat","embeddable":true,"href":"https:\/\/www.friseur-hopmann.de\/index.php?rest_route=%2Fwp%2Fv2%2Fproduct_cat&post=8248"},{"taxonomy":"product_tag","embeddable":true,"href":"https:\/\/www.friseur-hopmann.de\/index.php?rest_route=%2Fwp%2Fv2%2Fproduct_tag&post=8248"}],"curies":[{"name":"wp","href":"https:\/\/api.w.org\/{rel}","templated":true}]}}