{"id":8246,"date":"2005-06-22T10:04:58","date_gmt":"2005-06-22T08:04:58","guid":{"rendered":"http:\/\/www.friseur-hopmann.de\/?post_type=product&#038;p=8246"},"modified":"2025-01-04T22:11:19","modified_gmt":"2025-01-04T20:11:19","slug":"extreme-conditioner-250-ml","status":"publish","type":"product","link":"https:\/\/www.friseur-hopmann.de\/?product=extreme-conditioner-250-ml","title":{"rendered":"REDKEN EXTREME CONDITIONER 300 ml"},"content":{"rendered":"<h3>Produktbeschreibung:<\/h3>\n<p>EXTREME CONDITIONER<br \/>\nGl\u00e4ttet und entwirrt.<br \/>\nDas Haar ist gest\u00e4rkt, geschmeidig und voller Spannkraft.<br \/>\nDer Fortifying Komplex st\u00e4rkt und verbessert die Haarstruktur und die sch\u00fctzende Lipidschicht wird wiederhergestellt f\u00fcr brillanten Glanz. Das Haar sieht gesund aus, ist gest\u00e4rkt und widerstandsf\u00e4higer.<\/p>\n<h3>Zielgruppe:<\/h3>\n<p>Bei chemisch belastetem und st\u00e4rker strapaziertem Haar.<\/p>\n<h3>Technologie:<\/h3>\n<p>INTERLOCK PROTEIN NETWORK (IPN)<br \/>\npenetriert tief in der Cortex f\u00fcr innere St\u00e4rke.<br \/>\nFORTIFYING KOMPLEX<br \/>\n18-MEA (18-Methyl-Eicosans\u00e4ure Derivat) = stellt die sch\u00fctzende Lipidschicht und Haaroberfl\u00e4che wieder her und sorgt f\u00fcr strahlenden Glanz.<br \/>\nCERAMIDE = st\u00e4rken die Cuticula f\u00fcr gezielte Reparatur.<\/p>\n<h3>Anwendung:<\/h3>\n<p>Nach dem Shampoonieren gleichm\u00e4\u00dfig in L\u00e4ngen und Spitzen verteilen. Anschlie\u00dfend aussp\u00fclen.<\/p>\n<p><strong>Inhalt:<\/strong> 300 ml<\/p>\n","protected":false},"excerpt":{"rendered":"<p>EXTREME CONDITIONER<br \/>\nGl\u00e4ttet und entwirrt.<br \/>\nDas Haar ist gest\u00e4rkt, geschmeidig und voller Spannkraft.<\/p>\n","protected":false},"featured_media":21629,"comment_status":"open","ping_status":"closed","template":"","meta":{"_exactmetrics_skip_tracking":false,"_exactmetrics_sitenote_active":false,"_exactmetrics_sitenote_note":"","_exactmetrics_sitenote_category":0,"_monsterinsights_skip_tracking":false,"_monsterinsights_sitenote_active":false,"_monsterinsights_sitenote_note":"","_monsterinsights_sitenote_category":0},"pwb-brand":[],"product_brand":[613],"product_cat":[526,552,553],"product_tag":[],"class_list":{"0":"post-8246","1":"product","2":"type-product","3":"status-publish","4":"has-post-thumbnail","6":"product_brand-redken-2","7":"product_cat-extreme","8":"product_cat-redken-conditioner","9":"product_cat-redken-haarpflege","10":"pa_inhalt-622","12":"first","13":"instock","14":"taxable","15":"shipping-taxable","16":"purchasable","17":"product-type-simple"},"yoast_head":"<!-- This site is optimized with the Yoast SEO plugin v24.6 - https:\/\/yoast.com\/wordpress\/plugins\/seo\/ -->\n<title>EXTREME CONDITIONER 250 ml<\/title>\n<meta name=\"robots\" content=\"index, follow, max-snippet:-1, max-image-preview:large, max-video-preview:-1\" \/>\n<link rel=\"canonical\" href=\"https:\/\/www.friseur-hopmann.de\/?product=extreme-conditioner-250-ml\" \/>\n<meta property=\"og:locale\" content=\"de_DE\" \/>\n<meta property=\"og:type\" content=\"article\" \/>\n<meta property=\"og:title\" content=\"EXTREME CONDITIONER 250 ml\" \/>\n<meta property=\"og:description\" content=\"EXTREME CONDITIONER Gl\u00e4ttet und entwirrt. Das Haar ist gest\u00e4rkt, geschmeidig und voller Spannkraft.\" \/>\n<meta property=\"og:url\" content=\"https:\/\/www.friseur-hopmann.de\/?product=extreme-conditioner-250-ml\" \/>\n<meta property=\"og:site_name\" content=\"Friseur Hopmann Hairstyling\" \/>\n<meta property=\"article:modified_time\" content=\"2025-01-04T20:11:19+00:00\" \/>\n<meta property=\"og:image\" content=\"http:\/\/www.friseur-hopmann.de\/wp-content\/uploads\/2005\/06\/extr-con-300ml.jpg\" \/>\n\t<meta property=\"og:image:width\" content=\"500\" \/>\n\t<meta property=\"og:image:height\" content=\"500\" \/>\n\t<meta property=\"og:image:type\" content=\"image\/jpeg\" \/>\n<meta name=\"twitter:card\" content=\"summary_large_image\" \/>\n<meta name=\"twitter:label1\" content=\"Gesch\u00e4tzte Lesezeit\" \/>\n\t<meta name=\"twitter:data1\" content=\"1\u00a0Minute\" \/>\n<script type=\"application\/ld+json\" class=\"yoast-schema-graph\">{\"@context\":\"https:\/\/schema.org\",\"@graph\":[{\"@type\":\"WebPage\",\"@id\":\"https:\/\/www.friseur-hopmann.de\/?product=extreme-conditioner-250-ml\",\"url\":\"https:\/\/www.friseur-hopmann.de\/?product=extreme-conditioner-250-ml\",\"name\":\"EXTREME CONDITIONER 250 ml\",\"isPartOf\":{\"@id\":\"https:\/\/www.friseur-hopmann.de\/#website\"},\"primaryImageOfPage\":{\"@id\":\"https:\/\/www.friseur-hopmann.de\/?product=extreme-conditioner-250-ml#primaryimage\"},\"image\":{\"@id\":\"https:\/\/www.friseur-hopmann.de\/?product=extreme-conditioner-250-ml#primaryimage\"},\"thumbnailUrl\":\"https:\/\/www.friseur-hopmann.de\/wp-content\/uploads\/2005\/06\/extr-con-300ml.jpg\",\"datePublished\":\"2005-06-22T08:04:58+00:00\",\"dateModified\":\"2025-01-04T20:11:19+00:00\",\"breadcrumb\":{\"@id\":\"https:\/\/www.friseur-hopmann.de\/?product=extreme-conditioner-250-ml#breadcrumb\"},\"inLanguage\":\"de\",\"potentialAction\":[{\"@type\":\"ReadAction\",\"target\":[\"https:\/\/www.friseur-hopmann.de\/?product=extreme-conditioner-250-ml\"]}]},{\"@type\":\"ImageObject\",\"inLanguage\":\"de\",\"@id\":\"https:\/\/www.friseur-hopmann.de\/?product=extreme-conditioner-250-ml#primaryimage\",\"url\":\"https:\/\/www.friseur-hopmann.de\/wp-content\/uploads\/2005\/06\/extr-con-300ml.jpg\",\"contentUrl\":\"https:\/\/www.friseur-hopmann.de\/wp-content\/uploads\/2005\/06\/extr-con-300ml.jpg\",\"width\":500,\"height\":500},{\"@type\":\"BreadcrumbList\",\"@id\":\"https:\/\/www.friseur-hopmann.de\/?product=extreme-conditioner-250-ml#breadcrumb\",\"itemListElement\":[{\"@type\":\"ListItem\",\"position\":1,\"name\":\"Startseite\",\"item\":\"https:\/\/www.friseur-hopmann.de\/\"},{\"@type\":\"ListItem\",\"position\":2,\"name\":\"Produkte\",\"item\":\"https:\/\/www.friseur-hopmann.de\/?post_type=product\"},{\"@type\":\"ListItem\",\"position\":3,\"name\":\"REDKEN EXTREME CONDITIONER 300 ml\"}]},{\"@type\":\"WebSite\",\"@id\":\"https:\/\/www.friseur-hopmann.de\/#website\",\"url\":\"https:\/\/www.friseur-hopmann.de\/\",\"name\":\"Friseur Hopmann Hairstyling\",\"description\":\"Ihr Friseur in Nordhorn\",\"potentialAction\":[{\"@type\":\"SearchAction\",\"target\":{\"@type\":\"EntryPoint\",\"urlTemplate\":\"https:\/\/www.friseur-hopmann.de\/?s={search_term_string}\"},\"query-input\":{\"@type\":\"PropertyValueSpecification\",\"valueRequired\":true,\"valueName\":\"search_term_string\"}}],\"inLanguage\":\"de\"}]}<\/script>\n<!-- \/ Yoast SEO plugin. -->","yoast_head_json":{"title":"EXTREME CONDITIONER 250 ml","robots":{"index":"index","follow":"follow","max-snippet":"max-snippet:-1","max-image-preview":"max-image-preview:large","max-video-preview":"max-video-preview:-1"},"canonical":"https:\/\/www.friseur-hopmann.de\/?product=extreme-conditioner-250-ml","og_locale":"de_DE","og_type":"article","og_title":"EXTREME CONDITIONER 250 ml","og_description":"EXTREME CONDITIONER Gl\u00e4ttet und entwirrt. Das Haar ist gest\u00e4rkt, geschmeidig und voller Spannkraft.","og_url":"https:\/\/www.friseur-hopmann.de\/?product=extreme-conditioner-250-ml","og_site_name":"Friseur Hopmann Hairstyling","article_modified_time":"2025-01-04T20:11:19+00:00","og_image":[{"width":500,"height":500,"url":"http:\/\/www.friseur-hopmann.de\/wp-content\/uploads\/2005\/06\/extr-con-300ml.jpg","type":"image\/jpeg"}],"twitter_card":"summary_large_image","twitter_misc":{"Gesch\u00e4tzte Lesezeit":"1\u00a0Minute"},"schema":{"@context":"https:\/\/schema.org","@graph":[{"@type":"WebPage","@id":"https:\/\/www.friseur-hopmann.de\/?product=extreme-conditioner-250-ml","url":"https:\/\/www.friseur-hopmann.de\/?product=extreme-conditioner-250-ml","name":"EXTREME CONDITIONER 250 ml","isPartOf":{"@id":"https:\/\/www.friseur-hopmann.de\/#website"},"primaryImageOfPage":{"@id":"https:\/\/www.friseur-hopmann.de\/?product=extreme-conditioner-250-ml#primaryimage"},"image":{"@id":"https:\/\/www.friseur-hopmann.de\/?product=extreme-conditioner-250-ml#primaryimage"},"thumbnailUrl":"https:\/\/www.friseur-hopmann.de\/wp-content\/uploads\/2005\/06\/extr-con-300ml.jpg","datePublished":"2005-06-22T08:04:58+00:00","dateModified":"2025-01-04T20:11:19+00:00","breadcrumb":{"@id":"https:\/\/www.friseur-hopmann.de\/?product=extreme-conditioner-250-ml#breadcrumb"},"inLanguage":"de","potentialAction":[{"@type":"ReadAction","target":["https:\/\/www.friseur-hopmann.de\/?product=extreme-conditioner-250-ml"]}]},{"@type":"ImageObject","inLanguage":"de","@id":"https:\/\/www.friseur-hopmann.de\/?product=extreme-conditioner-250-ml#primaryimage","url":"https:\/\/www.friseur-hopmann.de\/wp-content\/uploads\/2005\/06\/extr-con-300ml.jpg","contentUrl":"https:\/\/www.friseur-hopmann.de\/wp-content\/uploads\/2005\/06\/extr-con-300ml.jpg","width":500,"height":500},{"@type":"BreadcrumbList","@id":"https:\/\/www.friseur-hopmann.de\/?product=extreme-conditioner-250-ml#breadcrumb","itemListElement":[{"@type":"ListItem","position":1,"name":"Startseite","item":"https:\/\/www.friseur-hopmann.de\/"},{"@type":"ListItem","position":2,"name":"Produkte","item":"https:\/\/www.friseur-hopmann.de\/?post_type=product"},{"@type":"ListItem","position":3,"name":"REDKEN EXTREME CONDITIONER 300 ml"}]},{"@type":"WebSite","@id":"https:\/\/www.friseur-hopmann.de\/#website","url":"https:\/\/www.friseur-hopmann.de\/","name":"Friseur Hopmann Hairstyling","description":"Ihr Friseur in Nordhorn","potentialAction":[{"@type":"SearchAction","target":{"@type":"EntryPoint","urlTemplate":"https:\/\/www.friseur-hopmann.de\/?s={search_term_string}"},"query-input":{"@type":"PropertyValueSpecification","valueRequired":true,"valueName":"search_term_string"}}],"inLanguage":"de"}]}},"brands":[],"_links":{"self":[{"href":"https:\/\/www.friseur-hopmann.de\/index.php?rest_route=\/wp\/v2\/product\/8246","targetHints":{"allow":["GET"]}}],"collection":[{"href":"https:\/\/www.friseur-hopmann.de\/index.php?rest_route=\/wp\/v2\/product"}],"about":[{"href":"https:\/\/www.friseur-hopmann.de\/index.php?rest_route=\/wp\/v2\/types\/product"}],"replies":[{"embeddable":true,"href":"https:\/\/www.friseur-hopmann.de\/index.php?rest_route=%2Fwp%2Fv2%2Fcomments&post=8246"}],"wp:featuredmedia":[{"embeddable":true,"href":"https:\/\/www.friseur-hopmann.de\/index.php?rest_route=\/wp\/v2\/media\/21629"}],"wp:attachment":[{"href":"https:\/\/www.friseur-hopmann.de\/index.php?rest_route=%2Fwp%2Fv2%2Fmedia&parent=8246"}],"wp:term":[{"taxonomy":"pwb-brand","embeddable":true,"href":"https:\/\/www.friseur-hopmann.de\/index.php?rest_route=%2Fwp%2Fv2%2Fpwb-brand&post=8246"},{"taxonomy":"product_brand","embeddable":true,"href":"https:\/\/www.friseur-hopmann.de\/index.php?rest_route=%2Fwp%2Fv2%2Fproduct_brand&post=8246"},{"taxonomy":"product_cat","embeddable":true,"href":"https:\/\/www.friseur-hopmann.de\/index.php?rest_route=%2Fwp%2Fv2%2Fproduct_cat&post=8246"},{"taxonomy":"product_tag","embeddable":true,"href":"https:\/\/www.friseur-hopmann.de\/index.php?rest_route=%2Fwp%2Fv2%2Fproduct_tag&post=8246"}],"curies":[{"name":"wp","href":"https:\/\/api.w.org\/{rel}","templated":true}]}}