{"id":8244,"date":"2005-06-22T10:04:58","date_gmt":"2005-06-22T08:04:58","guid":{"rendered":"http:\/\/www.friseur-hopmann.de\/?post_type=product&#038;p=8244"},"modified":"2025-01-04T22:08:35","modified_gmt":"2025-01-04T20:08:35","slug":"extreme-shampoo-300-ml","status":"publish","type":"product","link":"https:\/\/www.friseur-hopmann.de\/?product=extreme-shampoo-300-ml","title":{"rendered":"EXTREME SHAMPOO 300 ml"},"content":{"rendered":"<h3>Produktbeschreibung:<\/h3>\n<p>Redken EXTREME SHAMPOO<br \/>\nRedken Extreme Shampoo ist ein st\u00e4rkendes Shampoo f\u00fcr stark gesch\u00e4digtes, chemisch behandeltes und geschw\u00e4chtes Haar. Das Shampoo wurde speziell auf die Bed\u00fcrfnisse gesch\u00e4digter Haarstrukturen abgestimmt. Hier st\u00e4rkt es die angegriffene Schuppenschicht und bietet optimale Pflege. Proteine kr\u00e4tigen die Haarfaser von innen und bauen das Haar wieder auf. Ceramide st\u00e4rken die \u00e4u\u00dferen Haarzellen, gleichen por\u00f6se Stellen aus und verleihen neuen Glanz. Nat\u00fcrliche Lipide sch\u00fctzen die Haaroberfl\u00e4che vor neuen physikalischen und chemischen Einwirkungen.<\/p>\n<p>Dieser einzigartige 3D-Komplex beugt zudem Haarbruch vor und verleiht stumpfem Haar zus\u00e4tzlichen Glanz. Das Redken Extreme Shampoo verbessert deutlich die K\u00e4mmbarkeit des Haares, ohne es zu beschweren und erleichtert das Frisieren. Nach der Anwendung lassen sich die Haare schnell und einfach nach Belieben stylen. Durch die versiegelte Oberfl\u00e4che, erstrahlt ihr Haar in neuem, brilliantem Glanz und wirkt deutlich vitaler.<\/p>\n<h3>Zielgruppe:<\/h3>\n<p>F\u00fcr chemisch belastetes, strapaziertes Haar.<\/p>\n<h3>Technologie:<\/h3>\n<p>INTERLOCK PROTEIN NETWORK (IPN)<br \/>\npenetriert tief in der Cortex f\u00fcr innere St\u00e4rke.<br \/>\nFORTIFYING KOMPLEX<br \/>\n18-MEA (18-Methyl-Eicosans\u00e4ure Derivat) = stellt die sch\u00fctzende Lipidschicht und Haaroberfl\u00e4che wieder her und sorgt f\u00fcr strahlenden Glanz.<br \/>\nCERAMIDE = st\u00e4rken die Cuticula f\u00fcr gezielte Reparatur.<\/p>\n<h3>Anwendung:<\/h3>\n<p>F\u00fcr das bestm\u00f6gliche Pflegeergebnis sollten Sie das Redken Extreme Shampoo regelm\u00e4\u00dfig bei jeder Haarw\u00e4sche anwenden. Durch die Ergiebigkeit empfiehlt sich ein Mischverh\u00e4ltnis von 1:10 (3 ml:30 ml) mit Wasser. Einfach sanft in das Haar einmassieren und anschlie\u00dfend gr\u00fcndlich mit lauwarmem Wasser aussp\u00fclen. Wir empfehlen die Weiterbehandlung mit dem Redken Extreme Conditioner und\/oder Redken Extreme Strength Builder Plus. Abschlie\u00dfend Haare wie gewohnt frottieren und nach belieben stylen.<\/p>\n<p><strong>Inhalt:<\/strong> 300 ml<\/p>\n","protected":false},"excerpt":{"rendered":"<p>Redken EXTREME SHAMPOO<br \/>\nRedken Extreme Shampoo ist ein st\u00e4rkendes Shampoo f\u00fcr stark gesch\u00e4digtes, chemisch behandeltes und geschw\u00e4chtes Haar.<\/p>\n<p>Das Shampoo wurde speziell auf die Bed\u00fcrfnisse gesch\u00e4digter Haarstrukturen abgestimmt.<\/p>\n","protected":false},"featured_media":16116,"comment_status":"open","ping_status":"closed","template":"","meta":{"_exactmetrics_skip_tracking":false,"_exactmetrics_sitenote_active":false,"_exactmetrics_sitenote_note":"","_exactmetrics_sitenote_category":0,"_monsterinsights_skip_tracking":false,"_monsterinsights_sitenote_active":false,"_monsterinsights_sitenote_note":"","_monsterinsights_sitenote_category":0},"pwb-brand":[],"product_brand":[613],"product_cat":[526,500,554],"product_tag":[],"class_list":{"0":"post-8244","1":"product","2":"type-product","3":"status-publish","4":"has-post-thumbnail","6":"product_brand-redken-2","7":"product_cat-extreme","8":"product_cat-redken","9":"product_cat-redken-shampoo","10":"pa_inhalt-621","12":"first","13":"instock","14":"taxable","15":"shipping-taxable","16":"purchasable","17":"product-type-simple"},"yoast_head":"<!-- This site is optimized with the Yoast SEO plugin v24.6 - https:\/\/yoast.com\/wordpress\/plugins\/seo\/ -->\n<title>EXTREME SHAMPOO 300 ml<\/title>\n<meta name=\"robots\" content=\"index, follow, max-snippet:-1, max-image-preview:large, max-video-preview:-1\" \/>\n<link rel=\"canonical\" href=\"https:\/\/www.friseur-hopmann.de\/?product=extreme-shampoo-300-ml\" \/>\n<meta property=\"og:locale\" content=\"de_DE\" \/>\n<meta property=\"og:type\" content=\"article\" \/>\n<meta property=\"og:title\" content=\"EXTREME SHAMPOO 300 ml\" \/>\n<meta property=\"og:description\" content=\"Redken EXTREME SHAMPOO Redken Extreme Shampoo ist ein st\u00e4rkendes Shampoo f\u00fcr stark gesch\u00e4digtes, chemisch behandeltes und geschw\u00e4chtes Haar.  Das Shampoo wurde speziell auf die Bed\u00fcrfnisse gesch\u00e4digter Haarstrukturen abgestimmt.\" \/>\n<meta property=\"og:url\" content=\"https:\/\/www.friseur-hopmann.de\/?product=extreme-shampoo-300-ml\" \/>\n<meta property=\"og:site_name\" content=\"Friseur Hopmann Hairstyling\" \/>\n<meta property=\"article:modified_time\" content=\"2025-01-04T20:08:35+00:00\" \/>\n<meta property=\"og:image\" content=\"http:\/\/www.friseur-hopmann.de\/wp-content\/uploads\/2005\/06\/Extreme-Shp-300ml-Neu-Text.jpg\" \/>\n\t<meta property=\"og:image:width\" content=\"1024\" \/>\n\t<meta property=\"og:image:height\" content=\"1024\" \/>\n\t<meta property=\"og:image:type\" content=\"image\/jpeg\" \/>\n<meta name=\"twitter:card\" content=\"summary_large_image\" \/>\n<meta name=\"twitter:label1\" content=\"Gesch\u00e4tzte Lesezeit\" \/>\n\t<meta name=\"twitter:data1\" content=\"1\u00a0Minute\" \/>\n<script type=\"application\/ld+json\" class=\"yoast-schema-graph\">{\"@context\":\"https:\/\/schema.org\",\"@graph\":[{\"@type\":\"WebPage\",\"@id\":\"https:\/\/www.friseur-hopmann.de\/?product=extreme-shampoo-300-ml\",\"url\":\"https:\/\/www.friseur-hopmann.de\/?product=extreme-shampoo-300-ml\",\"name\":\"EXTREME SHAMPOO 300 ml\",\"isPartOf\":{\"@id\":\"https:\/\/www.friseur-hopmann.de\/#website\"},\"primaryImageOfPage\":{\"@id\":\"https:\/\/www.friseur-hopmann.de\/?product=extreme-shampoo-300-ml#primaryimage\"},\"image\":{\"@id\":\"https:\/\/www.friseur-hopmann.de\/?product=extreme-shampoo-300-ml#primaryimage\"},\"thumbnailUrl\":\"https:\/\/www.friseur-hopmann.de\/wp-content\/uploads\/2005\/06\/Extreme-Shp-300ml-Neu-Text.jpg\",\"datePublished\":\"2005-06-22T08:04:58+00:00\",\"dateModified\":\"2025-01-04T20:08:35+00:00\",\"breadcrumb\":{\"@id\":\"https:\/\/www.friseur-hopmann.de\/?product=extreme-shampoo-300-ml#breadcrumb\"},\"inLanguage\":\"de\",\"potentialAction\":[{\"@type\":\"ReadAction\",\"target\":[\"https:\/\/www.friseur-hopmann.de\/?product=extreme-shampoo-300-ml\"]}]},{\"@type\":\"ImageObject\",\"inLanguage\":\"de\",\"@id\":\"https:\/\/www.friseur-hopmann.de\/?product=extreme-shampoo-300-ml#primaryimage\",\"url\":\"https:\/\/www.friseur-hopmann.de\/wp-content\/uploads\/2005\/06\/Extreme-Shp-300ml-Neu-Text.jpg\",\"contentUrl\":\"https:\/\/www.friseur-hopmann.de\/wp-content\/uploads\/2005\/06\/Extreme-Shp-300ml-Neu-Text.jpg\",\"width\":1024,\"height\":1024},{\"@type\":\"BreadcrumbList\",\"@id\":\"https:\/\/www.friseur-hopmann.de\/?product=extreme-shampoo-300-ml#breadcrumb\",\"itemListElement\":[{\"@type\":\"ListItem\",\"position\":1,\"name\":\"Startseite\",\"item\":\"https:\/\/www.friseur-hopmann.de\/\"},{\"@type\":\"ListItem\",\"position\":2,\"name\":\"Produkte\",\"item\":\"https:\/\/www.friseur-hopmann.de\/?post_type=product\"},{\"@type\":\"ListItem\",\"position\":3,\"name\":\"EXTREME SHAMPOO 300 ml\"}]},{\"@type\":\"WebSite\",\"@id\":\"https:\/\/www.friseur-hopmann.de\/#website\",\"url\":\"https:\/\/www.friseur-hopmann.de\/\",\"name\":\"Friseur Hopmann Hairstyling\",\"description\":\"Ihr Friseur in Nordhorn\",\"potentialAction\":[{\"@type\":\"SearchAction\",\"target\":{\"@type\":\"EntryPoint\",\"urlTemplate\":\"https:\/\/www.friseur-hopmann.de\/?s={search_term_string}\"},\"query-input\":{\"@type\":\"PropertyValueSpecification\",\"valueRequired\":true,\"valueName\":\"search_term_string\"}}],\"inLanguage\":\"de\"}]}<\/script>\n<!-- \/ Yoast SEO plugin. -->","yoast_head_json":{"title":"EXTREME SHAMPOO 300 ml","robots":{"index":"index","follow":"follow","max-snippet":"max-snippet:-1","max-image-preview":"max-image-preview:large","max-video-preview":"max-video-preview:-1"},"canonical":"https:\/\/www.friseur-hopmann.de\/?product=extreme-shampoo-300-ml","og_locale":"de_DE","og_type":"article","og_title":"EXTREME SHAMPOO 300 ml","og_description":"Redken EXTREME SHAMPOO Redken Extreme Shampoo ist ein st\u00e4rkendes Shampoo f\u00fcr stark gesch\u00e4digtes, chemisch behandeltes und geschw\u00e4chtes Haar.  Das Shampoo wurde speziell auf die Bed\u00fcrfnisse gesch\u00e4digter Haarstrukturen abgestimmt.","og_url":"https:\/\/www.friseur-hopmann.de\/?product=extreme-shampoo-300-ml","og_site_name":"Friseur Hopmann Hairstyling","article_modified_time":"2025-01-04T20:08:35+00:00","og_image":[{"width":1024,"height":1024,"url":"http:\/\/www.friseur-hopmann.de\/wp-content\/uploads\/2005\/06\/Extreme-Shp-300ml-Neu-Text.jpg","type":"image\/jpeg"}],"twitter_card":"summary_large_image","twitter_misc":{"Gesch\u00e4tzte Lesezeit":"1\u00a0Minute"},"schema":{"@context":"https:\/\/schema.org","@graph":[{"@type":"WebPage","@id":"https:\/\/www.friseur-hopmann.de\/?product=extreme-shampoo-300-ml","url":"https:\/\/www.friseur-hopmann.de\/?product=extreme-shampoo-300-ml","name":"EXTREME SHAMPOO 300 ml","isPartOf":{"@id":"https:\/\/www.friseur-hopmann.de\/#website"},"primaryImageOfPage":{"@id":"https:\/\/www.friseur-hopmann.de\/?product=extreme-shampoo-300-ml#primaryimage"},"image":{"@id":"https:\/\/www.friseur-hopmann.de\/?product=extreme-shampoo-300-ml#primaryimage"},"thumbnailUrl":"https:\/\/www.friseur-hopmann.de\/wp-content\/uploads\/2005\/06\/Extreme-Shp-300ml-Neu-Text.jpg","datePublished":"2005-06-22T08:04:58+00:00","dateModified":"2025-01-04T20:08:35+00:00","breadcrumb":{"@id":"https:\/\/www.friseur-hopmann.de\/?product=extreme-shampoo-300-ml#breadcrumb"},"inLanguage":"de","potentialAction":[{"@type":"ReadAction","target":["https:\/\/www.friseur-hopmann.de\/?product=extreme-shampoo-300-ml"]}]},{"@type":"ImageObject","inLanguage":"de","@id":"https:\/\/www.friseur-hopmann.de\/?product=extreme-shampoo-300-ml#primaryimage","url":"https:\/\/www.friseur-hopmann.de\/wp-content\/uploads\/2005\/06\/Extreme-Shp-300ml-Neu-Text.jpg","contentUrl":"https:\/\/www.friseur-hopmann.de\/wp-content\/uploads\/2005\/06\/Extreme-Shp-300ml-Neu-Text.jpg","width":1024,"height":1024},{"@type":"BreadcrumbList","@id":"https:\/\/www.friseur-hopmann.de\/?product=extreme-shampoo-300-ml#breadcrumb","itemListElement":[{"@type":"ListItem","position":1,"name":"Startseite","item":"https:\/\/www.friseur-hopmann.de\/"},{"@type":"ListItem","position":2,"name":"Produkte","item":"https:\/\/www.friseur-hopmann.de\/?post_type=product"},{"@type":"ListItem","position":3,"name":"EXTREME SHAMPOO 300 ml"}]},{"@type":"WebSite","@id":"https:\/\/www.friseur-hopmann.de\/#website","url":"https:\/\/www.friseur-hopmann.de\/","name":"Friseur Hopmann Hairstyling","description":"Ihr Friseur in Nordhorn","potentialAction":[{"@type":"SearchAction","target":{"@type":"EntryPoint","urlTemplate":"https:\/\/www.friseur-hopmann.de\/?s={search_term_string}"},"query-input":{"@type":"PropertyValueSpecification","valueRequired":true,"valueName":"search_term_string"}}],"inLanguage":"de"}]}},"brands":[],"_links":{"self":[{"href":"https:\/\/www.friseur-hopmann.de\/index.php?rest_route=\/wp\/v2\/product\/8244","targetHints":{"allow":["GET"]}}],"collection":[{"href":"https:\/\/www.friseur-hopmann.de\/index.php?rest_route=\/wp\/v2\/product"}],"about":[{"href":"https:\/\/www.friseur-hopmann.de\/index.php?rest_route=\/wp\/v2\/types\/product"}],"replies":[{"embeddable":true,"href":"https:\/\/www.friseur-hopmann.de\/index.php?rest_route=%2Fwp%2Fv2%2Fcomments&post=8244"}],"wp:featuredmedia":[{"embeddable":true,"href":"https:\/\/www.friseur-hopmann.de\/index.php?rest_route=\/wp\/v2\/media\/16116"}],"wp:attachment":[{"href":"https:\/\/www.friseur-hopmann.de\/index.php?rest_route=%2Fwp%2Fv2%2Fmedia&parent=8244"}],"wp:term":[{"taxonomy":"pwb-brand","embeddable":true,"href":"https:\/\/www.friseur-hopmann.de\/index.php?rest_route=%2Fwp%2Fv2%2Fpwb-brand&post=8244"},{"taxonomy":"product_brand","embeddable":true,"href":"https:\/\/www.friseur-hopmann.de\/index.php?rest_route=%2Fwp%2Fv2%2Fproduct_brand&post=8244"},{"taxonomy":"product_cat","embeddable":true,"href":"https:\/\/www.friseur-hopmann.de\/index.php?rest_route=%2Fwp%2Fv2%2Fproduct_cat&post=8244"},{"taxonomy":"product_tag","embeddable":true,"href":"https:\/\/www.friseur-hopmann.de\/index.php?rest_route=%2Fwp%2Fv2%2Fproduct_tag&post=8244"}],"curies":[{"name":"wp","href":"https:\/\/api.w.org\/{rel}","templated":true}]}}