{"id":8238,"date":"2005-05-29T10:04:58","date_gmt":"2005-05-29T08:04:58","guid":{"rendered":"http:\/\/www.friseur-hopmann.de\/?post_type=product&#038;p=8238"},"modified":"2026-04-12T09:55:19","modified_gmt":"2026-04-12T07:55:19","slug":"sp-cifique-bain-pr-vention-1000-ml-shampoo","status":"publish","type":"product","link":"https:\/\/www.friseur-hopmann.de\/?product=sp-cifique-bain-pr-vention-1000-ml-shampoo","title":{"rendered":"K\u00c9RASTASE SP\u00c8CIFIQUE BAIN PR\u00c9VENTION 1000 ml (Shampoo)"},"content":{"rendered":"<h3>Produktbeschreibung:<\/h3>\n<p>SP\u00c8CIFIQUE Bain Pr\u00e9vention<br \/>\nMildes Haarbad f\u00fcr ein geregeltes Haarwachstum.<br \/>\nBewahrt das Gleichgewicht der Kopfhaut, die Haarproduktion wird so stimuliert.<br \/>\nSorgt f\u00fcr eine optimale Pflege des Haares.<br \/>\nBereitet die Kopfhaut auf die Anwendung von Aminexil vor.<\/p>\n<h3>Zielgruppe:<\/h3>\n<p>Pr\u00e9vention Haarausfall: strukturgebendes Pflege-Haarbad (Shampoo) bei tempor\u00e4rem Haarausfall (nicht bei krankheitsbedingtem Haarausfall).<\/p>\n<h3>Anwendung:<\/h3>\n<p>Mit der flachen Hand einarbeiten und 3 Minuten einwirken lassen.<\/p>\n<h3>Technologie:<\/h3>\n<p>&#8211; Glycyrrhetins\u00e4ure<br \/>\n&#8211; Pirocton Olamin<\/p>\n<p><strong>Inhalt:<\/strong> 1000 ml<\/p>\n<p>F\u00fcr einfaches Dosieren einfach die <a href=\"\/product_info.php?products_id=491\">passende Pumpe<\/a> mitbestellen!<\/p>\n","protected":false},"excerpt":{"rendered":"<p>SP\u00c8CIFIQUE Bain Pr\u00e9vention<br \/>\nMildes Haarbad f\u00fcr ein geregeltes Haarwachstum.<\/p>\n<p>Therapie-Pflegeshampoo<\/p>\n","protected":false},"featured_media":8239,"comment_status":"open","ping_status":"closed","template":"","meta":{"_exactmetrics_skip_tracking":false,"_exactmetrics_sitenote_active":false,"_exactmetrics_sitenote_note":"","_exactmetrics_sitenote_category":0,"_monsterinsights_skip_tracking":false,"_monsterinsights_sitenote_active":false,"_monsterinsights_sitenote_note":"","_monsterinsights_sitenote_category":0},"pwb-brand":[],"product_brand":[615],"product_cat":[491,550,544,548,492,605,941],"product_tag":[754,790,753],"class_list":{"0":"post-8238","1":"product","2":"type-product","3":"status-publish","4":"has-post-thumbnail","6":"product_brand-kerastase-2","7":"product_cat-kerastase","8":"product_cat-kerastase-haarausfall","9":"product_cat-kerastase-haarpflege","10":"product_cat-kerastase-shampoo","11":"product_cat-sp-cifique","12":"product_cat-specifique-haarausfall","13":"product_cat-1000ml","14":"product_tag-anti-haarausfall","15":"product_tag-geregelter-haarwuchs","16":"product_tag-shampoo-bei-haarverlust","17":"pa_inhalt-620","19":"first","20":"instock","21":"sold-individually","22":"taxable","23":"shipping-taxable","24":"purchasable","25":"product-type-simple"},"yoast_head":"<!-- This site is optimized with the Yoast SEO plugin v24.6 - https:\/\/yoast.com\/wordpress\/plugins\/seo\/ -->\n<title>SP\u00c8CIFIQUE BAIN PR\u00c9VENTION 1000 ml (Shampoo)<\/title>\n<meta name=\"robots\" content=\"index, follow, max-snippet:-1, max-image-preview:large, max-video-preview:-1\" \/>\n<link rel=\"canonical\" href=\"https:\/\/www.friseur-hopmann.de\/?product=sp-cifique-bain-pr-vention-1000-ml-shampoo\" \/>\n<meta property=\"og:locale\" content=\"de_DE\" \/>\n<meta property=\"og:type\" content=\"article\" \/>\n<meta property=\"og:title\" content=\"SP\u00c8CIFIQUE BAIN PR\u00c9VENTION 1000 ml (Shampoo)\" \/>\n<meta property=\"og:description\" content=\"SP\u00c8CIFIQUE Bain Pr\u00e9vention Mildes Haarbad f\u00fcr ein geregeltes Haarwachstum.  Therapie-Pflegeshampoo\" \/>\n<meta property=\"og:url\" content=\"https:\/\/www.friseur-hopmann.de\/?product=sp-cifique-bain-pr-vention-1000-ml-shampoo\" \/>\n<meta property=\"og:site_name\" content=\"Friseur Hopmann Hairstyling\" \/>\n<meta property=\"article:modified_time\" content=\"2026-04-12T07:55:19+00:00\" \/>\n<meta property=\"og:image\" content=\"http:\/\/www.friseur-hopmann.de\/wp-content\/uploads\/2017\/01\/p-8238-bainprvention1000ml.jpg\" \/>\n\t<meta property=\"og:image:width\" content=\"1000\" \/>\n\t<meta property=\"og:image:height\" content=\"1000\" \/>\n\t<meta property=\"og:image:type\" content=\"image\/jpeg\" \/>\n<meta name=\"twitter:card\" content=\"summary_large_image\" \/>\n<meta name=\"twitter:label1\" content=\"Gesch\u00e4tzte Lesezeit\" \/>\n\t<meta name=\"twitter:data1\" content=\"1\u00a0Minute\" \/>\n<script type=\"application\/ld+json\" class=\"yoast-schema-graph\">{\"@context\":\"https:\/\/schema.org\",\"@graph\":[{\"@type\":\"WebPage\",\"@id\":\"https:\/\/www.friseur-hopmann.de\/?product=sp-cifique-bain-pr-vention-1000-ml-shampoo\",\"url\":\"https:\/\/www.friseur-hopmann.de\/?product=sp-cifique-bain-pr-vention-1000-ml-shampoo\",\"name\":\"SP\u00c8CIFIQUE BAIN PR\u00c9VENTION 1000 ml (Shampoo)\",\"isPartOf\":{\"@id\":\"https:\/\/www.friseur-hopmann.de\/#website\"},\"primaryImageOfPage\":{\"@id\":\"https:\/\/www.friseur-hopmann.de\/?product=sp-cifique-bain-pr-vention-1000-ml-shampoo#primaryimage\"},\"image\":{\"@id\":\"https:\/\/www.friseur-hopmann.de\/?product=sp-cifique-bain-pr-vention-1000-ml-shampoo#primaryimage\"},\"thumbnailUrl\":\"https:\/\/www.friseur-hopmann.de\/wp-content\/uploads\/2017\/01\/p-8238-bainprvention1000ml.jpg\",\"datePublished\":\"2005-05-29T08:04:58+00:00\",\"dateModified\":\"2026-04-12T07:55:19+00:00\",\"breadcrumb\":{\"@id\":\"https:\/\/www.friseur-hopmann.de\/?product=sp-cifique-bain-pr-vention-1000-ml-shampoo#breadcrumb\"},\"inLanguage\":\"de\",\"potentialAction\":[{\"@type\":\"ReadAction\",\"target\":[\"https:\/\/www.friseur-hopmann.de\/?product=sp-cifique-bain-pr-vention-1000-ml-shampoo\"]}]},{\"@type\":\"ImageObject\",\"inLanguage\":\"de\",\"@id\":\"https:\/\/www.friseur-hopmann.de\/?product=sp-cifique-bain-pr-vention-1000-ml-shampoo#primaryimage\",\"url\":\"https:\/\/www.friseur-hopmann.de\/wp-content\/uploads\/2017\/01\/p-8238-bainprvention1000ml.jpg\",\"contentUrl\":\"https:\/\/www.friseur-hopmann.de\/wp-content\/uploads\/2017\/01\/p-8238-bainprvention1000ml.jpg\",\"width\":1000,\"height\":1000,\"caption\":\"SP\u00c8CIFIQUE BAIN PR\u00c9VENTION 1000 ml (Shampoo)\"},{\"@type\":\"BreadcrumbList\",\"@id\":\"https:\/\/www.friseur-hopmann.de\/?product=sp-cifique-bain-pr-vention-1000-ml-shampoo#breadcrumb\",\"itemListElement\":[{\"@type\":\"ListItem\",\"position\":1,\"name\":\"Startseite\",\"item\":\"https:\/\/www.friseur-hopmann.de\/\"},{\"@type\":\"ListItem\",\"position\":2,\"name\":\"Produkte\",\"item\":\"https:\/\/www.friseur-hopmann.de\/?post_type=product\"},{\"@type\":\"ListItem\",\"position\":3,\"name\":\"K\u00c9RASTASE SP\u00c8CIFIQUE BAIN PR\u00c9VENTION 1000 ml (Shampoo)\"}]},{\"@type\":\"WebSite\",\"@id\":\"https:\/\/www.friseur-hopmann.de\/#website\",\"url\":\"https:\/\/www.friseur-hopmann.de\/\",\"name\":\"Friseur Hopmann Hairstyling\",\"description\":\"Ihr Friseur in Nordhorn\",\"potentialAction\":[{\"@type\":\"SearchAction\",\"target\":{\"@type\":\"EntryPoint\",\"urlTemplate\":\"https:\/\/www.friseur-hopmann.de\/?s={search_term_string}\"},\"query-input\":{\"@type\":\"PropertyValueSpecification\",\"valueRequired\":true,\"valueName\":\"search_term_string\"}}],\"inLanguage\":\"de\"}]}<\/script>\n<!-- \/ Yoast SEO plugin. -->","yoast_head_json":{"title":"SP\u00c8CIFIQUE BAIN PR\u00c9VENTION 1000 ml (Shampoo)","robots":{"index":"index","follow":"follow","max-snippet":"max-snippet:-1","max-image-preview":"max-image-preview:large","max-video-preview":"max-video-preview:-1"},"canonical":"https:\/\/www.friseur-hopmann.de\/?product=sp-cifique-bain-pr-vention-1000-ml-shampoo","og_locale":"de_DE","og_type":"article","og_title":"SP\u00c8CIFIQUE BAIN PR\u00c9VENTION 1000 ml (Shampoo)","og_description":"SP\u00c8CIFIQUE Bain Pr\u00e9vention Mildes Haarbad f\u00fcr ein geregeltes Haarwachstum.  Therapie-Pflegeshampoo","og_url":"https:\/\/www.friseur-hopmann.de\/?product=sp-cifique-bain-pr-vention-1000-ml-shampoo","og_site_name":"Friseur Hopmann Hairstyling","article_modified_time":"2026-04-12T07:55:19+00:00","og_image":[{"width":1000,"height":1000,"url":"http:\/\/www.friseur-hopmann.de\/wp-content\/uploads\/2017\/01\/p-8238-bainprvention1000ml.jpg","type":"image\/jpeg"}],"twitter_card":"summary_large_image","twitter_misc":{"Gesch\u00e4tzte Lesezeit":"1\u00a0Minute"},"schema":{"@context":"https:\/\/schema.org","@graph":[{"@type":"WebPage","@id":"https:\/\/www.friseur-hopmann.de\/?product=sp-cifique-bain-pr-vention-1000-ml-shampoo","url":"https:\/\/www.friseur-hopmann.de\/?product=sp-cifique-bain-pr-vention-1000-ml-shampoo","name":"SP\u00c8CIFIQUE BAIN PR\u00c9VENTION 1000 ml (Shampoo)","isPartOf":{"@id":"https:\/\/www.friseur-hopmann.de\/#website"},"primaryImageOfPage":{"@id":"https:\/\/www.friseur-hopmann.de\/?product=sp-cifique-bain-pr-vention-1000-ml-shampoo#primaryimage"},"image":{"@id":"https:\/\/www.friseur-hopmann.de\/?product=sp-cifique-bain-pr-vention-1000-ml-shampoo#primaryimage"},"thumbnailUrl":"https:\/\/www.friseur-hopmann.de\/wp-content\/uploads\/2017\/01\/p-8238-bainprvention1000ml.jpg","datePublished":"2005-05-29T08:04:58+00:00","dateModified":"2026-04-12T07:55:19+00:00","breadcrumb":{"@id":"https:\/\/www.friseur-hopmann.de\/?product=sp-cifique-bain-pr-vention-1000-ml-shampoo#breadcrumb"},"inLanguage":"de","potentialAction":[{"@type":"ReadAction","target":["https:\/\/www.friseur-hopmann.de\/?product=sp-cifique-bain-pr-vention-1000-ml-shampoo"]}]},{"@type":"ImageObject","inLanguage":"de","@id":"https:\/\/www.friseur-hopmann.de\/?product=sp-cifique-bain-pr-vention-1000-ml-shampoo#primaryimage","url":"https:\/\/www.friseur-hopmann.de\/wp-content\/uploads\/2017\/01\/p-8238-bainprvention1000ml.jpg","contentUrl":"https:\/\/www.friseur-hopmann.de\/wp-content\/uploads\/2017\/01\/p-8238-bainprvention1000ml.jpg","width":1000,"height":1000,"caption":"SP\u00c8CIFIQUE BAIN PR\u00c9VENTION 1000 ml (Shampoo)"},{"@type":"BreadcrumbList","@id":"https:\/\/www.friseur-hopmann.de\/?product=sp-cifique-bain-pr-vention-1000-ml-shampoo#breadcrumb","itemListElement":[{"@type":"ListItem","position":1,"name":"Startseite","item":"https:\/\/www.friseur-hopmann.de\/"},{"@type":"ListItem","position":2,"name":"Produkte","item":"https:\/\/www.friseur-hopmann.de\/?post_type=product"},{"@type":"ListItem","position":3,"name":"K\u00c9RASTASE SP\u00c8CIFIQUE BAIN PR\u00c9VENTION 1000 ml (Shampoo)"}]},{"@type":"WebSite","@id":"https:\/\/www.friseur-hopmann.de\/#website","url":"https:\/\/www.friseur-hopmann.de\/","name":"Friseur Hopmann Hairstyling","description":"Ihr Friseur in Nordhorn","potentialAction":[{"@type":"SearchAction","target":{"@type":"EntryPoint","urlTemplate":"https:\/\/www.friseur-hopmann.de\/?s={search_term_string}"},"query-input":{"@type":"PropertyValueSpecification","valueRequired":true,"valueName":"search_term_string"}}],"inLanguage":"de"}]}},"brands":[],"_links":{"self":[{"href":"https:\/\/www.friseur-hopmann.de\/index.php?rest_route=\/wp\/v2\/product\/8238","targetHints":{"allow":["GET"]}}],"collection":[{"href":"https:\/\/www.friseur-hopmann.de\/index.php?rest_route=\/wp\/v2\/product"}],"about":[{"href":"https:\/\/www.friseur-hopmann.de\/index.php?rest_route=\/wp\/v2\/types\/product"}],"replies":[{"embeddable":true,"href":"https:\/\/www.friseur-hopmann.de\/index.php?rest_route=%2Fwp%2Fv2%2Fcomments&post=8238"}],"wp:featuredmedia":[{"embeddable":true,"href":"https:\/\/www.friseur-hopmann.de\/index.php?rest_route=\/wp\/v2\/media\/8239"}],"wp:attachment":[{"href":"https:\/\/www.friseur-hopmann.de\/index.php?rest_route=%2Fwp%2Fv2%2Fmedia&parent=8238"}],"wp:term":[{"taxonomy":"pwb-brand","embeddable":true,"href":"https:\/\/www.friseur-hopmann.de\/index.php?rest_route=%2Fwp%2Fv2%2Fpwb-brand&post=8238"},{"taxonomy":"product_brand","embeddable":true,"href":"https:\/\/www.friseur-hopmann.de\/index.php?rest_route=%2Fwp%2Fv2%2Fproduct_brand&post=8238"},{"taxonomy":"product_cat","embeddable":true,"href":"https:\/\/www.friseur-hopmann.de\/index.php?rest_route=%2Fwp%2Fv2%2Fproduct_cat&post=8238"},{"taxonomy":"product_tag","embeddable":true,"href":"https:\/\/www.friseur-hopmann.de\/index.php?rest_route=%2Fwp%2Fv2%2Fproduct_tag&post=8238"}],"curies":[{"name":"wp","href":"https:\/\/api.w.org\/{rel}","templated":true}]}}