{"id":8212,"date":"2005-05-29T10:04:58","date_gmt":"2005-05-29T08:04:58","guid":{"rendered":"http:\/\/www.friseur-hopmann.de\/?post_type=product&#038;p=8212"},"modified":"2026-03-06T18:52:35","modified_gmt":"2026-03-06T16:52:35","slug":"nutritive-masquintense-fuer-feines-haar-500-ml","status":"publish","type":"product","link":"https:\/\/www.friseur-hopmann.de\/?product=nutritive-masquintense-fuer-feines-haar-500-ml","title":{"rendered":"K\u00c9RASTASE NUTRITIVE MASQUINTENSE &#8211; f\u00fcr trockenes Haar 500 ml ("},"content":{"rendered":"<h3>Produktbeschreibung:<\/h3>\n<p>Die\u00a0<strong>K\u00e9rastase Nutritive Masquintense<\/strong>\u00a0ist eine hochkonzentrierte feuchtigkeitsspendende Haarmaske f\u00fcr sehr trockenes Haar. Sie hat eine Formel f\u00fcr sehr trockenes, feines bis mittleres Haar, die das Haar st\u00e4rkt.<\/p>\n<h2>Eigenschaften der\u00a0K\u00e9rastase Nutritive Masquintense<\/h2>\n<ul>\n<li>Wiederherstellung der nat\u00fcrlichen Haarfeuchtigkeit<\/li>\n<li>Stellt Elastizit\u00e4t und K\u00e4mmbarkeit wieder her<\/li>\n<li>Sch\u00fctzt das Haar vor chronischer Trockenheit<\/li>\n<li>Feuchtigkeitsspendend<\/li>\n<li>St\u00e4rkend<\/li>\n<li>Pflegend<\/li>\n<\/ul>\n<h3>Anwendung der\u00a0K\u00e9rastase Nutritive Masquintense<\/h3>\n<p>Die\u00a0<strong>K\u00e9rastase Nutritive Masquintense\u00a0<\/strong>auf das gewaschene und handtuchtrockene Haar auftragen. In die Haarl\u00e4ngen und \u2013spitzen einarbeiten. 5-10 Minuten einwirken lassen, einmassieren und aussp\u00fclen. Bei Kontakt mit den Augen diese sofort gr\u00fcndlich aussp\u00fclen.<\/p>\n<p><strong>Produktdetails:<\/strong><\/p>\n<table id=\"product-attribute-specs-table\" class=\"data table additional-attributes\">\n<tbody>\n<tr>\n<th class=\"col label\" scope=\"row\">Menge<\/th>\n<td class=\"col data\" data-th=\"Menge\">500 ml<\/td>\n<\/tr>\n<tr>\n<th class=\"col label\" scope=\"row\">Marke<\/th>\n<td class=\"col data\" data-th=\"Marke\">Kerastase<\/td>\n<\/tr>\n<tr>\n<th class=\"col label\" scope=\"row\">Produkttyp<\/th>\n<td class=\"col data\" data-th=\"Produkttyp\">Haarkur<\/td>\n<\/tr>\n<tr>\n<th class=\"col label\" scope=\"row\">Haartyp<\/th>\n<td class=\"col data\" data-th=\"Haartyp\">trockenes Haar<\/td>\n<\/tr>\n<tr>\n<th class=\"col label\" scope=\"row\">Wirkung<\/th>\n<td class=\"col data\" data-th=\"Wirkung\">Elastizit\u00e4t, Feuchtigkeitsspendend, Pflegend, Sch\u00fctzend, St\u00e4rkend, Verbessert die K\u00e4mmbarkeit<\/td>\n<\/tr>\n<tr>\n<th class=\"col label\" scope=\"row\">Inhaltsstoffe<\/th>\n<td class=\"col data\" data-th=\"Inhaltsstoffe\">Niacinamide (B3), Proteine<\/td>\n<\/tr>\n<tr>\n<th class=\"col label\" scope=\"row\">Inhaltsstoffe<\/th>\n<td class=\"col data\" data-th=\"Inhaltsstoffe\">AQUA \/ WATER \u25cfCETEARYL ALCOHOL \u25cfDIMETHICONE \u25cfGLYCERIN \u25cf BEHENTRIMONIUM CHLORIDE \u25cfAMODIMETHICONE \u25cfCETRIMONIUMCHLORIDE \u25cfPHENOXYETHANOL \u25cfISOPROPYL ALCOHOL \u25cfSODIUM LAURETH SULFATE \u25cfNIACINAMIDE \u25cfLACTIC ACID \u25cfBUTYLENE GLYCOL \u25cfLINALOOL \u25cfBENZYL ALCOHOL \u25cfHYDROXYCITRONELLAL \u25cfHEXYL CINNAMAL \u25cfCITRONELLOL \u25cfCOUMARIN \u25cfALPHA-ISOMETHYL IONONE \u25cfGERANIOL \u25cfHYDROLYZED WHEAT PROTEIN \u25cfHYDROLYZED CORN PROTEIN \u25cfHYDROLYZED SOY PROTEIN \u25cfIRIS FLORENTINA ROOT EXTRACT \u25cfPARFUM \/ FRAGRANCE \u25cf<\/td>\n<\/tr>\n<\/tbody>\n<\/table>\n<p>&nbsp;<\/p>\n<h3><strong>Erg\u00e4nzungsprodukte:<\/strong><\/h3>\n<p>Nutritive Bain Satin\u00a0 (Shampoo)<\/p>\n<p>Nutritive Lait Vital (Conditioner)<\/p>\n<p>Nutritive Nectar Thermique (Hitzeschutz)<\/p>\n<p><strong>Inhalt: 500 ml<\/strong><\/p>\n","protected":false},"excerpt":{"rendered":"<h4><em><strong>HINWEIS: Abbildung zeigt Produkt mit 200 ml Inhalt<\/strong><\/em><\/h4>\n<h4>Nutritive Maspueintense &#8211; f\u00fcr trockenes Haar<\/h4>\n<p>&#8222;Aussergew\u00f6hnliche, Intensiv Pflegende Maske \u2013 Widerstand gegen Trockenheit.&#8220;<\/p>\n<p>Feuchtigkeitsgebende Haarmaske f\u00fcr feines Haar<\/p>\n","protected":false},"featured_media":22001,"comment_status":"open","ping_status":"closed","template":"","meta":{"_exactmetrics_skip_tracking":false,"_exactmetrics_sitenote_active":false,"_exactmetrics_sitenote_note":"","_exactmetrics_sitenote_category":0,"_monsterinsights_skip_tracking":false,"_monsterinsights_sitenote_active":false,"_monsterinsights_sitenote_note":"","_monsterinsights_sitenote_category":0},"pwb-brand":[],"product_brand":[615],"product_cat":[491,544,489,927],"product_tag":[749,830,664,808,846],"class_list":{"0":"post-8212","1":"product","2":"type-product","3":"status-publish","4":"has-post-thumbnail","6":"product_brand-kerastase-2","7":"product_cat-kerastase","8":"product_cat-kerastase-haarpflege","9":"product_cat-nutritive","10":"product_cat-500ml","11":"product_tag-glanz","12":"product_tag-glanzloses-haar","13":"product_tag-haarmaske","14":"product_tag-intensiv-feuchtigkeitshaarkur","15":"product_tag-intensiv-pflege-bei-trockenen-feinen-haaren","16":"pa_inhalt-623","18":"first","19":"instock","20":"taxable","21":"shipping-taxable","22":"purchasable","23":"product-type-simple"},"yoast_head":"<!-- This site is optimized with the Yoast SEO plugin v24.6 - https:\/\/yoast.com\/wordpress\/plugins\/seo\/ -->\n<title>NUTRITIVE MASQUINTENSE - f\u00fcr feines Haar 500 ml<\/title>\n<meta name=\"robots\" content=\"index, follow, max-snippet:-1, max-image-preview:large, max-video-preview:-1\" \/>\n<link rel=\"canonical\" href=\"https:\/\/www.friseur-hopmann.de\/?product=nutritive-masquintense-fuer-feines-haar-500-ml\" \/>\n<meta property=\"og:locale\" content=\"de_DE\" \/>\n<meta property=\"og:type\" content=\"article\" \/>\n<meta property=\"og:title\" content=\"NUTRITIVE MASQUINTENSE - f\u00fcr feines Haar 500 ml\" \/>\n<meta property=\"og:description\" content=\"HINWEIS: Abbildung zeigt Produkt mit 200 ml Inhalt Nutritive Maspueintense - f\u00fcr trockenes Haar &quot;Aussergew\u00f6hnliche, Intensiv Pflegende Maske \u2013 Widerstand gegen Trockenheit.&quot;  Feuchtigkeitsgebende Haarmaske f\u00fcr feines Haar\" \/>\n<meta property=\"og:url\" content=\"https:\/\/www.friseur-hopmann.de\/?product=nutritive-masquintense-fuer-feines-haar-500-ml\" \/>\n<meta property=\"og:site_name\" content=\"Friseur Hopmann Hairstyling\" \/>\n<meta property=\"article:modified_time\" content=\"2026-03-06T16:52:35+00:00\" \/>\n<meta property=\"og:image\" content=\"http:\/\/www.friseur-hopmann.de\/wp-content\/uploads\/2005\/05\/Masquintens-200ml-NEU.jpg\" \/>\n\t<meta property=\"og:image:width\" content=\"500\" \/>\n\t<meta property=\"og:image:height\" content=\"500\" \/>\n\t<meta property=\"og:image:type\" content=\"image\/jpeg\" \/>\n<meta name=\"twitter:card\" content=\"summary_large_image\" \/>\n<meta name=\"twitter:label1\" content=\"Gesch\u00e4tzte Lesezeit\" \/>\n\t<meta name=\"twitter:data1\" content=\"2\u00a0Minuten\" \/>\n<script type=\"application\/ld+json\" class=\"yoast-schema-graph\">{\"@context\":\"https:\/\/schema.org\",\"@graph\":[{\"@type\":\"WebPage\",\"@id\":\"https:\/\/www.friseur-hopmann.de\/?product=nutritive-masquintense-fuer-feines-haar-500-ml\",\"url\":\"https:\/\/www.friseur-hopmann.de\/?product=nutritive-masquintense-fuer-feines-haar-500-ml\",\"name\":\"NUTRITIVE MASQUINTENSE - f\u00fcr feines Haar 500 ml\",\"isPartOf\":{\"@id\":\"https:\/\/www.friseur-hopmann.de\/#website\"},\"primaryImageOfPage\":{\"@id\":\"https:\/\/www.friseur-hopmann.de\/?product=nutritive-masquintense-fuer-feines-haar-500-ml#primaryimage\"},\"image\":{\"@id\":\"https:\/\/www.friseur-hopmann.de\/?product=nutritive-masquintense-fuer-feines-haar-500-ml#primaryimage\"},\"thumbnailUrl\":\"https:\/\/www.friseur-hopmann.de\/wp-content\/uploads\/2005\/05\/Masquintens-200ml-NEU.jpg\",\"datePublished\":\"2005-05-29T08:04:58+00:00\",\"dateModified\":\"2026-03-06T16:52:35+00:00\",\"breadcrumb\":{\"@id\":\"https:\/\/www.friseur-hopmann.de\/?product=nutritive-masquintense-fuer-feines-haar-500-ml#breadcrumb\"},\"inLanguage\":\"de\",\"potentialAction\":[{\"@type\":\"ReadAction\",\"target\":[\"https:\/\/www.friseur-hopmann.de\/?product=nutritive-masquintense-fuer-feines-haar-500-ml\"]}]},{\"@type\":\"ImageObject\",\"inLanguage\":\"de\",\"@id\":\"https:\/\/www.friseur-hopmann.de\/?product=nutritive-masquintense-fuer-feines-haar-500-ml#primaryimage\",\"url\":\"https:\/\/www.friseur-hopmann.de\/wp-content\/uploads\/2005\/05\/Masquintens-200ml-NEU.jpg\",\"contentUrl\":\"https:\/\/www.friseur-hopmann.de\/wp-content\/uploads\/2005\/05\/Masquintens-200ml-NEU.jpg\",\"width\":500,\"height\":500},{\"@type\":\"BreadcrumbList\",\"@id\":\"https:\/\/www.friseur-hopmann.de\/?product=nutritive-masquintense-fuer-feines-haar-500-ml#breadcrumb\",\"itemListElement\":[{\"@type\":\"ListItem\",\"position\":1,\"name\":\"Startseite\",\"item\":\"https:\/\/www.friseur-hopmann.de\/\"},{\"@type\":\"ListItem\",\"position\":2,\"name\":\"Produkte\",\"item\":\"https:\/\/www.friseur-hopmann.de\/?post_type=product\"},{\"@type\":\"ListItem\",\"position\":3,\"name\":\"K\u00c9RASTASE NUTRITIVE MASQUINTENSE &#8211; f\u00fcr trockenes Haar 500 ml (\"}]},{\"@type\":\"WebSite\",\"@id\":\"https:\/\/www.friseur-hopmann.de\/#website\",\"url\":\"https:\/\/www.friseur-hopmann.de\/\",\"name\":\"Friseur Hopmann Hairstyling\",\"description\":\"Ihr Friseur in Nordhorn\",\"potentialAction\":[{\"@type\":\"SearchAction\",\"target\":{\"@type\":\"EntryPoint\",\"urlTemplate\":\"https:\/\/www.friseur-hopmann.de\/?s={search_term_string}\"},\"query-input\":{\"@type\":\"PropertyValueSpecification\",\"valueRequired\":true,\"valueName\":\"search_term_string\"}}],\"inLanguage\":\"de\"}]}<\/script>\n<!-- \/ Yoast SEO plugin. -->","yoast_head_json":{"title":"NUTRITIVE MASQUINTENSE - f\u00fcr feines Haar 500 ml","robots":{"index":"index","follow":"follow","max-snippet":"max-snippet:-1","max-image-preview":"max-image-preview:large","max-video-preview":"max-video-preview:-1"},"canonical":"https:\/\/www.friseur-hopmann.de\/?product=nutritive-masquintense-fuer-feines-haar-500-ml","og_locale":"de_DE","og_type":"article","og_title":"NUTRITIVE MASQUINTENSE - f\u00fcr feines Haar 500 ml","og_description":"HINWEIS: Abbildung zeigt Produkt mit 200 ml Inhalt Nutritive Maspueintense - f\u00fcr trockenes Haar \"Aussergew\u00f6hnliche, Intensiv Pflegende Maske \u2013 Widerstand gegen Trockenheit.\"  Feuchtigkeitsgebende Haarmaske f\u00fcr feines Haar","og_url":"https:\/\/www.friseur-hopmann.de\/?product=nutritive-masquintense-fuer-feines-haar-500-ml","og_site_name":"Friseur Hopmann Hairstyling","article_modified_time":"2026-03-06T16:52:35+00:00","og_image":[{"width":500,"height":500,"url":"http:\/\/www.friseur-hopmann.de\/wp-content\/uploads\/2005\/05\/Masquintens-200ml-NEU.jpg","type":"image\/jpeg"}],"twitter_card":"summary_large_image","twitter_misc":{"Gesch\u00e4tzte Lesezeit":"2\u00a0Minuten"},"schema":{"@context":"https:\/\/schema.org","@graph":[{"@type":"WebPage","@id":"https:\/\/www.friseur-hopmann.de\/?product=nutritive-masquintense-fuer-feines-haar-500-ml","url":"https:\/\/www.friseur-hopmann.de\/?product=nutritive-masquintense-fuer-feines-haar-500-ml","name":"NUTRITIVE MASQUINTENSE - f\u00fcr feines Haar 500 ml","isPartOf":{"@id":"https:\/\/www.friseur-hopmann.de\/#website"},"primaryImageOfPage":{"@id":"https:\/\/www.friseur-hopmann.de\/?product=nutritive-masquintense-fuer-feines-haar-500-ml#primaryimage"},"image":{"@id":"https:\/\/www.friseur-hopmann.de\/?product=nutritive-masquintense-fuer-feines-haar-500-ml#primaryimage"},"thumbnailUrl":"https:\/\/www.friseur-hopmann.de\/wp-content\/uploads\/2005\/05\/Masquintens-200ml-NEU.jpg","datePublished":"2005-05-29T08:04:58+00:00","dateModified":"2026-03-06T16:52:35+00:00","breadcrumb":{"@id":"https:\/\/www.friseur-hopmann.de\/?product=nutritive-masquintense-fuer-feines-haar-500-ml#breadcrumb"},"inLanguage":"de","potentialAction":[{"@type":"ReadAction","target":["https:\/\/www.friseur-hopmann.de\/?product=nutritive-masquintense-fuer-feines-haar-500-ml"]}]},{"@type":"ImageObject","inLanguage":"de","@id":"https:\/\/www.friseur-hopmann.de\/?product=nutritive-masquintense-fuer-feines-haar-500-ml#primaryimage","url":"https:\/\/www.friseur-hopmann.de\/wp-content\/uploads\/2005\/05\/Masquintens-200ml-NEU.jpg","contentUrl":"https:\/\/www.friseur-hopmann.de\/wp-content\/uploads\/2005\/05\/Masquintens-200ml-NEU.jpg","width":500,"height":500},{"@type":"BreadcrumbList","@id":"https:\/\/www.friseur-hopmann.de\/?product=nutritive-masquintense-fuer-feines-haar-500-ml#breadcrumb","itemListElement":[{"@type":"ListItem","position":1,"name":"Startseite","item":"https:\/\/www.friseur-hopmann.de\/"},{"@type":"ListItem","position":2,"name":"Produkte","item":"https:\/\/www.friseur-hopmann.de\/?post_type=product"},{"@type":"ListItem","position":3,"name":"K\u00c9RASTASE NUTRITIVE MASQUINTENSE &#8211; f\u00fcr trockenes Haar 500 ml ("}]},{"@type":"WebSite","@id":"https:\/\/www.friseur-hopmann.de\/#website","url":"https:\/\/www.friseur-hopmann.de\/","name":"Friseur Hopmann Hairstyling","description":"Ihr Friseur in Nordhorn","potentialAction":[{"@type":"SearchAction","target":{"@type":"EntryPoint","urlTemplate":"https:\/\/www.friseur-hopmann.de\/?s={search_term_string}"},"query-input":{"@type":"PropertyValueSpecification","valueRequired":true,"valueName":"search_term_string"}}],"inLanguage":"de"}]}},"brands":[],"_links":{"self":[{"href":"https:\/\/www.friseur-hopmann.de\/index.php?rest_route=\/wp\/v2\/product\/8212","targetHints":{"allow":["GET"]}}],"collection":[{"href":"https:\/\/www.friseur-hopmann.de\/index.php?rest_route=\/wp\/v2\/product"}],"about":[{"href":"https:\/\/www.friseur-hopmann.de\/index.php?rest_route=\/wp\/v2\/types\/product"}],"replies":[{"embeddable":true,"href":"https:\/\/www.friseur-hopmann.de\/index.php?rest_route=%2Fwp%2Fv2%2Fcomments&post=8212"}],"wp:featuredmedia":[{"embeddable":true,"href":"https:\/\/www.friseur-hopmann.de\/index.php?rest_route=\/wp\/v2\/media\/22001"}],"wp:attachment":[{"href":"https:\/\/www.friseur-hopmann.de\/index.php?rest_route=%2Fwp%2Fv2%2Fmedia&parent=8212"}],"wp:term":[{"taxonomy":"pwb-brand","embeddable":true,"href":"https:\/\/www.friseur-hopmann.de\/index.php?rest_route=%2Fwp%2Fv2%2Fpwb-brand&post=8212"},{"taxonomy":"product_brand","embeddable":true,"href":"https:\/\/www.friseur-hopmann.de\/index.php?rest_route=%2Fwp%2Fv2%2Fproduct_brand&post=8212"},{"taxonomy":"product_cat","embeddable":true,"href":"https:\/\/www.friseur-hopmann.de\/index.php?rest_route=%2Fwp%2Fv2%2Fproduct_cat&post=8212"},{"taxonomy":"product_tag","embeddable":true,"href":"https:\/\/www.friseur-hopmann.de\/index.php?rest_route=%2Fwp%2Fv2%2Fproduct_tag&post=8212"}],"curies":[{"name":"wp","href":"https:\/\/api.w.org\/{rel}","templated":true}]}}