{"id":8193,"date":"2005-05-29T10:04:58","date_gmt":"2005-05-29T08:04:58","guid":{"rendered":"http:\/\/www.friseur-hopmann.de\/?post_type=product&#038;p=8193"},"modified":"2026-04-17T09:16:21","modified_gmt":"2026-04-17T07:16:21","slug":"nutritive-bain-satin1-shampoo-1000-ml","status":"publish","type":"product","link":"https:\/\/www.friseur-hopmann.de\/?product=nutritive-bain-satin1-shampoo-1000-ml","title":{"rendered":"K\u00c9RASTASE NUTRITIVE BAIN SATIN (Shampoo) 1000 ml"},"content":{"rendered":"<h3>Produktbeschreibung:<\/h3>\n<h3>Nutritive Bain Satin<\/h3>\n<h3 data-sanitized-data-mce-fragment=\"1\">Produktbeschreibung:<\/h3>\n<h3 data-sanitized-data-mce-fragment=\"1\">Bain Satin<\/h3>\n<div id=\"description\" class=\"data item content\" data-sanitized-data-role=\"content\" data-role=\"content\" data-sanitized-aria-labelledby=\"tab-label-description-title\" aria-labelledby=\"tab-label-description-title\">\n<div class=\"data item main\">\n<div class=\"product attribute description\">\n<div class=\"value\">\n<div data-sanitized-data-decoded=\"true\" data-decoded=\"true\" data-sanitized-data-element=\"main\" data-element=\"main\" data-sanitized-data-appearance=\"default\" data-appearance=\"default\" data-sanitized-data-content-type=\"html\" data-content-type=\"html\">\n<p>Das\u00a0<strong>K\u00e9rastase Nutritive Bain Satin<\/strong>\u00a0ist ein pflegendes Haarbad f\u00fcr normales bis leicht trockenes Haar. Es hat eine leichte Formel, die trockenes Haar gr\u00fcndlich reinigt und ihm gleichzeitig Feuchtigkeit und Komfort zur\u00fcckgibt.<\/p>\n<h2>Eigenschaften des\u00a0K\u00e9rastase Nutritive Bain Satin<\/h2>\n<ul>\n<li>Revitalisiert und st\u00e4rkt das Haar<\/li>\n<li>Stellt die Haardicke und den Glanz wieder her, verbessert die Feuchtigkeit und macht das Haar weicher<\/li>\n<li>Unterst\u00fctzt die Keratin Produktion, um dem Haar mehr Struktur und St\u00e4rke zu verleihen<\/li>\n<li>Leichtes Ergebnis<\/li>\n<li>Pflegend<\/li>\n<li>Feuchtigkeitsspendend<\/li>\n<\/ul>\n<h3>Anwendung des\u00a0K\u00e9rastase Nutritive Bain Satin<\/h3>\n<p>Das\u00a0<strong>K\u00e9rastase Nutritive Bain Satin<\/strong>\u00a0Haarbad auf feuchtes Haar auftragen. Aufsch\u00e4umen. Einmassieren und gr\u00fcndlich aussp\u00fclen. Bei Augenkontakt sofort gr\u00fcndlich aussp\u00fclen.<\/p>\n<p>&nbsp;<\/p>\n<\/div>\n<\/div>\n<\/div>\n<\/div>\n<\/div>\n<div id=\"tab-label-additional\" class=\"data item title\" data-sanitized-data-role=\"collapsible\" data-role=\"collapsible\"><strong>Produktdetails:<\/strong><\/div>\n<div id=\"additional\" class=\"data item content\" data-sanitized-data-role=\"content\" data-role=\"content\" data-sanitized-aria-labelledby=\"tab-label-additional-title\" aria-labelledby=\"tab-label-additional-title\">\n<div><\/div>\n<div class=\"data item main\">\n<div class=\"additional-attributes-wrapper table-wrapper\">\n<table id=\"product-attribute-specs-table\" class=\"data table additional-attributes\">\n<caption class=\"table-caption\">\u00a0<\/caption>\n<tbody>\n<tr>\n<th class=\"col label\" scope=\"row\">Menge<\/th>\n<td class=\"col data\" data-sanitized-data-th=\"Menge\" data-th=\"Menge\">1000 ml<\/td>\n<\/tr>\n<tr>\n<th class=\"col label\" scope=\"row\">Marke<\/th>\n<td class=\"col data\" data-sanitized-data-th=\"Marke\" data-th=\"Marke\">Kerastase<\/td>\n<\/tr>\n<tr>\n<th class=\"col label\" scope=\"row\">Produkttyp<\/th>\n<td class=\"col data\" data-sanitized-data-th=\"Produkttyp\" data-th=\"Produkttyp\">Shampoo<\/td>\n<\/tr>\n<tr>\n<th class=\"col label\" scope=\"row\">Haartyp<\/th>\n<td class=\"col data\" data-sanitized-data-th=\"Haartyp\" data-th=\"Haartyp\">normales Haar, trockenes Haar<\/td>\n<\/tr>\n<tr>\n<th class=\"col label\" scope=\"row\">Wirkung<\/th>\n<td class=\"col data\" data-sanitized-data-th=\"Wirkung\" data-th=\"Wirkung\">Feuchtigkeitsspendend, Geschmeidigkeit, Pflegend, Revitalisierend<\/td>\n<\/tr>\n<tr>\n<th class=\"col label\" scope=\"row\">Inhaltsstoffe<\/th>\n<td class=\"col data\" data-sanitized-data-th=\"Inhaltsstoffe\" data-th=\"Inhaltsstoffe\">Niacinamide (B3), Proteine<\/td>\n<\/tr>\n<tr>\n<th class=\"col label\" scope=\"row\">Inhaltsstoffe<\/th>\n<td class=\"col data\" data-sanitized-data-th=\"Inhaltsstoffe\" data-th=\"Inhaltsstoffe\">AQUA \/ WATER \u25cfSODIUM LAURETH SULFATE \u25cfSODIUM LAURYL SULFATE\u25cfDIMETHICONE\u25cfCOCAMIDOPROPYLBETAINE \u25cfSODIUM CHLORIDE \u25cfGLYCOL DISTEARATE \u25cfGLYCERIN \u25cfCITRIC ACID \u25cfPPG-5-CETETH-20 \u25cfSODIUM BENZOATE \u25cfSODIUM HYDROXIDE \u25cfISOSTEARYL NEOPENTANOATE \u25cfCARBOMER \u25cfCOCO-BETAINE \u25cfSALICYLIC ACID \u25cfPANTHENOL \u25cfNIACINAMIDE \u25cfASCORBYL GLUCOSIDE \u25cfBUTYLENE GLYCOL \u25cfGUAR HYDROXYPROPYLTRIMONIUM CHLORIDE \u25cfLINALOOL \u25cfLIMONENE \u25cfHYDROLYZED WHEAT PROTEIN \u25cfHYDROLYZE<\/td>\n<\/tr>\n<\/tbody>\n<\/table>\n<\/div>\n<\/div>\n<\/div>\n<h3 data-sanitized-data-mce-fragment=\"1\">Erg\u00e4nzungsprodukte:<\/h3>\n<p data-sanitized-data-mce-fragment=\"1\">Nutritive Lait Vital (Conditioner)<\/p>\n<p data-sanitized-data-mce-fragment=\"1\">Nutritive Masqueintense (Pflegemaske)<\/p>\n<p>F\u00fcr ein\u00adfaches Dosieren die <a href=\"\/product_info.php?products_id=491\">passende Pumpe<\/a> bestellen!<\/p>\n<p>&nbsp;<\/p>\n","protected":false},"excerpt":{"rendered":"<h4><em><strong>HINWEIS: Bild zeigt Produkt mit 250 ml Inhalt<\/strong><\/em><\/h4>\n<h4><strong>Nutritive Bain Satin<\/strong><\/h4>\n<p>&#8222;Au\u00dfergew\u00f6hnliches Pflege-Haarbad \u2013 Widerstand<br \/>\ngegen Trockenheit f\u00fcr normales und leicht trockenes<br \/>\nHaar.&#8220;<\/p>\n<p>Leichtes Pflege-Haarbad<\/p>\n","protected":false},"featured_media":21865,"comment_status":"open","ping_status":"closed","template":"","meta":{"_exactmetrics_skip_tracking":false,"_exactmetrics_sitenote_active":false,"_exactmetrics_sitenote_note":"","_exactmetrics_sitenote_category":0,"_monsterinsights_skip_tracking":false,"_monsterinsights_sitenote_active":false,"_monsterinsights_sitenote_note":"","_monsterinsights_sitenote_category":0},"pwb-brand":[],"product_brand":[615],"product_cat":[491,544,548,489,941],"product_tag":[746,836,701],"class_list":{"0":"post-8193","1":"product","2":"type-product","3":"status-publish","4":"has-post-thumbnail","6":"product_brand-kerastase-2","7":"product_cat-kerastase","8":"product_cat-kerastase-haarpflege","9":"product_cat-kerastase-shampoo","10":"product_cat-nutritive","11":"product_cat-1000ml","12":"product_tag-milde-haarwaesche","13":"product_tag-normales-haar","14":"product_tag-pflegeshampoo","15":"pa_inhalt-620","17":"first","18":"instock","19":"sold-individually","20":"taxable","21":"shipping-taxable","22":"purchasable","23":"product-type-simple"},"yoast_head":"<!-- This site is optimized with the Yoast SEO plugin v24.6 - https:\/\/yoast.com\/wordpress\/plugins\/seo\/ -->\n<title>NUTRITIVE BAIN SATIN1 (Shampoo) 1000 ml<\/title>\n<meta name=\"robots\" content=\"index, follow, max-snippet:-1, max-image-preview:large, max-video-preview:-1\" \/>\n<link rel=\"canonical\" href=\"https:\/\/www.friseur-hopmann.de\/?product=nutritive-bain-satin1-shampoo-1000-ml\" \/>\n<meta property=\"og:locale\" content=\"de_DE\" \/>\n<meta property=\"og:type\" content=\"article\" \/>\n<meta property=\"og:title\" content=\"NUTRITIVE BAIN SATIN1 (Shampoo) 1000 ml\" \/>\n<meta property=\"og:description\" content=\"HINWEIS: Bild zeigt Produkt mit 250 ml Inhalt Nutritive Bain Satin &quot;Au\u00dfergew\u00f6hnliches Pflege-Haarbad \u2013 Widerstand gegen Trockenheit f\u00fcr normales und leicht trockenes Haar.&quot;  Leichtes Pflege-Haarbad\" \/>\n<meta property=\"og:url\" content=\"https:\/\/www.friseur-hopmann.de\/?product=nutritive-bain-satin1-shampoo-1000-ml\" \/>\n<meta property=\"og:site_name\" content=\"Friseur Hopmann Hairstyling\" \/>\n<meta property=\"article:modified_time\" content=\"2026-04-17T07:16:21+00:00\" \/>\n<meta property=\"og:image\" content=\"http:\/\/www.friseur-hopmann.de\/wp-content\/uploads\/2005\/05\/Bain-satin-250ml-NEU.jpg\" \/>\n\t<meta property=\"og:image:width\" content=\"500\" \/>\n\t<meta property=\"og:image:height\" content=\"500\" \/>\n\t<meta property=\"og:image:type\" content=\"image\/jpeg\" \/>\n<meta name=\"twitter:card\" content=\"summary_large_image\" \/>\n<meta name=\"twitter:label1\" content=\"Gesch\u00e4tzte Lesezeit\" \/>\n\t<meta name=\"twitter:data1\" content=\"2\u00a0Minuten\" \/>\n<script type=\"application\/ld+json\" class=\"yoast-schema-graph\">{\"@context\":\"https:\/\/schema.org\",\"@graph\":[{\"@type\":\"WebPage\",\"@id\":\"https:\/\/www.friseur-hopmann.de\/?product=nutritive-bain-satin1-shampoo-1000-ml\",\"url\":\"https:\/\/www.friseur-hopmann.de\/?product=nutritive-bain-satin1-shampoo-1000-ml\",\"name\":\"NUTRITIVE BAIN SATIN1 (Shampoo) 1000 ml\",\"isPartOf\":{\"@id\":\"https:\/\/www.friseur-hopmann.de\/#website\"},\"primaryImageOfPage\":{\"@id\":\"https:\/\/www.friseur-hopmann.de\/?product=nutritive-bain-satin1-shampoo-1000-ml#primaryimage\"},\"image\":{\"@id\":\"https:\/\/www.friseur-hopmann.de\/?product=nutritive-bain-satin1-shampoo-1000-ml#primaryimage\"},\"thumbnailUrl\":\"https:\/\/www.friseur-hopmann.de\/wp-content\/uploads\/2005\/05\/Bain-satin-250ml-NEU.jpg\",\"datePublished\":\"2005-05-29T08:04:58+00:00\",\"dateModified\":\"2026-04-17T07:16:21+00:00\",\"breadcrumb\":{\"@id\":\"https:\/\/www.friseur-hopmann.de\/?product=nutritive-bain-satin1-shampoo-1000-ml#breadcrumb\"},\"inLanguage\":\"de\",\"potentialAction\":[{\"@type\":\"ReadAction\",\"target\":[\"https:\/\/www.friseur-hopmann.de\/?product=nutritive-bain-satin1-shampoo-1000-ml\"]}]},{\"@type\":\"ImageObject\",\"inLanguage\":\"de\",\"@id\":\"https:\/\/www.friseur-hopmann.de\/?product=nutritive-bain-satin1-shampoo-1000-ml#primaryimage\",\"url\":\"https:\/\/www.friseur-hopmann.de\/wp-content\/uploads\/2005\/05\/Bain-satin-250ml-NEU.jpg\",\"contentUrl\":\"https:\/\/www.friseur-hopmann.de\/wp-content\/uploads\/2005\/05\/Bain-satin-250ml-NEU.jpg\",\"width\":500,\"height\":500},{\"@type\":\"BreadcrumbList\",\"@id\":\"https:\/\/www.friseur-hopmann.de\/?product=nutritive-bain-satin1-shampoo-1000-ml#breadcrumb\",\"itemListElement\":[{\"@type\":\"ListItem\",\"position\":1,\"name\":\"Startseite\",\"item\":\"https:\/\/www.friseur-hopmann.de\/\"},{\"@type\":\"ListItem\",\"position\":2,\"name\":\"Produkte\",\"item\":\"https:\/\/www.friseur-hopmann.de\/?post_type=product\"},{\"@type\":\"ListItem\",\"position\":3,\"name\":\"K\u00c9RASTASE NUTRITIVE BAIN SATIN (Shampoo) 1000 ml\"}]},{\"@type\":\"WebSite\",\"@id\":\"https:\/\/www.friseur-hopmann.de\/#website\",\"url\":\"https:\/\/www.friseur-hopmann.de\/\",\"name\":\"Friseur Hopmann Hairstyling\",\"description\":\"Ihr Friseur in Nordhorn\",\"potentialAction\":[{\"@type\":\"SearchAction\",\"target\":{\"@type\":\"EntryPoint\",\"urlTemplate\":\"https:\/\/www.friseur-hopmann.de\/?s={search_term_string}\"},\"query-input\":{\"@type\":\"PropertyValueSpecification\",\"valueRequired\":true,\"valueName\":\"search_term_string\"}}],\"inLanguage\":\"de\"}]}<\/script>\n<!-- \/ Yoast SEO plugin. -->","yoast_head_json":{"title":"NUTRITIVE BAIN SATIN1 (Shampoo) 1000 ml","robots":{"index":"index","follow":"follow","max-snippet":"max-snippet:-1","max-image-preview":"max-image-preview:large","max-video-preview":"max-video-preview:-1"},"canonical":"https:\/\/www.friseur-hopmann.de\/?product=nutritive-bain-satin1-shampoo-1000-ml","og_locale":"de_DE","og_type":"article","og_title":"NUTRITIVE BAIN SATIN1 (Shampoo) 1000 ml","og_description":"HINWEIS: Bild zeigt Produkt mit 250 ml Inhalt Nutritive Bain Satin \"Au\u00dfergew\u00f6hnliches Pflege-Haarbad \u2013 Widerstand gegen Trockenheit f\u00fcr normales und leicht trockenes Haar.\"  Leichtes Pflege-Haarbad","og_url":"https:\/\/www.friseur-hopmann.de\/?product=nutritive-bain-satin1-shampoo-1000-ml","og_site_name":"Friseur Hopmann Hairstyling","article_modified_time":"2026-04-17T07:16:21+00:00","og_image":[{"width":500,"height":500,"url":"http:\/\/www.friseur-hopmann.de\/wp-content\/uploads\/2005\/05\/Bain-satin-250ml-NEU.jpg","type":"image\/jpeg"}],"twitter_card":"summary_large_image","twitter_misc":{"Gesch\u00e4tzte Lesezeit":"2\u00a0Minuten"},"schema":{"@context":"https:\/\/schema.org","@graph":[{"@type":"WebPage","@id":"https:\/\/www.friseur-hopmann.de\/?product=nutritive-bain-satin1-shampoo-1000-ml","url":"https:\/\/www.friseur-hopmann.de\/?product=nutritive-bain-satin1-shampoo-1000-ml","name":"NUTRITIVE BAIN SATIN1 (Shampoo) 1000 ml","isPartOf":{"@id":"https:\/\/www.friseur-hopmann.de\/#website"},"primaryImageOfPage":{"@id":"https:\/\/www.friseur-hopmann.de\/?product=nutritive-bain-satin1-shampoo-1000-ml#primaryimage"},"image":{"@id":"https:\/\/www.friseur-hopmann.de\/?product=nutritive-bain-satin1-shampoo-1000-ml#primaryimage"},"thumbnailUrl":"https:\/\/www.friseur-hopmann.de\/wp-content\/uploads\/2005\/05\/Bain-satin-250ml-NEU.jpg","datePublished":"2005-05-29T08:04:58+00:00","dateModified":"2026-04-17T07:16:21+00:00","breadcrumb":{"@id":"https:\/\/www.friseur-hopmann.de\/?product=nutritive-bain-satin1-shampoo-1000-ml#breadcrumb"},"inLanguage":"de","potentialAction":[{"@type":"ReadAction","target":["https:\/\/www.friseur-hopmann.de\/?product=nutritive-bain-satin1-shampoo-1000-ml"]}]},{"@type":"ImageObject","inLanguage":"de","@id":"https:\/\/www.friseur-hopmann.de\/?product=nutritive-bain-satin1-shampoo-1000-ml#primaryimage","url":"https:\/\/www.friseur-hopmann.de\/wp-content\/uploads\/2005\/05\/Bain-satin-250ml-NEU.jpg","contentUrl":"https:\/\/www.friseur-hopmann.de\/wp-content\/uploads\/2005\/05\/Bain-satin-250ml-NEU.jpg","width":500,"height":500},{"@type":"BreadcrumbList","@id":"https:\/\/www.friseur-hopmann.de\/?product=nutritive-bain-satin1-shampoo-1000-ml#breadcrumb","itemListElement":[{"@type":"ListItem","position":1,"name":"Startseite","item":"https:\/\/www.friseur-hopmann.de\/"},{"@type":"ListItem","position":2,"name":"Produkte","item":"https:\/\/www.friseur-hopmann.de\/?post_type=product"},{"@type":"ListItem","position":3,"name":"K\u00c9RASTASE NUTRITIVE BAIN SATIN (Shampoo) 1000 ml"}]},{"@type":"WebSite","@id":"https:\/\/www.friseur-hopmann.de\/#website","url":"https:\/\/www.friseur-hopmann.de\/","name":"Friseur Hopmann Hairstyling","description":"Ihr Friseur in Nordhorn","potentialAction":[{"@type":"SearchAction","target":{"@type":"EntryPoint","urlTemplate":"https:\/\/www.friseur-hopmann.de\/?s={search_term_string}"},"query-input":{"@type":"PropertyValueSpecification","valueRequired":true,"valueName":"search_term_string"}}],"inLanguage":"de"}]}},"brands":[],"_links":{"self":[{"href":"https:\/\/www.friseur-hopmann.de\/index.php?rest_route=\/wp\/v2\/product\/8193","targetHints":{"allow":["GET"]}}],"collection":[{"href":"https:\/\/www.friseur-hopmann.de\/index.php?rest_route=\/wp\/v2\/product"}],"about":[{"href":"https:\/\/www.friseur-hopmann.de\/index.php?rest_route=\/wp\/v2\/types\/product"}],"replies":[{"embeddable":true,"href":"https:\/\/www.friseur-hopmann.de\/index.php?rest_route=%2Fwp%2Fv2%2Fcomments&post=8193"}],"wp:featuredmedia":[{"embeddable":true,"href":"https:\/\/www.friseur-hopmann.de\/index.php?rest_route=\/wp\/v2\/media\/21865"}],"wp:attachment":[{"href":"https:\/\/www.friseur-hopmann.de\/index.php?rest_route=%2Fwp%2Fv2%2Fmedia&parent=8193"}],"wp:term":[{"taxonomy":"pwb-brand","embeddable":true,"href":"https:\/\/www.friseur-hopmann.de\/index.php?rest_route=%2Fwp%2Fv2%2Fpwb-brand&post=8193"},{"taxonomy":"product_brand","embeddable":true,"href":"https:\/\/www.friseur-hopmann.de\/index.php?rest_route=%2Fwp%2Fv2%2Fproduct_brand&post=8193"},{"taxonomy":"product_cat","embeddable":true,"href":"https:\/\/www.friseur-hopmann.de\/index.php?rest_route=%2Fwp%2Fv2%2Fproduct_cat&post=8193"},{"taxonomy":"product_tag","embeddable":true,"href":"https:\/\/www.friseur-hopmann.de\/index.php?rest_route=%2Fwp%2Fv2%2Fproduct_tag&post=8193"}],"curies":[{"name":"wp","href":"https:\/\/api.w.org\/{rel}","templated":true}]}}