{"id":25602,"date":"2026-01-21T15:55:49","date_gmt":"2026-01-21T13:55:49","guid":{"rendered":"https:\/\/www.friseur-hopmann.de\/?post_type=product&#038;p=25602"},"modified":"2026-01-21T16:23:34","modified_gmt":"2026-01-21T14:23:34","slug":"kerastase-gloss-absolu-bain-creme-glaze-shampoo-500-ml","status":"publish","type":"product","link":"https:\/\/www.friseur-hopmann.de\/?product=kerastase-gloss-absolu-bain-creme-glaze-shampoo-500-ml","title":{"rendered":"KERASTASE Gloss Absolu Bain Creme-Glaze (Shampoo) 500 ml"},"content":{"rendered":"<div data-role=\"collapsible\">\n<div class=\"c-accordion__title\" data-action=\"accordionToggle\">\n<div class=\"c-accordion__titlecontainer\">\n<p>Beschreibung<\/p>\n<div class=\"c-accordion__titlearrow\"><\/div>\n<\/div>\n<\/div>\n<div class=\"c-accordion__content\">\n<div class=\"c-producttab__content\" data-ui=\"tabContent\" data-target=\"tab-description\">\n<div class=\"c-producttab__contentinner\">\n<p>Das<strong>\u00a0Bain Cr\u00e8me Hydra-Glaze<\/strong>\u00a0ist ein sulfatfreies, ultra-glanzschenkendes, cremiges Shampoo f\u00fcr dickes und frizz-anf\u00e4lliges Haar.<\/p>\n<p>Es ist mit\u00a0<strong>Hyalurons\u00e4ure<\/strong>,\u00a0<strong>Glykols\u00e4ure\u00a0<\/strong>und\u00a0<strong>Wildrosen\u00f6l\u00a0<\/strong>formuliert, um das Haar tiefenwirksam zu pflegen und ihm traumhaften, schwungvollen Glanz zu verleihen, mit bis zu 4 Tagen Anti-Frizz und gl\u00e4nzendem Haar.<\/p>\n<\/div>\n<\/div>\n<\/div>\n<\/div>\n<div data-role=\"collapsible\"><strong><span style=\"font-size: 14.4px;\">Anwendung:<\/span><\/strong><\/div>\n<div data-role=\"collapsible\"><span style=\"color: #555555; font-size: 14.4px;\">Beginne mit der Anwendung von Bain Creme-Glaze. Feuchte dein Haar gr\u00fcndlich an und trage dann eine kleine Menge (ca. 5 ml) direkt auf die<\/span><\/div>\n<div data-role=\"collapsible\"><span style=\"color: #555555; font-size: 14.4px;\"> Kopfhaut auf. Aufsch\u00e4umen, einmassieren und aussp\u00fclen. Bei Bedarf wiederholen.<\/span><\/div>\n<div id=\"additional\" class=\"data item content \" aria-labelledby=\"tab-label-additional-title\" data-role=\"content\">\n<div class=\"additional-attributes-wrapper table-wrapper\">\n<div class=\"product-col-1 l-pdp__image\">\n<div class=\"l-pdp__leftContent c-productslider__no-thumbnails\">\n<div class=\"c-product__generalinfos\">\n<div class=\"c-accordion\" data-component=\"accordion\" data-collapse=\"single\" data-pid=\"DE3474637314279\" data-pname=\"Gloss Absolu Bain Cr\u00e8me Hydra Glaze\">\n<div class=\"c-accordion__item c-accordion__item--active\" data-ui=\"accordionContent\">\n<div class=\"c-accordion__content\">\n<div class=\"c-producttab__content\" data-ui=\"tabContent\" data-target=\"tab-description\">\n<div><\/div>\n<div><strong>Inhatstoffe:<\/strong><\/div>\n<div class=\"c-producttab__contentinner\">AQUA \/ WASSER \/ EAU \u2022 NATRIUM C14-16 OLEFINSULFONAT \u2022 COCAMID MEA \u2022 GLYCERIN \u2022 COCAMIDOPROPYLBETAIN \u2022 NATRIUMCHLORID \u2022 GLYKOLDISTEARAT \u2022 NATRIUMLAUROYLSARCOSINAT \u2022 TRIETHYLCITRAT \u2022 PARFUM \/ DUFTSTOFF \u2022 ZITRONENS\u00c4URE \u2022 NATRIUMHYDROXID \u2022 NATRIUMBENZOAT \u2022 CARVON \u2022 COCO-BETAIN \u2022 LIMONEN \u2022 HYDROXYPROPYLGUAR HYDROXYPROPYLTRIMONIUMCHLORID \u2022 CARBOMER \u2022 SALICYLS\u00c4URE \u2022 BENZOES\u00c4URE \u2022 ZITRONENSCHALEN\u00d6L \u2022 GLYKOLS\u00c4URE \u2022 NATRIUMHYALURONAT \u2022 CAPRYLIC\/CAPRIC TRIGLYCERID \u2022 POLYQUATERNIUM-7 \u2022 CITRUS-BITTERORANGENSCHALEN\u00d6L \u2022 LINALYLACETAT \u2022 LINALOOL \u2022 TETRAMETHYLACETYLOCTAHYDRONAPHTHALENE \u2022 PINEN \u2022 CITRONELLOL \u2022 HEXYLZIMTALDEHYD \u2022 ALPHA-ISOMETHYLIONON \u2022 ROSA CANINA-BL\u00dcTENEXTRAKT<\/div>\n<\/div>\n<\/div>\n<div><\/div>\n<div><strong>Inhalt: 500 ml<\/strong><\/div>\n<\/div>\n<\/div>\n<\/div>\n<\/div>\n<\/div>\n<div class=\"product-col-2 l-pdp__detail\">\n<div class=\"l-pdp__righttContent\">\n<div id=\"product-content\" class=\"l-pdp__content--small\">\n<div class=\"l-pdp__content--medium\"><\/div>\n<\/div>\n<div class=\"l-pdp__reco pdp-recommendation-content\">\n<div class=\"c-section\">\n<div id=\"cq_recomm_slot-93a55fd5b3fb3883e526269649\">\n<div class=\"c-section__content\">\n<div class=\"c-section__content--nopad\">\n<div class=\"c-carousel swiper swiper-initialized swiper-horizontal swiper-backface-hidden\" data-component=\"carousel\" data-slidesperview=\"2\">\n<div id=\"swiper-wrapper-10d89c14f68abb93f\" class=\"c-carousel__items swiper-wrapper l-tiles l-tiles--grid l-tiles--crossselling\" aria-live=\"polite\">\n<div class=\"c-carousel__item swiper-slide l-tiles__tile swiper-slide-next\" role=\"group\" aria-label=\"2 \/ 9\">\n<div id=\"21a2e7d0174e28378f80c5f1be\" class=\"c-product c-product--tile js-producttile c-product--guest\" data-ui=\"tileRegular\" data-component=\"productTile\" data-itemid=\"DE3474637303358\" data-tileproduct=\"{&quot;id&quot;:&quot;DE3474637303358&quot;,&quot;name&quot;:&quot;Gloss Absolu Masque Cr\u00e8me Hydra Glaze&quot;,&quot;brand&quot;:&quot;Kerastase&quot;,&quot;category&quot;:&quot;Gloss Absolu&quot;,&quot;brandCategory&quot;:&quot;1P&quot;,&quot;variant&quot;:&quot;&quot;,&quot;pos&quot;:&quot;No&quot;,&quot;dimension35&quot;:&quot;500ml&quot;,&quot;dimension36&quot;:&quot;&quot;,&quot;dimension37&quot;:&quot;&quot;,&quot;dimension38&quot;:&quot;&quot;,&quot;dimension40&quot;:&quot;&quot;,&quot;dimension48&quot;:&quot;&quot;,&quot;dimension49&quot;:&quot;no&quot;}\">\n<div class=\"c-product__image\"><\/div>\n<div class=\"c-product__grid-item-ordered\"><\/div>\n<div class=\"c-product__header\">\n<div class=\"c-product__flagwrapper\"><\/div>\n<\/div>\n<\/div>\n<\/div>\n<div class=\"c-carousel__item swiper-slide l-tiles__tile\" role=\"group\" aria-label=\"9 \/ 9\">\n<div id=\"0c32ec5665dcab643efc407232\" class=\"c-product c-product--tile js-producttile c-product--guest\" data-ui=\"tileRegular\" data-component=\"productTile\" data-itemid=\"DE3474637303365\" data-tileproduct=\"{&quot;id&quot;:&quot;DE3474637303365&quot;,&quot;name&quot;:&quot;Gloss Absolu Masque Cr\u00e8me Hydra Glaze&quot;,&quot;brand&quot;:&quot;Kerastase&quot;,&quot;category&quot;:&quot;Gloss Absolu&quot;,&quot;brandCategory&quot;:&quot;1P&quot;,&quot;variant&quot;:&quot;&quot;,&quot;pos&quot;:&quot;No&quot;,&quot;dimension35&quot;:&quot;200ml&quot;,&quot;dimension36&quot;:&quot;&quot;,&quot;dimension37&quot;:&quot;&quot;,&quot;dimension38&quot;:&quot;&quot;,&quot;dimension40&quot;:&quot;&quot;,&quot;dimension48&quot;:&quot;&quot;,&quot;dimension49&quot;:&quot;no&quot;}\">\n<div class=\"c-product__grid-item-ordered\"><\/div>\n<div class=\"c-product__header\">\n<div class=\"c-product__flagwrapper\"><\/div>\n<\/div>\n<div class=\"c-product__addtocart\">\n<div class=\"c-product__incart u-hidden-visually\" data-component=\"productInCartMarker_DE3474637303365\"><\/div>\n<\/div>\n<\/div>\n<\/div>\n<\/div>\n<div class=\"c-carousel__button c-carousel__button--next\" tabindex=\"0\" role=\"button\" data-ui=\"carouselNext\" aria-label=\"Next slide\" aria-controls=\"swiper-wrapper-10d89c14f68abb93f\" aria-disabled=\"false\"><img decoding=\"async\" class=\"c-icon--chevron-right\" src=\"https:\/\/de.lorealpartnershop.com\/on\/demandware.static\/Sites-becom-de-Site\/-\/default\/dw6aef6f27\/images\/icons\/chevron-right.svg\" alt=\"chevron-right\" \/><\/div>\n<div class=\"c-carousel__pagination swiper-pagination-clickable swiper-pagination-bullets swiper-pagination-horizontal\" data-ui=\"carouselPagination\"><\/div>\n<\/div>\n<\/div>\n<\/div>\n<\/div>\n<\/div>\n<\/div>\n<\/div>\n<\/div>\n<\/div>\n<\/div>\n","protected":false},"excerpt":{"rendered":"<h1 class=\"c-product__name\">Gloss Absolu Bain Cr\u00e8me Hydra Glaze<\/h1>\n<p><span style=\"color: #555555; font-size: 14.4px;\">Ultra-glanzschenkendes cremiges Shampoo f\u00fcr dickes, frizz-anf\u00e4lliges Haar in einer nachf\u00fcllbaren Flasche.\u00a0<\/span><\/p>\n","protected":false},"featured_media":25603,"comment_status":"closed","ping_status":"closed","template":"","meta":{"_exactmetrics_skip_tracking":false,"_exactmetrics_sitenote_active":false,"_exactmetrics_sitenote_note":"","_exactmetrics_sitenote_category":0,"_monsterinsights_skip_tracking":false,"_monsterinsights_sitenote_active":false,"_monsterinsights_sitenote_note":"","_monsterinsights_sitenote_category":0},"pwb-brand":[],"product_brand":[615],"product_cat":[491,548,1002],"product_tag":[915,810,701],"class_list":{"0":"post-25602","1":"product","2":"type-product","3":"status-publish","4":"has-post-thumbnail","6":"product_brand-kerastase-2","7":"product_cat-kerastase","8":"product_cat-kerastase-shampoo","9":"product_cat-gloss-absolu","10":"product_tag-anti-frizz","11":"product_tag-gibt-glanz","12":"product_tag-pflegeshampoo","14":"first","15":"instock","16":"taxable","17":"shipping-taxable","18":"purchasable","19":"product-type-simple"},"yoast_head":"<!-- This site is optimized with the Yoast SEO plugin v24.6 - https:\/\/yoast.com\/wordpress\/plugins\/seo\/ -->\n<title>KERASTASE Gloss Absolu Bain Creme-Glaze (Shampoo) 500 ml - Friseur Hopmann Hairstyling<\/title>\n<meta name=\"robots\" content=\"index, follow, max-snippet:-1, max-image-preview:large, max-video-preview:-1\" \/>\n<link rel=\"canonical\" href=\"https:\/\/www.friseur-hopmann.de\/?product=kerastase-gloss-absolu-bain-creme-glaze-shampoo-500-ml\" \/>\n<meta property=\"og:locale\" content=\"de_DE\" \/>\n<meta property=\"og:type\" content=\"article\" \/>\n<meta property=\"og:title\" content=\"KERASTASE Gloss Absolu Bain Creme-Glaze (Shampoo) 500 ml - Friseur Hopmann Hairstyling\" \/>\n<meta property=\"og:description\" content=\"Gloss Absolu Bain Cr\u00e8me Hydra Glaze Ultra-glanzschenkendes cremiges Shampoo f\u00fcr dickes, frizz-anf\u00e4lliges Haar in einer nachf\u00fcllbaren Flasche.\u00a0\" \/>\n<meta property=\"og:url\" content=\"https:\/\/www.friseur-hopmann.de\/?product=kerastase-gloss-absolu-bain-creme-glaze-shampoo-500-ml\" \/>\n<meta property=\"og:site_name\" content=\"Friseur Hopmann Hairstyling\" \/>\n<meta property=\"article:modified_time\" content=\"2026-01-21T14:23:34+00:00\" \/>\n<meta property=\"og:image\" content=\"http:\/\/www.friseur-hopmann.de\/wp-content\/uploads\/2026\/01\/Bain-Gloss-Absolu-Creme-500-ml.jpg\" \/>\n\t<meta property=\"og:image:width\" content=\"500\" \/>\n\t<meta property=\"og:image:height\" content=\"500\" \/>\n\t<meta property=\"og:image:type\" content=\"image\/jpeg\" \/>\n<meta name=\"twitter:card\" content=\"summary_large_image\" \/>\n<meta name=\"twitter:label1\" content=\"Gesch\u00e4tzte Lesezeit\" \/>\n\t<meta name=\"twitter:data1\" content=\"2\u00a0Minuten\" \/>\n<script type=\"application\/ld+json\" class=\"yoast-schema-graph\">{\"@context\":\"https:\/\/schema.org\",\"@graph\":[{\"@type\":\"WebPage\",\"@id\":\"https:\/\/www.friseur-hopmann.de\/?product=kerastase-gloss-absolu-bain-creme-glaze-shampoo-500-ml\",\"url\":\"https:\/\/www.friseur-hopmann.de\/?product=kerastase-gloss-absolu-bain-creme-glaze-shampoo-500-ml\",\"name\":\"KERASTASE Gloss Absolu Bain Creme-Glaze (Shampoo) 500 ml - Friseur Hopmann Hairstyling\",\"isPartOf\":{\"@id\":\"https:\/\/www.friseur-hopmann.de\/#website\"},\"primaryImageOfPage\":{\"@id\":\"https:\/\/www.friseur-hopmann.de\/?product=kerastase-gloss-absolu-bain-creme-glaze-shampoo-500-ml#primaryimage\"},\"image\":{\"@id\":\"https:\/\/www.friseur-hopmann.de\/?product=kerastase-gloss-absolu-bain-creme-glaze-shampoo-500-ml#primaryimage\"},\"thumbnailUrl\":\"https:\/\/www.friseur-hopmann.de\/wp-content\/uploads\/2026\/01\/Bain-Gloss-Absolu-Creme-500-ml.jpg\",\"datePublished\":\"2026-01-21T13:55:49+00:00\",\"dateModified\":\"2026-01-21T14:23:34+00:00\",\"breadcrumb\":{\"@id\":\"https:\/\/www.friseur-hopmann.de\/?product=kerastase-gloss-absolu-bain-creme-glaze-shampoo-500-ml#breadcrumb\"},\"inLanguage\":\"de\",\"potentialAction\":[{\"@type\":\"ReadAction\",\"target\":[\"https:\/\/www.friseur-hopmann.de\/?product=kerastase-gloss-absolu-bain-creme-glaze-shampoo-500-ml\"]}]},{\"@type\":\"ImageObject\",\"inLanguage\":\"de\",\"@id\":\"https:\/\/www.friseur-hopmann.de\/?product=kerastase-gloss-absolu-bain-creme-glaze-shampoo-500-ml#primaryimage\",\"url\":\"https:\/\/www.friseur-hopmann.de\/wp-content\/uploads\/2026\/01\/Bain-Gloss-Absolu-Creme-500-ml.jpg\",\"contentUrl\":\"https:\/\/www.friseur-hopmann.de\/wp-content\/uploads\/2026\/01\/Bain-Gloss-Absolu-Creme-500-ml.jpg\",\"width\":500,\"height\":500},{\"@type\":\"BreadcrumbList\",\"@id\":\"https:\/\/www.friseur-hopmann.de\/?product=kerastase-gloss-absolu-bain-creme-glaze-shampoo-500-ml#breadcrumb\",\"itemListElement\":[{\"@type\":\"ListItem\",\"position\":1,\"name\":\"Startseite\",\"item\":\"https:\/\/www.friseur-hopmann.de\/\"},{\"@type\":\"ListItem\",\"position\":2,\"name\":\"Produkte\",\"item\":\"https:\/\/www.friseur-hopmann.de\/?post_type=product\"},{\"@type\":\"ListItem\",\"position\":3,\"name\":\"KERASTASE Gloss Absolu Bain Creme-Glaze (Shampoo) 500 ml\"}]},{\"@type\":\"WebSite\",\"@id\":\"https:\/\/www.friseur-hopmann.de\/#website\",\"url\":\"https:\/\/www.friseur-hopmann.de\/\",\"name\":\"Friseur Hopmann Hairstyling\",\"description\":\"Ihr Friseur in Nordhorn\",\"potentialAction\":[{\"@type\":\"SearchAction\",\"target\":{\"@type\":\"EntryPoint\",\"urlTemplate\":\"https:\/\/www.friseur-hopmann.de\/?s={search_term_string}\"},\"query-input\":{\"@type\":\"PropertyValueSpecification\",\"valueRequired\":true,\"valueName\":\"search_term_string\"}}],\"inLanguage\":\"de\"}]}<\/script>\n<!-- \/ Yoast SEO plugin. -->","yoast_head_json":{"title":"KERASTASE Gloss Absolu Bain Creme-Glaze (Shampoo) 500 ml - Friseur Hopmann Hairstyling","robots":{"index":"index","follow":"follow","max-snippet":"max-snippet:-1","max-image-preview":"max-image-preview:large","max-video-preview":"max-video-preview:-1"},"canonical":"https:\/\/www.friseur-hopmann.de\/?product=kerastase-gloss-absolu-bain-creme-glaze-shampoo-500-ml","og_locale":"de_DE","og_type":"article","og_title":"KERASTASE Gloss Absolu Bain Creme-Glaze (Shampoo) 500 ml - Friseur Hopmann Hairstyling","og_description":"Gloss Absolu Bain Cr\u00e8me Hydra Glaze Ultra-glanzschenkendes cremiges Shampoo f\u00fcr dickes, frizz-anf\u00e4lliges Haar in einer nachf\u00fcllbaren Flasche.\u00a0","og_url":"https:\/\/www.friseur-hopmann.de\/?product=kerastase-gloss-absolu-bain-creme-glaze-shampoo-500-ml","og_site_name":"Friseur Hopmann Hairstyling","article_modified_time":"2026-01-21T14:23:34+00:00","og_image":[{"width":500,"height":500,"url":"http:\/\/www.friseur-hopmann.de\/wp-content\/uploads\/2026\/01\/Bain-Gloss-Absolu-Creme-500-ml.jpg","type":"image\/jpeg"}],"twitter_card":"summary_large_image","twitter_misc":{"Gesch\u00e4tzte Lesezeit":"2\u00a0Minuten"},"schema":{"@context":"https:\/\/schema.org","@graph":[{"@type":"WebPage","@id":"https:\/\/www.friseur-hopmann.de\/?product=kerastase-gloss-absolu-bain-creme-glaze-shampoo-500-ml","url":"https:\/\/www.friseur-hopmann.de\/?product=kerastase-gloss-absolu-bain-creme-glaze-shampoo-500-ml","name":"KERASTASE Gloss Absolu Bain Creme-Glaze (Shampoo) 500 ml - Friseur Hopmann Hairstyling","isPartOf":{"@id":"https:\/\/www.friseur-hopmann.de\/#website"},"primaryImageOfPage":{"@id":"https:\/\/www.friseur-hopmann.de\/?product=kerastase-gloss-absolu-bain-creme-glaze-shampoo-500-ml#primaryimage"},"image":{"@id":"https:\/\/www.friseur-hopmann.de\/?product=kerastase-gloss-absolu-bain-creme-glaze-shampoo-500-ml#primaryimage"},"thumbnailUrl":"https:\/\/www.friseur-hopmann.de\/wp-content\/uploads\/2026\/01\/Bain-Gloss-Absolu-Creme-500-ml.jpg","datePublished":"2026-01-21T13:55:49+00:00","dateModified":"2026-01-21T14:23:34+00:00","breadcrumb":{"@id":"https:\/\/www.friseur-hopmann.de\/?product=kerastase-gloss-absolu-bain-creme-glaze-shampoo-500-ml#breadcrumb"},"inLanguage":"de","potentialAction":[{"@type":"ReadAction","target":["https:\/\/www.friseur-hopmann.de\/?product=kerastase-gloss-absolu-bain-creme-glaze-shampoo-500-ml"]}]},{"@type":"ImageObject","inLanguage":"de","@id":"https:\/\/www.friseur-hopmann.de\/?product=kerastase-gloss-absolu-bain-creme-glaze-shampoo-500-ml#primaryimage","url":"https:\/\/www.friseur-hopmann.de\/wp-content\/uploads\/2026\/01\/Bain-Gloss-Absolu-Creme-500-ml.jpg","contentUrl":"https:\/\/www.friseur-hopmann.de\/wp-content\/uploads\/2026\/01\/Bain-Gloss-Absolu-Creme-500-ml.jpg","width":500,"height":500},{"@type":"BreadcrumbList","@id":"https:\/\/www.friseur-hopmann.de\/?product=kerastase-gloss-absolu-bain-creme-glaze-shampoo-500-ml#breadcrumb","itemListElement":[{"@type":"ListItem","position":1,"name":"Startseite","item":"https:\/\/www.friseur-hopmann.de\/"},{"@type":"ListItem","position":2,"name":"Produkte","item":"https:\/\/www.friseur-hopmann.de\/?post_type=product"},{"@type":"ListItem","position":3,"name":"KERASTASE Gloss Absolu Bain Creme-Glaze (Shampoo) 500 ml"}]},{"@type":"WebSite","@id":"https:\/\/www.friseur-hopmann.de\/#website","url":"https:\/\/www.friseur-hopmann.de\/","name":"Friseur Hopmann Hairstyling","description":"Ihr Friseur in Nordhorn","potentialAction":[{"@type":"SearchAction","target":{"@type":"EntryPoint","urlTemplate":"https:\/\/www.friseur-hopmann.de\/?s={search_term_string}"},"query-input":{"@type":"PropertyValueSpecification","valueRequired":true,"valueName":"search_term_string"}}],"inLanguage":"de"}]}},"brands":[],"_links":{"self":[{"href":"https:\/\/www.friseur-hopmann.de\/index.php?rest_route=\/wp\/v2\/product\/25602","targetHints":{"allow":["GET"]}}],"collection":[{"href":"https:\/\/www.friseur-hopmann.de\/index.php?rest_route=\/wp\/v2\/product"}],"about":[{"href":"https:\/\/www.friseur-hopmann.de\/index.php?rest_route=\/wp\/v2\/types\/product"}],"replies":[{"embeddable":true,"href":"https:\/\/www.friseur-hopmann.de\/index.php?rest_route=%2Fwp%2Fv2%2Fcomments&post=25602"}],"wp:featuredmedia":[{"embeddable":true,"href":"https:\/\/www.friseur-hopmann.de\/index.php?rest_route=\/wp\/v2\/media\/25603"}],"wp:attachment":[{"href":"https:\/\/www.friseur-hopmann.de\/index.php?rest_route=%2Fwp%2Fv2%2Fmedia&parent=25602"}],"wp:term":[{"taxonomy":"pwb-brand","embeddable":true,"href":"https:\/\/www.friseur-hopmann.de\/index.php?rest_route=%2Fwp%2Fv2%2Fpwb-brand&post=25602"},{"taxonomy":"product_brand","embeddable":true,"href":"https:\/\/www.friseur-hopmann.de\/index.php?rest_route=%2Fwp%2Fv2%2Fproduct_brand&post=25602"},{"taxonomy":"product_cat","embeddable":true,"href":"https:\/\/www.friseur-hopmann.de\/index.php?rest_route=%2Fwp%2Fv2%2Fproduct_cat&post=25602"},{"taxonomy":"product_tag","embeddable":true,"href":"https:\/\/www.friseur-hopmann.de\/index.php?rest_route=%2Fwp%2Fv2%2Fproduct_tag&post=25602"}],"curies":[{"name":"wp","href":"https:\/\/api.w.org\/{rel}","templated":true}]}}