{"id":25412,"date":"2025-09-26T15:09:24","date_gmt":"2025-09-26T13:09:24","guid":{"rendered":"https:\/\/www.friseur-hopmann.de\/?post_type=product&#038;p=25412"},"modified":"2025-12-13T19:27:32","modified_gmt":"2025-12-13T17:27:32","slug":"kerastase-bain-lumiere-blond-absolu-refill-set-mit-je-500-ml-inhalt","status":"publish","type":"product","link":"https:\/\/www.friseur-hopmann.de\/?product=kerastase-bain-lumiere-blond-absolu-refill-set-mit-je-500-ml-inhalt","title":{"rendered":"KERASTASE BAIN LUMIERE BLOND ABSOLU Refill Set 500 ml &#038; Nachf\u00fcllpack 500 ml"},"content":{"rendered":"<div class=\"product-name\"><strong>Bain Lumi\u00e8re<\/strong><\/div>\n<div class=\"collection-name\"><strong>Blond Absolu<\/strong><\/div>\n<div><\/div>\n<div><strong>Produktbeschreibung:<\/strong><\/div>\n<p class=\"product-description-text\">Bain Lumi\u00e8re ist ein feuchtigkeitsspendendes Haarbad zur sanften Reinigung der Haare. Es befreit das Haar von Verschmutzungen und freien Radikalen, verleiht intensiven Glanz und Geschmeidigkeit und sorgt f\u00fcr ein dauerhaft seidiges Haargef\u00fchl. Die beiden Hauptinhaltsstoffe Hyalurons\u00e4ure und Edelwei\u00df sorgen f\u00fcr eine hohe Konzentration an Antioxidantien, welche die Haarfaser sch\u00fctzen und intensiv mit Feuchtigkeit versorgen. Das Haar erh\u00e4lt einen nat\u00fcrlichen Glanz und ist bis in die Spitzen mit Feuchtigkeit versorgt.<\/p>\n<p><strong>Inhaltsstoffe:<\/strong><\/p>\n<p>Eine einzigartige Kombination von Hyalurons\u00e4ure und Edelwei\u00df:<br \/>\n<strong>Hyalurons\u00e4ure<\/strong> repariert strukturgesch\u00e4digtes Haar von Innen und sorgt f\u00fcr eine intensive, mit Feuchtigkeit versorgte Haarfaser. Gleichzeitig st\u00e4rkt sie das Haar und sch\u00fctzt es vor weiteren Sch\u00e4den.<br \/>\n<strong>Edelwei\u00df<\/strong>\u00a0ist reich an Antioxidantien, die das Haar zus\u00e4tzlich vor t\u00e4glichen Sch\u00e4den sch\u00fctzen. Sensibilisierte Haarfasern werden beruhigt und gegl\u00e4ttet. F\u00fcr ein geschmeidiges Haargef\u00fchl.<\/p>\n<p><strong>Anwendung:<\/strong><\/p>\n<p>Auf das nasse Haar auftragen, emulgieren und massieren. Gr\u00fcndlich aussp\u00fclen.<\/p>\n<p><strong>Inhalt:<\/strong> 5<strong>00 ml<\/strong><\/p>\n","protected":false},"excerpt":{"rendered":"<p><strong>Das<\/strong>\u00a0<strong>K\u00e9rastase Blond Absolu Bain Lumi\u00e9re RefillSet besteht aus dem K\u00e9rastase Blond Absolu Bain Lumi\u00e9re<\/strong>\u00a0<strong>500ml und dem<\/strong>\u00a0 <strong>K\u00e9rastase Blond Absolu Bain Lumi\u00e9re Refill Pouch 500 ml Nachf\u00fcllpack<\/strong>.<\/p>\n<p><em>Optimal geeignet f\u00fcr die 500 ml-Pumpflasche<\/em>.t.<\/p>\n<p><strong>Das<\/strong>\u00a0<strong>K\u00e9rastase Blond Absolu Bain Lumi\u00e9re\u00a0 <\/strong>ist ein feuchtigkeitsspendendes Haarbad zur sanften Reinigung der Haare. Es befreit das Haar von Verschmutzungen und freien Radikalen, verleiht intensiven Glanz und Geschmeidigkeit und sorgt f\u00fcr ein dauerhaft seidiges Haargef\u00fchl.<\/p>\n<div class=\"se-field se-switch field flex se-field--fluid\">\n<div class=\"se-field__label-container\">\n<div class=\"se-field__label-section fixed-width\">\n<p><strong><label class=\"field__label\" for=\"s0-0-0-24-8-REGULATORY_COMPLIANCE-0-34-6[3]-1-se-switch\">I<em>nformationen zur Produktsicherheit (GPSR-Richtlinien)<\/em><\/label><\/strong><\/p>\n<p><em>Enth\u00e4lt Inhaltsstoffe, die Allergien ausl\u00f6sen k\u00f6nnen.<\/em><\/p>\n<p><em>Bei Kontakt mit den Augen, diese gr\u00fcndlich aussp\u00fclen.<\/em><\/p>\n<p>Verantwortlicher Hersteller: L<em>oreal Professionnel,\u00a0 14, rue Royale 75008 Paris\u00b4<\/em><\/p>\n<\/div>\n<\/div>\n<\/div>\n<div class=\"summary__hazmat-gridview-section\">\n<div class=\"summary__regulatory--section hazmat-statements\">\n<div class=\"se-field se-expand-button se-filter-menu-button field se-field--fluid\">\n<div class=\"se-field--fluid\">\n<div><em>fragen@loreal-group. com<\/em><\/div>\n<\/div>\n<\/div>\n<\/div>\n<\/div>\n","protected":false},"featured_media":25452,"comment_status":"closed","ping_status":"closed","template":"","meta":{"_exactmetrics_skip_tracking":false,"_exactmetrics_sitenote_active":false,"_exactmetrics_sitenote_note":"","_exactmetrics_sitenote_category":0,"_monsterinsights_skip_tracking":false,"_monsterinsights_sitenote_active":false,"_monsterinsights_sitenote_note":"","_monsterinsights_sitenote_category":0},"pwb-brand":[],"product_brand":[615],"product_cat":[491,544,548,927,685,1000,973],"product_tag":[757,719,720],"class_list":{"0":"post-25412","1":"product","2":"type-product","3":"status-publish","4":"has-post-thumbnail","6":"product_brand-kerastase-2","7":"product_cat-kerastase","8":"product_cat-kerastase-haarpflege","9":"product_cat-kerastase-shampoo","10":"product_cat-500ml","11":"product_cat-blond-absolu","12":"product_cat-kerastase-nachfuellpack-500ml","13":"product_cat-sondergroesse-500ml","14":"product_tag-bes-bei-gestraehntes-blondiertes-haar","15":"product_tag-farbpflegeshampoo","16":"product_tag-fuer-blondes-haar","18":"first","19":"instock","20":"sale","21":"taxable","22":"shipping-taxable","23":"purchasable","24":"product-type-woosb"},"yoast_head":"<!-- This site is optimized with the Yoast SEO plugin v24.6 - https:\/\/yoast.com\/wordpress\/plugins\/seo\/ -->\n<title>KERASTASE BAIN LUMIERE BLOND ABSOLU Refill Set 500 ml &amp; Nachf\u00fcllpack 500 ml - Friseur Hopmann Hairstyling<\/title>\n<meta name=\"robots\" content=\"index, follow, max-snippet:-1, max-image-preview:large, max-video-preview:-1\" \/>\n<link rel=\"canonical\" href=\"https:\/\/www.friseur-hopmann.de\/?product=kerastase-bain-lumiere-blond-absolu-refill-set-mit-je-500-ml-inhalt\" \/>\n<meta property=\"og:locale\" content=\"de_DE\" \/>\n<meta property=\"og:type\" content=\"article\" \/>\n<meta property=\"og:title\" content=\"KERASTASE BAIN LUMIERE BLOND ABSOLU Refill Set 500 ml &amp; Nachf\u00fcllpack 500 ml - Friseur Hopmann Hairstyling\" \/>\n<meta property=\"og:description\" content=\"Das\u00a0K\u00e9rastase Blond Absolu Bain Lumi\u00e9re RefillSet besteht aus dem K\u00e9rastase Blond Absolu Bain Lumi\u00e9re\u00a0500ml und dem\u00a0 K\u00e9rastase Blond Absolu Bain Lumi\u00e9re Refill Pouch 500 ml Nachf\u00fcllpack.  Optimal geeignet f\u00fcr die 500 ml-Pumpflasche.t.  Das\u00a0K\u00e9rastase Blond Absolu Bain Lumi\u00e9re\u00a0 ist ein feuchtigkeitsspendendes Haarbad zur sanften Reinigung der Haare. Es befreit das Haar von Verschmutzungen und freien Radikalen, verleiht intensiven Glanz und Geschmeidigkeit und sorgt f\u00fcr ein dauerhaft seidiges Haargef\u00fchl.     Informationen zur Produktsicherheit (GPSR-Richtlinien)  Enth\u00e4lt Inhaltsstoffe, die Allergien ausl\u00f6sen k\u00f6nnen.  Bei Kontakt mit den Augen, diese gr\u00fcndlich aussp\u00fclen.  Verantwortlicher Hersteller: Loreal Professionnel,\u00a0 14, rue Royale 75008 Paris\u00b4         fragen@loreal-group. com\" \/>\n<meta property=\"og:url\" content=\"https:\/\/www.friseur-hopmann.de\/?product=kerastase-bain-lumiere-blond-absolu-refill-set-mit-je-500-ml-inhalt\" \/>\n<meta property=\"og:site_name\" content=\"Friseur Hopmann Hairstyling\" \/>\n<meta property=\"article:modified_time\" content=\"2025-12-13T17:27:32+00:00\" \/>\n<meta property=\"og:image\" content=\"http:\/\/www.friseur-hopmann.de\/wp-content\/uploads\/2025\/09\/Kerastase-Blond-Absolu-Bain-Lumiere-Refill-Pouch-500-ml-11418_4.webp\" \/>\n\t<meta property=\"og:image:width\" content=\"713\" \/>\n\t<meta property=\"og:image:height\" content=\"713\" \/>\n\t<meta property=\"og:image:type\" content=\"image\/webp\" \/>\n<meta name=\"twitter:card\" content=\"summary_large_image\" \/>\n<meta name=\"twitter:label1\" content=\"Gesch\u00e4tzte Lesezeit\" \/>\n\t<meta name=\"twitter:data1\" content=\"2\u00a0Minuten\" \/>\n<script type=\"application\/ld+json\" class=\"yoast-schema-graph\">{\"@context\":\"https:\/\/schema.org\",\"@graph\":[{\"@type\":\"WebPage\",\"@id\":\"https:\/\/www.friseur-hopmann.de\/?product=kerastase-bain-lumiere-blond-absolu-refill-set-mit-je-500-ml-inhalt\",\"url\":\"https:\/\/www.friseur-hopmann.de\/?product=kerastase-bain-lumiere-blond-absolu-refill-set-mit-je-500-ml-inhalt\",\"name\":\"KERASTASE BAIN LUMIERE BLOND ABSOLU Refill Set 500 ml & Nachf\u00fcllpack 500 ml - Friseur Hopmann Hairstyling\",\"isPartOf\":{\"@id\":\"https:\/\/www.friseur-hopmann.de\/#website\"},\"primaryImageOfPage\":{\"@id\":\"https:\/\/www.friseur-hopmann.de\/?product=kerastase-bain-lumiere-blond-absolu-refill-set-mit-je-500-ml-inhalt#primaryimage\"},\"image\":{\"@id\":\"https:\/\/www.friseur-hopmann.de\/?product=kerastase-bain-lumiere-blond-absolu-refill-set-mit-je-500-ml-inhalt#primaryimage\"},\"thumbnailUrl\":\"https:\/\/www.friseur-hopmann.de\/wp-content\/uploads\/2025\/09\/Kerastase-Blond-Absolu-Bain-Lumiere-Refill-Pouch-500-ml-11418_4.webp\",\"datePublished\":\"2025-09-26T13:09:24+00:00\",\"dateModified\":\"2025-12-13T17:27:32+00:00\",\"breadcrumb\":{\"@id\":\"https:\/\/www.friseur-hopmann.de\/?product=kerastase-bain-lumiere-blond-absolu-refill-set-mit-je-500-ml-inhalt#breadcrumb\"},\"inLanguage\":\"de\",\"potentialAction\":[{\"@type\":\"ReadAction\",\"target\":[\"https:\/\/www.friseur-hopmann.de\/?product=kerastase-bain-lumiere-blond-absolu-refill-set-mit-je-500-ml-inhalt\"]}]},{\"@type\":\"ImageObject\",\"inLanguage\":\"de\",\"@id\":\"https:\/\/www.friseur-hopmann.de\/?product=kerastase-bain-lumiere-blond-absolu-refill-set-mit-je-500-ml-inhalt#primaryimage\",\"url\":\"https:\/\/www.friseur-hopmann.de\/wp-content\/uploads\/2025\/09\/Kerastase-Blond-Absolu-Bain-Lumiere-Refill-Pouch-500-ml-11418_4.webp\",\"contentUrl\":\"https:\/\/www.friseur-hopmann.de\/wp-content\/uploads\/2025\/09\/Kerastase-Blond-Absolu-Bain-Lumiere-Refill-Pouch-500-ml-11418_4.webp\",\"width\":713,\"height\":713},{\"@type\":\"BreadcrumbList\",\"@id\":\"https:\/\/www.friseur-hopmann.de\/?product=kerastase-bain-lumiere-blond-absolu-refill-set-mit-je-500-ml-inhalt#breadcrumb\",\"itemListElement\":[{\"@type\":\"ListItem\",\"position\":1,\"name\":\"Startseite\",\"item\":\"https:\/\/www.friseur-hopmann.de\/\"},{\"@type\":\"ListItem\",\"position\":2,\"name\":\"Produkte\",\"item\":\"https:\/\/www.friseur-hopmann.de\/?post_type=product\"},{\"@type\":\"ListItem\",\"position\":3,\"name\":\"KERASTASE BAIN LUMIERE BLOND ABSOLU Refill Set 500 ml &#038; Nachf\u00fcllpack 500 ml\"}]},{\"@type\":\"WebSite\",\"@id\":\"https:\/\/www.friseur-hopmann.de\/#website\",\"url\":\"https:\/\/www.friseur-hopmann.de\/\",\"name\":\"Friseur Hopmann Hairstyling\",\"description\":\"Ihr Friseur in Nordhorn\",\"potentialAction\":[{\"@type\":\"SearchAction\",\"target\":{\"@type\":\"EntryPoint\",\"urlTemplate\":\"https:\/\/www.friseur-hopmann.de\/?s={search_term_string}\"},\"query-input\":{\"@type\":\"PropertyValueSpecification\",\"valueRequired\":true,\"valueName\":\"search_term_string\"}}],\"inLanguage\":\"de\"}]}<\/script>\n<!-- \/ Yoast SEO plugin. -->","yoast_head_json":{"title":"KERASTASE BAIN LUMIERE BLOND ABSOLU Refill Set 500 ml & Nachf\u00fcllpack 500 ml - Friseur Hopmann Hairstyling","robots":{"index":"index","follow":"follow","max-snippet":"max-snippet:-1","max-image-preview":"max-image-preview:large","max-video-preview":"max-video-preview:-1"},"canonical":"https:\/\/www.friseur-hopmann.de\/?product=kerastase-bain-lumiere-blond-absolu-refill-set-mit-je-500-ml-inhalt","og_locale":"de_DE","og_type":"article","og_title":"KERASTASE BAIN LUMIERE BLOND ABSOLU Refill Set 500 ml & Nachf\u00fcllpack 500 ml - Friseur Hopmann Hairstyling","og_description":"Das\u00a0K\u00e9rastase Blond Absolu Bain Lumi\u00e9re RefillSet besteht aus dem K\u00e9rastase Blond Absolu Bain Lumi\u00e9re\u00a0500ml und dem\u00a0 K\u00e9rastase Blond Absolu Bain Lumi\u00e9re Refill Pouch 500 ml Nachf\u00fcllpack.  Optimal geeignet f\u00fcr die 500 ml-Pumpflasche.t.  Das\u00a0K\u00e9rastase Blond Absolu Bain Lumi\u00e9re\u00a0 ist ein feuchtigkeitsspendendes Haarbad zur sanften Reinigung der Haare. Es befreit das Haar von Verschmutzungen und freien Radikalen, verleiht intensiven Glanz und Geschmeidigkeit und sorgt f\u00fcr ein dauerhaft seidiges Haargef\u00fchl.     Informationen zur Produktsicherheit (GPSR-Richtlinien)  Enth\u00e4lt Inhaltsstoffe, die Allergien ausl\u00f6sen k\u00f6nnen.  Bei Kontakt mit den Augen, diese gr\u00fcndlich aussp\u00fclen.  Verantwortlicher Hersteller: Loreal Professionnel,\u00a0 14, rue Royale 75008 Paris\u00b4         fragen@loreal-group. com","og_url":"https:\/\/www.friseur-hopmann.de\/?product=kerastase-bain-lumiere-blond-absolu-refill-set-mit-je-500-ml-inhalt","og_site_name":"Friseur Hopmann Hairstyling","article_modified_time":"2025-12-13T17:27:32+00:00","og_image":[{"width":713,"height":713,"url":"http:\/\/www.friseur-hopmann.de\/wp-content\/uploads\/2025\/09\/Kerastase-Blond-Absolu-Bain-Lumiere-Refill-Pouch-500-ml-11418_4.webp","type":"image\/webp"}],"twitter_card":"summary_large_image","twitter_misc":{"Gesch\u00e4tzte Lesezeit":"2\u00a0Minuten"},"schema":{"@context":"https:\/\/schema.org","@graph":[{"@type":"WebPage","@id":"https:\/\/www.friseur-hopmann.de\/?product=kerastase-bain-lumiere-blond-absolu-refill-set-mit-je-500-ml-inhalt","url":"https:\/\/www.friseur-hopmann.de\/?product=kerastase-bain-lumiere-blond-absolu-refill-set-mit-je-500-ml-inhalt","name":"KERASTASE BAIN LUMIERE BLOND ABSOLU Refill Set 500 ml & Nachf\u00fcllpack 500 ml - Friseur Hopmann Hairstyling","isPartOf":{"@id":"https:\/\/www.friseur-hopmann.de\/#website"},"primaryImageOfPage":{"@id":"https:\/\/www.friseur-hopmann.de\/?product=kerastase-bain-lumiere-blond-absolu-refill-set-mit-je-500-ml-inhalt#primaryimage"},"image":{"@id":"https:\/\/www.friseur-hopmann.de\/?product=kerastase-bain-lumiere-blond-absolu-refill-set-mit-je-500-ml-inhalt#primaryimage"},"thumbnailUrl":"https:\/\/www.friseur-hopmann.de\/wp-content\/uploads\/2025\/09\/Kerastase-Blond-Absolu-Bain-Lumiere-Refill-Pouch-500-ml-11418_4.webp","datePublished":"2025-09-26T13:09:24+00:00","dateModified":"2025-12-13T17:27:32+00:00","breadcrumb":{"@id":"https:\/\/www.friseur-hopmann.de\/?product=kerastase-bain-lumiere-blond-absolu-refill-set-mit-je-500-ml-inhalt#breadcrumb"},"inLanguage":"de","potentialAction":[{"@type":"ReadAction","target":["https:\/\/www.friseur-hopmann.de\/?product=kerastase-bain-lumiere-blond-absolu-refill-set-mit-je-500-ml-inhalt"]}]},{"@type":"ImageObject","inLanguage":"de","@id":"https:\/\/www.friseur-hopmann.de\/?product=kerastase-bain-lumiere-blond-absolu-refill-set-mit-je-500-ml-inhalt#primaryimage","url":"https:\/\/www.friseur-hopmann.de\/wp-content\/uploads\/2025\/09\/Kerastase-Blond-Absolu-Bain-Lumiere-Refill-Pouch-500-ml-11418_4.webp","contentUrl":"https:\/\/www.friseur-hopmann.de\/wp-content\/uploads\/2025\/09\/Kerastase-Blond-Absolu-Bain-Lumiere-Refill-Pouch-500-ml-11418_4.webp","width":713,"height":713},{"@type":"BreadcrumbList","@id":"https:\/\/www.friseur-hopmann.de\/?product=kerastase-bain-lumiere-blond-absolu-refill-set-mit-je-500-ml-inhalt#breadcrumb","itemListElement":[{"@type":"ListItem","position":1,"name":"Startseite","item":"https:\/\/www.friseur-hopmann.de\/"},{"@type":"ListItem","position":2,"name":"Produkte","item":"https:\/\/www.friseur-hopmann.de\/?post_type=product"},{"@type":"ListItem","position":3,"name":"KERASTASE BAIN LUMIERE BLOND ABSOLU Refill Set 500 ml &#038; Nachf\u00fcllpack 500 ml"}]},{"@type":"WebSite","@id":"https:\/\/www.friseur-hopmann.de\/#website","url":"https:\/\/www.friseur-hopmann.de\/","name":"Friseur Hopmann Hairstyling","description":"Ihr Friseur in Nordhorn","potentialAction":[{"@type":"SearchAction","target":{"@type":"EntryPoint","urlTemplate":"https:\/\/www.friseur-hopmann.de\/?s={search_term_string}"},"query-input":{"@type":"PropertyValueSpecification","valueRequired":true,"valueName":"search_term_string"}}],"inLanguage":"de"}]}},"brands":[],"_links":{"self":[{"href":"https:\/\/www.friseur-hopmann.de\/index.php?rest_route=\/wp\/v2\/product\/25412","targetHints":{"allow":["GET"]}}],"collection":[{"href":"https:\/\/www.friseur-hopmann.de\/index.php?rest_route=\/wp\/v2\/product"}],"about":[{"href":"https:\/\/www.friseur-hopmann.de\/index.php?rest_route=\/wp\/v2\/types\/product"}],"replies":[{"embeddable":true,"href":"https:\/\/www.friseur-hopmann.de\/index.php?rest_route=%2Fwp%2Fv2%2Fcomments&post=25412"}],"wp:featuredmedia":[{"embeddable":true,"href":"https:\/\/www.friseur-hopmann.de\/index.php?rest_route=\/wp\/v2\/media\/25452"}],"wp:attachment":[{"href":"https:\/\/www.friseur-hopmann.de\/index.php?rest_route=%2Fwp%2Fv2%2Fmedia&parent=25412"}],"wp:term":[{"taxonomy":"pwb-brand","embeddable":true,"href":"https:\/\/www.friseur-hopmann.de\/index.php?rest_route=%2Fwp%2Fv2%2Fpwb-brand&post=25412"},{"taxonomy":"product_brand","embeddable":true,"href":"https:\/\/www.friseur-hopmann.de\/index.php?rest_route=%2Fwp%2Fv2%2Fproduct_brand&post=25412"},{"taxonomy":"product_cat","embeddable":true,"href":"https:\/\/www.friseur-hopmann.de\/index.php?rest_route=%2Fwp%2Fv2%2Fproduct_cat&post=25412"},{"taxonomy":"product_tag","embeddable":true,"href":"https:\/\/www.friseur-hopmann.de\/index.php?rest_route=%2Fwp%2Fv2%2Fproduct_tag&post=25412"}],"curies":[{"name":"wp","href":"https:\/\/api.w.org\/{rel}","templated":true}]}}