{"id":25410,"date":"2025-09-26T14:31:06","date_gmt":"2025-09-26T12:31:06","guid":{"rendered":"https:\/\/www.friseur-hopmann.de\/?post_type=product&#038;p=25410"},"modified":"2025-12-13T19:28:08","modified_gmt":"2025-12-13T17:28:08","slug":"kerastase-resistence-bain-architecte-refill-set-mit-je-500-ml-inhalt","status":"publish","type":"product","link":"https:\/\/www.friseur-hopmann.de\/?product=kerastase-resistence-bain-architecte-refill-set-mit-je-500-ml-inhalt","title":{"rendered":"K\u00c9RASTASE RESISTENCE BAIN ARCHITECTE Refill Set 500 ml &#038; Nachf\u00fcllpack 500 ml"},"content":{"rendered":"<p>Bain Force Architecte<br \/>\nRestrukturierendes Haarbad mit dem Complexe Ciment-Cylane3 f\u00fcr stark bis sehr stark gesch\u00e4digtes Haar. Rekonstruiert die Haarfaser f\u00fcr ein geschmeidiges Haargef\u00fchl.<br \/>\nErgebnis:<br \/>\nLangfristige Rekonstruktion und St\u00e4rkung der Haarfaser.<\/p>\n<h3>Zielgruppe:<\/h3>\n<p>bei chemisch stark belasteter Haarstruktur.<\/p>\n<h3>Anwendung:<\/h3>\n<p>Auf das angefeuchtete Haar auftragen, einmassieren, gr\u00fcndlich aussp\u00fclen.<\/p>\n<h3>Technologie:<\/h3>\n<p>Der Complexe Ciment-Cylane3, die Kombination aus Intra-Cylane + Pro-Keratin + Ceramiden rekonstruiert gesch\u00e4digtes Haar.<br \/>\nINTRA CYLANETM: Strukturgebend<br \/>\nPRO-KERATIN: Auff\u00fcllend<br \/>\nCERAMIDE: Haarfaserst\u00e4rkend<\/p>\n<p><strong>Inhalt: je 500 ml<\/strong><\/p>\n","protected":false},"excerpt":{"rendered":"<p>Das\u00a0<strong>K\u00e9rastase R\u00e9sistance Bain Force Architecte Refill Set\u00a0<\/strong>besteht aus dem K\u00e9rastase R\u00e9sistance Bain Force Architecte 500 ml. Ebenfalls enthalten ist die K\u00e9rastase R\u00e9sistance Bain Force Architecte Refill Pouch 500 ml, ein Nachf\u00fcllpack. Optimal geeignet f\u00fcr die 500 ml-Pumpflasche. Das\u00a0<strong>K\u00e9rastase R\u00e9sistance Bain Force Architecte <\/strong>\u00a0ist ein rekonstuierendes Shampoo f\u00fcr strukturgesch\u00e4digtes Haar.<\/p>\n","protected":false},"featured_media":25455,"comment_status":"closed","ping_status":"closed","template":"","meta":{"_exactmetrics_skip_tracking":false,"_exactmetrics_sitenote_active":false,"_exactmetrics_sitenote_note":"","_exactmetrics_sitenote_category":0,"_monsterinsights_skip_tracking":false,"_monsterinsights_sitenote_active":false,"_monsterinsights_sitenote_note":"","_monsterinsights_sitenote_category":0},"pwb-brand":[],"product_brand":[615],"product_cat":[491,544,548,516,604,927,1000,973],"product_tag":[675,721,659],"class_list":{"0":"post-25410","1":"product","2":"type-product","3":"status-publish","4":"has-post-thumbnail","6":"product_brand-kerastase-2","7":"product_cat-kerastase","8":"product_cat-kerastase-haarpflege","9":"product_cat-kerastase-shampoo","10":"product_cat-r-sistance","11":"product_cat-r-sistance-architecte","12":"product_cat-500ml","13":"product_cat-kerastase-nachfuellpack-500ml","14":"product_cat-sondergroesse-500ml","15":"product_tag-shampoo","16":"product_tag-strukturaufbau","17":"product_tag-strukturgeschaedigtes-haar","19":"first","20":"instock","21":"sale","22":"taxable","23":"shipping-taxable","24":"purchasable","25":"product-type-woosb"},"yoast_head":"<!-- This site is optimized with the Yoast SEO plugin v24.6 - https:\/\/yoast.com\/wordpress\/plugins\/seo\/ -->\n<title>K\u00c9RASTASE RESISTENCE BAIN ARCHITECTE Refill Set 500 ml &amp; Nachf\u00fcllpack 500 ml - Friseur Hopmann Hairstyling<\/title>\n<meta name=\"robots\" content=\"index, follow, max-snippet:-1, max-image-preview:large, max-video-preview:-1\" \/>\n<link rel=\"canonical\" href=\"https:\/\/www.friseur-hopmann.de\/?product=kerastase-resistence-bain-architecte-refill-set-mit-je-500-ml-inhalt\" \/>\n<meta property=\"og:locale\" content=\"de_DE\" \/>\n<meta property=\"og:type\" content=\"article\" \/>\n<meta property=\"og:title\" content=\"K\u00c9RASTASE RESISTENCE BAIN ARCHITECTE Refill Set 500 ml &amp; Nachf\u00fcllpack 500 ml - Friseur Hopmann Hairstyling\" \/>\n<meta property=\"og:description\" content=\"Das\u00a0K\u00e9rastase R\u00e9sistance Bain Force Architecte Refill Set\u00a0besteht aus dem K\u00e9rastase R\u00e9sistance Bain Force Architecte 500 ml. Ebenfalls enthalten ist die K\u00e9rastase R\u00e9sistance Bain Force Architecte Refill Pouch 500 ml, ein Nachf\u00fcllpack. Optimal geeignet f\u00fcr die 500 ml-Pumpflasche. Das\u00a0K\u00e9rastase R\u00e9sistance Bain Force Architecte \u00a0ist ein rekonstuierendes Shampoo f\u00fcr strukturgesch\u00e4digtes Haar.\" \/>\n<meta property=\"og:url\" content=\"https:\/\/www.friseur-hopmann.de\/?product=kerastase-resistence-bain-architecte-refill-set-mit-je-500-ml-inhalt\" \/>\n<meta property=\"og:site_name\" content=\"Friseur Hopmann Hairstyling\" \/>\n<meta property=\"article:modified_time\" content=\"2025-12-13T17:28:08+00:00\" \/>\n<meta property=\"og:image\" content=\"http:\/\/www.friseur-hopmann.de\/wp-content\/uploads\/2025\/09\/Kerastase-Resistance-Bain-Force-Architecte-Refill-Bundle-Shampoo-500-ml-und-Nachfuellpack-500-ml-11414_1.webp\" \/>\n\t<meta property=\"og:image:width\" content=\"713\" \/>\n\t<meta property=\"og:image:height\" content=\"713\" \/>\n\t<meta property=\"og:image:type\" content=\"image\/webp\" \/>\n<meta name=\"twitter:card\" content=\"summary_large_image\" \/>\n<meta name=\"twitter:label1\" content=\"Gesch\u00e4tzte Lesezeit\" \/>\n\t<meta name=\"twitter:data1\" content=\"1\u00a0Minute\" \/>\n<script type=\"application\/ld+json\" class=\"yoast-schema-graph\">{\"@context\":\"https:\/\/schema.org\",\"@graph\":[{\"@type\":\"WebPage\",\"@id\":\"https:\/\/www.friseur-hopmann.de\/?product=kerastase-resistence-bain-architecte-refill-set-mit-je-500-ml-inhalt\",\"url\":\"https:\/\/www.friseur-hopmann.de\/?product=kerastase-resistence-bain-architecte-refill-set-mit-je-500-ml-inhalt\",\"name\":\"K\u00c9RASTASE RESISTENCE BAIN ARCHITECTE Refill Set 500 ml & Nachf\u00fcllpack 500 ml - Friseur Hopmann Hairstyling\",\"isPartOf\":{\"@id\":\"https:\/\/www.friseur-hopmann.de\/#website\"},\"primaryImageOfPage\":{\"@id\":\"https:\/\/www.friseur-hopmann.de\/?product=kerastase-resistence-bain-architecte-refill-set-mit-je-500-ml-inhalt#primaryimage\"},\"image\":{\"@id\":\"https:\/\/www.friseur-hopmann.de\/?product=kerastase-resistence-bain-architecte-refill-set-mit-je-500-ml-inhalt#primaryimage\"},\"thumbnailUrl\":\"https:\/\/www.friseur-hopmann.de\/wp-content\/uploads\/2025\/09\/Kerastase-Resistance-Bain-Force-Architecte-Refill-Bundle-Shampoo-500-ml-und-Nachfuellpack-500-ml-11414_1.webp\",\"datePublished\":\"2025-09-26T12:31:06+00:00\",\"dateModified\":\"2025-12-13T17:28:08+00:00\",\"breadcrumb\":{\"@id\":\"https:\/\/www.friseur-hopmann.de\/?product=kerastase-resistence-bain-architecte-refill-set-mit-je-500-ml-inhalt#breadcrumb\"},\"inLanguage\":\"de\",\"potentialAction\":[{\"@type\":\"ReadAction\",\"target\":[\"https:\/\/www.friseur-hopmann.de\/?product=kerastase-resistence-bain-architecte-refill-set-mit-je-500-ml-inhalt\"]}]},{\"@type\":\"ImageObject\",\"inLanguage\":\"de\",\"@id\":\"https:\/\/www.friseur-hopmann.de\/?product=kerastase-resistence-bain-architecte-refill-set-mit-je-500-ml-inhalt#primaryimage\",\"url\":\"https:\/\/www.friseur-hopmann.de\/wp-content\/uploads\/2025\/09\/Kerastase-Resistance-Bain-Force-Architecte-Refill-Bundle-Shampoo-500-ml-und-Nachfuellpack-500-ml-11414_1.webp\",\"contentUrl\":\"https:\/\/www.friseur-hopmann.de\/wp-content\/uploads\/2025\/09\/Kerastase-Resistance-Bain-Force-Architecte-Refill-Bundle-Shampoo-500-ml-und-Nachfuellpack-500-ml-11414_1.webp\",\"width\":713,\"height\":713},{\"@type\":\"BreadcrumbList\",\"@id\":\"https:\/\/www.friseur-hopmann.de\/?product=kerastase-resistence-bain-architecte-refill-set-mit-je-500-ml-inhalt#breadcrumb\",\"itemListElement\":[{\"@type\":\"ListItem\",\"position\":1,\"name\":\"Startseite\",\"item\":\"https:\/\/www.friseur-hopmann.de\/\"},{\"@type\":\"ListItem\",\"position\":2,\"name\":\"Produkte\",\"item\":\"https:\/\/www.friseur-hopmann.de\/?post_type=product\"},{\"@type\":\"ListItem\",\"position\":3,\"name\":\"K\u00c9RASTASE RESISTENCE BAIN ARCHITECTE Refill Set 500 ml &#038; Nachf\u00fcllpack 500 ml\"}]},{\"@type\":\"WebSite\",\"@id\":\"https:\/\/www.friseur-hopmann.de\/#website\",\"url\":\"https:\/\/www.friseur-hopmann.de\/\",\"name\":\"Friseur Hopmann Hairstyling\",\"description\":\"Ihr Friseur in Nordhorn\",\"potentialAction\":[{\"@type\":\"SearchAction\",\"target\":{\"@type\":\"EntryPoint\",\"urlTemplate\":\"https:\/\/www.friseur-hopmann.de\/?s={search_term_string}\"},\"query-input\":{\"@type\":\"PropertyValueSpecification\",\"valueRequired\":true,\"valueName\":\"search_term_string\"}}],\"inLanguage\":\"de\"}]}<\/script>\n<!-- \/ Yoast SEO plugin. -->","yoast_head_json":{"title":"K\u00c9RASTASE RESISTENCE BAIN ARCHITECTE Refill Set 500 ml & Nachf\u00fcllpack 500 ml - Friseur Hopmann Hairstyling","robots":{"index":"index","follow":"follow","max-snippet":"max-snippet:-1","max-image-preview":"max-image-preview:large","max-video-preview":"max-video-preview:-1"},"canonical":"https:\/\/www.friseur-hopmann.de\/?product=kerastase-resistence-bain-architecte-refill-set-mit-je-500-ml-inhalt","og_locale":"de_DE","og_type":"article","og_title":"K\u00c9RASTASE RESISTENCE BAIN ARCHITECTE Refill Set 500 ml & Nachf\u00fcllpack 500 ml - Friseur Hopmann Hairstyling","og_description":"Das\u00a0K\u00e9rastase R\u00e9sistance Bain Force Architecte Refill Set\u00a0besteht aus dem K\u00e9rastase R\u00e9sistance Bain Force Architecte 500 ml. Ebenfalls enthalten ist die K\u00e9rastase R\u00e9sistance Bain Force Architecte Refill Pouch 500 ml, ein Nachf\u00fcllpack. Optimal geeignet f\u00fcr die 500 ml-Pumpflasche. Das\u00a0K\u00e9rastase R\u00e9sistance Bain Force Architecte \u00a0ist ein rekonstuierendes Shampoo f\u00fcr strukturgesch\u00e4digtes Haar.","og_url":"https:\/\/www.friseur-hopmann.de\/?product=kerastase-resistence-bain-architecte-refill-set-mit-je-500-ml-inhalt","og_site_name":"Friseur Hopmann Hairstyling","article_modified_time":"2025-12-13T17:28:08+00:00","og_image":[{"width":713,"height":713,"url":"http:\/\/www.friseur-hopmann.de\/wp-content\/uploads\/2025\/09\/Kerastase-Resistance-Bain-Force-Architecte-Refill-Bundle-Shampoo-500-ml-und-Nachfuellpack-500-ml-11414_1.webp","type":"image\/webp"}],"twitter_card":"summary_large_image","twitter_misc":{"Gesch\u00e4tzte Lesezeit":"1\u00a0Minute"},"schema":{"@context":"https:\/\/schema.org","@graph":[{"@type":"WebPage","@id":"https:\/\/www.friseur-hopmann.de\/?product=kerastase-resistence-bain-architecte-refill-set-mit-je-500-ml-inhalt","url":"https:\/\/www.friseur-hopmann.de\/?product=kerastase-resistence-bain-architecte-refill-set-mit-je-500-ml-inhalt","name":"K\u00c9RASTASE RESISTENCE BAIN ARCHITECTE Refill Set 500 ml & Nachf\u00fcllpack 500 ml - Friseur Hopmann Hairstyling","isPartOf":{"@id":"https:\/\/www.friseur-hopmann.de\/#website"},"primaryImageOfPage":{"@id":"https:\/\/www.friseur-hopmann.de\/?product=kerastase-resistence-bain-architecte-refill-set-mit-je-500-ml-inhalt#primaryimage"},"image":{"@id":"https:\/\/www.friseur-hopmann.de\/?product=kerastase-resistence-bain-architecte-refill-set-mit-je-500-ml-inhalt#primaryimage"},"thumbnailUrl":"https:\/\/www.friseur-hopmann.de\/wp-content\/uploads\/2025\/09\/Kerastase-Resistance-Bain-Force-Architecte-Refill-Bundle-Shampoo-500-ml-und-Nachfuellpack-500-ml-11414_1.webp","datePublished":"2025-09-26T12:31:06+00:00","dateModified":"2025-12-13T17:28:08+00:00","breadcrumb":{"@id":"https:\/\/www.friseur-hopmann.de\/?product=kerastase-resistence-bain-architecte-refill-set-mit-je-500-ml-inhalt#breadcrumb"},"inLanguage":"de","potentialAction":[{"@type":"ReadAction","target":["https:\/\/www.friseur-hopmann.de\/?product=kerastase-resistence-bain-architecte-refill-set-mit-je-500-ml-inhalt"]}]},{"@type":"ImageObject","inLanguage":"de","@id":"https:\/\/www.friseur-hopmann.de\/?product=kerastase-resistence-bain-architecte-refill-set-mit-je-500-ml-inhalt#primaryimage","url":"https:\/\/www.friseur-hopmann.de\/wp-content\/uploads\/2025\/09\/Kerastase-Resistance-Bain-Force-Architecte-Refill-Bundle-Shampoo-500-ml-und-Nachfuellpack-500-ml-11414_1.webp","contentUrl":"https:\/\/www.friseur-hopmann.de\/wp-content\/uploads\/2025\/09\/Kerastase-Resistance-Bain-Force-Architecte-Refill-Bundle-Shampoo-500-ml-und-Nachfuellpack-500-ml-11414_1.webp","width":713,"height":713},{"@type":"BreadcrumbList","@id":"https:\/\/www.friseur-hopmann.de\/?product=kerastase-resistence-bain-architecte-refill-set-mit-je-500-ml-inhalt#breadcrumb","itemListElement":[{"@type":"ListItem","position":1,"name":"Startseite","item":"https:\/\/www.friseur-hopmann.de\/"},{"@type":"ListItem","position":2,"name":"Produkte","item":"https:\/\/www.friseur-hopmann.de\/?post_type=product"},{"@type":"ListItem","position":3,"name":"K\u00c9RASTASE RESISTENCE BAIN ARCHITECTE Refill Set 500 ml &#038; Nachf\u00fcllpack 500 ml"}]},{"@type":"WebSite","@id":"https:\/\/www.friseur-hopmann.de\/#website","url":"https:\/\/www.friseur-hopmann.de\/","name":"Friseur Hopmann Hairstyling","description":"Ihr Friseur in Nordhorn","potentialAction":[{"@type":"SearchAction","target":{"@type":"EntryPoint","urlTemplate":"https:\/\/www.friseur-hopmann.de\/?s={search_term_string}"},"query-input":{"@type":"PropertyValueSpecification","valueRequired":true,"valueName":"search_term_string"}}],"inLanguage":"de"}]}},"brands":[],"_links":{"self":[{"href":"https:\/\/www.friseur-hopmann.de\/index.php?rest_route=\/wp\/v2\/product\/25410","targetHints":{"allow":["GET"]}}],"collection":[{"href":"https:\/\/www.friseur-hopmann.de\/index.php?rest_route=\/wp\/v2\/product"}],"about":[{"href":"https:\/\/www.friseur-hopmann.de\/index.php?rest_route=\/wp\/v2\/types\/product"}],"replies":[{"embeddable":true,"href":"https:\/\/www.friseur-hopmann.de\/index.php?rest_route=%2Fwp%2Fv2%2Fcomments&post=25410"}],"wp:featuredmedia":[{"embeddable":true,"href":"https:\/\/www.friseur-hopmann.de\/index.php?rest_route=\/wp\/v2\/media\/25455"}],"wp:attachment":[{"href":"https:\/\/www.friseur-hopmann.de\/index.php?rest_route=%2Fwp%2Fv2%2Fmedia&parent=25410"}],"wp:term":[{"taxonomy":"pwb-brand","embeddable":true,"href":"https:\/\/www.friseur-hopmann.de\/index.php?rest_route=%2Fwp%2Fv2%2Fpwb-brand&post=25410"},{"taxonomy":"product_brand","embeddable":true,"href":"https:\/\/www.friseur-hopmann.de\/index.php?rest_route=%2Fwp%2Fv2%2Fproduct_brand&post=25410"},{"taxonomy":"product_cat","embeddable":true,"href":"https:\/\/www.friseur-hopmann.de\/index.php?rest_route=%2Fwp%2Fv2%2Fproduct_cat&post=25410"},{"taxonomy":"product_tag","embeddable":true,"href":"https:\/\/www.friseur-hopmann.de\/index.php?rest_route=%2Fwp%2Fv2%2Fproduct_tag&post=25410"}],"curies":[{"name":"wp","href":"https:\/\/api.w.org\/{rel}","templated":true}]}}