{"id":25404,"date":"2025-09-26T12:52:04","date_gmt":"2025-09-26T10:52:04","guid":{"rendered":"https:\/\/www.friseur-hopmann.de\/?post_type=product&#038;p=25404"},"modified":"2025-10-21T11:49:36","modified_gmt":"2025-10-21T09:49:36","slug":"kerastase-densifique-bain-densite-pouch-shampoo-nachfuellung","status":"publish","type":"product","link":"https:\/\/www.friseur-hopmann.de\/?product=kerastase-densifique-bain-densite-pouch-shampoo-nachfuellung","title":{"rendered":"K\u00c9RASTASE DENSIFIQUE BAIN DENSIT\u00c8 Pouch (Shampoo) Nachf\u00fcllung"},"content":{"rendered":"<h3>Produktbeschreibung:<\/h3>\n<p>Bain Densit\u00e8<\/p>\n<p>Strukturgebendes Haarbad f\u00fcr d\u00fcnner werdendes Haar, dass an F\u00fclle und Substanz verliert.<br \/>\nVerleiht dem Haar mehr Griffigkeit und ein f\u00fclligeres Haargef\u00fchl. St\u00e4rkt die Haarfaser.<\/p>\n<h3>Zielgruppe:<\/h3>\n<p>Bei d\u00fcnner werdenden und kraftlosen Haaren.<\/p>\n<h3>Anwendung:<\/h3>\n<p>Auf dem angefeuchteten Haar verteilen. Einarbeiten. Aufemulgieren und gr\u00fcndlich aussp\u00fclen.<br \/>\nFalls gew\u00fcnscht tragen Sie das Haarbad erneut auf. Einarbeiten und einige Minuten einwirken lassen.<br \/>\nGeben Sie ein bisschen Wasser hinzu und sch\u00e4umen Sie das Produkt auf. Sanft aufemulgieren und gr\u00fcndlich aussp\u00fclen.<\/p>\n<h3>Technologie:<\/h3>\n<p>Stemoxydine\u00ae: Kreiert eine optimale Umgebung f\u00fcr die Stammzellen. Erweckt schlafende Haarfollikel und l\u00e4sst neue Haare schneller wachsen.<\/p>\n<p>Im Haarbad ist ein geringerer Anteil an Stemoxydine enthalten, als in der Densifique Intensivkur und wirkt somit unterst\u00fctzend zur Anwendung der Intensivkur.<\/p>\n<p>Hyalurons\u00e4ure: Hydratisiert die Kopfhaut, versorgt sie mit Feuchtigkeit und schafft ein optimales Wachstumsumfeld.<\/p>\n<p>Gluco-Peptide: Lagern sich am Haar an. Sie gleichen die Oberfl\u00e4chenstruktur aus und unterst\u00fctzen den Aufbau des Haares.<\/p>\n<p>+ Ceramide : St\u00e4rken die Haarfaser<\/p>\n<p><strong>Inhalt:<\/strong> 500 ml<\/p>\n","protected":false},"excerpt":{"rendered":"<p>Das\u00a0<strong>K\u00e9rastase Densifique Bain Densite Refill Pouch<\/strong>\u00a0ist ein Nachf\u00fcllpack f\u00fcr das K\u00e9rastase Densifique Bain Densite. Das strukturgebendes Haarbad ist f\u00fcr d\u00fcnner werdendes Haar geeignet, das an F\u00fclle verliert. Da die Haarfollikel zum Wachstum angeregt werden verleiht es volleres Haar mit neuem Volumen und Griffigkeit.<\/p>\n","protected":false},"featured_media":25405,"comment_status":"open","ping_status":"closed","template":"","meta":{"_exactmetrics_skip_tracking":false,"_exactmetrics_sitenote_active":false,"_exactmetrics_sitenote_note":"","_exactmetrics_sitenote_category":0,"_monsterinsights_skip_tracking":false,"_monsterinsights_sitenote_active":false,"_monsterinsights_sitenote_note":"","_monsterinsights_sitenote_category":0},"pwb-brand":[],"product_brand":[615],"product_cat":[524,608,510,491,544,548,927,973],"product_tag":[745,746],"class_list":{"0":"post-25404","1":"product","2":"type-product","3":"status-publish","4":"has-post-thumbnail","6":"product_brand-kerastase-2","7":"product_cat-densifique","8":"product_cat-densifique-densit","9":"product_cat-densitive","10":"product_cat-kerastase","11":"product_cat-kerastase-haarpflege","12":"product_cat-kerastase-shampoo","13":"product_cat-500ml","14":"product_cat-sondergroesse-500ml","15":"product_tag-festigendes-shampoo","16":"product_tag-milde-haarwaesche","17":"pa_inhalt-622","19":"first","20":"instock","21":"taxable","22":"shipping-taxable","23":"purchasable","24":"product-type-simple"},"yoast_head":"<!-- This site is optimized with the Yoast SEO plugin v24.6 - https:\/\/yoast.com\/wordpress\/plugins\/seo\/ -->\n<title>DENSIFIQUE BAIN DENSIT\u00c8 (Shampoo)250 ml<\/title>\n<meta name=\"robots\" content=\"index, follow, max-snippet:-1, max-image-preview:large, max-video-preview:-1\" \/>\n<link rel=\"canonical\" href=\"https:\/\/www.friseur-hopmann.de\/?product=kerastase-densifique-bain-densite-pouch-shampoo-nachfuellung\" \/>\n<meta property=\"og:locale\" content=\"de_DE\" \/>\n<meta property=\"og:type\" content=\"article\" \/>\n<meta property=\"og:title\" content=\"DENSIFIQUE BAIN DENSIT\u00c8 (Shampoo)250 ml\" \/>\n<meta property=\"og:description\" content=\"Das\u00a0K\u00e9rastase Densifique Bain Densite Refill Pouch\u00a0ist ein Nachf\u00fcllpack f\u00fcr das K\u00e9rastase Densifique Bain Densite. Das strukturgebendes Haarbad ist f\u00fcr d\u00fcnner werdendes Haar geeignet, das an F\u00fclle verliert. Da die Haarfollikel zum Wachstum angeregt werden verleiht es volleres Haar mit neuem Volumen und Griffigkeit.\" \/>\n<meta property=\"og:url\" content=\"https:\/\/www.friseur-hopmann.de\/?product=kerastase-densifique-bain-densite-pouch-shampoo-nachfuellung\" \/>\n<meta property=\"og:site_name\" content=\"Friseur Hopmann Hairstyling\" \/>\n<meta property=\"article:modified_time\" content=\"2025-10-21T09:49:36+00:00\" \/>\n<meta property=\"og:image\" content=\"http:\/\/www.friseur-hopmann.de\/wp-content\/uploads\/2025\/09\/Bain-Densite-500ml-Nachfuellung.webp\" \/>\n\t<meta property=\"og:image:width\" content=\"700\" \/>\n\t<meta property=\"og:image:height\" content=\"700\" \/>\n\t<meta property=\"og:image:type\" content=\"image\/webp\" \/>\n<meta name=\"twitter:card\" content=\"summary_large_image\" \/>\n<meta name=\"twitter:label1\" content=\"Gesch\u00e4tzte Lesezeit\" \/>\n\t<meta name=\"twitter:data1\" content=\"2\u00a0Minuten\" \/>\n<script type=\"application\/ld+json\" class=\"yoast-schema-graph\">{\"@context\":\"https:\/\/schema.org\",\"@graph\":[{\"@type\":\"WebPage\",\"@id\":\"https:\/\/www.friseur-hopmann.de\/?product=kerastase-densifique-bain-densite-pouch-shampoo-nachfuellung\",\"url\":\"https:\/\/www.friseur-hopmann.de\/?product=kerastase-densifique-bain-densite-pouch-shampoo-nachfuellung\",\"name\":\"DENSIFIQUE BAIN DENSIT\u00c8 (Shampoo)250 ml\",\"isPartOf\":{\"@id\":\"https:\/\/www.friseur-hopmann.de\/#website\"},\"primaryImageOfPage\":{\"@id\":\"https:\/\/www.friseur-hopmann.de\/?product=kerastase-densifique-bain-densite-pouch-shampoo-nachfuellung#primaryimage\"},\"image\":{\"@id\":\"https:\/\/www.friseur-hopmann.de\/?product=kerastase-densifique-bain-densite-pouch-shampoo-nachfuellung#primaryimage\"},\"thumbnailUrl\":\"https:\/\/www.friseur-hopmann.de\/wp-content\/uploads\/2025\/09\/Bain-Densite-500ml-Nachfuellung.webp\",\"datePublished\":\"2025-09-26T10:52:04+00:00\",\"dateModified\":\"2025-10-21T09:49:36+00:00\",\"breadcrumb\":{\"@id\":\"https:\/\/www.friseur-hopmann.de\/?product=kerastase-densifique-bain-densite-pouch-shampoo-nachfuellung#breadcrumb\"},\"inLanguage\":\"de\",\"potentialAction\":[{\"@type\":\"ReadAction\",\"target\":[\"https:\/\/www.friseur-hopmann.de\/?product=kerastase-densifique-bain-densite-pouch-shampoo-nachfuellung\"]}]},{\"@type\":\"ImageObject\",\"inLanguage\":\"de\",\"@id\":\"https:\/\/www.friseur-hopmann.de\/?product=kerastase-densifique-bain-densite-pouch-shampoo-nachfuellung#primaryimage\",\"url\":\"https:\/\/www.friseur-hopmann.de\/wp-content\/uploads\/2025\/09\/Bain-Densite-500ml-Nachfuellung.webp\",\"contentUrl\":\"https:\/\/www.friseur-hopmann.de\/wp-content\/uploads\/2025\/09\/Bain-Densite-500ml-Nachfuellung.webp\",\"width\":700,\"height\":700},{\"@type\":\"BreadcrumbList\",\"@id\":\"https:\/\/www.friseur-hopmann.de\/?product=kerastase-densifique-bain-densite-pouch-shampoo-nachfuellung#breadcrumb\",\"itemListElement\":[{\"@type\":\"ListItem\",\"position\":1,\"name\":\"Startseite\",\"item\":\"https:\/\/www.friseur-hopmann.de\/\"},{\"@type\":\"ListItem\",\"position\":2,\"name\":\"Produkte\",\"item\":\"https:\/\/www.friseur-hopmann.de\/?post_type=product\"},{\"@type\":\"ListItem\",\"position\":3,\"name\":\"K\u00c9RASTASE DENSIFIQUE BAIN DENSIT\u00c8 Pouch (Shampoo) Nachf\u00fcllung\"}]},{\"@type\":\"WebSite\",\"@id\":\"https:\/\/www.friseur-hopmann.de\/#website\",\"url\":\"https:\/\/www.friseur-hopmann.de\/\",\"name\":\"Friseur Hopmann Hairstyling\",\"description\":\"Ihr Friseur in Nordhorn\",\"potentialAction\":[{\"@type\":\"SearchAction\",\"target\":{\"@type\":\"EntryPoint\",\"urlTemplate\":\"https:\/\/www.friseur-hopmann.de\/?s={search_term_string}\"},\"query-input\":{\"@type\":\"PropertyValueSpecification\",\"valueRequired\":true,\"valueName\":\"search_term_string\"}}],\"inLanguage\":\"de\"}]}<\/script>\n<!-- \/ Yoast SEO plugin. -->","yoast_head_json":{"title":"DENSIFIQUE BAIN DENSIT\u00c8 (Shampoo)250 ml","robots":{"index":"index","follow":"follow","max-snippet":"max-snippet:-1","max-image-preview":"max-image-preview:large","max-video-preview":"max-video-preview:-1"},"canonical":"https:\/\/www.friseur-hopmann.de\/?product=kerastase-densifique-bain-densite-pouch-shampoo-nachfuellung","og_locale":"de_DE","og_type":"article","og_title":"DENSIFIQUE BAIN DENSIT\u00c8 (Shampoo)250 ml","og_description":"Das\u00a0K\u00e9rastase Densifique Bain Densite Refill Pouch\u00a0ist ein Nachf\u00fcllpack f\u00fcr das K\u00e9rastase Densifique Bain Densite. Das strukturgebendes Haarbad ist f\u00fcr d\u00fcnner werdendes Haar geeignet, das an F\u00fclle verliert. Da die Haarfollikel zum Wachstum angeregt werden verleiht es volleres Haar mit neuem Volumen und Griffigkeit.","og_url":"https:\/\/www.friseur-hopmann.de\/?product=kerastase-densifique-bain-densite-pouch-shampoo-nachfuellung","og_site_name":"Friseur Hopmann Hairstyling","article_modified_time":"2025-10-21T09:49:36+00:00","og_image":[{"width":700,"height":700,"url":"http:\/\/www.friseur-hopmann.de\/wp-content\/uploads\/2025\/09\/Bain-Densite-500ml-Nachfuellung.webp","type":"image\/webp"}],"twitter_card":"summary_large_image","twitter_misc":{"Gesch\u00e4tzte Lesezeit":"2\u00a0Minuten"},"schema":{"@context":"https:\/\/schema.org","@graph":[{"@type":"WebPage","@id":"https:\/\/www.friseur-hopmann.de\/?product=kerastase-densifique-bain-densite-pouch-shampoo-nachfuellung","url":"https:\/\/www.friseur-hopmann.de\/?product=kerastase-densifique-bain-densite-pouch-shampoo-nachfuellung","name":"DENSIFIQUE BAIN DENSIT\u00c8 (Shampoo)250 ml","isPartOf":{"@id":"https:\/\/www.friseur-hopmann.de\/#website"},"primaryImageOfPage":{"@id":"https:\/\/www.friseur-hopmann.de\/?product=kerastase-densifique-bain-densite-pouch-shampoo-nachfuellung#primaryimage"},"image":{"@id":"https:\/\/www.friseur-hopmann.de\/?product=kerastase-densifique-bain-densite-pouch-shampoo-nachfuellung#primaryimage"},"thumbnailUrl":"https:\/\/www.friseur-hopmann.de\/wp-content\/uploads\/2025\/09\/Bain-Densite-500ml-Nachfuellung.webp","datePublished":"2025-09-26T10:52:04+00:00","dateModified":"2025-10-21T09:49:36+00:00","breadcrumb":{"@id":"https:\/\/www.friseur-hopmann.de\/?product=kerastase-densifique-bain-densite-pouch-shampoo-nachfuellung#breadcrumb"},"inLanguage":"de","potentialAction":[{"@type":"ReadAction","target":["https:\/\/www.friseur-hopmann.de\/?product=kerastase-densifique-bain-densite-pouch-shampoo-nachfuellung"]}]},{"@type":"ImageObject","inLanguage":"de","@id":"https:\/\/www.friseur-hopmann.de\/?product=kerastase-densifique-bain-densite-pouch-shampoo-nachfuellung#primaryimage","url":"https:\/\/www.friseur-hopmann.de\/wp-content\/uploads\/2025\/09\/Bain-Densite-500ml-Nachfuellung.webp","contentUrl":"https:\/\/www.friseur-hopmann.de\/wp-content\/uploads\/2025\/09\/Bain-Densite-500ml-Nachfuellung.webp","width":700,"height":700},{"@type":"BreadcrumbList","@id":"https:\/\/www.friseur-hopmann.de\/?product=kerastase-densifique-bain-densite-pouch-shampoo-nachfuellung#breadcrumb","itemListElement":[{"@type":"ListItem","position":1,"name":"Startseite","item":"https:\/\/www.friseur-hopmann.de\/"},{"@type":"ListItem","position":2,"name":"Produkte","item":"https:\/\/www.friseur-hopmann.de\/?post_type=product"},{"@type":"ListItem","position":3,"name":"K\u00c9RASTASE DENSIFIQUE BAIN DENSIT\u00c8 Pouch (Shampoo) Nachf\u00fcllung"}]},{"@type":"WebSite","@id":"https:\/\/www.friseur-hopmann.de\/#website","url":"https:\/\/www.friseur-hopmann.de\/","name":"Friseur Hopmann Hairstyling","description":"Ihr Friseur in Nordhorn","potentialAction":[{"@type":"SearchAction","target":{"@type":"EntryPoint","urlTemplate":"https:\/\/www.friseur-hopmann.de\/?s={search_term_string}"},"query-input":{"@type":"PropertyValueSpecification","valueRequired":true,"valueName":"search_term_string"}}],"inLanguage":"de"}]}},"brands":[],"_links":{"self":[{"href":"https:\/\/www.friseur-hopmann.de\/index.php?rest_route=\/wp\/v2\/product\/25404","targetHints":{"allow":["GET"]}}],"collection":[{"href":"https:\/\/www.friseur-hopmann.de\/index.php?rest_route=\/wp\/v2\/product"}],"about":[{"href":"https:\/\/www.friseur-hopmann.de\/index.php?rest_route=\/wp\/v2\/types\/product"}],"replies":[{"embeddable":true,"href":"https:\/\/www.friseur-hopmann.de\/index.php?rest_route=%2Fwp%2Fv2%2Fcomments&post=25404"}],"wp:featuredmedia":[{"embeddable":true,"href":"https:\/\/www.friseur-hopmann.de\/index.php?rest_route=\/wp\/v2\/media\/25405"}],"wp:attachment":[{"href":"https:\/\/www.friseur-hopmann.de\/index.php?rest_route=%2Fwp%2Fv2%2Fmedia&parent=25404"}],"wp:term":[{"taxonomy":"pwb-brand","embeddable":true,"href":"https:\/\/www.friseur-hopmann.de\/index.php?rest_route=%2Fwp%2Fv2%2Fpwb-brand&post=25404"},{"taxonomy":"product_brand","embeddable":true,"href":"https:\/\/www.friseur-hopmann.de\/index.php?rest_route=%2Fwp%2Fv2%2Fproduct_brand&post=25404"},{"taxonomy":"product_cat","embeddable":true,"href":"https:\/\/www.friseur-hopmann.de\/index.php?rest_route=%2Fwp%2Fv2%2Fproduct_cat&post=25404"},{"taxonomy":"product_tag","embeddable":true,"href":"https:\/\/www.friseur-hopmann.de\/index.php?rest_route=%2Fwp%2Fv2%2Fproduct_tag&post=25404"}],"curies":[{"name":"wp","href":"https:\/\/api.w.org\/{rel}","templated":true}]}}