{"id":25177,"date":"2025-04-19T09:01:25","date_gmt":"2025-04-19T07:01:25","guid":{"rendered":"https:\/\/www.friseur-hopmann.de\/?post_type=product&#038;p=25177"},"modified":"2025-10-19T10:37:19","modified_gmt":"2025-10-19T08:37:19","slug":"kerastase-premiere-bain-decalcifiant-reparateur-shampoo-500-ml","status":"publish","type":"product","link":"https:\/\/www.friseur-hopmann.de\/?product=kerastase-premiere-bain-decalcifiant-reparateur-shampoo-500-ml","title":{"rendered":"K\u00e9rastase Premi\u00e8re Bain D\u00e9calcifiant R\u00e9parateur \u00a0 (Shampoo) 500 ml"},"content":{"rendered":"<div id=\"description\" class=\"data item content \" aria-labelledby=\"tab-label-description-title\" data-role=\"content\">\n<div class=\"data item main\">\n<div class=\"product attribute description\">\n<div class=\"value\">\n<div data-content-type=\"row\" data-appearance=\"contained\" data-element=\"main\">\n<div data-enable-parallax=\"0\" data-parallax-speed=\"0.5\" data-background-images=\"{}\" data-background-type=\"image\" data-video-loop=\"true\" data-video-play-only-visible=\"true\" data-video-lazy-load=\"true\" data-video-fallback-src=\"\" data-element=\"inner\" data-pb-style=\"U3O8M97\">\n<div data-content-type=\"text\" data-appearance=\"default\" data-element=\"main\">\n<p>Das\u00a0<strong>K\u00e9rastase Premi\u00e8re Bain D\u00e9calcifiant R\u00e9parateur <\/strong>, dass von innen und au\u00dfen wirkt, um \u00fcbersch\u00fcssiges Kalzium zu reduzieren und gesch\u00e4digtes Haar zu st\u00e4rken und zu reparieren.<\/p>\n<h2>Eigenschaften des K\u00e9rastase Premi\u00e8re Bain D\u00e9calcifiant R\u00e9parateur<\/h2>\n<ul>\n<li>Mit dualer Wirkung<\/li>\n<li>St\u00e4rkt und repariert<\/li>\n<li>F\u00fcr gesch\u00e4digtes Haar<\/li>\n<\/ul>\n<h3>Anwendung des K\u00e9rastase Premi\u00e8re Bain D\u00e9calcifiant R\u00e9parateur<\/h3>\n<p>1. Auf das nasse Haar auftragen und \u00fcber das Concentr\u00e9 D\u00e9calcifiant Ultra-R\u00e9parateur schichten.<\/p>\n<p>2. Einmassieren und emulgieren.<\/p>\n<p>3. Gr\u00fcndlich aussp\u00fclen. Anschlie\u00dfend Premi\u00e8re Fondant Fluidit\u00e9 R\u00e9parateur oder Masque Filler R\u00e9parateur verwenden.<\/p>\n<\/div>\n<\/div>\n<\/div>\n<\/div>\n<\/div>\n<\/div>\n<\/div>\n<div id=\"tab-label-additional\" class=\"data item title\" data-role=\"collapsible\">\n<table id=\"product-attribute-specs-table\" class=\"data table additional-attributes\" style=\"font-size: 14.4px;\">\n<caption class=\"table-caption\">Mehr Informationen<\/caption>\n<tbody>\n<tr>\n<th class=\"col label\" scope=\"row\">Menge<\/th>\n<td class=\"col data\" data-th=\"Menge\">500 ml<\/td>\n<\/tr>\n<tr>\n<th class=\"col label\" scope=\"row\">Marke<\/th>\n<td class=\"col data\" data-th=\"Marke\">Kerastase<\/td>\n<\/tr>\n<tr>\n<th class=\"col label\" scope=\"row\">Produkttyp<\/th>\n<td class=\"col data\" data-th=\"Produkttyp\">Shampoo<\/td>\n<\/tr>\n<tr>\n<th class=\"col label\" scope=\"row\">Haartyp<\/th>\n<td class=\"col data\" data-th=\"Haartyp\">gesch\u00e4digtes Haar<\/td>\n<\/tr>\n<tr>\n<th class=\"col label\" scope=\"row\">Wirkung<\/th>\n<td class=\"col data\" data-th=\"Wirkung\">Pflegend, Reinigend, Reparatur, Sch\u00fctzend, St\u00e4rkend<\/td>\n<\/tr>\n<tr>\n<th class=\"col label\" scope=\"row\">Inhaltsstoffe<\/th>\n<td class=\"col data\" data-th=\"Inhaltsstoffe\">AQUA \/ WATER \/ EAU \u2022 SODIUM COCOYL ISETHIONATE \u2022 DISODIUM LAURETH SULFOSUCCINATE \u2022 GLYCOL DISTEARATE \u2022 SODIUM LAURYL SULFOACETATE \u2022 SODIUM LAUROYL SARCOSINATE \u2022 GLYCERIN \u2022 PARFUM \/ FRAGRANCE \u2022 PPG-5-CETETH-20 \u2022 DECYL GLUCOSIDE \u2022 COCAMIDOPROPYL BETAINE \u2022 COCO-BETAINE \u2022 CITRIC ACID \u2022 DIVINYLDIMETHICONE\/DIMETHICONE COPOLYMER \u2022 AMODIMETHICONE \u2022 SODIUM HYDROXIDE \u2022 POLYQUATERNIUM-7 \u2022 POLYQUATERNIUM-10 \u2022 CARBOMER \u2022 SODIUM BENZOATE \u2022 SODIUM CHLORIDE \u2022 LIMONENE \u2022 PEG-55 PROPYLENE GLYCOL OLEATE \u2022 PROPYLENE GLYCOL \u2022 SALICYLIC ACID \u2022 BENZOIC ACID \u2022 HYDROLYZED VEGETABLE PROTEIN PG-PROPYL SILANETRIOL \u2022 GLYCINE \u2022 POLYSORBATE 21 \u2022 TRIDECETH-6 \u2022 LINALOOL \u2022 C12-13 ALKETH-23 \u2022 C12-13 ALKETH-3 \u2022 CITRAL \u2022 CETRIMONIUM CHLORIDE \u2022 PHENOXYETHANOL \u2022 POTASSIUM SORBATE (F.I.L. N70029752\/1)<\/td>\n<\/tr>\n<tr>\n<th class=\"col label\" scope=\"row\">EAN<\/th>\n<td class=\"col data\" data-th=\"EAN\">347437212568<\/td>\n<\/tr>\n<\/tbody>\n<\/table>\n<\/div>\n","protected":false},"excerpt":{"rendered":"<p>Das\u00a0<strong>K\u00e9rastase Premi\u00e8re Bain D\u00e9calcifiant R\u00e9parateur<\/strong>, dass von innen und au\u00dfen wirkt, um \u00fcbersch\u00fcssiges Kalzium zu reduzieren und gesch\u00e4digtes Haar zu st\u00e4rken und zu reparieren.<\/p>\n<div class=\"se-field se-switch field flex se-field--fluid\">\n<div class=\"se-field__label-container\">\n<div class=\"se-field__label-section fixed-width\">\n<p><strong><label class=\"field__label\" for=\"s0-0-0-24-8-REGULATORY_COMPLIANCE-0-34-6[3]-1-se-switch\">I<em>nformationen zur Produktsicherheit (GPSR-Richtlinien)<\/em><\/label><\/strong><\/p>\n<p><em><span style=\"font-size: 14.4px;\">Enth\u00e4lt Inhaltsstoffe, die Allergien ausl\u00f6sen k\u00f6nnen.<\/span><\/em><\/p>\n<p><em><span style=\"font-size: 14.4px;\">Bei Kontakt mit den Augen, diese gr\u00fcndlich aussp\u00fclen.<\/span><\/em><\/p>\n<p>Verantwortlicher Hersteller: L<em style=\"color: #333333; font-size: 14.4px;\">oreal Professionnel,\u00a0 14, rue Royale 75008 Paris\u00b4<\/em><\/p>\n<\/div>\n<\/div>\n<\/div>\n<div class=\"summary__hazmat-gridview-section\">\n<div class=\"summary__regulatory--section hazmat-statements\">\n<div class=\"se-field se-expand-button se-filter-menu-button field se-field--fluid\">\n<div class=\"se-field--fluid\">\n<div><em>fragen@loreal-group. com<\/em><\/div>\n<div>\n<table width=\"165\">\n<tbody>\n<tr>\n<td width=\"165\"><\/td>\n<\/tr>\n<\/tbody>\n<\/table>\n<\/div>\n<\/div>\n<\/div>\n<div class=\"se-field hazmat-statements-dialog hazmat-additional-statement field se-field--fluid\">\n<div class=\"se-field--fluid\">\n<div class=\"se-field--fluid\">\n<div class=\"field__subtext\"><\/div>\n<\/div>\n<\/div>\n<\/div>\n<\/div>\n<\/div>\n","protected":false},"featured_media":25178,"comment_status":"closed","ping_status":"closed","template":"","meta":{"_exactmetrics_skip_tracking":false,"_exactmetrics_sitenote_active":false,"_exactmetrics_sitenote_note":"","_exactmetrics_sitenote_category":0,"_monsterinsights_skip_tracking":false,"_monsterinsights_sitenote_active":false,"_monsterinsights_sitenote_note":"","_monsterinsights_sitenote_category":0},"pwb-brand":[],"product_brand":[613],"product_cat":[491,548,927,988],"product_tag":[712,675],"class_list":{"0":"post-25177","1":"product","2":"type-product","3":"status-publish","4":"has-post-thumbnail","6":"product_brand-redken-2","7":"product_cat-kerastase","8":"product_cat-kerastase-shampoo","9":"product_cat-500ml","10":"product_cat-premiere","11":"product_tag-haarpflege","12":"product_tag-shampoo","14":"first","15":"instock","16":"taxable","17":"shipping-taxable","18":"purchasable","19":"product-type-simple"},"yoast_head":"<!-- This site is optimized with the Yoast SEO plugin v24.6 - https:\/\/yoast.com\/wordpress\/plugins\/seo\/ -->\n<title>K\u00e9rastase Premi\u00e8re Bain D\u00e9calcifiant R\u00e9parateur \u00a0 (Shampoo) 500 ml - Friseur Hopmann Hairstyling<\/title>\n<meta name=\"robots\" content=\"index, follow, max-snippet:-1, max-image-preview:large, max-video-preview:-1\" \/>\n<link rel=\"canonical\" href=\"https:\/\/www.friseur-hopmann.de\/?product=kerastase-premiere-bain-decalcifiant-reparateur-shampoo-500-ml\" \/>\n<meta property=\"og:locale\" content=\"de_DE\" \/>\n<meta property=\"og:type\" content=\"article\" \/>\n<meta property=\"og:title\" content=\"K\u00e9rastase Premi\u00e8re Bain D\u00e9calcifiant R\u00e9parateur \u00a0 (Shampoo) 500 ml - Friseur Hopmann Hairstyling\" \/>\n<meta property=\"og:description\" content=\"Das\u00a0K\u00e9rastase Premi\u00e8re Bain D\u00e9calcifiant R\u00e9parateur, dass von innen und au\u00dfen wirkt, um \u00fcbersch\u00fcssiges Kalzium zu reduzieren und gesch\u00e4digtes Haar zu st\u00e4rken und zu reparieren.     Informationen zur Produktsicherheit (GPSR-Richtlinien)  Enth\u00e4lt Inhaltsstoffe, die Allergien ausl\u00f6sen k\u00f6nnen.  Bei Kontakt mit den Augen, diese gr\u00fcndlich aussp\u00fclen.  Verantwortlicher Hersteller: Loreal Professionnel,\u00a0 14, rue Royale 75008 Paris\u00b4         fragen@loreal-group. com\" \/>\n<meta property=\"og:url\" content=\"https:\/\/www.friseur-hopmann.de\/?product=kerastase-premiere-bain-decalcifiant-reparateur-shampoo-500-ml\" \/>\n<meta property=\"og:site_name\" content=\"Friseur Hopmann Hairstyling\" \/>\n<meta property=\"article:modified_time\" content=\"2025-10-19T08:37:19+00:00\" \/>\n<meta property=\"og:image\" content=\"http:\/\/www.friseur-hopmann.de\/wp-content\/uploads\/2025\/04\/Premier-Shp-500ml.jpg\" \/>\n\t<meta property=\"og:image:width\" content=\"378\" \/>\n\t<meta property=\"og:image:height\" content=\"378\" \/>\n\t<meta property=\"og:image:type\" content=\"image\/jpeg\" \/>\n<meta name=\"twitter:card\" content=\"summary_large_image\" \/>\n<meta name=\"twitter:label1\" content=\"Gesch\u00e4tzte Lesezeit\" \/>\n\t<meta name=\"twitter:data1\" content=\"2\u00a0Minuten\" \/>\n<script type=\"application\/ld+json\" class=\"yoast-schema-graph\">{\"@context\":\"https:\/\/schema.org\",\"@graph\":[{\"@type\":\"WebPage\",\"@id\":\"https:\/\/www.friseur-hopmann.de\/?product=kerastase-premiere-bain-decalcifiant-reparateur-shampoo-500-ml\",\"url\":\"https:\/\/www.friseur-hopmann.de\/?product=kerastase-premiere-bain-decalcifiant-reparateur-shampoo-500-ml\",\"name\":\"K\u00e9rastase Premi\u00e8re Bain D\u00e9calcifiant R\u00e9parateur \u00a0 (Shampoo) 500 ml - Friseur Hopmann Hairstyling\",\"isPartOf\":{\"@id\":\"https:\/\/www.friseur-hopmann.de\/#website\"},\"primaryImageOfPage\":{\"@id\":\"https:\/\/www.friseur-hopmann.de\/?product=kerastase-premiere-bain-decalcifiant-reparateur-shampoo-500-ml#primaryimage\"},\"image\":{\"@id\":\"https:\/\/www.friseur-hopmann.de\/?product=kerastase-premiere-bain-decalcifiant-reparateur-shampoo-500-ml#primaryimage\"},\"thumbnailUrl\":\"https:\/\/www.friseur-hopmann.de\/wp-content\/uploads\/2025\/04\/Premier-Shp-500ml.jpg\",\"datePublished\":\"2025-04-19T07:01:25+00:00\",\"dateModified\":\"2025-10-19T08:37:19+00:00\",\"breadcrumb\":{\"@id\":\"https:\/\/www.friseur-hopmann.de\/?product=kerastase-premiere-bain-decalcifiant-reparateur-shampoo-500-ml#breadcrumb\"},\"inLanguage\":\"de\",\"potentialAction\":[{\"@type\":\"ReadAction\",\"target\":[\"https:\/\/www.friseur-hopmann.de\/?product=kerastase-premiere-bain-decalcifiant-reparateur-shampoo-500-ml\"]}]},{\"@type\":\"ImageObject\",\"inLanguage\":\"de\",\"@id\":\"https:\/\/www.friseur-hopmann.de\/?product=kerastase-premiere-bain-decalcifiant-reparateur-shampoo-500-ml#primaryimage\",\"url\":\"https:\/\/www.friseur-hopmann.de\/wp-content\/uploads\/2025\/04\/Premier-Shp-500ml.jpg\",\"contentUrl\":\"https:\/\/www.friseur-hopmann.de\/wp-content\/uploads\/2025\/04\/Premier-Shp-500ml.jpg\",\"width\":378,\"height\":378},{\"@type\":\"BreadcrumbList\",\"@id\":\"https:\/\/www.friseur-hopmann.de\/?product=kerastase-premiere-bain-decalcifiant-reparateur-shampoo-500-ml#breadcrumb\",\"itemListElement\":[{\"@type\":\"ListItem\",\"position\":1,\"name\":\"Startseite\",\"item\":\"https:\/\/www.friseur-hopmann.de\/\"},{\"@type\":\"ListItem\",\"position\":2,\"name\":\"Produkte\",\"item\":\"https:\/\/www.friseur-hopmann.de\/?post_type=product\"},{\"@type\":\"ListItem\",\"position\":3,\"name\":\"K\u00e9rastase Premi\u00e8re Bain D\u00e9calcifiant R\u00e9parateur \u00a0 (Shampoo) 500 ml\"}]},{\"@type\":\"WebSite\",\"@id\":\"https:\/\/www.friseur-hopmann.de\/#website\",\"url\":\"https:\/\/www.friseur-hopmann.de\/\",\"name\":\"Friseur Hopmann Hairstyling\",\"description\":\"Ihr Friseur in Nordhorn\",\"potentialAction\":[{\"@type\":\"SearchAction\",\"target\":{\"@type\":\"EntryPoint\",\"urlTemplate\":\"https:\/\/www.friseur-hopmann.de\/?s={search_term_string}\"},\"query-input\":{\"@type\":\"PropertyValueSpecification\",\"valueRequired\":true,\"valueName\":\"search_term_string\"}}],\"inLanguage\":\"de\"}]}<\/script>\n<!-- \/ Yoast SEO plugin. -->","yoast_head_json":{"title":"K\u00e9rastase Premi\u00e8re Bain D\u00e9calcifiant R\u00e9parateur \u00a0 (Shampoo) 500 ml - Friseur Hopmann Hairstyling","robots":{"index":"index","follow":"follow","max-snippet":"max-snippet:-1","max-image-preview":"max-image-preview:large","max-video-preview":"max-video-preview:-1"},"canonical":"https:\/\/www.friseur-hopmann.de\/?product=kerastase-premiere-bain-decalcifiant-reparateur-shampoo-500-ml","og_locale":"de_DE","og_type":"article","og_title":"K\u00e9rastase Premi\u00e8re Bain D\u00e9calcifiant R\u00e9parateur \u00a0 (Shampoo) 500 ml - Friseur Hopmann Hairstyling","og_description":"Das\u00a0K\u00e9rastase Premi\u00e8re Bain D\u00e9calcifiant R\u00e9parateur, dass von innen und au\u00dfen wirkt, um \u00fcbersch\u00fcssiges Kalzium zu reduzieren und gesch\u00e4digtes Haar zu st\u00e4rken und zu reparieren.     Informationen zur Produktsicherheit (GPSR-Richtlinien)  Enth\u00e4lt Inhaltsstoffe, die Allergien ausl\u00f6sen k\u00f6nnen.  Bei Kontakt mit den Augen, diese gr\u00fcndlich aussp\u00fclen.  Verantwortlicher Hersteller: Loreal Professionnel,\u00a0 14, rue Royale 75008 Paris\u00b4         fragen@loreal-group. com","og_url":"https:\/\/www.friseur-hopmann.de\/?product=kerastase-premiere-bain-decalcifiant-reparateur-shampoo-500-ml","og_site_name":"Friseur Hopmann Hairstyling","article_modified_time":"2025-10-19T08:37:19+00:00","og_image":[{"width":378,"height":378,"url":"http:\/\/www.friseur-hopmann.de\/wp-content\/uploads\/2025\/04\/Premier-Shp-500ml.jpg","type":"image\/jpeg"}],"twitter_card":"summary_large_image","twitter_misc":{"Gesch\u00e4tzte Lesezeit":"2\u00a0Minuten"},"schema":{"@context":"https:\/\/schema.org","@graph":[{"@type":"WebPage","@id":"https:\/\/www.friseur-hopmann.de\/?product=kerastase-premiere-bain-decalcifiant-reparateur-shampoo-500-ml","url":"https:\/\/www.friseur-hopmann.de\/?product=kerastase-premiere-bain-decalcifiant-reparateur-shampoo-500-ml","name":"K\u00e9rastase Premi\u00e8re Bain D\u00e9calcifiant R\u00e9parateur \u00a0 (Shampoo) 500 ml - Friseur Hopmann Hairstyling","isPartOf":{"@id":"https:\/\/www.friseur-hopmann.de\/#website"},"primaryImageOfPage":{"@id":"https:\/\/www.friseur-hopmann.de\/?product=kerastase-premiere-bain-decalcifiant-reparateur-shampoo-500-ml#primaryimage"},"image":{"@id":"https:\/\/www.friseur-hopmann.de\/?product=kerastase-premiere-bain-decalcifiant-reparateur-shampoo-500-ml#primaryimage"},"thumbnailUrl":"https:\/\/www.friseur-hopmann.de\/wp-content\/uploads\/2025\/04\/Premier-Shp-500ml.jpg","datePublished":"2025-04-19T07:01:25+00:00","dateModified":"2025-10-19T08:37:19+00:00","breadcrumb":{"@id":"https:\/\/www.friseur-hopmann.de\/?product=kerastase-premiere-bain-decalcifiant-reparateur-shampoo-500-ml#breadcrumb"},"inLanguage":"de","potentialAction":[{"@type":"ReadAction","target":["https:\/\/www.friseur-hopmann.de\/?product=kerastase-premiere-bain-decalcifiant-reparateur-shampoo-500-ml"]}]},{"@type":"ImageObject","inLanguage":"de","@id":"https:\/\/www.friseur-hopmann.de\/?product=kerastase-premiere-bain-decalcifiant-reparateur-shampoo-500-ml#primaryimage","url":"https:\/\/www.friseur-hopmann.de\/wp-content\/uploads\/2025\/04\/Premier-Shp-500ml.jpg","contentUrl":"https:\/\/www.friseur-hopmann.de\/wp-content\/uploads\/2025\/04\/Premier-Shp-500ml.jpg","width":378,"height":378},{"@type":"BreadcrumbList","@id":"https:\/\/www.friseur-hopmann.de\/?product=kerastase-premiere-bain-decalcifiant-reparateur-shampoo-500-ml#breadcrumb","itemListElement":[{"@type":"ListItem","position":1,"name":"Startseite","item":"https:\/\/www.friseur-hopmann.de\/"},{"@type":"ListItem","position":2,"name":"Produkte","item":"https:\/\/www.friseur-hopmann.de\/?post_type=product"},{"@type":"ListItem","position":3,"name":"K\u00e9rastase Premi\u00e8re Bain D\u00e9calcifiant R\u00e9parateur \u00a0 (Shampoo) 500 ml"}]},{"@type":"WebSite","@id":"https:\/\/www.friseur-hopmann.de\/#website","url":"https:\/\/www.friseur-hopmann.de\/","name":"Friseur Hopmann Hairstyling","description":"Ihr Friseur in Nordhorn","potentialAction":[{"@type":"SearchAction","target":{"@type":"EntryPoint","urlTemplate":"https:\/\/www.friseur-hopmann.de\/?s={search_term_string}"},"query-input":{"@type":"PropertyValueSpecification","valueRequired":true,"valueName":"search_term_string"}}],"inLanguage":"de"}]}},"brands":[],"_links":{"self":[{"href":"https:\/\/www.friseur-hopmann.de\/index.php?rest_route=\/wp\/v2\/product\/25177","targetHints":{"allow":["GET"]}}],"collection":[{"href":"https:\/\/www.friseur-hopmann.de\/index.php?rest_route=\/wp\/v2\/product"}],"about":[{"href":"https:\/\/www.friseur-hopmann.de\/index.php?rest_route=\/wp\/v2\/types\/product"}],"replies":[{"embeddable":true,"href":"https:\/\/www.friseur-hopmann.de\/index.php?rest_route=%2Fwp%2Fv2%2Fcomments&post=25177"}],"wp:featuredmedia":[{"embeddable":true,"href":"https:\/\/www.friseur-hopmann.de\/index.php?rest_route=\/wp\/v2\/media\/25178"}],"wp:attachment":[{"href":"https:\/\/www.friseur-hopmann.de\/index.php?rest_route=%2Fwp%2Fv2%2Fmedia&parent=25177"}],"wp:term":[{"taxonomy":"pwb-brand","embeddable":true,"href":"https:\/\/www.friseur-hopmann.de\/index.php?rest_route=%2Fwp%2Fv2%2Fpwb-brand&post=25177"},{"taxonomy":"product_brand","embeddable":true,"href":"https:\/\/www.friseur-hopmann.de\/index.php?rest_route=%2Fwp%2Fv2%2Fproduct_brand&post=25177"},{"taxonomy":"product_cat","embeddable":true,"href":"https:\/\/www.friseur-hopmann.de\/index.php?rest_route=%2Fwp%2Fv2%2Fproduct_cat&post=25177"},{"taxonomy":"product_tag","embeddable":true,"href":"https:\/\/www.friseur-hopmann.de\/index.php?rest_route=%2Fwp%2Fv2%2Fproduct_tag&post=25177"}],"curies":[{"name":"wp","href":"https:\/\/api.w.org\/{rel}","templated":true}]}}