{"id":24835,"date":"2024-10-31T19:45:59","date_gmt":"2024-10-31T17:45:59","guid":{"rendered":"https:\/\/www.friseur-hopmann.de\/?post_type=product&#038;p=24835"},"modified":"2025-12-03T23:31:29","modified_gmt":"2025-12-03T21:31:29","slug":"kerastase-chroma-absolu-cicagloss-75-ml-nachfuellung","status":"publish","type":"product","link":"https:\/\/www.friseur-hopmann.de\/?product=kerastase-chroma-absolu-cicagloss-75-ml-nachfuellung","title":{"rendered":"K\u00e9rastase Chroma Absolu Cicagloss 75 ml (NACHF\u00dcLLUNG)"},"content":{"rendered":"<div id=\"description\" class=\"data item content \" aria-labelledby=\"tab-label-description-title\" data-role=\"content\">\n<div class=\"data item main\">\n<div class=\"product attribute description\">\n<div class=\"value\">\n<div data-content-type=\"html\" data-appearance=\"default\" data-element=\"main\" data-decoded=\"true\">\n<div data-role=\"collapsible\"><strong>Produktbeschreibung:<\/strong><\/div>\n<div data-role=\"collapsible\">Kerastase Chroma Absolu Cicagloss ist ein aufbauendes Oel f\u00fcr colorietes Haar. Es bietet dem Haar Schutz gegen das Verblassen und sorgt daf\u00fcr, dass die Farbe l\u00e4nger leuchtend bleibt. Das \u00d6l dringt in die Haare ein, f\u00fcllt die Feuchtigkeit in den L\u00e4ngen wieder auf und bildet eine Schutzbarriere. Mit Noten von Kardamone, die durch Tuberose und Orangenbl\u00fcte ausgeglichen werden. Die Basisnote besteht aus Sandholz und Moschus. Hitzeschutz bis 230\u00b0 Grad. Die Nachf\u00fcllpackung ist bis zu 95% aus recyceltem Kunsstoff.<\/div>\n<\/div>\n<\/div>\n<\/div>\n<div data-role=\"collapsible\"><\/div>\n<div class=\"product attribute description\">\n<div class=\"value\">\n<div data-role=\"collapsible\"><strong>Eigenschaften:<\/strong><\/div>\n<div data-role=\"collapsible\">Verst\u00e4rken Sie Ihre schimmernde Farbe und verleihen Sie Ihrem Haar einen lang anhaltenden Glanzeffekt. Sofortige und tiefgreifende Hydratation der Haarfaser, die einen unwiderstehlichen Glanz hinterl\u00e4sst. Kontrolliert Frizz und entfernt fliegende Haare f\u00fcr geschmeidiges Haar. Verleiht dem Haar einen verf\u00fchrerischen Duft.<\/div>\n<\/div>\n<\/div>\n<div data-role=\"collapsible\"><\/div>\n<div data-role=\"collapsible\"><strong>Anwendung:<\/strong><\/div>\n<div data-role=\"collapsible\">1-2 Pumph\u00fcbe des Produkts auf das nasse oder trockene Haar in den L\u00e4ngen und Spitzen auftragen. Nicht aussp\u00fclen.<strong><br \/>\n<\/strong><\/p>\n<div id=\"description\" class=\"data item content \" aria-labelledby=\"tab-label-description-title\" data-role=\"content\">\n<div class=\"data item main\">\n<div class=\"product attribute description\">\n<div class=\"value\">\n<div data-content-type=\"html\" data-appearance=\"default\" data-element=\"main\" data-decoded=\"true\"><\/div>\n<\/div>\n<\/div>\n<\/div>\n<\/div>\n<\/div>\n<\/div>\n<\/div>\n<div id=\"tab-label-additional\" class=\"data item title\" data-role=\"collapsible\"><\/div>\n<div class=\"additional-attributes-wrapper table-wrapper\">\n<table id=\"product-attribute-specs-table\" class=\"data table additional-attributes\">\n<caption class=\"table-caption\">\u00a0<\/caption>\n<tbody>\n<tr>\n<th class=\"col label\" scope=\"row\">Menge<\/th>\n<td class=\"col data\" data-th=\"Menge\">75 ml<\/td>\n<\/tr>\n<tr>\n<th class=\"col label\" scope=\"row\">Marke<\/th>\n<td class=\"col data\" data-th=\"Marke\">Kerastase<\/td>\n<\/tr>\n<tr>\n<th class=\"col label\" scope=\"row\">Produkttyp<\/th>\n<td class=\"col data\" data-th=\"Produkttyp\">Haar-\u00d6l<\/td>\n<\/tr>\n<tr>\n<th class=\"col label\" scope=\"row\">Haartyp<\/th>\n<td class=\"col data\" data-th=\"Haartyp\">coloriertes Haar<\/td>\n<\/tr>\n<tr>\n<th class=\"col label\" scope=\"row\">Wirkung<\/th>\n<td class=\"col data\" data-th=\"Wirkung\">Farbbrillanz, Feuchtigkeitsspendend, Geschmeidigkeit, Glanz<\/td>\n<\/tr>\n<tr>\n<th class=\"col label\" scope=\"row\">Inhaltsstoffe<\/th>\n<td class=\"col data\" data-th=\"Inhaltsstoffe\">ISODODECANE \u2022 DIMETHICONE \u2022 C11-13 ISOALKANE \u2022 CAPRYLIC\/CAPRIC TRIGLYCERIDE \u2022 DIMETHICONOL \u2022 AMODIMETHICONE \u2022 ALCOHOL DENAT. \u2022 LINALOOL \u2022 LIMONENE \u2022 GERANIOL \u2022 HYDROXYCITRONELLAL \u2022 CENTELLA ASIATICA EXTRACT \u2022 CITRONELLOL \u2022 PARFUM \/ FRAGRANCE<\/td>\n<\/tr>\n<tr>\n<th class=\"col label\" scope=\"row\">EAN<\/th>\n<td class=\"col data\" data-th=\"EAN\">3474637219659<\/td>\n<\/tr>\n<\/tbody>\n<\/table>\n<\/div>\n","protected":false},"excerpt":{"rendered":"<p><strong>NACHF\u00dcLLUNG<\/strong><\/p>\n<p>Das <strong>K\u00e9rastase Chroma Absolu Cicagloss ist ein aufbauendes \u00d6l f\u00fcr coloriertes Haar.<\/strong><\/p>\n","protected":false},"featured_media":24836,"comment_status":"open","ping_status":"closed","template":"","meta":{"_exactmetrics_skip_tracking":false,"_exactmetrics_sitenote_active":false,"_exactmetrics_sitenote_note":"","_exactmetrics_sitenote_category":0,"_monsterinsights_skip_tracking":false,"_monsterinsights_sitenote_active":false,"_monsterinsights_sitenote_note":"","_monsterinsights_sitenote_category":0},"pwb-brand":[],"product_brand":[],"product_cat":[491,544,547,940],"product_tag":[749,750,752],"class_list":{"0":"post-24835","1":"product","2":"type-product","3":"status-publish","4":"has-post-thumbnail","6":"product_cat-kerastase","7":"product_cat-kerastase-haarpflege","8":"product_cat-kerastase-pflegelotion","9":"product_cat-chroma-absolu-kerastase","10":"product_tag-glanz","11":"product_tag-haaroel","12":"product_tag-haaroel-fuer-coloriertes-haar","13":"pa_inhalt-635","15":"first","16":"instock","17":"taxable","18":"shipping-taxable","19":"purchasable","20":"product-type-simple"},"yoast_head":"<!-- This site is optimized with the Yoast SEO plugin v24.6 - https:\/\/yoast.com\/wordpress\/plugins\/seo\/ -->\n<title>ELIXIR ULTIME Pflegeoel f\u00fcr coloriertes Haar 100 ml<\/title>\n<meta name=\"robots\" content=\"index, follow, max-snippet:-1, max-image-preview:large, max-video-preview:-1\" \/>\n<link rel=\"canonical\" href=\"https:\/\/www.friseur-hopmann.de\/?product=kerastase-chroma-absolu-cicagloss-75-ml-nachfuellung\" \/>\n<meta property=\"og:locale\" content=\"de_DE\" \/>\n<meta property=\"og:type\" content=\"article\" \/>\n<meta property=\"og:title\" content=\"ELIXIR ULTIME Pflegeoel f\u00fcr coloriertes Haar 100 ml\" \/>\n<meta property=\"og:description\" content=\"NACHF\u00dcLLUNG  Das K\u00e9rastase Chroma Absolu Cicagloss ist ein aufbauendes \u00d6l f\u00fcr coloriertes Haar.\" \/>\n<meta property=\"og:url\" content=\"https:\/\/www.friseur-hopmann.de\/?product=kerastase-chroma-absolu-cicagloss-75-ml-nachfuellung\" \/>\n<meta property=\"og:site_name\" content=\"Friseur Hopmann Hairstyling\" \/>\n<meta property=\"article:modified_time\" content=\"2025-12-03T21:31:29+00:00\" \/>\n<meta property=\"og:image\" content=\"http:\/\/www.friseur-hopmann.de\/wp-content\/uploads\/2024\/10\/Chroma-Absolu-Ol-75ml-Nachfuellung.webp\" \/>\n\t<meta property=\"og:image:width\" content=\"1063\" \/>\n\t<meta property=\"og:image:height\" content=\"1063\" \/>\n\t<meta property=\"og:image:type\" content=\"image\/webp\" \/>\n<meta name=\"twitter:card\" content=\"summary_large_image\" \/>\n<meta name=\"twitter:label1\" content=\"Gesch\u00e4tzte Lesezeit\" \/>\n\t<meta name=\"twitter:data1\" content=\"2\u00a0Minuten\" \/>\n<script type=\"application\/ld+json\" class=\"yoast-schema-graph\">{\"@context\":\"https:\/\/schema.org\",\"@graph\":[{\"@type\":\"WebPage\",\"@id\":\"https:\/\/www.friseur-hopmann.de\/?product=kerastase-chroma-absolu-cicagloss-75-ml-nachfuellung\",\"url\":\"https:\/\/www.friseur-hopmann.de\/?product=kerastase-chroma-absolu-cicagloss-75-ml-nachfuellung\",\"name\":\"ELIXIR ULTIME Pflegeoel f\u00fcr coloriertes Haar 100 ml\",\"isPartOf\":{\"@id\":\"https:\/\/www.friseur-hopmann.de\/#website\"},\"primaryImageOfPage\":{\"@id\":\"https:\/\/www.friseur-hopmann.de\/?product=kerastase-chroma-absolu-cicagloss-75-ml-nachfuellung#primaryimage\"},\"image\":{\"@id\":\"https:\/\/www.friseur-hopmann.de\/?product=kerastase-chroma-absolu-cicagloss-75-ml-nachfuellung#primaryimage\"},\"thumbnailUrl\":\"https:\/\/www.friseur-hopmann.de\/wp-content\/uploads\/2024\/10\/Chroma-Absolu-Ol-75ml-Nachfuellung.webp\",\"datePublished\":\"2024-10-31T17:45:59+00:00\",\"dateModified\":\"2025-12-03T21:31:29+00:00\",\"breadcrumb\":{\"@id\":\"https:\/\/www.friseur-hopmann.de\/?product=kerastase-chroma-absolu-cicagloss-75-ml-nachfuellung#breadcrumb\"},\"inLanguage\":\"de\",\"potentialAction\":[{\"@type\":\"ReadAction\",\"target\":[\"https:\/\/www.friseur-hopmann.de\/?product=kerastase-chroma-absolu-cicagloss-75-ml-nachfuellung\"]}]},{\"@type\":\"ImageObject\",\"inLanguage\":\"de\",\"@id\":\"https:\/\/www.friseur-hopmann.de\/?product=kerastase-chroma-absolu-cicagloss-75-ml-nachfuellung#primaryimage\",\"url\":\"https:\/\/www.friseur-hopmann.de\/wp-content\/uploads\/2024\/10\/Chroma-Absolu-Ol-75ml-Nachfuellung.webp\",\"contentUrl\":\"https:\/\/www.friseur-hopmann.de\/wp-content\/uploads\/2024\/10\/Chroma-Absolu-Ol-75ml-Nachfuellung.webp\",\"width\":1063,\"height\":1063},{\"@type\":\"BreadcrumbList\",\"@id\":\"https:\/\/www.friseur-hopmann.de\/?product=kerastase-chroma-absolu-cicagloss-75-ml-nachfuellung#breadcrumb\",\"itemListElement\":[{\"@type\":\"ListItem\",\"position\":1,\"name\":\"Startseite\",\"item\":\"https:\/\/www.friseur-hopmann.de\/\"},{\"@type\":\"ListItem\",\"position\":2,\"name\":\"Produkte\",\"item\":\"https:\/\/www.friseur-hopmann.de\/?post_type=product\"},{\"@type\":\"ListItem\",\"position\":3,\"name\":\"K\u00e9rastase Chroma Absolu Cicagloss 75 ml (NACHF\u00dcLLUNG)\"}]},{\"@type\":\"WebSite\",\"@id\":\"https:\/\/www.friseur-hopmann.de\/#website\",\"url\":\"https:\/\/www.friseur-hopmann.de\/\",\"name\":\"Friseur Hopmann Hairstyling\",\"description\":\"Ihr Friseur in Nordhorn\",\"potentialAction\":[{\"@type\":\"SearchAction\",\"target\":{\"@type\":\"EntryPoint\",\"urlTemplate\":\"https:\/\/www.friseur-hopmann.de\/?s={search_term_string}\"},\"query-input\":{\"@type\":\"PropertyValueSpecification\",\"valueRequired\":true,\"valueName\":\"search_term_string\"}}],\"inLanguage\":\"de\"}]}<\/script>\n<!-- \/ Yoast SEO plugin. -->","yoast_head_json":{"title":"ELIXIR ULTIME Pflegeoel f\u00fcr coloriertes Haar 100 ml","robots":{"index":"index","follow":"follow","max-snippet":"max-snippet:-1","max-image-preview":"max-image-preview:large","max-video-preview":"max-video-preview:-1"},"canonical":"https:\/\/www.friseur-hopmann.de\/?product=kerastase-chroma-absolu-cicagloss-75-ml-nachfuellung","og_locale":"de_DE","og_type":"article","og_title":"ELIXIR ULTIME Pflegeoel f\u00fcr coloriertes Haar 100 ml","og_description":"NACHF\u00dcLLUNG  Das K\u00e9rastase Chroma Absolu Cicagloss ist ein aufbauendes \u00d6l f\u00fcr coloriertes Haar.","og_url":"https:\/\/www.friseur-hopmann.de\/?product=kerastase-chroma-absolu-cicagloss-75-ml-nachfuellung","og_site_name":"Friseur Hopmann Hairstyling","article_modified_time":"2025-12-03T21:31:29+00:00","og_image":[{"width":1063,"height":1063,"url":"http:\/\/www.friseur-hopmann.de\/wp-content\/uploads\/2024\/10\/Chroma-Absolu-Ol-75ml-Nachfuellung.webp","type":"image\/webp"}],"twitter_card":"summary_large_image","twitter_misc":{"Gesch\u00e4tzte Lesezeit":"2\u00a0Minuten"},"schema":{"@context":"https:\/\/schema.org","@graph":[{"@type":"WebPage","@id":"https:\/\/www.friseur-hopmann.de\/?product=kerastase-chroma-absolu-cicagloss-75-ml-nachfuellung","url":"https:\/\/www.friseur-hopmann.de\/?product=kerastase-chroma-absolu-cicagloss-75-ml-nachfuellung","name":"ELIXIR ULTIME Pflegeoel f\u00fcr coloriertes Haar 100 ml","isPartOf":{"@id":"https:\/\/www.friseur-hopmann.de\/#website"},"primaryImageOfPage":{"@id":"https:\/\/www.friseur-hopmann.de\/?product=kerastase-chroma-absolu-cicagloss-75-ml-nachfuellung#primaryimage"},"image":{"@id":"https:\/\/www.friseur-hopmann.de\/?product=kerastase-chroma-absolu-cicagloss-75-ml-nachfuellung#primaryimage"},"thumbnailUrl":"https:\/\/www.friseur-hopmann.de\/wp-content\/uploads\/2024\/10\/Chroma-Absolu-Ol-75ml-Nachfuellung.webp","datePublished":"2024-10-31T17:45:59+00:00","dateModified":"2025-12-03T21:31:29+00:00","breadcrumb":{"@id":"https:\/\/www.friseur-hopmann.de\/?product=kerastase-chroma-absolu-cicagloss-75-ml-nachfuellung#breadcrumb"},"inLanguage":"de","potentialAction":[{"@type":"ReadAction","target":["https:\/\/www.friseur-hopmann.de\/?product=kerastase-chroma-absolu-cicagloss-75-ml-nachfuellung"]}]},{"@type":"ImageObject","inLanguage":"de","@id":"https:\/\/www.friseur-hopmann.de\/?product=kerastase-chroma-absolu-cicagloss-75-ml-nachfuellung#primaryimage","url":"https:\/\/www.friseur-hopmann.de\/wp-content\/uploads\/2024\/10\/Chroma-Absolu-Ol-75ml-Nachfuellung.webp","contentUrl":"https:\/\/www.friseur-hopmann.de\/wp-content\/uploads\/2024\/10\/Chroma-Absolu-Ol-75ml-Nachfuellung.webp","width":1063,"height":1063},{"@type":"BreadcrumbList","@id":"https:\/\/www.friseur-hopmann.de\/?product=kerastase-chroma-absolu-cicagloss-75-ml-nachfuellung#breadcrumb","itemListElement":[{"@type":"ListItem","position":1,"name":"Startseite","item":"https:\/\/www.friseur-hopmann.de\/"},{"@type":"ListItem","position":2,"name":"Produkte","item":"https:\/\/www.friseur-hopmann.de\/?post_type=product"},{"@type":"ListItem","position":3,"name":"K\u00e9rastase Chroma Absolu Cicagloss 75 ml (NACHF\u00dcLLUNG)"}]},{"@type":"WebSite","@id":"https:\/\/www.friseur-hopmann.de\/#website","url":"https:\/\/www.friseur-hopmann.de\/","name":"Friseur Hopmann Hairstyling","description":"Ihr Friseur in Nordhorn","potentialAction":[{"@type":"SearchAction","target":{"@type":"EntryPoint","urlTemplate":"https:\/\/www.friseur-hopmann.de\/?s={search_term_string}"},"query-input":{"@type":"PropertyValueSpecification","valueRequired":true,"valueName":"search_term_string"}}],"inLanguage":"de"}]}},"brands":[],"_links":{"self":[{"href":"https:\/\/www.friseur-hopmann.de\/index.php?rest_route=\/wp\/v2\/product\/24835","targetHints":{"allow":["GET"]}}],"collection":[{"href":"https:\/\/www.friseur-hopmann.de\/index.php?rest_route=\/wp\/v2\/product"}],"about":[{"href":"https:\/\/www.friseur-hopmann.de\/index.php?rest_route=\/wp\/v2\/types\/product"}],"replies":[{"embeddable":true,"href":"https:\/\/www.friseur-hopmann.de\/index.php?rest_route=%2Fwp%2Fv2%2Fcomments&post=24835"}],"wp:featuredmedia":[{"embeddable":true,"href":"https:\/\/www.friseur-hopmann.de\/index.php?rest_route=\/wp\/v2\/media\/24836"}],"wp:attachment":[{"href":"https:\/\/www.friseur-hopmann.de\/index.php?rest_route=%2Fwp%2Fv2%2Fmedia&parent=24835"}],"wp:term":[{"taxonomy":"pwb-brand","embeddable":true,"href":"https:\/\/www.friseur-hopmann.de\/index.php?rest_route=%2Fwp%2Fv2%2Fpwb-brand&post=24835"},{"taxonomy":"product_brand","embeddable":true,"href":"https:\/\/www.friseur-hopmann.de\/index.php?rest_route=%2Fwp%2Fv2%2Fproduct_brand&post=24835"},{"taxonomy":"product_cat","embeddable":true,"href":"https:\/\/www.friseur-hopmann.de\/index.php?rest_route=%2Fwp%2Fv2%2Fproduct_cat&post=24835"},{"taxonomy":"product_tag","embeddable":true,"href":"https:\/\/www.friseur-hopmann.de\/index.php?rest_route=%2Fwp%2Fv2%2Fproduct_tag&post=24835"}],"curies":[{"name":"wp","href":"https:\/\/api.w.org\/{rel}","templated":true}]}}