{"id":24821,"date":"2024-10-29T16:49:04","date_gmt":"2024-10-29T14:49:04","guid":{"rendered":"https:\/\/www.friseur-hopmann.de\/?post_type=product&#038;p=24821"},"modified":"2026-01-03T21:19:38","modified_gmt":"2026-01-03T19:19:38","slug":"kerastase-elixir-ultime-orginal-haarpflegeoel-fuer-normales-und-trockenes-haar-30-ml","status":"publish","type":"product","link":"https:\/\/www.friseur-hopmann.de\/?product=kerastase-elixir-ultime-orginal-haarpflegeoel-fuer-normales-und-trockenes-haar-30-ml","title":{"rendered":"K\u00c9RASTASE ELIXIR ULTIME ORGINAL (Haarpflegeoel) f\u00fcr  normales und trockenes Haar 30 ml"},"content":{"rendered":"<h3>Produktbeschreibung:<\/h3>\n<div class=\"std col-lg-8 col-lg-offset-2 col-md-10 col-md-offset-1\">\n<h2>K\u00e9rastase Elixir Ultime Original 30 ml<\/h2>\n<div id=\"description\" class=\"data item content \" aria-labelledby=\"tab-label-description-title\" data-role=\"content\">\n<div class=\"data item main\">\n<div class=\"product attribute description\">\n<div class=\"value\">\n<div data-content-type=\"row\" data-appearance=\"contained\" data-element=\"main\">\n<div data-enable-parallax=\"0\" data-parallax-speed=\"0.5\" data-background-images=\"{}\" data-background-type=\"image\" data-video-loop=\"true\" data-video-play-only-visible=\"true\" data-video-lazy-load=\"true\" data-video-fallback-src=\"\" data-element=\"inner\" data-pb-style=\"ER61H0G\">\n<div data-content-type=\"text\" data-appearance=\"default\" data-element=\"main\">\n<p>Der\u00a0<strong>K\u00e9rastase Elixir Ultime d<\/strong>as \u00fcberarbeitete Haar\u00f6l sch\u00fctzt und pflegt das Haar. Verleiht dem Haar hohen Glanz und einen lang anhaltenden Glanzeffekt. Das Haar wird sofort geschmeidig und l\u00e4sst sich leichter frisieren.\u00a0Kontrolliert den Frizz w\u00e4hrend 96h und entfernt abstehende H\u00e4rchen f\u00fcr ein geschmeidiges Haar.<\/p>\n<h3>Anwendung des\u00a0<strong>K\u00e9rastase Elixir Ultime<\/strong><\/h3>\n<p>Auf L\u00e4ngen und Spitzen auftragen, um einen Hauch von Glanz zu verleihen. 1-2 Pumph\u00fcbe des Produktes auf das nasse oder trockene Haar auftragen. Nicht aussp\u00fclen.<\/p>\n<\/div>\n<\/div>\n<\/div>\n<\/div>\n<\/div>\n<\/div>\n<\/div>\n<div id=\"tab-label-additional\" class=\"data item title\" data-role=\"collapsible\"><\/div>\n<div id=\"additional\" class=\"data item content \" aria-labelledby=\"tab-label-additional-title\" data-role=\"content\">\n<div class=\"data item main\">\n<div class=\"additional-attributes-wrapper table-wrapper\">\n<table id=\"product-attribute-specs-table\" class=\"data table additional-attributes\">\n<caption class=\"table-caption\">\u00a0<\/caption>\n<tbody>\n<tr>\n<th class=\"col label\" scope=\"row\">Menge<\/th>\n<td class=\"col data\" data-th=\"Menge\">30 ml<\/td>\n<\/tr>\n<tr>\n<th class=\"col label\" scope=\"row\">Marke<\/th>\n<td class=\"col data\" data-th=\"Marke\">Kerastase<\/td>\n<\/tr>\n<tr>\n<th class=\"col label\" scope=\"row\">Produkttyp<\/th>\n<td class=\"col data\" data-th=\"Produkttyp\">Haar-\u00d6l<\/td>\n<\/tr>\n<tr>\n<th class=\"col label\" scope=\"row\">Haartyp<\/th>\n<td class=\"col data\" data-th=\"Haartyp\">alle Haartypen<\/td>\n<\/tr>\n<tr>\n<th class=\"col label\" scope=\"row\">Wirkung<\/th>\n<td class=\"col data\" data-th=\"Wirkung\">Glanz, Sch\u00fctzend<\/td>\n<\/tr>\n<tr>\n<th class=\"col label\" scope=\"row\">Inhaltsstoffe<\/th>\n<td class=\"col data\" data-th=\"Inhaltsstoffe\">ISODODECANE \u2022 DIMETHICONE \u2022 DIMETHICONOL \u2022 CAMELLIA OLEIFERA SEED OIL \u2022 ZEA MAYS GERM OIL \/ CORN GERM OIL \u2022 ARGANIA SPINOSA KERNEL OIL \u2022 SCLEROCARYA BIRREA SEED OIL \u2022 PENTACLETHRA MACROLOBA SEED OIL \u2022 CAPRYLIC\/CAPRIC TRIGLYCERIDE \u2022 CAMELINA SATIVA SEED OIL \u2022 LINALOOL \u2022 ALPHA-ISOMETHYL IONONE \u2022 LIMONENE \u2022 COUMARIN \u2022 BENZYL ALCOHOL \u2022 CAMELLIA JAPONICA FLOWER EXTRACT \u2022 PHYLLANTHUS EMBLICA FRUIT EXTRACT \u2022 TOCOPHEROL \u2022 PARFUM \/ FRAGRANCE<\/td>\n<\/tr>\n<tr>\n<th class=\"col label\" scope=\"row\"><\/th>\n<td class=\"col data\" data-th=\"EAN\"><\/td>\n<\/tr>\n<\/tbody>\n<\/table>\n<\/div>\n<\/div>\n<\/div>\n<\/div>\n<p>&nbsp;<\/p>\n","protected":false},"excerpt":{"rendered":"<p>Das Pflege\u00f6l Kerastase Elixir Ultime Orginal mit sofortigem Glanz-Effekt gl\u00e4ttet das Haar und sorgt f\u00fcr Geschmeidigkeit und einen langanhaltenden Pflegeeffekt.<\/p>\n<p>Geeignet f\u00fcr normales und trockenes Haar.<\/p>\n","protected":false},"featured_media":24823,"comment_status":"open","ping_status":"closed","template":"","meta":{"_exactmetrics_skip_tracking":false,"_exactmetrics_sitenote_active":false,"_exactmetrics_sitenote_note":"","_exactmetrics_sitenote_category":0,"_monsterinsights_skip_tracking":false,"_monsterinsights_sitenote_active":false,"_monsterinsights_sitenote_note":"","_monsterinsights_sitenote_category":0},"pwb-brand":[],"product_brand":[],"product_cat":[512,491,544,547],"product_tag":[750,669],"class_list":{"0":"post-24821","1":"product","2":"type-product","3":"status-publish","4":"has-post-thumbnail","6":"product_cat-elixir-ultime","7":"product_cat-kerastase","8":"product_cat-kerastase-haarpflege","9":"product_cat-kerastase-pflegelotion","10":"product_tag-haaroel","11":"product_tag-intensiv-haarpflege","12":"pa_inhalt-635","14":"first","15":"instock","16":"taxable","17":"shipping-taxable","18":"purchasable","19":"product-type-simple"},"yoast_head":"<!-- This site is optimized with the Yoast SEO plugin v24.6 - https:\/\/yoast.com\/wordpress\/plugins\/seo\/ -->\n<title>ELIXIR ULTIME Pflegeoel f\u00fcr normales und trockenes Haar 100 ml<\/title>\n<meta name=\"robots\" content=\"index, follow, max-snippet:-1, max-image-preview:large, max-video-preview:-1\" \/>\n<link rel=\"canonical\" href=\"https:\/\/www.friseur-hopmann.de\/?product=kerastase-elixir-ultime-orginal-haarpflegeoel-fuer-normales-und-trockenes-haar-30-ml\" \/>\n<meta property=\"og:locale\" content=\"de_DE\" \/>\n<meta property=\"og:type\" content=\"article\" \/>\n<meta property=\"og:title\" content=\"ELIXIR ULTIME Pflegeoel f\u00fcr normales und trockenes Haar 100 ml\" \/>\n<meta property=\"og:description\" content=\"Das Pflege\u00f6l Kerastase Elixir Ultime Orginal mit sofortigem Glanz-Effekt gl\u00e4ttet das Haar und sorgt f\u00fcr Geschmeidigkeit und einen langanhaltenden Pflegeeffekt.  Geeignet f\u00fcr normales und trockenes Haar.\" \/>\n<meta property=\"og:url\" content=\"https:\/\/www.friseur-hopmann.de\/?product=kerastase-elixir-ultime-orginal-haarpflegeoel-fuer-normales-und-trockenes-haar-30-ml\" \/>\n<meta property=\"og:site_name\" content=\"Friseur Hopmann Hairstyling\" \/>\n<meta property=\"article:modified_time\" content=\"2026-01-03T19:19:38+00:00\" \/>\n<meta property=\"og:image\" content=\"http:\/\/www.friseur-hopmann.de\/wp-content\/uploads\/2024\/10\/Elixir-Ultime-Orginal-30ml.webp\" \/>\n\t<meta property=\"og:image:width\" content=\"700\" \/>\n\t<meta property=\"og:image:height\" content=\"700\" \/>\n\t<meta property=\"og:image:type\" content=\"image\/webp\" \/>\n<meta name=\"twitter:card\" content=\"summary_large_image\" \/>\n<meta name=\"twitter:label1\" content=\"Gesch\u00e4tzte Lesezeit\" \/>\n\t<meta name=\"twitter:data1\" content=\"2\u00a0Minuten\" \/>\n<script type=\"application\/ld+json\" class=\"yoast-schema-graph\">{\"@context\":\"https:\/\/schema.org\",\"@graph\":[{\"@type\":\"WebPage\",\"@id\":\"https:\/\/www.friseur-hopmann.de\/?product=kerastase-elixir-ultime-orginal-haarpflegeoel-fuer-normales-und-trockenes-haar-30-ml\",\"url\":\"https:\/\/www.friseur-hopmann.de\/?product=kerastase-elixir-ultime-orginal-haarpflegeoel-fuer-normales-und-trockenes-haar-30-ml\",\"name\":\"ELIXIR ULTIME Pflegeoel f\u00fcr normales und trockenes Haar 100 ml\",\"isPartOf\":{\"@id\":\"https:\/\/www.friseur-hopmann.de\/#website\"},\"primaryImageOfPage\":{\"@id\":\"https:\/\/www.friseur-hopmann.de\/?product=kerastase-elixir-ultime-orginal-haarpflegeoel-fuer-normales-und-trockenes-haar-30-ml#primaryimage\"},\"image\":{\"@id\":\"https:\/\/www.friseur-hopmann.de\/?product=kerastase-elixir-ultime-orginal-haarpflegeoel-fuer-normales-und-trockenes-haar-30-ml#primaryimage\"},\"thumbnailUrl\":\"https:\/\/www.friseur-hopmann.de\/wp-content\/uploads\/2024\/10\/Elixir-Ultime-Orginal-30ml.webp\",\"datePublished\":\"2024-10-29T14:49:04+00:00\",\"dateModified\":\"2026-01-03T19:19:38+00:00\",\"breadcrumb\":{\"@id\":\"https:\/\/www.friseur-hopmann.de\/?product=kerastase-elixir-ultime-orginal-haarpflegeoel-fuer-normales-und-trockenes-haar-30-ml#breadcrumb\"},\"inLanguage\":\"de\",\"potentialAction\":[{\"@type\":\"ReadAction\",\"target\":[\"https:\/\/www.friseur-hopmann.de\/?product=kerastase-elixir-ultime-orginal-haarpflegeoel-fuer-normales-und-trockenes-haar-30-ml\"]}]},{\"@type\":\"ImageObject\",\"inLanguage\":\"de\",\"@id\":\"https:\/\/www.friseur-hopmann.de\/?product=kerastase-elixir-ultime-orginal-haarpflegeoel-fuer-normales-und-trockenes-haar-30-ml#primaryimage\",\"url\":\"https:\/\/www.friseur-hopmann.de\/wp-content\/uploads\/2024\/10\/Elixir-Ultime-Orginal-30ml.webp\",\"contentUrl\":\"https:\/\/www.friseur-hopmann.de\/wp-content\/uploads\/2024\/10\/Elixir-Ultime-Orginal-30ml.webp\",\"width\":700,\"height\":700},{\"@type\":\"BreadcrumbList\",\"@id\":\"https:\/\/www.friseur-hopmann.de\/?product=kerastase-elixir-ultime-orginal-haarpflegeoel-fuer-normales-und-trockenes-haar-30-ml#breadcrumb\",\"itemListElement\":[{\"@type\":\"ListItem\",\"position\":1,\"name\":\"Startseite\",\"item\":\"https:\/\/www.friseur-hopmann.de\/\"},{\"@type\":\"ListItem\",\"position\":2,\"name\":\"Produkte\",\"item\":\"https:\/\/www.friseur-hopmann.de\/?post_type=product\"},{\"@type\":\"ListItem\",\"position\":3,\"name\":\"K\u00c9RASTASE ELIXIR ULTIME ORGINAL (Haarpflegeoel) f\u00fcr normales und trockenes Haar 30 ml\"}]},{\"@type\":\"WebSite\",\"@id\":\"https:\/\/www.friseur-hopmann.de\/#website\",\"url\":\"https:\/\/www.friseur-hopmann.de\/\",\"name\":\"Friseur Hopmann Hairstyling\",\"description\":\"Ihr Friseur in Nordhorn\",\"potentialAction\":[{\"@type\":\"SearchAction\",\"target\":{\"@type\":\"EntryPoint\",\"urlTemplate\":\"https:\/\/www.friseur-hopmann.de\/?s={search_term_string}\"},\"query-input\":{\"@type\":\"PropertyValueSpecification\",\"valueRequired\":true,\"valueName\":\"search_term_string\"}}],\"inLanguage\":\"de\"}]}<\/script>\n<!-- \/ Yoast SEO plugin. -->","yoast_head_json":{"title":"ELIXIR ULTIME Pflegeoel f\u00fcr normales und trockenes Haar 100 ml","robots":{"index":"index","follow":"follow","max-snippet":"max-snippet:-1","max-image-preview":"max-image-preview:large","max-video-preview":"max-video-preview:-1"},"canonical":"https:\/\/www.friseur-hopmann.de\/?product=kerastase-elixir-ultime-orginal-haarpflegeoel-fuer-normales-und-trockenes-haar-30-ml","og_locale":"de_DE","og_type":"article","og_title":"ELIXIR ULTIME Pflegeoel f\u00fcr normales und trockenes Haar 100 ml","og_description":"Das Pflege\u00f6l Kerastase Elixir Ultime Orginal mit sofortigem Glanz-Effekt gl\u00e4ttet das Haar und sorgt f\u00fcr Geschmeidigkeit und einen langanhaltenden Pflegeeffekt.  Geeignet f\u00fcr normales und trockenes Haar.","og_url":"https:\/\/www.friseur-hopmann.de\/?product=kerastase-elixir-ultime-orginal-haarpflegeoel-fuer-normales-und-trockenes-haar-30-ml","og_site_name":"Friseur Hopmann Hairstyling","article_modified_time":"2026-01-03T19:19:38+00:00","og_image":[{"width":700,"height":700,"url":"http:\/\/www.friseur-hopmann.de\/wp-content\/uploads\/2024\/10\/Elixir-Ultime-Orginal-30ml.webp","type":"image\/webp"}],"twitter_card":"summary_large_image","twitter_misc":{"Gesch\u00e4tzte Lesezeit":"2\u00a0Minuten"},"schema":{"@context":"https:\/\/schema.org","@graph":[{"@type":"WebPage","@id":"https:\/\/www.friseur-hopmann.de\/?product=kerastase-elixir-ultime-orginal-haarpflegeoel-fuer-normales-und-trockenes-haar-30-ml","url":"https:\/\/www.friseur-hopmann.de\/?product=kerastase-elixir-ultime-orginal-haarpflegeoel-fuer-normales-und-trockenes-haar-30-ml","name":"ELIXIR ULTIME Pflegeoel f\u00fcr normales und trockenes Haar 100 ml","isPartOf":{"@id":"https:\/\/www.friseur-hopmann.de\/#website"},"primaryImageOfPage":{"@id":"https:\/\/www.friseur-hopmann.de\/?product=kerastase-elixir-ultime-orginal-haarpflegeoel-fuer-normales-und-trockenes-haar-30-ml#primaryimage"},"image":{"@id":"https:\/\/www.friseur-hopmann.de\/?product=kerastase-elixir-ultime-orginal-haarpflegeoel-fuer-normales-und-trockenes-haar-30-ml#primaryimage"},"thumbnailUrl":"https:\/\/www.friseur-hopmann.de\/wp-content\/uploads\/2024\/10\/Elixir-Ultime-Orginal-30ml.webp","datePublished":"2024-10-29T14:49:04+00:00","dateModified":"2026-01-03T19:19:38+00:00","breadcrumb":{"@id":"https:\/\/www.friseur-hopmann.de\/?product=kerastase-elixir-ultime-orginal-haarpflegeoel-fuer-normales-und-trockenes-haar-30-ml#breadcrumb"},"inLanguage":"de","potentialAction":[{"@type":"ReadAction","target":["https:\/\/www.friseur-hopmann.de\/?product=kerastase-elixir-ultime-orginal-haarpflegeoel-fuer-normales-und-trockenes-haar-30-ml"]}]},{"@type":"ImageObject","inLanguage":"de","@id":"https:\/\/www.friseur-hopmann.de\/?product=kerastase-elixir-ultime-orginal-haarpflegeoel-fuer-normales-und-trockenes-haar-30-ml#primaryimage","url":"https:\/\/www.friseur-hopmann.de\/wp-content\/uploads\/2024\/10\/Elixir-Ultime-Orginal-30ml.webp","contentUrl":"https:\/\/www.friseur-hopmann.de\/wp-content\/uploads\/2024\/10\/Elixir-Ultime-Orginal-30ml.webp","width":700,"height":700},{"@type":"BreadcrumbList","@id":"https:\/\/www.friseur-hopmann.de\/?product=kerastase-elixir-ultime-orginal-haarpflegeoel-fuer-normales-und-trockenes-haar-30-ml#breadcrumb","itemListElement":[{"@type":"ListItem","position":1,"name":"Startseite","item":"https:\/\/www.friseur-hopmann.de\/"},{"@type":"ListItem","position":2,"name":"Produkte","item":"https:\/\/www.friseur-hopmann.de\/?post_type=product"},{"@type":"ListItem","position":3,"name":"K\u00c9RASTASE ELIXIR ULTIME ORGINAL (Haarpflegeoel) f\u00fcr normales und trockenes Haar 30 ml"}]},{"@type":"WebSite","@id":"https:\/\/www.friseur-hopmann.de\/#website","url":"https:\/\/www.friseur-hopmann.de\/","name":"Friseur Hopmann Hairstyling","description":"Ihr Friseur in Nordhorn","potentialAction":[{"@type":"SearchAction","target":{"@type":"EntryPoint","urlTemplate":"https:\/\/www.friseur-hopmann.de\/?s={search_term_string}"},"query-input":{"@type":"PropertyValueSpecification","valueRequired":true,"valueName":"search_term_string"}}],"inLanguage":"de"}]}},"brands":[],"_links":{"self":[{"href":"https:\/\/www.friseur-hopmann.de\/index.php?rest_route=\/wp\/v2\/product\/24821","targetHints":{"allow":["GET"]}}],"collection":[{"href":"https:\/\/www.friseur-hopmann.de\/index.php?rest_route=\/wp\/v2\/product"}],"about":[{"href":"https:\/\/www.friseur-hopmann.de\/index.php?rest_route=\/wp\/v2\/types\/product"}],"replies":[{"embeddable":true,"href":"https:\/\/www.friseur-hopmann.de\/index.php?rest_route=%2Fwp%2Fv2%2Fcomments&post=24821"}],"wp:featuredmedia":[{"embeddable":true,"href":"https:\/\/www.friseur-hopmann.de\/index.php?rest_route=\/wp\/v2\/media\/24823"}],"wp:attachment":[{"href":"https:\/\/www.friseur-hopmann.de\/index.php?rest_route=%2Fwp%2Fv2%2Fmedia&parent=24821"}],"wp:term":[{"taxonomy":"pwb-brand","embeddable":true,"href":"https:\/\/www.friseur-hopmann.de\/index.php?rest_route=%2Fwp%2Fv2%2Fpwb-brand&post=24821"},{"taxonomy":"product_brand","embeddable":true,"href":"https:\/\/www.friseur-hopmann.de\/index.php?rest_route=%2Fwp%2Fv2%2Fproduct_brand&post=24821"},{"taxonomy":"product_cat","embeddable":true,"href":"https:\/\/www.friseur-hopmann.de\/index.php?rest_route=%2Fwp%2Fv2%2Fproduct_cat&post=24821"},{"taxonomy":"product_tag","embeddable":true,"href":"https:\/\/www.friseur-hopmann.de\/index.php?rest_route=%2Fwp%2Fv2%2Fproduct_tag&post=24821"}],"curies":[{"name":"wp","href":"https:\/\/api.w.org\/{rel}","templated":true}]}}