{"id":24445,"date":"2024-06-10T15:01:47","date_gmt":"2024-06-10T13:01:47","guid":{"rendered":"https:\/\/www.friseur-hopmann.de\/?post_type=product&#038;p=24445"},"modified":"2025-05-25T14:44:55","modified_gmt":"2025-05-25T12:44:55","slug":"kerastase-premiere-concentre-decalcifiant-ultra-reparateur-250-ml","status":"publish","type":"product","link":"https:\/\/www.friseur-hopmann.de\/?product=kerastase-premiere-concentre-decalcifiant-ultra-reparateur-250-ml","title":{"rendered":"\u00a0K\u00e9rastase Premi\u00e8re Concentr\u00e9 D\u00e9calcifiant Ultra-R\u00e9parateur\u00a0250 ml"},"content":{"rendered":"<div id=\"description\" class=\"data item content \" aria-labelledby=\"tab-label-description-title\" data-role=\"content\">\n<div class=\"data item main\">\n<div class=\"product attribute description\">\n<div class=\"value\">\n<div data-content-type=\"row\" data-appearance=\"contained\" data-element=\"main\">\n<div data-enable-parallax=\"0\" data-parallax-speed=\"0.5\" data-background-images=\"{}\" data-background-type=\"image\" data-video-loop=\"true\" data-video-play-only-visible=\"true\" data-video-lazy-load=\"true\" data-video-fallback-src=\"\" data-element=\"inner\" data-pb-style=\"D5R0347\">\n<div data-content-type=\"text\" data-appearance=\"default\" data-element=\"main\">\n<p>Die\u00a0<strong>K\u00e9rastase Premi\u00e8re Concentr\u00e9 D\u00e9calcifiant Ultra-R\u00e9parateur\u00a0<\/strong>reduziert \u00fcbersch\u00fcssiges Kalzium und repariert gesch\u00e4digtes Haar vor der Haarw\u00e4sche. Sie st\u00e4rkt die Haarkraft und macht das Haar widerstandsf\u00e4higer und sch\u00f6ner.<\/p>\n<h2>Eigenschaften des K\u00e9rastase Premi\u00e8re Concentr\u00e9 D\u00e9calcifiant Ultra-R\u00e9parateur 250 ml<\/h2>\n<ul>\n<li>Reduziert intensiv den Kalzium\u00fcberschuss<\/li>\n<li>Repariert das Haar von innen<\/li>\n<li>St\u00e4rkt die Haare<\/li>\n<li>Das Haar wird st\u00e4rker, ges\u00fcnder und glatter<\/li>\n<\/ul>\n<h3>Anwendung des K\u00e9rastase Premi\u00e8re Concentr\u00e9 D\u00e9calcifiant Ultra-R\u00e9parateur<\/h3>\n<p>1. Vor dem Haarbad auf die nassen L\u00e4ngen auftragen, einmassieren und 5 Minuten einwirken lassen. Nicht aussp\u00fclen.<\/p>\n<p>2. Anschlie\u00dfend das Haar mit Premi\u00e8re Bain D\u00e9calcifiant R\u00e9novateur waschen, um durch das Layering die Wirksamkeit zu erh\u00f6hen.<\/p>\n<p>3. Aussp\u00fclen und mit Premi\u00e8re Fondant Fluidit\u00e9 R\u00e9parateur oder Masque Filler R\u00e9parateur nachbehandeln<\/p>\n<\/div>\n<\/div>\n<\/div>\n<\/div>\n<\/div>\n<\/div>\n<\/div>\n<div id=\"additional\" class=\"data item content \" aria-labelledby=\"tab-label-additional-title\" data-role=\"content\">\n<div class=\"data item main\">\n<div class=\"additional-attributes-wrapper table-wrapper\">\n<table id=\"product-attribute-specs-table\" class=\"data table additional-attributes\">\n<caption class=\"table-caption\">Mehr Informationen<\/caption>\n<tbody>\n<tr>\n<th class=\"col label\" scope=\"row\">Menge<\/th>\n<td class=\"col data\" data-th=\"Menge\">250 ml<\/td>\n<\/tr>\n<tr>\n<th class=\"col label\" scope=\"row\">Marke<\/th>\n<td class=\"col data\" data-th=\"Marke\">Kerastase<\/td>\n<\/tr>\n<tr>\n<th class=\"col label\" scope=\"row\">Produkttyp<\/th>\n<td class=\"col data\" data-th=\"Produkttyp\">Haarkur<\/td>\n<\/tr>\n<tr>\n<th class=\"col label\" scope=\"row\">Haartyp<\/th>\n<td class=\"col data\" data-th=\"Haartyp\">gesch\u00e4digtes Haar<\/td>\n<\/tr>\n<tr>\n<th class=\"col label\" scope=\"row\">Wirkung<\/th>\n<td class=\"col data\" data-th=\"Wirkung\">Pflegend, Reparatur, St\u00e4rkend<\/td>\n<\/tr>\n<tr>\n<th class=\"col label\" scope=\"row\">Inhaltsstoffe<\/th>\n<td class=\"col data\" data-th=\"Inhaltsstoffe\">AQUA \/ WATER \/ EAU \u2022 GLYCERIN \u2022 PROPYLENE GLYCOL \u2022 GLYCINE \u2022 CITRIC ACID \u2022 PEG-40 HYDROGENATED CASTOR OIL \u2022 SODIUM HYDROXIDE \u2022 PARFUM \/ FRAGRANCE \u2022 CETRIMONIUM CHLORIDE \u2022 POLYSORBATE 20 \u2022 POLYSORBATE 80 \u2022 PHENOXYETHANOL \u2022 HYDROLYZED VEGETABLE PROTEIN PG-PROPYL SILANETRIOL \u2022 HYDROXYPROPYL GUAR \u2022 HYDROXYPROPYL GUAR HYDROXYPROPYLTRIMONIUM CHLORIDE \u2022 QUATERNIUM-80 \u2022 LIMONENE \u2022 LINALOOL \u2022 SODIUM BENZOATE \u2022 CITRAL \u2022 POTASSIUM SORBATE (F.I.L. N70030006\/1)<\/td>\n<\/tr>\n<tr>\n<th class=\"col label\" scope=\"row\">EAN<\/th>\n<td class=\"col data\" data-th=\"EAN\">3474637196684<\/td>\n<\/tr>\n<\/tbody>\n<\/table>\n<\/div>\n<\/div>\n<\/div>\n","protected":false},"excerpt":{"rendered":"<p>Die\u00a0<strong>K\u00e9rastase Premi\u00e8re Concentr\u00e9 D\u00e9calcifiant Ultra-R\u00e9parateur\u00a0<\/strong>reduziert \u00fcbersch\u00fcssiges Kalzium und repariert gesch\u00e4digtes Haar vor der Haarw\u00e4sche. Sie st\u00e4rkt die Haarkraft und macht das Haar widerstandsf\u00e4higer und sch\u00f6ner.<\/p>\n<p>&nbsp;<\/p>\n<div class=\"se-field se-switch field flex se-field--fluid\">\n<div class=\"se-field__label-container\">\n<div class=\"se-field__label-section fixed-width\">\n<p><strong><label class=\"field__label\" for=\"s0-0-0-24-8-REGULATORY_COMPLIANCE-0-34-6[3]-1-se-switch\">I<em>nformationen zur Produktsicherheit (GPSR-Richtlinien)<\/em><\/label><\/strong><\/p>\n<p><em>Enth\u00e4lt Inhaltsstoffe, die Allergien ausl\u00f6sen k\u00f6nnen.<\/em><\/p>\n<p><em>Bei Kontakt mit den Augen, diese gr\u00fcndlich aussp\u00fclen.<\/em><\/p>\n<p>Verantwortlicher Hersteller: L<em>oreal Professionnel,\u00a0 14, rue Royale 75008 Paris\u00b4<\/em><\/p>\n<\/div>\n<\/div>\n<\/div>\n<div class=\"summary__hazmat-gridview-section\">\n<div class=\"summary__regulatory--section hazmat-statements\">\n<div class=\"se-field se-expand-button se-filter-menu-button field se-field--fluid\">\n<div class=\"se-field--fluid\">\n<div><em>fragen@loreal-group. com<\/em><\/div>\n<div>\n<table width=\"165\">\n<tbody>\n<tr>\n<td width=\"165\"><\/td>\n<\/tr>\n<\/tbody>\n<\/table>\n<\/div>\n<\/div>\n<\/div>\n<\/div>\n<\/div>\n","protected":false},"featured_media":24446,"comment_status":"closed","ping_status":"closed","template":"","meta":{"_exactmetrics_skip_tracking":false,"_exactmetrics_sitenote_active":false,"_exactmetrics_sitenote_note":"","_exactmetrics_sitenote_category":0,"_monsterinsights_skip_tracking":false,"_monsterinsights_sitenote_active":false,"_monsterinsights_sitenote_note":"","_monsterinsights_sitenote_category":0},"pwb-brand":[],"product_brand":[],"product_cat":[491,544,548,988],"product_tag":[669,765],"class_list":{"0":"post-24445","1":"product","2":"type-product","3":"status-publish","4":"has-post-thumbnail","6":"product_cat-kerastase","7":"product_cat-kerastase-haarpflege","8":"product_cat-kerastase-shampoo","9":"product_cat-premiere","10":"product_tag-intensiv-haarpflege","11":"product_tag-intensive-vorhaarwaesche","13":"first","14":"instock","15":"taxable","16":"shipping-taxable","17":"purchasable","18":"product-type-simple"},"yoast_head":"<!-- This site is optimized with the Yoast SEO plugin v24.6 - https:\/\/yoast.com\/wordpress\/plugins\/seo\/ -->\n<title>\u00a0K\u00e9rastase Premi\u00e8re Concentr\u00e9 D\u00e9calcifiant Ultra-R\u00e9parateur\u00a0250 ml - Friseur Hopmann Hairstyling<\/title>\n<meta name=\"robots\" content=\"index, follow, max-snippet:-1, max-image-preview:large, max-video-preview:-1\" \/>\n<link rel=\"canonical\" href=\"https:\/\/www.friseur-hopmann.de\/?product=kerastase-premiere-concentre-decalcifiant-ultra-reparateur-250-ml\" \/>\n<meta property=\"og:locale\" content=\"de_DE\" \/>\n<meta property=\"og:type\" content=\"article\" \/>\n<meta property=\"og:title\" content=\"\u00a0K\u00e9rastase Premi\u00e8re Concentr\u00e9 D\u00e9calcifiant Ultra-R\u00e9parateur\u00a0250 ml - Friseur Hopmann Hairstyling\" \/>\n<meta property=\"og:description\" content=\"Die\u00a0K\u00e9rastase Premi\u00e8re Concentr\u00e9 D\u00e9calcifiant Ultra-R\u00e9parateur\u00a0reduziert \u00fcbersch\u00fcssiges Kalzium und repariert gesch\u00e4digtes Haar vor der Haarw\u00e4sche. Sie st\u00e4rkt die Haarkraft und macht das Haar widerstandsf\u00e4higer und sch\u00f6ner.  &nbsp;     Informationen zur Produktsicherheit (GPSR-Richtlinien)  Enth\u00e4lt Inhaltsstoffe, die Allergien ausl\u00f6sen k\u00f6nnen.  Bei Kontakt mit den Augen, diese gr\u00fcndlich aussp\u00fclen.  Verantwortlicher Hersteller: Loreal Professionnel,\u00a0 14, rue Royale 75008 Paris\u00b4         fragen@loreal-group. com\" \/>\n<meta property=\"og:url\" content=\"https:\/\/www.friseur-hopmann.de\/?product=kerastase-premiere-concentre-decalcifiant-ultra-reparateur-250-ml\" \/>\n<meta property=\"og:site_name\" content=\"Friseur Hopmann Hairstyling\" \/>\n<meta property=\"article:modified_time\" content=\"2025-05-25T12:44:55+00:00\" \/>\n<meta property=\"og:image\" content=\"http:\/\/www.friseur-hopmann.de\/wp-content\/uploads\/2024\/06\/Premiere-Concentre-Utra-Reperateur-250ml.webp\" \/>\n\t<meta property=\"og:image:width\" content=\"1000\" \/>\n\t<meta property=\"og:image:height\" content=\"1000\" \/>\n\t<meta property=\"og:image:type\" content=\"image\/webp\" \/>\n<meta name=\"twitter:card\" content=\"summary_large_image\" \/>\n<meta name=\"twitter:label1\" content=\"Gesch\u00e4tzte Lesezeit\" \/>\n\t<meta name=\"twitter:data1\" content=\"2\u00a0Minuten\" \/>\n<script type=\"application\/ld+json\" class=\"yoast-schema-graph\">{\"@context\":\"https:\/\/schema.org\",\"@graph\":[{\"@type\":\"WebPage\",\"@id\":\"https:\/\/www.friseur-hopmann.de\/?product=kerastase-premiere-concentre-decalcifiant-ultra-reparateur-250-ml\",\"url\":\"https:\/\/www.friseur-hopmann.de\/?product=kerastase-premiere-concentre-decalcifiant-ultra-reparateur-250-ml\",\"name\":\"\u00a0K\u00e9rastase Premi\u00e8re Concentr\u00e9 D\u00e9calcifiant Ultra-R\u00e9parateur\u00a0250 ml - Friseur Hopmann Hairstyling\",\"isPartOf\":{\"@id\":\"https:\/\/www.friseur-hopmann.de\/#website\"},\"primaryImageOfPage\":{\"@id\":\"https:\/\/www.friseur-hopmann.de\/?product=kerastase-premiere-concentre-decalcifiant-ultra-reparateur-250-ml#primaryimage\"},\"image\":{\"@id\":\"https:\/\/www.friseur-hopmann.de\/?product=kerastase-premiere-concentre-decalcifiant-ultra-reparateur-250-ml#primaryimage\"},\"thumbnailUrl\":\"https:\/\/www.friseur-hopmann.de\/wp-content\/uploads\/2024\/06\/Premiere-Concentre-Utra-Reperateur-250ml.webp\",\"datePublished\":\"2024-06-10T13:01:47+00:00\",\"dateModified\":\"2025-05-25T12:44:55+00:00\",\"breadcrumb\":{\"@id\":\"https:\/\/www.friseur-hopmann.de\/?product=kerastase-premiere-concentre-decalcifiant-ultra-reparateur-250-ml#breadcrumb\"},\"inLanguage\":\"de\",\"potentialAction\":[{\"@type\":\"ReadAction\",\"target\":[\"https:\/\/www.friseur-hopmann.de\/?product=kerastase-premiere-concentre-decalcifiant-ultra-reparateur-250-ml\"]}]},{\"@type\":\"ImageObject\",\"inLanguage\":\"de\",\"@id\":\"https:\/\/www.friseur-hopmann.de\/?product=kerastase-premiere-concentre-decalcifiant-ultra-reparateur-250-ml#primaryimage\",\"url\":\"https:\/\/www.friseur-hopmann.de\/wp-content\/uploads\/2024\/06\/Premiere-Concentre-Utra-Reperateur-250ml.webp\",\"contentUrl\":\"https:\/\/www.friseur-hopmann.de\/wp-content\/uploads\/2024\/06\/Premiere-Concentre-Utra-Reperateur-250ml.webp\",\"width\":1000,\"height\":1000},{\"@type\":\"BreadcrumbList\",\"@id\":\"https:\/\/www.friseur-hopmann.de\/?product=kerastase-premiere-concentre-decalcifiant-ultra-reparateur-250-ml#breadcrumb\",\"itemListElement\":[{\"@type\":\"ListItem\",\"position\":1,\"name\":\"Startseite\",\"item\":\"https:\/\/www.friseur-hopmann.de\/\"},{\"@type\":\"ListItem\",\"position\":2,\"name\":\"Produkte\",\"item\":\"https:\/\/www.friseur-hopmann.de\/?post_type=product\"},{\"@type\":\"ListItem\",\"position\":3,\"name\":\"\u00a0K\u00e9rastase Premi\u00e8re Concentr\u00e9 D\u00e9calcifiant Ultra-R\u00e9parateur\u00a0250 ml\"}]},{\"@type\":\"WebSite\",\"@id\":\"https:\/\/www.friseur-hopmann.de\/#website\",\"url\":\"https:\/\/www.friseur-hopmann.de\/\",\"name\":\"Friseur Hopmann Hairstyling\",\"description\":\"Ihr Friseur in Nordhorn\",\"potentialAction\":[{\"@type\":\"SearchAction\",\"target\":{\"@type\":\"EntryPoint\",\"urlTemplate\":\"https:\/\/www.friseur-hopmann.de\/?s={search_term_string}\"},\"query-input\":{\"@type\":\"PropertyValueSpecification\",\"valueRequired\":true,\"valueName\":\"search_term_string\"}}],\"inLanguage\":\"de\"}]}<\/script>\n<!-- \/ Yoast SEO plugin. -->","yoast_head_json":{"title":"\u00a0K\u00e9rastase Premi\u00e8re Concentr\u00e9 D\u00e9calcifiant Ultra-R\u00e9parateur\u00a0250 ml - Friseur Hopmann Hairstyling","robots":{"index":"index","follow":"follow","max-snippet":"max-snippet:-1","max-image-preview":"max-image-preview:large","max-video-preview":"max-video-preview:-1"},"canonical":"https:\/\/www.friseur-hopmann.de\/?product=kerastase-premiere-concentre-decalcifiant-ultra-reparateur-250-ml","og_locale":"de_DE","og_type":"article","og_title":"\u00a0K\u00e9rastase Premi\u00e8re Concentr\u00e9 D\u00e9calcifiant Ultra-R\u00e9parateur\u00a0250 ml - Friseur Hopmann Hairstyling","og_description":"Die\u00a0K\u00e9rastase Premi\u00e8re Concentr\u00e9 D\u00e9calcifiant Ultra-R\u00e9parateur\u00a0reduziert \u00fcbersch\u00fcssiges Kalzium und repariert gesch\u00e4digtes Haar vor der Haarw\u00e4sche. Sie st\u00e4rkt die Haarkraft und macht das Haar widerstandsf\u00e4higer und sch\u00f6ner.  &nbsp;     Informationen zur Produktsicherheit (GPSR-Richtlinien)  Enth\u00e4lt Inhaltsstoffe, die Allergien ausl\u00f6sen k\u00f6nnen.  Bei Kontakt mit den Augen, diese gr\u00fcndlich aussp\u00fclen.  Verantwortlicher Hersteller: Loreal Professionnel,\u00a0 14, rue Royale 75008 Paris\u00b4         fragen@loreal-group. com","og_url":"https:\/\/www.friseur-hopmann.de\/?product=kerastase-premiere-concentre-decalcifiant-ultra-reparateur-250-ml","og_site_name":"Friseur Hopmann Hairstyling","article_modified_time":"2025-05-25T12:44:55+00:00","og_image":[{"width":1000,"height":1000,"url":"http:\/\/www.friseur-hopmann.de\/wp-content\/uploads\/2024\/06\/Premiere-Concentre-Utra-Reperateur-250ml.webp","type":"image\/webp"}],"twitter_card":"summary_large_image","twitter_misc":{"Gesch\u00e4tzte Lesezeit":"2\u00a0Minuten"},"schema":{"@context":"https:\/\/schema.org","@graph":[{"@type":"WebPage","@id":"https:\/\/www.friseur-hopmann.de\/?product=kerastase-premiere-concentre-decalcifiant-ultra-reparateur-250-ml","url":"https:\/\/www.friseur-hopmann.de\/?product=kerastase-premiere-concentre-decalcifiant-ultra-reparateur-250-ml","name":"\u00a0K\u00e9rastase Premi\u00e8re Concentr\u00e9 D\u00e9calcifiant Ultra-R\u00e9parateur\u00a0250 ml - Friseur Hopmann Hairstyling","isPartOf":{"@id":"https:\/\/www.friseur-hopmann.de\/#website"},"primaryImageOfPage":{"@id":"https:\/\/www.friseur-hopmann.de\/?product=kerastase-premiere-concentre-decalcifiant-ultra-reparateur-250-ml#primaryimage"},"image":{"@id":"https:\/\/www.friseur-hopmann.de\/?product=kerastase-premiere-concentre-decalcifiant-ultra-reparateur-250-ml#primaryimage"},"thumbnailUrl":"https:\/\/www.friseur-hopmann.de\/wp-content\/uploads\/2024\/06\/Premiere-Concentre-Utra-Reperateur-250ml.webp","datePublished":"2024-06-10T13:01:47+00:00","dateModified":"2025-05-25T12:44:55+00:00","breadcrumb":{"@id":"https:\/\/www.friseur-hopmann.de\/?product=kerastase-premiere-concentre-decalcifiant-ultra-reparateur-250-ml#breadcrumb"},"inLanguage":"de","potentialAction":[{"@type":"ReadAction","target":["https:\/\/www.friseur-hopmann.de\/?product=kerastase-premiere-concentre-decalcifiant-ultra-reparateur-250-ml"]}]},{"@type":"ImageObject","inLanguage":"de","@id":"https:\/\/www.friseur-hopmann.de\/?product=kerastase-premiere-concentre-decalcifiant-ultra-reparateur-250-ml#primaryimage","url":"https:\/\/www.friseur-hopmann.de\/wp-content\/uploads\/2024\/06\/Premiere-Concentre-Utra-Reperateur-250ml.webp","contentUrl":"https:\/\/www.friseur-hopmann.de\/wp-content\/uploads\/2024\/06\/Premiere-Concentre-Utra-Reperateur-250ml.webp","width":1000,"height":1000},{"@type":"BreadcrumbList","@id":"https:\/\/www.friseur-hopmann.de\/?product=kerastase-premiere-concentre-decalcifiant-ultra-reparateur-250-ml#breadcrumb","itemListElement":[{"@type":"ListItem","position":1,"name":"Startseite","item":"https:\/\/www.friseur-hopmann.de\/"},{"@type":"ListItem","position":2,"name":"Produkte","item":"https:\/\/www.friseur-hopmann.de\/?post_type=product"},{"@type":"ListItem","position":3,"name":"\u00a0K\u00e9rastase Premi\u00e8re Concentr\u00e9 D\u00e9calcifiant Ultra-R\u00e9parateur\u00a0250 ml"}]},{"@type":"WebSite","@id":"https:\/\/www.friseur-hopmann.de\/#website","url":"https:\/\/www.friseur-hopmann.de\/","name":"Friseur Hopmann Hairstyling","description":"Ihr Friseur in Nordhorn","potentialAction":[{"@type":"SearchAction","target":{"@type":"EntryPoint","urlTemplate":"https:\/\/www.friseur-hopmann.de\/?s={search_term_string}"},"query-input":{"@type":"PropertyValueSpecification","valueRequired":true,"valueName":"search_term_string"}}],"inLanguage":"de"}]}},"brands":[],"_links":{"self":[{"href":"https:\/\/www.friseur-hopmann.de\/index.php?rest_route=\/wp\/v2\/product\/24445","targetHints":{"allow":["GET"]}}],"collection":[{"href":"https:\/\/www.friseur-hopmann.de\/index.php?rest_route=\/wp\/v2\/product"}],"about":[{"href":"https:\/\/www.friseur-hopmann.de\/index.php?rest_route=\/wp\/v2\/types\/product"}],"replies":[{"embeddable":true,"href":"https:\/\/www.friseur-hopmann.de\/index.php?rest_route=%2Fwp%2Fv2%2Fcomments&post=24445"}],"wp:featuredmedia":[{"embeddable":true,"href":"https:\/\/www.friseur-hopmann.de\/index.php?rest_route=\/wp\/v2\/media\/24446"}],"wp:attachment":[{"href":"https:\/\/www.friseur-hopmann.de\/index.php?rest_route=%2Fwp%2Fv2%2Fmedia&parent=24445"}],"wp:term":[{"taxonomy":"pwb-brand","embeddable":true,"href":"https:\/\/www.friseur-hopmann.de\/index.php?rest_route=%2Fwp%2Fv2%2Fpwb-brand&post=24445"},{"taxonomy":"product_brand","embeddable":true,"href":"https:\/\/www.friseur-hopmann.de\/index.php?rest_route=%2Fwp%2Fv2%2Fproduct_brand&post=24445"},{"taxonomy":"product_cat","embeddable":true,"href":"https:\/\/www.friseur-hopmann.de\/index.php?rest_route=%2Fwp%2Fv2%2Fproduct_cat&post=24445"},{"taxonomy":"product_tag","embeddable":true,"href":"https:\/\/www.friseur-hopmann.de\/index.php?rest_route=%2Fwp%2Fv2%2Fproduct_tag&post=24445"}],"curies":[{"name":"wp","href":"https:\/\/api.w.org\/{rel}","templated":true}]}}