{"id":24312,"date":"2024-05-20T15:09:07","date_gmt":"2024-05-20T13:09:07","guid":{"rendered":"https:\/\/www.friseur-hopmann.de\/?post_type=product&#038;p=24312"},"modified":"2025-02-09T12:23:10","modified_gmt":"2025-02-09T10:23:10","slug":"redken-acidic-color-gloss-conditioner-500-ml","status":"publish","type":"product","link":"https:\/\/www.friseur-hopmann.de\/?product=redken-acidic-color-gloss-conditioner-500-ml","title":{"rendered":"Redken Acidic Color Gloss Conditioner 500 ml"},"content":{"rendered":"<div id=\"tab-label-description\" class=\"data item title\" data-role=\"collapsible\"><span style=\"font-family: Arial; font-size: large;\"><span id=\"tab-label-description-title\" class=\"data switch\" tabindex=\"-1\" data-toggle=\"trigger\"><strong class=\"colon\">Beschreibung<\/strong> Redken Acidic Color Gloss Conditioner 500 ml<\/span><\/span><\/div>\n<div id=\"description\" class=\"data item content \" aria-labelledby=\"tab-label-description-title\" data-role=\"content\"><\/div>\n<div id=\"description\" class=\"data item content \" aria-labelledby=\"tab-label-description-title\" data-role=\"content\">\n<div class=\"data item main\">\n<div class=\"product attribute description\">\n<div class=\"value\">\n<div data-content-type=\"row\" data-appearance=\"contained\" data-element=\"main\">\n<div data-enable-parallax=\"0\" data-parallax-speed=\"0.5\" data-background-images=\"{}\" data-background-type=\"image\" data-video-loop=\"true\" data-video-play-only-visible=\"true\" data-video-lazy-load=\"true\" data-video-fallback-src=\"\" data-element=\"inner\" data-pb-style=\"SDFFG5N\">\n<div data-content-type=\"text\" data-appearance=\"default\" data-element=\"main\">\n<p><span style=\"font-family: Arial; font-size: large;\">Der\u00a0<strong>Redken Acidic Color Gloss Conditioner<\/strong>\u00a0sch\u00fctzt vor Farbverlust zwischen den Colorationen und verleiht langanhaltende Farbbrillanz f\u00fcr bis zu 32 Haarw\u00e4schen. Die mit einem Glanzkomplex angereicherte, pH-ausgleichende Formel schlie\u00dft die Schuppenschicht des Haares, bringt das Haar nach Colorationen wieder ins Gleichgewicht und versiegelt den Glanz auf molekularer Ebene. F\u00fcr gesund aussehendes Haar mit Glanz wie nie zuvor!<\/span><\/p>\n<h2><span style=\"font-family: Arial; font-size: large;\">Eigenschaften des Redken Acidic Color Gloss Conditioner<\/span><\/h2>\n<ul>\n<li><span style=\"font-family: Arial; font-size: large;\">Sch\u00fctzt vor Farbverlust zwischen den Colorationen<\/span><\/li>\n<li><span style=\"font-family: Arial; font-size: large;\">langanhaltende Farbbrillanz f\u00fcr bis zu 32 Haarw\u00e4schen<\/span><\/li>\n<li><span style=\"font-family: Arial; font-size: large;\">pH-ausgleichende Formel schlie\u00dft die Schuppenschicht<\/span><\/li>\n<li><span style=\"font-family: Arial; font-size: large;\">Versiegelt den Glanz<\/span><\/li>\n<li><span style=\"font-family: Arial; font-size: large;\">Ultra gepflegte Haare<\/span><\/li>\n<\/ul>\n<h2><span style=\"font-family: Arial; font-size: large;\">Anwendung des Redken Acidic Color Gloss Conditioner<\/span><\/h2>\n<p><span style=\"font-family: Arial; font-size: large;\">Nach dem Haarewaschen den\u00a0<strong>Redken Acidic Color Gloss Conditioner\u00a0<\/strong>aufs nasse, gereinigte Haar von den mittleren L\u00e4ngen bis in die Spitzen verteilen. Aussp\u00fclen. Anschlie\u00dfend mit dem Acidic Color Gloss Leave-In Spray fortfahren.<\/span><\/p>\n<h3><span style=\"font-family: Arial; font-size: large;\">\u00dcber Redken Acidic Color Gloss<\/span><\/h3>\n<p><span style=\"font-family: Arial; font-size: large;\">Eine revolution\u00e4re, vom Friseursalon inspirierte Glanzserie f\u00fcr langanhaltende Farbbrillanz und einzigartigen Glanz.<\/span><\/p>\n<p><span style=\"font-family: Arial; font-size: large;\">Die saure pH Formel mit Aminos\u00e4uren + Vitamin E schlie\u00dft die Schuppenschicht und versiegelt Glanz, um das farblich behandelte Haar vor dem Verblassen und Mattieren durch Wasser und Hitze zu sch\u00fctzen. Entfache deinen inneren Glanz.<\/span><\/p>\n<\/div>\n<\/div>\n<\/div>\n<\/div>\n<\/div>\n<\/div>\n<\/div>\n<div id=\"tab-label-additional\" class=\"data item title\" data-role=\"collapsible\"><span style=\"font-family: Arial; font-size: large;\"><span id=\"tab-label-additional-title\" class=\"data switch\" tabindex=\"-1\" data-toggle=\"trigger\"><strong class=\"colon\">Eigenschaften<\/strong> Redken Acidic Color Gloss Conditioner 500 ml<\/span><\/span><\/div>\n<div id=\"additional\" class=\"data item content \" aria-labelledby=\"tab-label-additional-title\" data-role=\"content\"><\/div>\n<table id=\"product-attribute-specs-table\" class=\"data table additional-attributes\">\n<caption class=\"table-caption\">Mehr Informationen<\/caption>\n<tbody>\n<tr>\n<th class=\"col label\" scope=\"row\"><\/th>\n<td class=\"col data\" data-th=\"Menge\"><\/td>\n<\/tr>\n<tr>\n<th class=\"col label\" scope=\"row\"><\/th>\n<td class=\"col data\" data-th=\"Marke\"><\/td>\n<\/tr>\n<tr>\n<th class=\"col label\" scope=\"row\"><\/th>\n<td class=\"col data\" data-th=\"Produkttyp\"><\/td>\n<\/tr>\n<tr>\n<th class=\"col label\" scope=\"row\"><\/th>\n<td class=\"col data\" data-th=\"Haartyp\"><\/td>\n<\/tr>\n<tr>\n<th class=\"col label\" scope=\"row\"><\/th>\n<td class=\"col data\" data-th=\"Wirkung\"><strong>Inhaltsstoffe:<\/strong><\/td>\n<\/tr>\n<tr>\n<th class=\"col label\" scope=\"row\">Inhaltsstoffe<\/th>\n<td class=\"col data\" data-th=\"Inhaltsstoffe\">Value1: AQUA \/ WATER \u2022 CETEARYL ALCOHOL \u2022 PROPYLENE GLYCOL \u2022 BEHENTRIMONIUM CHLORIDE \u2022 GLYCERIN \u2022 CETYL ESTERS \u2022 DIMETHICONE \u2022 PEG\/PPG-4\/12 DIMETHICONE \u2022 AMODIMETHICONE \u2022 PARFUM \/ FRAGRANCE \u2022 ISOPROPYL ALCOHOL \u2022 DICETYLDIMONIUM CHLORIDE \u2022 CITRIC ACID \u2022 PHENOXYETHANOL \u2022 ISOPROPYL MYRISTATE \u2022 HYDROXYPROPYL GUAR \u2022 LIMONENE \u2022 TRIDECETH-10 \u2022 COCO-BETAINE \u2022 LINALOOL \u2022 BENZYL SALICYLATE \u2022 CETRIMONIUM CHLORIDE \u2022 BENZYL ALCOHOL \u2022 PEG-100 STEARATE \u2022 ALPHA-ISOMETHYL IONONE \u2022 STEARETH-6 \u2022 SODIUM CHLORIDE \u2022 GLYCINE SOJA OIL \/ SOYBEAN OIL \u2022 ARGININE \u2022 SERINE \u2022 TOCOPHEROL \u2022 GLUTAMIC ACID \u2022 TRIDECETH-3 \u2022 ACETIC ACID \u2022 TRISODIUM HEDTA \u2022 PENTAERYTHRITYL TETRA-DI-T-BUTYL HYDROXYHYDROCINNAMATE<\/td>\n<\/tr>\n<tr>\n<th class=\"col label\" scope=\"row\">Kopfhaut<\/th>\n<td class=\"col data\" data-th=\"Kopfhaut\">normal<\/td>\n<\/tr>\n<tr>\n<th class=\"col label\" scope=\"row\">Besonderheit<\/th>\n<td class=\"col data\" data-th=\"Besonderheit\">Vegan<\/td>\n<\/tr>\n<tr>\n<th class=\"col label\" scope=\"row\">Duftnote<\/th>\n<td class=\"col data\" data-th=\"Duftnote\">Frisch<\/td>\n<\/tr>\n<tr>\n<th class=\"col label\" scope=\"row\"><\/th>\n<td class=\"col data\" data-th=\"EAN\">3474637198329<\/td>\n<\/tr>\n<\/tbody>\n<\/table>\n","protected":false},"excerpt":{"rendered":"<p><span style=\"font-family: Arial; font-size: large;\">Der\u00a0<strong>Redken Acidic Color Gloss Conditioner<\/strong>\u00a0sch\u00fctzt vor Farbverlust zwischen den Colorationen und verleiht langanhaltende Farbbrillanz f\u00fcr bis zu 32 Haarw\u00e4schen. Die mit einem Glanzkomplex angereicherte, pH-ausgleichende Formel schlie\u00dft die Schuppenschicht des Haares, bringt das Haar nach Colorationen wieder ins Gleichgewicht und versiegelt den Glanz auf molekularer Ebene. F\u00fcr gesund aussehendes Haar mit Glanz wie nie zuvor!<\/span><\/p>\n","protected":false},"featured_media":24314,"comment_status":"closed","ping_status":"closed","template":"","meta":{"_exactmetrics_skip_tracking":false,"_exactmetrics_sitenote_active":false,"_exactmetrics_sitenote_note":"","_exactmetrics_sitenote_category":0,"_monsterinsights_skip_tracking":false,"_monsterinsights_sitenote_active":false,"_monsterinsights_sitenote_note":"","_monsterinsights_sitenote_category":0},"pwb-brand":[],"product_brand":[],"product_cat":[527,500,552,927,986,703],"product_tag":[695,700,773],"class_list":{"0":"post-24312","1":"product","2":"type-product","3":"status-publish","4":"has-post-thumbnail","6":"product_cat-color-extend","7":"product_cat-redken","8":"product_cat-redken-conditioner","9":"product_cat-500ml","10":"product_cat-acidic-color-gloss","11":"product_cat-sale","12":"product_tag-conditioner","13":"product_tag-farbpflege","14":"product_tag-farbschutz","16":"first","17":"instock","18":"sale","19":"taxable","20":"shipping-taxable","21":"purchasable","22":"product-type-simple"},"yoast_head":"<!-- This site is optimized with the Yoast SEO plugin v24.6 - https:\/\/yoast.com\/wordpress\/plugins\/seo\/ -->\n<title>Redken Acidic Color Gloss Conditioner 500 ml - Friseur Hopmann Hairstyling<\/title>\n<meta name=\"robots\" content=\"index, follow, max-snippet:-1, max-image-preview:large, max-video-preview:-1\" \/>\n<link rel=\"canonical\" href=\"https:\/\/www.friseur-hopmann.de\/?product=redken-acidic-color-gloss-conditioner-500-ml\" \/>\n<meta property=\"og:locale\" content=\"de_DE\" \/>\n<meta property=\"og:type\" content=\"article\" \/>\n<meta property=\"og:title\" content=\"Redken Acidic Color Gloss Conditioner 500 ml - Friseur Hopmann Hairstyling\" \/>\n<meta property=\"og:description\" content=\"Der\u00a0Redken Acidic Color Gloss Conditioner\u00a0sch\u00fctzt vor Farbverlust zwischen den Colorationen und verleiht langanhaltende Farbbrillanz f\u00fcr bis zu 32 Haarw\u00e4schen. Die mit einem Glanzkomplex angereicherte, pH-ausgleichende Formel schlie\u00dft die Schuppenschicht des Haares, bringt das Haar nach Colorationen wieder ins Gleichgewicht und versiegelt den Glanz auf molekularer Ebene. F\u00fcr gesund aussehendes Haar mit Glanz wie nie zuvor!\" \/>\n<meta property=\"og:url\" content=\"https:\/\/www.friseur-hopmann.de\/?product=redken-acidic-color-gloss-conditioner-500-ml\" \/>\n<meta property=\"og:site_name\" content=\"Friseur Hopmann Hairstyling\" \/>\n<meta property=\"article:modified_time\" content=\"2025-02-09T10:23:10+00:00\" \/>\n<meta property=\"og:image\" content=\"http:\/\/www.friseur-hopmann.de\/wp-content\/uploads\/2024\/05\/Acidic-color-gloss-cond.-500-ml.webp\" \/>\n\t<meta property=\"og:image:width\" content=\"1000\" \/>\n\t<meta property=\"og:image:height\" content=\"1000\" \/>\n\t<meta property=\"og:image:type\" content=\"image\/webp\" \/>\n<meta name=\"twitter:card\" content=\"summary_large_image\" \/>\n<meta name=\"twitter:label1\" content=\"Gesch\u00e4tzte Lesezeit\" \/>\n\t<meta name=\"twitter:data1\" content=\"2\u00a0Minuten\" \/>\n<script type=\"application\/ld+json\" class=\"yoast-schema-graph\">{\"@context\":\"https:\/\/schema.org\",\"@graph\":[{\"@type\":\"WebPage\",\"@id\":\"https:\/\/www.friseur-hopmann.de\/?product=redken-acidic-color-gloss-conditioner-500-ml\",\"url\":\"https:\/\/www.friseur-hopmann.de\/?product=redken-acidic-color-gloss-conditioner-500-ml\",\"name\":\"Redken Acidic Color Gloss Conditioner 500 ml - Friseur Hopmann Hairstyling\",\"isPartOf\":{\"@id\":\"https:\/\/www.friseur-hopmann.de\/#website\"},\"primaryImageOfPage\":{\"@id\":\"https:\/\/www.friseur-hopmann.de\/?product=redken-acidic-color-gloss-conditioner-500-ml#primaryimage\"},\"image\":{\"@id\":\"https:\/\/www.friseur-hopmann.de\/?product=redken-acidic-color-gloss-conditioner-500-ml#primaryimage\"},\"thumbnailUrl\":\"https:\/\/www.friseur-hopmann.de\/wp-content\/uploads\/2024\/05\/Acidic-color-gloss-cond.-500-ml.webp\",\"datePublished\":\"2024-05-20T13:09:07+00:00\",\"dateModified\":\"2025-02-09T10:23:10+00:00\",\"breadcrumb\":{\"@id\":\"https:\/\/www.friseur-hopmann.de\/?product=redken-acidic-color-gloss-conditioner-500-ml#breadcrumb\"},\"inLanguage\":\"de\",\"potentialAction\":[{\"@type\":\"ReadAction\",\"target\":[\"https:\/\/www.friseur-hopmann.de\/?product=redken-acidic-color-gloss-conditioner-500-ml\"]}]},{\"@type\":\"ImageObject\",\"inLanguage\":\"de\",\"@id\":\"https:\/\/www.friseur-hopmann.de\/?product=redken-acidic-color-gloss-conditioner-500-ml#primaryimage\",\"url\":\"https:\/\/www.friseur-hopmann.de\/wp-content\/uploads\/2024\/05\/Acidic-color-gloss-cond.-500-ml.webp\",\"contentUrl\":\"https:\/\/www.friseur-hopmann.de\/wp-content\/uploads\/2024\/05\/Acidic-color-gloss-cond.-500-ml.webp\",\"width\":1000,\"height\":1000},{\"@type\":\"BreadcrumbList\",\"@id\":\"https:\/\/www.friseur-hopmann.de\/?product=redken-acidic-color-gloss-conditioner-500-ml#breadcrumb\",\"itemListElement\":[{\"@type\":\"ListItem\",\"position\":1,\"name\":\"Startseite\",\"item\":\"https:\/\/www.friseur-hopmann.de\/\"},{\"@type\":\"ListItem\",\"position\":2,\"name\":\"Produkte\",\"item\":\"https:\/\/www.friseur-hopmann.de\/?post_type=product\"},{\"@type\":\"ListItem\",\"position\":3,\"name\":\"Redken Acidic Color Gloss Conditioner 500 ml\"}]},{\"@type\":\"WebSite\",\"@id\":\"https:\/\/www.friseur-hopmann.de\/#website\",\"url\":\"https:\/\/www.friseur-hopmann.de\/\",\"name\":\"Friseur Hopmann Hairstyling\",\"description\":\"Ihr Friseur in Nordhorn\",\"potentialAction\":[{\"@type\":\"SearchAction\",\"target\":{\"@type\":\"EntryPoint\",\"urlTemplate\":\"https:\/\/www.friseur-hopmann.de\/?s={search_term_string}\"},\"query-input\":{\"@type\":\"PropertyValueSpecification\",\"valueRequired\":true,\"valueName\":\"search_term_string\"}}],\"inLanguage\":\"de\"}]}<\/script>\n<!-- \/ Yoast SEO plugin. -->","yoast_head_json":{"title":"Redken Acidic Color Gloss Conditioner 500 ml - Friseur Hopmann Hairstyling","robots":{"index":"index","follow":"follow","max-snippet":"max-snippet:-1","max-image-preview":"max-image-preview:large","max-video-preview":"max-video-preview:-1"},"canonical":"https:\/\/www.friseur-hopmann.de\/?product=redken-acidic-color-gloss-conditioner-500-ml","og_locale":"de_DE","og_type":"article","og_title":"Redken Acidic Color Gloss Conditioner 500 ml - Friseur Hopmann Hairstyling","og_description":"Der\u00a0Redken Acidic Color Gloss Conditioner\u00a0sch\u00fctzt vor Farbverlust zwischen den Colorationen und verleiht langanhaltende Farbbrillanz f\u00fcr bis zu 32 Haarw\u00e4schen. Die mit einem Glanzkomplex angereicherte, pH-ausgleichende Formel schlie\u00dft die Schuppenschicht des Haares, bringt das Haar nach Colorationen wieder ins Gleichgewicht und versiegelt den Glanz auf molekularer Ebene. F\u00fcr gesund aussehendes Haar mit Glanz wie nie zuvor!","og_url":"https:\/\/www.friseur-hopmann.de\/?product=redken-acidic-color-gloss-conditioner-500-ml","og_site_name":"Friseur Hopmann Hairstyling","article_modified_time":"2025-02-09T10:23:10+00:00","og_image":[{"width":1000,"height":1000,"url":"http:\/\/www.friseur-hopmann.de\/wp-content\/uploads\/2024\/05\/Acidic-color-gloss-cond.-500-ml.webp","type":"image\/webp"}],"twitter_card":"summary_large_image","twitter_misc":{"Gesch\u00e4tzte Lesezeit":"2\u00a0Minuten"},"schema":{"@context":"https:\/\/schema.org","@graph":[{"@type":"WebPage","@id":"https:\/\/www.friseur-hopmann.de\/?product=redken-acidic-color-gloss-conditioner-500-ml","url":"https:\/\/www.friseur-hopmann.de\/?product=redken-acidic-color-gloss-conditioner-500-ml","name":"Redken Acidic Color Gloss Conditioner 500 ml - Friseur Hopmann Hairstyling","isPartOf":{"@id":"https:\/\/www.friseur-hopmann.de\/#website"},"primaryImageOfPage":{"@id":"https:\/\/www.friseur-hopmann.de\/?product=redken-acidic-color-gloss-conditioner-500-ml#primaryimage"},"image":{"@id":"https:\/\/www.friseur-hopmann.de\/?product=redken-acidic-color-gloss-conditioner-500-ml#primaryimage"},"thumbnailUrl":"https:\/\/www.friseur-hopmann.de\/wp-content\/uploads\/2024\/05\/Acidic-color-gloss-cond.-500-ml.webp","datePublished":"2024-05-20T13:09:07+00:00","dateModified":"2025-02-09T10:23:10+00:00","breadcrumb":{"@id":"https:\/\/www.friseur-hopmann.de\/?product=redken-acidic-color-gloss-conditioner-500-ml#breadcrumb"},"inLanguage":"de","potentialAction":[{"@type":"ReadAction","target":["https:\/\/www.friseur-hopmann.de\/?product=redken-acidic-color-gloss-conditioner-500-ml"]}]},{"@type":"ImageObject","inLanguage":"de","@id":"https:\/\/www.friseur-hopmann.de\/?product=redken-acidic-color-gloss-conditioner-500-ml#primaryimage","url":"https:\/\/www.friseur-hopmann.de\/wp-content\/uploads\/2024\/05\/Acidic-color-gloss-cond.-500-ml.webp","contentUrl":"https:\/\/www.friseur-hopmann.de\/wp-content\/uploads\/2024\/05\/Acidic-color-gloss-cond.-500-ml.webp","width":1000,"height":1000},{"@type":"BreadcrumbList","@id":"https:\/\/www.friseur-hopmann.de\/?product=redken-acidic-color-gloss-conditioner-500-ml#breadcrumb","itemListElement":[{"@type":"ListItem","position":1,"name":"Startseite","item":"https:\/\/www.friseur-hopmann.de\/"},{"@type":"ListItem","position":2,"name":"Produkte","item":"https:\/\/www.friseur-hopmann.de\/?post_type=product"},{"@type":"ListItem","position":3,"name":"Redken Acidic Color Gloss Conditioner 500 ml"}]},{"@type":"WebSite","@id":"https:\/\/www.friseur-hopmann.de\/#website","url":"https:\/\/www.friseur-hopmann.de\/","name":"Friseur Hopmann Hairstyling","description":"Ihr Friseur in Nordhorn","potentialAction":[{"@type":"SearchAction","target":{"@type":"EntryPoint","urlTemplate":"https:\/\/www.friseur-hopmann.de\/?s={search_term_string}"},"query-input":{"@type":"PropertyValueSpecification","valueRequired":true,"valueName":"search_term_string"}}],"inLanguage":"de"}]}},"brands":[],"_links":{"self":[{"href":"https:\/\/www.friseur-hopmann.de\/index.php?rest_route=\/wp\/v2\/product\/24312","targetHints":{"allow":["GET"]}}],"collection":[{"href":"https:\/\/www.friseur-hopmann.de\/index.php?rest_route=\/wp\/v2\/product"}],"about":[{"href":"https:\/\/www.friseur-hopmann.de\/index.php?rest_route=\/wp\/v2\/types\/product"}],"replies":[{"embeddable":true,"href":"https:\/\/www.friseur-hopmann.de\/index.php?rest_route=%2Fwp%2Fv2%2Fcomments&post=24312"}],"wp:featuredmedia":[{"embeddable":true,"href":"https:\/\/www.friseur-hopmann.de\/index.php?rest_route=\/wp\/v2\/media\/24314"}],"wp:attachment":[{"href":"https:\/\/www.friseur-hopmann.de\/index.php?rest_route=%2Fwp%2Fv2%2Fmedia&parent=24312"}],"wp:term":[{"taxonomy":"pwb-brand","embeddable":true,"href":"https:\/\/www.friseur-hopmann.de\/index.php?rest_route=%2Fwp%2Fv2%2Fpwb-brand&post=24312"},{"taxonomy":"product_brand","embeddable":true,"href":"https:\/\/www.friseur-hopmann.de\/index.php?rest_route=%2Fwp%2Fv2%2Fproduct_brand&post=24312"},{"taxonomy":"product_cat","embeddable":true,"href":"https:\/\/www.friseur-hopmann.de\/index.php?rest_route=%2Fwp%2Fv2%2Fproduct_cat&post=24312"},{"taxonomy":"product_tag","embeddable":true,"href":"https:\/\/www.friseur-hopmann.de\/index.php?rest_route=%2Fwp%2Fv2%2Fproduct_tag&post=24312"}],"curies":[{"name":"wp","href":"https:\/\/api.w.org\/{rel}","templated":true}]}}